{"id":125214,"date":"2018-11-27T05:54:10","date_gmt":"2018-11-27T04:54:10","guid":{"rendered":"https:\/\/dutchhealthstore.com\/product\/vintage-vetiver-essential-oil\/"},"modified":"2023-04-30T16:34:28","modified_gmt":"2023-04-30T16:34:28","slug":"vintage-vetiver-essential-oil","status":"publish","type":"product","link":"https:\/\/dutchhealthstore.com\/de\/product\/vintage-vetiver-essential-oil\/","title":{"rendered":"Vetiver, Vintage Essential Oil"},"content":{"rendered":"<p dir=\"ltr\"><strong><img decoding=\"async\" class=\"alignright size-full wp-image-37041\" src=\"https:\/\/dutchhealthstore.com\/wp-content\/uploads\/2018\/04\/Living_Libations-1.png\" alt=\"Organic &amp; Natural Beautyproducts - Living Libations\" width=\"175\" height=\"82\"><\/strong><\/p>\n<p><strong>Botanischer Name:<\/strong> Chrysopogon zizanioides<br \/>\n<strong>Botanische Familie:<\/strong> Poaceae<br \/>\n<strong>Extraktionsverfahren:<\/strong> Dampfdestilliert<br \/>\n<strong>Teil der Pflanze Destilliert:<\/strong> Wurzel<br \/>\n<strong>Herkunftsland:<\/strong> Indonesien<br \/>\n<strong>Anbaumethode:<\/strong> Bio, Spezialreserve<br \/>\n<strong>Zusammensetzung:<\/strong> 100% Chrysopogon zizanioides<br \/>\n<strong>Konsistenz:<\/strong> Dickfl\u00fcssig<\/p>\n<h3>Beschreibung des Duftes<\/h3>\n<p>Tiefe warme Erde mit moschusartigen, wurzeligen Noten von Holz, gr\u00fcnem Gras und krautigem Humus.<\/p>\n<h3>Gut mischbar mit<\/h3>\n<p>Spikenard, Patchouli, Rose, Jasmin, Grapefruit, Ravensara, Bergamotte, Weihrauch, Palo Santo, Douglasie, Schwarzfichte, Kiefer, Oregano, Inula, Mastix, Zypresse und Wacholder.<\/p>\n<a href=\"https:\/\/dutchhealthstore.com\/wp-content\/uploads\/2018\/11\/ANALYSIS-Vetiver-Vintage-Essential-Oil-Living-Libations.pdf\" class=\"button primary is-primary is-small\"  >\n\t\t<span>ANALYSE DER \u00c4THERISCHEN \u00d6LE &gt;<\/span>\n\t<\/a>\n\n<h3>Verwendet<\/h3>\n<p>Diffundiert zur Stabilisierung, Erdung und Beruhigung. In Hautseren wirkt es revitalisierend, auff\u00fcllend und feuchtigkeitsspendend. Es ist eine wunderbare Erg\u00e4nzung zu einem Allzweck-Serum, das die Haut reinigt und mit Feuchtigkeit versorgt. Eine hartn\u00e4ckige Basisnote, die f\u00fcr erdige Parfums, fesselnde K\u00f6lnisch Wasser und elegante Deodorants unerl\u00e4sslich ist. Dieser alte Vetiver ist ein Sammlerst\u00fcck f\u00fcr Kenner und Parf\u00fcmeure.<\/p>\n<h3>Profi-Tipp<\/h3>\n<p>Vetiver\u00f6l ist z\u00e4hfl\u00fcssig wie Melasse, und der einfachste Weg, an das \u00d6l zu gelangen, besteht darin, den Einzeltropfeneinsatz herauszuziehen und langsam einen Tropfen frei herauszusch\u00fctten.<\/p>\n<p>Unser Vintage Vetiver Essential Oil wird aus der robusten Wurzel der Vetiverpflanze dampfdestilliert und in Indonesien im Rahmen eines speziellen Projekts mit dem Meyha-Stamm, der Vetiver anbaut, um die Erosion des Mutterbodens zu verhindern, biologisch geerntet.<\/p>\n<p>Wie ein guter Wein wird die Vetiver-Essenz mit der Zeit reicher: Die Destillation beginnt mit Vetiver-Wurzeln, die zwei Jahre lang gereift sind und dann in Kupferkesseln destilliert werden. Die Haut gedeiht mit dem erfrischenden Gr\u00fcn von Vetiver und die Sinne werden beim Einatmen dieses erdigen Exsudats belebt. Die G\u00fcte dieses \u00d6ls ist erdend und beruhigend f\u00fcr Haut und Geist, es salbt die Wurzeln der Haut wie der Regen das Gras.<\/p>\n<p>Vetiver ist ein wunderbarer Feuchtigkeitsspender, der der Haut hilft, ihre jugendliche F\u00fclle zu bewahren, w\u00e4hrend er m\u00fcdes Gewebe beruhigt, das Erscheinungsbild von Narben und Dehnungsstreifen mildert und die Talgproduktion ausgleicht. Vetiver\u00f6l ist von Natur aus anpassungsf\u00e4hig, st\u00e4rkt und stimuliert die Haut und sorgt f\u00fcr ein Gleichgewicht im Garten.<\/p>\n<p>Der vollmundige Duft von Vetiver bindet Energie und umh\u00fcllt den K\u00f6rper mit erdiger Leidenschaft.<\/p>\n<p><strong>Gr\u00f6\u00dfe: 5 ml<\/strong><\/p>\n<h3>Bio-Zutaten<\/h3>\n<p>100 % \u00e4therisches \u00d6l aus Vetiver (Chrysopogon zizanioides).<\/p>\n<p>&nbsp;<\/p>\n<p style=\"text-align: center;\"><em>&#8222;Es gibt nur sehr wenige Mittel, ob aromatisch oder nicht, die eine so tiefgreifende, st\u00e4rkende Wirkung haben wie Vetiver.<\/em><br \/>\n~ Peter Homes, <strong>Aromatica<\/strong><\/p>\n<p><img fetchpriority=\"high\" decoding=\"async\" class=\"aligncenter size-full wp-image-31577\" src=\"https:\/\/dutchhealthstore.com\/wp-content\/uploads\/2018\/03\/organic_big.png\" alt=\"Organic and Natural - Living Libations\" width=\"623\" height=\"103\" srcset=\"https:\/\/dutchhealthstore.com\/wp-content\/uploads\/2018\/03\/organic_big.png 623w, https:\/\/dutchhealthstore.com\/wp-content\/uploads\/2018\/03\/organic_big-510x84.png 510w, https:\/\/dutchhealthstore.com\/wp-content\/uploads\/2018\/03\/organic_big-600x99.png 600w, https:\/\/dutchhealthstore.com\/wp-content\/uploads\/2018\/03\/organic_big-350x58.png 350w\" sizes=\"(max-width: 623px) 100vw, 623px\" \/><\/p>\n","protected":false},"excerpt":{"rendered":"<p>Gr\u00fcnes <strong>Vintage Vetiver Essential Oil<\/strong> wird aus den duftenden Wurzeln eines au\u00dfergew\u00f6hnlich aromatischen tropischen Grases destilliert, die bis zur Perfektion gereift sind.<br \/>\nDer Duft ist erdig wie frischer Waldboden, ledrig wie gealterte Tabakbl\u00e4tter, adstringierend gr\u00fcn wie frisches Gras und holzig wie Baumrinde.<br \/>\nDiese besondere Reserve von gealtertem Vetiver wird von Liebhabern f\u00fcr sein tieferes, holzigeres und reicheres Aroma gesch\u00e4tzt, das K\u00f6lnischwasser und aromatherapeutische Mischungen zu neuen Vetiver-Variationen verf\u00fchrt.<\/p>\n","protected":false},"featured_media":47857,"comment_status":"open","ping_status":"closed","template":"","meta":[],"product_brand":[],"product_cat":[1546,6737,1508,1493,1210,511,6736],"product_tag":[1547],"class_list":{"0":"post-125214","1":"product","2":"type-product","3":"status-publish","4":"has-post-thumbnail","6":"product_cat-essential-oils-living-libations-de","7":"product_cat-essential-oils-de-2","8":"product_cat-aetherische-oele-living-libations","9":"product_cat-living-libations-deutschland","10":"product_cat-marken","11":"product_cat-produkte","12":"product_cat-wellness-de","13":"product_tag-essential-oil-de","14":"pa_brand-livinglibations-de","15":"pa_essential-oils-product-type-essential-oils-de","16":"pa_size-5-ml-de","18":"first","19":"instock","20":"taxable","21":"shipping-taxable","22":"purchasable","23":"product-type-simple"},"bundled_by":[],"bundle_stock_status":"instock","bundle_stock_quantity":2,"bundle_virtual":false,"bundle_layout":"","bundle_add_to_cart_form_location":"","bundle_editable_in_cart":false,"bundle_sold_individually_context":"","bundle_item_grouping":"","bundle_min_size":"","bundle_max_size":"","bundle_price":[],"bundled_items":[],"bundle_sell_ids":[],"atum_controlled":true,"out_stock_date":null,"out_stock_threshold":null,"inheritable":false,"stock_on_hold":0,"sold_today":0,"sales_last_days":0,"out_stock_days":0,"lost_sales":0,"update_date":"2026-04-09T11:36:29","atum_locations":[],"atum_stock_status":"instock","restock_status":false,"low_stock_amount":0,"sales_update_date":"2026-04-09T11:36:29","calc_backorders":null,"group_of_quantity":0,"min_quantity":0,"max_quantity":"","exclude_order_quantity_value_rules":"no","exclude_category_quantity_rules":"no","combine_variations":"no","yoast_head":"<!-- This site is optimized with the Yoast SEO Premium plugin v26.5 (Yoast SEO v26.5) - https:\/\/yoast.com\/wordpress\/plugins\/seo\/ -->\n<title>Vintage Vetiver Essential Oil | Living Libations<\/title>\n<meta name=\"description\" content=\"Der Duft ist erdig wie frischer Waldboden, ledrig wie gealterte Tabakbl\u00e4tter, adstringierend gr\u00fcn wie frisches Gras und holzig wie Baumrinde.\" \/>\n<meta name=\"robots\" content=\"index, follow, max-snippet:-1, max-image-preview:large, max-video-preview:-1\" \/>\n<link rel=\"canonical\" href=\"https:\/\/dutchhealthstore.com\/de\/product\/vintage-vetiver-essential-oil\/\" \/>\n<meta property=\"og:locale\" content=\"de_DE\" \/>\n<meta property=\"og:type\" content=\"article\" \/>\n<meta property=\"og:title\" content=\"Vetiver, Vintage Essential Oil - Dutch Health Store\" \/>\n<meta property=\"og:description\" content=\"Der Duft ist erdig wie frischer Waldboden, ledrig wie gealterte Tabakbl\u00e4tter, adstringierend gr\u00fcn wie frisches Gras und holzig wie Baumrinde.\" \/>\n<meta property=\"og:url\" content=\"https:\/\/dutchhealthstore.com\/de\/product\/vintage-vetiver-essential-oil\/\" \/>\n<meta property=\"og:site_name\" content=\"Dutch Health Store\" \/>\n<meta property=\"article:publisher\" content=\"https:\/\/www.instagram.com\/dutchhealthstore\/\" \/>\n<meta property=\"article:modified_time\" content=\"2023-04-30T16:34:28+00:00\" \/>\n<meta property=\"og:image\" content=\"https:\/\/dutchhealthstore.com\/wp-content\/uploads\/2018\/11\/Living-Libations-Vintage-Vetiver-Essential-Oil.jpg\" \/>\n\t<meta property=\"og:image:width\" content=\"478\" \/>\n\t<meta property=\"og:image:height\" content=\"478\" \/>\n\t<meta property=\"og:image:type\" content=\"image\/jpeg\" \/>\n<meta name=\"twitter:card\" content=\"summary_large_image\" \/>\n<meta name=\"twitter:label1\" content=\"Preis\" \/>\n\t<meta name=\"twitter:data1\" content=\"&euro;117,00\" \/>\n\t<meta name=\"twitter:label2\" content=\"Verf\u00fcgbarkeit\" \/>\n\t<meta name=\"twitter:data2\" content=\"Auf Lager\" \/>\n<script type=\"application\/ld+json\" class=\"yoast-schema-graph\">{\"@context\":\"https:\/\/schema.org\",\"@graph\":[{\"@type\":\"WebPage\",\"@id\":\"https:\/\/dutchhealthstore.com\/de\/product\/vintage-vetiver-essential-oil\/\",\"url\":\"https:\/\/dutchhealthstore.com\/de\/product\/vintage-vetiver-essential-oil\/\",\"name\":\"Vintage Vetiver Essential Oil | Living Libations\",\"isPartOf\":{\"@id\":\"https:\/\/dutchhealthstore.com\/de\/#website\"},\"primaryImageOfPage\":{\"@id\":\"https:\/\/dutchhealthstore.com\/de\/product\/vintage-vetiver-essential-oil\/#primaryimage\"},\"image\":{\"@id\":\"https:\/\/dutchhealthstore.com\/de\/product\/vintage-vetiver-essential-oil\/#primaryimage\"},\"thumbnailUrl\":\"https:\/\/dutchhealthstore.com\/wp-content\/uploads\/2018\/11\/Living-Libations-Vintage-Vetiver-Essential-Oil.jpg\",\"datePublished\":\"2018-11-27T04:54:10+00:00\",\"dateModified\":\"2023-04-30T16:34:28+00:00\",\"description\":\"Der Duft ist erdig wie frischer Waldboden, ledrig wie gealterte Tabakbl\u00e4tter, adstringierend gr\u00fcn wie frisches Gras und holzig wie Baumrinde.\",\"breadcrumb\":{\"@id\":\"https:\/\/dutchhealthstore.com\/de\/product\/vintage-vetiver-essential-oil\/#breadcrumb\"},\"inLanguage\":\"de\",\"potentialAction\":[{\"@type\":\"ReadAction\",\"target\":[\"https:\/\/dutchhealthstore.com\/de\/product\/vintage-vetiver-essential-oil\/\"]}]},{\"@type\":\"ImageObject\",\"inLanguage\":\"de\",\"@id\":\"https:\/\/dutchhealthstore.com\/de\/product\/vintage-vetiver-essential-oil\/#primaryimage\",\"url\":\"https:\/\/dutchhealthstore.com\/wp-content\/uploads\/2018\/11\/Living-Libations-Vintage-Vetiver-Essential-Oil.jpg\",\"contentUrl\":\"https:\/\/dutchhealthstore.com\/wp-content\/uploads\/2018\/11\/Living-Libations-Vintage-Vetiver-Essential-Oil.jpg\",\"width\":478,\"height\":478,\"caption\":\"Living Libations - Vintage Vetiver Essential Oil\"},{\"@type\":\"BreadcrumbList\",\"@id\":\"https:\/\/dutchhealthstore.com\/de\/product\/vintage-vetiver-essential-oil\/#breadcrumb\",\"itemListElement\":[{\"@type\":\"ListItem\",\"position\":1,\"name\":\"Home\",\"item\":\"https:\/\/dutchhealthstore.com\/de\/\"},{\"@type\":\"ListItem\",\"position\":2,\"name\":\"Shop\",\"item\":\"https:\/\/dutchhealthstore.com\/de\/shop-2\/\"},{\"@type\":\"ListItem\",\"position\":3,\"name\":\"Vetiver, Vintage Essential Oil\"}]},{\"@type\":\"WebSite\",\"@id\":\"https:\/\/dutchhealthstore.com\/de\/#website\",\"url\":\"https:\/\/dutchhealthstore.com\/de\/\",\"name\":\"Dutch Health Store\",\"description\":\"Enhance Your Beauty with Organic &amp; Natural Skincare\",\"publisher\":{\"@id\":\"https:\/\/dutchhealthstore.com\/de\/#organization\"},\"potentialAction\":[{\"@type\":\"SearchAction\",\"target\":{\"@type\":\"EntryPoint\",\"urlTemplate\":\"https:\/\/dutchhealthstore.com\/de\/?s={search_term_string}\"},\"query-input\":{\"@type\":\"PropertyValueSpecification\",\"valueRequired\":true,\"valueName\":\"search_term_string\"}}],\"inLanguage\":\"de\"},{\"@type\":\"Organization\",\"@id\":\"https:\/\/dutchhealthstore.com\/de\/#organization\",\"name\":\"Dutch Health Store\",\"url\":\"https:\/\/dutchhealthstore.com\/de\/\",\"logo\":{\"@type\":\"ImageObject\",\"inLanguage\":\"de\",\"@id\":\"https:\/\/dutchhealthstore.com\/de\/#\/schema\/logo\/image\/\",\"url\":\"https:\/\/dutchhealthstore.com\/wp-content\/uploads\/2020\/08\/logo-dutchhealthstore-jpg-e1599484957574.jpg\",\"contentUrl\":\"https:\/\/dutchhealthstore.com\/wp-content\/uploads\/2020\/08\/logo-dutchhealthstore-jpg-e1599484957574.jpg\",\"width\":400,\"height\":62,\"caption\":\"Dutch Health Store\"},\"image\":{\"@id\":\"https:\/\/dutchhealthstore.com\/de\/#\/schema\/logo\/image\/\"},\"sameAs\":[\"https:\/\/www.instagram.com\/dutchhealthstore\/\",\"https:\/\/www.facebook.com\/dutchhealthstore\"]}]}<\/script>\n<meta property=\"product:brand\" content=\"Living Libations\" \/>\n<meta property=\"product:price:amount\" content=\"117.00\" \/>\n<meta property=\"product:price:currency\" content=\"EUR\" \/>\n<meta property=\"og:availability\" content=\"instock\" \/>\n<meta property=\"product:availability\" content=\"instock\" \/>\n<meta property=\"product:condition\" content=\"new\" \/>\n<!-- \/ Yoast SEO Premium plugin. -->","yoast_head_json":{"title":"Vintage Vetiver Essential Oil | Living Libations","description":"Der Duft ist erdig wie frischer Waldboden, ledrig wie gealterte Tabakbl\u00e4tter, adstringierend gr\u00fcn wie frisches Gras und holzig wie Baumrinde.","robots":{"index":"index","follow":"follow","max-snippet":"max-snippet:-1","max-image-preview":"max-image-preview:large","max-video-preview":"max-video-preview:-1"},"canonical":"https:\/\/dutchhealthstore.com\/de\/product\/vintage-vetiver-essential-oil\/","og_locale":"de_DE","og_type":"article","og_title":"Vetiver, Vintage Essential Oil - Dutch Health Store","og_description":"Der Duft ist erdig wie frischer Waldboden, ledrig wie gealterte Tabakbl\u00e4tter, adstringierend gr\u00fcn wie frisches Gras und holzig wie Baumrinde.","og_url":"https:\/\/dutchhealthstore.com\/de\/product\/vintage-vetiver-essential-oil\/","og_site_name":"Dutch Health Store","article_publisher":"https:\/\/www.instagram.com\/dutchhealthstore\/","article_modified_time":"2023-04-30T16:34:28+00:00","og_image":[{"width":478,"height":478,"url":"https:\/\/dutchhealthstore.com\/wp-content\/uploads\/2018\/11\/Living-Libations-Vintage-Vetiver-Essential-Oil.jpg","type":"image\/jpeg"}],"twitter_card":"summary_large_image","twitter_misc":{"Preis":"&euro;117,00","Verf\u00fcgbarkeit":"Auf Lager"},"schema":{"@context":"https:\/\/schema.org","@graph":[{"@type":"WebPage","@id":"https:\/\/dutchhealthstore.com\/de\/product\/vintage-vetiver-essential-oil\/","url":"https:\/\/dutchhealthstore.com\/de\/product\/vintage-vetiver-essential-oil\/","name":"Vintage Vetiver Essential Oil | Living Libations","isPartOf":{"@id":"https:\/\/dutchhealthstore.com\/de\/#website"},"primaryImageOfPage":{"@id":"https:\/\/dutchhealthstore.com\/de\/product\/vintage-vetiver-essential-oil\/#primaryimage"},"image":{"@id":"https:\/\/dutchhealthstore.com\/de\/product\/vintage-vetiver-essential-oil\/#primaryimage"},"thumbnailUrl":"https:\/\/dutchhealthstore.com\/wp-content\/uploads\/2018\/11\/Living-Libations-Vintage-Vetiver-Essential-Oil.jpg","datePublished":"2018-11-27T04:54:10+00:00","dateModified":"2023-04-30T16:34:28+00:00","description":"Der Duft ist erdig wie frischer Waldboden, ledrig wie gealterte Tabakbl\u00e4tter, adstringierend gr\u00fcn wie frisches Gras und holzig wie Baumrinde.","breadcrumb":{"@id":"https:\/\/dutchhealthstore.com\/de\/product\/vintage-vetiver-essential-oil\/#breadcrumb"},"inLanguage":"de","potentialAction":[{"@type":"ReadAction","target":["https:\/\/dutchhealthstore.com\/de\/product\/vintage-vetiver-essential-oil\/"]}]},{"@type":"ImageObject","inLanguage":"de","@id":"https:\/\/dutchhealthstore.com\/de\/product\/vintage-vetiver-essential-oil\/#primaryimage","url":"https:\/\/dutchhealthstore.com\/wp-content\/uploads\/2018\/11\/Living-Libations-Vintage-Vetiver-Essential-Oil.jpg","contentUrl":"https:\/\/dutchhealthstore.com\/wp-content\/uploads\/2018\/11\/Living-Libations-Vintage-Vetiver-Essential-Oil.jpg","width":478,"height":478,"caption":"Living Libations - Vintage Vetiver Essential Oil"},{"@type":"BreadcrumbList","@id":"https:\/\/dutchhealthstore.com\/de\/product\/vintage-vetiver-essential-oil\/#breadcrumb","itemListElement":[{"@type":"ListItem","position":1,"name":"Home","item":"https:\/\/dutchhealthstore.com\/de\/"},{"@type":"ListItem","position":2,"name":"Shop","item":"https:\/\/dutchhealthstore.com\/de\/shop-2\/"},{"@type":"ListItem","position":3,"name":"Vetiver, Vintage Essential Oil"}]},{"@type":"WebSite","@id":"https:\/\/dutchhealthstore.com\/de\/#website","url":"https:\/\/dutchhealthstore.com\/de\/","name":"Dutch Health Store","description":"Enhance Your Beauty with Organic &amp; Natural Skincare","publisher":{"@id":"https:\/\/dutchhealthstore.com\/de\/#organization"},"potentialAction":[{"@type":"SearchAction","target":{"@type":"EntryPoint","urlTemplate":"https:\/\/dutchhealthstore.com\/de\/?s={search_term_string}"},"query-input":{"@type":"PropertyValueSpecification","valueRequired":true,"valueName":"search_term_string"}}],"inLanguage":"de"},{"@type":"Organization","@id":"https:\/\/dutchhealthstore.com\/de\/#organization","name":"Dutch Health Store","url":"https:\/\/dutchhealthstore.com\/de\/","logo":{"@type":"ImageObject","inLanguage":"de","@id":"https:\/\/dutchhealthstore.com\/de\/#\/schema\/logo\/image\/","url":"https:\/\/dutchhealthstore.com\/wp-content\/uploads\/2020\/08\/logo-dutchhealthstore-jpg-e1599484957574.jpg","contentUrl":"https:\/\/dutchhealthstore.com\/wp-content\/uploads\/2020\/08\/logo-dutchhealthstore-jpg-e1599484957574.jpg","width":400,"height":62,"caption":"Dutch Health Store"},"image":{"@id":"https:\/\/dutchhealthstore.com\/de\/#\/schema\/logo\/image\/"},"sameAs":["https:\/\/www.instagram.com\/dutchhealthstore\/","https:\/\/www.facebook.com\/dutchhealthstore"]}]},"product_brand":"Living Libations","product_price_amount":"117.00","product_price_currency":"EUR","og_availability":"instock","product_availability":"instock","product_condition":"new"},"_links":{"self":[{"href":"https:\/\/dutchhealthstore.com\/de\/wp-json\/wp\/v2\/product\/125214","targetHints":{"allow":["GET"]}}],"collection":[{"href":"https:\/\/dutchhealthstore.com\/de\/wp-json\/wp\/v2\/product"}],"about":[{"href":"https:\/\/dutchhealthstore.com\/de\/wp-json\/wp\/v2\/types\/product"}],"replies":[{"embeddable":true,"href":"https:\/\/dutchhealthstore.com\/de\/wp-json\/wp\/v2\/comments?post=125214"}],"wp:featuredmedia":[{"embeddable":true,"href":"https:\/\/dutchhealthstore.com\/de\/wp-json\/wp\/v2\/media\/47857"}],"wp:attachment":[{"href":"https:\/\/dutchhealthstore.com\/de\/wp-json\/wp\/v2\/media?parent=125214"}],"wp:term":[{"taxonomy":"product_brand","embeddable":true,"href":"https:\/\/dutchhealthstore.com\/de\/wp-json\/wp\/v2\/product_brand?post=125214"},{"taxonomy":"product_cat","embeddable":true,"href":"https:\/\/dutchhealthstore.com\/de\/wp-json\/wp\/v2\/product_cat?post=125214"},{"taxonomy":"product_tag","embeddable":true,"href":"https:\/\/dutchhealthstore.com\/de\/wp-json\/wp\/v2\/product_tag?post=125214"}],"curies":[{"name":"wp","href":"https:\/\/api.w.org\/{rel}","templated":true}]}}