{"id":125162,"date":"2020-06-23T08:01:37","date_gmt":"2020-06-23T06:01:37","guid":{"rendered":"https:\/\/dutchhealthstore.com\/product\/verbena-lemon-essential-oil\/"},"modified":"2025-12-23T09:44:05","modified_gmt":"2025-12-23T08:44:05","slug":"verbena-lemon-essential-oil","status":"publish","type":"product","link":"https:\/\/dutchhealthstore.com\/de\/product\/verbena-lemon-essential-oil\/","title":{"rendered":"Verbena, Lemon Essential Oil"},"content":{"rendered":"<p><img decoding=\"async\" class=\"size-full wp-image-69549 alignright\" src=\"https:\/\/dutchhealthstore.com\/wp-content\/uploads\/2019\/08\/NEW-Living-Libations-Logo.jpg\" alt=\"NEW - Living Libations - Logo\" width=\"175\" height=\"82\"><strong>Botanischer Name:<\/strong> Aloysia citrodora<br \/>\n<strong>Botanische Familie:<\/strong> Verbenaceae<br \/>\n<strong>Extraktionsverfahren:<\/strong> Dampfdestilliert<br \/>\n<strong>Teil der Pflanze Destilliert:<\/strong> Bl\u00e4tter<br \/>\n<strong>Herkunftsland:<\/strong> Marokko<br \/>\n<strong>Anbaumethode:<\/strong> Bio<br \/>\n<strong>Zusammensetzung:<\/strong> 100% Aloysia citrodora<br \/>\n<strong>Konsistenz:<\/strong> D\u00fcnn<\/p>\n<h3>Beschreibung des Duftes<\/h3>\n<p>Frische, subtile Zitrusfr\u00fcchte, die beleben; ein Hauch von Neroli-Bl\u00fcten und Geranium; ein sonniger Nachmittagsspaziergang durch Felder mit frischen, bl\u00fchenden Obstb\u00e4umen.<\/p>\n<h3>Gut mischbar mit<\/h3>\n<p>Neroli, Sandelholz, Geranie, Lavendel, Rose Otto, Bergamotte und Patchouli.<\/p>\n<h3>Verwendet<\/h3>\n<p>Erweichend und st\u00e4rkend. In Hautseren ist es besonders geeignet, um das Erscheinungsbild von Schwellungen zu mildern. Massage\u00f6le, Parf\u00fcms und B\u00e4der sind eine wunderbare M\u00f6glichkeit, Zeit mit dieser erneuernden Sch\u00f6nheit zu verbringen. Herrlich in kulinarischen Kreationen.<\/p>\n<h3>Kontraindikationen<\/h3>\n<p>Lichtempfindlich. Nicht direkt auf die Haut auftragen, wenn sie der Sonne ausgesetzt ist.<\/p>\n<a href=\"https:\/\/dutchhealthstore.com\/wp-content\/uploads\/2020\/06\/ANALYSIS-Verbena-Lemon-Essential-Oil-Living-Libations-2.pdf\" class=\"button primary is-primary is-small\"  >\n\t\t<span>ANALYSE DER \u00c4THERISCHEN \u00d6LE &gt;<\/span>\n\t<\/a>\n\n<p>Botanisch von der Zitronenmelisse zu unterscheiden, ist das echte Zitronenverbene selten, da die Ausbeute an \u00e4therischem \u00d6l gering ist. Aufgrund des geringen Ertrages werden einige Verbenen verl\u00e4ngert oder mit leicht erh\u00e4ltlichem Zitronengras oder Lemongras gepanscht.<\/p>\n<p>Dieses vielseitige \u00d6l ist voller Schwung und enth\u00e4lt unerwartete Eigenschaften f\u00fcr ein so zartes, angenehm duftendes \u00d6l. Ein k\u00f6stlicher Tropfen im Diffusor oder im Bad erweckt die Umgebung zu frischer, erhebender Klarheit. Der beruhigenden Wirkung des Lemon Verbena Essential Oil wird nachgesagt, dass sie das Verlangen weckt und die Weiblichkeit anregt. Atmen Sie diesen \u00e4therischen, zitronigen Schwung ein und lassen Sie sich in die tugendhaften Gefilde der Verbena entf\u00fchren.<\/p>\n<p><strong>Gr\u00f6\u00dfe: 2,5 ml und 5 ml<\/strong><\/p>\n<h3>Bio-Zutaten<\/h3>\n<p>100% \u00e4therisches \u00d6l der Zitronenverbene (Aloysia citrodora).<\/p>\n<p style=\"text-align: center;\"><em>&#8222;Zitronenverbene st\u00e4rkt das Herz und hat \u00e4hnliche Wirkungen wie Melissen\u00f6l&#8230; Offenheit f\u00fcr neue M\u00f6glichkeiten, Freude und Enthusiasmus sind die Gaben, die diese Pflanze bietet.&#8220;<\/em><br \/>\n~ Susanne Fischer-Rizzi, <strong>Complete Aromatherapy Handbook,<\/strong><\/p>\n<p style=\"text-align: center;\"><em>&#8222;Dieses \u00d6l \u00e4hnelt in seiner Komplexit\u00e4t der Rose&#8220;.<\/em><br \/>\n~ Kurt Schnaubelt, <strong>Advanced Aromatherapy<\/strong><\/p>\n<p><img fetchpriority=\"high\" decoding=\"async\" class=\"size-medium wp-image-68103 aligncenter\" src=\"https:\/\/dutchhealthstore.com\/wp-content\/uploads\/2018\/02\/Living-Libations-Organic-Logo-800x89.png\" alt=\"Living Libations - Organic Logo\" width=\"800\" height=\"89\" srcset=\"https:\/\/dutchhealthstore.com\/wp-content\/uploads\/2018\/02\/Living-Libations-Organic-Logo-800x89.png 800w, https:\/\/dutchhealthstore.com\/wp-content\/uploads\/2018\/02\/Living-Libations-Organic-Logo-510x57.png 510w, https:\/\/dutchhealthstore.com\/wp-content\/uploads\/2018\/02\/Living-Libations-Organic-Logo-768x85.png 768w, https:\/\/dutchhealthstore.com\/wp-content\/uploads\/2018\/02\/Living-Libations-Organic-Logo.png 1400w\" sizes=\"(max-width: 800px) 100vw, 800px\" \/><\/p>\n","protected":false},"excerpt":{"rendered":"<p>Das lebhafte <strong>Lemon Verbena Essential Oil<\/strong> ist ein zitronig-frischer Traum, der mit einem angenehmen Pfiff durchdringt.<br \/>\nDieses \u00d6l ist ein hervorragendes St\u00e4rkungsmittel, das mit seinem fr\u00f6hlichen, aufmunternden Duft harmoniert. Tonisierend und kl\u00e4rend, die Haut singt mit diesem sonnigen Serum. Ein Tropfen in einem Diffusor weckt die Sinne und das Zuhause mit frischer, klarer Luft. Ein paar Tropfen dieser zitronigen Eleganz sind auch in Parf\u00fcms sehr angenehm.<\/p>\n","protected":false},"featured_media":108553,"comment_status":"open","ping_status":"closed","template":"","meta":[],"product_brand":[],"product_cat":[1508,1546,6737,1493,1210,6736],"product_tag":[1547],"class_list":{"0":"post-125162","1":"product","2":"type-product","3":"status-publish","4":"has-post-thumbnail","6":"product_cat-aetherische-oele-living-libations","7":"product_cat-essential-oils-living-libations-de","8":"product_cat-essential-oils-de-2","9":"product_cat-living-libations-deutschland","10":"product_cat-marken","11":"product_cat-wellness-de","12":"product_tag-essential-oil-de","13":"pa_brand-livinglibations-de","14":"pa_essential-oils-product-type-essential-oils-de","15":"pa_size-2-5-ml-de","16":"pa_size-5-ml-de","18":"first","19":"instock","20":"taxable","21":"shipping-taxable","22":"purchasable","23":"product-type-variable"},"bundled_by":[],"bundle_stock_status":"instock","bundle_stock_quantity":null,"bundle_virtual":false,"bundle_layout":"","bundle_add_to_cart_form_location":"","bundle_editable_in_cart":false,"bundle_sold_individually_context":"","bundle_item_grouping":"","bundle_min_size":"","bundle_max_size":"","bundle_price":[],"bundled_items":[],"bundle_sell_ids":[],"atum_controlled":true,"out_stock_date":"2022-10-04 11:47:10","out_stock_threshold":null,"inheritable":true,"stock_on_hold":0,"sold_today":0,"sales_last_days":0,"out_stock_days":1281,"lost_sales":0,"update_date":"2026-04-08T01:47:32","atum_locations":[],"atum_stock_status":"instock","restock_status":false,"low_stock_amount":"","sales_update_date":"2026-04-08T01:47:32","calc_backorders":null,"group_of_quantity":0,"min_quantity":0,"max_quantity":"","exclude_order_quantity_value_rules":"no","exclude_category_quantity_rules":"no","combine_variations":"no","yoast_head":"<!-- This site is optimized with the Yoast SEO Premium plugin v26.5 (Yoast SEO v26.5) - https:\/\/yoast.com\/wordpress\/plugins\/seo\/ -->\n<title>Verbena, Lemon Essential Oil | Living Libations<\/title>\n<meta name=\"description\" content=\"Tonisierend und kl\u00e4rend, die Haut singt mit diesem sonnigen Serum. Ein Tropfen in einem Diffusor weckt die Sinne und das Zuhause mit frischer, klarer Luft.\" \/>\n<meta name=\"robots\" content=\"index, follow, max-snippet:-1, max-image-preview:large, max-video-preview:-1\" \/>\n<link rel=\"canonical\" href=\"https:\/\/dutchhealthstore.com\/de\/product\/verbena-lemon-essential-oil\/\" \/>\n<meta property=\"og:locale\" content=\"de_DE\" \/>\n<meta property=\"og:type\" content=\"article\" \/>\n<meta property=\"og:title\" content=\"Verbena, Lemon Essential Oil - Dutch Health Store\" \/>\n<meta property=\"og:description\" content=\"Tonisierend und kl\u00e4rend, die Haut singt mit diesem sonnigen Serum. Ein Tropfen in einem Diffusor weckt die Sinne und das Zuhause mit frischer, klarer Luft.\" \/>\n<meta property=\"og:url\" content=\"https:\/\/dutchhealthstore.com\/de\/product\/verbena-lemon-essential-oil\/\" \/>\n<meta property=\"og:site_name\" content=\"Dutch Health Store\" \/>\n<meta property=\"article:publisher\" content=\"https:\/\/www.instagram.com\/dutchhealthstore\/\" \/>\n<meta property=\"article:modified_time\" content=\"2025-12-23T08:44:05+00:00\" \/>\n<meta property=\"og:image\" content=\"https:\/\/dutchhealthstore.com\/wp-content\/uploads\/2020\/06\/Living-Libations-Verbena-Lemon-Essential-Oil-e1592898660346.jpg\" \/>\n\t<meta property=\"og:image:width\" content=\"500\" \/>\n\t<meta property=\"og:image:height\" content=\"500\" \/>\n\t<meta property=\"og:image:type\" content=\"image\/jpeg\" \/>\n<meta name=\"twitter:card\" content=\"summary_large_image\" \/>\n<meta name=\"twitter:label1\" content=\"Verf\u00fcgbarkeit\" \/>\n\t<meta name=\"twitter:data1\" content=\"Auf Lager\" \/>\n<script type=\"application\/ld+json\" class=\"yoast-schema-graph\">{\"@context\":\"https:\/\/schema.org\",\"@graph\":[{\"@type\":\"WebPage\",\"@id\":\"https:\/\/dutchhealthstore.com\/de\/product\/verbena-lemon-essential-oil\/\",\"url\":\"https:\/\/dutchhealthstore.com\/de\/product\/verbena-lemon-essential-oil\/\",\"name\":\"Verbena, Lemon Essential Oil | Living Libations\",\"isPartOf\":{\"@id\":\"https:\/\/dutchhealthstore.com\/de\/#website\"},\"primaryImageOfPage\":{\"@id\":\"https:\/\/dutchhealthstore.com\/de\/product\/verbena-lemon-essential-oil\/#primaryimage\"},\"image\":{\"@id\":\"https:\/\/dutchhealthstore.com\/de\/product\/verbena-lemon-essential-oil\/#primaryimage\"},\"thumbnailUrl\":\"https:\/\/dutchhealthstore.com\/wp-content\/uploads\/2020\/06\/Living-Libations-Verbena-Lemon-Essential-Oil-e1592898660346.jpg\",\"datePublished\":\"2020-06-23T06:01:37+00:00\",\"dateModified\":\"2025-12-23T08:44:05+00:00\",\"description\":\"Tonisierend und kl\u00e4rend, die Haut singt mit diesem sonnigen Serum. Ein Tropfen in einem Diffusor weckt die Sinne und das Zuhause mit frischer, klarer Luft.\",\"breadcrumb\":{\"@id\":\"https:\/\/dutchhealthstore.com\/de\/product\/verbena-lemon-essential-oil\/#breadcrumb\"},\"inLanguage\":\"de\",\"potentialAction\":[{\"@type\":\"ReadAction\",\"target\":[\"https:\/\/dutchhealthstore.com\/de\/product\/verbena-lemon-essential-oil\/\"]}]},{\"@type\":\"ImageObject\",\"inLanguage\":\"de\",\"@id\":\"https:\/\/dutchhealthstore.com\/de\/product\/verbena-lemon-essential-oil\/#primaryimage\",\"url\":\"https:\/\/dutchhealthstore.com\/wp-content\/uploads\/2020\/06\/Living-Libations-Verbena-Lemon-Essential-Oil-e1592898660346.jpg\",\"contentUrl\":\"https:\/\/dutchhealthstore.com\/wp-content\/uploads\/2020\/06\/Living-Libations-Verbena-Lemon-Essential-Oil-e1592898660346.jpg\",\"width\":500,\"height\":500},{\"@type\":\"BreadcrumbList\",\"@id\":\"https:\/\/dutchhealthstore.com\/de\/product\/verbena-lemon-essential-oil\/#breadcrumb\",\"itemListElement\":[{\"@type\":\"ListItem\",\"position\":1,\"name\":\"Home\",\"item\":\"https:\/\/dutchhealthstore.com\/de\/\"},{\"@type\":\"ListItem\",\"position\":2,\"name\":\"Shop\",\"item\":\"https:\/\/dutchhealthstore.com\/de\/shop-2\/\"},{\"@type\":\"ListItem\",\"position\":3,\"name\":\"Verbena, Lemon Essential Oil\"}]},{\"@type\":\"WebSite\",\"@id\":\"https:\/\/dutchhealthstore.com\/de\/#website\",\"url\":\"https:\/\/dutchhealthstore.com\/de\/\",\"name\":\"Dutch Health Store\",\"description\":\"Enhance Your Beauty with Organic &amp; Natural Skincare\",\"publisher\":{\"@id\":\"https:\/\/dutchhealthstore.com\/de\/#organization\"},\"potentialAction\":[{\"@type\":\"SearchAction\",\"target\":{\"@type\":\"EntryPoint\",\"urlTemplate\":\"https:\/\/dutchhealthstore.com\/de\/?s={search_term_string}\"},\"query-input\":{\"@type\":\"PropertyValueSpecification\",\"valueRequired\":true,\"valueName\":\"search_term_string\"}}],\"inLanguage\":\"de\"},{\"@type\":\"Organization\",\"@id\":\"https:\/\/dutchhealthstore.com\/de\/#organization\",\"name\":\"Dutch Health Store\",\"url\":\"https:\/\/dutchhealthstore.com\/de\/\",\"logo\":{\"@type\":\"ImageObject\",\"inLanguage\":\"de\",\"@id\":\"https:\/\/dutchhealthstore.com\/de\/#\/schema\/logo\/image\/\",\"url\":\"https:\/\/dutchhealthstore.com\/wp-content\/uploads\/2020\/08\/logo-dutchhealthstore-jpg-e1599484957574.jpg\",\"contentUrl\":\"https:\/\/dutchhealthstore.com\/wp-content\/uploads\/2020\/08\/logo-dutchhealthstore-jpg-e1599484957574.jpg\",\"width\":400,\"height\":62,\"caption\":\"Dutch Health Store\"},\"image\":{\"@id\":\"https:\/\/dutchhealthstore.com\/de\/#\/schema\/logo\/image\/\"},\"sameAs\":[\"https:\/\/www.instagram.com\/dutchhealthstore\/\",\"https:\/\/www.facebook.com\/dutchhealthstore\"]}]}<\/script>\n<meta property=\"product:brand\" content=\"Living Libations\" \/>\n<meta property=\"og:availability\" content=\"instock\" \/>\n<meta property=\"product:availability\" content=\"instock\" \/>\n<meta property=\"product:condition\" content=\"new\" \/>\n<!-- \/ Yoast SEO Premium plugin. -->","yoast_head_json":{"title":"Verbena, Lemon Essential Oil | Living Libations","description":"Tonisierend und kl\u00e4rend, die Haut singt mit diesem sonnigen Serum. Ein Tropfen in einem Diffusor weckt die Sinne und das Zuhause mit frischer, klarer Luft.","robots":{"index":"index","follow":"follow","max-snippet":"max-snippet:-1","max-image-preview":"max-image-preview:large","max-video-preview":"max-video-preview:-1"},"canonical":"https:\/\/dutchhealthstore.com\/de\/product\/verbena-lemon-essential-oil\/","og_locale":"de_DE","og_type":"article","og_title":"Verbena, Lemon Essential Oil - Dutch Health Store","og_description":"Tonisierend und kl\u00e4rend, die Haut singt mit diesem sonnigen Serum. Ein Tropfen in einem Diffusor weckt die Sinne und das Zuhause mit frischer, klarer Luft.","og_url":"https:\/\/dutchhealthstore.com\/de\/product\/verbena-lemon-essential-oil\/","og_site_name":"Dutch Health Store","article_publisher":"https:\/\/www.instagram.com\/dutchhealthstore\/","article_modified_time":"2025-12-23T08:44:05+00:00","og_image":[{"width":500,"height":500,"url":"https:\/\/dutchhealthstore.com\/wp-content\/uploads\/2020\/06\/Living-Libations-Verbena-Lemon-Essential-Oil-e1592898660346.jpg","type":"image\/jpeg"}],"twitter_card":"summary_large_image","twitter_misc":{"Verf\u00fcgbarkeit":"Auf Lager"},"schema":{"@context":"https:\/\/schema.org","@graph":[{"@type":"WebPage","@id":"https:\/\/dutchhealthstore.com\/de\/product\/verbena-lemon-essential-oil\/","url":"https:\/\/dutchhealthstore.com\/de\/product\/verbena-lemon-essential-oil\/","name":"Verbena, Lemon Essential Oil | Living Libations","isPartOf":{"@id":"https:\/\/dutchhealthstore.com\/de\/#website"},"primaryImageOfPage":{"@id":"https:\/\/dutchhealthstore.com\/de\/product\/verbena-lemon-essential-oil\/#primaryimage"},"image":{"@id":"https:\/\/dutchhealthstore.com\/de\/product\/verbena-lemon-essential-oil\/#primaryimage"},"thumbnailUrl":"https:\/\/dutchhealthstore.com\/wp-content\/uploads\/2020\/06\/Living-Libations-Verbena-Lemon-Essential-Oil-e1592898660346.jpg","datePublished":"2020-06-23T06:01:37+00:00","dateModified":"2025-12-23T08:44:05+00:00","description":"Tonisierend und kl\u00e4rend, die Haut singt mit diesem sonnigen Serum. Ein Tropfen in einem Diffusor weckt die Sinne und das Zuhause mit frischer, klarer Luft.","breadcrumb":{"@id":"https:\/\/dutchhealthstore.com\/de\/product\/verbena-lemon-essential-oil\/#breadcrumb"},"inLanguage":"de","potentialAction":[{"@type":"ReadAction","target":["https:\/\/dutchhealthstore.com\/de\/product\/verbena-lemon-essential-oil\/"]}]},{"@type":"ImageObject","inLanguage":"de","@id":"https:\/\/dutchhealthstore.com\/de\/product\/verbena-lemon-essential-oil\/#primaryimage","url":"https:\/\/dutchhealthstore.com\/wp-content\/uploads\/2020\/06\/Living-Libations-Verbena-Lemon-Essential-Oil-e1592898660346.jpg","contentUrl":"https:\/\/dutchhealthstore.com\/wp-content\/uploads\/2020\/06\/Living-Libations-Verbena-Lemon-Essential-Oil-e1592898660346.jpg","width":500,"height":500},{"@type":"BreadcrumbList","@id":"https:\/\/dutchhealthstore.com\/de\/product\/verbena-lemon-essential-oil\/#breadcrumb","itemListElement":[{"@type":"ListItem","position":1,"name":"Home","item":"https:\/\/dutchhealthstore.com\/de\/"},{"@type":"ListItem","position":2,"name":"Shop","item":"https:\/\/dutchhealthstore.com\/de\/shop-2\/"},{"@type":"ListItem","position":3,"name":"Verbena, Lemon Essential Oil"}]},{"@type":"WebSite","@id":"https:\/\/dutchhealthstore.com\/de\/#website","url":"https:\/\/dutchhealthstore.com\/de\/","name":"Dutch Health Store","description":"Enhance Your Beauty with Organic &amp; Natural Skincare","publisher":{"@id":"https:\/\/dutchhealthstore.com\/de\/#organization"},"potentialAction":[{"@type":"SearchAction","target":{"@type":"EntryPoint","urlTemplate":"https:\/\/dutchhealthstore.com\/de\/?s={search_term_string}"},"query-input":{"@type":"PropertyValueSpecification","valueRequired":true,"valueName":"search_term_string"}}],"inLanguage":"de"},{"@type":"Organization","@id":"https:\/\/dutchhealthstore.com\/de\/#organization","name":"Dutch Health Store","url":"https:\/\/dutchhealthstore.com\/de\/","logo":{"@type":"ImageObject","inLanguage":"de","@id":"https:\/\/dutchhealthstore.com\/de\/#\/schema\/logo\/image\/","url":"https:\/\/dutchhealthstore.com\/wp-content\/uploads\/2020\/08\/logo-dutchhealthstore-jpg-e1599484957574.jpg","contentUrl":"https:\/\/dutchhealthstore.com\/wp-content\/uploads\/2020\/08\/logo-dutchhealthstore-jpg-e1599484957574.jpg","width":400,"height":62,"caption":"Dutch Health Store"},"image":{"@id":"https:\/\/dutchhealthstore.com\/de\/#\/schema\/logo\/image\/"},"sameAs":["https:\/\/www.instagram.com\/dutchhealthstore\/","https:\/\/www.facebook.com\/dutchhealthstore"]}]},"product_brand":"Living Libations","og_availability":"instock","product_availability":"instock","product_condition":"new"},"_links":{"self":[{"href":"https:\/\/dutchhealthstore.com\/de\/wp-json\/wp\/v2\/product\/125162","targetHints":{"allow":["GET"]}}],"collection":[{"href":"https:\/\/dutchhealthstore.com\/de\/wp-json\/wp\/v2\/product"}],"about":[{"href":"https:\/\/dutchhealthstore.com\/de\/wp-json\/wp\/v2\/types\/product"}],"replies":[{"embeddable":true,"href":"https:\/\/dutchhealthstore.com\/de\/wp-json\/wp\/v2\/comments?post=125162"}],"wp:featuredmedia":[{"embeddable":true,"href":"https:\/\/dutchhealthstore.com\/de\/wp-json\/wp\/v2\/media\/108553"}],"wp:attachment":[{"href":"https:\/\/dutchhealthstore.com\/de\/wp-json\/wp\/v2\/media?parent=125162"}],"wp:term":[{"taxonomy":"product_brand","embeddable":true,"href":"https:\/\/dutchhealthstore.com\/de\/wp-json\/wp\/v2\/product_brand?post=125162"},{"taxonomy":"product_cat","embeddable":true,"href":"https:\/\/dutchhealthstore.com\/de\/wp-json\/wp\/v2\/product_cat?post=125162"},{"taxonomy":"product_tag","embeddable":true,"href":"https:\/\/dutchhealthstore.com\/de\/wp-json\/wp\/v2\/product_tag?post=125162"}],"curies":[{"name":"wp","href":"https:\/\/api.w.org\/{rel}","templated":true}]}}