{"id":125135,"date":"2018-07-31T14:34:26","date_gmt":"2018-07-31T12:34:26","guid":{"rendered":"https:\/\/dutchhealthstore.com\/product\/vanilla-fusion-carrier-oil\/"},"modified":"2026-03-28T20:23:05","modified_gmt":"2026-03-28T19:23:05","slug":"vanilla-fusion-carrier-oil","status":"publish","type":"product","link":"https:\/\/dutchhealthstore.com\/de\/product\/vanilla-fusion-carrier-oil\/","title":{"rendered":"Vanilla Fusion Carrier Oil"},"content":{"rendered":"<p style=\"font-weight: 400;\"><b><strong><img decoding=\"async\" class=\"size-full wp-image-37041 alignright\" src=\"https:\/\/dutchhealthstore.com\/wp-content\/uploads\/2018\/04\/Living_Libations-1.png\" alt=\"Organic &amp; Natural Beautyproducts - Living Libations\" width=\"175\" height=\"82\"><\/strong><\/b><\/p>\n<p><strong>Botanischer Name:<\/strong> Vanille planifolia<br \/>\n<strong>Botanische Familie:<\/strong> Orchidaceae<br \/>\n<strong>Extraktionsverfahren:<\/strong> Mazeration, Aufguss in Jojoba\u00f6l<br \/>\n<strong>Teil der Pflanze Destilliert:<\/strong> Samenkapseln<br \/>\n<strong>Zusammensetzung:<\/strong> 100% Vanilla planifolia + Simmondsia chinensis<br \/>\n<strong>Konsistenz:<\/strong> Mittlere Viskosit\u00e4t<br \/>\n<strong>Herkunftsland<\/strong>: Madagaskar<br \/>\n<strong>Anbaumethode:<\/strong> Bio<\/p>\n<h3>Beschreibung des Duftes<\/h3>\n<p>W\u00e4rmende, subtile Honignoten, die alles mit einem beruhigenden Fl\u00fcstern von Leckerem erleichtern!<\/p>\n<h3>Gut mischbar mit<\/h3>\n<p>Jasmin, Rosen, Sandelholz, Strohblume, Nelke, Bergamotte, Limette, Grapefruit, Zitrone, Hopfen, Geranie, Ylang, Melisse, Eisenkraut, Flieder, Neroli, Weihrauch, Blutorange, Spikenard, Vetiver, Zimt, Kardamom und Petitgrain.<\/p>\n<h3>Verwendet<\/h3>\n<p>Dieses kosmische Tr\u00e4ger\u00f6l ist eine feine Grundlage f\u00fcr sch\u00f6ne K\u00f6rper\u00f6le, sinnliche Seren und k\u00f6stliche Liebeslotionen. Mischung als Entspannungsmittel und s\u00fc\u00dfes Schlafserum. Ein wohltuendes Streicheln als Massage\u00f6l. Perfekt in Parf\u00fcms und charismatisch in Eau de Cologne als Tr\u00e4ger. Eine badende Sch\u00f6nheit.<\/p>\n<p>Vanille verstr\u00f6mt warme Sinnlichkeit. Wir lassen rohe Bio-Vanilleschoten einige Vollmondzyklen lang in reinem, goldenem Jojoba\u00f6l einweichen, bis die sinnliche Essenz und die beruhigende Natur der Vanille das Jojoba\u00f6l durchtr\u00e4nkt haben.<\/p>\n<p>Das herrliche, goldene Jojoba n\u00e4hrt und pflegt durstige Haut. Es hat die unvergleichliche F\u00e4higkeit, die Haut mit Feuchtigkeit zu versorgen, die \u00d6lproduktion auszugleichen, die Poren gr\u00fcndlich zu reinigen und eine lang anhaltende Pflegewirkung zu erzielen, die die Haut weich wie Seide macht. Es ist vollgepackt mit Peptiden und Lipiden und enth\u00e4lt den h\u00f6chsten Gehalt an phenolischen Verbindungen, die in der Natur vorkommen, sowie Antioxidantien und alle l\u00f6slichen Formen von Vitamin E!<\/p>\n<p><strong>Gr\u00f6\u00dfe: 15 ml und 30 ml<\/strong><\/p>\n<h3>Bio-Zutaten<\/h3>\n<p>Tr\u00e4ger\u00f6l aus 100% Vanilla planifolia und Simmondsia chinensis.<\/p>\n<p style=\"text-align: center;\"><em>&#8222;Der Parf\u00fcmeur ist der Vanille zu gro\u00dfem Dank verpflichtet&#8230; sie verleiht nicht nur einen s\u00fc\u00dfen und angenehmen Duft, sondern ist auch ungew\u00f6hnlich langanhaltend und eignet sich daher hervorragend zur &#8222;Fixierung&#8220; eines Duftes.&#8220;<\/em><br \/>\n~ Jill Jesse, <strong>Perfume Album<\/strong><\/p>\n<p style=\"text-align: center;\"><em>&#8222;Eine Weile war er wie verhext vom Wind, der den schwachen Duft der Vanillefelder verstr\u00f6mt, und sah zu, wie sich der h\u00e4ngende Kolibri an die schaukelnde Blume klammerte, wie ein goldenes Ding.&#8220;<\/em><br \/>\n~ Frederick William Faber<\/p>\n<p><img fetchpriority=\"high\" decoding=\"async\" class=\"aligncenter size-full wp-image-31577\" src=\"https:\/\/dutchhealthstore.com\/wp-content\/uploads\/2018\/03\/organic_big.png\" alt=\"Organic and Natural - Living Libations\" width=\"623\" height=\"103\" srcset=\"https:\/\/dutchhealthstore.com\/wp-content\/uploads\/2018\/03\/organic_big.png 623w, https:\/\/dutchhealthstore.com\/wp-content\/uploads\/2018\/03\/organic_big-510x84.png 510w, https:\/\/dutchhealthstore.com\/wp-content\/uploads\/2018\/03\/organic_big-600x99.png 600w, https:\/\/dutchhealthstore.com\/wp-content\/uploads\/2018\/03\/organic_big-350x58.png 350w\" sizes=\"(max-width: 623px) 100vw, 623px\" \/><\/p>\n","protected":false},"excerpt":{"rendered":"<p style=\"font-weight: 400;\">Diese samtige <b><strong>Vanille<\/strong><\/b><b> <\/b><b><strong>Fusion<\/strong><\/b> ist ein k\u00f6stliches und dekadentes Angebot. Wir f\u00fcgen die Vanilleschoten dem goldenen Jojoba als Teil unseres umfassenden Formulierungsprozesses hinzu und bieten Ihnen nun dieses \u00fcppige Tr\u00e4ger\u00f6l an!<\/p>\n<p style=\"font-weight: 400;\">Im Laufe von drei Monden werden rohe Vanilleschoten mit gesundem Jojoba getr\u00e4nkt. Dieses opulente \u00d6l l\u00e4dt den bet\u00f6renden Duft der Vanille in seine Falten ein. Eine beeindruckende Vereinigung! Diese Duftmischung verbessert Massage\u00f6le, umh\u00fcllt Parfums, beruhigt die Sinne, und der sanfte, sinnliche Duft weckt das Verlangen.<\/p>\n<p style=\"font-weight: 400;\">Vanilla Fusion ist durchsichtig, traumhaft und k\u00f6stlich. Es tr\u00e4ufelt Dekadenz auf Ihre Haut und Ihre Sinne.<\/p>\n","protected":false},"featured_media":117456,"comment_status":"open","ping_status":"closed","template":"","meta":[],"product_brand":[],"product_cat":[6737,1508,1493,1210,2022,6736],"product_tag":[8912,1547],"class_list":{"0":"post-125135","1":"product","2":"type-product","3":"status-publish","4":"has-post-thumbnail","6":"product_cat-essential-oils-de-2","7":"product_cat-aetherische-oele-living-libations","8":"product_cat-living-libations-deutschland","9":"product_cat-marken","10":"product_cat-tragerol","11":"product_cat-wellness-de","12":"product_tag-carrier-oil-de","13":"product_tag-essential-oil-de","14":"pa_brand-livinglibations-de","15":"pa_essential-oils-product-type-carrier-oils-de","16":"pa_essential-oils-product-type-essential-oils-de","17":"pa_size-15-ml-de-2","18":"pa_size-30-ml-de","20":"first","21":"outofstock","22":"taxable","23":"shipping-taxable","24":"purchasable","25":"product-type-variable"},"bundled_by":[],"bundle_stock_status":"outofstock","bundle_stock_quantity":null,"bundle_virtual":false,"bundle_layout":"","bundle_add_to_cart_form_location":"","bundle_editable_in_cart":false,"bundle_sold_individually_context":"","bundle_item_grouping":"","bundle_min_size":"","bundle_max_size":"","bundle_price":[],"bundled_items":[],"bundle_sell_ids":[],"atum_controlled":true,"out_stock_date":null,"out_stock_threshold":null,"inheritable":true,"stock_on_hold":0,"sold_today":0,"sales_last_days":0,"out_stock_days":0,"lost_sales":0,"update_date":"2026-04-11T00:02:14","atum_locations":[],"atum_stock_status":"instock","restock_status":false,"low_stock_amount":"","sales_update_date":"2026-04-11T00:02:14","calc_backorders":null,"group_of_quantity":0,"min_quantity":0,"max_quantity":"","exclude_order_quantity_value_rules":"no","exclude_category_quantity_rules":"no","combine_variations":"no","yoast_head":"<!-- This site is optimized with the Yoast SEO Premium plugin v26.5 (Yoast SEO v26.5) - https:\/\/yoast.com\/wordpress\/plugins\/seo\/ -->\n<title>Vanilla Fusion Carrier Oil | Living Libations<\/title>\n<meta name=\"description\" content=\"Wir f\u00fcgen die Vanilleschoten dem goldenen Jojoba als Teil unseres umfassenden Formulierungsprozesses hinzu und bieten Ihnen nun dieses \u00fcppige Tr\u00e4ger\u00f6l an!\" \/>\n<meta name=\"robots\" content=\"index, follow, max-snippet:-1, max-image-preview:large, max-video-preview:-1\" \/>\n<link rel=\"canonical\" href=\"https:\/\/dutchhealthstore.com\/de\/product\/vanilla-fusion-carrier-oil\/\" \/>\n<meta property=\"og:locale\" content=\"de_DE\" \/>\n<meta property=\"og:type\" content=\"article\" \/>\n<meta property=\"og:title\" content=\"Vanilla Fusion Carrier Oil - Dutch Health Store\" \/>\n<meta property=\"og:description\" content=\"Wir f\u00fcgen die Vanilleschoten dem goldenen Jojoba als Teil unseres umfassenden Formulierungsprozesses hinzu und bieten Ihnen nun dieses \u00fcppige Tr\u00e4ger\u00f6l an!\" \/>\n<meta property=\"og:url\" content=\"https:\/\/dutchhealthstore.com\/de\/product\/vanilla-fusion-carrier-oil\/\" \/>\n<meta property=\"og:site_name\" content=\"Dutch Health Store\" \/>\n<meta property=\"article:publisher\" content=\"https:\/\/www.instagram.com\/dutchhealthstore\/\" \/>\n<meta property=\"article:modified_time\" content=\"2026-03-28T19:23:05+00:00\" \/>\n<meta property=\"og:image\" content=\"https:\/\/dutchhealthstore.com\/wp-content\/uploads\/2018\/07\/Living-Libations-Vanilla-Fusion-Carrier-Oil-e1596442332668.png\" \/>\n\t<meta property=\"og:image:width\" content=\"500\" \/>\n\t<meta property=\"og:image:height\" content=\"498\" \/>\n\t<meta property=\"og:image:type\" content=\"image\/jpeg\" \/>\n<meta name=\"twitter:card\" content=\"summary_large_image\" \/>\n<meta name=\"twitter:label1\" content=\"Verf\u00fcgbarkeit\" \/>\n\t<meta name=\"twitter:data1\" content=\"ausverkauft\" \/>\n<script type=\"application\/ld+json\" class=\"yoast-schema-graph\">{\"@context\":\"https:\/\/schema.org\",\"@graph\":[{\"@type\":\"WebPage\",\"@id\":\"https:\/\/dutchhealthstore.com\/de\/product\/vanilla-fusion-carrier-oil\/\",\"url\":\"https:\/\/dutchhealthstore.com\/de\/product\/vanilla-fusion-carrier-oil\/\",\"name\":\"Vanilla Fusion Carrier Oil | Living Libations\",\"isPartOf\":{\"@id\":\"https:\/\/dutchhealthstore.com\/de\/#website\"},\"primaryImageOfPage\":{\"@id\":\"https:\/\/dutchhealthstore.com\/de\/product\/vanilla-fusion-carrier-oil\/#primaryimage\"},\"image\":{\"@id\":\"https:\/\/dutchhealthstore.com\/de\/product\/vanilla-fusion-carrier-oil\/#primaryimage\"},\"thumbnailUrl\":\"https:\/\/dutchhealthstore.com\/wp-content\/uploads\/2018\/07\/Living-Libations-Vanilla-Fusion-Carrier-Oil-e1596442332668.png\",\"datePublished\":\"2018-07-31T12:34:26+00:00\",\"dateModified\":\"2026-03-28T19:23:05+00:00\",\"description\":\"Wir f\u00fcgen die Vanilleschoten dem goldenen Jojoba als Teil unseres umfassenden Formulierungsprozesses hinzu und bieten Ihnen nun dieses \u00fcppige Tr\u00e4ger\u00f6l an!\",\"breadcrumb\":{\"@id\":\"https:\/\/dutchhealthstore.com\/de\/product\/vanilla-fusion-carrier-oil\/#breadcrumb\"},\"inLanguage\":\"de\",\"potentialAction\":[{\"@type\":\"ReadAction\",\"target\":[\"https:\/\/dutchhealthstore.com\/de\/product\/vanilla-fusion-carrier-oil\/\"]}]},{\"@type\":\"ImageObject\",\"inLanguage\":\"de\",\"@id\":\"https:\/\/dutchhealthstore.com\/de\/product\/vanilla-fusion-carrier-oil\/#primaryimage\",\"url\":\"https:\/\/dutchhealthstore.com\/wp-content\/uploads\/2018\/07\/Living-Libations-Vanilla-Fusion-Carrier-Oil-e1596442332668.png\",\"contentUrl\":\"https:\/\/dutchhealthstore.com\/wp-content\/uploads\/2018\/07\/Living-Libations-Vanilla-Fusion-Carrier-Oil-e1596442332668.png\",\"width\":500,\"height\":498,\"caption\":\"Living Libations Vanilla Fusion Carrier Oil\"},{\"@type\":\"BreadcrumbList\",\"@id\":\"https:\/\/dutchhealthstore.com\/de\/product\/vanilla-fusion-carrier-oil\/#breadcrumb\",\"itemListElement\":[{\"@type\":\"ListItem\",\"position\":1,\"name\":\"Home\",\"item\":\"https:\/\/dutchhealthstore.com\/de\/\"},{\"@type\":\"ListItem\",\"position\":2,\"name\":\"Shop\",\"item\":\"https:\/\/dutchhealthstore.com\/de\/shop-2\/\"},{\"@type\":\"ListItem\",\"position\":3,\"name\":\"Vanilla Fusion Carrier Oil\"}]},{\"@type\":\"WebSite\",\"@id\":\"https:\/\/dutchhealthstore.com\/de\/#website\",\"url\":\"https:\/\/dutchhealthstore.com\/de\/\",\"name\":\"Dutch Health Store\",\"description\":\"Enhance Your Beauty with Organic &amp; Natural Skincare\",\"publisher\":{\"@id\":\"https:\/\/dutchhealthstore.com\/de\/#organization\"},\"potentialAction\":[{\"@type\":\"SearchAction\",\"target\":{\"@type\":\"EntryPoint\",\"urlTemplate\":\"https:\/\/dutchhealthstore.com\/de\/?s={search_term_string}\"},\"query-input\":{\"@type\":\"PropertyValueSpecification\",\"valueRequired\":true,\"valueName\":\"search_term_string\"}}],\"inLanguage\":\"de\"},{\"@type\":\"Organization\",\"@id\":\"https:\/\/dutchhealthstore.com\/de\/#organization\",\"name\":\"Dutch Health Store\",\"url\":\"https:\/\/dutchhealthstore.com\/de\/\",\"logo\":{\"@type\":\"ImageObject\",\"inLanguage\":\"de\",\"@id\":\"https:\/\/dutchhealthstore.com\/de\/#\/schema\/logo\/image\/\",\"url\":\"https:\/\/dutchhealthstore.com\/wp-content\/uploads\/2020\/08\/logo-dutchhealthstore-jpg-e1599484957574.jpg\",\"contentUrl\":\"https:\/\/dutchhealthstore.com\/wp-content\/uploads\/2020\/08\/logo-dutchhealthstore-jpg-e1599484957574.jpg\",\"width\":400,\"height\":62,\"caption\":\"Dutch Health Store\"},\"image\":{\"@id\":\"https:\/\/dutchhealthstore.com\/de\/#\/schema\/logo\/image\/\"},\"sameAs\":[\"https:\/\/www.instagram.com\/dutchhealthstore\/\",\"https:\/\/www.facebook.com\/dutchhealthstore\"]}]}<\/script>\n<meta property=\"product:brand\" content=\"Living Libations\" \/>\n<meta property=\"og:availability\" content=\"out of stock\" \/>\n<meta property=\"product:availability\" content=\"out of stock\" \/>\n<meta property=\"product:condition\" content=\"new\" \/>\n<!-- \/ Yoast SEO Premium plugin. -->","yoast_head_json":{"title":"Vanilla Fusion Carrier Oil | Living Libations","description":"Wir f\u00fcgen die Vanilleschoten dem goldenen Jojoba als Teil unseres umfassenden Formulierungsprozesses hinzu und bieten Ihnen nun dieses \u00fcppige Tr\u00e4ger\u00f6l an!","robots":{"index":"index","follow":"follow","max-snippet":"max-snippet:-1","max-image-preview":"max-image-preview:large","max-video-preview":"max-video-preview:-1"},"canonical":"https:\/\/dutchhealthstore.com\/de\/product\/vanilla-fusion-carrier-oil\/","og_locale":"de_DE","og_type":"article","og_title":"Vanilla Fusion Carrier Oil - Dutch Health Store","og_description":"Wir f\u00fcgen die Vanilleschoten dem goldenen Jojoba als Teil unseres umfassenden Formulierungsprozesses hinzu und bieten Ihnen nun dieses \u00fcppige Tr\u00e4ger\u00f6l an!","og_url":"https:\/\/dutchhealthstore.com\/de\/product\/vanilla-fusion-carrier-oil\/","og_site_name":"Dutch Health Store","article_publisher":"https:\/\/www.instagram.com\/dutchhealthstore\/","article_modified_time":"2026-03-28T19:23:05+00:00","og_image":[{"width":500,"height":498,"url":"https:\/\/dutchhealthstore.com\/wp-content\/uploads\/2018\/07\/Living-Libations-Vanilla-Fusion-Carrier-Oil-e1596442332668.png","type":"image\/jpeg"}],"twitter_card":"summary_large_image","twitter_misc":{"Verf\u00fcgbarkeit":"ausverkauft"},"schema":{"@context":"https:\/\/schema.org","@graph":[{"@type":"WebPage","@id":"https:\/\/dutchhealthstore.com\/de\/product\/vanilla-fusion-carrier-oil\/","url":"https:\/\/dutchhealthstore.com\/de\/product\/vanilla-fusion-carrier-oil\/","name":"Vanilla Fusion Carrier Oil | Living Libations","isPartOf":{"@id":"https:\/\/dutchhealthstore.com\/de\/#website"},"primaryImageOfPage":{"@id":"https:\/\/dutchhealthstore.com\/de\/product\/vanilla-fusion-carrier-oil\/#primaryimage"},"image":{"@id":"https:\/\/dutchhealthstore.com\/de\/product\/vanilla-fusion-carrier-oil\/#primaryimage"},"thumbnailUrl":"https:\/\/dutchhealthstore.com\/wp-content\/uploads\/2018\/07\/Living-Libations-Vanilla-Fusion-Carrier-Oil-e1596442332668.png","datePublished":"2018-07-31T12:34:26+00:00","dateModified":"2026-03-28T19:23:05+00:00","description":"Wir f\u00fcgen die Vanilleschoten dem goldenen Jojoba als Teil unseres umfassenden Formulierungsprozesses hinzu und bieten Ihnen nun dieses \u00fcppige Tr\u00e4ger\u00f6l an!","breadcrumb":{"@id":"https:\/\/dutchhealthstore.com\/de\/product\/vanilla-fusion-carrier-oil\/#breadcrumb"},"inLanguage":"de","potentialAction":[{"@type":"ReadAction","target":["https:\/\/dutchhealthstore.com\/de\/product\/vanilla-fusion-carrier-oil\/"]}]},{"@type":"ImageObject","inLanguage":"de","@id":"https:\/\/dutchhealthstore.com\/de\/product\/vanilla-fusion-carrier-oil\/#primaryimage","url":"https:\/\/dutchhealthstore.com\/wp-content\/uploads\/2018\/07\/Living-Libations-Vanilla-Fusion-Carrier-Oil-e1596442332668.png","contentUrl":"https:\/\/dutchhealthstore.com\/wp-content\/uploads\/2018\/07\/Living-Libations-Vanilla-Fusion-Carrier-Oil-e1596442332668.png","width":500,"height":498,"caption":"Living Libations Vanilla Fusion Carrier Oil"},{"@type":"BreadcrumbList","@id":"https:\/\/dutchhealthstore.com\/de\/product\/vanilla-fusion-carrier-oil\/#breadcrumb","itemListElement":[{"@type":"ListItem","position":1,"name":"Home","item":"https:\/\/dutchhealthstore.com\/de\/"},{"@type":"ListItem","position":2,"name":"Shop","item":"https:\/\/dutchhealthstore.com\/de\/shop-2\/"},{"@type":"ListItem","position":3,"name":"Vanilla Fusion Carrier Oil"}]},{"@type":"WebSite","@id":"https:\/\/dutchhealthstore.com\/de\/#website","url":"https:\/\/dutchhealthstore.com\/de\/","name":"Dutch Health Store","description":"Enhance Your Beauty with Organic &amp; Natural Skincare","publisher":{"@id":"https:\/\/dutchhealthstore.com\/de\/#organization"},"potentialAction":[{"@type":"SearchAction","target":{"@type":"EntryPoint","urlTemplate":"https:\/\/dutchhealthstore.com\/de\/?s={search_term_string}"},"query-input":{"@type":"PropertyValueSpecification","valueRequired":true,"valueName":"search_term_string"}}],"inLanguage":"de"},{"@type":"Organization","@id":"https:\/\/dutchhealthstore.com\/de\/#organization","name":"Dutch Health Store","url":"https:\/\/dutchhealthstore.com\/de\/","logo":{"@type":"ImageObject","inLanguage":"de","@id":"https:\/\/dutchhealthstore.com\/de\/#\/schema\/logo\/image\/","url":"https:\/\/dutchhealthstore.com\/wp-content\/uploads\/2020\/08\/logo-dutchhealthstore-jpg-e1599484957574.jpg","contentUrl":"https:\/\/dutchhealthstore.com\/wp-content\/uploads\/2020\/08\/logo-dutchhealthstore-jpg-e1599484957574.jpg","width":400,"height":62,"caption":"Dutch Health Store"},"image":{"@id":"https:\/\/dutchhealthstore.com\/de\/#\/schema\/logo\/image\/"},"sameAs":["https:\/\/www.instagram.com\/dutchhealthstore\/","https:\/\/www.facebook.com\/dutchhealthstore"]}]},"product_brand":"Living Libations","og_availability":"out of stock","product_availability":"out of stock","product_condition":"new"},"_links":{"self":[{"href":"https:\/\/dutchhealthstore.com\/de\/wp-json\/wp\/v2\/product\/125135","targetHints":{"allow":["GET"]}}],"collection":[{"href":"https:\/\/dutchhealthstore.com\/de\/wp-json\/wp\/v2\/product"}],"about":[{"href":"https:\/\/dutchhealthstore.com\/de\/wp-json\/wp\/v2\/types\/product"}],"replies":[{"embeddable":true,"href":"https:\/\/dutchhealthstore.com\/de\/wp-json\/wp\/v2\/comments?post=125135"}],"wp:featuredmedia":[{"embeddable":true,"href":"https:\/\/dutchhealthstore.com\/de\/wp-json\/wp\/v2\/media\/117456"}],"wp:attachment":[{"href":"https:\/\/dutchhealthstore.com\/de\/wp-json\/wp\/v2\/media?parent=125135"}],"wp:term":[{"taxonomy":"product_brand","embeddable":true,"href":"https:\/\/dutchhealthstore.com\/de\/wp-json\/wp\/v2\/product_brand?post=125135"},{"taxonomy":"product_cat","embeddable":true,"href":"https:\/\/dutchhealthstore.com\/de\/wp-json\/wp\/v2\/product_cat?post=125135"},{"taxonomy":"product_tag","embeddable":true,"href":"https:\/\/dutchhealthstore.com\/de\/wp-json\/wp\/v2\/product_tag?post=125135"}],"curies":[{"name":"wp","href":"https:\/\/api.w.org\/{rel}","templated":true}]}}