{"id":125042,"date":"2020-05-14T15:20:47","date_gmt":"2020-05-14T13:20:47","guid":{"rendered":"https:\/\/dutchhealthstore.com\/product\/tuberose-absolute\/"},"modified":"2024-03-11T14:22:40","modified_gmt":"2024-03-11T14:22:40","slug":"tuberose-absolute","status":"publish","type":"product","link":"https:\/\/dutchhealthstore.com\/de\/product\/tuberose-absolute\/","title":{"rendered":"Tuberose Absolute"},"content":{"rendered":"<p><img decoding=\"async\" class=\"alignright size-full wp-image-69549\" src=\"https:\/\/dutchhealthstore.com\/wp-content\/uploads\/2019\/08\/NEW-Living-Libations-Logo.jpg\" alt=\"NEW - Living Libations - Logo\" width=\"175\" height=\"82\"><strong>Botanischer Name: <\/strong>Polianthes tuberosa<br \/>\n<strong>Botanische Familie:<\/strong> Agavaceae<br \/>\n<strong>Extraktionsverfahren:<\/strong> Absolute<br \/>\n<strong>Teil der Pflanze Destilliert:<\/strong> Bl\u00fcten<br \/>\n<strong>Herkunftsland:<\/strong> \u00c4gypten<br \/>\n<strong>Anbaumethode: <\/strong>Kultiviert<br \/>\n<strong>Zusammensetzung:<\/strong> Polianthes tuberosa<br \/>\n<strong>Konsistenz:<\/strong> Dickfl\u00fcssige Viskosit\u00e4t<\/p>\n<p><a href=\"https:\/\/dutchhealthstore.com\/wp-content\/uploads\/2020\/05\/ANALYSIS-Tuberose-Absolute-Living-Libations-6.pdf\">Klicken Sie hier f\u00fcr die Produktanalyse<\/a><\/p>\n<h3>Beschreibung des Duftes<\/h3>\n<p>Warm, berauschend, honigartig-blumig mit einem frischen Hauch von Balsamico-Chypre.<\/p>\n<h3>In Living Libations<\/h3>\n<p>Lei Lady Lei Petal Perfume<\/p>\n<h3>Gut mischbar mit<\/h3>\n<p>Jasmin, Nelke, Neroli, Rose, Orange, Bergamotte, Zitrone, Vanille, Limette, Patchouli, Ylang, Spikenard, Orriswurzel, Orangenbl\u00fcten-Absolue, Pappelbalsam, Lavendel und Eichenmoos.<\/p>\n<h3>Verwendet<\/h3>\n<p>Es wird haupts\u00e4chlich als Duft- und Entspannungsmittel verwendet und eignet sich perfekt als Einzelparf\u00fcm und\/oder zum Mischen mit anderen Essenzen, um ein luxuri\u00f6ses pers\u00f6nliches Parf\u00fcm zu kreieren. Mit Zitrus\u00f6len diffundieren. Diese Essenz ist dickfl\u00fcssig; erw\u00e4rmen Sie sie und verd\u00fcnnen Sie sie in Jojoba, einem \u00e4therischen Zitrus\u00f6l oder organischem Alkohol, um sie fl\u00fcssig zu halten. Genie\u00dfen Sie einfach die euphorische Bl\u00fcte direkt aus der Flasche zu inhalieren.<\/p>\n<p>Euphorisches Tuberose Absolute wird aus den Bl\u00fcten der sukkulenten und sinnlichen <em>Polianthes tuberosa<\/em> gez\u00fcchtet, einer Pflanze, die eng mit der Agave verwandt ist. Die cremewei\u00dfen, lilienartigen Bl\u00fcten ergeben eine starke, sinnlich-schw\u00fcle Essenz, die Honig und berauschende Bl\u00fcten verstr\u00f6mt. Tuberose Absolute wird h\u00e4ufig in Parf\u00fcms verwendet und ist ein amour\u00f6ses Waschmittel, das kultur\u00fcbergreifend von den Azteken, Hawaiianern und Ostindiern wegen seines entspannenden Dufts verwendet wurde.<\/p>\n<p>Nutzen Sie die duftende Kraft von Tuberose Absolute f\u00fcr eine luxuri\u00f6se, entr\u00fcckte Erg\u00e4nzung des Augenblicks. Er l\u00e4dt zu einer Aura der Euphorie ein und beschw\u00f6rt das herrlich Sinnliche. Es heitert den Geist auf und vertreibt stressige Gedanken in alle vier Himmelsrichtungen<\/p>\n<p><strong>Gr\u00f6\u00dfe: 2,5 ml<\/strong><\/p>\n<h3>Bio-Zutaten<\/h3>\n<p>100% Tuberose (Polianthes tuberosa) absolut.<\/p>\n<p style=\"text-align: center;\"><em>Tuberose ist sinnlich und hat eine starke, strahlende Qualit\u00e4t. Der Duft umarmt die Person, die ihn tr\u00e4gt, und erg\u00e4nzt ihren Charakter. In stressigen Situationen, die Kraft und Aufmerksamkeit f\u00fcr die Bed\u00fcrfnisse anderer erfordern, sch\u00fctzt das \u00e4therische Tuberose\u00f6l Ihre Energie und Ihre pers\u00f6nlichen Grenzen.&#8220;<\/em><br \/>\n~ Susanne Fischer-Rizzi, <strong>The Complete Aromatherapy Handbook: Essential Oils for Radiant Health<\/strong><\/p>\n<p style=\"text-align: center;\">&#8222;<em>Tuberose dient dazu, die Wahrheit in l\u00e4ngst vergessenen Wahrheiten zu finden, Hoffnungen, Tr\u00e4ume und Gebete an ihren rechtm\u00e4\u00dfigen Platz zu bringen und dabei die h\u00f6chsten Ebenen des Egos in die spirituelle Verwunderung zu integrieren&#8220;<br \/>\n<\/em>~ Valerie Ann Worwood, <strong>Aromatherapy for the Soul<\/strong><\/p>\n<p style=\"text-align: center;\"><em style=\"font-size: 14.4px;\">Und die Jessamine schwach, und die s\u00fc\u00dfe Tuberose, die s\u00fc\u00dfeste Blume f\u00fcr den Duft, der weht.&#8220;<\/em><br style=\"font-size: 14.4px;\"><span style=\"font-size: 14.4px;\">~ Percy Bysshe Shelley<\/span><\/p>\n<p><img fetchpriority=\"high\" decoding=\"async\" class=\"size-medium wp-image-68103 aligncenter\" src=\"https:\/\/dutchhealthstore.com\/wp-content\/uploads\/2018\/02\/Living-Libations-Organic-Logo-800x89.png\" alt=\"Living Libations - Organic Logo\" width=\"800\" height=\"89\" srcset=\"https:\/\/dutchhealthstore.com\/wp-content\/uploads\/2018\/02\/Living-Libations-Organic-Logo-800x89.png 800w, https:\/\/dutchhealthstore.com\/wp-content\/uploads\/2018\/02\/Living-Libations-Organic-Logo-510x57.png 510w, https:\/\/dutchhealthstore.com\/wp-content\/uploads\/2018\/02\/Living-Libations-Organic-Logo-768x85.png 768w, https:\/\/dutchhealthstore.com\/wp-content\/uploads\/2018\/02\/Living-Libations-Organic-Logo.png 1400w\" sizes=\"(max-width: 800px) 100vw, 800px\" \/><\/p>\n","protected":false},"excerpt":{"rendered":"<p>Das transzendente <strong>Tuberose<\/strong> Absolute ist in seiner reinen Form selten zu finden. Benannt nach der r\u00f6hrenf\u00f6rmigen Form der Wurzeln der Tuberose-Pflanze, ist Tuberose Absolute in der ostindischen Legende als &#8222;Herrin der Nacht&#8220; wegen seiner starken Liebestrank-Eigenschaften bekannt.<br \/>\nDiese exquisite Essenz erzeugt einen schw\u00fclen, verlockenden Blumenduft, der in einigen der bedeutendsten Parf\u00fcms der Welt verwendet wird.<br \/>\nDie alten Azteken verwendeten die Tuberose, auch &#8222;Knochenblume&#8220; genannt, bei Zeremonien, und die Hawaiianer verwenden die Tuberose nach wie vor, um duftende Blumen zu traditionellen hawaiianischen Blumenkr\u00e4nzen hinzuzuf\u00fcgen.<\/p>\n","protected":false},"featured_media":117441,"comment_status":"open","ping_status":"closed","template":"","meta":[],"product_brand":[],"product_cat":[1551,6737,1508,1493,1210,6736],"product_tag":[1547],"class_list":{"0":"post-125042","1":"product","2":"type-product","3":"status-publish","4":"has-post-thumbnail","6":"product_cat-absolute-essenz-living-libations","7":"product_cat-essential-oils-de-2","8":"product_cat-aetherische-oele-living-libations","9":"product_cat-living-libations-deutschland","10":"product_cat-marken","11":"product_cat-wellness-de","12":"product_tag-essential-oil-de","13":"pa_brand-livinglibations-de","14":"pa_essential-oils-product-type-absolute-essences-de","15":"pa_essential-oils-product-type-essential-oils-de","16":"pa_size-2-5-ml-de","18":"first","19":"instock","20":"taxable","21":"shipping-taxable","22":"purchasable","23":"product-type-simple"},"bundled_by":[],"bundle_stock_status":"instock","bundle_stock_quantity":2,"bundle_virtual":false,"bundle_layout":"","bundle_add_to_cart_form_location":"","bundle_editable_in_cart":false,"bundle_sold_individually_context":"","bundle_item_grouping":"","bundle_min_size":"","bundle_max_size":"","bundle_price":[],"bundled_items":[],"bundle_sell_ids":[],"atum_controlled":true,"out_stock_date":null,"out_stock_threshold":null,"inheritable":false,"stock_on_hold":0,"sold_today":0,"sales_last_days":0,"out_stock_days":0,"lost_sales":0,"update_date":"2026-04-07T13:46:49","atum_locations":[],"atum_stock_status":"instock","restock_status":false,"low_stock_amount":"","sales_update_date":"2026-04-07T13:46:49","calc_backorders":null,"group_of_quantity":0,"min_quantity":0,"max_quantity":"","exclude_order_quantity_value_rules":"no","exclude_category_quantity_rules":"no","combine_variations":"no","yoast_head":"<!-- This site is optimized with the Yoast SEO Premium plugin v26.5 (Yoast SEO v26.5) - https:\/\/yoast.com\/wordpress\/plugins\/seo\/ -->\n<title>Tuberose Absolute | Living Libations<\/title>\n<meta name=\"description\" content=\"Diese exquisite Essenz erzeugt einen schw\u00fclen, verlockenden Blumenduft, der in einigen der bedeutendsten Parf\u00fcms der Welt verwendet wird.\" \/>\n<meta name=\"robots\" content=\"index, follow, max-snippet:-1, max-image-preview:large, max-video-preview:-1\" \/>\n<link rel=\"canonical\" href=\"https:\/\/dutchhealthstore.com\/de\/product\/tuberose-absolute\/\" \/>\n<meta property=\"og:locale\" content=\"de_DE\" \/>\n<meta property=\"og:type\" content=\"article\" \/>\n<meta property=\"og:title\" content=\"Tuberose Absolute - Dutch Health Store\" \/>\n<meta property=\"og:description\" content=\"Diese exquisite Essenz erzeugt einen schw\u00fclen, verlockenden Blumenduft, der in einigen der bedeutendsten Parf\u00fcms der Welt verwendet wird.\" \/>\n<meta property=\"og:url\" content=\"https:\/\/dutchhealthstore.com\/de\/product\/tuberose-absolute\/\" \/>\n<meta property=\"og:site_name\" content=\"Dutch Health Store\" \/>\n<meta property=\"article:publisher\" content=\"https:\/\/www.instagram.com\/dutchhealthstore\/\" \/>\n<meta property=\"article:modified_time\" content=\"2024-03-11T14:22:40+00:00\" \/>\n<meta property=\"og:image\" content=\"https:\/\/dutchhealthstore.com\/wp-content\/uploads\/2020\/05\/Living-Libations-Tuberose-Abolute-e1596440559751.jpg\" \/>\n\t<meta property=\"og:image:width\" content=\"500\" \/>\n\t<meta property=\"og:image:height\" content=\"500\" \/>\n\t<meta property=\"og:image:type\" content=\"image\/jpeg\" \/>\n<meta name=\"twitter:card\" content=\"summary_large_image\" \/>\n<meta name=\"twitter:label1\" content=\"Preis\" \/>\n\t<meta name=\"twitter:data1\" content=\"&euro;81,00\" \/>\n\t<meta name=\"twitter:label2\" content=\"Verf\u00fcgbarkeit\" \/>\n\t<meta name=\"twitter:data2\" content=\"Auf Lager\" \/>\n<script type=\"application\/ld+json\" class=\"yoast-schema-graph\">{\"@context\":\"https:\/\/schema.org\",\"@graph\":[{\"@type\":\"WebPage\",\"@id\":\"https:\/\/dutchhealthstore.com\/de\/product\/tuberose-absolute\/\",\"url\":\"https:\/\/dutchhealthstore.com\/de\/product\/tuberose-absolute\/\",\"name\":\"Tuberose Absolute | Living Libations\",\"isPartOf\":{\"@id\":\"https:\/\/dutchhealthstore.com\/de\/#website\"},\"primaryImageOfPage\":{\"@id\":\"https:\/\/dutchhealthstore.com\/de\/product\/tuberose-absolute\/#primaryimage\"},\"image\":{\"@id\":\"https:\/\/dutchhealthstore.com\/de\/product\/tuberose-absolute\/#primaryimage\"},\"thumbnailUrl\":\"https:\/\/dutchhealthstore.com\/wp-content\/uploads\/2020\/05\/Living-Libations-Tuberose-Abolute-e1596440559751.jpg\",\"datePublished\":\"2020-05-14T13:20:47+00:00\",\"dateModified\":\"2024-03-11T14:22:40+00:00\",\"description\":\"Diese exquisite Essenz erzeugt einen schw\u00fclen, verlockenden Blumenduft, der in einigen der bedeutendsten Parf\u00fcms der Welt verwendet wird.\",\"breadcrumb\":{\"@id\":\"https:\/\/dutchhealthstore.com\/de\/product\/tuberose-absolute\/#breadcrumb\"},\"inLanguage\":\"de\",\"potentialAction\":[{\"@type\":\"ReadAction\",\"target\":[\"https:\/\/dutchhealthstore.com\/de\/product\/tuberose-absolute\/\"]}]},{\"@type\":\"ImageObject\",\"inLanguage\":\"de\",\"@id\":\"https:\/\/dutchhealthstore.com\/de\/product\/tuberose-absolute\/#primaryimage\",\"url\":\"https:\/\/dutchhealthstore.com\/wp-content\/uploads\/2020\/05\/Living-Libations-Tuberose-Abolute-e1596440559751.jpg\",\"contentUrl\":\"https:\/\/dutchhealthstore.com\/wp-content\/uploads\/2020\/05\/Living-Libations-Tuberose-Abolute-e1596440559751.jpg\",\"width\":500,\"height\":500,\"caption\":\"Living Libations Tuberose Abolute\"},{\"@type\":\"BreadcrumbList\",\"@id\":\"https:\/\/dutchhealthstore.com\/de\/product\/tuberose-absolute\/#breadcrumb\",\"itemListElement\":[{\"@type\":\"ListItem\",\"position\":1,\"name\":\"Home\",\"item\":\"https:\/\/dutchhealthstore.com\/de\/\"},{\"@type\":\"ListItem\",\"position\":2,\"name\":\"Shop\",\"item\":\"https:\/\/dutchhealthstore.com\/de\/shop-2\/\"},{\"@type\":\"ListItem\",\"position\":3,\"name\":\"Tuberose Absolute\"}]},{\"@type\":\"WebSite\",\"@id\":\"https:\/\/dutchhealthstore.com\/de\/#website\",\"url\":\"https:\/\/dutchhealthstore.com\/de\/\",\"name\":\"Dutch Health Store\",\"description\":\"Enhance Your Beauty with Organic &amp; Natural Skincare\",\"publisher\":{\"@id\":\"https:\/\/dutchhealthstore.com\/de\/#organization\"},\"potentialAction\":[{\"@type\":\"SearchAction\",\"target\":{\"@type\":\"EntryPoint\",\"urlTemplate\":\"https:\/\/dutchhealthstore.com\/de\/?s={search_term_string}\"},\"query-input\":{\"@type\":\"PropertyValueSpecification\",\"valueRequired\":true,\"valueName\":\"search_term_string\"}}],\"inLanguage\":\"de\"},{\"@type\":\"Organization\",\"@id\":\"https:\/\/dutchhealthstore.com\/de\/#organization\",\"name\":\"Dutch Health Store\",\"url\":\"https:\/\/dutchhealthstore.com\/de\/\",\"logo\":{\"@type\":\"ImageObject\",\"inLanguage\":\"de\",\"@id\":\"https:\/\/dutchhealthstore.com\/de\/#\/schema\/logo\/image\/\",\"url\":\"https:\/\/dutchhealthstore.com\/wp-content\/uploads\/2020\/08\/logo-dutchhealthstore-jpg-e1599484957574.jpg\",\"contentUrl\":\"https:\/\/dutchhealthstore.com\/wp-content\/uploads\/2020\/08\/logo-dutchhealthstore-jpg-e1599484957574.jpg\",\"width\":400,\"height\":62,\"caption\":\"Dutch Health Store\"},\"image\":{\"@id\":\"https:\/\/dutchhealthstore.com\/de\/#\/schema\/logo\/image\/\"},\"sameAs\":[\"https:\/\/www.instagram.com\/dutchhealthstore\/\",\"https:\/\/www.facebook.com\/dutchhealthstore\"]}]}<\/script>\n<meta property=\"product:brand\" content=\"Living Libations\" \/>\n<meta property=\"product:price:amount\" content=\"81.00\" \/>\n<meta property=\"product:price:currency\" content=\"EUR\" \/>\n<meta property=\"og:availability\" content=\"instock\" \/>\n<meta property=\"product:availability\" content=\"instock\" \/>\n<meta property=\"product:condition\" content=\"new\" \/>\n<!-- \/ Yoast SEO Premium plugin. -->","yoast_head_json":{"title":"Tuberose Absolute | Living Libations","description":"Diese exquisite Essenz erzeugt einen schw\u00fclen, verlockenden Blumenduft, der in einigen der bedeutendsten Parf\u00fcms der Welt verwendet wird.","robots":{"index":"index","follow":"follow","max-snippet":"max-snippet:-1","max-image-preview":"max-image-preview:large","max-video-preview":"max-video-preview:-1"},"canonical":"https:\/\/dutchhealthstore.com\/de\/product\/tuberose-absolute\/","og_locale":"de_DE","og_type":"article","og_title":"Tuberose Absolute - Dutch Health Store","og_description":"Diese exquisite Essenz erzeugt einen schw\u00fclen, verlockenden Blumenduft, der in einigen der bedeutendsten Parf\u00fcms der Welt verwendet wird.","og_url":"https:\/\/dutchhealthstore.com\/de\/product\/tuberose-absolute\/","og_site_name":"Dutch Health Store","article_publisher":"https:\/\/www.instagram.com\/dutchhealthstore\/","article_modified_time":"2024-03-11T14:22:40+00:00","og_image":[{"width":500,"height":500,"url":"https:\/\/dutchhealthstore.com\/wp-content\/uploads\/2020\/05\/Living-Libations-Tuberose-Abolute-e1596440559751.jpg","type":"image\/jpeg"}],"twitter_card":"summary_large_image","twitter_misc":{"Preis":"&euro;81,00","Verf\u00fcgbarkeit":"Auf Lager"},"schema":{"@context":"https:\/\/schema.org","@graph":[{"@type":"WebPage","@id":"https:\/\/dutchhealthstore.com\/de\/product\/tuberose-absolute\/","url":"https:\/\/dutchhealthstore.com\/de\/product\/tuberose-absolute\/","name":"Tuberose Absolute | Living Libations","isPartOf":{"@id":"https:\/\/dutchhealthstore.com\/de\/#website"},"primaryImageOfPage":{"@id":"https:\/\/dutchhealthstore.com\/de\/product\/tuberose-absolute\/#primaryimage"},"image":{"@id":"https:\/\/dutchhealthstore.com\/de\/product\/tuberose-absolute\/#primaryimage"},"thumbnailUrl":"https:\/\/dutchhealthstore.com\/wp-content\/uploads\/2020\/05\/Living-Libations-Tuberose-Abolute-e1596440559751.jpg","datePublished":"2020-05-14T13:20:47+00:00","dateModified":"2024-03-11T14:22:40+00:00","description":"Diese exquisite Essenz erzeugt einen schw\u00fclen, verlockenden Blumenduft, der in einigen der bedeutendsten Parf\u00fcms der Welt verwendet wird.","breadcrumb":{"@id":"https:\/\/dutchhealthstore.com\/de\/product\/tuberose-absolute\/#breadcrumb"},"inLanguage":"de","potentialAction":[{"@type":"ReadAction","target":["https:\/\/dutchhealthstore.com\/de\/product\/tuberose-absolute\/"]}]},{"@type":"ImageObject","inLanguage":"de","@id":"https:\/\/dutchhealthstore.com\/de\/product\/tuberose-absolute\/#primaryimage","url":"https:\/\/dutchhealthstore.com\/wp-content\/uploads\/2020\/05\/Living-Libations-Tuberose-Abolute-e1596440559751.jpg","contentUrl":"https:\/\/dutchhealthstore.com\/wp-content\/uploads\/2020\/05\/Living-Libations-Tuberose-Abolute-e1596440559751.jpg","width":500,"height":500,"caption":"Living Libations Tuberose Abolute"},{"@type":"BreadcrumbList","@id":"https:\/\/dutchhealthstore.com\/de\/product\/tuberose-absolute\/#breadcrumb","itemListElement":[{"@type":"ListItem","position":1,"name":"Home","item":"https:\/\/dutchhealthstore.com\/de\/"},{"@type":"ListItem","position":2,"name":"Shop","item":"https:\/\/dutchhealthstore.com\/de\/shop-2\/"},{"@type":"ListItem","position":3,"name":"Tuberose Absolute"}]},{"@type":"WebSite","@id":"https:\/\/dutchhealthstore.com\/de\/#website","url":"https:\/\/dutchhealthstore.com\/de\/","name":"Dutch Health Store","description":"Enhance Your Beauty with Organic &amp; Natural Skincare","publisher":{"@id":"https:\/\/dutchhealthstore.com\/de\/#organization"},"potentialAction":[{"@type":"SearchAction","target":{"@type":"EntryPoint","urlTemplate":"https:\/\/dutchhealthstore.com\/de\/?s={search_term_string}"},"query-input":{"@type":"PropertyValueSpecification","valueRequired":true,"valueName":"search_term_string"}}],"inLanguage":"de"},{"@type":"Organization","@id":"https:\/\/dutchhealthstore.com\/de\/#organization","name":"Dutch Health Store","url":"https:\/\/dutchhealthstore.com\/de\/","logo":{"@type":"ImageObject","inLanguage":"de","@id":"https:\/\/dutchhealthstore.com\/de\/#\/schema\/logo\/image\/","url":"https:\/\/dutchhealthstore.com\/wp-content\/uploads\/2020\/08\/logo-dutchhealthstore-jpg-e1599484957574.jpg","contentUrl":"https:\/\/dutchhealthstore.com\/wp-content\/uploads\/2020\/08\/logo-dutchhealthstore-jpg-e1599484957574.jpg","width":400,"height":62,"caption":"Dutch Health Store"},"image":{"@id":"https:\/\/dutchhealthstore.com\/de\/#\/schema\/logo\/image\/"},"sameAs":["https:\/\/www.instagram.com\/dutchhealthstore\/","https:\/\/www.facebook.com\/dutchhealthstore"]}]},"product_brand":"Living Libations","product_price_amount":"81.00","product_price_currency":"EUR","og_availability":"instock","product_availability":"instock","product_condition":"new"},"_links":{"self":[{"href":"https:\/\/dutchhealthstore.com\/de\/wp-json\/wp\/v2\/product\/125042","targetHints":{"allow":["GET"]}}],"collection":[{"href":"https:\/\/dutchhealthstore.com\/de\/wp-json\/wp\/v2\/product"}],"about":[{"href":"https:\/\/dutchhealthstore.com\/de\/wp-json\/wp\/v2\/types\/product"}],"replies":[{"embeddable":true,"href":"https:\/\/dutchhealthstore.com\/de\/wp-json\/wp\/v2\/comments?post=125042"}],"wp:featuredmedia":[{"embeddable":true,"href":"https:\/\/dutchhealthstore.com\/de\/wp-json\/wp\/v2\/media\/117441"}],"wp:attachment":[{"href":"https:\/\/dutchhealthstore.com\/de\/wp-json\/wp\/v2\/media?parent=125042"}],"wp:term":[{"taxonomy":"product_brand","embeddable":true,"href":"https:\/\/dutchhealthstore.com\/de\/wp-json\/wp\/v2\/product_brand?post=125042"},{"taxonomy":"product_cat","embeddable":true,"href":"https:\/\/dutchhealthstore.com\/de\/wp-json\/wp\/v2\/product_cat?post=125042"},{"taxonomy":"product_tag","embeddable":true,"href":"https:\/\/dutchhealthstore.com\/de\/wp-json\/wp\/v2\/product_tag?post=125042"}],"curies":[{"name":"wp","href":"https:\/\/api.w.org\/{rel}","templated":true}]}}