{"id":125017,"date":"2020-06-27T14:59:08","date_gmt":"2020-06-27T14:59:08","guid":{"rendered":"https:\/\/dutchhealthstore.com\/product\/tobacco-absolute\/"},"modified":"2025-12-23T09:39:11","modified_gmt":"2025-12-23T08:39:11","slug":"tobacco-absolute","status":"publish","type":"product","link":"https:\/\/dutchhealthstore.com\/de\/product\/tobacco-absolute\/","title":{"rendered":"Tobacco Absolute"},"content":{"rendered":"<h3><img decoding=\"async\" class=\"alignright size-full wp-image-69549\" src=\"https:\/\/dutchhealthstore.com\/wp-content\/uploads\/2019\/08\/NEW-Living-Libations-Logo.jpg\" alt=\"NEW - Living Libations - Logo\" width=\"175\" height=\"82\"><\/h3>\n<p><strong>Botanischer Name:<\/strong> Nicotiana tabacum<br \/>\n<strong>Botanische Familie:<\/strong> Nachtschattengew\u00e4chse<br \/>\n<strong>Extraktionsverfahren:<\/strong> L\u00f6sungsmittel extrahiert<br \/>\n<strong>Teil der Pflanze Destilliert:<\/strong> Bl\u00e4tter<br \/>\n<strong>Herkunftsland:<\/strong> Frankreich<br \/>\n<strong>Anbaumethode:<\/strong> Bio<br \/>\n<strong>Zusammensetzung:<\/strong> 100% Nicotiana tabacum<br \/>\n<strong>Konsistenz:<\/strong> Mittlere Viskosit\u00e4t<\/p>\n<a href=\"https:\/\/dutchhealthstore.com\/wp-content\/uploads\/2020\/06\/ANALYSIS-Tobacco-Absolute-Living-Libations.pdf\" class=\"button primary is-primary is-small\"  >\n\t\t<span> PRODUKTANALYSE &gt;<\/span>\n\t<\/a>\n\n<h3>Beschreibung des Duftes<\/h3>\n<p>Reichhaltig und erdig, mit unbestreitbaren Noten von ledrigem Tabak, gemildert durch s\u00fc\u00dfe, nelken\u00e4hnliche Bl\u00fcten und schurkische Wurzeln.<\/p>\n<h3>Gut mischbar mit<\/h3>\n<p>Jasmin, Grapefruit, Sandelholz, Vetiver, Patchouli, Zistrose, Labdanum, Bergamotte, Kardamom, Majoran, Lavendel, Ylang, Tuberose und Nelke.<\/p>\n<h3>Verwendet<\/h3>\n<p>Verd\u00fcnnen Sie es in Alkohol oder Jojoba, um ein feines Waldparf\u00fcm herzustellen. Einatmen, um Emotionen und Geist zu heben. Stellen Sie eine meisterhafte Mischung mit Sages und Cedar als Spr\u00fch-Rauch f\u00fcr heilige R\u00e4ume und Zeremonien her.<\/p>\n<p>Aus den rauchigen Tiefen des Bodens entspringt ein s\u00fc\u00dfes, duftendes Geschenk: die Bl\u00e4tter der Tabakpflanze, die im franz\u00f6sischen Mondlicht hell leuchten. Dieses dichte, rebellische Absolue verleiht jeder Duftmischung eine s\u00fc\u00dfe, reichhaltige, w\u00fcrzig-erdige Note und bringt einen dichten Teppich altert\u00fcmlicher Kl\u00e4nge, temperamentvoller Zeremonien und Vollmondmeditationen mit sich.<\/p>\n<p>Die Azteken bauten spezielle Tabakpflanzen an, um die duftenden Bl\u00fcten als zeremoniellen Schmuck verwenden zu k\u00f6nnen, w\u00e4hrend die amerikanischen Ureinwohner den Tabakrauch h\u00e4ufig anstelle von Weihrauch verwendeten. Tabak ist eine heilige Pflanze und soll die Kommunikation mit den Astralebenen und der Geisterwelt erleichtern.<\/p>\n<p><strong>Gr\u00f6\u00dfe: 2,5 ml und 5 ml<\/strong><\/p>\n<h3>Bio-Zutaten<\/h3>\n<p>100% Tabak (Nicotiana tabacum) absolut.<\/p>\n<p style=\"text-align: center;\"><em>&#8222;Absolutes Tabak\u00f6l wird aus verschiedenen Arten von Nicotiana gewonnen. Es hat einen sehr s\u00fc\u00dfen Geruch, der an Methylionon erinnert, aber viel s\u00fc\u00dfer ist und ein wenig an Nelkenrosa erinnert. Arctander sagt, dass es dem Duft des Phlox nahe kommt, der so undefinierbar ist und den viele oft vergeblich zu beschreiben versucht haben.&#8220;<\/em><br \/>\n~ NPCS Board of Consultants and Engineers, <strong>The Complete Technology Book on Flavors, Fragrances and Perfumes<\/strong><\/p>\n<p style=\"text-align: center;\"><em>&#8222;Tabak, g\u00f6ttlicher, seltener, superexzellenter Tabak, der alle Allheilmittel, das trinkbare Gold und die Steine der Philosophen weit \u00fcbertrifft, ein souver\u00e4nes Heilmittel f\u00fcr das Wohlbefinden &#8230; aber er wird allgemein von den meisten Menschen missbraucht, die ihn nehmen wie die Kesselflicker das Bier.&#8220;<\/em><br \/>\n~ Robert Burton, <strong>1621<\/strong><\/p>\n<p>&nbsp;<\/p>\n<p><img fetchpriority=\"high\" decoding=\"async\" class=\"size-medium wp-image-68103 aligncenter\" src=\"https:\/\/dutchhealthstore.com\/wp-content\/uploads\/2018\/02\/Living-Libations-Organic-Logo-800x89.png\" alt=\"Living Libations - Organic Logo\" width=\"800\" height=\"89\" srcset=\"https:\/\/dutchhealthstore.com\/wp-content\/uploads\/2018\/02\/Living-Libations-Organic-Logo-800x89.png 800w, https:\/\/dutchhealthstore.com\/wp-content\/uploads\/2018\/02\/Living-Libations-Organic-Logo-510x57.png 510w, https:\/\/dutchhealthstore.com\/wp-content\/uploads\/2018\/02\/Living-Libations-Organic-Logo-768x85.png 768w, https:\/\/dutchhealthstore.com\/wp-content\/uploads\/2018\/02\/Living-Libations-Organic-Logo.png 1400w\" sizes=\"(max-width: 800px) 100vw, 800px\" \/><\/p>\n","protected":false},"excerpt":{"rendered":"<p>Transformative <strong>Tobacco Absolute<\/strong> ist ein seltenes, fesselndes \u00d6l, das in der wundersch\u00f6nen franz\u00f6sischen Landschaft angebaut wird.<\/p>\n<p>Tobacco Absolute wird aus den gef\u00e4rbten Bl\u00e4ttern der Tabakpflanze gewonnen und wird von Parf\u00fcmeuren auf der ganzen Welt als eines der hinrei\u00dfendsten und verf\u00fchrerischsten Aromen gehandelt, die heute erh\u00e4ltlich sind.<\/p>\n","protected":false},"featured_media":109486,"comment_status":"open","ping_status":"closed","template":"","meta":[],"product_brand":[],"product_cat":[1551,6737,1508,1493,1210,6736],"product_tag":[8681,21667,21809],"class_list":{"0":"post-125017","1":"product","2":"type-product","3":"status-publish","4":"has-post-thumbnail","6":"product_cat-absolute-essenz-living-libations","7":"product_cat-essential-oils-de-2","8":"product_cat-aetherische-oele-living-libations","9":"product_cat-living-libations-deutschland","10":"product_cat-marken","11":"product_cat-wellness-de","12":"product_tag-absolute-de","13":"product_tag-aroma-de","14":"product_tag-natural-de","15":"pa_brand-livinglibations-de","16":"pa_essential-oils-product-type-absolute-essences-de","17":"pa_essential-oils-product-type-essential-oils-de","18":"pa_size-2-5-ml-de","19":"pa_size-5-ml-de","21":"first","22":"instock","23":"taxable","24":"shipping-taxable","25":"purchasable","26":"product-type-variable"},"bundled_by":[],"bundle_stock_status":"instock","bundle_stock_quantity":null,"bundle_virtual":false,"bundle_layout":"","bundle_add_to_cart_form_location":"","bundle_editable_in_cart":false,"bundle_sold_individually_context":"","bundle_item_grouping":"","bundle_min_size":"","bundle_max_size":"","bundle_price":[],"bundled_items":[],"bundle_sell_ids":[],"atum_controlled":true,"out_stock_date":null,"out_stock_threshold":null,"inheritable":true,"stock_on_hold":0,"sold_today":0,"sales_last_days":0,"out_stock_days":0,"lost_sales":0,"update_date":"2026-05-02T00:15:54","atum_locations":[],"atum_stock_status":"instock","restock_status":false,"low_stock_amount":"","sales_update_date":"2026-05-02T00:15:54","calc_backorders":null,"group_of_quantity":0,"min_quantity":0,"max_quantity":"","exclude_order_quantity_value_rules":"no","exclude_category_quantity_rules":"no","combine_variations":"no","yoast_head":"<!-- This site is optimized with the Yoast SEO Premium plugin v26.5 (Yoast SEO v26.5) - https:\/\/yoast.com\/wordpress\/plugins\/seo\/ -->\n<title>Tobacco Absolute | Living Libations<\/title>\n<meta name=\"description\" content=\"Transformative Tobacco Absolute ist ein seltenes, fesselndes \u00d6l, das in der wundersch\u00f6nen franz\u00f6sischen Landschaft angebaut wird. Wird aus den gef\u00e4rbten Bl\u00e4ttern der Tabakpflanze gewonnen.\" \/>\n<meta name=\"robots\" content=\"index, follow, max-snippet:-1, max-image-preview:large, max-video-preview:-1\" \/>\n<link rel=\"canonical\" href=\"https:\/\/dutchhealthstore.com\/de\/product\/tobacco-absolute\/\" \/>\n<meta property=\"og:locale\" content=\"de_DE\" \/>\n<meta property=\"og:type\" content=\"article\" \/>\n<meta property=\"og:title\" content=\"Tobacco Absolute - Dutch Health Store\" \/>\n<meta property=\"og:description\" content=\"Transformative Tobacco Absolute ist ein seltenes, fesselndes \u00d6l, das in der wundersch\u00f6nen franz\u00f6sischen Landschaft angebaut wird. Wird aus den gef\u00e4rbten Bl\u00e4ttern der Tabakpflanze gewonnen.\" \/>\n<meta property=\"og:url\" content=\"https:\/\/dutchhealthstore.com\/de\/product\/tobacco-absolute\/\" \/>\n<meta property=\"og:site_name\" content=\"Dutch Health Store\" \/>\n<meta property=\"article:publisher\" content=\"https:\/\/www.instagram.com\/dutchhealthstore\/\" \/>\n<meta property=\"article:modified_time\" content=\"2025-12-23T08:39:11+00:00\" \/>\n<meta property=\"og:image\" content=\"https:\/\/dutchhealthstore.com\/wp-content\/uploads\/2020\/06\/Living-Libations-Tobacco-Absolute-e1593269908939.jpg\" \/>\n\t<meta property=\"og:image:width\" content=\"500\" \/>\n\t<meta property=\"og:image:height\" content=\"500\" \/>\n\t<meta property=\"og:image:type\" content=\"image\/jpeg\" \/>\n<meta name=\"twitter:card\" content=\"summary_large_image\" \/>\n<meta name=\"twitter:label1\" content=\"Verf\u00fcgbarkeit\" \/>\n\t<meta name=\"twitter:data1\" content=\"Auf Lager\" \/>\n<script type=\"application\/ld+json\" class=\"yoast-schema-graph\">{\"@context\":\"https:\/\/schema.org\",\"@graph\":[{\"@type\":\"WebPage\",\"@id\":\"https:\/\/dutchhealthstore.com\/de\/product\/tobacco-absolute\/\",\"url\":\"https:\/\/dutchhealthstore.com\/de\/product\/tobacco-absolute\/\",\"name\":\"Tobacco Absolute | Living Libations\",\"isPartOf\":{\"@id\":\"https:\/\/dutchhealthstore.com\/de\/#website\"},\"primaryImageOfPage\":{\"@id\":\"https:\/\/dutchhealthstore.com\/de\/product\/tobacco-absolute\/#primaryimage\"},\"image\":{\"@id\":\"https:\/\/dutchhealthstore.com\/de\/product\/tobacco-absolute\/#primaryimage\"},\"thumbnailUrl\":\"https:\/\/dutchhealthstore.com\/wp-content\/uploads\/2020\/06\/Living-Libations-Tobacco-Absolute-e1593269908939.jpg\",\"datePublished\":\"2020-06-27T14:59:08+00:00\",\"dateModified\":\"2025-12-23T08:39:11+00:00\",\"description\":\"Transformative Tobacco Absolute ist ein seltenes, fesselndes \u00d6l, das in der wundersch\u00f6nen franz\u00f6sischen Landschaft angebaut wird. Wird aus den gef\u00e4rbten Bl\u00e4ttern der Tabakpflanze gewonnen.\",\"breadcrumb\":{\"@id\":\"https:\/\/dutchhealthstore.com\/de\/product\/tobacco-absolute\/#breadcrumb\"},\"inLanguage\":\"de\",\"potentialAction\":[{\"@type\":\"ReadAction\",\"target\":[\"https:\/\/dutchhealthstore.com\/de\/product\/tobacco-absolute\/\"]}]},{\"@type\":\"ImageObject\",\"inLanguage\":\"de\",\"@id\":\"https:\/\/dutchhealthstore.com\/de\/product\/tobacco-absolute\/#primaryimage\",\"url\":\"https:\/\/dutchhealthstore.com\/wp-content\/uploads\/2020\/06\/Living-Libations-Tobacco-Absolute-e1593269908939.jpg\",\"contentUrl\":\"https:\/\/dutchhealthstore.com\/wp-content\/uploads\/2020\/06\/Living-Libations-Tobacco-Absolute-e1593269908939.jpg\",\"width\":500,\"height\":500,\"caption\":\"Living Libations - Tobacco Absolute\"},{\"@type\":\"BreadcrumbList\",\"@id\":\"https:\/\/dutchhealthstore.com\/de\/product\/tobacco-absolute\/#breadcrumb\",\"itemListElement\":[{\"@type\":\"ListItem\",\"position\":1,\"name\":\"Home\",\"item\":\"https:\/\/dutchhealthstore.com\/de\/\"},{\"@type\":\"ListItem\",\"position\":2,\"name\":\"Shop\",\"item\":\"https:\/\/dutchhealthstore.com\/de\/shop-2\/\"},{\"@type\":\"ListItem\",\"position\":3,\"name\":\"Tobacco Absolute\"}]},{\"@type\":\"WebSite\",\"@id\":\"https:\/\/dutchhealthstore.com\/de\/#website\",\"url\":\"https:\/\/dutchhealthstore.com\/de\/\",\"name\":\"Dutch Health Store\",\"description\":\"Enhance Your Beauty with Organic &amp; Natural Skincare\",\"publisher\":{\"@id\":\"https:\/\/dutchhealthstore.com\/de\/#organization\"},\"potentialAction\":[{\"@type\":\"SearchAction\",\"target\":{\"@type\":\"EntryPoint\",\"urlTemplate\":\"https:\/\/dutchhealthstore.com\/de\/?s={search_term_string}\"},\"query-input\":{\"@type\":\"PropertyValueSpecification\",\"valueRequired\":true,\"valueName\":\"search_term_string\"}}],\"inLanguage\":\"de\"},{\"@type\":\"Organization\",\"@id\":\"https:\/\/dutchhealthstore.com\/de\/#organization\",\"name\":\"Dutch Health Store\",\"url\":\"https:\/\/dutchhealthstore.com\/de\/\",\"logo\":{\"@type\":\"ImageObject\",\"inLanguage\":\"de\",\"@id\":\"https:\/\/dutchhealthstore.com\/de\/#\/schema\/logo\/image\/\",\"url\":\"https:\/\/dutchhealthstore.com\/wp-content\/uploads\/2020\/08\/logo-dutchhealthstore-jpg-e1599484957574.jpg\",\"contentUrl\":\"https:\/\/dutchhealthstore.com\/wp-content\/uploads\/2020\/08\/logo-dutchhealthstore-jpg-e1599484957574.jpg\",\"width\":400,\"height\":62,\"caption\":\"Dutch Health Store\"},\"image\":{\"@id\":\"https:\/\/dutchhealthstore.com\/de\/#\/schema\/logo\/image\/\"},\"sameAs\":[\"https:\/\/www.instagram.com\/dutchhealthstore\/\",\"https:\/\/www.facebook.com\/dutchhealthstore\"]}]}<\/script>\n<meta property=\"product:brand\" content=\"Living Libations\" \/>\n<meta property=\"og:availability\" content=\"instock\" \/>\n<meta property=\"product:availability\" content=\"instock\" \/>\n<meta property=\"product:condition\" content=\"new\" \/>\n<!-- \/ Yoast SEO Premium plugin. -->","yoast_head_json":{"title":"Tobacco Absolute | Living Libations","description":"Transformative Tobacco Absolute ist ein seltenes, fesselndes \u00d6l, das in der wundersch\u00f6nen franz\u00f6sischen Landschaft angebaut wird. Wird aus den gef\u00e4rbten Bl\u00e4ttern der Tabakpflanze gewonnen.","robots":{"index":"index","follow":"follow","max-snippet":"max-snippet:-1","max-image-preview":"max-image-preview:large","max-video-preview":"max-video-preview:-1"},"canonical":"https:\/\/dutchhealthstore.com\/de\/product\/tobacco-absolute\/","og_locale":"de_DE","og_type":"article","og_title":"Tobacco Absolute - Dutch Health Store","og_description":"Transformative Tobacco Absolute ist ein seltenes, fesselndes \u00d6l, das in der wundersch\u00f6nen franz\u00f6sischen Landschaft angebaut wird. Wird aus den gef\u00e4rbten Bl\u00e4ttern der Tabakpflanze gewonnen.","og_url":"https:\/\/dutchhealthstore.com\/de\/product\/tobacco-absolute\/","og_site_name":"Dutch Health Store","article_publisher":"https:\/\/www.instagram.com\/dutchhealthstore\/","article_modified_time":"2025-12-23T08:39:11+00:00","og_image":[{"width":500,"height":500,"url":"https:\/\/dutchhealthstore.com\/wp-content\/uploads\/2020\/06\/Living-Libations-Tobacco-Absolute-e1593269908939.jpg","type":"image\/jpeg"}],"twitter_card":"summary_large_image","twitter_misc":{"Verf\u00fcgbarkeit":"Auf Lager"},"schema":{"@context":"https:\/\/schema.org","@graph":[{"@type":"WebPage","@id":"https:\/\/dutchhealthstore.com\/de\/product\/tobacco-absolute\/","url":"https:\/\/dutchhealthstore.com\/de\/product\/tobacco-absolute\/","name":"Tobacco Absolute | Living Libations","isPartOf":{"@id":"https:\/\/dutchhealthstore.com\/de\/#website"},"primaryImageOfPage":{"@id":"https:\/\/dutchhealthstore.com\/de\/product\/tobacco-absolute\/#primaryimage"},"image":{"@id":"https:\/\/dutchhealthstore.com\/de\/product\/tobacco-absolute\/#primaryimage"},"thumbnailUrl":"https:\/\/dutchhealthstore.com\/wp-content\/uploads\/2020\/06\/Living-Libations-Tobacco-Absolute-e1593269908939.jpg","datePublished":"2020-06-27T14:59:08+00:00","dateModified":"2025-12-23T08:39:11+00:00","description":"Transformative Tobacco Absolute ist ein seltenes, fesselndes \u00d6l, das in der wundersch\u00f6nen franz\u00f6sischen Landschaft angebaut wird. Wird aus den gef\u00e4rbten Bl\u00e4ttern der Tabakpflanze gewonnen.","breadcrumb":{"@id":"https:\/\/dutchhealthstore.com\/de\/product\/tobacco-absolute\/#breadcrumb"},"inLanguage":"de","potentialAction":[{"@type":"ReadAction","target":["https:\/\/dutchhealthstore.com\/de\/product\/tobacco-absolute\/"]}]},{"@type":"ImageObject","inLanguage":"de","@id":"https:\/\/dutchhealthstore.com\/de\/product\/tobacco-absolute\/#primaryimage","url":"https:\/\/dutchhealthstore.com\/wp-content\/uploads\/2020\/06\/Living-Libations-Tobacco-Absolute-e1593269908939.jpg","contentUrl":"https:\/\/dutchhealthstore.com\/wp-content\/uploads\/2020\/06\/Living-Libations-Tobacco-Absolute-e1593269908939.jpg","width":500,"height":500,"caption":"Living Libations - Tobacco Absolute"},{"@type":"BreadcrumbList","@id":"https:\/\/dutchhealthstore.com\/de\/product\/tobacco-absolute\/#breadcrumb","itemListElement":[{"@type":"ListItem","position":1,"name":"Home","item":"https:\/\/dutchhealthstore.com\/de\/"},{"@type":"ListItem","position":2,"name":"Shop","item":"https:\/\/dutchhealthstore.com\/de\/shop-2\/"},{"@type":"ListItem","position":3,"name":"Tobacco Absolute"}]},{"@type":"WebSite","@id":"https:\/\/dutchhealthstore.com\/de\/#website","url":"https:\/\/dutchhealthstore.com\/de\/","name":"Dutch Health Store","description":"Enhance Your Beauty with Organic &amp; Natural Skincare","publisher":{"@id":"https:\/\/dutchhealthstore.com\/de\/#organization"},"potentialAction":[{"@type":"SearchAction","target":{"@type":"EntryPoint","urlTemplate":"https:\/\/dutchhealthstore.com\/de\/?s={search_term_string}"},"query-input":{"@type":"PropertyValueSpecification","valueRequired":true,"valueName":"search_term_string"}}],"inLanguage":"de"},{"@type":"Organization","@id":"https:\/\/dutchhealthstore.com\/de\/#organization","name":"Dutch Health Store","url":"https:\/\/dutchhealthstore.com\/de\/","logo":{"@type":"ImageObject","inLanguage":"de","@id":"https:\/\/dutchhealthstore.com\/de\/#\/schema\/logo\/image\/","url":"https:\/\/dutchhealthstore.com\/wp-content\/uploads\/2020\/08\/logo-dutchhealthstore-jpg-e1599484957574.jpg","contentUrl":"https:\/\/dutchhealthstore.com\/wp-content\/uploads\/2020\/08\/logo-dutchhealthstore-jpg-e1599484957574.jpg","width":400,"height":62,"caption":"Dutch Health Store"},"image":{"@id":"https:\/\/dutchhealthstore.com\/de\/#\/schema\/logo\/image\/"},"sameAs":["https:\/\/www.instagram.com\/dutchhealthstore\/","https:\/\/www.facebook.com\/dutchhealthstore"]}]},"product_brand":"Living Libations","og_availability":"instock","product_availability":"instock","product_condition":"new"},"_links":{"self":[{"href":"https:\/\/dutchhealthstore.com\/de\/wp-json\/wp\/v2\/product\/125017","targetHints":{"allow":["GET"]}}],"collection":[{"href":"https:\/\/dutchhealthstore.com\/de\/wp-json\/wp\/v2\/product"}],"about":[{"href":"https:\/\/dutchhealthstore.com\/de\/wp-json\/wp\/v2\/types\/product"}],"replies":[{"embeddable":true,"href":"https:\/\/dutchhealthstore.com\/de\/wp-json\/wp\/v2\/comments?post=125017"}],"wp:featuredmedia":[{"embeddable":true,"href":"https:\/\/dutchhealthstore.com\/de\/wp-json\/wp\/v2\/media\/109486"}],"wp:attachment":[{"href":"https:\/\/dutchhealthstore.com\/de\/wp-json\/wp\/v2\/media?parent=125017"}],"wp:term":[{"taxonomy":"product_brand","embeddable":true,"href":"https:\/\/dutchhealthstore.com\/de\/wp-json\/wp\/v2\/product_brand?post=125017"},{"taxonomy":"product_cat","embeddable":true,"href":"https:\/\/dutchhealthstore.com\/de\/wp-json\/wp\/v2\/product_cat?post=125017"},{"taxonomy":"product_tag","embeddable":true,"href":"https:\/\/dutchhealthstore.com\/de\/wp-json\/wp\/v2\/product_tag?post=125017"}],"curies":[{"name":"wp","href":"https:\/\/api.w.org\/{rel}","templated":true}]}}