{"id":125006,"date":"2020-07-09T09:42:12","date_gmt":"2020-07-09T07:42:12","guid":{"rendered":"https:\/\/dutchhealthstore.com\/product\/thyme-sweet-essential-oil\/"},"modified":"2025-08-12T10:36:59","modified_gmt":"2025-08-12T08:36:59","slug":"thyme-sweet-essential-oil","status":"publish","type":"product","link":"https:\/\/dutchhealthstore.com\/de\/product\/thyme-sweet-essential-oil\/","title":{"rendered":"Thyme, Sweet Essential Oil"},"content":{"rendered":"<p><strong><img decoding=\"async\" class=\"size-full wp-image-69549 alignright\" src=\"https:\/\/dutchhealthstore.com\/wp-content\/uploads\/2019\/08\/NEW-Living-Libations-Logo.jpg\" alt=\"NEW - Living Libations - Logo\" width=\"175\" height=\"82\">Botanischer Name:<\/strong> Thymus linalool<br \/>\n<strong>Botanische Familie:<\/strong> Lamiaceae<br \/>\n<strong>Extraktionsverfahren:<\/strong> Dampfdestilliert<br \/>\n<strong>Teil der Pflanze Destilliert:<\/strong> Kraut<br \/>\n<strong>Herkunftsland:<\/strong> Frankreich<br \/>\n<strong>Anbaumethode:<\/strong> Bio<br \/>\n<strong>Zusammensetzung:<\/strong> 100% Thymus Linalool<br \/>\n<strong>Konsistenz:<\/strong> D\u00fcnn<\/p>\n<h3>Beschreibung des Duftes<\/h3>\n<p>W\u00fcrzig, s\u00fc\u00df, buttrig und warm, mit durchdringenden Noten von Holz und Kr\u00e4utern.<\/p>\n<h3>In Living Libations<\/h3>\n<p>Happy Gum Drops, Happy Gum Drops Ozonated Gel, Happy Gums Paste, Wild Child Happy Gum Drops, Soothsayer Serum, Ensorcell Serum, Frankincense First Friend, Sweet Sleep Serum und Seabuckthorn Cinnamon Hot Lover Lips.<\/p>\n<h3>Gut mischbar mit<\/h3>\n<p>Weihrauch, Rose Otto, Spikenard, Lavendel, Mandarine, Mandarine, Bergamotte, Zitrone, Majoran, Wei\u00dftanne, Palo Santo, Kardamom, Karottensamen und Geranie.<\/p>\n<a href=\"https:\/\/dutchhealthstore.com\/wp-content\/uploads\/2020\/07\/ANALYSIS-Thyme-Sweet-Essential-Oil-Living-Libations.pdf\" class=\"button primary is-primary is-small\"  >\n\t\t<span>ANALYSE DER \u00c4THERISCHEN \u00d6LE &gt;<\/span>\n\t<\/a>\n\n<h3>Verwendet<\/h3>\n<p>Sch\u00f6n in Mischungen, B\u00e4dern, Salzpfeifen und Diffusoren. Ausgezeichnet in Hautpflegeseren.<\/p>\n<p>Das ebenso starke wie sanfte Sweet Thyme Essential Oil ist daf\u00fcr bekannt, K\u00f6rper und Geist zu beleben, und ist gleichzeitig mild genug, um bei empfindlicher Haut, kleinen Kindern und \u00e4lteren Menschen verwendet zu werden. Diese besondere Thymiansorte ist ein gesch\u00e4tzter Bestandteil unserer sanften Hautpflegeseren. Er ist ein wirksames Mittel zur Mundpflege, das Mund und Atem erfrischt, und s\u00fc\u00dfer Thymian segnet auch K\u00f6rper und Geist und f\u00f6rdert die Konzentration f\u00fcr kreative Bem\u00fchungen.<\/p>\n<p><strong>Gr\u00f6\u00dfe: 5 ml und 15 ml<\/strong><\/p>\n<h3>Organic Ingredients<\/h3>\n<p>\u00c4therisches \u00d6l aus 100% s\u00fc\u00dfem Thymian (Thymus linalool).<\/p>\n<p style=\"text-align: center;\"><em>&#8222;In diesem \u00d6l verbindet sich die Milde von Linalool und Linalylacetat mit der starken Wirkung von Thymian. Es ist hervorragend f\u00fcr Hautunreinheiten geeignet&#8230; Seine Sanftheit hat es \u00fcber Nacht zu einem Klassiker der Aromatherapie gemacht&#8230; ein angenehmes Tonikum und unersetzlich f\u00fcr die Hautpflege.&#8220;<\/em><br \/>\n~ Kurt Schnaubelt, <strong>Advanced Aromatherapy<\/strong><\/p>\n<p style=\"text-align: center;\"><em>&#8222;Es ist nicht reizend und sanft und wird besonders f\u00fcr die Behandlung von Kindern und \u00e4lteren oder gebrechlichen Menschen empfohlen.<\/em><br \/>\n~ Jeanne Rose, <strong>Das Buch der Aromatherapie: Inhalations and Applications<\/strong><\/p>\n<p style=\"text-align: center;\"><em>&#8222;Die Essenzen der verschiedenen Thymianarten weisen deutliche Unterschiede in ihrer chemischen Zusammensetzung auf. Einige enthalten einen gr\u00f6\u00dferen Anteil an Thymol, andere an Carcavrol und wieder andere an Citral (analog zur Essenz des Eisenkrauts). Dennoch sind ihre Eigenschaften eng miteinander verwandt.<\/em><br \/>\n~ Jean Valnet, <strong>The Practice of Aromatherapy<\/strong><\/p>\n<p style=\"text-align: center;\"><em>&#8222;Ich kenne ein Ufer, wo der wilde Thymian weht, wo Ochsenlippen und das nickende Veilchen wachsen, ganz bedeckt mit \u00fcppigem Waldrebe, mit s\u00fc\u00dfen Moschusrosen und mit Eglantine.&#8220;<\/em><br \/>\n~ William Shakespeare<\/p>\n<p><img fetchpriority=\"high\" decoding=\"async\" class=\"size-medium wp-image-68103 aligncenter\" src=\"https:\/\/dutchhealthstore.com\/wp-content\/uploads\/2018\/02\/Living-Libations-Organic-Logo-800x89.png\" alt=\"Living Libations - Organic Logo\" width=\"800\" height=\"89\" srcset=\"https:\/\/dutchhealthstore.com\/wp-content\/uploads\/2018\/02\/Living-Libations-Organic-Logo-800x89.png 800w, https:\/\/dutchhealthstore.com\/wp-content\/uploads\/2018\/02\/Living-Libations-Organic-Logo-510x57.png 510w, https:\/\/dutchhealthstore.com\/wp-content\/uploads\/2018\/02\/Living-Libations-Organic-Logo-768x85.png 768w, https:\/\/dutchhealthstore.com\/wp-content\/uploads\/2018\/02\/Living-Libations-Organic-Logo.png 1400w\" sizes=\"(max-width: 800px) 100vw, 800px\" \/><\/p>\n","protected":false},"excerpt":{"rendered":"<p>Geben Sie sich dem<strong> Sweet Thyme Essential Oil<\/strong> hin, wenn es seine sanften, liebevollen Ranken ausbreitet. S\u00fc\u00dfer Thymian ist die liebliche Linalool-Variante und wird aus winzigen Dr\u00fcsen in den Bl\u00e4ttern dieses gesunden und herzhaften Krauts dampfdestilliert.<br \/>\nIm alten Rom bereiteten die Soldaten hei\u00dfe, entspannende B\u00e4der mit s\u00fc\u00dfem Thymian vor, um den K\u00f6rper zu beruhigen und die Essenz des \u00d6ls f\u00fcr Tapferkeit und Mut aufzunehmen.<br \/>\nThymian wurde von den alten Griechen als Parf\u00fcm und Deodorant verwendet. Sie benutzten es als reinen Pflanzenschutz gegen die nicht gerade s\u00fc\u00dfen Geruchsstoffe der Umwelt.<br \/>\nDieser s\u00fc\u00dfe, buttrige Segen ist eine gesch\u00e4tzte Essenz in unserer Aroma-Apotheke.<\/p>\n","protected":false},"featured_media":117418,"comment_status":"open","ping_status":"closed","template":"","meta":[],"product_brand":[],"product_cat":[1508,1546,6737,1493,1210,6736],"product_tag":[1547],"class_list":{"0":"post-125006","1":"product","2":"type-product","3":"status-publish","4":"has-post-thumbnail","6":"product_cat-aetherische-oele-living-libations","7":"product_cat-essential-oils-living-libations-de","8":"product_cat-essential-oils-de-2","9":"product_cat-living-libations-deutschland","10":"product_cat-marken","11":"product_cat-wellness-de","12":"product_tag-essential-oil-de","13":"pa_brand-livinglibations-de","14":"pa_essential-oils-product-type-essential-oils-de","15":"pa_size-15-ml-de-2","16":"pa_size-5-ml-de","18":"first","19":"instock","20":"taxable","21":"shipping-taxable","22":"purchasable","23":"product-type-variable"},"bundled_by":[],"bundle_stock_status":"instock","bundle_stock_quantity":null,"bundle_virtual":false,"bundle_layout":"","bundle_add_to_cart_form_location":"","bundle_editable_in_cart":false,"bundle_sold_individually_context":"","bundle_item_grouping":"","bundle_min_size":"","bundle_max_size":"","bundle_price":[],"bundled_items":[],"bundle_sell_ids":[],"atum_controlled":true,"out_stock_date":null,"out_stock_threshold":null,"inheritable":true,"stock_on_hold":1,"sold_today":0,"sales_last_days":0,"out_stock_days":0,"lost_sales":0,"update_date":"2026-04-16T00:05:21","atum_locations":[],"atum_stock_status":"instock","restock_status":false,"low_stock_amount":"","sales_update_date":"2026-04-16T00:05:21","calc_backorders":null,"group_of_quantity":0,"min_quantity":0,"max_quantity":"","exclude_order_quantity_value_rules":"no","exclude_category_quantity_rules":"no","combine_variations":"no","yoast_head":"<!-- This site is optimized with the Yoast SEO Premium plugin v26.5 (Yoast SEO v26.5) - https:\/\/yoast.com\/wordpress\/plugins\/seo\/ -->\n<title>Thyme, Sweet Essential Oil | Living Libations<\/title>\n<meta name=\"description\" content=\"Im alten Rom bereiteten die Soldaten hei\u00dfe, entspannende B\u00e4der mit s\u00fc\u00dfem Thymian vor, um den K\u00f6rper zu beruhigen und die Essenz des \u00d6ls f\u00fcr Tapferkeit und Mut aufzunehmen.\" \/>\n<meta name=\"robots\" content=\"index, follow, max-snippet:-1, max-image-preview:large, max-video-preview:-1\" \/>\n<link rel=\"canonical\" href=\"https:\/\/dutchhealthstore.com\/de\/product\/thyme-sweet-essential-oil\/\" \/>\n<meta property=\"og:locale\" content=\"de_DE\" \/>\n<meta property=\"og:type\" content=\"article\" \/>\n<meta property=\"og:title\" content=\"Thyme, Sweet Essential Oil - Dutch Health Store\" \/>\n<meta property=\"og:description\" content=\"Im alten Rom bereiteten die Soldaten hei\u00dfe, entspannende B\u00e4der mit s\u00fc\u00dfem Thymian vor, um den K\u00f6rper zu beruhigen und die Essenz des \u00d6ls f\u00fcr Tapferkeit und Mut aufzunehmen.\" \/>\n<meta property=\"og:url\" content=\"https:\/\/dutchhealthstore.com\/de\/product\/thyme-sweet-essential-oil\/\" \/>\n<meta property=\"og:site_name\" content=\"Dutch Health Store\" \/>\n<meta property=\"article:publisher\" content=\"https:\/\/www.instagram.com\/dutchhealthstore\/\" \/>\n<meta property=\"article:modified_time\" content=\"2025-08-12T08:36:59+00:00\" \/>\n<meta property=\"og:image\" content=\"https:\/\/dutchhealthstore.com\/wp-content\/uploads\/2020\/07\/Living-Libations-Thyme-Sweet-Esential-oil-e1596438361775.png\" \/>\n\t<meta property=\"og:image:width\" content=\"500\" \/>\n\t<meta property=\"og:image:height\" content=\"500\" \/>\n\t<meta property=\"og:image:type\" content=\"image\/jpeg\" \/>\n<meta name=\"twitter:card\" content=\"summary_large_image\" \/>\n<meta name=\"twitter:label1\" content=\"Verf\u00fcgbarkeit\" \/>\n\t<meta name=\"twitter:data1\" content=\"Auf Lager\" \/>\n<script type=\"application\/ld+json\" class=\"yoast-schema-graph\">{\"@context\":\"https:\/\/schema.org\",\"@graph\":[{\"@type\":\"WebPage\",\"@id\":\"https:\/\/dutchhealthstore.com\/de\/product\/thyme-sweet-essential-oil\/\",\"url\":\"https:\/\/dutchhealthstore.com\/de\/product\/thyme-sweet-essential-oil\/\",\"name\":\"Thyme, Sweet Essential Oil | Living Libations\",\"isPartOf\":{\"@id\":\"https:\/\/dutchhealthstore.com\/de\/#website\"},\"primaryImageOfPage\":{\"@id\":\"https:\/\/dutchhealthstore.com\/de\/product\/thyme-sweet-essential-oil\/#primaryimage\"},\"image\":{\"@id\":\"https:\/\/dutchhealthstore.com\/de\/product\/thyme-sweet-essential-oil\/#primaryimage\"},\"thumbnailUrl\":\"https:\/\/dutchhealthstore.com\/wp-content\/uploads\/2020\/07\/Living-Libations-Thyme-Sweet-Esential-oil-e1596438361775.png\",\"datePublished\":\"2020-07-09T07:42:12+00:00\",\"dateModified\":\"2025-08-12T08:36:59+00:00\",\"description\":\"Im alten Rom bereiteten die Soldaten hei\u00dfe, entspannende B\u00e4der mit s\u00fc\u00dfem Thymian vor, um den K\u00f6rper zu beruhigen und die Essenz des \u00d6ls f\u00fcr Tapferkeit und Mut aufzunehmen.\",\"breadcrumb\":{\"@id\":\"https:\/\/dutchhealthstore.com\/de\/product\/thyme-sweet-essential-oil\/#breadcrumb\"},\"inLanguage\":\"de\",\"potentialAction\":[{\"@type\":\"ReadAction\",\"target\":[\"https:\/\/dutchhealthstore.com\/de\/product\/thyme-sweet-essential-oil\/\"]}]},{\"@type\":\"ImageObject\",\"inLanguage\":\"de\",\"@id\":\"https:\/\/dutchhealthstore.com\/de\/product\/thyme-sweet-essential-oil\/#primaryimage\",\"url\":\"https:\/\/dutchhealthstore.com\/wp-content\/uploads\/2020\/07\/Living-Libations-Thyme-Sweet-Esential-oil-e1596438361775.png\",\"contentUrl\":\"https:\/\/dutchhealthstore.com\/wp-content\/uploads\/2020\/07\/Living-Libations-Thyme-Sweet-Esential-oil-e1596438361775.png\",\"width\":500,\"height\":500,\"caption\":\"Living Libations Thyme, Sweet Esential oil\"},{\"@type\":\"BreadcrumbList\",\"@id\":\"https:\/\/dutchhealthstore.com\/de\/product\/thyme-sweet-essential-oil\/#breadcrumb\",\"itemListElement\":[{\"@type\":\"ListItem\",\"position\":1,\"name\":\"Home\",\"item\":\"https:\/\/dutchhealthstore.com\/de\/\"},{\"@type\":\"ListItem\",\"position\":2,\"name\":\"Shop\",\"item\":\"https:\/\/dutchhealthstore.com\/de\/shop-2\/\"},{\"@type\":\"ListItem\",\"position\":3,\"name\":\"Thyme, Sweet Essential Oil\"}]},{\"@type\":\"WebSite\",\"@id\":\"https:\/\/dutchhealthstore.com\/de\/#website\",\"url\":\"https:\/\/dutchhealthstore.com\/de\/\",\"name\":\"Dutch Health Store\",\"description\":\"Enhance Your Beauty with Organic &amp; Natural Skincare\",\"publisher\":{\"@id\":\"https:\/\/dutchhealthstore.com\/de\/#organization\"},\"potentialAction\":[{\"@type\":\"SearchAction\",\"target\":{\"@type\":\"EntryPoint\",\"urlTemplate\":\"https:\/\/dutchhealthstore.com\/de\/?s={search_term_string}\"},\"query-input\":{\"@type\":\"PropertyValueSpecification\",\"valueRequired\":true,\"valueName\":\"search_term_string\"}}],\"inLanguage\":\"de\"},{\"@type\":\"Organization\",\"@id\":\"https:\/\/dutchhealthstore.com\/de\/#organization\",\"name\":\"Dutch Health Store\",\"url\":\"https:\/\/dutchhealthstore.com\/de\/\",\"logo\":{\"@type\":\"ImageObject\",\"inLanguage\":\"de\",\"@id\":\"https:\/\/dutchhealthstore.com\/de\/#\/schema\/logo\/image\/\",\"url\":\"https:\/\/dutchhealthstore.com\/wp-content\/uploads\/2020\/08\/logo-dutchhealthstore-jpg-e1599484957574.jpg\",\"contentUrl\":\"https:\/\/dutchhealthstore.com\/wp-content\/uploads\/2020\/08\/logo-dutchhealthstore-jpg-e1599484957574.jpg\",\"width\":400,\"height\":62,\"caption\":\"Dutch Health Store\"},\"image\":{\"@id\":\"https:\/\/dutchhealthstore.com\/de\/#\/schema\/logo\/image\/\"},\"sameAs\":[\"https:\/\/www.instagram.com\/dutchhealthstore\/\",\"https:\/\/www.facebook.com\/dutchhealthstore\"]}]}<\/script>\n<meta property=\"product:brand\" content=\"Living Libations\" \/>\n<meta property=\"og:availability\" content=\"instock\" \/>\n<meta property=\"product:availability\" content=\"instock\" \/>\n<meta property=\"product:condition\" content=\"new\" \/>\n<!-- \/ Yoast SEO Premium plugin. -->","yoast_head_json":{"title":"Thyme, Sweet Essential Oil | Living Libations","description":"Im alten Rom bereiteten die Soldaten hei\u00dfe, entspannende B\u00e4der mit s\u00fc\u00dfem Thymian vor, um den K\u00f6rper zu beruhigen und die Essenz des \u00d6ls f\u00fcr Tapferkeit und Mut aufzunehmen.","robots":{"index":"index","follow":"follow","max-snippet":"max-snippet:-1","max-image-preview":"max-image-preview:large","max-video-preview":"max-video-preview:-1"},"canonical":"https:\/\/dutchhealthstore.com\/de\/product\/thyme-sweet-essential-oil\/","og_locale":"de_DE","og_type":"article","og_title":"Thyme, Sweet Essential Oil - Dutch Health Store","og_description":"Im alten Rom bereiteten die Soldaten hei\u00dfe, entspannende B\u00e4der mit s\u00fc\u00dfem Thymian vor, um den K\u00f6rper zu beruhigen und die Essenz des \u00d6ls f\u00fcr Tapferkeit und Mut aufzunehmen.","og_url":"https:\/\/dutchhealthstore.com\/de\/product\/thyme-sweet-essential-oil\/","og_site_name":"Dutch Health Store","article_publisher":"https:\/\/www.instagram.com\/dutchhealthstore\/","article_modified_time":"2025-08-12T08:36:59+00:00","og_image":[{"width":500,"height":500,"url":"https:\/\/dutchhealthstore.com\/wp-content\/uploads\/2020\/07\/Living-Libations-Thyme-Sweet-Esential-oil-e1596438361775.png","type":"image\/jpeg"}],"twitter_card":"summary_large_image","twitter_misc":{"Verf\u00fcgbarkeit":"Auf Lager"},"schema":{"@context":"https:\/\/schema.org","@graph":[{"@type":"WebPage","@id":"https:\/\/dutchhealthstore.com\/de\/product\/thyme-sweet-essential-oil\/","url":"https:\/\/dutchhealthstore.com\/de\/product\/thyme-sweet-essential-oil\/","name":"Thyme, Sweet Essential Oil | Living Libations","isPartOf":{"@id":"https:\/\/dutchhealthstore.com\/de\/#website"},"primaryImageOfPage":{"@id":"https:\/\/dutchhealthstore.com\/de\/product\/thyme-sweet-essential-oil\/#primaryimage"},"image":{"@id":"https:\/\/dutchhealthstore.com\/de\/product\/thyme-sweet-essential-oil\/#primaryimage"},"thumbnailUrl":"https:\/\/dutchhealthstore.com\/wp-content\/uploads\/2020\/07\/Living-Libations-Thyme-Sweet-Esential-oil-e1596438361775.png","datePublished":"2020-07-09T07:42:12+00:00","dateModified":"2025-08-12T08:36:59+00:00","description":"Im alten Rom bereiteten die Soldaten hei\u00dfe, entspannende B\u00e4der mit s\u00fc\u00dfem Thymian vor, um den K\u00f6rper zu beruhigen und die Essenz des \u00d6ls f\u00fcr Tapferkeit und Mut aufzunehmen.","breadcrumb":{"@id":"https:\/\/dutchhealthstore.com\/de\/product\/thyme-sweet-essential-oil\/#breadcrumb"},"inLanguage":"de","potentialAction":[{"@type":"ReadAction","target":["https:\/\/dutchhealthstore.com\/de\/product\/thyme-sweet-essential-oil\/"]}]},{"@type":"ImageObject","inLanguage":"de","@id":"https:\/\/dutchhealthstore.com\/de\/product\/thyme-sweet-essential-oil\/#primaryimage","url":"https:\/\/dutchhealthstore.com\/wp-content\/uploads\/2020\/07\/Living-Libations-Thyme-Sweet-Esential-oil-e1596438361775.png","contentUrl":"https:\/\/dutchhealthstore.com\/wp-content\/uploads\/2020\/07\/Living-Libations-Thyme-Sweet-Esential-oil-e1596438361775.png","width":500,"height":500,"caption":"Living Libations Thyme, Sweet Esential oil"},{"@type":"BreadcrumbList","@id":"https:\/\/dutchhealthstore.com\/de\/product\/thyme-sweet-essential-oil\/#breadcrumb","itemListElement":[{"@type":"ListItem","position":1,"name":"Home","item":"https:\/\/dutchhealthstore.com\/de\/"},{"@type":"ListItem","position":2,"name":"Shop","item":"https:\/\/dutchhealthstore.com\/de\/shop-2\/"},{"@type":"ListItem","position":3,"name":"Thyme, Sweet Essential Oil"}]},{"@type":"WebSite","@id":"https:\/\/dutchhealthstore.com\/de\/#website","url":"https:\/\/dutchhealthstore.com\/de\/","name":"Dutch Health Store","description":"Enhance Your Beauty with Organic &amp; Natural Skincare","publisher":{"@id":"https:\/\/dutchhealthstore.com\/de\/#organization"},"potentialAction":[{"@type":"SearchAction","target":{"@type":"EntryPoint","urlTemplate":"https:\/\/dutchhealthstore.com\/de\/?s={search_term_string}"},"query-input":{"@type":"PropertyValueSpecification","valueRequired":true,"valueName":"search_term_string"}}],"inLanguage":"de"},{"@type":"Organization","@id":"https:\/\/dutchhealthstore.com\/de\/#organization","name":"Dutch Health Store","url":"https:\/\/dutchhealthstore.com\/de\/","logo":{"@type":"ImageObject","inLanguage":"de","@id":"https:\/\/dutchhealthstore.com\/de\/#\/schema\/logo\/image\/","url":"https:\/\/dutchhealthstore.com\/wp-content\/uploads\/2020\/08\/logo-dutchhealthstore-jpg-e1599484957574.jpg","contentUrl":"https:\/\/dutchhealthstore.com\/wp-content\/uploads\/2020\/08\/logo-dutchhealthstore-jpg-e1599484957574.jpg","width":400,"height":62,"caption":"Dutch Health Store"},"image":{"@id":"https:\/\/dutchhealthstore.com\/de\/#\/schema\/logo\/image\/"},"sameAs":["https:\/\/www.instagram.com\/dutchhealthstore\/","https:\/\/www.facebook.com\/dutchhealthstore"]}]},"product_brand":"Living Libations","og_availability":"instock","product_availability":"instock","product_condition":"new"},"_links":{"self":[{"href":"https:\/\/dutchhealthstore.com\/de\/wp-json\/wp\/v2\/product\/125006","targetHints":{"allow":["GET"]}}],"collection":[{"href":"https:\/\/dutchhealthstore.com\/de\/wp-json\/wp\/v2\/product"}],"about":[{"href":"https:\/\/dutchhealthstore.com\/de\/wp-json\/wp\/v2\/types\/product"}],"replies":[{"embeddable":true,"href":"https:\/\/dutchhealthstore.com\/de\/wp-json\/wp\/v2\/comments?post=125006"}],"wp:featuredmedia":[{"embeddable":true,"href":"https:\/\/dutchhealthstore.com\/de\/wp-json\/wp\/v2\/media\/117418"}],"wp:attachment":[{"href":"https:\/\/dutchhealthstore.com\/de\/wp-json\/wp\/v2\/media?parent=125006"}],"wp:term":[{"taxonomy":"product_brand","embeddable":true,"href":"https:\/\/dutchhealthstore.com\/de\/wp-json\/wp\/v2\/product_brand?post=125006"},{"taxonomy":"product_cat","embeddable":true,"href":"https:\/\/dutchhealthstore.com\/de\/wp-json\/wp\/v2\/product_cat?post=125006"},{"taxonomy":"product_tag","embeddable":true,"href":"https:\/\/dutchhealthstore.com\/de\/wp-json\/wp\/v2\/product_tag?post=125006"}],"curies":[{"name":"wp","href":"https:\/\/api.w.org\/{rel}","templated":true}]}}