{"id":124964,"date":"2018-02-10T20:58:56","date_gmt":"2018-02-10T19:58:56","guid":{"rendered":"https:\/\/dutchhealthstore.com\/product\/tamanu-organic-oil\/"},"modified":"2026-01-22T10:41:33","modified_gmt":"2026-01-22T09:41:33","slug":"tamanu-organic-oil","status":"publish","type":"product","link":"https:\/\/dutchhealthstore.com\/de\/product\/tamanu-organic-oil\/","title":{"rendered":"Tamanu Carrier Oil"},"content":{"rendered":"<p><strong><img decoding=\"async\" class=\"size-full wp-image-69549 alignright\" src=\"https:\/\/dutchhealthstore.com\/wp-content\/uploads\/2019\/08\/NEW-Living-Libations-Logo.jpg\" alt=\"NEW - Living Libations - Logo\" width=\"175\" height=\"82\">Botanischer Name:<\/strong> Calophyllum inophyllum<br \/>\n<strong>Botanische Familie:<\/strong> Calophyllacea<br \/>\n<strong>Extraktionsverfahren:<\/strong> Kalt gepresst<br \/>\n<strong>Teil der Pflanze Destilliert:<\/strong> N\u00fcsse<br \/>\n<strong>Herkunftsland:<\/strong> Madagaskar<br \/>\n<strong>Anbaumethode:<\/strong> Wild und zertifiziert biologisch<br \/>\n<strong>Zusammensetzung:<\/strong> 100% Calophyllum inophyllum<br \/>\n<strong>Konsistenz:<\/strong> Mittel<\/p>\n<h3>Beschreibung des Duftes<\/h3>\n<p>Abgerundet und unverwechselbar mit reichhaltigen, angenehm duftenden Noten von Pralinen und Sahne, Liebst\u00f6ckel und Fr\u00fcchten.<\/p>\n<h3>In Living Libations<\/h3>\n<p>Seabuckthorn Best Skin Ever, Everybody Loves the Sunshine.<\/p>\n<h3>Gut mischbar mit<\/h3>\n<p>Bergamotte, Ravensara, Weihrauch, Lavendel, Majoran, Palmarosa, Oregano, Zitrone, Strohblume, Ylang, S\u00fc\u00dfer Thymian und Rose.<\/p>\n<h3>Verwendet<\/h3>\n<p>Hervorragend zusammen mit \u00e4therischen \u00d6len oder verd\u00fcnnt mit 5-20% Jojoba\u00f6l.<\/p>\n<h3>Inhaltsstoffe<\/h3>\n<p>Glykolipide und Phospholipide sowie Calophylls\u00e4ure.<\/p>\n<p>Tamanu Carrier Oil, auch bekannt als Foraha, wird aus den Kernen der Frucht des in Polynesien beheimateten Calophyllum inophyllum-Baumes kalt gepresst. Die Kerne selbst produzieren erst dann \u00d6l, wenn sie mindestens einen Monat lang in der Sonne getrocknet werden, woraufhin ein klebrig-s\u00fc\u00dfes \u00d6l entsteht, das ein pflegender Nektar f\u00fcr die Haut ist. Auf den Fidschi-Inseln verwenden die Ureinwohner Tamanu schon seit Jahrhunderten f\u00fcr eine hervorragende Hautpflege.<\/p>\n<p>Dieses Bio-\u00d6l ist mehr als nur ein Tr\u00e4ger\u00f6l, denn es enth\u00e4lt sowohl fette als auch aromatische \u00d6le und ist vollgestopft mit pflegenden Eigenschaften, darunter sch\u00f6ne Lipide und eine F\u00fclle von Fetts\u00e4uren. Sein extrem hoher Lipidgehalt (92%) polstert das Hautvolumen auf. Tamanu enth\u00e4lt au\u00dferdem einen hohen Anteil einer einzigartigen essenziellen Fetts\u00e4ure, die R\u00f6tungen, Melasma, Narben, feine Linien und die Hautstruktur reduziert. Die Hautd\u00fcrre wird sich zur\u00fcckbilden, wenn Tamanu das Epithel ber\u00fchrt. Wenn der Schatz von Tamanu mit der Kraft \u00e4therischer \u00d6le angereichert wird, vereinen sich all diese wohltuenden Pflanzenstoffe zu einem der n\u00e4hrstoffreichsten Tr\u00e4ger\u00f6le der Welt.<\/p>\n<h3>Organic Ingredients<\/h3>\n<p>100% Tamanu (Calophyllum inophyllum) Bio-\u00d6l.<\/p>\n<p style=\"text-align: center;\"><em>&#8222;\u00dcberall, wo der Calophyllum inophyllum Baum w\u00e4chst, wird das \u00d6l aus den Samen des Baumes als Volksheilmittel verwendet. Man findet den Baum an der Ostk\u00fcste Afrikas, auf Madagaskar, in Indien, S\u00fcdostasien, auf den polynesischen Inseln und auf den Hawaii-Inseln. &#8230; Das dunkelgr\u00fcne, opalisierende \u00d6l, in Madagaskar als Foraha-\u00d6l bekannt, hat ein angenehmes, dezentes, leicht pflanzliches Aroma. &#8230; In den letzten Jahrzehnten hat die moderne Medizin die Vorteile von Calophyllum inophyllum entdeckt.&#8220;<\/em><br \/>\n~ George Halpern, <strong>The Essential Oils of Madagascar<\/strong><\/p>\n<p><img fetchpriority=\"high\" decoding=\"async\" class=\"size-medium wp-image-68103 aligncenter\" src=\"https:\/\/dutchhealthstore.com\/wp-content\/uploads\/2018\/02\/Living-Libations-Organic-Logo-800x89.png\" alt=\"Living Libations - Organic Logo\" width=\"800\" height=\"89\" srcset=\"https:\/\/dutchhealthstore.com\/wp-content\/uploads\/2018\/02\/Living-Libations-Organic-Logo-800x89.png 800w, https:\/\/dutchhealthstore.com\/wp-content\/uploads\/2018\/02\/Living-Libations-Organic-Logo-510x57.png 510w, https:\/\/dutchhealthstore.com\/wp-content\/uploads\/2018\/02\/Living-Libations-Organic-Logo-768x85.png 768w, https:\/\/dutchhealthstore.com\/wp-content\/uploads\/2018\/02\/Living-Libations-Organic-Logo.png 1400w\" sizes=\"(max-width: 800px) 100vw, 800px\" \/><\/p>\n","protected":false},"excerpt":{"rendered":"<p><strong>Tamanu-\u00d6l<\/strong> ist reich an pflegenden Inhaltsstoffen wie Lipiden, Fetts\u00e4uren und entz\u00fcndungshemmenden Wirkstoffen. Die wichtigsten im Tamanu-\u00d6l enthaltenen Lipide sind Glykolipide, die die gesunden Hautzellen st\u00e4rken, Phospholipide, die die Hautzellen st\u00e4rken und ihre Flexibilit\u00e4t erh\u00f6hen, und neutrale Lipide, die die Bildung gesunder Membranen f\u00f6rdern. Tamanu enth\u00e4lt au\u00dferdem einen hohen Anteil an Calophylls\u00e4ure, einer essenziellen Fetts\u00e4ure, die nachweislich Bakterien bek\u00e4mpft, Entz\u00fcndungen reduziert und sogar Staphylococcus aureus hemmt. Tamanu ist einzigartig in seiner Absorptionsf\u00e4higkeit und gibt Feuchtigkeit tief in die Hautschichten ab, um Narben, Verbrennungen und Wunden von innen heraus zu heilen.<\/p>\n","protected":false},"featured_media":28157,"comment_status":"open","ping_status":"closed","template":"","meta":[],"product_brand":[],"product_cat":[6737,1508,6753,6645,1493,1210,1048,511,2022,6736],"product_tag":[1547],"class_list":{"0":"post-124964","1":"product","2":"type-product","3":"status-publish","4":"has-post-thumbnail","6":"product_cat-essential-oils-de-2","7":"product_cat-aetherische-oele-living-libations","8":"product_cat-babies-pregnancy","9":"product_cat-family-de","10":"product_cat-living-libations-deutschland","11":"product_cat-marken","12":"product_cat-kollektion","13":"product_cat-produkte","14":"product_cat-tragerol","15":"product_cat-wellness-de","16":"product_tag-essential-oil-de","17":"pa_brand-livinglibations-de","18":"pa_essential-oils-product-type-carrier-oils-de","19":"pa_essential-oils-product-type-essential-oils-de","20":"pa_size-15-ml-de-2","21":"pa_size-30-ml-de","23":"first","24":"instock","25":"taxable","26":"shipping-taxable","27":"purchasable","28":"product-type-variable"},"bundled_by":[],"bundle_stock_status":"instock","bundle_stock_quantity":null,"bundle_virtual":false,"bundle_layout":"","bundle_add_to_cart_form_location":"","bundle_editable_in_cart":false,"bundle_sold_individually_context":"","bundle_item_grouping":"","bundle_min_size":"","bundle_max_size":"","bundle_price":[],"bundled_items":[],"bundle_sell_ids":[],"atum_controlled":true,"out_stock_date":null,"out_stock_threshold":null,"inheritable":true,"stock_on_hold":0,"sold_today":0,"sales_last_days":0,"out_stock_days":0,"lost_sales":0,"update_date":"2026-04-07T06:57:36","atum_locations":[],"atum_stock_status":"instock","restock_status":false,"low_stock_amount":"","sales_update_date":"2026-04-07T06:57:36","calc_backorders":null,"group_of_quantity":0,"min_quantity":0,"max_quantity":"","exclude_order_quantity_value_rules":"no","exclude_category_quantity_rules":"no","combine_variations":"no","yoast_head":"<!-- This site is optimized with the Yoast SEO Premium plugin v26.5 (Yoast SEO v26.5) - https:\/\/yoast.com\/wordpress\/plugins\/seo\/ -->\n<title>Tamanu Organic Oil | Living Libations<\/title>\n<meta name=\"description\" content=\"Tamanu ist einzigartig in seiner Absorptionsf\u00e4higkeit und gibt Feuchtigkeit tief in die Hautschichten ab, um Narben, Verbrennungen und Wunden von innen heraus zu heilen.\" \/>\n<meta name=\"robots\" content=\"index, follow, max-snippet:-1, max-image-preview:large, max-video-preview:-1\" \/>\n<link rel=\"canonical\" href=\"https:\/\/dutchhealthstore.com\/de\/product\/tamanu-organic-oil\/\" \/>\n<meta property=\"og:locale\" content=\"de_DE\" \/>\n<meta property=\"og:type\" content=\"article\" \/>\n<meta property=\"og:title\" content=\"Tamanu Carrier Oil - Dutch Health Store\" \/>\n<meta property=\"og:description\" content=\"Tamanu ist einzigartig in seiner Absorptionsf\u00e4higkeit und gibt Feuchtigkeit tief in die Hautschichten ab, um Narben, Verbrennungen und Wunden von innen heraus zu heilen.\" \/>\n<meta property=\"og:url\" content=\"https:\/\/dutchhealthstore.com\/de\/product\/tamanu-organic-oil\/\" \/>\n<meta property=\"og:site_name\" content=\"Dutch Health Store\" \/>\n<meta property=\"article:publisher\" content=\"https:\/\/www.instagram.com\/dutchhealthstore\/\" \/>\n<meta property=\"article:modified_time\" content=\"2026-01-22T09:41:33+00:00\" \/>\n<meta property=\"og:image\" content=\"https:\/\/dutchhealthstore.com\/wp-content\/uploads\/2018\/02\/Tamanu_Organic_Oil_Living_Libations-1.jpg\" \/>\n\t<meta property=\"og:image:width\" content=\"500\" \/>\n\t<meta property=\"og:image:height\" content=\"500\" \/>\n\t<meta property=\"og:image:type\" content=\"image\/jpeg\" \/>\n<meta name=\"twitter:card\" content=\"summary_large_image\" \/>\n<meta name=\"twitter:label1\" content=\"Verf\u00fcgbarkeit\" \/>\n\t<meta name=\"twitter:data1\" content=\"Auf Lager\" \/>\n<script type=\"application\/ld+json\" class=\"yoast-schema-graph\">{\"@context\":\"https:\/\/schema.org\",\"@graph\":[{\"@type\":\"WebPage\",\"@id\":\"https:\/\/dutchhealthstore.com\/de\/product\/tamanu-organic-oil\/\",\"url\":\"https:\/\/dutchhealthstore.com\/de\/product\/tamanu-organic-oil\/\",\"name\":\"Tamanu Organic Oil | Living Libations\",\"isPartOf\":{\"@id\":\"https:\/\/dutchhealthstore.com\/de\/#website\"},\"primaryImageOfPage\":{\"@id\":\"https:\/\/dutchhealthstore.com\/de\/product\/tamanu-organic-oil\/#primaryimage\"},\"image\":{\"@id\":\"https:\/\/dutchhealthstore.com\/de\/product\/tamanu-organic-oil\/#primaryimage\"},\"thumbnailUrl\":\"https:\/\/dutchhealthstore.com\/wp-content\/uploads\/2018\/02\/Tamanu_Organic_Oil_Living_Libations-1.jpg\",\"datePublished\":\"2018-02-10T19:58:56+00:00\",\"dateModified\":\"2026-01-22T09:41:33+00:00\",\"description\":\"Tamanu ist einzigartig in seiner Absorptionsf\u00e4higkeit und gibt Feuchtigkeit tief in die Hautschichten ab, um Narben, Verbrennungen und Wunden von innen heraus zu heilen.\",\"breadcrumb\":{\"@id\":\"https:\/\/dutchhealthstore.com\/de\/product\/tamanu-organic-oil\/#breadcrumb\"},\"inLanguage\":\"de\",\"potentialAction\":[{\"@type\":\"ReadAction\",\"target\":[\"https:\/\/dutchhealthstore.com\/de\/product\/tamanu-organic-oil\/\"]}]},{\"@type\":\"ImageObject\",\"inLanguage\":\"de\",\"@id\":\"https:\/\/dutchhealthstore.com\/de\/product\/tamanu-organic-oil\/#primaryimage\",\"url\":\"https:\/\/dutchhealthstore.com\/wp-content\/uploads\/2018\/02\/Tamanu_Organic_Oil_Living_Libations-1.jpg\",\"contentUrl\":\"https:\/\/dutchhealthstore.com\/wp-content\/uploads\/2018\/02\/Tamanu_Organic_Oil_Living_Libations-1.jpg\",\"width\":500,\"height\":500},{\"@type\":\"BreadcrumbList\",\"@id\":\"https:\/\/dutchhealthstore.com\/de\/product\/tamanu-organic-oil\/#breadcrumb\",\"itemListElement\":[{\"@type\":\"ListItem\",\"position\":1,\"name\":\"Home\",\"item\":\"https:\/\/dutchhealthstore.com\/de\/\"},{\"@type\":\"ListItem\",\"position\":2,\"name\":\"Shop\",\"item\":\"https:\/\/dutchhealthstore.com\/de\/shop-2\/\"},{\"@type\":\"ListItem\",\"position\":3,\"name\":\"Tamanu Carrier Oil\"}]},{\"@type\":\"WebSite\",\"@id\":\"https:\/\/dutchhealthstore.com\/de\/#website\",\"url\":\"https:\/\/dutchhealthstore.com\/de\/\",\"name\":\"Dutch Health Store\",\"description\":\"Enhance Your Beauty with Organic &amp; Natural Skincare\",\"publisher\":{\"@id\":\"https:\/\/dutchhealthstore.com\/de\/#organization\"},\"potentialAction\":[{\"@type\":\"SearchAction\",\"target\":{\"@type\":\"EntryPoint\",\"urlTemplate\":\"https:\/\/dutchhealthstore.com\/de\/?s={search_term_string}\"},\"query-input\":{\"@type\":\"PropertyValueSpecification\",\"valueRequired\":true,\"valueName\":\"search_term_string\"}}],\"inLanguage\":\"de\"},{\"@type\":\"Organization\",\"@id\":\"https:\/\/dutchhealthstore.com\/de\/#organization\",\"name\":\"Dutch Health Store\",\"url\":\"https:\/\/dutchhealthstore.com\/de\/\",\"logo\":{\"@type\":\"ImageObject\",\"inLanguage\":\"de\",\"@id\":\"https:\/\/dutchhealthstore.com\/de\/#\/schema\/logo\/image\/\",\"url\":\"https:\/\/dutchhealthstore.com\/wp-content\/uploads\/2020\/08\/logo-dutchhealthstore-jpg-e1599484957574.jpg\",\"contentUrl\":\"https:\/\/dutchhealthstore.com\/wp-content\/uploads\/2020\/08\/logo-dutchhealthstore-jpg-e1599484957574.jpg\",\"width\":400,\"height\":62,\"caption\":\"Dutch Health Store\"},\"image\":{\"@id\":\"https:\/\/dutchhealthstore.com\/de\/#\/schema\/logo\/image\/\"},\"sameAs\":[\"https:\/\/www.instagram.com\/dutchhealthstore\/\",\"https:\/\/www.facebook.com\/dutchhealthstore\"]}]}<\/script>\n<meta property=\"product:brand\" content=\"Living Libations\" \/>\n<meta property=\"og:availability\" content=\"instock\" \/>\n<meta property=\"product:availability\" content=\"instock\" \/>\n<meta property=\"product:condition\" content=\"new\" \/>\n<!-- \/ Yoast SEO Premium plugin. -->","yoast_head_json":{"title":"Tamanu Organic Oil | Living Libations","description":"Tamanu ist einzigartig in seiner Absorptionsf\u00e4higkeit und gibt Feuchtigkeit tief in die Hautschichten ab, um Narben, Verbrennungen und Wunden von innen heraus zu heilen.","robots":{"index":"index","follow":"follow","max-snippet":"max-snippet:-1","max-image-preview":"max-image-preview:large","max-video-preview":"max-video-preview:-1"},"canonical":"https:\/\/dutchhealthstore.com\/de\/product\/tamanu-organic-oil\/","og_locale":"de_DE","og_type":"article","og_title":"Tamanu Carrier Oil - Dutch Health Store","og_description":"Tamanu ist einzigartig in seiner Absorptionsf\u00e4higkeit und gibt Feuchtigkeit tief in die Hautschichten ab, um Narben, Verbrennungen und Wunden von innen heraus zu heilen.","og_url":"https:\/\/dutchhealthstore.com\/de\/product\/tamanu-organic-oil\/","og_site_name":"Dutch Health Store","article_publisher":"https:\/\/www.instagram.com\/dutchhealthstore\/","article_modified_time":"2026-01-22T09:41:33+00:00","og_image":[{"width":500,"height":500,"url":"https:\/\/dutchhealthstore.com\/wp-content\/uploads\/2018\/02\/Tamanu_Organic_Oil_Living_Libations-1.jpg","type":"image\/jpeg"}],"twitter_card":"summary_large_image","twitter_misc":{"Verf\u00fcgbarkeit":"Auf Lager"},"schema":{"@context":"https:\/\/schema.org","@graph":[{"@type":"WebPage","@id":"https:\/\/dutchhealthstore.com\/de\/product\/tamanu-organic-oil\/","url":"https:\/\/dutchhealthstore.com\/de\/product\/tamanu-organic-oil\/","name":"Tamanu Organic Oil | Living Libations","isPartOf":{"@id":"https:\/\/dutchhealthstore.com\/de\/#website"},"primaryImageOfPage":{"@id":"https:\/\/dutchhealthstore.com\/de\/product\/tamanu-organic-oil\/#primaryimage"},"image":{"@id":"https:\/\/dutchhealthstore.com\/de\/product\/tamanu-organic-oil\/#primaryimage"},"thumbnailUrl":"https:\/\/dutchhealthstore.com\/wp-content\/uploads\/2018\/02\/Tamanu_Organic_Oil_Living_Libations-1.jpg","datePublished":"2018-02-10T19:58:56+00:00","dateModified":"2026-01-22T09:41:33+00:00","description":"Tamanu ist einzigartig in seiner Absorptionsf\u00e4higkeit und gibt Feuchtigkeit tief in die Hautschichten ab, um Narben, Verbrennungen und Wunden von innen heraus zu heilen.","breadcrumb":{"@id":"https:\/\/dutchhealthstore.com\/de\/product\/tamanu-organic-oil\/#breadcrumb"},"inLanguage":"de","potentialAction":[{"@type":"ReadAction","target":["https:\/\/dutchhealthstore.com\/de\/product\/tamanu-organic-oil\/"]}]},{"@type":"ImageObject","inLanguage":"de","@id":"https:\/\/dutchhealthstore.com\/de\/product\/tamanu-organic-oil\/#primaryimage","url":"https:\/\/dutchhealthstore.com\/wp-content\/uploads\/2018\/02\/Tamanu_Organic_Oil_Living_Libations-1.jpg","contentUrl":"https:\/\/dutchhealthstore.com\/wp-content\/uploads\/2018\/02\/Tamanu_Organic_Oil_Living_Libations-1.jpg","width":500,"height":500},{"@type":"BreadcrumbList","@id":"https:\/\/dutchhealthstore.com\/de\/product\/tamanu-organic-oil\/#breadcrumb","itemListElement":[{"@type":"ListItem","position":1,"name":"Home","item":"https:\/\/dutchhealthstore.com\/de\/"},{"@type":"ListItem","position":2,"name":"Shop","item":"https:\/\/dutchhealthstore.com\/de\/shop-2\/"},{"@type":"ListItem","position":3,"name":"Tamanu Carrier Oil"}]},{"@type":"WebSite","@id":"https:\/\/dutchhealthstore.com\/de\/#website","url":"https:\/\/dutchhealthstore.com\/de\/","name":"Dutch Health Store","description":"Enhance Your Beauty with Organic &amp; Natural Skincare","publisher":{"@id":"https:\/\/dutchhealthstore.com\/de\/#organization"},"potentialAction":[{"@type":"SearchAction","target":{"@type":"EntryPoint","urlTemplate":"https:\/\/dutchhealthstore.com\/de\/?s={search_term_string}"},"query-input":{"@type":"PropertyValueSpecification","valueRequired":true,"valueName":"search_term_string"}}],"inLanguage":"de"},{"@type":"Organization","@id":"https:\/\/dutchhealthstore.com\/de\/#organization","name":"Dutch Health Store","url":"https:\/\/dutchhealthstore.com\/de\/","logo":{"@type":"ImageObject","inLanguage":"de","@id":"https:\/\/dutchhealthstore.com\/de\/#\/schema\/logo\/image\/","url":"https:\/\/dutchhealthstore.com\/wp-content\/uploads\/2020\/08\/logo-dutchhealthstore-jpg-e1599484957574.jpg","contentUrl":"https:\/\/dutchhealthstore.com\/wp-content\/uploads\/2020\/08\/logo-dutchhealthstore-jpg-e1599484957574.jpg","width":400,"height":62,"caption":"Dutch Health Store"},"image":{"@id":"https:\/\/dutchhealthstore.com\/de\/#\/schema\/logo\/image\/"},"sameAs":["https:\/\/www.instagram.com\/dutchhealthstore\/","https:\/\/www.facebook.com\/dutchhealthstore"]}]},"product_brand":"Living Libations","og_availability":"instock","product_availability":"instock","product_condition":"new"},"_links":{"self":[{"href":"https:\/\/dutchhealthstore.com\/de\/wp-json\/wp\/v2\/product\/124964","targetHints":{"allow":["GET"]}}],"collection":[{"href":"https:\/\/dutchhealthstore.com\/de\/wp-json\/wp\/v2\/product"}],"about":[{"href":"https:\/\/dutchhealthstore.com\/de\/wp-json\/wp\/v2\/types\/product"}],"replies":[{"embeddable":true,"href":"https:\/\/dutchhealthstore.com\/de\/wp-json\/wp\/v2\/comments?post=124964"}],"wp:featuredmedia":[{"embeddable":true,"href":"https:\/\/dutchhealthstore.com\/de\/wp-json\/wp\/v2\/media\/28157"}],"wp:attachment":[{"href":"https:\/\/dutchhealthstore.com\/de\/wp-json\/wp\/v2\/media?parent=124964"}],"wp:term":[{"taxonomy":"product_brand","embeddable":true,"href":"https:\/\/dutchhealthstore.com\/de\/wp-json\/wp\/v2\/product_brand?post=124964"},{"taxonomy":"product_cat","embeddable":true,"href":"https:\/\/dutchhealthstore.com\/de\/wp-json\/wp\/v2\/product_cat?post=124964"},{"taxonomy":"product_tag","embeddable":true,"href":"https:\/\/dutchhealthstore.com\/de\/wp-json\/wp\/v2\/product_tag?post=124964"}],"curies":[{"name":"wp","href":"https:\/\/api.w.org\/{rel}","templated":true}]}}