{"id":124942,"date":"2020-07-09T06:27:30","date_gmt":"2020-07-09T04:27:30","guid":{"rendered":"https:\/\/dutchhealthstore.com\/product\/sweet-birch-essential-oil\/"},"modified":"2026-01-05T19:01:23","modified_gmt":"2026-01-05T18:01:23","slug":"sweet-birch-essential-oil","status":"publish","type":"product","link":"https:\/\/dutchhealthstore.com\/de\/product\/sweet-birch-essential-oil\/","title":{"rendered":"Sweet Birch Essential Oil"},"content":{"rendered":"<p><strong><img decoding=\"async\" class=\"size-full wp-image-69549 alignright\" src=\"https:\/\/dutchhealthstore.com\/wp-content\/uploads\/2019\/08\/NEW-Living-Libations-Logo.jpg\" alt=\"NEW - Living Libations - Logo\" width=\"175\" height=\"82\">Botanischer Name:<\/strong> Betula lenta<br \/>\n<strong>Botanische Familie:<\/strong> Betulaceae<br \/>\n<strong>Extraktionsverfahren:<\/strong> Dampfdestilliert<br \/>\n<strong>Teil der Pflanze Destilliert:<\/strong> Rinde<br \/>\n<strong>Herkunftsland:<\/strong> Kanada<br \/>\n<strong>Anbaumethode:<\/strong> Wild und ethisch geerntet<br \/>\n<strong>Zusammensetzung:<\/strong> 100% Betula lenta<br \/>\n<strong>Konsistenz:<\/strong> D\u00fcnn<\/p>\n<h3>Beschreibung des Duftes<\/h3>\n<p>Minziges gr\u00fcnes Bonbon mit s\u00fc\u00dfen, scharfen Noten von frischem Kampfer.<\/p>\n<h3>In Living Libations<\/h3>\n<p>Lion Balm<\/p>\n<h3>Gut mischbar mit<\/h3>\n<p>Majoran, Pfefferminze, Lavendel, Zitronengras, Wintergr\u00fcn, Eukalyptus, Rosmarin, Kardamom, Wei\u00dftanne, Ysop, Vitex, Oregano, Zypresse, Smaragdzypresse und Wacholder.<\/p>\n<a href=\"https:\/\/dutchhealthstore.com\/wp-content\/uploads\/2020\/07\/ANALYSIS-Sweet-Birch-Essential-Oil-Living-Libations.pdf\" class=\"button primary is-primary is-small\"  >\n\t\t<span>ANALYSE DER \u00c4THERISCHEN \u00d6LE &gt;<\/span>\n\t<\/a>\n\n<h3>Verwendet<\/h3>\n<p>Sch\u00f6n in B\u00e4dern und Massagemischungen f\u00fcr m\u00fcde Muskeln. Reinigung und Kl\u00e4rung in Salzleitungen und Diffusoren. Ein Genuss, der das Haus entsch\u00e4rft und mit kanadischer Waldfrische erf\u00fcllt. Super f\u00fcr das Studium und kristalline Klarheit.<\/p>\n<h3>Inhaltsstoffe<\/h3>\n<p>Enth\u00e4lt Methylsalicylat und Salicyls\u00e4ure.<\/p>\n<p>Unser Sweet Birch Essential Oil wird in der kanadischen Wildnis hergestellt, wodurch es ein Aroma von frischem Kampfer und saftiger Minze erh\u00e4lt. Das aus der Rinde des Baumes dampfdestillierte Aromaprofil der S\u00fc\u00dfbirke \u00e4hnelt chemisch seinem Waldfreund, dem Wintergr\u00fcn. Sie singt ein beruhigendes Lied, das seit jeher in Balsamen zur Lockerung m\u00fcder Muskeln, in Entspannungssirupen und in s\u00fc\u00dfen Traumelixieren verwendet wird.<\/p>\n<p>Im 19. Jahrhundert war das Sweet Birch Essential Oil eines der begehrtesten \u00d6le der Welt und wurde in den Herrend\u00fcften der 1800er Jahre bewundert. Die Birke wurde in der Literatur verewigt, und ihr \u00d6l wurde von Seife \u00fcber Rasierschaum bis hin zu K\u00f6lnisch Wasser zugesetzt, da die Menschen die F\u00e4higkeit des Dufts genossen, den Geist zu kl\u00e4ren und die Stimmung zu heben.<\/p>\n<p><strong>Gr\u00f6\u00dfe: 5 ml und 15 ml<\/strong><\/p>\n<h3>Bio-Zutaten<\/h3>\n<p>100% \u00e4therisches \u00d6l der S\u00fc\u00dfbirke (Betula lenta).<\/p>\n<p style=\"text-align: center;\"><em>&#8222;Die Birke f\u00e4ngt an, ihre babygr\u00fcne H\u00fclle aufzubrechen und das Wei\u00df darunter zu zeigen.&#8220;<\/em><br \/>\n~ Robert Frost, <strong>Birch Trees<\/strong><\/p>\n<p style=\"text-align: center;\"><em>&#8222;Im neunzehnten Jahrhundert war Birken\u00f6l sehr gefragt. Infolgedessen wurden die Birkenb\u00e4ume abgeholzt und dezimiert, um sich dann zu erholen, als man begann, Wintergr\u00fcn\u00f6l, das \u00e4hnliche Eigenschaften hat, synthetisch herzustellen und anstelle von Birken\u00f6l zu verwenden.<\/em><br \/>\n~ Carol Schiller, <strong>The Aromatherapy Encyclopedia<\/strong><\/p>\n<p><img fetchpriority=\"high\" decoding=\"async\" class=\"size-medium wp-image-68103 aligncenter\" src=\"https:\/\/dutchhealthstore.com\/wp-content\/uploads\/2018\/02\/Living-Libations-Organic-Logo-800x89.png\" alt=\"Living Libations - Organic Logo\" width=\"800\" height=\"89\" srcset=\"https:\/\/dutchhealthstore.com\/wp-content\/uploads\/2018\/02\/Living-Libations-Organic-Logo-800x89.png 800w, https:\/\/dutchhealthstore.com\/wp-content\/uploads\/2018\/02\/Living-Libations-Organic-Logo-510x57.png 510w, https:\/\/dutchhealthstore.com\/wp-content\/uploads\/2018\/02\/Living-Libations-Organic-Logo-768x85.png 768w, https:\/\/dutchhealthstore.com\/wp-content\/uploads\/2018\/02\/Living-Libations-Organic-Logo.png 1400w\" sizes=\"(max-width: 800px) 100vw, 800px\" \/><\/p>\n","protected":false},"excerpt":{"rendered":"<p>Sprightly <strong>Sweet Birch Essential Oil<\/strong> ist ein reiner, winterlich-frischer Zauber in einer Flasche.<br \/>\nDieses temperamentvolle Elixier wird aus der Rinde der kanadischen Birke dampfdestilliert und sein pr\u00e4gnantes Aroma hat die F\u00e4higkeit, die Wege der Kommunikation und Meditation zu ebnen.<\/p>\n","protected":false},"featured_media":54231,"comment_status":"open","ping_status":"closed","template":"","meta":[],"product_brand":[],"product_cat":[6737,1508,1546,1032,1493,1210,511,6736],"product_tag":[1547],"class_list":{"0":"post-124942","1":"product","2":"type-product","3":"status-publish","4":"has-post-thumbnail","6":"product_cat-essential-oils-de-2","7":"product_cat-aetherische-oele-living-libations","8":"product_cat-essential-oils-living-libations-de","9":"product_cat-kategorien","10":"product_cat-living-libations-deutschland","11":"product_cat-marken","12":"product_cat-produkte","13":"product_cat-wellness-de","14":"product_tag-essential-oil-de","15":"pa_brand-livinglibations-de","16":"pa_essential-oils-product-type-essential-oils-de","17":"pa_size-15-ml-de-2","18":"pa_size-5-ml-de","20":"first","21":"instock","22":"taxable","23":"shipping-taxable","24":"purchasable","25":"product-type-variable"},"bundled_by":[],"bundle_stock_status":"instock","bundle_stock_quantity":null,"bundle_virtual":false,"bundle_layout":"","bundle_add_to_cart_form_location":"","bundle_editable_in_cart":false,"bundle_sold_individually_context":"","bundle_item_grouping":"","bundle_min_size":"","bundle_max_size":"","bundle_price":[],"bundled_items":[],"bundle_sell_ids":[],"atum_controlled":true,"out_stock_date":null,"out_stock_threshold":null,"inheritable":true,"stock_on_hold":0,"sold_today":0,"sales_last_days":0,"out_stock_days":0,"lost_sales":0,"update_date":"2026-04-16T00:05:21","atum_locations":[],"atum_stock_status":"instock","restock_status":false,"low_stock_amount":"","sales_update_date":"2026-04-16T00:05:21","calc_backorders":null,"group_of_quantity":0,"min_quantity":0,"max_quantity":"","exclude_order_quantity_value_rules":"no","exclude_category_quantity_rules":"no","combine_variations":"no","yoast_head":"<!-- This site is optimized with the Yoast SEO Premium plugin v26.5 (Yoast SEO v26.5) - https:\/\/yoast.com\/wordpress\/plugins\/seo\/ -->\n<title>Sweet Birch Essential Oil | Living Libations<\/title>\n<meta name=\"description\" content=\"Dieses Elixier wird aus der Rinde der kanadischen Birke dampfdestilliert und sein pr\u00e4gnantes Aroma hat die F\u00e4higkeit, die Wege der Meditation zu ebnen.\" \/>\n<meta name=\"robots\" content=\"index, follow, max-snippet:-1, max-image-preview:large, max-video-preview:-1\" \/>\n<link rel=\"canonical\" href=\"https:\/\/dutchhealthstore.com\/de\/product\/sweet-birch-essential-oil\/\" \/>\n<meta property=\"og:locale\" content=\"de_DE\" \/>\n<meta property=\"og:type\" content=\"article\" \/>\n<meta property=\"og:title\" content=\"Sweet Birch Essential Oil - Dutch Health Store\" \/>\n<meta property=\"og:description\" content=\"Dieses Elixier wird aus der Rinde der kanadischen Birke dampfdestilliert und sein pr\u00e4gnantes Aroma hat die F\u00e4higkeit, die Wege der Meditation zu ebnen.\" \/>\n<meta property=\"og:url\" content=\"https:\/\/dutchhealthstore.com\/de\/product\/sweet-birch-essential-oil\/\" \/>\n<meta property=\"og:site_name\" content=\"Dutch Health Store\" \/>\n<meta property=\"article:publisher\" content=\"https:\/\/www.instagram.com\/dutchhealthstore\/\" \/>\n<meta property=\"article:modified_time\" content=\"2026-01-05T18:01:23+00:00\" \/>\n<meta property=\"og:image\" content=\"https:\/\/dutchhealthstore.com\/wp-content\/uploads\/2018\/02\/Sweet-Birch-Essential-Oil-Living-Libations-e1594275873210.jpg\" \/>\n\t<meta property=\"og:image:width\" content=\"500\" \/>\n\t<meta property=\"og:image:height\" content=\"500\" \/>\n\t<meta property=\"og:image:type\" content=\"image\/jpeg\" \/>\n<meta name=\"twitter:card\" content=\"summary_large_image\" \/>\n<meta name=\"twitter:label1\" content=\"Verf\u00fcgbarkeit\" \/>\n\t<meta name=\"twitter:data1\" content=\"Auf Lager\" \/>\n<script type=\"application\/ld+json\" class=\"yoast-schema-graph\">{\"@context\":\"https:\/\/schema.org\",\"@graph\":[{\"@type\":\"WebPage\",\"@id\":\"https:\/\/dutchhealthstore.com\/de\/product\/sweet-birch-essential-oil\/\",\"url\":\"https:\/\/dutchhealthstore.com\/de\/product\/sweet-birch-essential-oil\/\",\"name\":\"Sweet Birch Essential Oil | Living Libations\",\"isPartOf\":{\"@id\":\"https:\/\/dutchhealthstore.com\/de\/#website\"},\"primaryImageOfPage\":{\"@id\":\"https:\/\/dutchhealthstore.com\/de\/product\/sweet-birch-essential-oil\/#primaryimage\"},\"image\":{\"@id\":\"https:\/\/dutchhealthstore.com\/de\/product\/sweet-birch-essential-oil\/#primaryimage\"},\"thumbnailUrl\":\"https:\/\/dutchhealthstore.com\/wp-content\/uploads\/2018\/02\/Sweet-Birch-Essential-Oil-Living-Libations-e1594275873210.jpg\",\"datePublished\":\"2020-07-09T04:27:30+00:00\",\"dateModified\":\"2026-01-05T18:01:23+00:00\",\"description\":\"Dieses Elixier wird aus der Rinde der kanadischen Birke dampfdestilliert und sein pr\u00e4gnantes Aroma hat die F\u00e4higkeit, die Wege der Meditation zu ebnen.\",\"breadcrumb\":{\"@id\":\"https:\/\/dutchhealthstore.com\/de\/product\/sweet-birch-essential-oil\/#breadcrumb\"},\"inLanguage\":\"de\",\"potentialAction\":[{\"@type\":\"ReadAction\",\"target\":[\"https:\/\/dutchhealthstore.com\/de\/product\/sweet-birch-essential-oil\/\"]}]},{\"@type\":\"ImageObject\",\"inLanguage\":\"de\",\"@id\":\"https:\/\/dutchhealthstore.com\/de\/product\/sweet-birch-essential-oil\/#primaryimage\",\"url\":\"https:\/\/dutchhealthstore.com\/wp-content\/uploads\/2018\/02\/Sweet-Birch-Essential-Oil-Living-Libations-e1594275873210.jpg\",\"contentUrl\":\"https:\/\/dutchhealthstore.com\/wp-content\/uploads\/2018\/02\/Sweet-Birch-Essential-Oil-Living-Libations-e1594275873210.jpg\",\"width\":500,\"height\":500,\"caption\":\"Sweet Birch Essential Oil - Living Libations\"},{\"@type\":\"BreadcrumbList\",\"@id\":\"https:\/\/dutchhealthstore.com\/de\/product\/sweet-birch-essential-oil\/#breadcrumb\",\"itemListElement\":[{\"@type\":\"ListItem\",\"position\":1,\"name\":\"Home\",\"item\":\"https:\/\/dutchhealthstore.com\/de\/\"},{\"@type\":\"ListItem\",\"position\":2,\"name\":\"Shop\",\"item\":\"https:\/\/dutchhealthstore.com\/de\/shop-2\/\"},{\"@type\":\"ListItem\",\"position\":3,\"name\":\"Sweet Birch Essential Oil\"}]},{\"@type\":\"WebSite\",\"@id\":\"https:\/\/dutchhealthstore.com\/de\/#website\",\"url\":\"https:\/\/dutchhealthstore.com\/de\/\",\"name\":\"Dutch Health Store\",\"description\":\"Enhance Your Beauty with Organic &amp; Natural Skincare\",\"publisher\":{\"@id\":\"https:\/\/dutchhealthstore.com\/de\/#organization\"},\"potentialAction\":[{\"@type\":\"SearchAction\",\"target\":{\"@type\":\"EntryPoint\",\"urlTemplate\":\"https:\/\/dutchhealthstore.com\/de\/?s={search_term_string}\"},\"query-input\":{\"@type\":\"PropertyValueSpecification\",\"valueRequired\":true,\"valueName\":\"search_term_string\"}}],\"inLanguage\":\"de\"},{\"@type\":\"Organization\",\"@id\":\"https:\/\/dutchhealthstore.com\/de\/#organization\",\"name\":\"Dutch Health Store\",\"url\":\"https:\/\/dutchhealthstore.com\/de\/\",\"logo\":{\"@type\":\"ImageObject\",\"inLanguage\":\"de\",\"@id\":\"https:\/\/dutchhealthstore.com\/de\/#\/schema\/logo\/image\/\",\"url\":\"https:\/\/dutchhealthstore.com\/wp-content\/uploads\/2020\/08\/logo-dutchhealthstore-jpg-e1599484957574.jpg\",\"contentUrl\":\"https:\/\/dutchhealthstore.com\/wp-content\/uploads\/2020\/08\/logo-dutchhealthstore-jpg-e1599484957574.jpg\",\"width\":400,\"height\":62,\"caption\":\"Dutch Health Store\"},\"image\":{\"@id\":\"https:\/\/dutchhealthstore.com\/de\/#\/schema\/logo\/image\/\"},\"sameAs\":[\"https:\/\/www.instagram.com\/dutchhealthstore\/\",\"https:\/\/www.facebook.com\/dutchhealthstore\"]}]}<\/script>\n<meta property=\"product:brand\" content=\"Living Libations\" \/>\n<meta property=\"og:availability\" content=\"instock\" \/>\n<meta property=\"product:availability\" content=\"instock\" \/>\n<meta property=\"product:condition\" content=\"new\" \/>\n<!-- \/ Yoast SEO Premium plugin. -->","yoast_head_json":{"title":"Sweet Birch Essential Oil | Living Libations","description":"Dieses Elixier wird aus der Rinde der kanadischen Birke dampfdestilliert und sein pr\u00e4gnantes Aroma hat die F\u00e4higkeit, die Wege der Meditation zu ebnen.","robots":{"index":"index","follow":"follow","max-snippet":"max-snippet:-1","max-image-preview":"max-image-preview:large","max-video-preview":"max-video-preview:-1"},"canonical":"https:\/\/dutchhealthstore.com\/de\/product\/sweet-birch-essential-oil\/","og_locale":"de_DE","og_type":"article","og_title":"Sweet Birch Essential Oil - Dutch Health Store","og_description":"Dieses Elixier wird aus der Rinde der kanadischen Birke dampfdestilliert und sein pr\u00e4gnantes Aroma hat die F\u00e4higkeit, die Wege der Meditation zu ebnen.","og_url":"https:\/\/dutchhealthstore.com\/de\/product\/sweet-birch-essential-oil\/","og_site_name":"Dutch Health Store","article_publisher":"https:\/\/www.instagram.com\/dutchhealthstore\/","article_modified_time":"2026-01-05T18:01:23+00:00","og_image":[{"width":500,"height":500,"url":"https:\/\/dutchhealthstore.com\/wp-content\/uploads\/2018\/02\/Sweet-Birch-Essential-Oil-Living-Libations-e1594275873210.jpg","type":"image\/jpeg"}],"twitter_card":"summary_large_image","twitter_misc":{"Verf\u00fcgbarkeit":"Auf Lager"},"schema":{"@context":"https:\/\/schema.org","@graph":[{"@type":"WebPage","@id":"https:\/\/dutchhealthstore.com\/de\/product\/sweet-birch-essential-oil\/","url":"https:\/\/dutchhealthstore.com\/de\/product\/sweet-birch-essential-oil\/","name":"Sweet Birch Essential Oil | Living Libations","isPartOf":{"@id":"https:\/\/dutchhealthstore.com\/de\/#website"},"primaryImageOfPage":{"@id":"https:\/\/dutchhealthstore.com\/de\/product\/sweet-birch-essential-oil\/#primaryimage"},"image":{"@id":"https:\/\/dutchhealthstore.com\/de\/product\/sweet-birch-essential-oil\/#primaryimage"},"thumbnailUrl":"https:\/\/dutchhealthstore.com\/wp-content\/uploads\/2018\/02\/Sweet-Birch-Essential-Oil-Living-Libations-e1594275873210.jpg","datePublished":"2020-07-09T04:27:30+00:00","dateModified":"2026-01-05T18:01:23+00:00","description":"Dieses Elixier wird aus der Rinde der kanadischen Birke dampfdestilliert und sein pr\u00e4gnantes Aroma hat die F\u00e4higkeit, die Wege der Meditation zu ebnen.","breadcrumb":{"@id":"https:\/\/dutchhealthstore.com\/de\/product\/sweet-birch-essential-oil\/#breadcrumb"},"inLanguage":"de","potentialAction":[{"@type":"ReadAction","target":["https:\/\/dutchhealthstore.com\/de\/product\/sweet-birch-essential-oil\/"]}]},{"@type":"ImageObject","inLanguage":"de","@id":"https:\/\/dutchhealthstore.com\/de\/product\/sweet-birch-essential-oil\/#primaryimage","url":"https:\/\/dutchhealthstore.com\/wp-content\/uploads\/2018\/02\/Sweet-Birch-Essential-Oil-Living-Libations-e1594275873210.jpg","contentUrl":"https:\/\/dutchhealthstore.com\/wp-content\/uploads\/2018\/02\/Sweet-Birch-Essential-Oil-Living-Libations-e1594275873210.jpg","width":500,"height":500,"caption":"Sweet Birch Essential Oil - Living Libations"},{"@type":"BreadcrumbList","@id":"https:\/\/dutchhealthstore.com\/de\/product\/sweet-birch-essential-oil\/#breadcrumb","itemListElement":[{"@type":"ListItem","position":1,"name":"Home","item":"https:\/\/dutchhealthstore.com\/de\/"},{"@type":"ListItem","position":2,"name":"Shop","item":"https:\/\/dutchhealthstore.com\/de\/shop-2\/"},{"@type":"ListItem","position":3,"name":"Sweet Birch Essential Oil"}]},{"@type":"WebSite","@id":"https:\/\/dutchhealthstore.com\/de\/#website","url":"https:\/\/dutchhealthstore.com\/de\/","name":"Dutch Health Store","description":"Enhance Your Beauty with Organic &amp; Natural Skincare","publisher":{"@id":"https:\/\/dutchhealthstore.com\/de\/#organization"},"potentialAction":[{"@type":"SearchAction","target":{"@type":"EntryPoint","urlTemplate":"https:\/\/dutchhealthstore.com\/de\/?s={search_term_string}"},"query-input":{"@type":"PropertyValueSpecification","valueRequired":true,"valueName":"search_term_string"}}],"inLanguage":"de"},{"@type":"Organization","@id":"https:\/\/dutchhealthstore.com\/de\/#organization","name":"Dutch Health Store","url":"https:\/\/dutchhealthstore.com\/de\/","logo":{"@type":"ImageObject","inLanguage":"de","@id":"https:\/\/dutchhealthstore.com\/de\/#\/schema\/logo\/image\/","url":"https:\/\/dutchhealthstore.com\/wp-content\/uploads\/2020\/08\/logo-dutchhealthstore-jpg-e1599484957574.jpg","contentUrl":"https:\/\/dutchhealthstore.com\/wp-content\/uploads\/2020\/08\/logo-dutchhealthstore-jpg-e1599484957574.jpg","width":400,"height":62,"caption":"Dutch Health Store"},"image":{"@id":"https:\/\/dutchhealthstore.com\/de\/#\/schema\/logo\/image\/"},"sameAs":["https:\/\/www.instagram.com\/dutchhealthstore\/","https:\/\/www.facebook.com\/dutchhealthstore"]}]},"product_brand":"Living Libations","og_availability":"instock","product_availability":"instock","product_condition":"new"},"_links":{"self":[{"href":"https:\/\/dutchhealthstore.com\/de\/wp-json\/wp\/v2\/product\/124942","targetHints":{"allow":["GET"]}}],"collection":[{"href":"https:\/\/dutchhealthstore.com\/de\/wp-json\/wp\/v2\/product"}],"about":[{"href":"https:\/\/dutchhealthstore.com\/de\/wp-json\/wp\/v2\/types\/product"}],"replies":[{"embeddable":true,"href":"https:\/\/dutchhealthstore.com\/de\/wp-json\/wp\/v2\/comments?post=124942"}],"wp:featuredmedia":[{"embeddable":true,"href":"https:\/\/dutchhealthstore.com\/de\/wp-json\/wp\/v2\/media\/54231"}],"wp:attachment":[{"href":"https:\/\/dutchhealthstore.com\/de\/wp-json\/wp\/v2\/media?parent=124942"}],"wp:term":[{"taxonomy":"product_brand","embeddable":true,"href":"https:\/\/dutchhealthstore.com\/de\/wp-json\/wp\/v2\/product_brand?post=124942"},{"taxonomy":"product_cat","embeddable":true,"href":"https:\/\/dutchhealthstore.com\/de\/wp-json\/wp\/v2\/product_cat?post=124942"},{"taxonomy":"product_tag","embeddable":true,"href":"https:\/\/dutchhealthstore.com\/de\/wp-json\/wp\/v2\/product_tag?post=124942"}],"curies":[{"name":"wp","href":"https:\/\/api.w.org\/{rel}","templated":true}]}}