{"id":123931,"date":"2019-02-16T20:21:06","date_gmt":"2019-02-16T19:21:06","guid":{"rendered":"https:\/\/dutchhealthstore.com\/product\/star-anise-essential-oil\/"},"modified":"2024-05-23T14:40:26","modified_gmt":"2024-05-23T12:40:26","slug":"star-anise-essential-oil","status":"publish","type":"product","link":"https:\/\/dutchhealthstore.com\/de\/product\/star-anise-essential-oil\/","title":{"rendered":"Star Anise Essential Oil"},"content":{"rendered":"<p><img decoding=\"async\" class=\"size-full wp-image-37041 alignright\" src=\"https:\/\/dutchhealthstore.com\/wp-content\/uploads\/2018\/04\/Living_Libations-1.png\" alt=\"Organic &amp; Natural Beautyproducts - Living Libations\" width=\"175\" height=\"82\"><\/p>\n<p style=\"text-align: left;\"><strong>Botanischer Name:<\/strong> Illicium verum<br \/>\n<strong>Botanische Familie:<\/strong> Magnoliaceae<br \/>\n<strong>Extraktionsverfahren:<\/strong> Molekulare Destillation<br \/>\n<strong>Teil der Pflanze Destilliert:<\/strong> Sternf\u00f6rmige Trockenfr\u00fcchte<br \/>\n<strong>Herkunftsland:<\/strong> Vietnam<br \/>\n<strong>Anbaumethode:<\/strong> Bio<br \/>\n<strong>Zusammensetzung:<\/strong> 100% Illicium verum<br \/>\n<strong>Konsistenz:<\/strong> D\u00fcnn<\/p>\n<h3 style=\"text-align: left;\">Beschreibung des Duftes<\/h3>\n<p style=\"text-align: left;\">Leichter, lebendiger Lakritzduft mit einladenden w\u00fcrzigen und s\u00fc\u00dfen Noten.<\/p>\n<h3 style=\"text-align: left;\">Gut mischbar mit<\/h3>\n<p style=\"text-align: left;\">Grapefruit, Bergamotte, Zitrone, Limette, Estragon, Ysop, Muskatellersalbei, Zimt, Nelke, Vanille, Inula, Majoran, Weihrauch, Myrrhe, Ylang, Geranie, Zedernholz, Douglasie, Salbei und Fenchel.<\/p>\n<h3 style=\"text-align: left;\">Verwendet<\/h3>\n<p style=\"text-align: left;\">L\u00e4sst die Muskeln schmelzen und erleichtert das Atmen. Aperitif und Karminativum. \u00c4hnlich wie das Gew\u00fcrz wird es in kulinarischen Kreationen verwendet. Mundpflege. Macht den Kater gl\u00fccklich.<\/p>\n<h3 style=\"text-align: left;\">Kontraindikationen<\/h3>\n<p style=\"text-align: left;\">F\u00fcr die topische Anwendung verd\u00fcnnen. In der Schwangerschaft und in der Stillzeit ist die orale oder topische Anwendung mit Vorsicht und in niedriger Dosierung durchzuf\u00fchren.<\/p>\n<h3 style=\"text-align: left;\">Hauptbestandteile<\/h3>\n<p style=\"text-align: left;\">Stark im Phenolether, trans-Anethol (80 &#8211; 95 %) mit Spuren von Limonen, Linalool, Pinen.<\/p>\n<p>Stellares <strong>Star Anise Essential Oil<\/strong> verstr\u00f6mt ein leichtes und lebendiges Lakritz-Aroma.<br \/>\nDiese s\u00fc\u00dfe Essenz wird aus den eleganten und stark duftenden, voll ausgereiften, sternf\u00f6rmigen Fr\u00fcchten von hoch aufragenden, immergr\u00fcnen B\u00e4umen aus der Familie der Magnolien destilliert.<\/p>\n<p style=\"text-align: left;\">Nicht umsonst bedeutet der botanische Name der Anisb\u00e4ume, Illicium, auf Lateinisch &#8222;verlockend&#8220;. Dieser stark duftende und sch\u00f6ne Baum mit gl\u00e4nzenden, immergr\u00fcnen Bl\u00e4ttern und aromatischen wei\u00dfen Bl\u00fcten produziert auch die eleganten sternf\u00f6rmigen Samenschoten, die in der tropischen K\u00fcche verwendet werden, um Suppen, Eint\u00f6pfe und Spirituosen mit einer Lakritzessenz zu versehen.<\/p>\n<p>Wir verwenden das helle Star Anise Essential Oil am liebsten aromatherapeutisch in Diffusoren, Salzpfeifen und in k\u00f6chelnden T\u00f6pfen mit Wasser in den kalten Wintermonaten f\u00fcr gro\u00dfe, tiefe, w\u00e4rmende Atemz\u00fcge und botanische biotische Potenz. Ein einziger Tropfen belebt auch einen dampfenden Topf mit Pho-Nudeln, Curry und anderen K\u00fcchenkreationen aus dem tropischen Asien.<\/p>\n<p>Bei \u00e4u\u00dferlicher Anwendung ist das Star Anise Essential Oil ein wunderbar muskelschmelzendes Massage\u00f6l und ein z\u00e4hes, straffendes Gesichtswasser. Bei beiden verd\u00fcnnen Sie das \u00d6l auf 1,5 % oder weniger.<\/p>\n<p><strong>Gr\u00f6\u00dfe: 5 ml und 15 ml<\/strong><\/p>\n<h3>Bio-Zutaten<\/h3>\n<p>100% \u00e4therische \u00d6le aus Sternanis (Illicium verum).<\/p>\n<p style=\"text-align: center;\"><em>&#8222;Der Duft ist so unverwechselbar, dass es sich um eine anerkannte Geruchsart handelt &#8211; Anis.<br \/>\nDer wichtigste Bestandteil aller nach Anis duftenden Pflanzen, wie Sternanis und Fenchel,<br \/>\nist trans-Anethol. Diese pflanzlichen Stoffe werden als Aromastoffe in einer Klasse von alkoholischen Getr\u00e4nken verwendet, die als &#8222;Anis-Aperitifs&#8220; bekannt sind.<br \/>\nDazu geh\u00f6ren Ouzo, Absinth, Raki, Sambuca und Pastis.&#8220; <\/em><\/p>\n<p style=\"text-align: center;\"><em>~<\/em> Jennifer Peace Rhind, <strong>Fragrance and Wellbeing<\/strong><\/p>\n<p>&nbsp;<\/p>\n<p style=\"text-align: center;\"><em>&#8222;Ein Tropfen \u00e4therisches Sternanis\u00f6l auf einem Teel\u00f6ffel Zucker [or honey] stellt das Gleichgewicht eines akut aus dem Gleichgewicht geratenen Systems wieder her.&#8220; <\/em><\/p>\n<p style=\"text-align: center;\"><em>~<\/em> Kurt Schnaubelt<em>,<\/em> <strong>Advanced Aromatherapy<\/strong><\/p>\n<p>&nbsp;<\/p>\n<p>&nbsp;<\/p>\n<p><img fetchpriority=\"high\" decoding=\"async\" class=\"size-full wp-image-31577 aligncenter\" src=\"https:\/\/dutchhealthstore.com\/wp-content\/uploads\/2018\/03\/organic_big.png\" alt=\"Organic and Natural - Living Libations\" width=\"623\" height=\"103\" srcset=\"https:\/\/dutchhealthstore.com\/wp-content\/uploads\/2018\/03\/organic_big.png 623w, https:\/\/dutchhealthstore.com\/wp-content\/uploads\/2018\/03\/organic_big-510x84.png 510w, https:\/\/dutchhealthstore.com\/wp-content\/uploads\/2018\/03\/organic_big-600x99.png 600w, https:\/\/dutchhealthstore.com\/wp-content\/uploads\/2018\/03\/organic_big-350x58.png 350w\" sizes=\"(max-width: 623px) 100vw, 623px\" \/><\/p>\n","protected":false},"excerpt":{"rendered":"<p>Stellares <strong>Star Anise Essential Oil<\/strong> verstr\u00f6mt ein leichtes und lebendiges Lakritz-Aroma.<br \/>\nDiese s\u00fc\u00dfe Essenz wird aus den eleganten und stark duftenden, voll ausgereiften, sternf\u00f6rmigen Fr\u00fcchten von hoch aufragenden, immergr\u00fcnen B\u00e4umen aus der Familie der Magnolien destilliert.<\/p>\n","protected":false},"featured_media":117287,"comment_status":"open","ping_status":"closed","template":"","meta":[],"product_brand":[],"product_cat":[1546,6737,1508,1493,1210,511,6736],"product_tag":[1547],"class_list":{"0":"post-123931","1":"product","2":"type-product","3":"status-publish","4":"has-post-thumbnail","6":"product_cat-essential-oils-living-libations-de","7":"product_cat-essential-oils-de-2","8":"product_cat-aetherische-oele-living-libations","9":"product_cat-living-libations-deutschland","10":"product_cat-marken","11":"product_cat-produkte","12":"product_cat-wellness-de","13":"product_tag-essential-oil-de","14":"pa_brand-livinglibations-de","15":"pa_essential-oils-product-type-essential-oils-de","16":"pa_size-15-ml-de-2","17":"pa_size-5-ml-de","19":"first","20":"instock","21":"taxable","22":"shipping-taxable","23":"purchasable","24":"product-type-variable"},"bundled_by":[],"bundle_stock_status":"instock","bundle_stock_quantity":null,"bundle_virtual":false,"bundle_layout":"","bundle_add_to_cart_form_location":"","bundle_editable_in_cart":false,"bundle_sold_individually_context":"","bundle_item_grouping":"","bundle_min_size":"","bundle_max_size":"","bundle_price":[],"bundled_items":[],"bundle_sell_ids":[],"atum_controlled":true,"out_stock_date":null,"out_stock_threshold":null,"inheritable":true,"stock_on_hold":0,"sold_today":0,"sales_last_days":0,"out_stock_days":0,"lost_sales":0,"update_date":"2026-04-20T00:07:26","atum_locations":[],"atum_stock_status":"instock","restock_status":false,"low_stock_amount":"","sales_update_date":"2026-04-20T00:07:26","calc_backorders":null,"group_of_quantity":0,"min_quantity":0,"max_quantity":"","exclude_order_quantity_value_rules":"no","exclude_category_quantity_rules":"no","combine_variations":"no","yoast_head":"<!-- This site is optimized with the Yoast SEO Premium plugin v26.5 (Yoast SEO v26.5) - https:\/\/yoast.com\/wordpress\/plugins\/seo\/ -->\n<title>Star Anise Essential Oil | Living Libations<\/title>\n<meta name=\"description\" content=\"Stellares Star Anise Essential Oil verstr\u00f6mt ein leichtes und lebendiges Lakritz-Aroma.\" \/>\n<meta name=\"robots\" content=\"index, follow, max-snippet:-1, max-image-preview:large, max-video-preview:-1\" \/>\n<link rel=\"canonical\" href=\"https:\/\/dutchhealthstore.com\/de\/product\/star-anise-essential-oil\/\" \/>\n<meta property=\"og:locale\" content=\"de_DE\" \/>\n<meta property=\"og:type\" content=\"article\" \/>\n<meta property=\"og:title\" content=\"Star Anise Essential Oil - Dutch Health Store\" \/>\n<meta property=\"og:description\" content=\"Stellares Star Anise Essential Oil verstr\u00f6mt ein leichtes und lebendiges Lakritz-Aroma.\" \/>\n<meta property=\"og:url\" content=\"https:\/\/dutchhealthstore.com\/de\/product\/star-anise-essential-oil\/\" \/>\n<meta property=\"og:site_name\" content=\"Dutch Health Store\" \/>\n<meta property=\"article:publisher\" content=\"https:\/\/www.instagram.com\/dutchhealthstore\/\" \/>\n<meta property=\"article:modified_time\" content=\"2024-05-23T12:40:26+00:00\" \/>\n<meta property=\"og:image\" content=\"https:\/\/dutchhealthstore.com\/wp-content\/uploads\/2019\/02\/Living-Libations-Star-Anise-Essential-Oil-e1596203872961-1.jpg\" \/>\n\t<meta property=\"og:image:width\" content=\"500\" \/>\n\t<meta property=\"og:image:height\" content=\"500\" \/>\n\t<meta property=\"og:image:type\" content=\"image\/jpeg\" \/>\n<meta name=\"twitter:card\" content=\"summary_large_image\" \/>\n<meta name=\"twitter:label1\" content=\"Verf\u00fcgbarkeit\" \/>\n\t<meta name=\"twitter:data1\" content=\"Auf Lager\" \/>\n<script type=\"application\/ld+json\" class=\"yoast-schema-graph\">{\"@context\":\"https:\/\/schema.org\",\"@graph\":[{\"@type\":\"WebPage\",\"@id\":\"https:\/\/dutchhealthstore.com\/de\/product\/star-anise-essential-oil\/\",\"url\":\"https:\/\/dutchhealthstore.com\/de\/product\/star-anise-essential-oil\/\",\"name\":\"Star Anise Essential Oil | Living Libations\",\"isPartOf\":{\"@id\":\"https:\/\/dutchhealthstore.com\/de\/#website\"},\"primaryImageOfPage\":{\"@id\":\"https:\/\/dutchhealthstore.com\/de\/product\/star-anise-essential-oil\/#primaryimage\"},\"image\":{\"@id\":\"https:\/\/dutchhealthstore.com\/de\/product\/star-anise-essential-oil\/#primaryimage\"},\"thumbnailUrl\":\"https:\/\/dutchhealthstore.com\/wp-content\/uploads\/2019\/02\/Living-Libations-Star-Anise-Essential-Oil-e1596203872961-1.jpg\",\"datePublished\":\"2019-02-16T19:21:06+00:00\",\"dateModified\":\"2024-05-23T12:40:26+00:00\",\"description\":\"Stellares Star Anise Essential Oil verstr\u00f6mt ein leichtes und lebendiges Lakritz-Aroma.\",\"breadcrumb\":{\"@id\":\"https:\/\/dutchhealthstore.com\/de\/product\/star-anise-essential-oil\/#breadcrumb\"},\"inLanguage\":\"de\",\"potentialAction\":[{\"@type\":\"ReadAction\",\"target\":[\"https:\/\/dutchhealthstore.com\/de\/product\/star-anise-essential-oil\/\"]}]},{\"@type\":\"ImageObject\",\"inLanguage\":\"de\",\"@id\":\"https:\/\/dutchhealthstore.com\/de\/product\/star-anise-essential-oil\/#primaryimage\",\"url\":\"https:\/\/dutchhealthstore.com\/wp-content\/uploads\/2019\/02\/Living-Libations-Star-Anise-Essential-Oil-e1596203872961-1.jpg\",\"contentUrl\":\"https:\/\/dutchhealthstore.com\/wp-content\/uploads\/2019\/02\/Living-Libations-Star-Anise-Essential-Oil-e1596203872961-1.jpg\",\"width\":500,\"height\":500},{\"@type\":\"BreadcrumbList\",\"@id\":\"https:\/\/dutchhealthstore.com\/de\/product\/star-anise-essential-oil\/#breadcrumb\",\"itemListElement\":[{\"@type\":\"ListItem\",\"position\":1,\"name\":\"Home\",\"item\":\"https:\/\/dutchhealthstore.com\/de\/\"},{\"@type\":\"ListItem\",\"position\":2,\"name\":\"Shop\",\"item\":\"https:\/\/dutchhealthstore.com\/de\/shop-2\/\"},{\"@type\":\"ListItem\",\"position\":3,\"name\":\"Star Anise Essential Oil\"}]},{\"@type\":\"WebSite\",\"@id\":\"https:\/\/dutchhealthstore.com\/de\/#website\",\"url\":\"https:\/\/dutchhealthstore.com\/de\/\",\"name\":\"Dutch Health Store\",\"description\":\"Enhance Your Beauty with Organic &amp; Natural Skincare\",\"publisher\":{\"@id\":\"https:\/\/dutchhealthstore.com\/de\/#organization\"},\"potentialAction\":[{\"@type\":\"SearchAction\",\"target\":{\"@type\":\"EntryPoint\",\"urlTemplate\":\"https:\/\/dutchhealthstore.com\/de\/?s={search_term_string}\"},\"query-input\":{\"@type\":\"PropertyValueSpecification\",\"valueRequired\":true,\"valueName\":\"search_term_string\"}}],\"inLanguage\":\"de\"},{\"@type\":\"Organization\",\"@id\":\"https:\/\/dutchhealthstore.com\/de\/#organization\",\"name\":\"Dutch Health Store\",\"url\":\"https:\/\/dutchhealthstore.com\/de\/\",\"logo\":{\"@type\":\"ImageObject\",\"inLanguage\":\"de\",\"@id\":\"https:\/\/dutchhealthstore.com\/de\/#\/schema\/logo\/image\/\",\"url\":\"https:\/\/dutchhealthstore.com\/wp-content\/uploads\/2020\/08\/logo-dutchhealthstore-jpg-e1599484957574.jpg\",\"contentUrl\":\"https:\/\/dutchhealthstore.com\/wp-content\/uploads\/2020\/08\/logo-dutchhealthstore-jpg-e1599484957574.jpg\",\"width\":400,\"height\":62,\"caption\":\"Dutch Health Store\"},\"image\":{\"@id\":\"https:\/\/dutchhealthstore.com\/de\/#\/schema\/logo\/image\/\"},\"sameAs\":[\"https:\/\/www.instagram.com\/dutchhealthstore\/\",\"https:\/\/www.facebook.com\/dutchhealthstore\"]}]}<\/script>\n<meta property=\"product:brand\" content=\"Living Libations\" \/>\n<meta property=\"og:availability\" content=\"instock\" \/>\n<meta property=\"product:availability\" content=\"instock\" \/>\n<meta property=\"product:condition\" content=\"new\" \/>\n<!-- \/ Yoast SEO Premium plugin. -->","yoast_head_json":{"title":"Star Anise Essential Oil | Living Libations","description":"Stellares Star Anise Essential Oil verstr\u00f6mt ein leichtes und lebendiges Lakritz-Aroma.","robots":{"index":"index","follow":"follow","max-snippet":"max-snippet:-1","max-image-preview":"max-image-preview:large","max-video-preview":"max-video-preview:-1"},"canonical":"https:\/\/dutchhealthstore.com\/de\/product\/star-anise-essential-oil\/","og_locale":"de_DE","og_type":"article","og_title":"Star Anise Essential Oil - Dutch Health Store","og_description":"Stellares Star Anise Essential Oil verstr\u00f6mt ein leichtes und lebendiges Lakritz-Aroma.","og_url":"https:\/\/dutchhealthstore.com\/de\/product\/star-anise-essential-oil\/","og_site_name":"Dutch Health Store","article_publisher":"https:\/\/www.instagram.com\/dutchhealthstore\/","article_modified_time":"2024-05-23T12:40:26+00:00","og_image":[{"width":500,"height":500,"url":"https:\/\/dutchhealthstore.com\/wp-content\/uploads\/2019\/02\/Living-Libations-Star-Anise-Essential-Oil-e1596203872961-1.jpg","type":"image\/jpeg"}],"twitter_card":"summary_large_image","twitter_misc":{"Verf\u00fcgbarkeit":"Auf Lager"},"schema":{"@context":"https:\/\/schema.org","@graph":[{"@type":"WebPage","@id":"https:\/\/dutchhealthstore.com\/de\/product\/star-anise-essential-oil\/","url":"https:\/\/dutchhealthstore.com\/de\/product\/star-anise-essential-oil\/","name":"Star Anise Essential Oil | Living Libations","isPartOf":{"@id":"https:\/\/dutchhealthstore.com\/de\/#website"},"primaryImageOfPage":{"@id":"https:\/\/dutchhealthstore.com\/de\/product\/star-anise-essential-oil\/#primaryimage"},"image":{"@id":"https:\/\/dutchhealthstore.com\/de\/product\/star-anise-essential-oil\/#primaryimage"},"thumbnailUrl":"https:\/\/dutchhealthstore.com\/wp-content\/uploads\/2019\/02\/Living-Libations-Star-Anise-Essential-Oil-e1596203872961-1.jpg","datePublished":"2019-02-16T19:21:06+00:00","dateModified":"2024-05-23T12:40:26+00:00","description":"Stellares Star Anise Essential Oil verstr\u00f6mt ein leichtes und lebendiges Lakritz-Aroma.","breadcrumb":{"@id":"https:\/\/dutchhealthstore.com\/de\/product\/star-anise-essential-oil\/#breadcrumb"},"inLanguage":"de","potentialAction":[{"@type":"ReadAction","target":["https:\/\/dutchhealthstore.com\/de\/product\/star-anise-essential-oil\/"]}]},{"@type":"ImageObject","inLanguage":"de","@id":"https:\/\/dutchhealthstore.com\/de\/product\/star-anise-essential-oil\/#primaryimage","url":"https:\/\/dutchhealthstore.com\/wp-content\/uploads\/2019\/02\/Living-Libations-Star-Anise-Essential-Oil-e1596203872961-1.jpg","contentUrl":"https:\/\/dutchhealthstore.com\/wp-content\/uploads\/2019\/02\/Living-Libations-Star-Anise-Essential-Oil-e1596203872961-1.jpg","width":500,"height":500},{"@type":"BreadcrumbList","@id":"https:\/\/dutchhealthstore.com\/de\/product\/star-anise-essential-oil\/#breadcrumb","itemListElement":[{"@type":"ListItem","position":1,"name":"Home","item":"https:\/\/dutchhealthstore.com\/de\/"},{"@type":"ListItem","position":2,"name":"Shop","item":"https:\/\/dutchhealthstore.com\/de\/shop-2\/"},{"@type":"ListItem","position":3,"name":"Star Anise Essential Oil"}]},{"@type":"WebSite","@id":"https:\/\/dutchhealthstore.com\/de\/#website","url":"https:\/\/dutchhealthstore.com\/de\/","name":"Dutch Health Store","description":"Enhance Your Beauty with Organic &amp; Natural Skincare","publisher":{"@id":"https:\/\/dutchhealthstore.com\/de\/#organization"},"potentialAction":[{"@type":"SearchAction","target":{"@type":"EntryPoint","urlTemplate":"https:\/\/dutchhealthstore.com\/de\/?s={search_term_string}"},"query-input":{"@type":"PropertyValueSpecification","valueRequired":true,"valueName":"search_term_string"}}],"inLanguage":"de"},{"@type":"Organization","@id":"https:\/\/dutchhealthstore.com\/de\/#organization","name":"Dutch Health Store","url":"https:\/\/dutchhealthstore.com\/de\/","logo":{"@type":"ImageObject","inLanguage":"de","@id":"https:\/\/dutchhealthstore.com\/de\/#\/schema\/logo\/image\/","url":"https:\/\/dutchhealthstore.com\/wp-content\/uploads\/2020\/08\/logo-dutchhealthstore-jpg-e1599484957574.jpg","contentUrl":"https:\/\/dutchhealthstore.com\/wp-content\/uploads\/2020\/08\/logo-dutchhealthstore-jpg-e1599484957574.jpg","width":400,"height":62,"caption":"Dutch Health Store"},"image":{"@id":"https:\/\/dutchhealthstore.com\/de\/#\/schema\/logo\/image\/"},"sameAs":["https:\/\/www.instagram.com\/dutchhealthstore\/","https:\/\/www.facebook.com\/dutchhealthstore"]}]},"product_brand":"Living Libations","og_availability":"instock","product_availability":"instock","product_condition":"new"},"_links":{"self":[{"href":"https:\/\/dutchhealthstore.com\/de\/wp-json\/wp\/v2\/product\/123931","targetHints":{"allow":["GET"]}}],"collection":[{"href":"https:\/\/dutchhealthstore.com\/de\/wp-json\/wp\/v2\/product"}],"about":[{"href":"https:\/\/dutchhealthstore.com\/de\/wp-json\/wp\/v2\/types\/product"}],"replies":[{"embeddable":true,"href":"https:\/\/dutchhealthstore.com\/de\/wp-json\/wp\/v2\/comments?post=123931"}],"wp:featuredmedia":[{"embeddable":true,"href":"https:\/\/dutchhealthstore.com\/de\/wp-json\/wp\/v2\/media\/117287"}],"wp:attachment":[{"href":"https:\/\/dutchhealthstore.com\/de\/wp-json\/wp\/v2\/media?parent=123931"}],"wp:term":[{"taxonomy":"product_brand","embeddable":true,"href":"https:\/\/dutchhealthstore.com\/de\/wp-json\/wp\/v2\/product_brand?post=123931"},{"taxonomy":"product_cat","embeddable":true,"href":"https:\/\/dutchhealthstore.com\/de\/wp-json\/wp\/v2\/product_cat?post=123931"},{"taxonomy":"product_tag","embeddable":true,"href":"https:\/\/dutchhealthstore.com\/de\/wp-json\/wp\/v2\/product_tag?post=123931"}],"curies":[{"name":"wp","href":"https:\/\/api.w.org\/{rel}","templated":true}]}}