{"id":123923,"date":"2020-07-03T13:39:57","date_gmt":"2020-07-03T11:39:57","guid":{"rendered":"https:\/\/dutchhealthstore.com\/product\/spruce-white-essential-oil\/"},"modified":"2023-12-09T10:24:46","modified_gmt":"2023-12-09T10:24:46","slug":"spruce-white-essential-oil","status":"publish","type":"product","link":"https:\/\/dutchhealthstore.com\/de\/product\/spruce-white-essential-oil\/","title":{"rendered":"Spruce, White Essential Oil"},"content":{"rendered":"<p><strong><img decoding=\"async\" class=\"size-full wp-image-69549 alignright\" src=\"https:\/\/dutchhealthstore.com\/wp-content\/uploads\/2019\/08\/NEW-Living-Libations-Logo.jpg\" alt=\"NEW - Living Libations - Logo\" width=\"175\" height=\"82\">Botanischer Name:<\/strong> Picea glauca<br \/>\n<strong>Botanische Familie:<\/strong> Pinaceae<br \/>\n<strong>Extraktionsverfahren<\/strong>: Dampfdestilliert<br \/>\n<strong>Teil der Pflanze Destilliert:<\/strong> Nadeln<br \/>\n<strong>Herkunftsland:<\/strong> Kanada<br \/>\n<strong>Anbaumethode:<\/strong> Wildwachsend<br \/>\n<strong>Zusammensetzung:<\/strong> 100% Picea glauca<br \/>\n<strong>Konsistenz:<\/strong> D\u00fcnn<\/p>\n<h3>Beschreibung des Duftes<\/h3>\n<p>Erfrischende, belebende balsamische Kopfnoten mit subtilen Untert\u00f6nen von s\u00fc\u00dfen Fr\u00fcchten &#8211; wie ein Mitternachtspicknick in einem winterlichen Wald.<\/p>\n<h3>Gut mischbar mit<\/h3>\n<p>Wei\u00dftanne, Weihrauch, Zypresse, Grapefruit, Bergamotte, Rose Otto, Palo Santo, Wacholder, Ysop, Vetiver und Honigmyrte.<\/p>\n<a href=\"https:\/\/dutchhealthstore.com\/wp-content\/uploads\/2020\/07\/ANALYSIS-Spruce-White-Essential-Oil-Living-Libations-3.pdf\" class=\"button primary is-primary is-small\"  >\n\t\t<span>ANALYSE DER \u00c4THERISCHEN \u00d6LE &gt;<\/span>\n\t<\/a>\n\n<h3>Verwendet<\/h3>\n<p>Aufmunternd und anregend. Vertiefung der Bauchatmung &#8211; hervorragend geeignet f\u00fcr die Verwendung in unserer Salzpfeife. Ausgleichen. Eine Sch\u00f6nheit in B\u00e4dern. Einschmelzen von Massage\u00f6len. Als Verb\u00fcndeter und Salbe f\u00fcr das 2., 5. und 6. Chakra. Fesselnd maskulin in Eau de Cologne.<\/p>\n<p>Unser White Spruce Essential Oil ist ein organisches, erhebendes Elixier, das die \u00fcberragende Kraft der majest\u00e4tischen kanadischen Fichte einf\u00e4ngt. Es ist das beliebteste \u00d6l f\u00fcr Brustbalsame, Salzpfeifen und Diffusionsmischungen zum leichten Atmen. Sie ist ein Kanal f\u00fcr die Erzeugung von gehobener Energie. Dieses \u00d6l wurde traditionell verwendet, um tr\u00e4ge Energieniveaus zu steigern, und das Aroma ist sehr anregend. Die Klarheit von White Spruce und die Abkehr von der Modernit\u00e4t haben mich beeindruckt.<\/p>\n<p><strong>Gr\u00f6\u00dfe: 5 ml<\/strong><\/p>\n<h3>Bio-Zutaten<\/h3>\n<p>100% \u00e4therisches \u00d6l der Wei\u00dffichte (Picea glauca).<\/p>\n<p style=\"text-align: center;\"><em>&#8222;Die Ufer waren sieben oder acht Fu\u00df hoch und dicht mit Wei\u00df- und Schwarzfichten bewachsen, die, wie ich glaube, die h\u00e4ufigsten B\u00e4ume in dieser Gegend sind. An den Ufern waren noch einige gelbe, halb ertrunkene Seerosenbl\u00e4tter zu sehen, und manchmal auch ein wei\u00dfes. Wo das Wasser seicht war, waren viele frische Elchspuren zu sehen, und die Seerosenst\u00e4ngel waren von ihnen frisch abgebissen worden.&#8220;<\/em><br \/>\n~ Henry David Thoreau<\/p>\n<p>&nbsp;<\/p>\n<p><img fetchpriority=\"high\" decoding=\"async\" class=\"size-medium wp-image-68103 aligncenter\" src=\"https:\/\/dutchhealthstore.com\/wp-content\/uploads\/2018\/02\/Living-Libations-Organic-Logo-800x89.png\" alt=\"Living Libations - Organic Logo\" width=\"800\" height=\"89\" srcset=\"https:\/\/dutchhealthstore.com\/wp-content\/uploads\/2018\/02\/Living-Libations-Organic-Logo-800x89.png 800w, https:\/\/dutchhealthstore.com\/wp-content\/uploads\/2018\/02\/Living-Libations-Organic-Logo-510x57.png 510w, https:\/\/dutchhealthstore.com\/wp-content\/uploads\/2018\/02\/Living-Libations-Organic-Logo-768x85.png 768w, https:\/\/dutchhealthstore.com\/wp-content\/uploads\/2018\/02\/Living-Libations-Organic-Logo.png 1400w\" sizes=\"(max-width: 800px) 100vw, 800px\" \/><\/p>\n","protected":false},"excerpt":{"rendered":"<p>Atmen Sie die Waldkraft von tausend m\u00e4chtigen Fichten in einem einzigen Atemzug ein. Gewinnendes <strong>White Spruce Essential Oil<\/strong> ist anregend, kl\u00e4rend und reinigend.<br \/>\nSo wie ein Schritt nach drau\u00dfen an einem frischen Wintertag K\u00f6rper und Geist beleben kann, kann ein einziger Hauch von White Spruce ausreichen, um sich im Moment zufrieden zu f\u00fchlen.<\/p>\n","protected":false},"featured_media":110719,"comment_status":"open","ping_status":"closed","template":"","meta":[],"product_brand":[],"product_cat":[6737,1508,1546,1493,1210,6736],"product_tag":[1547],"class_list":{"0":"post-123923","1":"product","2":"type-product","3":"status-publish","4":"has-post-thumbnail","6":"product_cat-essential-oils-de-2","7":"product_cat-aetherische-oele-living-libations","8":"product_cat-essential-oils-living-libations-de","9":"product_cat-living-libations-deutschland","10":"product_cat-marken","11":"product_cat-wellness-de","12":"product_tag-essential-oil-de","13":"pa_brand-livinglibations-de","14":"pa_essential-oils-product-type-essential-oils-de","15":"pa_size-5-ml-de","17":"first","18":"instock","19":"taxable","20":"shipping-taxable","21":"purchasable","22":"product-type-simple"},"bundled_by":[],"bundle_stock_status":"instock","bundle_stock_quantity":1,"bundle_virtual":false,"bundle_layout":"","bundle_add_to_cart_form_location":"","bundle_editable_in_cart":false,"bundle_sold_individually_context":"","bundle_item_grouping":"","bundle_min_size":"","bundle_max_size":"","bundle_price":[],"bundled_items":[],"bundle_sell_ids":[],"atum_controlled":true,"out_stock_date":null,"out_stock_threshold":null,"inheritable":false,"stock_on_hold":0,"sold_today":0,"sales_last_days":0,"out_stock_days":0,"lost_sales":0,"update_date":"2026-04-23T00:10:27","atum_locations":[],"atum_stock_status":"instock","restock_status":false,"low_stock_amount":"","sales_update_date":"2026-04-23T00:10:27","calc_backorders":null,"group_of_quantity":0,"min_quantity":0,"max_quantity":"","exclude_order_quantity_value_rules":"no","exclude_category_quantity_rules":"no","combine_variations":"no","yoast_head":"<!-- This site is optimized with the Yoast SEO Premium plugin v26.5 (Yoast SEO v26.5) - https:\/\/yoast.com\/wordpress\/plugins\/seo\/ -->\n<title>Spruce, White Essential Oil | Living Libations<\/title>\n<meta name=\"description\" content=\"Atmen Sie die Waldkraft von tausend m\u00e4chtigen Fichten in einem einzigen Atemzug ein. Gewinnendes White Spruce Essential Oil ist anregend, kl\u00e4rend und reinigend.\" \/>\n<meta name=\"robots\" content=\"index, follow, max-snippet:-1, max-image-preview:large, max-video-preview:-1\" \/>\n<link rel=\"canonical\" href=\"https:\/\/dutchhealthstore.com\/de\/product\/spruce-white-essential-oil\/\" \/>\n<meta property=\"og:locale\" content=\"de_DE\" \/>\n<meta property=\"og:type\" content=\"article\" \/>\n<meta property=\"og:title\" content=\"Spruce, White Essential Oil - Dutch Health Store\" \/>\n<meta property=\"og:description\" content=\"Atmen Sie die Waldkraft von tausend m\u00e4chtigen Fichten in einem einzigen Atemzug ein. Gewinnendes White Spruce Essential Oil ist anregend, kl\u00e4rend und reinigend.\" \/>\n<meta property=\"og:url\" content=\"https:\/\/dutchhealthstore.com\/de\/product\/spruce-white-essential-oil\/\" \/>\n<meta property=\"og:site_name\" content=\"Dutch Health Store\" \/>\n<meta property=\"article:publisher\" content=\"https:\/\/www.instagram.com\/dutchhealthstore\/\" \/>\n<meta property=\"article:modified_time\" content=\"2023-12-09T10:24:46+00:00\" \/>\n<meta property=\"og:image\" content=\"https:\/\/dutchhealthstore.com\/wp-content\/uploads\/2020\/07\/living-libations-spruce-white-essential-oil-e1593783102954.jpg\" \/>\n\t<meta property=\"og:image:width\" content=\"500\" \/>\n\t<meta property=\"og:image:height\" content=\"500\" \/>\n\t<meta property=\"og:image:type\" content=\"image\/jpeg\" \/>\n<meta name=\"twitter:card\" content=\"summary_large_image\" \/>\n<meta name=\"twitter:label1\" content=\"Preis\" \/>\n\t<meta name=\"twitter:data1\" content=\"&euro;21,00\" \/>\n\t<meta name=\"twitter:label2\" content=\"Verf\u00fcgbarkeit\" \/>\n\t<meta name=\"twitter:data2\" content=\"Auf Lager\" \/>\n<script type=\"application\/ld+json\" class=\"yoast-schema-graph\">{\"@context\":\"https:\/\/schema.org\",\"@graph\":[{\"@type\":\"WebPage\",\"@id\":\"https:\/\/dutchhealthstore.com\/de\/product\/spruce-white-essential-oil\/\",\"url\":\"https:\/\/dutchhealthstore.com\/de\/product\/spruce-white-essential-oil\/\",\"name\":\"Spruce, White Essential Oil | Living Libations\",\"isPartOf\":{\"@id\":\"https:\/\/dutchhealthstore.com\/de\/#website\"},\"primaryImageOfPage\":{\"@id\":\"https:\/\/dutchhealthstore.com\/de\/product\/spruce-white-essential-oil\/#primaryimage\"},\"image\":{\"@id\":\"https:\/\/dutchhealthstore.com\/de\/product\/spruce-white-essential-oil\/#primaryimage\"},\"thumbnailUrl\":\"https:\/\/dutchhealthstore.com\/wp-content\/uploads\/2020\/07\/living-libations-spruce-white-essential-oil-e1593783102954.jpg\",\"datePublished\":\"2020-07-03T11:39:57+00:00\",\"dateModified\":\"2023-12-09T10:24:46+00:00\",\"description\":\"Atmen Sie die Waldkraft von tausend m\u00e4chtigen Fichten in einem einzigen Atemzug ein. Gewinnendes White Spruce Essential Oil ist anregend, kl\u00e4rend und reinigend.\",\"breadcrumb\":{\"@id\":\"https:\/\/dutchhealthstore.com\/de\/product\/spruce-white-essential-oil\/#breadcrumb\"},\"inLanguage\":\"de\",\"potentialAction\":[{\"@type\":\"ReadAction\",\"target\":[\"https:\/\/dutchhealthstore.com\/de\/product\/spruce-white-essential-oil\/\"]}]},{\"@type\":\"ImageObject\",\"inLanguage\":\"de\",\"@id\":\"https:\/\/dutchhealthstore.com\/de\/product\/spruce-white-essential-oil\/#primaryimage\",\"url\":\"https:\/\/dutchhealthstore.com\/wp-content\/uploads\/2020\/07\/living-libations-spruce-white-essential-oil-e1593783102954.jpg\",\"contentUrl\":\"https:\/\/dutchhealthstore.com\/wp-content\/uploads\/2020\/07\/living-libations-spruce-white-essential-oil-e1593783102954.jpg\",\"width\":500,\"height\":500,\"caption\":\"living libations spruce white essential oil\"},{\"@type\":\"BreadcrumbList\",\"@id\":\"https:\/\/dutchhealthstore.com\/de\/product\/spruce-white-essential-oil\/#breadcrumb\",\"itemListElement\":[{\"@type\":\"ListItem\",\"position\":1,\"name\":\"Home\",\"item\":\"https:\/\/dutchhealthstore.com\/de\/\"},{\"@type\":\"ListItem\",\"position\":2,\"name\":\"Shop\",\"item\":\"https:\/\/dutchhealthstore.com\/de\/shop-2\/\"},{\"@type\":\"ListItem\",\"position\":3,\"name\":\"Spruce, White Essential Oil\"}]},{\"@type\":\"WebSite\",\"@id\":\"https:\/\/dutchhealthstore.com\/de\/#website\",\"url\":\"https:\/\/dutchhealthstore.com\/de\/\",\"name\":\"Dutch Health Store\",\"description\":\"Enhance Your Beauty with Organic &amp; Natural Skincare\",\"publisher\":{\"@id\":\"https:\/\/dutchhealthstore.com\/de\/#organization\"},\"potentialAction\":[{\"@type\":\"SearchAction\",\"target\":{\"@type\":\"EntryPoint\",\"urlTemplate\":\"https:\/\/dutchhealthstore.com\/de\/?s={search_term_string}\"},\"query-input\":{\"@type\":\"PropertyValueSpecification\",\"valueRequired\":true,\"valueName\":\"search_term_string\"}}],\"inLanguage\":\"de\"},{\"@type\":\"Organization\",\"@id\":\"https:\/\/dutchhealthstore.com\/de\/#organization\",\"name\":\"Dutch Health Store\",\"url\":\"https:\/\/dutchhealthstore.com\/de\/\",\"logo\":{\"@type\":\"ImageObject\",\"inLanguage\":\"de\",\"@id\":\"https:\/\/dutchhealthstore.com\/de\/#\/schema\/logo\/image\/\",\"url\":\"https:\/\/dutchhealthstore.com\/wp-content\/uploads\/2020\/08\/logo-dutchhealthstore-jpg-e1599484957574.jpg\",\"contentUrl\":\"https:\/\/dutchhealthstore.com\/wp-content\/uploads\/2020\/08\/logo-dutchhealthstore-jpg-e1599484957574.jpg\",\"width\":400,\"height\":62,\"caption\":\"Dutch Health Store\"},\"image\":{\"@id\":\"https:\/\/dutchhealthstore.com\/de\/#\/schema\/logo\/image\/\"},\"sameAs\":[\"https:\/\/www.instagram.com\/dutchhealthstore\/\",\"https:\/\/www.facebook.com\/dutchhealthstore\"]}]}<\/script>\n<meta property=\"product:brand\" content=\"Living Libations\" \/>\n<meta property=\"product:price:amount\" content=\"21.00\" \/>\n<meta property=\"product:price:currency\" content=\"EUR\" \/>\n<meta property=\"og:availability\" content=\"instock\" \/>\n<meta property=\"product:availability\" content=\"instock\" \/>\n<meta property=\"product:condition\" content=\"new\" \/>\n<!-- \/ Yoast SEO Premium plugin. -->","yoast_head_json":{"title":"Spruce, White Essential Oil | Living Libations","description":"Atmen Sie die Waldkraft von tausend m\u00e4chtigen Fichten in einem einzigen Atemzug ein. Gewinnendes White Spruce Essential Oil ist anregend, kl\u00e4rend und reinigend.","robots":{"index":"index","follow":"follow","max-snippet":"max-snippet:-1","max-image-preview":"max-image-preview:large","max-video-preview":"max-video-preview:-1"},"canonical":"https:\/\/dutchhealthstore.com\/de\/product\/spruce-white-essential-oil\/","og_locale":"de_DE","og_type":"article","og_title":"Spruce, White Essential Oil - Dutch Health Store","og_description":"Atmen Sie die Waldkraft von tausend m\u00e4chtigen Fichten in einem einzigen Atemzug ein. Gewinnendes White Spruce Essential Oil ist anregend, kl\u00e4rend und reinigend.","og_url":"https:\/\/dutchhealthstore.com\/de\/product\/spruce-white-essential-oil\/","og_site_name":"Dutch Health Store","article_publisher":"https:\/\/www.instagram.com\/dutchhealthstore\/","article_modified_time":"2023-12-09T10:24:46+00:00","og_image":[{"width":500,"height":500,"url":"https:\/\/dutchhealthstore.com\/wp-content\/uploads\/2020\/07\/living-libations-spruce-white-essential-oil-e1593783102954.jpg","type":"image\/jpeg"}],"twitter_card":"summary_large_image","twitter_misc":{"Preis":"&euro;21,00","Verf\u00fcgbarkeit":"Auf Lager"},"schema":{"@context":"https:\/\/schema.org","@graph":[{"@type":"WebPage","@id":"https:\/\/dutchhealthstore.com\/de\/product\/spruce-white-essential-oil\/","url":"https:\/\/dutchhealthstore.com\/de\/product\/spruce-white-essential-oil\/","name":"Spruce, White Essential Oil | Living Libations","isPartOf":{"@id":"https:\/\/dutchhealthstore.com\/de\/#website"},"primaryImageOfPage":{"@id":"https:\/\/dutchhealthstore.com\/de\/product\/spruce-white-essential-oil\/#primaryimage"},"image":{"@id":"https:\/\/dutchhealthstore.com\/de\/product\/spruce-white-essential-oil\/#primaryimage"},"thumbnailUrl":"https:\/\/dutchhealthstore.com\/wp-content\/uploads\/2020\/07\/living-libations-spruce-white-essential-oil-e1593783102954.jpg","datePublished":"2020-07-03T11:39:57+00:00","dateModified":"2023-12-09T10:24:46+00:00","description":"Atmen Sie die Waldkraft von tausend m\u00e4chtigen Fichten in einem einzigen Atemzug ein. Gewinnendes White Spruce Essential Oil ist anregend, kl\u00e4rend und reinigend.","breadcrumb":{"@id":"https:\/\/dutchhealthstore.com\/de\/product\/spruce-white-essential-oil\/#breadcrumb"},"inLanguage":"de","potentialAction":[{"@type":"ReadAction","target":["https:\/\/dutchhealthstore.com\/de\/product\/spruce-white-essential-oil\/"]}]},{"@type":"ImageObject","inLanguage":"de","@id":"https:\/\/dutchhealthstore.com\/de\/product\/spruce-white-essential-oil\/#primaryimage","url":"https:\/\/dutchhealthstore.com\/wp-content\/uploads\/2020\/07\/living-libations-spruce-white-essential-oil-e1593783102954.jpg","contentUrl":"https:\/\/dutchhealthstore.com\/wp-content\/uploads\/2020\/07\/living-libations-spruce-white-essential-oil-e1593783102954.jpg","width":500,"height":500,"caption":"living libations spruce white essential oil"},{"@type":"BreadcrumbList","@id":"https:\/\/dutchhealthstore.com\/de\/product\/spruce-white-essential-oil\/#breadcrumb","itemListElement":[{"@type":"ListItem","position":1,"name":"Home","item":"https:\/\/dutchhealthstore.com\/de\/"},{"@type":"ListItem","position":2,"name":"Shop","item":"https:\/\/dutchhealthstore.com\/de\/shop-2\/"},{"@type":"ListItem","position":3,"name":"Spruce, White Essential Oil"}]},{"@type":"WebSite","@id":"https:\/\/dutchhealthstore.com\/de\/#website","url":"https:\/\/dutchhealthstore.com\/de\/","name":"Dutch Health Store","description":"Enhance Your Beauty with Organic &amp; Natural Skincare","publisher":{"@id":"https:\/\/dutchhealthstore.com\/de\/#organization"},"potentialAction":[{"@type":"SearchAction","target":{"@type":"EntryPoint","urlTemplate":"https:\/\/dutchhealthstore.com\/de\/?s={search_term_string}"},"query-input":{"@type":"PropertyValueSpecification","valueRequired":true,"valueName":"search_term_string"}}],"inLanguage":"de"},{"@type":"Organization","@id":"https:\/\/dutchhealthstore.com\/de\/#organization","name":"Dutch Health Store","url":"https:\/\/dutchhealthstore.com\/de\/","logo":{"@type":"ImageObject","inLanguage":"de","@id":"https:\/\/dutchhealthstore.com\/de\/#\/schema\/logo\/image\/","url":"https:\/\/dutchhealthstore.com\/wp-content\/uploads\/2020\/08\/logo-dutchhealthstore-jpg-e1599484957574.jpg","contentUrl":"https:\/\/dutchhealthstore.com\/wp-content\/uploads\/2020\/08\/logo-dutchhealthstore-jpg-e1599484957574.jpg","width":400,"height":62,"caption":"Dutch Health Store"},"image":{"@id":"https:\/\/dutchhealthstore.com\/de\/#\/schema\/logo\/image\/"},"sameAs":["https:\/\/www.instagram.com\/dutchhealthstore\/","https:\/\/www.facebook.com\/dutchhealthstore"]}]},"product_brand":"Living Libations","product_price_amount":"21.00","product_price_currency":"EUR","og_availability":"instock","product_availability":"instock","product_condition":"new"},"_links":{"self":[{"href":"https:\/\/dutchhealthstore.com\/de\/wp-json\/wp\/v2\/product\/123923","targetHints":{"allow":["GET"]}}],"collection":[{"href":"https:\/\/dutchhealthstore.com\/de\/wp-json\/wp\/v2\/product"}],"about":[{"href":"https:\/\/dutchhealthstore.com\/de\/wp-json\/wp\/v2\/types\/product"}],"replies":[{"embeddable":true,"href":"https:\/\/dutchhealthstore.com\/de\/wp-json\/wp\/v2\/comments?post=123923"}],"wp:featuredmedia":[{"embeddable":true,"href":"https:\/\/dutchhealthstore.com\/de\/wp-json\/wp\/v2\/media\/110719"}],"wp:attachment":[{"href":"https:\/\/dutchhealthstore.com\/de\/wp-json\/wp\/v2\/media?parent=123923"}],"wp:term":[{"taxonomy":"product_brand","embeddable":true,"href":"https:\/\/dutchhealthstore.com\/de\/wp-json\/wp\/v2\/product_brand?post=123923"},{"taxonomy":"product_cat","embeddable":true,"href":"https:\/\/dutchhealthstore.com\/de\/wp-json\/wp\/v2\/product_cat?post=123923"},{"taxonomy":"product_tag","embeddable":true,"href":"https:\/\/dutchhealthstore.com\/de\/wp-json\/wp\/v2\/product_tag?post=123923"}],"curies":[{"name":"wp","href":"https:\/\/api.w.org\/{rel}","templated":true}]}}