{"id":123907,"date":"2020-06-22T13:17:00","date_gmt":"2020-06-22T11:17:00","guid":{"rendered":"https:\/\/dutchhealthstore.com\/product\/spruce-black-essential-oil\/"},"modified":"2025-12-23T09:39:08","modified_gmt":"2025-12-23T08:39:08","slug":"spruce-black-essential-oil","status":"publish","type":"product","link":"https:\/\/dutchhealthstore.com\/de\/product\/spruce-black-essential-oil\/","title":{"rendered":"Spruce, Black Essential Oil"},"content":{"rendered":"<p><img decoding=\"async\" class=\"size-full wp-image-69549 alignright\" src=\"https:\/\/dutchhealthstore.com\/wp-content\/uploads\/2019\/08\/NEW-Living-Libations-Logo.jpg\" alt=\"NEW - Living Libations - Logo\" width=\"175\" height=\"82\"><strong>Botanischer Name:<\/strong> Picea mariana<br \/>\n<strong>Botanische Familie:<\/strong> Pinaceae<br \/>\n<strong>Extraktionsverfahren:<\/strong> Dampfdestilliert<br \/>\n<strong>Teil der Pflanze Destilliert:<\/strong> Nadeln<br \/>\n<strong>Herkunftsland:<\/strong> Kanada<br \/>\n<strong>Anbaumethode:<\/strong> Wildwachsend<br \/>\n<strong>Zusammensetzung:<\/strong> 100% Picea mariana<br \/>\n<strong>Konsistenz:<\/strong> D\u00fcnne Viskosit\u00e4t<\/p>\n<h3>Beschreibung des Duftes<\/h3>\n<p>Frisch und sauber, mit s\u00fc\u00dfen Noten von Holz und Erde.<\/p>\n<h3>In Living Libations<\/h3>\n<p>Trees Please Forest K\u00f6ln<\/p>\n<h3>Gut mischbar mit<\/h3>\n<p>Weihrauch, Tannen, Grapefruit, Bergamotte, Spikenard, Eukalyptus und Rosmarin.<\/p>\n<a href=\"https:\/\/dutchhealthstore.com\/wp-content\/uploads\/2020\/06\/ANALYSIS-Spruce-Black-Essential-Oil-Living-Libations.pdf\" class=\"button primary is-primary is-small\"  >\n\t\t<span>ANALYSE DER \u00c4THERISCHEN \u00d6LE &gt;<\/span>\n\t<\/a>\n\n<h3>Verwendet<\/h3>\n<p>Von den Lakota-Indianern verwendetes Tonikum zur Verbesserung der Kommunikation mit dem Gro\u00dfen Geist. Gro\u00dfartig zum Inhalieren. Verst\u00e4rkung f\u00fcr Gef\u00fchle. Verteilen Sie es f\u00fcr frische, saubere Luft oder f\u00fcgen Sie es unserem Salzrohr hinzu.<\/p>\n<p>Unser Black Spruce Essential Oil ist ein st\u00e4rkender Schutzschild, der in Europa und Nordamerika seit Jahrhunderten wegen seiner pflanzlichen Eigenschaften verwendet wird. Die Essenz der Fichte, die von den Lakota-Indianern in spirituellen Zeremonien verwendet wird, inspiriert die Gemeinschaft mit dem G\u00f6ttlichen. W\u00e4hrend viele \u00e4therische \u00d6le aus der Familie der Immergr\u00fcnen scharf und kr\u00e4ftig duften und wirken, ist die Essenz der Schwarzfichte sanft, zur\u00fcckhaltend und subtil.<\/p>\n<p>Wegen seiner angeblichen F\u00e4higkeit, Blockaden zu l\u00f6sen und die Atmung zu beleben, wird es seit jeher in hei\u00dfen B\u00e4dern, Saunen und bei Massagen verwendet. Sie hilft, emotionale und geistige Sackgassen zu \u00fcberwinden, und weckt Gef\u00fchle von Frieden, Ausgeglichenheit und das Gef\u00fchl, sich in der eigenen Haut wohl zu f\u00fchlen, was alles auf die Fichte zur\u00fcckzuf\u00fchren ist.<\/p>\n<p>Gr\u00f6\u00dfe: 5 ml, 15 ml und 30 ml<\/p>\n<h3>Organic Ingredients<\/h3>\n<p>100% \u00e4therisches \u00d6l der Schwarzfichte (Picea mariana).<\/p>\n<p style=\"text-align: center;\"><em>&#8222;Die B\u00e4ume sind eine stehende Nacht, und jede Tanne und Fichte, die du f\u00e4llst, ist eine Feder, die du dem Rabenfl\u00fcgel der Nacht entrissen hast.&#8220;<\/em><br \/>\n~ Henry David Thoreau, <strong>The Allegash and East Branch<\/strong><\/p>\n<p style=\"text-align: center;\"><em>&#8222;Fichten\u00f6l duftet s\u00fc\u00df und weich, warm und einladend, wie ein immergr\u00fcner Wald, der uns einh\u00fcllen, besch\u00fctzen und wieder ins Gleichgewicht bringen m\u00f6chte.&#8220;<\/em><br \/>\n~ Roberta Wilson, <strong>Aromatherapy: Essential Oils for Vibrant Health and Beauty<\/strong><\/p>\n<p style=\"text-align: center;\"><em>&#8222;Die Schwarzfichte ist ein belebendes, revitalisierendes Tonikum und ein beruhigendes Nervenmittel. Sie ist gleichzeitig erhebend und erdend. Psychologisch vermittelt sie St\u00e4rke und festes Selbstvertrauen.&#8220;<\/em><br \/>\n~ Kate and Peter Damian, <strong>Scent and Psyche<\/strong><\/p>\n<p>&nbsp;<\/p>\n<p><img fetchpriority=\"high\" decoding=\"async\" class=\"size-medium wp-image-68103 aligncenter\" src=\"https:\/\/dutchhealthstore.com\/wp-content\/uploads\/2018\/02\/Living-Libations-Organic-Logo-800x89.png\" alt=\"Living Libations - Organic Logo\" width=\"800\" height=\"89\" srcset=\"https:\/\/dutchhealthstore.com\/wp-content\/uploads\/2018\/02\/Living-Libations-Organic-Logo-800x89.png 800w, https:\/\/dutchhealthstore.com\/wp-content\/uploads\/2018\/02\/Living-Libations-Organic-Logo-510x57.png 510w, https:\/\/dutchhealthstore.com\/wp-content\/uploads\/2018\/02\/Living-Libations-Organic-Logo-768x85.png 768w, https:\/\/dutchhealthstore.com\/wp-content\/uploads\/2018\/02\/Living-Libations-Organic-Logo.png 1400w\" sizes=\"(max-width: 800px) 100vw, 800px\" \/><\/p>\n","protected":false},"excerpt":{"rendered":"<p>Das \u00e4therische \u00d6l der <strong>Fichte, das die Seele befriedigt<\/strong>, wird tief im Herzen der kanadischen Wildnis in Wildsammlung und Dampfdestillation hergestellt. Diese auch als Schwarzfichte bekannte Salbe wirkt belebend, kann M\u00fcdigkeit lindern und die Klarheit wiederherstellen.<br \/>\nBlack Spruce ist milder und sanfter als andere immergr\u00fcne \u00d6le. Genie\u00dfen Sie den einladenden Duft von Immergr\u00fcn, frisch gefallenem Schnee und s\u00fc\u00dfem Holz, w\u00e4hrend Sie den Atem kl\u00e4ren und die Anspannung der Zeit lindern.<\/p>\n","protected":false},"featured_media":108413,"comment_status":"open","ping_status":"closed","template":"","meta":[],"product_brand":[],"product_cat":[6737,1508,1546,1493,1210,6736],"product_tag":[1547],"class_list":{"0":"post-123907","1":"product","2":"type-product","3":"status-publish","4":"has-post-thumbnail","6":"product_cat-essential-oils-de-2","7":"product_cat-aetherische-oele-living-libations","8":"product_cat-essential-oils-living-libations-de","9":"product_cat-living-libations-deutschland","10":"product_cat-marken","11":"product_cat-wellness-de","12":"product_tag-essential-oil-de","13":"pa_brand-livinglibations-de","14":"pa_essential-oils-product-type-essential-oils-de","15":"pa_size-15-ml-de-2","16":"pa_size-30-ml-de","17":"pa_size-5-ml-de","19":"first","20":"instock","21":"taxable","22":"shipping-taxable","23":"purchasable","24":"product-type-variable"},"bundled_by":[],"bundle_stock_status":"instock","bundle_stock_quantity":null,"bundle_virtual":false,"bundle_layout":"","bundle_add_to_cart_form_location":"","bundle_editable_in_cart":false,"bundle_sold_individually_context":"","bundle_item_grouping":"","bundle_min_size":"","bundle_max_size":"","bundle_price":[],"bundled_items":[],"bundle_sell_ids":[],"atum_controlled":true,"out_stock_date":null,"out_stock_threshold":null,"inheritable":true,"stock_on_hold":1,"sold_today":0,"sales_last_days":0,"out_stock_days":0,"lost_sales":0,"update_date":"2026-04-15T00:04:06","atum_locations":[],"atum_stock_status":"instock","restock_status":false,"low_stock_amount":"","sales_update_date":"2026-04-15T00:04:06","calc_backorders":null,"group_of_quantity":0,"min_quantity":0,"max_quantity":"","exclude_order_quantity_value_rules":"no","exclude_category_quantity_rules":"no","combine_variations":"no","yoast_head":"<!-- This site is optimized with the Yoast SEO Premium plugin v26.5 (Yoast SEO v26.5) - https:\/\/yoast.com\/wordpress\/plugins\/seo\/ -->\n<title>Spruce, Black Essential Oil | Living Libations<\/title>\n<meta name=\"description\" content=\"Genie\u00dfen Sie den einladenden Duft von Immergr\u00fcn, frisch gefallenem Schnee und s\u00fc\u00dfem Holz, w\u00e4hrend Sie den Atem kl\u00e4ren und die Anspannung der Zeit lindern.\" \/>\n<meta name=\"robots\" content=\"index, follow, max-snippet:-1, max-image-preview:large, max-video-preview:-1\" \/>\n<link rel=\"canonical\" href=\"https:\/\/dutchhealthstore.com\/de\/product\/spruce-black-essential-oil\/\" \/>\n<meta property=\"og:locale\" content=\"de_DE\" \/>\n<meta property=\"og:type\" content=\"article\" \/>\n<meta property=\"og:title\" content=\"Spruce, Black Essential Oil - Dutch Health Store\" \/>\n<meta property=\"og:description\" content=\"Genie\u00dfen Sie den einladenden Duft von Immergr\u00fcn, frisch gefallenem Schnee und s\u00fc\u00dfem Holz, w\u00e4hrend Sie den Atem kl\u00e4ren und die Anspannung der Zeit lindern.\" \/>\n<meta property=\"og:url\" content=\"https:\/\/dutchhealthstore.com\/de\/product\/spruce-black-essential-oil\/\" \/>\n<meta property=\"og:site_name\" content=\"Dutch Health Store\" \/>\n<meta property=\"article:publisher\" content=\"https:\/\/www.instagram.com\/dutchhealthstore\/\" \/>\n<meta property=\"article:modified_time\" content=\"2025-12-23T08:39:08+00:00\" \/>\n<meta property=\"og:image\" content=\"https:\/\/dutchhealthstore.com\/wp-content\/uploads\/2020\/06\/Living-Libations-Spruce-Black-essential-oil-e1592831622650.jpg\" \/>\n\t<meta property=\"og:image:width\" content=\"500\" \/>\n\t<meta property=\"og:image:height\" content=\"500\" \/>\n\t<meta property=\"og:image:type\" content=\"image\/jpeg\" \/>\n<meta name=\"twitter:card\" content=\"summary_large_image\" \/>\n<meta name=\"twitter:label1\" content=\"Verf\u00fcgbarkeit\" \/>\n\t<meta name=\"twitter:data1\" content=\"Auf Lager\" \/>\n<script type=\"application\/ld+json\" class=\"yoast-schema-graph\">{\"@context\":\"https:\/\/schema.org\",\"@graph\":[{\"@type\":\"WebPage\",\"@id\":\"https:\/\/dutchhealthstore.com\/de\/product\/spruce-black-essential-oil\/\",\"url\":\"https:\/\/dutchhealthstore.com\/de\/product\/spruce-black-essential-oil\/\",\"name\":\"Spruce, Black Essential Oil | Living Libations\",\"isPartOf\":{\"@id\":\"https:\/\/dutchhealthstore.com\/de\/#website\"},\"primaryImageOfPage\":{\"@id\":\"https:\/\/dutchhealthstore.com\/de\/product\/spruce-black-essential-oil\/#primaryimage\"},\"image\":{\"@id\":\"https:\/\/dutchhealthstore.com\/de\/product\/spruce-black-essential-oil\/#primaryimage\"},\"thumbnailUrl\":\"https:\/\/dutchhealthstore.com\/wp-content\/uploads\/2020\/06\/Living-Libations-Spruce-Black-essential-oil-e1592831622650.jpg\",\"datePublished\":\"2020-06-22T11:17:00+00:00\",\"dateModified\":\"2025-12-23T08:39:08+00:00\",\"description\":\"Genie\u00dfen Sie den einladenden Duft von Immergr\u00fcn, frisch gefallenem Schnee und s\u00fc\u00dfem Holz, w\u00e4hrend Sie den Atem kl\u00e4ren und die Anspannung der Zeit lindern.\",\"breadcrumb\":{\"@id\":\"https:\/\/dutchhealthstore.com\/de\/product\/spruce-black-essential-oil\/#breadcrumb\"},\"inLanguage\":\"de\",\"potentialAction\":[{\"@type\":\"ReadAction\",\"target\":[\"https:\/\/dutchhealthstore.com\/de\/product\/spruce-black-essential-oil\/\"]}]},{\"@type\":\"ImageObject\",\"inLanguage\":\"de\",\"@id\":\"https:\/\/dutchhealthstore.com\/de\/product\/spruce-black-essential-oil\/#primaryimage\",\"url\":\"https:\/\/dutchhealthstore.com\/wp-content\/uploads\/2020\/06\/Living-Libations-Spruce-Black-essential-oil-e1592831622650.jpg\",\"contentUrl\":\"https:\/\/dutchhealthstore.com\/wp-content\/uploads\/2020\/06\/Living-Libations-Spruce-Black-essential-oil-e1592831622650.jpg\",\"width\":500,\"height\":500},{\"@type\":\"BreadcrumbList\",\"@id\":\"https:\/\/dutchhealthstore.com\/de\/product\/spruce-black-essential-oil\/#breadcrumb\",\"itemListElement\":[{\"@type\":\"ListItem\",\"position\":1,\"name\":\"Home\",\"item\":\"https:\/\/dutchhealthstore.com\/de\/\"},{\"@type\":\"ListItem\",\"position\":2,\"name\":\"Shop\",\"item\":\"https:\/\/dutchhealthstore.com\/de\/shop-2\/\"},{\"@type\":\"ListItem\",\"position\":3,\"name\":\"Spruce, Black Essential Oil\"}]},{\"@type\":\"WebSite\",\"@id\":\"https:\/\/dutchhealthstore.com\/de\/#website\",\"url\":\"https:\/\/dutchhealthstore.com\/de\/\",\"name\":\"Dutch Health Store\",\"description\":\"Enhance Your Beauty with Organic &amp; Natural Skincare\",\"publisher\":{\"@id\":\"https:\/\/dutchhealthstore.com\/de\/#organization\"},\"potentialAction\":[{\"@type\":\"SearchAction\",\"target\":{\"@type\":\"EntryPoint\",\"urlTemplate\":\"https:\/\/dutchhealthstore.com\/de\/?s={search_term_string}\"},\"query-input\":{\"@type\":\"PropertyValueSpecification\",\"valueRequired\":true,\"valueName\":\"search_term_string\"}}],\"inLanguage\":\"de\"},{\"@type\":\"Organization\",\"@id\":\"https:\/\/dutchhealthstore.com\/de\/#organization\",\"name\":\"Dutch Health Store\",\"url\":\"https:\/\/dutchhealthstore.com\/de\/\",\"logo\":{\"@type\":\"ImageObject\",\"inLanguage\":\"de\",\"@id\":\"https:\/\/dutchhealthstore.com\/de\/#\/schema\/logo\/image\/\",\"url\":\"https:\/\/dutchhealthstore.com\/wp-content\/uploads\/2020\/08\/logo-dutchhealthstore-jpg-e1599484957574.jpg\",\"contentUrl\":\"https:\/\/dutchhealthstore.com\/wp-content\/uploads\/2020\/08\/logo-dutchhealthstore-jpg-e1599484957574.jpg\",\"width\":400,\"height\":62,\"caption\":\"Dutch Health Store\"},\"image\":{\"@id\":\"https:\/\/dutchhealthstore.com\/de\/#\/schema\/logo\/image\/\"},\"sameAs\":[\"https:\/\/www.instagram.com\/dutchhealthstore\/\",\"https:\/\/www.facebook.com\/dutchhealthstore\"]}]}<\/script>\n<meta property=\"product:brand\" content=\"Living Libations\" \/>\n<meta property=\"og:availability\" content=\"instock\" \/>\n<meta property=\"product:availability\" content=\"instock\" \/>\n<meta property=\"product:condition\" content=\"new\" \/>\n<!-- \/ Yoast SEO Premium plugin. -->","yoast_head_json":{"title":"Spruce, Black Essential Oil | Living Libations","description":"Genie\u00dfen Sie den einladenden Duft von Immergr\u00fcn, frisch gefallenem Schnee und s\u00fc\u00dfem Holz, w\u00e4hrend Sie den Atem kl\u00e4ren und die Anspannung der Zeit lindern.","robots":{"index":"index","follow":"follow","max-snippet":"max-snippet:-1","max-image-preview":"max-image-preview:large","max-video-preview":"max-video-preview:-1"},"canonical":"https:\/\/dutchhealthstore.com\/de\/product\/spruce-black-essential-oil\/","og_locale":"de_DE","og_type":"article","og_title":"Spruce, Black Essential Oil - Dutch Health Store","og_description":"Genie\u00dfen Sie den einladenden Duft von Immergr\u00fcn, frisch gefallenem Schnee und s\u00fc\u00dfem Holz, w\u00e4hrend Sie den Atem kl\u00e4ren und die Anspannung der Zeit lindern.","og_url":"https:\/\/dutchhealthstore.com\/de\/product\/spruce-black-essential-oil\/","og_site_name":"Dutch Health Store","article_publisher":"https:\/\/www.instagram.com\/dutchhealthstore\/","article_modified_time":"2025-12-23T08:39:08+00:00","og_image":[{"width":500,"height":500,"url":"https:\/\/dutchhealthstore.com\/wp-content\/uploads\/2020\/06\/Living-Libations-Spruce-Black-essential-oil-e1592831622650.jpg","type":"image\/jpeg"}],"twitter_card":"summary_large_image","twitter_misc":{"Verf\u00fcgbarkeit":"Auf Lager"},"schema":{"@context":"https:\/\/schema.org","@graph":[{"@type":"WebPage","@id":"https:\/\/dutchhealthstore.com\/de\/product\/spruce-black-essential-oil\/","url":"https:\/\/dutchhealthstore.com\/de\/product\/spruce-black-essential-oil\/","name":"Spruce, Black Essential Oil | Living Libations","isPartOf":{"@id":"https:\/\/dutchhealthstore.com\/de\/#website"},"primaryImageOfPage":{"@id":"https:\/\/dutchhealthstore.com\/de\/product\/spruce-black-essential-oil\/#primaryimage"},"image":{"@id":"https:\/\/dutchhealthstore.com\/de\/product\/spruce-black-essential-oil\/#primaryimage"},"thumbnailUrl":"https:\/\/dutchhealthstore.com\/wp-content\/uploads\/2020\/06\/Living-Libations-Spruce-Black-essential-oil-e1592831622650.jpg","datePublished":"2020-06-22T11:17:00+00:00","dateModified":"2025-12-23T08:39:08+00:00","description":"Genie\u00dfen Sie den einladenden Duft von Immergr\u00fcn, frisch gefallenem Schnee und s\u00fc\u00dfem Holz, w\u00e4hrend Sie den Atem kl\u00e4ren und die Anspannung der Zeit lindern.","breadcrumb":{"@id":"https:\/\/dutchhealthstore.com\/de\/product\/spruce-black-essential-oil\/#breadcrumb"},"inLanguage":"de","potentialAction":[{"@type":"ReadAction","target":["https:\/\/dutchhealthstore.com\/de\/product\/spruce-black-essential-oil\/"]}]},{"@type":"ImageObject","inLanguage":"de","@id":"https:\/\/dutchhealthstore.com\/de\/product\/spruce-black-essential-oil\/#primaryimage","url":"https:\/\/dutchhealthstore.com\/wp-content\/uploads\/2020\/06\/Living-Libations-Spruce-Black-essential-oil-e1592831622650.jpg","contentUrl":"https:\/\/dutchhealthstore.com\/wp-content\/uploads\/2020\/06\/Living-Libations-Spruce-Black-essential-oil-e1592831622650.jpg","width":500,"height":500},{"@type":"BreadcrumbList","@id":"https:\/\/dutchhealthstore.com\/de\/product\/spruce-black-essential-oil\/#breadcrumb","itemListElement":[{"@type":"ListItem","position":1,"name":"Home","item":"https:\/\/dutchhealthstore.com\/de\/"},{"@type":"ListItem","position":2,"name":"Shop","item":"https:\/\/dutchhealthstore.com\/de\/shop-2\/"},{"@type":"ListItem","position":3,"name":"Spruce, Black Essential Oil"}]},{"@type":"WebSite","@id":"https:\/\/dutchhealthstore.com\/de\/#website","url":"https:\/\/dutchhealthstore.com\/de\/","name":"Dutch Health Store","description":"Enhance Your Beauty with Organic &amp; Natural Skincare","publisher":{"@id":"https:\/\/dutchhealthstore.com\/de\/#organization"},"potentialAction":[{"@type":"SearchAction","target":{"@type":"EntryPoint","urlTemplate":"https:\/\/dutchhealthstore.com\/de\/?s={search_term_string}"},"query-input":{"@type":"PropertyValueSpecification","valueRequired":true,"valueName":"search_term_string"}}],"inLanguage":"de"},{"@type":"Organization","@id":"https:\/\/dutchhealthstore.com\/de\/#organization","name":"Dutch Health Store","url":"https:\/\/dutchhealthstore.com\/de\/","logo":{"@type":"ImageObject","inLanguage":"de","@id":"https:\/\/dutchhealthstore.com\/de\/#\/schema\/logo\/image\/","url":"https:\/\/dutchhealthstore.com\/wp-content\/uploads\/2020\/08\/logo-dutchhealthstore-jpg-e1599484957574.jpg","contentUrl":"https:\/\/dutchhealthstore.com\/wp-content\/uploads\/2020\/08\/logo-dutchhealthstore-jpg-e1599484957574.jpg","width":400,"height":62,"caption":"Dutch Health Store"},"image":{"@id":"https:\/\/dutchhealthstore.com\/de\/#\/schema\/logo\/image\/"},"sameAs":["https:\/\/www.instagram.com\/dutchhealthstore\/","https:\/\/www.facebook.com\/dutchhealthstore"]}]},"product_brand":"Living Libations","og_availability":"instock","product_availability":"instock","product_condition":"new"},"_links":{"self":[{"href":"https:\/\/dutchhealthstore.com\/de\/wp-json\/wp\/v2\/product\/123907","targetHints":{"allow":["GET"]}}],"collection":[{"href":"https:\/\/dutchhealthstore.com\/de\/wp-json\/wp\/v2\/product"}],"about":[{"href":"https:\/\/dutchhealthstore.com\/de\/wp-json\/wp\/v2\/types\/product"}],"replies":[{"embeddable":true,"href":"https:\/\/dutchhealthstore.com\/de\/wp-json\/wp\/v2\/comments?post=123907"}],"wp:featuredmedia":[{"embeddable":true,"href":"https:\/\/dutchhealthstore.com\/de\/wp-json\/wp\/v2\/media\/108413"}],"wp:attachment":[{"href":"https:\/\/dutchhealthstore.com\/de\/wp-json\/wp\/v2\/media?parent=123907"}],"wp:term":[{"taxonomy":"product_brand","embeddable":true,"href":"https:\/\/dutchhealthstore.com\/de\/wp-json\/wp\/v2\/product_brand?post=123907"},{"taxonomy":"product_cat","embeddable":true,"href":"https:\/\/dutchhealthstore.com\/de\/wp-json\/wp\/v2\/product_cat?post=123907"},{"taxonomy":"product_tag","embeddable":true,"href":"https:\/\/dutchhealthstore.com\/de\/wp-json\/wp\/v2\/product_tag?post=123907"}],"curies":[{"name":"wp","href":"https:\/\/api.w.org\/{rel}","templated":true}]}}