{"id":123889,"date":"2020-07-03T14:04:00","date_gmt":"2020-07-03T12:04:00","guid":{"rendered":"https:\/\/dutchhealthstore.com\/product\/spruce-mountain-essential-oil\/"},"modified":"2025-08-27T06:53:24","modified_gmt":"2025-08-27T04:53:24","slug":"spruce-mountain-essential-oil","status":"publish","type":"product","link":"https:\/\/dutchhealthstore.com\/de\/product\/spruce-mountain-essential-oil\/","title":{"rendered":"Spruce Mountain Essential Oil"},"content":{"rendered":"<p><strong><img decoding=\"async\" class=\"size-full wp-image-69549 alignright\" src=\"https:\/\/dutchhealthstore.com\/wp-content\/uploads\/2019\/08\/NEW-Living-Libations-Logo.jpg\" alt=\"NEW - Living Libations - Logo\" width=\"175\" height=\"82\">Botanischer Name:<\/strong> Picea engelmannii<br \/>\n<strong>Botanische Familie:<\/strong> Pinaceae<br \/>\n<strong>Extraktionsverfahren:<\/strong> Dampfdestilliert<br \/>\n<strong>Teil der Pflanze Destilliert:<\/strong> Nadeln, \u00c4ste, Zweige<br \/>\n<strong>Herkunftsland:<\/strong> Vereinigte Staaten<br \/>\n<strong>Anbaumethode:<\/strong> Wild geerntet<br \/>\n<strong>Zusammensetzung:<\/strong> 100% Picea engelmannii<br \/>\n<strong>Konsistenz:<\/strong> D\u00fcnne Viskosit\u00e4t<\/p>\n<h3>Beschreibung des Duftes<\/h3>\n<p>Ein krautiger, kampferartiger Akkord mit eisig-k\u00fchlen Noten von frisch gefallenem Bergschnee.<\/p>\n<h3>Gut mischbar mit<\/h3>\n<p>Weihrauch, Kiefer, Bergamotte, Ysop, Oregano, Basilikum, Majoran, Lavendel, Zitrone, Palo Santo, Sandelholz, Inula und Wei\u00dftanne.<\/p>\n<h3>Verwendet<\/h3>\n<p>Verd\u00fcnnen und in Haut, Gesicht und Brust einmassieren. Verwenden Sie 3-5 Tropfen in einem Bad. Hervorragend geeignet f\u00fcr unsere Salzpfeife und den Diffusor. Unerl\u00e4sslich f\u00fcr Flugreisen. Super in Saunen. Befreit die Luft in der Kabine von winterlicher Muffigkeit. Wir verwenden es gerne, um die Tiefenatmung zu f\u00f6rdern, den Geist zu erden und das 1., 3. und 7. Chakra zu unterst\u00fctzen.<\/p>\n<p>Die Bergfichte w\u00e4chst im gesamten westlichen Nordamerika, von British Columbia im Norden bis Nordmexiko im S\u00fcden. Der Baum ist eine Hochgebirgsfichte, die auf Berggipfeln in einer H\u00f6he von mindestens 900 Metern gedeiht. Die hoch aufragenden, erhebenden und unersch\u00fctterlichen Qualit\u00e4ten der Bergfichte machen sie zu einer gro\u00dfartigen Wahl f\u00fcr (bildliche) r\u00fcckenst\u00e4rkende Kompressen und emotionale Erdung.<\/p>\n<p>Mountain Spruce Essential Oil ist \u00e4hnlich wie die Blaufichte ein Verfechter der Ausrichtung, genau wie die unersch\u00fctterlichen Berge, auf denen sie w\u00e4chst. Gleichzeitig macht sich das \u00d6l die H\u00f6he und Majest\u00e4t der m\u00e4chtigen Gipfel zunutze und verbindet so das verwurzelte Selbst mit dem h\u00f6heren Selbst. Dieses \u00d6l ist expansiv; es l\u00e4dt neue Energie ein und vertreibt m\u00fcde Energie durch einen Filter aus reiner, saftiger Fichte. Bergfichten\u00f6l kann w\u00e4hrend der Meditation verwendet werden, um emotionale und geistige Klarheit zu harmonisieren, den Geist zu beruhigen und zu sp\u00fcren und den Geist zu neuen H\u00f6hen zu f\u00fchren.<\/p>\n<p><strong>Gr\u00f6\u00dfe: 5 ml, 15 ml und 30 ml<\/strong><\/p>\n<h3>Bio-Zutaten<\/h3>\n<p>100% \u00e4therisches \u00d6l der Bergfichte (Picea engelmannii).<\/p>\n<p style=\"text-align: center;\">&#8222;Der Vollmond geht auf. Der Nebel klebt an den untersten \u00c4sten der Fichten.&#8220;<br \/>\n~ Garth Stein, <strong>The Art of Racing in the Rain<\/strong><\/p>\n<p style=\"text-align: center;\">&#8222;Auch die Ureinwohner messen der Fichte einen hohen heiligen Wert bei. Die Ureinwohner S\u00fcdkanadas nennen sie zum Beispiel Friedensbaum und glauben, dass sie die Werte Zusammenarbeit, Freude und Ruhe lehrt und die Verbindung zwischen den Menschen und dem Himmel festigt.&#8220;<br \/>\n~ Christopher Cumo, <strong>Encyclopedia of Cultivated Plants: From Acacia to Zinnia<\/strong><\/p>\n<p>&nbsp;<\/p>\n<p><img fetchpriority=\"high\" decoding=\"async\" class=\"size-medium wp-image-68103 aligncenter\" src=\"https:\/\/dutchhealthstore.com\/wp-content\/uploads\/2018\/02\/Living-Libations-Organic-Logo-800x89.png\" alt=\"Living Libations - Organic Logo\" width=\"800\" height=\"89\" srcset=\"https:\/\/dutchhealthstore.com\/wp-content\/uploads\/2018\/02\/Living-Libations-Organic-Logo-800x89.png 800w, https:\/\/dutchhealthstore.com\/wp-content\/uploads\/2018\/02\/Living-Libations-Organic-Logo-510x57.png 510w, https:\/\/dutchhealthstore.com\/wp-content\/uploads\/2018\/02\/Living-Libations-Organic-Logo-768x85.png 768w, https:\/\/dutchhealthstore.com\/wp-content\/uploads\/2018\/02\/Living-Libations-Organic-Logo.png 1400w\" sizes=\"(max-width: 800px) 100vw, 800px\" \/><\/p>\n","protected":false},"excerpt":{"rendered":"<p>Majestic <strong>Mountain Spruce Essential Oil<\/strong> ist ein belebender immergr\u00fcner Traum! Es ist ein traditionelles Tonikum der nordamerikanischen Ureinwohner, um den K\u00f6rper und den Atem in der kalten Winterluft zu segnen.<br \/>\nDestilliert aus den zitternden Zweigen und vereisten \u00c4sten der Hochgebirgsfichten, die von den Gipfeln der h\u00f6chsten Berge Nordamerikas in die Unendlichkeit ragen. Dieses \u00d6l, das auch als Engelmann-Fichte bekannt ist, ist ein uralter pflanzlicher Helfer der amerikanischen und kanadischen Ureinwohner.<br \/>\nDas \u00d6l wird traditionell in entspannenden Atembalsamen und Massage\u00f6len f\u00fcr \u00fcberanstrengte Muskeln und zur gleichzeitigen spirituellen Erdung und Erweiterung verwendet.<\/p>\n","protected":false},"featured_media":337457,"comment_status":"open","ping_status":"closed","template":"","meta":[],"product_brand":[],"product_cat":[1546,6737,1508,1493,1210,6736],"product_tag":[1547],"class_list":{"0":"post-123889","1":"product","2":"type-product","3":"status-publish","4":"has-post-thumbnail","6":"product_cat-essential-oils-living-libations-de","7":"product_cat-essential-oils-de-2","8":"product_cat-aetherische-oele-living-libations","9":"product_cat-living-libations-deutschland","10":"product_cat-marken","11":"product_cat-wellness-de","12":"product_tag-essential-oil-de","13":"pa_brand-livinglibations-de","14":"pa_essential-oils-product-type-essential-oils-de","15":"pa_size-15-ml-de-2","16":"pa_size-30-ml-de","17":"pa_size-5-ml-de","19":"first","20":"instock","21":"taxable","22":"shipping-taxable","23":"purchasable","24":"product-type-variable"},"bundled_by":[],"bundle_stock_status":"instock","bundle_stock_quantity":null,"bundle_virtual":false,"bundle_layout":"","bundle_add_to_cart_form_location":"","bundle_editable_in_cart":false,"bundle_sold_individually_context":"","bundle_item_grouping":"","bundle_min_size":"","bundle_max_size":"","bundle_price":[],"bundled_items":[],"bundle_sell_ids":[],"atum_controlled":true,"out_stock_date":null,"out_stock_threshold":null,"inheritable":true,"stock_on_hold":0,"sold_today":0,"sales_last_days":0,"out_stock_days":0,"lost_sales":0,"update_date":"2026-04-10T09:01:04","atum_locations":[],"atum_stock_status":"instock","restock_status":false,"low_stock_amount":"","sales_update_date":"2026-04-10T09:01:04","calc_backorders":null,"group_of_quantity":0,"min_quantity":0,"max_quantity":"","exclude_order_quantity_value_rules":"no","exclude_category_quantity_rules":"no","combine_variations":"no","yoast_head":"<!-- This site is optimized with the Yoast SEO Premium plugin v26.5 (Yoast SEO v26.5) - https:\/\/yoast.com\/wordpress\/plugins\/seo\/ -->\n<title>Auf der Suche nach Spruce Mountain Essential Oil? Bestellen Sie Spruce Mountain Essential Oil heute bei Dutch Health Store. Pers\u00f6nlicher Kontakt &amp; schnelle Versand.<\/title>\n<meta name=\"description\" content=\"Majestic Mountain Spruce Essential Oil ist ein belebender immergr\u00fcner Traum! Es ist ein traditionelles St\u00e4rkungsmittel, um den K\u00f6rper und den Atem in kalter Winterluft zu segnen.\" \/>\n<meta name=\"robots\" content=\"index, follow, max-snippet:-1, max-image-preview:large, max-video-preview:-1\" \/>\n<link rel=\"canonical\" href=\"https:\/\/dutchhealthstore.com\/de\/product\/spruce-mountain-essential-oil\/\" \/>\n<meta property=\"og:locale\" content=\"de_DE\" \/>\n<meta property=\"og:type\" content=\"article\" \/>\n<meta property=\"og:title\" content=\"Spruce Mountain Essential Oil - Dutch Health Store\" \/>\n<meta property=\"og:description\" content=\"Majestic Mountain Spruce Essential Oil ist ein belebender immergr\u00fcner Traum! Es ist ein traditionelles St\u00e4rkungsmittel, um den K\u00f6rper und den Atem in kalter Winterluft zu segnen.\" \/>\n<meta property=\"og:url\" content=\"https:\/\/dutchhealthstore.com\/de\/product\/spruce-mountain-essential-oil\/\" \/>\n<meta property=\"og:site_name\" content=\"Dutch Health Store\" \/>\n<meta property=\"article:publisher\" content=\"https:\/\/www.instagram.com\/dutchhealthstore\/\" \/>\n<meta property=\"article:modified_time\" content=\"2025-08-27T04:53:24+00:00\" \/>\n<meta property=\"og:image\" content=\"https:\/\/dutchhealthstore.com\/wp-content\/uploads\/2020\/07\/Spruce-Mountain-Essential-Oil-Living-libations.-.jpg\" \/>\n\t<meta property=\"og:image:width\" content=\"500\" \/>\n\t<meta property=\"og:image:height\" content=\"500\" \/>\n\t<meta property=\"og:image:type\" content=\"image\/jpeg\" \/>\n<meta name=\"twitter:card\" content=\"summary_large_image\" \/>\n<meta name=\"twitter:label1\" content=\"Verf\u00fcgbarkeit\" \/>\n\t<meta name=\"twitter:data1\" content=\"Auf Lager\" \/>\n<script type=\"application\/ld+json\" class=\"yoast-schema-graph\">{\"@context\":\"https:\/\/schema.org\",\"@graph\":[{\"@type\":\"WebPage\",\"@id\":\"https:\/\/dutchhealthstore.com\/de\/product\/spruce-mountain-essential-oil\/\",\"url\":\"https:\/\/dutchhealthstore.com\/de\/product\/spruce-mountain-essential-oil\/\",\"name\":\"Auf der Suche nach Spruce Mountain Essential Oil? Bestellen Sie Spruce Mountain Essential Oil heute bei Dutch Health Store. Pers\u00f6nlicher Kontakt & schnelle Versand.\",\"isPartOf\":{\"@id\":\"https:\/\/dutchhealthstore.com\/de\/#website\"},\"primaryImageOfPage\":{\"@id\":\"https:\/\/dutchhealthstore.com\/de\/product\/spruce-mountain-essential-oil\/#primaryimage\"},\"image\":{\"@id\":\"https:\/\/dutchhealthstore.com\/de\/product\/spruce-mountain-essential-oil\/#primaryimage\"},\"thumbnailUrl\":\"https:\/\/dutchhealthstore.com\/wp-content\/uploads\/2020\/07\/2025-04-15-13_41_14-Mountain-Spruce-Essential-Oil-\u2013-Living-Libations-INT.jpg\",\"datePublished\":\"2020-07-03T12:04:00+00:00\",\"dateModified\":\"2025-08-27T04:53:24+00:00\",\"description\":\"Majestic Mountain Spruce Essential Oil ist ein belebender immergr\u00fcner Traum! Es ist ein traditionelles St\u00e4rkungsmittel, um den K\u00f6rper und den Atem in kalter Winterluft zu segnen.\",\"breadcrumb\":{\"@id\":\"https:\/\/dutchhealthstore.com\/de\/product\/spruce-mountain-essential-oil\/#breadcrumb\"},\"inLanguage\":\"de\",\"potentialAction\":[{\"@type\":\"ReadAction\",\"target\":[\"https:\/\/dutchhealthstore.com\/de\/product\/spruce-mountain-essential-oil\/\"]}]},{\"@type\":\"ImageObject\",\"inLanguage\":\"de\",\"@id\":\"https:\/\/dutchhealthstore.com\/de\/product\/spruce-mountain-essential-oil\/#primaryimage\",\"url\":\"https:\/\/dutchhealthstore.com\/wp-content\/uploads\/2020\/07\/2025-04-15-13_41_14-Mountain-Spruce-Essential-Oil-\u2013-Living-Libations-INT.jpg\",\"contentUrl\":\"https:\/\/dutchhealthstore.com\/wp-content\/uploads\/2020\/07\/2025-04-15-13_41_14-Mountain-Spruce-Essential-Oil-\u2013-Living-Libations-INT.jpg\",\"width\":530,\"height\":530},{\"@type\":\"BreadcrumbList\",\"@id\":\"https:\/\/dutchhealthstore.com\/de\/product\/spruce-mountain-essential-oil\/#breadcrumb\",\"itemListElement\":[{\"@type\":\"ListItem\",\"position\":1,\"name\":\"Home\",\"item\":\"https:\/\/dutchhealthstore.com\/de\/\"},{\"@type\":\"ListItem\",\"position\":2,\"name\":\"Shop\",\"item\":\"https:\/\/dutchhealthstore.com\/de\/shop-2\/\"},{\"@type\":\"ListItem\",\"position\":3,\"name\":\"Spruce Mountain Essential Oil\"}]},{\"@type\":\"WebSite\",\"@id\":\"https:\/\/dutchhealthstore.com\/de\/#website\",\"url\":\"https:\/\/dutchhealthstore.com\/de\/\",\"name\":\"Dutch Health Store\",\"description\":\"Enhance Your Beauty with Organic &amp; Natural Skincare\",\"publisher\":{\"@id\":\"https:\/\/dutchhealthstore.com\/de\/#organization\"},\"potentialAction\":[{\"@type\":\"SearchAction\",\"target\":{\"@type\":\"EntryPoint\",\"urlTemplate\":\"https:\/\/dutchhealthstore.com\/de\/?s={search_term_string}\"},\"query-input\":{\"@type\":\"PropertyValueSpecification\",\"valueRequired\":true,\"valueName\":\"search_term_string\"}}],\"inLanguage\":\"de\"},{\"@type\":\"Organization\",\"@id\":\"https:\/\/dutchhealthstore.com\/de\/#organization\",\"name\":\"Dutch Health Store\",\"url\":\"https:\/\/dutchhealthstore.com\/de\/\",\"logo\":{\"@type\":\"ImageObject\",\"inLanguage\":\"de\",\"@id\":\"https:\/\/dutchhealthstore.com\/de\/#\/schema\/logo\/image\/\",\"url\":\"https:\/\/dutchhealthstore.com\/wp-content\/uploads\/2020\/08\/logo-dutchhealthstore-jpg-e1599484957574.jpg\",\"contentUrl\":\"https:\/\/dutchhealthstore.com\/wp-content\/uploads\/2020\/08\/logo-dutchhealthstore-jpg-e1599484957574.jpg\",\"width\":400,\"height\":62,\"caption\":\"Dutch Health Store\"},\"image\":{\"@id\":\"https:\/\/dutchhealthstore.com\/de\/#\/schema\/logo\/image\/\"},\"sameAs\":[\"https:\/\/www.instagram.com\/dutchhealthstore\/\",\"https:\/\/www.facebook.com\/dutchhealthstore\"]}]}<\/script>\n<meta property=\"product:brand\" content=\"Living Libations\" \/>\n<meta property=\"og:availability\" content=\"instock\" \/>\n<meta property=\"product:availability\" content=\"instock\" \/>\n<meta property=\"product:condition\" content=\"new\" \/>\n<!-- \/ Yoast SEO Premium plugin. -->","yoast_head_json":{"title":"Auf der Suche nach Spruce Mountain Essential Oil? Bestellen Sie Spruce Mountain Essential Oil heute bei Dutch Health Store. Pers\u00f6nlicher Kontakt & schnelle Versand.","description":"Majestic Mountain Spruce Essential Oil ist ein belebender immergr\u00fcner Traum! Es ist ein traditionelles St\u00e4rkungsmittel, um den K\u00f6rper und den Atem in kalter Winterluft zu segnen.","robots":{"index":"index","follow":"follow","max-snippet":"max-snippet:-1","max-image-preview":"max-image-preview:large","max-video-preview":"max-video-preview:-1"},"canonical":"https:\/\/dutchhealthstore.com\/de\/product\/spruce-mountain-essential-oil\/","og_locale":"de_DE","og_type":"article","og_title":"Spruce Mountain Essential Oil - Dutch Health Store","og_description":"Majestic Mountain Spruce Essential Oil ist ein belebender immergr\u00fcner Traum! Es ist ein traditionelles St\u00e4rkungsmittel, um den K\u00f6rper und den Atem in kalter Winterluft zu segnen.","og_url":"https:\/\/dutchhealthstore.com\/de\/product\/spruce-mountain-essential-oil\/","og_site_name":"Dutch Health Store","article_publisher":"https:\/\/www.instagram.com\/dutchhealthstore\/","article_modified_time":"2025-08-27T04:53:24+00:00","og_image":[{"width":500,"height":500,"url":"https:\/\/dutchhealthstore.com\/wp-content\/uploads\/2020\/07\/Spruce-Mountain-Essential-Oil-Living-libations.-.jpg","type":"image\/jpeg"}],"twitter_card":"summary_large_image","twitter_misc":{"Verf\u00fcgbarkeit":"Auf Lager"},"schema":{"@context":"https:\/\/schema.org","@graph":[{"@type":"WebPage","@id":"https:\/\/dutchhealthstore.com\/de\/product\/spruce-mountain-essential-oil\/","url":"https:\/\/dutchhealthstore.com\/de\/product\/spruce-mountain-essential-oil\/","name":"Auf der Suche nach Spruce Mountain Essential Oil? Bestellen Sie Spruce Mountain Essential Oil heute bei Dutch Health Store. Pers\u00f6nlicher Kontakt & schnelle Versand.","isPartOf":{"@id":"https:\/\/dutchhealthstore.com\/de\/#website"},"primaryImageOfPage":{"@id":"https:\/\/dutchhealthstore.com\/de\/product\/spruce-mountain-essential-oil\/#primaryimage"},"image":{"@id":"https:\/\/dutchhealthstore.com\/de\/product\/spruce-mountain-essential-oil\/#primaryimage"},"thumbnailUrl":"https:\/\/dutchhealthstore.com\/wp-content\/uploads\/2020\/07\/2025-04-15-13_41_14-Mountain-Spruce-Essential-Oil-\u2013-Living-Libations-INT.jpg","datePublished":"2020-07-03T12:04:00+00:00","dateModified":"2025-08-27T04:53:24+00:00","description":"Majestic Mountain Spruce Essential Oil ist ein belebender immergr\u00fcner Traum! Es ist ein traditionelles St\u00e4rkungsmittel, um den K\u00f6rper und den Atem in kalter Winterluft zu segnen.","breadcrumb":{"@id":"https:\/\/dutchhealthstore.com\/de\/product\/spruce-mountain-essential-oil\/#breadcrumb"},"inLanguage":"de","potentialAction":[{"@type":"ReadAction","target":["https:\/\/dutchhealthstore.com\/de\/product\/spruce-mountain-essential-oil\/"]}]},{"@type":"ImageObject","inLanguage":"de","@id":"https:\/\/dutchhealthstore.com\/de\/product\/spruce-mountain-essential-oil\/#primaryimage","url":"https:\/\/dutchhealthstore.com\/wp-content\/uploads\/2020\/07\/2025-04-15-13_41_14-Mountain-Spruce-Essential-Oil-\u2013-Living-Libations-INT.jpg","contentUrl":"https:\/\/dutchhealthstore.com\/wp-content\/uploads\/2020\/07\/2025-04-15-13_41_14-Mountain-Spruce-Essential-Oil-\u2013-Living-Libations-INT.jpg","width":530,"height":530},{"@type":"BreadcrumbList","@id":"https:\/\/dutchhealthstore.com\/de\/product\/spruce-mountain-essential-oil\/#breadcrumb","itemListElement":[{"@type":"ListItem","position":1,"name":"Home","item":"https:\/\/dutchhealthstore.com\/de\/"},{"@type":"ListItem","position":2,"name":"Shop","item":"https:\/\/dutchhealthstore.com\/de\/shop-2\/"},{"@type":"ListItem","position":3,"name":"Spruce Mountain Essential Oil"}]},{"@type":"WebSite","@id":"https:\/\/dutchhealthstore.com\/de\/#website","url":"https:\/\/dutchhealthstore.com\/de\/","name":"Dutch Health Store","description":"Enhance Your Beauty with Organic &amp; Natural Skincare","publisher":{"@id":"https:\/\/dutchhealthstore.com\/de\/#organization"},"potentialAction":[{"@type":"SearchAction","target":{"@type":"EntryPoint","urlTemplate":"https:\/\/dutchhealthstore.com\/de\/?s={search_term_string}"},"query-input":{"@type":"PropertyValueSpecification","valueRequired":true,"valueName":"search_term_string"}}],"inLanguage":"de"},{"@type":"Organization","@id":"https:\/\/dutchhealthstore.com\/de\/#organization","name":"Dutch Health Store","url":"https:\/\/dutchhealthstore.com\/de\/","logo":{"@type":"ImageObject","inLanguage":"de","@id":"https:\/\/dutchhealthstore.com\/de\/#\/schema\/logo\/image\/","url":"https:\/\/dutchhealthstore.com\/wp-content\/uploads\/2020\/08\/logo-dutchhealthstore-jpg-e1599484957574.jpg","contentUrl":"https:\/\/dutchhealthstore.com\/wp-content\/uploads\/2020\/08\/logo-dutchhealthstore-jpg-e1599484957574.jpg","width":400,"height":62,"caption":"Dutch Health Store"},"image":{"@id":"https:\/\/dutchhealthstore.com\/de\/#\/schema\/logo\/image\/"},"sameAs":["https:\/\/www.instagram.com\/dutchhealthstore\/","https:\/\/www.facebook.com\/dutchhealthstore"]}]},"product_brand":"Living Libations","og_availability":"instock","product_availability":"instock","product_condition":"new"},"_links":{"self":[{"href":"https:\/\/dutchhealthstore.com\/de\/wp-json\/wp\/v2\/product\/123889","targetHints":{"allow":["GET"]}}],"collection":[{"href":"https:\/\/dutchhealthstore.com\/de\/wp-json\/wp\/v2\/product"}],"about":[{"href":"https:\/\/dutchhealthstore.com\/de\/wp-json\/wp\/v2\/types\/product"}],"replies":[{"embeddable":true,"href":"https:\/\/dutchhealthstore.com\/de\/wp-json\/wp\/v2\/comments?post=123889"}],"wp:featuredmedia":[{"embeddable":true,"href":"https:\/\/dutchhealthstore.com\/de\/wp-json\/wp\/v2\/media\/337457"}],"wp:attachment":[{"href":"https:\/\/dutchhealthstore.com\/de\/wp-json\/wp\/v2\/media?parent=123889"}],"wp:term":[{"taxonomy":"product_brand","embeddable":true,"href":"https:\/\/dutchhealthstore.com\/de\/wp-json\/wp\/v2\/product_brand?post=123889"},{"taxonomy":"product_cat","embeddable":true,"href":"https:\/\/dutchhealthstore.com\/de\/wp-json\/wp\/v2\/product_cat?post=123889"},{"taxonomy":"product_tag","embeddable":true,"href":"https:\/\/dutchhealthstore.com\/de\/wp-json\/wp\/v2\/product_tag?post=123889"}],"curies":[{"name":"wp","href":"https:\/\/api.w.org\/{rel}","templated":true}]}}