{"id":123714,"date":"2020-03-13T18:54:29","date_gmt":"2020-03-13T17:54:29","guid":{"rendered":"https:\/\/dutchhealthstore.com\/product\/siam-wood-essential-oil\/"},"modified":"2025-06-02T13:46:34","modified_gmt":"2025-06-02T11:46:34","slug":"siam-wood-essential-oil","status":"publish","type":"product","link":"https:\/\/dutchhealthstore.com\/de\/product\/siam-wood-essential-oil\/","title":{"rendered":"Siam Wood Essential Oil"},"content":{"rendered":"<p><img decoding=\"async\" class=\"alignright size-full wp-image-69549\" src=\"https:\/\/dutchhealthstore.com\/wp-content\/uploads\/2019\/08\/NEW-Living-Libations-Logo.jpg\" alt=\"NEW - Living Libations - Logo\" width=\"175\" height=\"82\"><\/p>\n<p><strong>Botanischer Name<\/strong>: Fokinia hodginsii<br \/>\n<strong>Botanische Familie<\/strong>: Cupressaceae<br \/>\n<strong>Extraktionsverfahren<\/strong>: Dampfdestilliert<br \/>\n<strong>Teil der Pflanze Destilliert<\/strong>: Kernholz<br \/>\n<strong>Herkunftsland<\/strong>: Vietnam<br \/>\n<strong>Anbaumethode<\/strong>: Wild gez\u00fcchtet<br \/>\n<strong>Zusammensetzung<\/strong>: 100% Fokinia hodginsii<br \/>\n<strong>Konsistenz<\/strong>: Mittlere Viskosit\u00e4t<\/p>\n<h3>Beschreibung des Duftes<\/h3>\n<p>Reichhaltig, warm, s\u00fc\u00df, cremig, holzig, balsamisch und leicht nadelf\u00f6rmig.<\/p>\n<h3>Gut mischbar mit<\/h3>\n<p>Agarholz, Schwarze Fichte, Zedernholz, Weihrauch, Geranie, Grapefruit, Jasmin Sambac, Lavendel, Neroli, Palmarosa, Sandelholz, Vanille und Ylang.<\/p>\n<h3>Verwendet<\/h3>\n<p>K\u00f6stlich in einem Diffusor und fabelhaft als Waldbad\u00f6l. Fixiermittel in Parf\u00fcm. Erdung f\u00fcr Meditation und spirituelle Mischungen. Unterdr\u00fcckt nat\u00fcrlich das Interesse der Insekten.<\/p>\n<h3>Inhaltsstoffe<\/h3>\n<p>32% Fokienol und 30% Trans-Nerolidol.<\/p>\n<p>Stabiles <strong>Siam Wood Essential Oil<\/strong> parf\u00fcmiert die gem\u00e4\u00dfigten W\u00e4lder S\u00fcdostasiens.<br \/>\nSiam essential oil wird aus dem Kernholz der immergr\u00fcnen Fokinia hodginsii gewonnen, deren Duft an Sandelholz- und Rosenholz\u00f6le erinnert.<\/p>\n<p>Dieses warme und cremige Eau de Cologne verst\u00e4rkt das Gef\u00fchl der Verbundenheit und des Willkommenseins in der Welt und ist ein Genuss in einem Diffusor, einer Salzpfeife oder einem Bad.<br \/>\nDie nat\u00fcrlichen insektenabwehrenden Eigenschaften machen ihn zu einem perfekten Partner f\u00fcr fr\u00f6hliche Ausfl\u00fcge in die Natur.<\/p>\n<p><strong>Fokinia<\/strong> ist ein hoch aufragender, nadeliger, immergr\u00fcner Nadelbaum, der in warmen, feuchten und milden W\u00e4ldern in Vietnam, China und Nord-Laos beheimatet ist. Die zerkl\u00fcftete Rinde reifer B\u00e4ume setzt aromatische \u00d6le frei, die die Waldluft parf\u00fcmieren und sich hervorragend f\u00fcr luxuri\u00f6se Waldbadespazierg\u00e4nge eignen. Mit dem Siam Wood essential oil k\u00f6nnen wir den Fokinia-Wald durch Diffusion, einen Tropfen in einer Salzpfeife oder als sinnliche Erg\u00e4nzung zu Dampfb\u00e4dern nach innen bringen.<\/p>\n<p>Dieser aromatische Nadelbaum wird in Vietnam f\u00fcr sein dichtes, aromatisches Holz gesch\u00e4tzt, aus dem kunsthandwerkliche M\u00f6bel und Kunstwerke hergestellt werden. Die Destillation des \u00e4therischen \u00d6ls gibt der Ernte des Stammes, der nach der Ernte des Holzes zur\u00fcckbleibt, einen neuen Sinn und bietet die h\u00f6chste Konzentration an Fokienol, dem Hauptbestandteil des Siam Wood essential oil.<\/p>\n<p>In der Aromatherapie f\u00f6rdert das Siam Wood essential oil Gef\u00fchle der Gem\u00fctlichkeit, ein getr\u00f6stetes Herz und innere Ruhe.<\/p>\n<p><strong>Gr\u00f6\u00dfe: 5 ml<\/strong><\/p>\n<h3>Bio-Zutaten<\/h3>\n<p>100% \u00e4therisches \u00d6l aus Siamholz (Fokinia hodginsii).<\/p>\n<p><img fetchpriority=\"high\" decoding=\"async\" class=\"size-medium wp-image-68103 aligncenter\" src=\"https:\/\/dutchhealthstore.com\/wp-content\/uploads\/2018\/02\/Living-Libations-Organic-Logo-800x89.png\" alt=\"Living Libations - Organic Logo\" width=\"800\" height=\"89\" srcset=\"https:\/\/dutchhealthstore.com\/wp-content\/uploads\/2018\/02\/Living-Libations-Organic-Logo-800x89.png 800w, https:\/\/dutchhealthstore.com\/wp-content\/uploads\/2018\/02\/Living-Libations-Organic-Logo-510x57.png 510w, https:\/\/dutchhealthstore.com\/wp-content\/uploads\/2018\/02\/Living-Libations-Organic-Logo-768x85.png 768w, https:\/\/dutchhealthstore.com\/wp-content\/uploads\/2018\/02\/Living-Libations-Organic-Logo.png 1400w\" sizes=\"(max-width: 800px) 100vw, 800px\" \/><\/p>\n","protected":false},"excerpt":{"rendered":"<p>Stabiles <strong>Siam Wood Essential Oil<\/strong> parf\u00fcmiert die gem\u00e4\u00dfigten W\u00e4lder S\u00fcdostasiens.<br \/>\nSiam essential oil wird aus dem Kernholz der immergr\u00fcnen Fokinia hodginsii gewonnen, deren Duft an Sandelholz- und Rosenholz\u00f6le erinnert.<\/p>\n<p>Dieses warme und cremige Eau de Cologne verst\u00e4rkt das Gef\u00fchl der Verbundenheit und des Willkommenseins in der Welt und ist ein Genuss in einem Diffusor, einer Salzpfeife oder einem Bad.<br \/>\nDie nat\u00fcrlichen insektenabwehrenden Eigenschaften machen ihn zu einem perfekten Partner f\u00fcr fr\u00f6hliche Ausfl\u00fcge in die Natur.<\/p>\n","protected":false},"featured_media":96321,"comment_status":"open","ping_status":"closed","template":"","meta":[],"product_brand":[],"product_cat":[6737,1508,1546,1493,1210,6736],"product_tag":[1547],"class_list":{"0":"post-123714","1":"product","2":"type-product","3":"status-publish","4":"has-post-thumbnail","6":"product_cat-essential-oils-de-2","7":"product_cat-aetherische-oele-living-libations","8":"product_cat-essential-oils-living-libations-de","9":"product_cat-living-libations-deutschland","10":"product_cat-marken","11":"product_cat-wellness-de","12":"product_tag-essential-oil-de","13":"pa_brand-livinglibations-de","14":"pa_essential-oils-product-type-essential-oils-de","15":"pa_gtin-7439657362309-de","16":"pa_size-5-ml-de","18":"first","19":"instock","20":"taxable","21":"shipping-taxable","22":"purchasable","23":"product-type-simple"},"bundled_by":[],"bundle_stock_status":"instock","bundle_stock_quantity":1,"bundle_virtual":false,"bundle_layout":"","bundle_add_to_cart_form_location":"","bundle_editable_in_cart":false,"bundle_sold_individually_context":"","bundle_item_grouping":"","bundle_min_size":"","bundle_max_size":"","bundle_price":[],"bundled_items":[],"bundle_sell_ids":[],"atum_controlled":true,"out_stock_date":null,"out_stock_threshold":null,"inheritable":false,"stock_on_hold":0,"sold_today":0,"sales_last_days":0,"out_stock_days":0,"lost_sales":0,"update_date":"2026-04-09T11:39:57","atum_locations":[],"atum_stock_status":"instock","restock_status":false,"low_stock_amount":"","sales_update_date":"2026-04-09T11:39:57","calc_backorders":null,"group_of_quantity":0,"min_quantity":0,"max_quantity":"","exclude_order_quantity_value_rules":"no","exclude_category_quantity_rules":"no","combine_variations":"no","yoast_head":"<!-- This site is optimized with the Yoast SEO Premium plugin v26.5 (Yoast SEO v26.5) - https:\/\/yoast.com\/wordpress\/plugins\/seo\/ -->\n<title>Siam Wood Essential Oil | Living Libations<\/title>\n<meta name=\"description\" content=\"Siam essential oil wird aus dem Kernholz der immergr\u00fcnen Fokinia hodginsii gewonnen, deren Duft an Sandelholz- und Rosenholz\u00f6le erinnert.\" \/>\n<meta name=\"robots\" content=\"index, follow, max-snippet:-1, max-image-preview:large, max-video-preview:-1\" \/>\n<link rel=\"canonical\" href=\"https:\/\/dutchhealthstore.com\/de\/product\/siam-wood-essential-oil\/\" \/>\n<meta property=\"og:locale\" content=\"de_DE\" \/>\n<meta property=\"og:type\" content=\"article\" \/>\n<meta property=\"og:title\" content=\"Siam Wood Essential Oil - Dutch Health Store\" \/>\n<meta property=\"og:description\" content=\"Siam essential oil wird aus dem Kernholz der immergr\u00fcnen Fokinia hodginsii gewonnen, deren Duft an Sandelholz- und Rosenholz\u00f6le erinnert.\" \/>\n<meta property=\"og:url\" content=\"https:\/\/dutchhealthstore.com\/de\/product\/siam-wood-essential-oil\/\" \/>\n<meta property=\"og:site_name\" content=\"Dutch Health Store\" \/>\n<meta property=\"article:publisher\" content=\"https:\/\/www.instagram.com\/dutchhealthstore\/\" \/>\n<meta property=\"article:modified_time\" content=\"2025-06-02T11:46:34+00:00\" \/>\n<meta property=\"og:image\" content=\"https:\/\/dutchhealthstore.com\/wp-content\/uploads\/2020\/03\/Living-Libations-Siam-Wood-Essential-Oil.jpg\" \/>\n\t<meta property=\"og:image:width\" content=\"700\" \/>\n\t<meta property=\"og:image:height\" content=\"700\" \/>\n\t<meta property=\"og:image:type\" content=\"image\/jpeg\" \/>\n<meta name=\"twitter:card\" content=\"summary_large_image\" \/>\n<meta name=\"twitter:label1\" content=\"Preis\" \/>\n\t<meta name=\"twitter:data1\" content=\"&euro;48,00\" \/>\n\t<meta name=\"twitter:label2\" content=\"Verf\u00fcgbarkeit\" \/>\n\t<meta name=\"twitter:data2\" content=\"Auf Lager\" \/>\n<script type=\"application\/ld+json\" class=\"yoast-schema-graph\">{\"@context\":\"https:\/\/schema.org\",\"@graph\":[{\"@type\":\"WebPage\",\"@id\":\"https:\/\/dutchhealthstore.com\/de\/product\/siam-wood-essential-oil\/\",\"url\":\"https:\/\/dutchhealthstore.com\/de\/product\/siam-wood-essential-oil\/\",\"name\":\"Siam Wood Essential Oil | Living Libations\",\"isPartOf\":{\"@id\":\"https:\/\/dutchhealthstore.com\/de\/#website\"},\"primaryImageOfPage\":{\"@id\":\"https:\/\/dutchhealthstore.com\/de\/product\/siam-wood-essential-oil\/#primaryimage\"},\"image\":{\"@id\":\"https:\/\/dutchhealthstore.com\/de\/product\/siam-wood-essential-oil\/#primaryimage\"},\"thumbnailUrl\":\"https:\/\/dutchhealthstore.com\/wp-content\/uploads\/2020\/03\/Living-Libations-Siam-Wood-Essential-Oil.jpg\",\"datePublished\":\"2020-03-13T17:54:29+00:00\",\"dateModified\":\"2025-06-02T11:46:34+00:00\",\"description\":\"Siam essential oil wird aus dem Kernholz der immergr\u00fcnen Fokinia hodginsii gewonnen, deren Duft an Sandelholz- und Rosenholz\u00f6le erinnert.\",\"breadcrumb\":{\"@id\":\"https:\/\/dutchhealthstore.com\/de\/product\/siam-wood-essential-oil\/#breadcrumb\"},\"inLanguage\":\"de\",\"potentialAction\":[{\"@type\":\"ReadAction\",\"target\":[\"https:\/\/dutchhealthstore.com\/de\/product\/siam-wood-essential-oil\/\"]}]},{\"@type\":\"ImageObject\",\"inLanguage\":\"de\",\"@id\":\"https:\/\/dutchhealthstore.com\/de\/product\/siam-wood-essential-oil\/#primaryimage\",\"url\":\"https:\/\/dutchhealthstore.com\/wp-content\/uploads\/2020\/03\/Living-Libations-Siam-Wood-Essential-Oil.jpg\",\"contentUrl\":\"https:\/\/dutchhealthstore.com\/wp-content\/uploads\/2020\/03\/Living-Libations-Siam-Wood-Essential-Oil.jpg\",\"width\":700,\"height\":700,\"caption\":\"Living Libations - Siam Wood Essential Oil\"},{\"@type\":\"BreadcrumbList\",\"@id\":\"https:\/\/dutchhealthstore.com\/de\/product\/siam-wood-essential-oil\/#breadcrumb\",\"itemListElement\":[{\"@type\":\"ListItem\",\"position\":1,\"name\":\"Home\",\"item\":\"https:\/\/dutchhealthstore.com\/de\/\"},{\"@type\":\"ListItem\",\"position\":2,\"name\":\"Shop\",\"item\":\"https:\/\/dutchhealthstore.com\/de\/shop-2\/\"},{\"@type\":\"ListItem\",\"position\":3,\"name\":\"Siam Wood Essential Oil\"}]},{\"@type\":\"WebSite\",\"@id\":\"https:\/\/dutchhealthstore.com\/de\/#website\",\"url\":\"https:\/\/dutchhealthstore.com\/de\/\",\"name\":\"Dutch Health Store\",\"description\":\"Enhance Your Beauty with Organic &amp; Natural Skincare\",\"publisher\":{\"@id\":\"https:\/\/dutchhealthstore.com\/de\/#organization\"},\"potentialAction\":[{\"@type\":\"SearchAction\",\"target\":{\"@type\":\"EntryPoint\",\"urlTemplate\":\"https:\/\/dutchhealthstore.com\/de\/?s={search_term_string}\"},\"query-input\":{\"@type\":\"PropertyValueSpecification\",\"valueRequired\":true,\"valueName\":\"search_term_string\"}}],\"inLanguage\":\"de\"},{\"@type\":\"Organization\",\"@id\":\"https:\/\/dutchhealthstore.com\/de\/#organization\",\"name\":\"Dutch Health Store\",\"url\":\"https:\/\/dutchhealthstore.com\/de\/\",\"logo\":{\"@type\":\"ImageObject\",\"inLanguage\":\"de\",\"@id\":\"https:\/\/dutchhealthstore.com\/de\/#\/schema\/logo\/image\/\",\"url\":\"https:\/\/dutchhealthstore.com\/wp-content\/uploads\/2020\/08\/logo-dutchhealthstore-jpg-e1599484957574.jpg\",\"contentUrl\":\"https:\/\/dutchhealthstore.com\/wp-content\/uploads\/2020\/08\/logo-dutchhealthstore-jpg-e1599484957574.jpg\",\"width\":400,\"height\":62,\"caption\":\"Dutch Health Store\"},\"image\":{\"@id\":\"https:\/\/dutchhealthstore.com\/de\/#\/schema\/logo\/image\/\"},\"sameAs\":[\"https:\/\/www.instagram.com\/dutchhealthstore\/\",\"https:\/\/www.facebook.com\/dutchhealthstore\"]}]}<\/script>\n<meta property=\"product:brand\" content=\"Living Libations\" \/>\n<meta property=\"product:price:amount\" content=\"48.00\" \/>\n<meta property=\"product:price:currency\" content=\"EUR\" \/>\n<meta property=\"og:availability\" content=\"instock\" \/>\n<meta property=\"product:availability\" content=\"instock\" \/>\n<meta property=\"product:condition\" content=\"new\" \/>\n<!-- \/ Yoast SEO Premium plugin. -->","yoast_head_json":{"title":"Siam Wood Essential Oil | Living Libations","description":"Siam essential oil wird aus dem Kernholz der immergr\u00fcnen Fokinia hodginsii gewonnen, deren Duft an Sandelholz- und Rosenholz\u00f6le erinnert.","robots":{"index":"index","follow":"follow","max-snippet":"max-snippet:-1","max-image-preview":"max-image-preview:large","max-video-preview":"max-video-preview:-1"},"canonical":"https:\/\/dutchhealthstore.com\/de\/product\/siam-wood-essential-oil\/","og_locale":"de_DE","og_type":"article","og_title":"Siam Wood Essential Oil - Dutch Health Store","og_description":"Siam essential oil wird aus dem Kernholz der immergr\u00fcnen Fokinia hodginsii gewonnen, deren Duft an Sandelholz- und Rosenholz\u00f6le erinnert.","og_url":"https:\/\/dutchhealthstore.com\/de\/product\/siam-wood-essential-oil\/","og_site_name":"Dutch Health Store","article_publisher":"https:\/\/www.instagram.com\/dutchhealthstore\/","article_modified_time":"2025-06-02T11:46:34+00:00","og_image":[{"width":700,"height":700,"url":"https:\/\/dutchhealthstore.com\/wp-content\/uploads\/2020\/03\/Living-Libations-Siam-Wood-Essential-Oil.jpg","type":"image\/jpeg"}],"twitter_card":"summary_large_image","twitter_misc":{"Preis":"&euro;48,00","Verf\u00fcgbarkeit":"Auf Lager"},"schema":{"@context":"https:\/\/schema.org","@graph":[{"@type":"WebPage","@id":"https:\/\/dutchhealthstore.com\/de\/product\/siam-wood-essential-oil\/","url":"https:\/\/dutchhealthstore.com\/de\/product\/siam-wood-essential-oil\/","name":"Siam Wood Essential Oil | Living Libations","isPartOf":{"@id":"https:\/\/dutchhealthstore.com\/de\/#website"},"primaryImageOfPage":{"@id":"https:\/\/dutchhealthstore.com\/de\/product\/siam-wood-essential-oil\/#primaryimage"},"image":{"@id":"https:\/\/dutchhealthstore.com\/de\/product\/siam-wood-essential-oil\/#primaryimage"},"thumbnailUrl":"https:\/\/dutchhealthstore.com\/wp-content\/uploads\/2020\/03\/Living-Libations-Siam-Wood-Essential-Oil.jpg","datePublished":"2020-03-13T17:54:29+00:00","dateModified":"2025-06-02T11:46:34+00:00","description":"Siam essential oil wird aus dem Kernholz der immergr\u00fcnen Fokinia hodginsii gewonnen, deren Duft an Sandelholz- und Rosenholz\u00f6le erinnert.","breadcrumb":{"@id":"https:\/\/dutchhealthstore.com\/de\/product\/siam-wood-essential-oil\/#breadcrumb"},"inLanguage":"de","potentialAction":[{"@type":"ReadAction","target":["https:\/\/dutchhealthstore.com\/de\/product\/siam-wood-essential-oil\/"]}]},{"@type":"ImageObject","inLanguage":"de","@id":"https:\/\/dutchhealthstore.com\/de\/product\/siam-wood-essential-oil\/#primaryimage","url":"https:\/\/dutchhealthstore.com\/wp-content\/uploads\/2020\/03\/Living-Libations-Siam-Wood-Essential-Oil.jpg","contentUrl":"https:\/\/dutchhealthstore.com\/wp-content\/uploads\/2020\/03\/Living-Libations-Siam-Wood-Essential-Oil.jpg","width":700,"height":700,"caption":"Living Libations - Siam Wood Essential Oil"},{"@type":"BreadcrumbList","@id":"https:\/\/dutchhealthstore.com\/de\/product\/siam-wood-essential-oil\/#breadcrumb","itemListElement":[{"@type":"ListItem","position":1,"name":"Home","item":"https:\/\/dutchhealthstore.com\/de\/"},{"@type":"ListItem","position":2,"name":"Shop","item":"https:\/\/dutchhealthstore.com\/de\/shop-2\/"},{"@type":"ListItem","position":3,"name":"Siam Wood Essential Oil"}]},{"@type":"WebSite","@id":"https:\/\/dutchhealthstore.com\/de\/#website","url":"https:\/\/dutchhealthstore.com\/de\/","name":"Dutch Health Store","description":"Enhance Your Beauty with Organic &amp; Natural Skincare","publisher":{"@id":"https:\/\/dutchhealthstore.com\/de\/#organization"},"potentialAction":[{"@type":"SearchAction","target":{"@type":"EntryPoint","urlTemplate":"https:\/\/dutchhealthstore.com\/de\/?s={search_term_string}"},"query-input":{"@type":"PropertyValueSpecification","valueRequired":true,"valueName":"search_term_string"}}],"inLanguage":"de"},{"@type":"Organization","@id":"https:\/\/dutchhealthstore.com\/de\/#organization","name":"Dutch Health Store","url":"https:\/\/dutchhealthstore.com\/de\/","logo":{"@type":"ImageObject","inLanguage":"de","@id":"https:\/\/dutchhealthstore.com\/de\/#\/schema\/logo\/image\/","url":"https:\/\/dutchhealthstore.com\/wp-content\/uploads\/2020\/08\/logo-dutchhealthstore-jpg-e1599484957574.jpg","contentUrl":"https:\/\/dutchhealthstore.com\/wp-content\/uploads\/2020\/08\/logo-dutchhealthstore-jpg-e1599484957574.jpg","width":400,"height":62,"caption":"Dutch Health Store"},"image":{"@id":"https:\/\/dutchhealthstore.com\/de\/#\/schema\/logo\/image\/"},"sameAs":["https:\/\/www.instagram.com\/dutchhealthstore\/","https:\/\/www.facebook.com\/dutchhealthstore"]}]},"product_brand":"Living Libations","product_price_amount":"48.00","product_price_currency":"EUR","og_availability":"instock","product_availability":"instock","product_condition":"new"},"_links":{"self":[{"href":"https:\/\/dutchhealthstore.com\/de\/wp-json\/wp\/v2\/product\/123714","targetHints":{"allow":["GET"]}}],"collection":[{"href":"https:\/\/dutchhealthstore.com\/de\/wp-json\/wp\/v2\/product"}],"about":[{"href":"https:\/\/dutchhealthstore.com\/de\/wp-json\/wp\/v2\/types\/product"}],"replies":[{"embeddable":true,"href":"https:\/\/dutchhealthstore.com\/de\/wp-json\/wp\/v2\/comments?post=123714"}],"wp:featuredmedia":[{"embeddable":true,"href":"https:\/\/dutchhealthstore.com\/de\/wp-json\/wp\/v2\/media\/96321"}],"wp:attachment":[{"href":"https:\/\/dutchhealthstore.com\/de\/wp-json\/wp\/v2\/media?parent=123714"}],"wp:term":[{"taxonomy":"product_brand","embeddable":true,"href":"https:\/\/dutchhealthstore.com\/de\/wp-json\/wp\/v2\/product_brand?post=123714"},{"taxonomy":"product_cat","embeddable":true,"href":"https:\/\/dutchhealthstore.com\/de\/wp-json\/wp\/v2\/product_cat?post=123714"},{"taxonomy":"product_tag","embeddable":true,"href":"https:\/\/dutchhealthstore.com\/de\/wp-json\/wp\/v2\/product_tag?post=123714"}],"curies":[{"name":"wp","href":"https:\/\/api.w.org\/{rel}","templated":true}]}}