{"id":123709,"date":"2018-02-10T21:48:19","date_gmt":"2018-02-10T20:48:19","guid":{"rendered":"https:\/\/dutchhealthstore.com\/product\/seabuckthorn-berry-essential-oil\/"},"modified":"2025-12-23T09:38:53","modified_gmt":"2025-12-23T08:38:53","slug":"seabuckthorn-berry-essential-oil","status":"publish","type":"product","link":"https:\/\/dutchhealthstore.com\/de\/product\/seabuckthorn-berry-essential-oil\/","title":{"rendered":"Seabuckthorn Berry Essential Oil"},"content":{"rendered":"<p><img decoding=\"async\" class=\"size-full wp-image-69549 alignright\" src=\"https:\/\/dutchhealthstore.com\/wp-content\/uploads\/2019\/08\/NEW-Living-Libations-Logo.jpg\" alt=\"NEW - Living Libations - Logo\" width=\"175\" height=\"82\"><strong>Botanischer Name:<\/strong> Hippophae rhamnoides<br \/>\n<strong>Botanische Familie:<\/strong> Elaeagnaceae<br \/>\n<strong>Extraktionsverfahren:<\/strong> CO2<br \/>\n<strong>Teil der Pflanze Destilliert:<\/strong> Beeren<br \/>\n<strong>Herkunftsland:<\/strong> Pakistan<br \/>\n<strong>Anbaumethode:<\/strong> Bio<br \/>\n<strong>Zusammensetzung:<\/strong> 100% Hippophae rhamnoides<br \/>\n<strong>Konsistenz:<\/strong> Mitteldick<\/p>\n<h3>Beschreibung des Duftes<\/h3>\n<p>Weiche, warme Fruchtnoten.<\/p>\n<h3>In Living Libations<\/h3>\n<p>Seabuckthorn Best Skin Ever, Seabuckthorn Shampoo, Rose Best Skin Ever, Sundew Cr\u00e9me, Rose Glow Cr\u00e8me, Radiant Love Butter, Seabuckthorn Cinnamon Hot Lover Lips und Soothsayer Serum.<\/p>\n<h3>Gut mischbar mit<\/h3>\n<p>Grapefruit, Weihrauch, Rose Otto, Lavendel, Schizandra-Beere, Palmarosa, s\u00fc\u00dfer Thymian, Rosmarin, Pfefferminze, Oregano, Bergamotte und Limette.<\/p>\n<a href=\"https:\/\/dutchhealthstore.com\/wp-content\/uploads\/2018\/02\/ANALYSIS-Seabuckthorn-Berry-Essential-Oil-Living-Libations.pdf\" class=\"button primary is-primary is-small\"  >\n\t\t<span>ANALYSE DER \u00c4THERISCHEN \u00d6LE &gt;<\/span>\n\t<\/a>\n\n<h3>Verwendet<\/h3>\n<p>Verwenden Sie es verd\u00fcnnt f\u00fcr alle Arten der Hautpflege; es ist sanft zur Haut und dennoch sehr reich an orangefarbenen Pigmenten. Hervorragend geeignet, um das Erscheinungsbild von Narben, Flecken, feinen Linien und unebener Textur zu mildern. Es wird in Haar\u00f6len und Shampoos f\u00fcr gl\u00e4nzende Locken verwendet. In Honig oder \u00d6l f\u00fcr kulinarische Kreationen verwenden. Es wird im Allgemeinen nicht in Diffusoren, B\u00e4dern und Salzpfeifen verwendet, da es Lipide enth\u00e4lt.<\/p>\n<h3>Inhaltsstoffe<\/h3>\n<p>Er ist reich an Omega-3-, -6-, -7- und -9-Fetts\u00e4uren. Dieser vitale Extrakt enth\u00e4lt in einem einzigen Tropfen mehr als 190 bioaktive Substanzen aus der essbaren Beere, darunter die Vitamine C, E, A, B1, B2 und B12, Antioxidantien, einundvierzig Carotinoide, darunter Beta-Carotin, und siebzehn Phytosterole.<\/p>\n<p>Super Seabuckthorn Berry ist ein superkritischer Extrakt, der vollgepackt ist mit wirksamen Eigenschaften von Fetts\u00e4uren und aromatischen \u00d6len, die ihn zu einem Superhelden f\u00fcr kluge Haut und Haut, die den Elementen zu sehr ausgesetzt ist, machen. Dieses leuchtend-orangefarbene Beeren\u00f6l dringt in die Haut ein und mindert Ungleichgewichte von innen heraus.<\/p>\n<p>Diese Essenz wirkt synergetisch mit der Haut, indem sie die Wiederherstellung des Teints unterst\u00fctzt, indem sie das Auftreten von R\u00f6tungen, Melasma, Narben und Dehnungsstreifen reduziert, die Textur weicher macht und Akne reinigt. Das \u00d6l ist so wirksam, dass nach der Katastrophe im Kernkraftwerk von Tschernobyl Sanddorn\u00f6l zur Behandlung der Haut der Betroffenen verwendet wurde. Das herrliche orangefarbene Pigment absorbiert die ganze W\u00e4rme und Kraft der Sonne und schenkt der Haut ein sonniges Strahlen und hat sonnenharmonisierende Eigenschaften, die man sowohl vor als auch nach dem Sonnenbad genie\u00dfen kann.<\/p>\n<p>Seabuckthorn Berry Essential Oil ist ein Muss f\u00fcr alle, die eine reine, lebendige, glatte und strahlende Haut suchen.<\/p>\n<h3>Organic Ingredients<\/h3>\n<p>100% \u00e4therisches \u00d6l der Sanddornbeere (Hippophae rhamnoides).<\/p>\n<p style=\"text-align: center;\"><em>&#8222;In unseren Studien wurden durch biochemische Analysen die Hauptbestandteile (Vitamine, Mineralien) dieser Pflanze in verschiedenen Wachstumsstadien bestimmt&#8230; Diese Pflanze ist eine reiche Quelle von Polysacchariden, phenolischen Verbindungen und anderen Sekund\u00e4rmetaboliten.&#8220;<\/em><br \/>\n~ Shazia Arif und andere, <strong>Sanddorn: Eine magische Pflanze<\/strong><\/p>\n<p>&nbsp;<\/p>\n<p><img fetchpriority=\"high\" decoding=\"async\" class=\"size-medium wp-image-68103 aligncenter\" src=\"https:\/\/dutchhealthstore.com\/wp-content\/uploads\/2018\/02\/Living-Libations-Organic-Logo-800x89.png\" alt=\"Living Libations - Organic Logo\" width=\"800\" height=\"89\" srcset=\"https:\/\/dutchhealthstore.com\/wp-content\/uploads\/2018\/02\/Living-Libations-Organic-Logo-800x89.png 800w, https:\/\/dutchhealthstore.com\/wp-content\/uploads\/2018\/02\/Living-Libations-Organic-Logo-510x57.png 510w, https:\/\/dutchhealthstore.com\/wp-content\/uploads\/2018\/02\/Living-Libations-Organic-Logo-768x85.png 768w, https:\/\/dutchhealthstore.com\/wp-content\/uploads\/2018\/02\/Living-Libations-Organic-Logo.png 1400w\" sizes=\"(max-width: 800px) 100vw, 800px\" \/><\/p>\n","protected":false},"excerpt":{"rendered":"<p><strong>Seabuckthorn Berry Essential Oil<\/strong> wird durch eine spezielle superkritische Extraktion hergestellt, um alle Vorz\u00fcge dieser orangefarbenen Beeren zu erhalten.<br \/>\nEin einziger Tropfen unseres superkritischen Sanddornbeerenextrakts enth\u00e4lt \u00fcber 190 Pflanzensekretionsstoffe.<br \/>\nDieses reichhaltige \u00d6l ist von Natur aus reich an lebenswichtigen Vitaminen und seltenen Omega-Lipiden. Es bringt das Haar zum Gl\u00e4nzen, macht trockene Haut geschmeidig, spendet Feuchtigkeit, st\u00e4rkt die Lipidbarriere und lindert R\u00f6tungen.<\/p>\n","protected":false},"featured_media":59658,"comment_status":"open","ping_status":"closed","template":"","meta":[],"product_brand":[],"product_cat":[1546,6737,1508,1493,1210,511,6736],"product_tag":[1547],"class_list":{"0":"post-123709","1":"product","2":"type-product","3":"status-publish","4":"has-post-thumbnail","6":"product_cat-essential-oils-living-libations-de","7":"product_cat-essential-oils-de-2","8":"product_cat-aetherische-oele-living-libations","9":"product_cat-living-libations-deutschland","10":"product_cat-marken","11":"product_cat-produkte","12":"product_cat-wellness-de","13":"product_tag-essential-oil-de","14":"pa_brand-livinglibations-de","15":"pa_essential-oils-product-type-essential-oils-de","16":"pa_size-5-ml-de","17":"pa_size-15-ml-de-2","19":"first","20":"instock","21":"taxable","22":"shipping-taxable","23":"purchasable","24":"product-type-variable"},"bundled_by":[],"bundle_stock_status":"instock","bundle_stock_quantity":null,"bundle_virtual":false,"bundle_layout":"","bundle_add_to_cart_form_location":"","bundle_editable_in_cart":false,"bundle_sold_individually_context":"","bundle_item_grouping":"","bundle_min_size":"","bundle_max_size":"","bundle_price":[],"bundled_items":[],"bundle_sell_ids":[],"atum_controlled":true,"out_stock_date":null,"out_stock_threshold":null,"inheritable":true,"stock_on_hold":0,"sold_today":0,"sales_last_days":0,"out_stock_days":0,"lost_sales":0,"update_date":"2026-04-04T01:44:57","atum_locations":[],"atum_stock_status":"instock","restock_status":false,"low_stock_amount":"","sales_update_date":"2026-04-04T01:44:57","calc_backorders":null,"group_of_quantity":0,"min_quantity":0,"max_quantity":"","exclude_order_quantity_value_rules":"no","exclude_category_quantity_rules":"no","combine_variations":"no","yoast_head":"<!-- This site is optimized with the Yoast SEO Premium plugin v26.5 (Yoast SEO v26.5) - https:\/\/yoast.com\/wordpress\/plugins\/seo\/ -->\n<title>Seabuckthorn Berry Essential Oil | Living Libations<\/title>\n<meta name=\"description\" content=\"Dieses reichhaltige \u00d6l ist von Natur aus reich an lebenswichtigen Vitaminen und seltenen Omega-Lipiden. Es verleiht dem Haar Glanz, st\u00e4rkt die Lipidbarriere und mildert R\u00f6tungen.\" \/>\n<meta name=\"robots\" content=\"index, follow, max-snippet:-1, max-image-preview:large, max-video-preview:-1\" \/>\n<link rel=\"canonical\" href=\"https:\/\/dutchhealthstore.com\/de\/product\/seabuckthorn-berry-essential-oil\/\" \/>\n<meta property=\"og:locale\" content=\"de_DE\" \/>\n<meta property=\"og:type\" content=\"article\" \/>\n<meta property=\"og:title\" content=\"Seabuckthorn Berry Essential Oil - Dutch Health Store\" \/>\n<meta property=\"og:description\" content=\"Dieses reichhaltige \u00d6l ist von Natur aus reich an lebenswichtigen Vitaminen und seltenen Omega-Lipiden. Es verleiht dem Haar Glanz, st\u00e4rkt die Lipidbarriere und mildert R\u00f6tungen.\" \/>\n<meta property=\"og:url\" content=\"https:\/\/dutchhealthstore.com\/de\/product\/seabuckthorn-berry-essential-oil\/\" \/>\n<meta property=\"og:site_name\" content=\"Dutch Health Store\" \/>\n<meta property=\"article:publisher\" content=\"https:\/\/www.instagram.com\/dutchhealthstore\/\" \/>\n<meta property=\"article:modified_time\" content=\"2025-12-23T08:38:53+00:00\" \/>\n<meta property=\"og:image\" content=\"https:\/\/dutchhealthstore.com\/wp-content\/uploads\/2018\/02\/Seabuckthorn-Berry-Essential-Oil-Living-Libations-e1594907975968.jpg\" \/>\n\t<meta property=\"og:image:width\" content=\"500\" \/>\n\t<meta property=\"og:image:height\" content=\"500\" \/>\n\t<meta property=\"og:image:type\" content=\"image\/jpeg\" \/>\n<meta name=\"twitter:card\" content=\"summary_large_image\" \/>\n<meta name=\"twitter:label1\" content=\"Verf\u00fcgbarkeit\" \/>\n\t<meta name=\"twitter:data1\" content=\"Auf Lager\" \/>\n<script type=\"application\/ld+json\" class=\"yoast-schema-graph\">{\"@context\":\"https:\/\/schema.org\",\"@graph\":[{\"@type\":\"WebPage\",\"@id\":\"https:\/\/dutchhealthstore.com\/de\/product\/seabuckthorn-berry-essential-oil\/\",\"url\":\"https:\/\/dutchhealthstore.com\/de\/product\/seabuckthorn-berry-essential-oil\/\",\"name\":\"Seabuckthorn Berry Essential Oil | Living Libations\",\"isPartOf\":{\"@id\":\"https:\/\/dutchhealthstore.com\/de\/#website\"},\"primaryImageOfPage\":{\"@id\":\"https:\/\/dutchhealthstore.com\/de\/product\/seabuckthorn-berry-essential-oil\/#primaryimage\"},\"image\":{\"@id\":\"https:\/\/dutchhealthstore.com\/de\/product\/seabuckthorn-berry-essential-oil\/#primaryimage\"},\"thumbnailUrl\":\"https:\/\/dutchhealthstore.com\/wp-content\/uploads\/2018\/02\/Seabuckthorn-Berry-Essential-Oil-Living-Libations-e1594907975968.jpg\",\"datePublished\":\"2018-02-10T20:48:19+00:00\",\"dateModified\":\"2025-12-23T08:38:53+00:00\",\"description\":\"Dieses reichhaltige \u00d6l ist von Natur aus reich an lebenswichtigen Vitaminen und seltenen Omega-Lipiden. Es verleiht dem Haar Glanz, st\u00e4rkt die Lipidbarriere und mildert R\u00f6tungen.\",\"breadcrumb\":{\"@id\":\"https:\/\/dutchhealthstore.com\/de\/product\/seabuckthorn-berry-essential-oil\/#breadcrumb\"},\"inLanguage\":\"de\",\"potentialAction\":[{\"@type\":\"ReadAction\",\"target\":[\"https:\/\/dutchhealthstore.com\/de\/product\/seabuckthorn-berry-essential-oil\/\"]}]},{\"@type\":\"ImageObject\",\"inLanguage\":\"de\",\"@id\":\"https:\/\/dutchhealthstore.com\/de\/product\/seabuckthorn-berry-essential-oil\/#primaryimage\",\"url\":\"https:\/\/dutchhealthstore.com\/wp-content\/uploads\/2018\/02\/Seabuckthorn-Berry-Essential-Oil-Living-Libations-e1594907975968.jpg\",\"contentUrl\":\"https:\/\/dutchhealthstore.com\/wp-content\/uploads\/2018\/02\/Seabuckthorn-Berry-Essential-Oil-Living-Libations-e1594907975968.jpg\",\"width\":500,\"height\":500,\"caption\":\"Seabuckthorn Berry Essential Oil - Living Libations\"},{\"@type\":\"BreadcrumbList\",\"@id\":\"https:\/\/dutchhealthstore.com\/de\/product\/seabuckthorn-berry-essential-oil\/#breadcrumb\",\"itemListElement\":[{\"@type\":\"ListItem\",\"position\":1,\"name\":\"Home\",\"item\":\"https:\/\/dutchhealthstore.com\/de\/\"},{\"@type\":\"ListItem\",\"position\":2,\"name\":\"Shop\",\"item\":\"https:\/\/dutchhealthstore.com\/de\/shop-2\/\"},{\"@type\":\"ListItem\",\"position\":3,\"name\":\"Seabuckthorn Berry Essential Oil\"}]},{\"@type\":\"WebSite\",\"@id\":\"https:\/\/dutchhealthstore.com\/de\/#website\",\"url\":\"https:\/\/dutchhealthstore.com\/de\/\",\"name\":\"Dutch Health Store\",\"description\":\"Enhance Your Beauty with Organic &amp; Natural Skincare\",\"publisher\":{\"@id\":\"https:\/\/dutchhealthstore.com\/de\/#organization\"},\"potentialAction\":[{\"@type\":\"SearchAction\",\"target\":{\"@type\":\"EntryPoint\",\"urlTemplate\":\"https:\/\/dutchhealthstore.com\/de\/?s={search_term_string}\"},\"query-input\":{\"@type\":\"PropertyValueSpecification\",\"valueRequired\":true,\"valueName\":\"search_term_string\"}}],\"inLanguage\":\"de\"},{\"@type\":\"Organization\",\"@id\":\"https:\/\/dutchhealthstore.com\/de\/#organization\",\"name\":\"Dutch Health Store\",\"url\":\"https:\/\/dutchhealthstore.com\/de\/\",\"logo\":{\"@type\":\"ImageObject\",\"inLanguage\":\"de\",\"@id\":\"https:\/\/dutchhealthstore.com\/de\/#\/schema\/logo\/image\/\",\"url\":\"https:\/\/dutchhealthstore.com\/wp-content\/uploads\/2020\/08\/logo-dutchhealthstore-jpg-e1599484957574.jpg\",\"contentUrl\":\"https:\/\/dutchhealthstore.com\/wp-content\/uploads\/2020\/08\/logo-dutchhealthstore-jpg-e1599484957574.jpg\",\"width\":400,\"height\":62,\"caption\":\"Dutch Health Store\"},\"image\":{\"@id\":\"https:\/\/dutchhealthstore.com\/de\/#\/schema\/logo\/image\/\"},\"sameAs\":[\"https:\/\/www.instagram.com\/dutchhealthstore\/\",\"https:\/\/www.facebook.com\/dutchhealthstore\"]}]}<\/script>\n<meta property=\"product:brand\" content=\"Living Libations\" \/>\n<meta property=\"og:availability\" content=\"instock\" \/>\n<meta property=\"product:availability\" content=\"instock\" \/>\n<meta property=\"product:condition\" content=\"new\" \/>\n<!-- \/ Yoast SEO Premium plugin. -->","yoast_head_json":{"title":"Seabuckthorn Berry Essential Oil | Living Libations","description":"Dieses reichhaltige \u00d6l ist von Natur aus reich an lebenswichtigen Vitaminen und seltenen Omega-Lipiden. Es verleiht dem Haar Glanz, st\u00e4rkt die Lipidbarriere und mildert R\u00f6tungen.","robots":{"index":"index","follow":"follow","max-snippet":"max-snippet:-1","max-image-preview":"max-image-preview:large","max-video-preview":"max-video-preview:-1"},"canonical":"https:\/\/dutchhealthstore.com\/de\/product\/seabuckthorn-berry-essential-oil\/","og_locale":"de_DE","og_type":"article","og_title":"Seabuckthorn Berry Essential Oil - Dutch Health Store","og_description":"Dieses reichhaltige \u00d6l ist von Natur aus reich an lebenswichtigen Vitaminen und seltenen Omega-Lipiden. Es verleiht dem Haar Glanz, st\u00e4rkt die Lipidbarriere und mildert R\u00f6tungen.","og_url":"https:\/\/dutchhealthstore.com\/de\/product\/seabuckthorn-berry-essential-oil\/","og_site_name":"Dutch Health Store","article_publisher":"https:\/\/www.instagram.com\/dutchhealthstore\/","article_modified_time":"2025-12-23T08:38:53+00:00","og_image":[{"width":500,"height":500,"url":"https:\/\/dutchhealthstore.com\/wp-content\/uploads\/2018\/02\/Seabuckthorn-Berry-Essential-Oil-Living-Libations-e1594907975968.jpg","type":"image\/jpeg"}],"twitter_card":"summary_large_image","twitter_misc":{"Verf\u00fcgbarkeit":"Auf Lager"},"schema":{"@context":"https:\/\/schema.org","@graph":[{"@type":"WebPage","@id":"https:\/\/dutchhealthstore.com\/de\/product\/seabuckthorn-berry-essential-oil\/","url":"https:\/\/dutchhealthstore.com\/de\/product\/seabuckthorn-berry-essential-oil\/","name":"Seabuckthorn Berry Essential Oil | Living Libations","isPartOf":{"@id":"https:\/\/dutchhealthstore.com\/de\/#website"},"primaryImageOfPage":{"@id":"https:\/\/dutchhealthstore.com\/de\/product\/seabuckthorn-berry-essential-oil\/#primaryimage"},"image":{"@id":"https:\/\/dutchhealthstore.com\/de\/product\/seabuckthorn-berry-essential-oil\/#primaryimage"},"thumbnailUrl":"https:\/\/dutchhealthstore.com\/wp-content\/uploads\/2018\/02\/Seabuckthorn-Berry-Essential-Oil-Living-Libations-e1594907975968.jpg","datePublished":"2018-02-10T20:48:19+00:00","dateModified":"2025-12-23T08:38:53+00:00","description":"Dieses reichhaltige \u00d6l ist von Natur aus reich an lebenswichtigen Vitaminen und seltenen Omega-Lipiden. Es verleiht dem Haar Glanz, st\u00e4rkt die Lipidbarriere und mildert R\u00f6tungen.","breadcrumb":{"@id":"https:\/\/dutchhealthstore.com\/de\/product\/seabuckthorn-berry-essential-oil\/#breadcrumb"},"inLanguage":"de","potentialAction":[{"@type":"ReadAction","target":["https:\/\/dutchhealthstore.com\/de\/product\/seabuckthorn-berry-essential-oil\/"]}]},{"@type":"ImageObject","inLanguage":"de","@id":"https:\/\/dutchhealthstore.com\/de\/product\/seabuckthorn-berry-essential-oil\/#primaryimage","url":"https:\/\/dutchhealthstore.com\/wp-content\/uploads\/2018\/02\/Seabuckthorn-Berry-Essential-Oil-Living-Libations-e1594907975968.jpg","contentUrl":"https:\/\/dutchhealthstore.com\/wp-content\/uploads\/2018\/02\/Seabuckthorn-Berry-Essential-Oil-Living-Libations-e1594907975968.jpg","width":500,"height":500,"caption":"Seabuckthorn Berry Essential Oil - Living Libations"},{"@type":"BreadcrumbList","@id":"https:\/\/dutchhealthstore.com\/de\/product\/seabuckthorn-berry-essential-oil\/#breadcrumb","itemListElement":[{"@type":"ListItem","position":1,"name":"Home","item":"https:\/\/dutchhealthstore.com\/de\/"},{"@type":"ListItem","position":2,"name":"Shop","item":"https:\/\/dutchhealthstore.com\/de\/shop-2\/"},{"@type":"ListItem","position":3,"name":"Seabuckthorn Berry Essential Oil"}]},{"@type":"WebSite","@id":"https:\/\/dutchhealthstore.com\/de\/#website","url":"https:\/\/dutchhealthstore.com\/de\/","name":"Dutch Health Store","description":"Enhance Your Beauty with Organic &amp; Natural Skincare","publisher":{"@id":"https:\/\/dutchhealthstore.com\/de\/#organization"},"potentialAction":[{"@type":"SearchAction","target":{"@type":"EntryPoint","urlTemplate":"https:\/\/dutchhealthstore.com\/de\/?s={search_term_string}"},"query-input":{"@type":"PropertyValueSpecification","valueRequired":true,"valueName":"search_term_string"}}],"inLanguage":"de"},{"@type":"Organization","@id":"https:\/\/dutchhealthstore.com\/de\/#organization","name":"Dutch Health Store","url":"https:\/\/dutchhealthstore.com\/de\/","logo":{"@type":"ImageObject","inLanguage":"de","@id":"https:\/\/dutchhealthstore.com\/de\/#\/schema\/logo\/image\/","url":"https:\/\/dutchhealthstore.com\/wp-content\/uploads\/2020\/08\/logo-dutchhealthstore-jpg-e1599484957574.jpg","contentUrl":"https:\/\/dutchhealthstore.com\/wp-content\/uploads\/2020\/08\/logo-dutchhealthstore-jpg-e1599484957574.jpg","width":400,"height":62,"caption":"Dutch Health Store"},"image":{"@id":"https:\/\/dutchhealthstore.com\/de\/#\/schema\/logo\/image\/"},"sameAs":["https:\/\/www.instagram.com\/dutchhealthstore\/","https:\/\/www.facebook.com\/dutchhealthstore"]}]},"product_brand":"Living Libations","og_availability":"instock","product_availability":"instock","product_condition":"new"},"_links":{"self":[{"href":"https:\/\/dutchhealthstore.com\/de\/wp-json\/wp\/v2\/product\/123709","targetHints":{"allow":["GET"]}}],"collection":[{"href":"https:\/\/dutchhealthstore.com\/de\/wp-json\/wp\/v2\/product"}],"about":[{"href":"https:\/\/dutchhealthstore.com\/de\/wp-json\/wp\/v2\/types\/product"}],"replies":[{"embeddable":true,"href":"https:\/\/dutchhealthstore.com\/de\/wp-json\/wp\/v2\/comments?post=123709"}],"wp:featuredmedia":[{"embeddable":true,"href":"https:\/\/dutchhealthstore.com\/de\/wp-json\/wp\/v2\/media\/59658"}],"wp:attachment":[{"href":"https:\/\/dutchhealthstore.com\/de\/wp-json\/wp\/v2\/media?parent=123709"}],"wp:term":[{"taxonomy":"product_brand","embeddable":true,"href":"https:\/\/dutchhealthstore.com\/de\/wp-json\/wp\/v2\/product_brand?post=123709"},{"taxonomy":"product_cat","embeddable":true,"href":"https:\/\/dutchhealthstore.com\/de\/wp-json\/wp\/v2\/product_cat?post=123709"},{"taxonomy":"product_tag","embeddable":true,"href":"https:\/\/dutchhealthstore.com\/de\/wp-json\/wp\/v2\/product_tag?post=123709"}],"curies":[{"name":"wp","href":"https:\/\/api.w.org\/{rel}","templated":true}]}}