{"id":123438,"date":"2020-01-14T17:02:31","date_gmt":"2020-01-14T16:02:31","guid":{"rendered":"https:\/\/dutchhealthstore.com\/product\/schizandra-berry-essential-oil\/"},"modified":"2026-02-28T16:01:02","modified_gmt":"2026-02-28T15:01:02","slug":"schizandra-berry-essential-oil","status":"publish","type":"product","link":"https:\/\/dutchhealthstore.com\/de\/product\/schizandra-berry-essential-oil\/","title":{"rendered":"Schizandra Berry Essential Oil"},"content":{"rendered":"<p><img decoding=\"async\" class=\"alignright wp-image-56014\" src=\"https:\/\/dutchhealthstore.com\/wp-content\/uploads\/2019\/04\/logo.png\" alt=\"Living libations logo\" width=\"200\" height=\"59\"><strong>Botanischer Name:<\/strong> Schisandra sphenanthera<br \/>\n<strong>Botanische Familie:<\/strong> Schisandraceae<br \/>\n<strong>Extraktionsverfahren:<\/strong> CO2<br \/>\n<strong>Teil der Pflanze Destilliert:<\/strong> Beeren<br \/>\n<strong>Herkunftsland:<\/strong> Indonesien<br \/>\n<strong>Anbaumethode:<\/strong> Bio<br \/>\n<strong>Zusammensetzung:<\/strong> 100% Schisandra sphenanthera<br \/>\n<strong>Konsistenz:<\/strong> Mitteldick<\/p>\n<h3>Beschreibung des Duftes<\/h3>\n<p>S\u00fc\u00dfe und subtile fruchtige Noten.<\/p>\n<h3>In Living Libations<\/h3>\n<p>Love Wine, RoseGlow Serum, Grapefruit Stellar Renewal, Languid Love Butter und Love Lotion.<\/p>\n<h3>Gut mischbar mit<\/h3>\n<p>Sanddorn, Grapefruit, Bergamotte, Palmarosa, Zimt, Rose Otto, Kardamom, Lavendel, Ingwer und Nelke.<\/p>\n<a href=\"https:\/\/dutchhealthstore.com\/wp-content\/uploads\/2020\/01\/ESSENTIAL-OIL-ANALYSIS-Schizandra-Berry-Essential-Oil-Living-Libations.pdf\" class=\"button primary is-primary is-small\"  >\n\t\t<span>ANALYSE DER \u00c4THERISCHEN \u00d6LE<\/span>\n\t<\/a>\n\n<h3>Verwendet<\/h3>\n<p>Verd\u00fcnnen Sie es zur Verwendung in beruhigenden, lindernden Hautpflege- und Massage\u00f6len. 1-2 Tropfen in Honig oder Oliven\u00f6l f\u00fcr kulinarische Kreationen und Tees hinzuf\u00fcgen.<\/p>\n<p><strong>Gr\u00f6\u00dfe: 5 ml und 15 ml<\/strong><\/p>\n<h3>Bio-Zutaten<\/h3>\n<p>100% \u00e4therisches \u00d6l der Schizandrabeere (Schisandra sphenanthera).<\/p>\n<p style=\"text-align: center;\">&#8222;Ich bin nicht an einen \u00f6ffentlichen Ort gebunden, sondern an meinen eigenen Grund und Boden, wo ich Weinst\u00f6cke und Obstb\u00e4ume gepflanzt habe und in der Hitze des Tages in den heilenden Schatten der W\u00e4lder hinaufgestiegen bin. Besser als jedes Argument ist es, im Morgengrauen aufzustehen und taufeuchte rote Beeren in einem Becher zu pfl\u00fccken.&#8220;<br \/>\n\u223c Wendell Berry<\/p>\n<p style=\"text-align: center;\">&#8222;Der aufbauende Wert von Schizandra wurde bereits w\u00e4hrend der Han-Dynastie in China (25-200 n. Chr.) erw\u00e4hnt.<br \/>\nAuch in Russland und Japan wurde die Pflanze viele Jahrhunderte lang verwendet.<br \/>\n\u223c Carol Schiller, David Schiller, <strong>Das Lexikon der Aromatherapie<\/strong><\/p>\n<p>&nbsp;<\/p>\n<p><img fetchpriority=\"high\" decoding=\"async\" class=\"aligncenter wp-image-68106\" src=\"https:\/\/dutchhealthstore.com\/wp-content\/uploads\/2018\/02\/Living-Libations-Organic-Logo.png\" alt=\"Living Libations - Organic Logo\" width=\"800\" height=\"89\" srcset=\"https:\/\/dutchhealthstore.com\/wp-content\/uploads\/2018\/02\/Living-Libations-Organic-Logo.png 1400w, https:\/\/dutchhealthstore.com\/wp-content\/uploads\/2018\/02\/Living-Libations-Organic-Logo-510x57.png 510w, https:\/\/dutchhealthstore.com\/wp-content\/uploads\/2018\/02\/Living-Libations-Organic-Logo-800x89.png 800w, https:\/\/dutchhealthstore.com\/wp-content\/uploads\/2018\/02\/Living-Libations-Organic-Logo-768x85.png 768w\" sizes=\"(max-width: 800px) 100vw, 800px\" \/><\/p>\n","protected":false},"excerpt":{"rendered":"<p>Herrliches <strong>Schizandra Berry Essential Oil<\/strong> wird aus den Beeren des indonesischen Schizandra-Strauches destilliert.<br \/>\nDiese Beeren sind ein Grundnahrungsmittel in der traditionellen chinesischen Kr\u00e4uterkunde und werden seit Tausenden von Jahren verwendet, um das Chi zu st\u00e4rken und das Gleichgewicht des K\u00f6rpers zu f\u00f6rdern. Im Chinesischen als &#8222;wu wei zi&#8220; bekannt, enth\u00e4lt diese &#8222;F\u00fcnf-Aromen-Frucht&#8220; eine komplexe Palette von Aromen, die bitter, salzig, w\u00fcrzig, s\u00fc\u00df und sauer sind.<br \/>\nUnser Schizandra Berry Essential Oil wird durch superkritische Extraktion destilliert, wodurch ein brillantes \u00d6l entsteht, das alle lipophilen Komponenten enth\u00e4lt und somit noch mehr aromatherapeutische Vorteile bietet als es Aromen hat!<\/p>\n","protected":false},"featured_media":89733,"comment_status":"open","ping_status":"closed","template":"","meta":[],"product_brand":[],"product_cat":[6737,1508,1546,1493,1210,6736],"product_tag":[1547],"class_list":{"0":"post-123438","1":"product","2":"type-product","3":"status-publish","4":"has-post-thumbnail","6":"product_cat-essential-oils-de-2","7":"product_cat-aetherische-oele-living-libations","8":"product_cat-essential-oils-living-libations-de","9":"product_cat-living-libations-deutschland","10":"product_cat-marken","11":"product_cat-wellness-de","12":"product_tag-essential-oil-de","13":"pa_brand-livinglibations-de","14":"pa_essential-oils-product-type-essential-oils-de","15":"pa_size-15-ml-de-2","16":"pa_size-5-ml-de","18":"first","19":"instock","20":"taxable","21":"shipping-taxable","22":"purchasable","23":"product-type-variable"},"bundled_by":[],"bundle_stock_status":"instock","bundle_stock_quantity":null,"bundle_virtual":false,"bundle_layout":"","bundle_add_to_cart_form_location":"","bundle_editable_in_cart":false,"bundle_sold_individually_context":"","bundle_item_grouping":"","bundle_min_size":"","bundle_max_size":"","bundle_price":[],"bundled_items":[],"bundle_sell_ids":[],"atum_controlled":true,"out_stock_date":null,"out_stock_threshold":null,"inheritable":true,"stock_on_hold":0,"sold_today":0,"sales_last_days":0,"out_stock_days":0,"lost_sales":0,"update_date":"2026-04-14T00:04:33","atum_locations":[],"atum_stock_status":"instock","restock_status":false,"low_stock_amount":"","sales_update_date":"2026-04-14T00:04:33","calc_backorders":null,"group_of_quantity":0,"min_quantity":0,"max_quantity":"","exclude_order_quantity_value_rules":"no","exclude_category_quantity_rules":"no","combine_variations":"no","yoast_head":"<!-- This site is optimized with the Yoast SEO Premium plugin v26.5 (Yoast SEO v26.5) - https:\/\/yoast.com\/wordpress\/plugins\/seo\/ -->\n<title>Schizandra Berry Essential Oil | Organic &amp; Natural | Living Libations<\/title>\n<meta name=\"description\" content=\"Diese Beeren sind ein Grundnahrungsmittel in der traditionellen chinesischen Kr\u00e4uterkunde und werden seit Tausenden von Jahren verwendet, um das Chi zu st\u00e4rken und das Gleichgewicht des K\u00f6rpers zu f\u00f6rdern.\" \/>\n<meta name=\"robots\" content=\"index, follow, max-snippet:-1, max-image-preview:large, max-video-preview:-1\" \/>\n<link rel=\"canonical\" href=\"https:\/\/dutchhealthstore.com\/de\/product\/schizandra-berry-essential-oil\/\" \/>\n<meta property=\"og:locale\" content=\"de_DE\" \/>\n<meta property=\"og:type\" content=\"article\" \/>\n<meta property=\"og:title\" content=\"Schizandra Berry Essential Oil - Dutch Health Store\" \/>\n<meta property=\"og:description\" content=\"Diese Beeren sind ein Grundnahrungsmittel in der traditionellen chinesischen Kr\u00e4uterkunde und werden seit Tausenden von Jahren verwendet, um das Chi zu st\u00e4rken und das Gleichgewicht des K\u00f6rpers zu f\u00f6rdern.\" \/>\n<meta property=\"og:url\" content=\"https:\/\/dutchhealthstore.com\/de\/product\/schizandra-berry-essential-oil\/\" \/>\n<meta property=\"og:site_name\" content=\"Dutch Health Store\" \/>\n<meta property=\"article:publisher\" content=\"https:\/\/www.instagram.com\/dutchhealthstore\/\" \/>\n<meta property=\"article:modified_time\" content=\"2026-02-28T15:01:02+00:00\" \/>\n<meta property=\"og:image\" content=\"https:\/\/dutchhealthstore.com\/wp-content\/uploads\/2020\/01\/Schizandra-Berry-Essential-Oil-Living-Libations-e1593585980988.jpg\" \/>\n\t<meta property=\"og:image:width\" content=\"500\" \/>\n\t<meta property=\"og:image:height\" content=\"500\" \/>\n\t<meta property=\"og:image:type\" content=\"image\/jpeg\" \/>\n<meta name=\"twitter:card\" content=\"summary_large_image\" \/>\n<meta name=\"twitter:label1\" content=\"Verf\u00fcgbarkeit\" \/>\n\t<meta name=\"twitter:data1\" content=\"Auf Lager\" \/>\n<script type=\"application\/ld+json\" class=\"yoast-schema-graph\">{\"@context\":\"https:\/\/schema.org\",\"@graph\":[{\"@type\":\"WebPage\",\"@id\":\"https:\/\/dutchhealthstore.com\/de\/product\/schizandra-berry-essential-oil\/\",\"url\":\"https:\/\/dutchhealthstore.com\/de\/product\/schizandra-berry-essential-oil\/\",\"name\":\"Schizandra Berry Essential Oil | Organic & Natural | Living Libations\",\"isPartOf\":{\"@id\":\"https:\/\/dutchhealthstore.com\/de\/#website\"},\"primaryImageOfPage\":{\"@id\":\"https:\/\/dutchhealthstore.com\/de\/product\/schizandra-berry-essential-oil\/#primaryimage\"},\"image\":{\"@id\":\"https:\/\/dutchhealthstore.com\/de\/product\/schizandra-berry-essential-oil\/#primaryimage\"},\"thumbnailUrl\":\"https:\/\/dutchhealthstore.com\/wp-content\/uploads\/2020\/01\/Schizandra-Berry-Essential-Oil-Living-Libations-e1593585980988.jpg\",\"datePublished\":\"2020-01-14T16:02:31+00:00\",\"dateModified\":\"2026-02-28T15:01:02+00:00\",\"description\":\"Diese Beeren sind ein Grundnahrungsmittel in der traditionellen chinesischen Kr\u00e4uterkunde und werden seit Tausenden von Jahren verwendet, um das Chi zu st\u00e4rken und das Gleichgewicht des K\u00f6rpers zu f\u00f6rdern.\",\"breadcrumb\":{\"@id\":\"https:\/\/dutchhealthstore.com\/de\/product\/schizandra-berry-essential-oil\/#breadcrumb\"},\"inLanguage\":\"de\",\"potentialAction\":[{\"@type\":\"ReadAction\",\"target\":[\"https:\/\/dutchhealthstore.com\/de\/product\/schizandra-berry-essential-oil\/\"]}]},{\"@type\":\"ImageObject\",\"inLanguage\":\"de\",\"@id\":\"https:\/\/dutchhealthstore.com\/de\/product\/schizandra-berry-essential-oil\/#primaryimage\",\"url\":\"https:\/\/dutchhealthstore.com\/wp-content\/uploads\/2020\/01\/Schizandra-Berry-Essential-Oil-Living-Libations-e1593585980988.jpg\",\"contentUrl\":\"https:\/\/dutchhealthstore.com\/wp-content\/uploads\/2020\/01\/Schizandra-Berry-Essential-Oil-Living-Libations-e1593585980988.jpg\",\"width\":500,\"height\":500},{\"@type\":\"BreadcrumbList\",\"@id\":\"https:\/\/dutchhealthstore.com\/de\/product\/schizandra-berry-essential-oil\/#breadcrumb\",\"itemListElement\":[{\"@type\":\"ListItem\",\"position\":1,\"name\":\"Home\",\"item\":\"https:\/\/dutchhealthstore.com\/de\/\"},{\"@type\":\"ListItem\",\"position\":2,\"name\":\"Shop\",\"item\":\"https:\/\/dutchhealthstore.com\/de\/shop-2\/\"},{\"@type\":\"ListItem\",\"position\":3,\"name\":\"Schizandra Berry Essential Oil\"}]},{\"@type\":\"WebSite\",\"@id\":\"https:\/\/dutchhealthstore.com\/de\/#website\",\"url\":\"https:\/\/dutchhealthstore.com\/de\/\",\"name\":\"Dutch Health Store\",\"description\":\"Enhance Your Beauty with Organic &amp; Natural Skincare\",\"publisher\":{\"@id\":\"https:\/\/dutchhealthstore.com\/de\/#organization\"},\"potentialAction\":[{\"@type\":\"SearchAction\",\"target\":{\"@type\":\"EntryPoint\",\"urlTemplate\":\"https:\/\/dutchhealthstore.com\/de\/?s={search_term_string}\"},\"query-input\":{\"@type\":\"PropertyValueSpecification\",\"valueRequired\":true,\"valueName\":\"search_term_string\"}}],\"inLanguage\":\"de\"},{\"@type\":\"Organization\",\"@id\":\"https:\/\/dutchhealthstore.com\/de\/#organization\",\"name\":\"Dutch Health Store\",\"url\":\"https:\/\/dutchhealthstore.com\/de\/\",\"logo\":{\"@type\":\"ImageObject\",\"inLanguage\":\"de\",\"@id\":\"https:\/\/dutchhealthstore.com\/de\/#\/schema\/logo\/image\/\",\"url\":\"https:\/\/dutchhealthstore.com\/wp-content\/uploads\/2020\/08\/logo-dutchhealthstore-jpg-e1599484957574.jpg\",\"contentUrl\":\"https:\/\/dutchhealthstore.com\/wp-content\/uploads\/2020\/08\/logo-dutchhealthstore-jpg-e1599484957574.jpg\",\"width\":400,\"height\":62,\"caption\":\"Dutch Health Store\"},\"image\":{\"@id\":\"https:\/\/dutchhealthstore.com\/de\/#\/schema\/logo\/image\/\"},\"sameAs\":[\"https:\/\/www.instagram.com\/dutchhealthstore\/\",\"https:\/\/www.facebook.com\/dutchhealthstore\"]}]}<\/script>\n<meta property=\"product:brand\" content=\"Living Libations\" \/>\n<meta property=\"og:availability\" content=\"instock\" \/>\n<meta property=\"product:availability\" content=\"instock\" \/>\n<meta property=\"product:condition\" content=\"new\" \/>\n<!-- \/ Yoast SEO Premium plugin. -->","yoast_head_json":{"title":"Schizandra Berry Essential Oil | Organic & Natural | Living Libations","description":"Diese Beeren sind ein Grundnahrungsmittel in der traditionellen chinesischen Kr\u00e4uterkunde und werden seit Tausenden von Jahren verwendet, um das Chi zu st\u00e4rken und das Gleichgewicht des K\u00f6rpers zu f\u00f6rdern.","robots":{"index":"index","follow":"follow","max-snippet":"max-snippet:-1","max-image-preview":"max-image-preview:large","max-video-preview":"max-video-preview:-1"},"canonical":"https:\/\/dutchhealthstore.com\/de\/product\/schizandra-berry-essential-oil\/","og_locale":"de_DE","og_type":"article","og_title":"Schizandra Berry Essential Oil - Dutch Health Store","og_description":"Diese Beeren sind ein Grundnahrungsmittel in der traditionellen chinesischen Kr\u00e4uterkunde und werden seit Tausenden von Jahren verwendet, um das Chi zu st\u00e4rken und das Gleichgewicht des K\u00f6rpers zu f\u00f6rdern.","og_url":"https:\/\/dutchhealthstore.com\/de\/product\/schizandra-berry-essential-oil\/","og_site_name":"Dutch Health Store","article_publisher":"https:\/\/www.instagram.com\/dutchhealthstore\/","article_modified_time":"2026-02-28T15:01:02+00:00","og_image":[{"width":500,"height":500,"url":"https:\/\/dutchhealthstore.com\/wp-content\/uploads\/2020\/01\/Schizandra-Berry-Essential-Oil-Living-Libations-e1593585980988.jpg","type":"image\/jpeg"}],"twitter_card":"summary_large_image","twitter_misc":{"Verf\u00fcgbarkeit":"Auf Lager"},"schema":{"@context":"https:\/\/schema.org","@graph":[{"@type":"WebPage","@id":"https:\/\/dutchhealthstore.com\/de\/product\/schizandra-berry-essential-oil\/","url":"https:\/\/dutchhealthstore.com\/de\/product\/schizandra-berry-essential-oil\/","name":"Schizandra Berry Essential Oil | Organic & Natural | Living Libations","isPartOf":{"@id":"https:\/\/dutchhealthstore.com\/de\/#website"},"primaryImageOfPage":{"@id":"https:\/\/dutchhealthstore.com\/de\/product\/schizandra-berry-essential-oil\/#primaryimage"},"image":{"@id":"https:\/\/dutchhealthstore.com\/de\/product\/schizandra-berry-essential-oil\/#primaryimage"},"thumbnailUrl":"https:\/\/dutchhealthstore.com\/wp-content\/uploads\/2020\/01\/Schizandra-Berry-Essential-Oil-Living-Libations-e1593585980988.jpg","datePublished":"2020-01-14T16:02:31+00:00","dateModified":"2026-02-28T15:01:02+00:00","description":"Diese Beeren sind ein Grundnahrungsmittel in der traditionellen chinesischen Kr\u00e4uterkunde und werden seit Tausenden von Jahren verwendet, um das Chi zu st\u00e4rken und das Gleichgewicht des K\u00f6rpers zu f\u00f6rdern.","breadcrumb":{"@id":"https:\/\/dutchhealthstore.com\/de\/product\/schizandra-berry-essential-oil\/#breadcrumb"},"inLanguage":"de","potentialAction":[{"@type":"ReadAction","target":["https:\/\/dutchhealthstore.com\/de\/product\/schizandra-berry-essential-oil\/"]}]},{"@type":"ImageObject","inLanguage":"de","@id":"https:\/\/dutchhealthstore.com\/de\/product\/schizandra-berry-essential-oil\/#primaryimage","url":"https:\/\/dutchhealthstore.com\/wp-content\/uploads\/2020\/01\/Schizandra-Berry-Essential-Oil-Living-Libations-e1593585980988.jpg","contentUrl":"https:\/\/dutchhealthstore.com\/wp-content\/uploads\/2020\/01\/Schizandra-Berry-Essential-Oil-Living-Libations-e1593585980988.jpg","width":500,"height":500},{"@type":"BreadcrumbList","@id":"https:\/\/dutchhealthstore.com\/de\/product\/schizandra-berry-essential-oil\/#breadcrumb","itemListElement":[{"@type":"ListItem","position":1,"name":"Home","item":"https:\/\/dutchhealthstore.com\/de\/"},{"@type":"ListItem","position":2,"name":"Shop","item":"https:\/\/dutchhealthstore.com\/de\/shop-2\/"},{"@type":"ListItem","position":3,"name":"Schizandra Berry Essential Oil"}]},{"@type":"WebSite","@id":"https:\/\/dutchhealthstore.com\/de\/#website","url":"https:\/\/dutchhealthstore.com\/de\/","name":"Dutch Health Store","description":"Enhance Your Beauty with Organic &amp; Natural Skincare","publisher":{"@id":"https:\/\/dutchhealthstore.com\/de\/#organization"},"potentialAction":[{"@type":"SearchAction","target":{"@type":"EntryPoint","urlTemplate":"https:\/\/dutchhealthstore.com\/de\/?s={search_term_string}"},"query-input":{"@type":"PropertyValueSpecification","valueRequired":true,"valueName":"search_term_string"}}],"inLanguage":"de"},{"@type":"Organization","@id":"https:\/\/dutchhealthstore.com\/de\/#organization","name":"Dutch Health Store","url":"https:\/\/dutchhealthstore.com\/de\/","logo":{"@type":"ImageObject","inLanguage":"de","@id":"https:\/\/dutchhealthstore.com\/de\/#\/schema\/logo\/image\/","url":"https:\/\/dutchhealthstore.com\/wp-content\/uploads\/2020\/08\/logo-dutchhealthstore-jpg-e1599484957574.jpg","contentUrl":"https:\/\/dutchhealthstore.com\/wp-content\/uploads\/2020\/08\/logo-dutchhealthstore-jpg-e1599484957574.jpg","width":400,"height":62,"caption":"Dutch Health Store"},"image":{"@id":"https:\/\/dutchhealthstore.com\/de\/#\/schema\/logo\/image\/"},"sameAs":["https:\/\/www.instagram.com\/dutchhealthstore\/","https:\/\/www.facebook.com\/dutchhealthstore"]}]},"product_brand":"Living Libations","og_availability":"instock","product_availability":"instock","product_condition":"new"},"_links":{"self":[{"href":"https:\/\/dutchhealthstore.com\/de\/wp-json\/wp\/v2\/product\/123438","targetHints":{"allow":["GET"]}}],"collection":[{"href":"https:\/\/dutchhealthstore.com\/de\/wp-json\/wp\/v2\/product"}],"about":[{"href":"https:\/\/dutchhealthstore.com\/de\/wp-json\/wp\/v2\/types\/product"}],"replies":[{"embeddable":true,"href":"https:\/\/dutchhealthstore.com\/de\/wp-json\/wp\/v2\/comments?post=123438"}],"wp:featuredmedia":[{"embeddable":true,"href":"https:\/\/dutchhealthstore.com\/de\/wp-json\/wp\/v2\/media\/89733"}],"wp:attachment":[{"href":"https:\/\/dutchhealthstore.com\/de\/wp-json\/wp\/v2\/media?parent=123438"}],"wp:term":[{"taxonomy":"product_brand","embeddable":true,"href":"https:\/\/dutchhealthstore.com\/de\/wp-json\/wp\/v2\/product_brand?post=123438"},{"taxonomy":"product_cat","embeddable":true,"href":"https:\/\/dutchhealthstore.com\/de\/wp-json\/wp\/v2\/product_cat?post=123438"},{"taxonomy":"product_tag","embeddable":true,"href":"https:\/\/dutchhealthstore.com\/de\/wp-json\/wp\/v2\/product_tag?post=123438"}],"curies":[{"name":"wp","href":"https:\/\/api.w.org\/{rel}","templated":true}]}}