{"id":123375,"date":"2020-06-15T13:52:39","date_gmt":"2020-06-15T11:52:39","guid":{"rendered":"https:\/\/dutchhealthstore.com\/product\/saw-palmetto-berry-essential-oil\/"},"modified":"2025-12-23T09:39:04","modified_gmt":"2025-12-23T08:39:04","slug":"saw-palmetto-berry-essential-oil","status":"publish","type":"product","link":"https:\/\/dutchhealthstore.com\/de\/product\/saw-palmetto-berry-essential-oil\/","title":{"rendered":"Saw Palmetto Berry Essential Oil"},"content":{"rendered":"<p><img decoding=\"async\" class=\"size-full wp-image-69549 alignright\" src=\"https:\/\/dutchhealthstore.com\/wp-content\/uploads\/2019\/08\/NEW-Living-Libations-Logo.jpg\" alt=\"NEW - Living Libations - Logo\" width=\"175\" height=\"82\"><strong>Botanischer Name:<\/strong> Sabal serulata<br \/>\n<strong>Botanische Familie:<\/strong> Arecaceae<br \/>\n<strong>Extraktionsverfahren:<\/strong> CO2<br \/>\n<strong>Teil der Pflanze Destilliert:<\/strong> Beeren<br \/>\n<strong>Herkunftsland:<\/strong> Vereinigte Staaten<br \/>\n<strong>Anbaumethode:<\/strong> Wild gez\u00fcchtet<br \/>\n<strong>Zusammensetzung:<\/strong> 100% Sabal serrulata<br \/>\n<strong>Konsistenz:<\/strong> Mitteldick<\/p>\n<h3>Beschreibung des Duftes<\/h3>\n<p>Frische, scharfe Beeren mit einem Hauch von Waldbeeren.<\/p>\n<h3>Gut mischbar mit<\/h3>\n<p>Rosmarin, Grapefruit, Sanddorn, Kurkuma, Salbei, Weihrauch, Zitrone, Ysop, Majoran, Lavendel, Ylang, Bergamotte, Fragonia, Muskatellersalbei und Pfefferminze.<\/p>\n<h3>Verwendet<\/h3>\n<p>Kulinarische Kreationen. Hervorragendes Tonikum f\u00fcr Haut und Haar. Gleichgewicht der m\u00e4nnlichen Energie. Stimulierendes Massage\u00f6l f\u00fcr die Kopfhaut. Wundersch\u00f6n als K\u00f6rper\u00f6l und kann einem Best Skin Ever hinzugef\u00fcgt werden.<\/p>\n<p>Die S\u00e4gepalme wurde erstmals von den amerikanischen Ureinwohnern verwendet, die die Beeren sammelten, um daraus St\u00e4rkungsmittel f\u00fcr M\u00e4nner herzustellen. Amerikanische Siedler folgten diesem Beispiel bald, und auch heute noch ist er das bevorzugte Tonikum der Europ\u00e4er, die einen Ausgleich f\u00fcr die m\u00e4nnliche Energie suchen.<\/p>\n<p>Saw Palmetto Berry Essential Oil ist ein elegantes Elixier f\u00fcr die Haut und enth\u00e4lt viele der gleichen Vorteile und liebevollen Lipide wie Sanddorn\u00f6l. Wie Sanddorn h\u00e4lt es die Feuchtigkeit der Haut stabil und angenehm prall, verbessert das Erscheinungsbild kluger Haut und bildet einen Schutzschild gegen die Widrigkeiten des t\u00e4glichen Lebens.<\/p>\n<p><strong>Gr\u00f6\u00dfe: 5 ml und 15 ml<\/strong><\/p>\n<h3>Bio-Zutaten<\/h3>\n<p>100% \u00e4therisches \u00d6l der S\u00e4gepalmenbeere (Sabal serulata).<\/p>\n<p style=\"text-align: center;\"><em>&#8222;Dr. Moerck empfiehlt S\u00e4gepalmen\u00f6l (superkritischer CO2-Extrakt). Die Qualit\u00e4t ist extrem wichtig&#8230; Ihm zufolge ist die superkritische CO2-Extraktion die sauberste Extraktionsmethode, die heute bekannt ist, abgesehen vom Verzehr der ganzen Nahrung. Und je h\u00f6her der verwendete Druck ist, desto mehr Mikron\u00e4hrstoffe bleiben im \u00d6l erhalten, wie Lutein, Lycopin, Zeaxanthin und Chlorophyll. Die hochwertigsten Produkte sind die organischen, superkritisch extrahierten S\u00e4gepalmen\u00f6le, die eine sehr dunkelgr\u00fcne Farbe haben.<\/em><br \/>\n~ Joe Mercola<\/p>\n<p>&nbsp;<\/p>\n<p><img fetchpriority=\"high\" decoding=\"async\" class=\"size-medium wp-image-68103 aligncenter\" src=\"https:\/\/dutchhealthstore.com\/wp-content\/uploads\/2018\/02\/Living-Libations-Organic-Logo-800x89.png\" alt=\"Living Libations - Organic Logo\" width=\"800\" height=\"89\" srcset=\"https:\/\/dutchhealthstore.com\/wp-content\/uploads\/2018\/02\/Living-Libations-Organic-Logo-800x89.png 800w, https:\/\/dutchhealthstore.com\/wp-content\/uploads\/2018\/02\/Living-Libations-Organic-Logo-510x57.png 510w, https:\/\/dutchhealthstore.com\/wp-content\/uploads\/2018\/02\/Living-Libations-Organic-Logo-768x85.png 768w, https:\/\/dutchhealthstore.com\/wp-content\/uploads\/2018\/02\/Living-Libations-Organic-Logo.png 1400w\" sizes=\"(max-width: 800px) 100vw, 800px\" \/><\/p>\n","protected":false},"excerpt":{"rendered":"<p><strong>Saw Palmetto Berry Essential Oil<\/strong> wird durch superkritische Extraktion hergestellt, wodurch ein bemerkenswert reichhaltiges und hochwertiges \u00d6l entsteht. Diese S\u00e4gepalmen-Essenz ist ein wunderbarer Lipid-Bestandteil in der Hautpflege und wird mit der besten Extraktionsmethode hergestellt, um alle n\u00fctzlichen lipophilen Phytosterine des \u00d6ls zu erhalten.<\/p>\n","protected":false},"featured_media":107203,"comment_status":"open","ping_status":"closed","template":"","meta":[],"product_brand":[],"product_cat":[1508,1546,6737,1493,1210,6736],"product_tag":[1547],"class_list":{"0":"post-123375","1":"product","2":"type-product","3":"status-publish","4":"has-post-thumbnail","6":"product_cat-aetherische-oele-living-libations","7":"product_cat-essential-oils-living-libations-de","8":"product_cat-essential-oils-de-2","9":"product_cat-living-libations-deutschland","10":"product_cat-marken","11":"product_cat-wellness-de","12":"product_tag-essential-oil-de","13":"pa_brand-livinglibations-de","14":"pa_essential-oils-product-type-essential-oils-de","15":"pa_size-15-ml-de-2","16":"pa_size-5-ml-de","18":"first","19":"instock","20":"taxable","21":"shipping-taxable","22":"purchasable","23":"product-type-variable"},"bundled_by":[],"bundle_stock_status":"instock","bundle_stock_quantity":null,"bundle_virtual":false,"bundle_layout":"","bundle_add_to_cart_form_location":"","bundle_editable_in_cart":false,"bundle_sold_individually_context":"","bundle_item_grouping":"","bundle_min_size":"","bundle_max_size":"","bundle_price":[],"bundled_items":[],"bundle_sell_ids":[],"atum_controlled":true,"out_stock_date":null,"out_stock_threshold":null,"inheritable":true,"stock_on_hold":1,"sold_today":1,"sales_last_days":1,"out_stock_days":0,"lost_sales":0,"update_date":"2026-04-13T10:29:38","atum_locations":[],"atum_stock_status":"instock","restock_status":false,"low_stock_amount":"","sales_update_date":"2026-04-13T00:03:38","calc_backorders":null,"group_of_quantity":0,"min_quantity":0,"max_quantity":"","exclude_order_quantity_value_rules":"no","exclude_category_quantity_rules":"no","combine_variations":"no","yoast_head":"<!-- This site is optimized with the Yoast SEO Premium plugin v26.5 (Yoast SEO v26.5) - https:\/\/yoast.com\/wordpress\/plugins\/seo\/ -->\n<title>Saw Palmetto Berry Essential Oil | Living Libations<\/title>\n<meta name=\"description\" content=\"Saw Palmetto Berry Essential Oil wird durch superkritische Extraktion hergestellt, wodurch ein bemerkenswert reichhaltiges und hochwertiges \u00d6l entsteht.\" \/>\n<meta name=\"robots\" content=\"index, follow, max-snippet:-1, max-image-preview:large, max-video-preview:-1\" \/>\n<link rel=\"canonical\" href=\"https:\/\/dutchhealthstore.com\/de\/product\/saw-palmetto-berry-essential-oil\/\" \/>\n<meta property=\"og:locale\" content=\"de_DE\" \/>\n<meta property=\"og:type\" content=\"article\" \/>\n<meta property=\"og:title\" content=\"Saw Palmetto Berry Essential Oil - Dutch Health Store\" \/>\n<meta property=\"og:description\" content=\"Saw Palmetto Berry Essential Oil wird durch superkritische Extraktion hergestellt, wodurch ein bemerkenswert reichhaltiges und hochwertiges \u00d6l entsteht.\" \/>\n<meta property=\"og:url\" content=\"https:\/\/dutchhealthstore.com\/de\/product\/saw-palmetto-berry-essential-oil\/\" \/>\n<meta property=\"og:site_name\" content=\"Dutch Health Store\" \/>\n<meta property=\"article:publisher\" content=\"https:\/\/www.instagram.com\/dutchhealthstore\/\" \/>\n<meta property=\"article:modified_time\" content=\"2025-12-23T08:39:04+00:00\" \/>\n<meta property=\"og:image\" content=\"https:\/\/dutchhealthstore.com\/wp-content\/uploads\/2020\/06\/living-libations-saw-palmetto-berry-essential-oil-e1592229294294.jpg\" \/>\n\t<meta property=\"og:image:width\" content=\"500\" \/>\n\t<meta property=\"og:image:height\" content=\"500\" \/>\n\t<meta property=\"og:image:type\" content=\"image\/jpeg\" \/>\n<meta name=\"twitter:card\" content=\"summary_large_image\" \/>\n<meta name=\"twitter:label1\" content=\"Verf\u00fcgbarkeit\" \/>\n\t<meta name=\"twitter:data1\" content=\"Auf Lager\" \/>\n<script type=\"application\/ld+json\" class=\"yoast-schema-graph\">{\"@context\":\"https:\/\/schema.org\",\"@graph\":[{\"@type\":\"WebPage\",\"@id\":\"https:\/\/dutchhealthstore.com\/de\/product\/saw-palmetto-berry-essential-oil\/\",\"url\":\"https:\/\/dutchhealthstore.com\/de\/product\/saw-palmetto-berry-essential-oil\/\",\"name\":\"Saw Palmetto Berry Essential Oil | Living Libations\",\"isPartOf\":{\"@id\":\"https:\/\/dutchhealthstore.com\/de\/#website\"},\"primaryImageOfPage\":{\"@id\":\"https:\/\/dutchhealthstore.com\/de\/product\/saw-palmetto-berry-essential-oil\/#primaryimage\"},\"image\":{\"@id\":\"https:\/\/dutchhealthstore.com\/de\/product\/saw-palmetto-berry-essential-oil\/#primaryimage\"},\"thumbnailUrl\":\"https:\/\/dutchhealthstore.com\/wp-content\/uploads\/2020\/06\/living-libations-saw-palmetto-berry-essential-oil-e1592229294294.jpg\",\"datePublished\":\"2020-06-15T11:52:39+00:00\",\"dateModified\":\"2025-12-23T08:39:04+00:00\",\"description\":\"Saw Palmetto Berry Essential Oil wird durch superkritische Extraktion hergestellt, wodurch ein bemerkenswert reichhaltiges und hochwertiges \u00d6l entsteht.\",\"breadcrumb\":{\"@id\":\"https:\/\/dutchhealthstore.com\/de\/product\/saw-palmetto-berry-essential-oil\/#breadcrumb\"},\"inLanguage\":\"de\",\"potentialAction\":[{\"@type\":\"ReadAction\",\"target\":[\"https:\/\/dutchhealthstore.com\/de\/product\/saw-palmetto-berry-essential-oil\/\"]}]},{\"@type\":\"ImageObject\",\"inLanguage\":\"de\",\"@id\":\"https:\/\/dutchhealthstore.com\/de\/product\/saw-palmetto-berry-essential-oil\/#primaryimage\",\"url\":\"https:\/\/dutchhealthstore.com\/wp-content\/uploads\/2020\/06\/living-libations-saw-palmetto-berry-essential-oil-e1592229294294.jpg\",\"contentUrl\":\"https:\/\/dutchhealthstore.com\/wp-content\/uploads\/2020\/06\/living-libations-saw-palmetto-berry-essential-oil-e1592229294294.jpg\",\"width\":500,\"height\":500},{\"@type\":\"BreadcrumbList\",\"@id\":\"https:\/\/dutchhealthstore.com\/de\/product\/saw-palmetto-berry-essential-oil\/#breadcrumb\",\"itemListElement\":[{\"@type\":\"ListItem\",\"position\":1,\"name\":\"Home\",\"item\":\"https:\/\/dutchhealthstore.com\/de\/\"},{\"@type\":\"ListItem\",\"position\":2,\"name\":\"Shop\",\"item\":\"https:\/\/dutchhealthstore.com\/de\/shop-2\/\"},{\"@type\":\"ListItem\",\"position\":3,\"name\":\"Saw Palmetto Berry Essential Oil\"}]},{\"@type\":\"WebSite\",\"@id\":\"https:\/\/dutchhealthstore.com\/de\/#website\",\"url\":\"https:\/\/dutchhealthstore.com\/de\/\",\"name\":\"Dutch Health Store\",\"description\":\"Enhance Your Beauty with Organic &amp; Natural Skincare\",\"publisher\":{\"@id\":\"https:\/\/dutchhealthstore.com\/de\/#organization\"},\"potentialAction\":[{\"@type\":\"SearchAction\",\"target\":{\"@type\":\"EntryPoint\",\"urlTemplate\":\"https:\/\/dutchhealthstore.com\/de\/?s={search_term_string}\"},\"query-input\":{\"@type\":\"PropertyValueSpecification\",\"valueRequired\":true,\"valueName\":\"search_term_string\"}}],\"inLanguage\":\"de\"},{\"@type\":\"Organization\",\"@id\":\"https:\/\/dutchhealthstore.com\/de\/#organization\",\"name\":\"Dutch Health Store\",\"url\":\"https:\/\/dutchhealthstore.com\/de\/\",\"logo\":{\"@type\":\"ImageObject\",\"inLanguage\":\"de\",\"@id\":\"https:\/\/dutchhealthstore.com\/de\/#\/schema\/logo\/image\/\",\"url\":\"https:\/\/dutchhealthstore.com\/wp-content\/uploads\/2020\/08\/logo-dutchhealthstore-jpg-e1599484957574.jpg\",\"contentUrl\":\"https:\/\/dutchhealthstore.com\/wp-content\/uploads\/2020\/08\/logo-dutchhealthstore-jpg-e1599484957574.jpg\",\"width\":400,\"height\":62,\"caption\":\"Dutch Health Store\"},\"image\":{\"@id\":\"https:\/\/dutchhealthstore.com\/de\/#\/schema\/logo\/image\/\"},\"sameAs\":[\"https:\/\/www.instagram.com\/dutchhealthstore\/\",\"https:\/\/www.facebook.com\/dutchhealthstore\"]}]}<\/script>\n<meta property=\"product:brand\" content=\"Living Libations\" \/>\n<meta property=\"og:availability\" content=\"instock\" \/>\n<meta property=\"product:availability\" content=\"instock\" \/>\n<meta property=\"product:condition\" content=\"new\" \/>\n<!-- \/ Yoast SEO Premium plugin. -->","yoast_head_json":{"title":"Saw Palmetto Berry Essential Oil | Living Libations","description":"Saw Palmetto Berry Essential Oil wird durch superkritische Extraktion hergestellt, wodurch ein bemerkenswert reichhaltiges und hochwertiges \u00d6l entsteht.","robots":{"index":"index","follow":"follow","max-snippet":"max-snippet:-1","max-image-preview":"max-image-preview:large","max-video-preview":"max-video-preview:-1"},"canonical":"https:\/\/dutchhealthstore.com\/de\/product\/saw-palmetto-berry-essential-oil\/","og_locale":"de_DE","og_type":"article","og_title":"Saw Palmetto Berry Essential Oil - Dutch Health Store","og_description":"Saw Palmetto Berry Essential Oil wird durch superkritische Extraktion hergestellt, wodurch ein bemerkenswert reichhaltiges und hochwertiges \u00d6l entsteht.","og_url":"https:\/\/dutchhealthstore.com\/de\/product\/saw-palmetto-berry-essential-oil\/","og_site_name":"Dutch Health Store","article_publisher":"https:\/\/www.instagram.com\/dutchhealthstore\/","article_modified_time":"2025-12-23T08:39:04+00:00","og_image":[{"width":500,"height":500,"url":"https:\/\/dutchhealthstore.com\/wp-content\/uploads\/2020\/06\/living-libations-saw-palmetto-berry-essential-oil-e1592229294294.jpg","type":"image\/jpeg"}],"twitter_card":"summary_large_image","twitter_misc":{"Verf\u00fcgbarkeit":"Auf Lager"},"schema":{"@context":"https:\/\/schema.org","@graph":[{"@type":"WebPage","@id":"https:\/\/dutchhealthstore.com\/de\/product\/saw-palmetto-berry-essential-oil\/","url":"https:\/\/dutchhealthstore.com\/de\/product\/saw-palmetto-berry-essential-oil\/","name":"Saw Palmetto Berry Essential Oil | Living Libations","isPartOf":{"@id":"https:\/\/dutchhealthstore.com\/de\/#website"},"primaryImageOfPage":{"@id":"https:\/\/dutchhealthstore.com\/de\/product\/saw-palmetto-berry-essential-oil\/#primaryimage"},"image":{"@id":"https:\/\/dutchhealthstore.com\/de\/product\/saw-palmetto-berry-essential-oil\/#primaryimage"},"thumbnailUrl":"https:\/\/dutchhealthstore.com\/wp-content\/uploads\/2020\/06\/living-libations-saw-palmetto-berry-essential-oil-e1592229294294.jpg","datePublished":"2020-06-15T11:52:39+00:00","dateModified":"2025-12-23T08:39:04+00:00","description":"Saw Palmetto Berry Essential Oil wird durch superkritische Extraktion hergestellt, wodurch ein bemerkenswert reichhaltiges und hochwertiges \u00d6l entsteht.","breadcrumb":{"@id":"https:\/\/dutchhealthstore.com\/de\/product\/saw-palmetto-berry-essential-oil\/#breadcrumb"},"inLanguage":"de","potentialAction":[{"@type":"ReadAction","target":["https:\/\/dutchhealthstore.com\/de\/product\/saw-palmetto-berry-essential-oil\/"]}]},{"@type":"ImageObject","inLanguage":"de","@id":"https:\/\/dutchhealthstore.com\/de\/product\/saw-palmetto-berry-essential-oil\/#primaryimage","url":"https:\/\/dutchhealthstore.com\/wp-content\/uploads\/2020\/06\/living-libations-saw-palmetto-berry-essential-oil-e1592229294294.jpg","contentUrl":"https:\/\/dutchhealthstore.com\/wp-content\/uploads\/2020\/06\/living-libations-saw-palmetto-berry-essential-oil-e1592229294294.jpg","width":500,"height":500},{"@type":"BreadcrumbList","@id":"https:\/\/dutchhealthstore.com\/de\/product\/saw-palmetto-berry-essential-oil\/#breadcrumb","itemListElement":[{"@type":"ListItem","position":1,"name":"Home","item":"https:\/\/dutchhealthstore.com\/de\/"},{"@type":"ListItem","position":2,"name":"Shop","item":"https:\/\/dutchhealthstore.com\/de\/shop-2\/"},{"@type":"ListItem","position":3,"name":"Saw Palmetto Berry Essential Oil"}]},{"@type":"WebSite","@id":"https:\/\/dutchhealthstore.com\/de\/#website","url":"https:\/\/dutchhealthstore.com\/de\/","name":"Dutch Health Store","description":"Enhance Your Beauty with Organic &amp; Natural Skincare","publisher":{"@id":"https:\/\/dutchhealthstore.com\/de\/#organization"},"potentialAction":[{"@type":"SearchAction","target":{"@type":"EntryPoint","urlTemplate":"https:\/\/dutchhealthstore.com\/de\/?s={search_term_string}"},"query-input":{"@type":"PropertyValueSpecification","valueRequired":true,"valueName":"search_term_string"}}],"inLanguage":"de"},{"@type":"Organization","@id":"https:\/\/dutchhealthstore.com\/de\/#organization","name":"Dutch Health Store","url":"https:\/\/dutchhealthstore.com\/de\/","logo":{"@type":"ImageObject","inLanguage":"de","@id":"https:\/\/dutchhealthstore.com\/de\/#\/schema\/logo\/image\/","url":"https:\/\/dutchhealthstore.com\/wp-content\/uploads\/2020\/08\/logo-dutchhealthstore-jpg-e1599484957574.jpg","contentUrl":"https:\/\/dutchhealthstore.com\/wp-content\/uploads\/2020\/08\/logo-dutchhealthstore-jpg-e1599484957574.jpg","width":400,"height":62,"caption":"Dutch Health Store"},"image":{"@id":"https:\/\/dutchhealthstore.com\/de\/#\/schema\/logo\/image\/"},"sameAs":["https:\/\/www.instagram.com\/dutchhealthstore\/","https:\/\/www.facebook.com\/dutchhealthstore"]}]},"product_brand":"Living Libations","og_availability":"instock","product_availability":"instock","product_condition":"new"},"_links":{"self":[{"href":"https:\/\/dutchhealthstore.com\/de\/wp-json\/wp\/v2\/product\/123375","targetHints":{"allow":["GET"]}}],"collection":[{"href":"https:\/\/dutchhealthstore.com\/de\/wp-json\/wp\/v2\/product"}],"about":[{"href":"https:\/\/dutchhealthstore.com\/de\/wp-json\/wp\/v2\/types\/product"}],"replies":[{"embeddable":true,"href":"https:\/\/dutchhealthstore.com\/de\/wp-json\/wp\/v2\/comments?post=123375"}],"wp:featuredmedia":[{"embeddable":true,"href":"https:\/\/dutchhealthstore.com\/de\/wp-json\/wp\/v2\/media\/107203"}],"wp:attachment":[{"href":"https:\/\/dutchhealthstore.com\/de\/wp-json\/wp\/v2\/media?parent=123375"}],"wp:term":[{"taxonomy":"product_brand","embeddable":true,"href":"https:\/\/dutchhealthstore.com\/de\/wp-json\/wp\/v2\/product_brand?post=123375"},{"taxonomy":"product_cat","embeddable":true,"href":"https:\/\/dutchhealthstore.com\/de\/wp-json\/wp\/v2\/product_cat?post=123375"},{"taxonomy":"product_tag","embeddable":true,"href":"https:\/\/dutchhealthstore.com\/de\/wp-json\/wp\/v2\/product_tag?post=123375"}],"curies":[{"name":"wp","href":"https:\/\/api.w.org\/{rel}","templated":true}]}}