{"id":123360,"date":"2020-06-25T13:36:53","date_gmt":"2020-06-25T11:36:53","guid":{"rendered":"https:\/\/dutchhealthstore.com\/product\/sandalwood-royal-hawaiian-essential-oil\/"},"modified":"2024-07-18T09:10:59","modified_gmt":"2024-07-18T07:10:59","slug":"sandalwood-royal-hawaiian-essential-oil","status":"publish","type":"product","link":"https:\/\/dutchhealthstore.com\/de\/product\/sandalwood-royal-hawaiian-essential-oil\/","title":{"rendered":"Sandalwood, Royal Hawaiian Essential Oil"},"content":{"rendered":"<h3><img decoding=\"async\" class=\"size-full wp-image-69549 alignright\" src=\"https:\/\/dutchhealthstore.com\/wp-content\/uploads\/2019\/08\/NEW-Living-Libations-Logo.jpg\" alt=\"NEW - Living Libations - Logo\" width=\"175\" height=\"82\"><\/h3>\n<p><strong>Botanischer Name:<\/strong> Santalum paniculatum<br \/>\n<strong>Botanische Familie:<\/strong> Santalaceae<br \/>\n<strong>Extraktionsverfahren:<\/strong> Dampfdestilliert<br \/>\n<strong>Teil der Pflanze Destilliert:<\/strong> Holz<br \/>\n<strong>Herkunftsland:<\/strong> Vereinigte Staaten, Hawaii<br \/>\n<strong>Anbaumethode:<\/strong> Ethische Ernte<br \/>\n<strong>Zusammensetzung:<\/strong> 100% Santalum paniculatum<br \/>\n<strong>Konsistenz:<\/strong> Dickfl\u00fcssig, aber gie\u00dfbar<\/p>\n<h3>Beschreibung des Duftes<\/h3>\n<p>Reichhaltiges, nussiges, vollmundiges Kernholz mit einem \u00e4therischen, cremigen, sinnlichen Abgang.<\/p>\n<h3>In Living Libations<\/h3>\n<p>Neroli Poetic Pits.<\/p>\n<h3>Gut mischbar mit<\/h3>\n<p>Rose, Neroli, Weihrauch, alle Zitrusfr\u00fcchte. Es ist elegant mit jedem \u00e4therischen \u00d6l, da es seit der Antike ein unvergleichliches Fixiermittel f\u00fcr die nat\u00fcrliche Parf\u00fcmerie ist.<\/p>\n<h3>Verwendet<\/h3>\n<p>Ein erstklassiges Fixiermittel f\u00fcr Parf\u00fcm. Erhabener Feuchtigkeitsspender und Tonic f\u00fcr die Haut, der das Erscheinungsbild von feinen Linien, Narben, Flecken und der Hautstruktur mildert. Haarsp\u00fclung. Ich liebe Einreibemittel. Divine Deodorant (einen Tropfen auf jede Achselh\u00f6hle geben). Vertr\u00e4umt in B\u00e4dern und vor dem Schlafengehen.<\/p>\n<a href=\"https:\/\/dutchhealthstore.com\/wp-content\/uploads\/2020\/06\/ANALYSIS-Sandalwood-Royal-Hawaiian-Essential-Oil-Living-Libations.pdf\" class=\"button primary is-primary is-small\"  >\n\t\t<span>ANALYSE DER \u00c4THERISCHEN \u00d6LE &gt;<\/span>\n\t<\/a>\n\n<p>Die Salbe, die diese alten B\u00e4ume anbieten, ist heilig, sinnlich, erhaben und heiter. Santalum paniculatum unterscheidet sich von normalem Sandelholz durch seine ausgepr\u00e4gten vulkanischen Noten, die Bilder von Inselgebirgslandschaften, blauen Wellen und Tausenden von Hektar bl\u00fchender, sich wiegender B\u00e4ume hervorrufen.<\/p>\n<p>Dieses opulente \u00d6l ist ein lang erwartetes Angebot eines inspirierenden hawaiianischen Sandelholz-Wiederaufforstungsprojekts, das gef\u00e4hrdete Sandelholzb\u00e4ume vor dem Aussterben bewahrt. Royal Hawaiian Sandalwood wird nur von B\u00e4umen geerntet, die sich auf nat\u00fcrliche Weise dem Ende ihres Lebenszyklus n\u00e4hern, und f\u00fcr jeden geernteten Baum werden zwanzig B\u00e4ume gepflanzt. In anderen Gebieten werden diese B\u00e4ume h\u00e4ufig und in vielen F\u00e4llen illegal abgeholzt. Diese illegale Ernte f\u00fchrt zu \u00fcberm\u00e4\u00dfigem Anbau, minderwertigen \u00d6len und dem nahen Aussterben dieser g\u00fctigen B\u00e4ume in der ganzen Welt. (Unser Sandelholz aus Vanuatu wird auf ethische Weise geerntet und ist wundersch\u00f6n; dieses hawaiianische Sandelholz ist jedoch etwas ganz Besonderes). Unsere Brennerei hat den Bestand an Sandelholzb\u00e4umen allein in den letzten drei Jahren auf das 50-fache der urspr\u00fcnglichen Anzahl erh\u00f6ht. Jeder Baum, der f\u00fcr die \u00d6lgewinnung geerntet wird, wird ausgew\u00e4hlt, weil er sich bereits am Ende seines Lebenszyklus befindet.<\/p>\n<p>Himmlisches Royal Hawaiian Sandalwood Essential Oil verbindet 4.000 Jahre alte Weisheit mit der gro\u00dfz\u00fcgigen Essenz moderner Nachhaltigkeit. Der nat\u00fcrliche Lebenszyklus jedes geernteten Baumes findet sich in dem wohltuenden Extrakt wieder, dessen Reinheit sch\u00f6ne Haut segnet und Gef\u00fchle von Kummer und Trauer lindert. Wenn der uralte hawaiianische Sandelholzbaum seinen letzten Atemzug tut, ist sein Abschiedsgeschenk eine duftende Erinnerung an unseren eigenen nat\u00fcrlichen Zustand: einen Zustand voller Freude und ewigen Geistes.<\/p>\n<p>Dieses wunderbare \u00d6l ist ein geheimes Sch\u00f6nheitsmittel der Frauen in alten Epochen. Royal Hawaiian Sandalwood kann als sinnliches Parf\u00fcm, als g\u00f6ttliches Deodorant, als feuchtigkeitsspendendes Ganzk\u00f6rper\u00f6l oder als tiefenwirksame Haarkur verwendet werden, die durstige Locken gl\u00e4nzend, weich und ges\u00e4ttigt macht.<\/p>\n<p><strong>Gr\u00f6\u00dfe: 5 ml, 15 ml und 30 ml<\/strong><\/p>\n<h3>Bio-Zutaten<\/h3>\n<p>\u00c4therisches \u00d6l aus 100% hawaiianischem k\u00f6niglichem Sandelholz (Santalum paniculatum).<\/p>\n<p style=\"text-align: center;\"><em>&#8222;Die beruhigende, harmonisierende und ausgleichende Wirkung von Sandelholz wirkt wie tiefe, langsame Wellen.<\/em><br \/>\n~ Suzanne Fischer-Rizzi, <strong>The Complete Aromatherapy Handbook<\/strong><\/p>\n<p><img fetchpriority=\"high\" decoding=\"async\" class=\"size-medium wp-image-68103 aligncenter\" src=\"https:\/\/dutchhealthstore.com\/wp-content\/uploads\/2018\/02\/Living-Libations-Organic-Logo-800x89.png\" alt=\"Living Libations - Organic Logo\" width=\"800\" height=\"89\" srcset=\"https:\/\/dutchhealthstore.com\/wp-content\/uploads\/2018\/02\/Living-Libations-Organic-Logo-800x89.png 800w, https:\/\/dutchhealthstore.com\/wp-content\/uploads\/2018\/02\/Living-Libations-Organic-Logo-510x57.png 510w, https:\/\/dutchhealthstore.com\/wp-content\/uploads\/2018\/02\/Living-Libations-Organic-Logo-768x85.png 768w, https:\/\/dutchhealthstore.com\/wp-content\/uploads\/2018\/02\/Living-Libations-Organic-Logo.png 1400w\" sizes=\"(max-width: 800px) 100vw, 800px\" \/><\/p>\n","protected":false},"excerpt":{"rendered":"<p>Dies ist das traumhafteste, cremigste <strong>Sandalwood Essential Oil<\/strong> von Living Libations! Ethisch geerntet als Teil eines nachhaltigen Wiederaufforstungsprojekts auf Hawaii, ist diese exquisite Essenz zum ersten Mal seit \u00fcber 200 Jahren wieder erh\u00e4ltlich.<br \/>\nDieses spezielle Sandelholz ist eine heitere, vollmundige, \u00e4therische Essenz, die die Weisheit ihres majest\u00e4tischen, uralten Kernholzes verstr\u00f6mt.<br \/>\nDieses heilige, sinnliche \u00d6l ruft Hingabe und die Reinheit der Gegenwart hervor.<br \/>\nDer salbungsvolle Duft ist seit der Antike eine der am meisten verehrten Substanzen f\u00fcr Hautpflege und Mediation &#8211; ein Hauch dieser erhabenen Ausd\u00fcnstung des Sandelholzbaums hebt Ihre Stimmung ins Edle.<\/p>\n","protected":false},"featured_media":109128,"comment_status":"open","ping_status":"closed","template":"","meta":[],"product_brand":[],"product_cat":[1508,1546,6737,1493,1210,6736],"product_tag":[1547],"class_list":{"0":"post-123360","1":"product","2":"type-product","3":"status-publish","4":"has-post-thumbnail","6":"product_cat-aetherische-oele-living-libations","7":"product_cat-essential-oils-living-libations-de","8":"product_cat-essential-oils-de-2","9":"product_cat-living-libations-deutschland","10":"product_cat-marken","11":"product_cat-wellness-de","12":"product_tag-essential-oil-de","13":"pa_brand-livinglibations-de","14":"pa_essential-oils-product-type-essential-oils-de","15":"pa_size-5-ml-de","17":"first","18":"instock","19":"taxable","20":"shipping-taxable","21":"purchasable","22":"product-type-simple"},"bundled_by":[],"bundle_stock_status":"instock","bundle_stock_quantity":1,"bundle_virtual":false,"bundle_layout":"","bundle_add_to_cart_form_location":"","bundle_editable_in_cart":false,"bundle_sold_individually_context":"","bundle_item_grouping":"","bundle_min_size":"","bundle_max_size":"","bundle_price":[],"bundled_items":[],"bundle_sell_ids":[],"atum_controlled":true,"out_stock_date":null,"out_stock_threshold":null,"inheritable":false,"stock_on_hold":0,"sold_today":0,"sales_last_days":0,"out_stock_days":0,"lost_sales":0,"update_date":"2026-04-13T10:08:46","atum_locations":[],"atum_stock_status":"instock","restock_status":false,"low_stock_amount":"","sales_update_date":"2026-04-13T10:08:46","calc_backorders":null,"group_of_quantity":0,"min_quantity":0,"max_quantity":"","exclude_order_quantity_value_rules":"no","exclude_category_quantity_rules":"no","combine_variations":"no","yoast_head":"<!-- This site is optimized with the Yoast SEO Premium plugin v26.5 (Yoast SEO v26.5) - https:\/\/yoast.com\/wordpress\/plugins\/seo\/ -->\n<title>Sandalwood, Royal Hawaiian Essential Oil | Living Libations<\/title>\n<meta name=\"description\" content=\"Diese exquisite Essenz, die im Rahmen eines nachhaltigen Aufforstungsprojekts auf Hawaii auf ethische Weise geerntet wurde, ist zum ersten Mal seit \u00fcber 200 Jahren wieder erh\u00e4ltlich.\" \/>\n<meta name=\"robots\" content=\"index, follow, max-snippet:-1, max-image-preview:large, max-video-preview:-1\" \/>\n<link rel=\"canonical\" href=\"https:\/\/dutchhealthstore.com\/de\/product\/sandalwood-royal-hawaiian-essential-oil\/\" \/>\n<meta property=\"og:locale\" content=\"de_DE\" \/>\n<meta property=\"og:type\" content=\"article\" \/>\n<meta property=\"og:title\" content=\"Sandalwood, Royal Hawaiian Essential Oil - Dutch Health Store\" \/>\n<meta property=\"og:description\" content=\"Diese exquisite Essenz, die im Rahmen eines nachhaltigen Aufforstungsprojekts auf Hawaii auf ethische Weise geerntet wurde, ist zum ersten Mal seit \u00fcber 200 Jahren wieder erh\u00e4ltlich.\" \/>\n<meta property=\"og:url\" content=\"https:\/\/dutchhealthstore.com\/de\/product\/sandalwood-royal-hawaiian-essential-oil\/\" \/>\n<meta property=\"og:site_name\" content=\"Dutch Health Store\" \/>\n<meta property=\"article:publisher\" content=\"https:\/\/www.instagram.com\/dutchhealthstore\/\" \/>\n<meta property=\"article:modified_time\" content=\"2024-07-18T07:10:59+00:00\" \/>\n<meta property=\"og:image\" content=\"https:\/\/dutchhealthstore.com\/wp-content\/uploads\/2020\/06\/Living-Libations-Sandalwood-Royal-Hawaiian-Essential-Oil-e1593090922172.jpg\" \/>\n\t<meta property=\"og:image:width\" content=\"500\" \/>\n\t<meta property=\"og:image:height\" content=\"500\" \/>\n\t<meta property=\"og:image:type\" content=\"image\/jpeg\" \/>\n<meta name=\"twitter:card\" content=\"summary_large_image\" \/>\n<meta name=\"twitter:label1\" content=\"Preis\" \/>\n\t<meta name=\"twitter:data1\" content=\"&euro;110,00\" \/>\n\t<meta name=\"twitter:label2\" content=\"Verf\u00fcgbarkeit\" \/>\n\t<meta name=\"twitter:data2\" content=\"Auf Lager\" \/>\n<script type=\"application\/ld+json\" class=\"yoast-schema-graph\">{\"@context\":\"https:\/\/schema.org\",\"@graph\":[{\"@type\":\"WebPage\",\"@id\":\"https:\/\/dutchhealthstore.com\/de\/product\/sandalwood-royal-hawaiian-essential-oil\/\",\"url\":\"https:\/\/dutchhealthstore.com\/de\/product\/sandalwood-royal-hawaiian-essential-oil\/\",\"name\":\"Sandalwood, Royal Hawaiian Essential Oil | Living Libations\",\"isPartOf\":{\"@id\":\"https:\/\/dutchhealthstore.com\/de\/#website\"},\"primaryImageOfPage\":{\"@id\":\"https:\/\/dutchhealthstore.com\/de\/product\/sandalwood-royal-hawaiian-essential-oil\/#primaryimage\"},\"image\":{\"@id\":\"https:\/\/dutchhealthstore.com\/de\/product\/sandalwood-royal-hawaiian-essential-oil\/#primaryimage\"},\"thumbnailUrl\":\"https:\/\/dutchhealthstore.com\/wp-content\/uploads\/2020\/06\/Living-Libations-Sandalwood-Royal-Hawaiian-Essential-Oil-e1593090922172.jpg\",\"datePublished\":\"2020-06-25T11:36:53+00:00\",\"dateModified\":\"2024-07-18T07:10:59+00:00\",\"description\":\"Diese exquisite Essenz, die im Rahmen eines nachhaltigen Aufforstungsprojekts auf Hawaii auf ethische Weise geerntet wurde, ist zum ersten Mal seit \u00fcber 200 Jahren wieder erh\u00e4ltlich.\",\"breadcrumb\":{\"@id\":\"https:\/\/dutchhealthstore.com\/de\/product\/sandalwood-royal-hawaiian-essential-oil\/#breadcrumb\"},\"inLanguage\":\"de\",\"potentialAction\":[{\"@type\":\"ReadAction\",\"target\":[\"https:\/\/dutchhealthstore.com\/de\/product\/sandalwood-royal-hawaiian-essential-oil\/\"]}]},{\"@type\":\"ImageObject\",\"inLanguage\":\"de\",\"@id\":\"https:\/\/dutchhealthstore.com\/de\/product\/sandalwood-royal-hawaiian-essential-oil\/#primaryimage\",\"url\":\"https:\/\/dutchhealthstore.com\/wp-content\/uploads\/2020\/06\/Living-Libations-Sandalwood-Royal-Hawaiian-Essential-Oil-e1593090922172.jpg\",\"contentUrl\":\"https:\/\/dutchhealthstore.com\/wp-content\/uploads\/2020\/06\/Living-Libations-Sandalwood-Royal-Hawaiian-Essential-Oil-e1593090922172.jpg\",\"width\":500,\"height\":500,\"caption\":\"Living Libations Sandalwood Royal Essential Oil\"},{\"@type\":\"BreadcrumbList\",\"@id\":\"https:\/\/dutchhealthstore.com\/de\/product\/sandalwood-royal-hawaiian-essential-oil\/#breadcrumb\",\"itemListElement\":[{\"@type\":\"ListItem\",\"position\":1,\"name\":\"Home\",\"item\":\"https:\/\/dutchhealthstore.com\/de\/\"},{\"@type\":\"ListItem\",\"position\":2,\"name\":\"Shop\",\"item\":\"https:\/\/dutchhealthstore.com\/de\/shop-2\/\"},{\"@type\":\"ListItem\",\"position\":3,\"name\":\"Sandalwood, Royal Hawaiian Essential Oil\"}]},{\"@type\":\"WebSite\",\"@id\":\"https:\/\/dutchhealthstore.com\/de\/#website\",\"url\":\"https:\/\/dutchhealthstore.com\/de\/\",\"name\":\"Dutch Health Store\",\"description\":\"Enhance Your Beauty with Organic &amp; Natural Skincare\",\"publisher\":{\"@id\":\"https:\/\/dutchhealthstore.com\/de\/#organization\"},\"potentialAction\":[{\"@type\":\"SearchAction\",\"target\":{\"@type\":\"EntryPoint\",\"urlTemplate\":\"https:\/\/dutchhealthstore.com\/de\/?s={search_term_string}\"},\"query-input\":{\"@type\":\"PropertyValueSpecification\",\"valueRequired\":true,\"valueName\":\"search_term_string\"}}],\"inLanguage\":\"de\"},{\"@type\":\"Organization\",\"@id\":\"https:\/\/dutchhealthstore.com\/de\/#organization\",\"name\":\"Dutch Health Store\",\"url\":\"https:\/\/dutchhealthstore.com\/de\/\",\"logo\":{\"@type\":\"ImageObject\",\"inLanguage\":\"de\",\"@id\":\"https:\/\/dutchhealthstore.com\/de\/#\/schema\/logo\/image\/\",\"url\":\"https:\/\/dutchhealthstore.com\/wp-content\/uploads\/2020\/08\/logo-dutchhealthstore-jpg-e1599484957574.jpg\",\"contentUrl\":\"https:\/\/dutchhealthstore.com\/wp-content\/uploads\/2020\/08\/logo-dutchhealthstore-jpg-e1599484957574.jpg\",\"width\":400,\"height\":62,\"caption\":\"Dutch Health Store\"},\"image\":{\"@id\":\"https:\/\/dutchhealthstore.com\/de\/#\/schema\/logo\/image\/\"},\"sameAs\":[\"https:\/\/www.instagram.com\/dutchhealthstore\/\",\"https:\/\/www.facebook.com\/dutchhealthstore\"]}]}<\/script>\n<meta property=\"product:brand\" content=\"Living Libations\" \/>\n<meta property=\"product:price:amount\" content=\"110.00\" \/>\n<meta property=\"product:price:currency\" content=\"EUR\" \/>\n<meta property=\"og:availability\" content=\"instock\" \/>\n<meta property=\"product:availability\" content=\"instock\" \/>\n<meta property=\"product:condition\" content=\"new\" \/>\n<!-- \/ Yoast SEO Premium plugin. -->","yoast_head_json":{"title":"Sandalwood, Royal Hawaiian Essential Oil | Living Libations","description":"Diese exquisite Essenz, die im Rahmen eines nachhaltigen Aufforstungsprojekts auf Hawaii auf ethische Weise geerntet wurde, ist zum ersten Mal seit \u00fcber 200 Jahren wieder erh\u00e4ltlich.","robots":{"index":"index","follow":"follow","max-snippet":"max-snippet:-1","max-image-preview":"max-image-preview:large","max-video-preview":"max-video-preview:-1"},"canonical":"https:\/\/dutchhealthstore.com\/de\/product\/sandalwood-royal-hawaiian-essential-oil\/","og_locale":"de_DE","og_type":"article","og_title":"Sandalwood, Royal Hawaiian Essential Oil - Dutch Health Store","og_description":"Diese exquisite Essenz, die im Rahmen eines nachhaltigen Aufforstungsprojekts auf Hawaii auf ethische Weise geerntet wurde, ist zum ersten Mal seit \u00fcber 200 Jahren wieder erh\u00e4ltlich.","og_url":"https:\/\/dutchhealthstore.com\/de\/product\/sandalwood-royal-hawaiian-essential-oil\/","og_site_name":"Dutch Health Store","article_publisher":"https:\/\/www.instagram.com\/dutchhealthstore\/","article_modified_time":"2024-07-18T07:10:59+00:00","og_image":[{"width":500,"height":500,"url":"https:\/\/dutchhealthstore.com\/wp-content\/uploads\/2020\/06\/Living-Libations-Sandalwood-Royal-Hawaiian-Essential-Oil-e1593090922172.jpg","type":"image\/jpeg"}],"twitter_card":"summary_large_image","twitter_misc":{"Preis":"&euro;110,00","Verf\u00fcgbarkeit":"Auf Lager"},"schema":{"@context":"https:\/\/schema.org","@graph":[{"@type":"WebPage","@id":"https:\/\/dutchhealthstore.com\/de\/product\/sandalwood-royal-hawaiian-essential-oil\/","url":"https:\/\/dutchhealthstore.com\/de\/product\/sandalwood-royal-hawaiian-essential-oil\/","name":"Sandalwood, Royal Hawaiian Essential Oil | Living Libations","isPartOf":{"@id":"https:\/\/dutchhealthstore.com\/de\/#website"},"primaryImageOfPage":{"@id":"https:\/\/dutchhealthstore.com\/de\/product\/sandalwood-royal-hawaiian-essential-oil\/#primaryimage"},"image":{"@id":"https:\/\/dutchhealthstore.com\/de\/product\/sandalwood-royal-hawaiian-essential-oil\/#primaryimage"},"thumbnailUrl":"https:\/\/dutchhealthstore.com\/wp-content\/uploads\/2020\/06\/Living-Libations-Sandalwood-Royal-Hawaiian-Essential-Oil-e1593090922172.jpg","datePublished":"2020-06-25T11:36:53+00:00","dateModified":"2024-07-18T07:10:59+00:00","description":"Diese exquisite Essenz, die im Rahmen eines nachhaltigen Aufforstungsprojekts auf Hawaii auf ethische Weise geerntet wurde, ist zum ersten Mal seit \u00fcber 200 Jahren wieder erh\u00e4ltlich.","breadcrumb":{"@id":"https:\/\/dutchhealthstore.com\/de\/product\/sandalwood-royal-hawaiian-essential-oil\/#breadcrumb"},"inLanguage":"de","potentialAction":[{"@type":"ReadAction","target":["https:\/\/dutchhealthstore.com\/de\/product\/sandalwood-royal-hawaiian-essential-oil\/"]}]},{"@type":"ImageObject","inLanguage":"de","@id":"https:\/\/dutchhealthstore.com\/de\/product\/sandalwood-royal-hawaiian-essential-oil\/#primaryimage","url":"https:\/\/dutchhealthstore.com\/wp-content\/uploads\/2020\/06\/Living-Libations-Sandalwood-Royal-Hawaiian-Essential-Oil-e1593090922172.jpg","contentUrl":"https:\/\/dutchhealthstore.com\/wp-content\/uploads\/2020\/06\/Living-Libations-Sandalwood-Royal-Hawaiian-Essential-Oil-e1593090922172.jpg","width":500,"height":500,"caption":"Living Libations Sandalwood Royal Essential Oil"},{"@type":"BreadcrumbList","@id":"https:\/\/dutchhealthstore.com\/de\/product\/sandalwood-royal-hawaiian-essential-oil\/#breadcrumb","itemListElement":[{"@type":"ListItem","position":1,"name":"Home","item":"https:\/\/dutchhealthstore.com\/de\/"},{"@type":"ListItem","position":2,"name":"Shop","item":"https:\/\/dutchhealthstore.com\/de\/shop-2\/"},{"@type":"ListItem","position":3,"name":"Sandalwood, Royal Hawaiian Essential Oil"}]},{"@type":"WebSite","@id":"https:\/\/dutchhealthstore.com\/de\/#website","url":"https:\/\/dutchhealthstore.com\/de\/","name":"Dutch Health Store","description":"Enhance Your Beauty with Organic &amp; Natural Skincare","publisher":{"@id":"https:\/\/dutchhealthstore.com\/de\/#organization"},"potentialAction":[{"@type":"SearchAction","target":{"@type":"EntryPoint","urlTemplate":"https:\/\/dutchhealthstore.com\/de\/?s={search_term_string}"},"query-input":{"@type":"PropertyValueSpecification","valueRequired":true,"valueName":"search_term_string"}}],"inLanguage":"de"},{"@type":"Organization","@id":"https:\/\/dutchhealthstore.com\/de\/#organization","name":"Dutch Health Store","url":"https:\/\/dutchhealthstore.com\/de\/","logo":{"@type":"ImageObject","inLanguage":"de","@id":"https:\/\/dutchhealthstore.com\/de\/#\/schema\/logo\/image\/","url":"https:\/\/dutchhealthstore.com\/wp-content\/uploads\/2020\/08\/logo-dutchhealthstore-jpg-e1599484957574.jpg","contentUrl":"https:\/\/dutchhealthstore.com\/wp-content\/uploads\/2020\/08\/logo-dutchhealthstore-jpg-e1599484957574.jpg","width":400,"height":62,"caption":"Dutch Health Store"},"image":{"@id":"https:\/\/dutchhealthstore.com\/de\/#\/schema\/logo\/image\/"},"sameAs":["https:\/\/www.instagram.com\/dutchhealthstore\/","https:\/\/www.facebook.com\/dutchhealthstore"]}]},"product_brand":"Living Libations","product_price_amount":"110.00","product_price_currency":"EUR","og_availability":"instock","product_availability":"instock","product_condition":"new"},"_links":{"self":[{"href":"https:\/\/dutchhealthstore.com\/de\/wp-json\/wp\/v2\/product\/123360","targetHints":{"allow":["GET"]}}],"collection":[{"href":"https:\/\/dutchhealthstore.com\/de\/wp-json\/wp\/v2\/product"}],"about":[{"href":"https:\/\/dutchhealthstore.com\/de\/wp-json\/wp\/v2\/types\/product"}],"replies":[{"embeddable":true,"href":"https:\/\/dutchhealthstore.com\/de\/wp-json\/wp\/v2\/comments?post=123360"}],"wp:featuredmedia":[{"embeddable":true,"href":"https:\/\/dutchhealthstore.com\/de\/wp-json\/wp\/v2\/media\/109128"}],"wp:attachment":[{"href":"https:\/\/dutchhealthstore.com\/de\/wp-json\/wp\/v2\/media?parent=123360"}],"wp:term":[{"taxonomy":"product_brand","embeddable":true,"href":"https:\/\/dutchhealthstore.com\/de\/wp-json\/wp\/v2\/product_brand?post=123360"},{"taxonomy":"product_cat","embeddable":true,"href":"https:\/\/dutchhealthstore.com\/de\/wp-json\/wp\/v2\/product_cat?post=123360"},{"taxonomy":"product_tag","embeddable":true,"href":"https:\/\/dutchhealthstore.com\/de\/wp-json\/wp\/v2\/product_tag?post=123360"}],"curies":[{"name":"wp","href":"https:\/\/api.w.org\/{rel}","templated":true}]}}