{"id":123348,"date":"2018-02-10T19:42:55","date_gmt":"2018-02-10T18:42:55","guid":{"rendered":"https:\/\/dutchhealthstore.com\/product\/sandalwood-nut-oil\/"},"modified":"2025-11-23T13:17:52","modified_gmt":"2025-11-23T12:17:52","slug":"sandalwood-nut-oil","status":"publish","type":"product","link":"https:\/\/dutchhealthstore.com\/de\/product\/sandalwood-nut-oil\/","title":{"rendered":"Sandalwood Nut Carrier Oil"},"content":{"rendered":"<p><strong><img decoding=\"async\" class=\"size-full wp-image-69549 alignright\" src=\"https:\/\/dutchhealthstore.com\/wp-content\/uploads\/2019\/08\/NEW-Living-Libations-Logo.jpg\" alt=\"NEW - Living Libations - Logo\" width=\"175\" height=\"82\">Botanischer Name:<\/strong> Santalum spicatum<br \/>\n<strong>Botanische Familie:<\/strong> Santalaceae<br \/>\n<strong>Extraktionsverfahren:<\/strong> Kalt gepresst<br \/>\n<strong>Teil der Pflanze Destilliert:<\/strong> Nuss<br \/>\n<strong>Herkunftsland:<\/strong> Australien<br \/>\n<strong>Anbaumethode:<\/strong> Bio<br \/>\n<strong>Zusammensetzung:<\/strong> 100% Santalum spicatum<br \/>\n<strong>Konsistenz:<\/strong> Mittel<\/p>\n<h3>Beschreibung des Duftes<\/h3>\n<p>Milde, holzige Basisnoten von gr\u00fcnem Balsam unter subtilen Kopfnoten von nussiger G\u00fcte.<\/p>\n<h3>In Living Libations<\/h3>\n<p>Supreme Sandalwood Serum, Sandalwood Best Skin Ever.<\/p>\n<h3>Gut mischbar mit<\/h3>\n<p>Sandelholz, Weihrauch, Myrrhe, Kamille, Kardamom, Rose Otto, Vetiver, Zitrone, Zistrose, Wei\u00dftanne, Schafgarbe, Lorbeer, Majoran, Bergamotte, Palo Santo und Ylang.<\/p>\n<a href=\"https:\/\/dutchhealthstore.com\/wp-content\/uploads\/2018\/02\/ANALYSIS-Sandalwood-Nut-Carrier-Oil-Living-Libations.pdf\" class=\"button primary is-primary is-small\"  >\n\t\t<span>PRODUKTANALYSE &gt;<\/span>\n\t<\/a>\n\n<h3>Verwendet<\/h3>\n<p>Ein au\u00dfergew\u00f6hnlicher Weichmacher. Serum f\u00fcr alle Hauttypen.<\/p>\n<h3>Botanische Komposition<\/h3>\n<p>Die molekulare Zusammensetzung besteht haupts\u00e4chlich aus l\u00e4ngerkettigen Fetts\u00e4uren, darunter \u00d6ls\u00e4ure (50%) und Ximenins\u00e4ure (30-35%).<\/p>\n<p>Jahrhundertelang verwendeten die australischen Ureinwohner das \u00d6l der Sandelholzn\u00fcsse, um ihr Haar weich zu machen und die Gesichtshaut mit Feuchtigkeit zu versorgen, vor allem in der trockenen W\u00fcstenumgebung. Sandelholzn\u00fcsse werden auch zerkleinert und zu Umschl\u00e4gen verarbeitet, die dann als Maske auf die Gesichtshaut aufgelegt werden und die Haut glatter, weicher und straffer erscheinen lassen.<\/p>\n<p>Die molekulare Zusammensetzung von Sandalwood Nut Oil besteht haupts\u00e4chlich aus l\u00e4ngerkettigen Fetts\u00e4uren, und diese \u00fcppigen Lipide machen das \u00d6l zu etwas Besonderem f\u00fcr die Hautpflege. Dank des Vorhandenseins dieser Lipide kann Sandalwood Nut Oil zur Verbesserung des Aussehens, der Textur, von Narben, schlaffer, kreppiger und trockener Haut verwendet werden.<\/p>\n<p>In Westaustralien befindet sich die gr\u00f6\u00dfte Sandelholzplantage der Welt, ein nachhaltiges St\u00fcck Land, das so gro\u00df ist, dass es die geografische Fl\u00e4che Frankreichs um das Dreifache \u00fcbertrifft! Derzeit werden Partnerschaften mit verschiedenen indigenen St\u00e4mmen aufgebaut, um sie in die \u00f6kologische Bewahrung des Landes und der Sandelholznussb\u00e4ume einzubeziehen.<\/p>\n<p><strong>Gr\u00f6\u00dfe: 15 ml<\/strong><\/p>\n<h3>Bio-Zutaten<\/h3>\n<p>Sandelholznuss (Santalum spicatum) Tr\u00e4ger\u00f6l.<\/p>\n<p><img fetchpriority=\"high\" decoding=\"async\" class=\"size-medium wp-image-68103 aligncenter\" src=\"https:\/\/dutchhealthstore.com\/wp-content\/uploads\/2018\/02\/Living-Libations-Organic-Logo-800x89.png\" alt=\"Living Libations - Organic Logo\" width=\"800\" height=\"89\" srcset=\"https:\/\/dutchhealthstore.com\/wp-content\/uploads\/2018\/02\/Living-Libations-Organic-Logo-800x89.png 800w, https:\/\/dutchhealthstore.com\/wp-content\/uploads\/2018\/02\/Living-Libations-Organic-Logo-510x57.png 510w, https:\/\/dutchhealthstore.com\/wp-content\/uploads\/2018\/02\/Living-Libations-Organic-Logo-768x85.png 768w, https:\/\/dutchhealthstore.com\/wp-content\/uploads\/2018\/02\/Living-Libations-Organic-Logo.png 1400w\" sizes=\"(max-width: 800px) 100vw, 800px\" \/><\/p>\n","protected":false},"excerpt":{"rendered":"<p>Das beruhigende, gl\u00e4ttende, erhabene <strong>Sandalwood Nut Oil<\/strong> ist eines der k\u00f6stlichsten Lipide, die wir je auf unsere Haut aufgetragen haben.<br \/>\nDieses opulente \u00d6l wird frisch gepresst durch das Verfahren der superkritischen Extraktion aus Sandelholzn\u00fcssen, die in der Wildnis Westaustraliens wachsen.<br \/>\nDieses seltene \u00d6l ist zwar schwer zu finden, aber es ist ein uraltes Weichmacher\u00f6l. Sandalwood Nut Oil ist ein Grundnahrungsmittel der australischen Ureinwohner und wird auch heute noch von den indigenen Gemeinschaften verwendet.<\/p>\n","protected":false},"featured_media":337334,"comment_status":"open","ping_status":"closed","template":"","meta":[],"product_brand":[],"product_cat":[1508,1546,6737,1493,1210,511,2022,6736],"product_tag":[8912,1547],"class_list":{"0":"post-123348","1":"product","2":"type-product","3":"status-publish","4":"has-post-thumbnail","6":"product_cat-aetherische-oele-living-libations","7":"product_cat-essential-oils-living-libations-de","8":"product_cat-essential-oils-de-2","9":"product_cat-living-libations-deutschland","10":"product_cat-marken","11":"product_cat-produkte","12":"product_cat-tragerol","13":"product_cat-wellness-de","14":"product_tag-carrier-oil-de","15":"product_tag-essential-oil-de","16":"pa_brand-livinglibations-de","17":"pa_essential-oils-product-type-carrier-oils-de","18":"pa_essential-oils-product-type-essential-oils-de","19":"pa_size-15-ml-de-2","21":"first","22":"instock","23":"taxable","24":"shipping-taxable","25":"purchasable","26":"product-type-simple"},"bundled_by":[],"bundle_stock_status":"instock","bundle_stock_quantity":3,"bundle_virtual":false,"bundle_layout":"","bundle_add_to_cart_form_location":"","bundle_editable_in_cart":false,"bundle_sold_individually_context":"","bundle_item_grouping":"","bundle_min_size":"","bundle_max_size":"","bundle_price":[],"bundled_items":[],"bundle_sell_ids":[],"atum_controlled":true,"out_stock_date":null,"out_stock_threshold":null,"inheritable":false,"stock_on_hold":0,"sold_today":0,"sales_last_days":0,"out_stock_days":0,"lost_sales":0,"update_date":"2026-04-26T00:12:27","atum_locations":[],"atum_stock_status":"instock","restock_status":false,"low_stock_amount":"","sales_update_date":"2026-04-26T00:12:27","calc_backorders":null,"group_of_quantity":0,"min_quantity":0,"max_quantity":"","exclude_order_quantity_value_rules":"no","exclude_category_quantity_rules":"no","combine_variations":"no","yoast_head":"<!-- This site is optimized with the Yoast SEO Premium plugin v26.5 (Yoast SEO v26.5) - https:\/\/yoast.com\/wordpress\/plugins\/seo\/ -->\n<title>Sandalwood Nut Carrier Oil | Living Libations<\/title>\n<meta name=\"description\" content=\"Dieses opulente \u00d6l wird frisch gepresst durch das Verfahren der superkritischen Extraktion aus Sandelholzn\u00fcssen, die in der Wildnis Westaustraliens wachsen.\" \/>\n<meta name=\"robots\" content=\"index, follow, max-snippet:-1, max-image-preview:large, max-video-preview:-1\" \/>\n<link rel=\"canonical\" href=\"https:\/\/dutchhealthstore.com\/de\/product\/sandalwood-nut-oil\/\" \/>\n<meta property=\"og:locale\" content=\"de_DE\" \/>\n<meta property=\"og:type\" content=\"article\" \/>\n<meta property=\"og:title\" content=\"Sandalwood Nut Carrier Oil - Dutch Health Store\" \/>\n<meta property=\"og:description\" content=\"Dieses opulente \u00d6l wird frisch gepresst durch das Verfahren der superkritischen Extraktion aus Sandelholzn\u00fcssen, die in der Wildnis Westaustraliens wachsen.\" \/>\n<meta property=\"og:url\" content=\"https:\/\/dutchhealthstore.com\/de\/product\/sandalwood-nut-oil\/\" \/>\n<meta property=\"og:site_name\" content=\"Dutch Health Store\" \/>\n<meta property=\"article:publisher\" content=\"https:\/\/www.instagram.com\/dutchhealthstore\/\" \/>\n<meta property=\"article:modified_time\" content=\"2025-11-23T12:17:52+00:00\" \/>\n<meta property=\"og:image\" content=\"https:\/\/dutchhealthstore.com\/wp-content\/uploads\/2018\/02\/Living-Libations-Sandalwood-Nut-Carrier-Oil-Round.jpg\" \/>\n\t<meta property=\"og:image:width\" content=\"500\" \/>\n\t<meta property=\"og:image:height\" content=\"500\" \/>\n\t<meta property=\"og:image:type\" content=\"image\/jpeg\" \/>\n<meta name=\"twitter:card\" content=\"summary_large_image\" \/>\n<meta name=\"twitter:label1\" content=\"Preis\" \/>\n\t<meta name=\"twitter:data1\" content=\"&euro;74,00\" \/>\n\t<meta name=\"twitter:label2\" content=\"Verf\u00fcgbarkeit\" \/>\n\t<meta name=\"twitter:data2\" content=\"Auf Lager\" \/>\n<script type=\"application\/ld+json\" class=\"yoast-schema-graph\">{\"@context\":\"https:\/\/schema.org\",\"@graph\":[{\"@type\":\"WebPage\",\"@id\":\"https:\/\/dutchhealthstore.com\/de\/product\/sandalwood-nut-oil\/\",\"url\":\"https:\/\/dutchhealthstore.com\/de\/product\/sandalwood-nut-oil\/\",\"name\":\"Sandalwood Nut Carrier Oil | Living Libations\",\"isPartOf\":{\"@id\":\"https:\/\/dutchhealthstore.com\/de\/#website\"},\"primaryImageOfPage\":{\"@id\":\"https:\/\/dutchhealthstore.com\/de\/product\/sandalwood-nut-oil\/#primaryimage\"},\"image\":{\"@id\":\"https:\/\/dutchhealthstore.com\/de\/product\/sandalwood-nut-oil\/#primaryimage\"},\"thumbnailUrl\":\"https:\/\/dutchhealthstore.com\/wp-content\/uploads\/2018\/02\/Sandalwood-Nut-Carrier-Oil-\u2013-530x530-1.jpg\",\"datePublished\":\"2018-02-10T18:42:55+00:00\",\"dateModified\":\"2025-11-23T12:17:52+00:00\",\"description\":\"Dieses opulente \u00d6l wird frisch gepresst durch das Verfahren der superkritischen Extraktion aus Sandelholzn\u00fcssen, die in der Wildnis Westaustraliens wachsen.\",\"breadcrumb\":{\"@id\":\"https:\/\/dutchhealthstore.com\/de\/product\/sandalwood-nut-oil\/#breadcrumb\"},\"inLanguage\":\"de\",\"potentialAction\":[{\"@type\":\"ReadAction\",\"target\":[\"https:\/\/dutchhealthstore.com\/de\/product\/sandalwood-nut-oil\/\"]}]},{\"@type\":\"ImageObject\",\"inLanguage\":\"de\",\"@id\":\"https:\/\/dutchhealthstore.com\/de\/product\/sandalwood-nut-oil\/#primaryimage\",\"url\":\"https:\/\/dutchhealthstore.com\/wp-content\/uploads\/2018\/02\/Sandalwood-Nut-Carrier-Oil-\u2013-530x530-1.jpg\",\"contentUrl\":\"https:\/\/dutchhealthstore.com\/wp-content\/uploads\/2018\/02\/Sandalwood-Nut-Carrier-Oil-\u2013-530x530-1.jpg\",\"width\":530,\"height\":530},{\"@type\":\"BreadcrumbList\",\"@id\":\"https:\/\/dutchhealthstore.com\/de\/product\/sandalwood-nut-oil\/#breadcrumb\",\"itemListElement\":[{\"@type\":\"ListItem\",\"position\":1,\"name\":\"Home\",\"item\":\"https:\/\/dutchhealthstore.com\/de\/\"},{\"@type\":\"ListItem\",\"position\":2,\"name\":\"Shop\",\"item\":\"https:\/\/dutchhealthstore.com\/de\/shop-2\/\"},{\"@type\":\"ListItem\",\"position\":3,\"name\":\"Sandalwood Nut Carrier Oil\"}]},{\"@type\":\"WebSite\",\"@id\":\"https:\/\/dutchhealthstore.com\/de\/#website\",\"url\":\"https:\/\/dutchhealthstore.com\/de\/\",\"name\":\"Dutch Health Store\",\"description\":\"Enhance Your Beauty with Organic &amp; Natural Skincare\",\"publisher\":{\"@id\":\"https:\/\/dutchhealthstore.com\/de\/#organization\"},\"potentialAction\":[{\"@type\":\"SearchAction\",\"target\":{\"@type\":\"EntryPoint\",\"urlTemplate\":\"https:\/\/dutchhealthstore.com\/de\/?s={search_term_string}\"},\"query-input\":{\"@type\":\"PropertyValueSpecification\",\"valueRequired\":true,\"valueName\":\"search_term_string\"}}],\"inLanguage\":\"de\"},{\"@type\":\"Organization\",\"@id\":\"https:\/\/dutchhealthstore.com\/de\/#organization\",\"name\":\"Dutch Health Store\",\"url\":\"https:\/\/dutchhealthstore.com\/de\/\",\"logo\":{\"@type\":\"ImageObject\",\"inLanguage\":\"de\",\"@id\":\"https:\/\/dutchhealthstore.com\/de\/#\/schema\/logo\/image\/\",\"url\":\"https:\/\/dutchhealthstore.com\/wp-content\/uploads\/2020\/08\/logo-dutchhealthstore-jpg-e1599484957574.jpg\",\"contentUrl\":\"https:\/\/dutchhealthstore.com\/wp-content\/uploads\/2020\/08\/logo-dutchhealthstore-jpg-e1599484957574.jpg\",\"width\":400,\"height\":62,\"caption\":\"Dutch Health Store\"},\"image\":{\"@id\":\"https:\/\/dutchhealthstore.com\/de\/#\/schema\/logo\/image\/\"},\"sameAs\":[\"https:\/\/www.instagram.com\/dutchhealthstore\/\",\"https:\/\/www.facebook.com\/dutchhealthstore\"]}]}<\/script>\n<meta property=\"product:brand\" content=\"Living Libations\" \/>\n<meta property=\"product:price:amount\" content=\"74.00\" \/>\n<meta property=\"product:price:currency\" content=\"EUR\" \/>\n<meta property=\"og:availability\" content=\"instock\" \/>\n<meta property=\"product:availability\" content=\"instock\" \/>\n<meta property=\"product:condition\" content=\"new\" \/>\n<!-- \/ Yoast SEO Premium plugin. -->","yoast_head_json":{"title":"Sandalwood Nut Carrier Oil | Living Libations","description":"Dieses opulente \u00d6l wird frisch gepresst durch das Verfahren der superkritischen Extraktion aus Sandelholzn\u00fcssen, die in der Wildnis Westaustraliens wachsen.","robots":{"index":"index","follow":"follow","max-snippet":"max-snippet:-1","max-image-preview":"max-image-preview:large","max-video-preview":"max-video-preview:-1"},"canonical":"https:\/\/dutchhealthstore.com\/de\/product\/sandalwood-nut-oil\/","og_locale":"de_DE","og_type":"article","og_title":"Sandalwood Nut Carrier Oil - Dutch Health Store","og_description":"Dieses opulente \u00d6l wird frisch gepresst durch das Verfahren der superkritischen Extraktion aus Sandelholzn\u00fcssen, die in der Wildnis Westaustraliens wachsen.","og_url":"https:\/\/dutchhealthstore.com\/de\/product\/sandalwood-nut-oil\/","og_site_name":"Dutch Health Store","article_publisher":"https:\/\/www.instagram.com\/dutchhealthstore\/","article_modified_time":"2025-11-23T12:17:52+00:00","og_image":[{"width":500,"height":500,"url":"https:\/\/dutchhealthstore.com\/wp-content\/uploads\/2018\/02\/Living-Libations-Sandalwood-Nut-Carrier-Oil-Round.jpg","type":"image\/jpeg"}],"twitter_card":"summary_large_image","twitter_misc":{"Preis":"&euro;74,00","Verf\u00fcgbarkeit":"Auf Lager"},"schema":{"@context":"https:\/\/schema.org","@graph":[{"@type":"WebPage","@id":"https:\/\/dutchhealthstore.com\/de\/product\/sandalwood-nut-oil\/","url":"https:\/\/dutchhealthstore.com\/de\/product\/sandalwood-nut-oil\/","name":"Sandalwood Nut Carrier Oil | Living Libations","isPartOf":{"@id":"https:\/\/dutchhealthstore.com\/de\/#website"},"primaryImageOfPage":{"@id":"https:\/\/dutchhealthstore.com\/de\/product\/sandalwood-nut-oil\/#primaryimage"},"image":{"@id":"https:\/\/dutchhealthstore.com\/de\/product\/sandalwood-nut-oil\/#primaryimage"},"thumbnailUrl":"https:\/\/dutchhealthstore.com\/wp-content\/uploads\/2018\/02\/Sandalwood-Nut-Carrier-Oil-\u2013-530x530-1.jpg","datePublished":"2018-02-10T18:42:55+00:00","dateModified":"2025-11-23T12:17:52+00:00","description":"Dieses opulente \u00d6l wird frisch gepresst durch das Verfahren der superkritischen Extraktion aus Sandelholzn\u00fcssen, die in der Wildnis Westaustraliens wachsen.","breadcrumb":{"@id":"https:\/\/dutchhealthstore.com\/de\/product\/sandalwood-nut-oil\/#breadcrumb"},"inLanguage":"de","potentialAction":[{"@type":"ReadAction","target":["https:\/\/dutchhealthstore.com\/de\/product\/sandalwood-nut-oil\/"]}]},{"@type":"ImageObject","inLanguage":"de","@id":"https:\/\/dutchhealthstore.com\/de\/product\/sandalwood-nut-oil\/#primaryimage","url":"https:\/\/dutchhealthstore.com\/wp-content\/uploads\/2018\/02\/Sandalwood-Nut-Carrier-Oil-\u2013-530x530-1.jpg","contentUrl":"https:\/\/dutchhealthstore.com\/wp-content\/uploads\/2018\/02\/Sandalwood-Nut-Carrier-Oil-\u2013-530x530-1.jpg","width":530,"height":530},{"@type":"BreadcrumbList","@id":"https:\/\/dutchhealthstore.com\/de\/product\/sandalwood-nut-oil\/#breadcrumb","itemListElement":[{"@type":"ListItem","position":1,"name":"Home","item":"https:\/\/dutchhealthstore.com\/de\/"},{"@type":"ListItem","position":2,"name":"Shop","item":"https:\/\/dutchhealthstore.com\/de\/shop-2\/"},{"@type":"ListItem","position":3,"name":"Sandalwood Nut Carrier Oil"}]},{"@type":"WebSite","@id":"https:\/\/dutchhealthstore.com\/de\/#website","url":"https:\/\/dutchhealthstore.com\/de\/","name":"Dutch Health Store","description":"Enhance Your Beauty with Organic &amp; Natural Skincare","publisher":{"@id":"https:\/\/dutchhealthstore.com\/de\/#organization"},"potentialAction":[{"@type":"SearchAction","target":{"@type":"EntryPoint","urlTemplate":"https:\/\/dutchhealthstore.com\/de\/?s={search_term_string}"},"query-input":{"@type":"PropertyValueSpecification","valueRequired":true,"valueName":"search_term_string"}}],"inLanguage":"de"},{"@type":"Organization","@id":"https:\/\/dutchhealthstore.com\/de\/#organization","name":"Dutch Health Store","url":"https:\/\/dutchhealthstore.com\/de\/","logo":{"@type":"ImageObject","inLanguage":"de","@id":"https:\/\/dutchhealthstore.com\/de\/#\/schema\/logo\/image\/","url":"https:\/\/dutchhealthstore.com\/wp-content\/uploads\/2020\/08\/logo-dutchhealthstore-jpg-e1599484957574.jpg","contentUrl":"https:\/\/dutchhealthstore.com\/wp-content\/uploads\/2020\/08\/logo-dutchhealthstore-jpg-e1599484957574.jpg","width":400,"height":62,"caption":"Dutch Health Store"},"image":{"@id":"https:\/\/dutchhealthstore.com\/de\/#\/schema\/logo\/image\/"},"sameAs":["https:\/\/www.instagram.com\/dutchhealthstore\/","https:\/\/www.facebook.com\/dutchhealthstore"]}]},"product_brand":"Living Libations","product_price_amount":"74.00","product_price_currency":"EUR","og_availability":"instock","product_availability":"instock","product_condition":"new"},"_links":{"self":[{"href":"https:\/\/dutchhealthstore.com\/de\/wp-json\/wp\/v2\/product\/123348","targetHints":{"allow":["GET"]}}],"collection":[{"href":"https:\/\/dutchhealthstore.com\/de\/wp-json\/wp\/v2\/product"}],"about":[{"href":"https:\/\/dutchhealthstore.com\/de\/wp-json\/wp\/v2\/types\/product"}],"replies":[{"embeddable":true,"href":"https:\/\/dutchhealthstore.com\/de\/wp-json\/wp\/v2\/comments?post=123348"}],"wp:featuredmedia":[{"embeddable":true,"href":"https:\/\/dutchhealthstore.com\/de\/wp-json\/wp\/v2\/media\/337334"}],"wp:attachment":[{"href":"https:\/\/dutchhealthstore.com\/de\/wp-json\/wp\/v2\/media?parent=123348"}],"wp:term":[{"taxonomy":"product_brand","embeddable":true,"href":"https:\/\/dutchhealthstore.com\/de\/wp-json\/wp\/v2\/product_brand?post=123348"},{"taxonomy":"product_cat","embeddable":true,"href":"https:\/\/dutchhealthstore.com\/de\/wp-json\/wp\/v2\/product_cat?post=123348"},{"taxonomy":"product_tag","embeddable":true,"href":"https:\/\/dutchhealthstore.com\/de\/wp-json\/wp\/v2\/product_tag?post=123348"}],"curies":[{"name":"wp","href":"https:\/\/api.w.org\/{rel}","templated":true}]}}