{"id":123341,"date":"2018-02-10T19:48:13","date_gmt":"2018-02-10T18:48:13","guid":{"rendered":"https:\/\/dutchhealthstore.com\/product\/sandalwood-essential-oil\/"},"modified":"2026-03-23T10:30:20","modified_gmt":"2026-03-23T09:30:20","slug":"sandalwood-essential-oil","status":"publish","type":"product","link":"https:\/\/dutchhealthstore.com\/de\/product\/sandalwood-essential-oil\/","title":{"rendered":"Sandalwood Essential Oil"},"content":{"rendered":"<p><img decoding=\"async\" class=\"alignright size-full wp-image-37041\" src=\"https:\/\/dutchhealthstore.com\/wp-content\/uploads\/2018\/04\/Living_Libations-1.png\" alt=\"Organic &amp; Natural Beautyproducts - Living Libations\" width=\"175\" height=\"82\"><\/p>\n<p><strong>Botanischer Name:<\/strong> Santalum album  <strong>Botanische Familie:<\/strong> Santalaceae  <strong>Extraktionsmethode:<\/strong> Dampfdestilliert  <strong>Teil der Pflanze Destilliert:<\/strong> Kernholz  <strong>Herkunftsland:<\/strong>  Australien  <strong>Kultivierungsmethode:<\/strong>  Ethisch geerntet  <strong>Zusammensetzung:<\/strong>  100% Santalum spicatum  <strong>Konsistenz:<\/strong>  Dickes  <\/p>\n<h3>Beschreibung des Duftes<\/h3>\n<p>  S\u00fc\u00dfer Honig-Sirup mit holzigen, euphorischen balsamischen Untert\u00f6nen.  <\/p>\n<h3>In Living Libations<\/h3>\n<p>  Alle Poetic Pits (au\u00dfer Myrrh Poetic Pits), Secret Land of Is Cologne, Soothsayer Serum und Everybody Loves the Sunshine.  <\/p>\n<h3>Gut mischbar mit<\/h3>\n<p>  Lavendel, Rose Otto, Geranie, Weihrauch, Palo Santo, Kardamom, Zitronengras, Grapefruit, Wei\u00dftanne, Myrrhe, Spikenard und Vanille.<\/p>\n<a href=\"https:\/\/dutchhealthstore.com\/wp-content\/uploads\/2018\/02\/ANALYSIS-Sandalwood-Essential-Oil-Living-Libations.pdf\" class=\"button primary is-primary is-small\"  >\n\t\t<span>ANALYSE DER \u00c4THERISCHEN \u00d6LE &gt;<\/span>\n\t<\/a>\n\n<h3>Verwendet<\/h3>\n<p>  Beruhigendes Tonikum. Als Zusatz zu Shampoos, Sp\u00fclungen und Haar\u00f6len sorgt es f\u00fcr gl\u00e4nzende, wohlriechende Locken. Wunderbares und wirksames Deodorant. Hervorragend geeignet, um das Erscheinungsbild von Narben, Flecken, feinen Linien, Melasma und der Hauttextur zu mildern.  <\/p>\n<h3>Inhaltsstoffe<\/h3>\n<p>  Enth\u00e4lt die Monoterpene Alpha-Santalol und Beta-Santalol. Die himmlisch duftende Sandelholz-Essenz wird nach ethischen Grunds\u00e4tzen aus dem Kernholz des aromatischen Baumes geerntet und dampfdestilliert. Der Sandelholzbaum w\u00e4chst 30 Jahre lang, bevor er beginnt, \u00d6l zu produzieren, so dass jede Flasche des luxuri\u00f6sen Sandalwood Essential Oil mindestens drei Jahrzehnte in der Entwicklung ist. Sandelholz ist einer der wichtigsten Bestandteile alter Parf\u00fcms und beruhigt empfindliche und trockene Haut. Sie spendet viel Feuchtigkeit und wird seit jeher verwendet, um hei\u00dfe und trockene Haut zu k\u00fchlen und zu s\u00e4ttigen. Wissenschaftliche Studien zeigen, dass die im Sandalwood Essential Oil enthaltenen Monoterpene die Haut und insbesondere die Hornschicht straffen, was erkl\u00e4rt, warum Sandelholz seit der Antike ein wichtiger Bestandteil der nat\u00fcrlichen Haar- und Hautpflege ist. Beruhigendes Sandelholz, seit Tausenden von Jahren heilig, beschleunigt die Wiederherstellung der Haut, lindert Melasma und reduziert das Erscheinungsbild von Narben. Dieser uralte, amour\u00f6se Duftstoff enth\u00e4lt auch ein pflanzliches Pheromon, das dem Androsteron \u00e4hnelt, dem Pheromonsekret der Achselh\u00f6hle, das als Sexualsignal wirkt. Dies macht es zu einem schneidigen Deodorant, das sehr wirksam ist, wenn man einfach einen Tropfen auf jede Achselh\u00f6hle auftr\u00e4gt. Unser \u00e4therisches Sandelholz\u00f6l beruhigt, w\u00e4hrend es belebt, energetisiert, w\u00e4hrend es ausgleicht, und schafft ein Gef\u00fchl des Feierns k\u00f6stlicher Sch\u00f6nheit.  <\/p>\n<h3>Organic Ingredients<\/h3>\n<p>  100% \u00e4therisches Sandelholz\u00f6l (Santalum album).  <\/p>\n<p style=\"text-align: center;\"><em>&#8222;Die beruhigende, harmonisierende und ausgleichende Wirkung von Sandelholz wirkt wie tiefe, langsame Wellen.&#8220;<\/em> ~ Suzanne Fischer-Rizzi, <strong>Das komplette Handbuch der Aromatherapie<\/strong><\/p>\n<p style=\"text-align: center;\"><em>&#8222;Das \u00e4therische \u00d6l (des Sandelholzes) ist ein h\u00e4ufiger Bestandteil exotischer Parfums und K\u00f6lnischwasser und wird schon seit 4.000 Jahren verwendet. In vielen tropischen L\u00e4ndern mischen Frauen das \u00e4therische \u00d6l des Sandelholzes mit Kokosnuss\u00f6l und reiben es in ihr Haar, um einen sch\u00f6nen Glanz und Duft zu erhalten.&#8220;<\/em> ~ Brigitte Mars, <strong>Sch\u00f6nheit durch Natur<\/strong><\/p>\n<p style=\"text-align: center;\"><em>&#8222;Avicenna schrieb, dass der Duft von Sandelholz &#8222;die Leidenschaften des Herzens heilt und erheiternd wirkt.&#8220;<\/em> ~ Julia Lawless, <strong>Aromatherapie und der Geist<\/strong><\/p>\n<p style=\"text-align: center;\"><em>&#8222;Das aus Sandelholz gewonnene Duft\u00f6l hat viele wichtige kulturelle Assoziationen und Anwendungen. Die Yogis behaupten, dass Sandelholz der &#8218;Duft des subtilen K\u00f6rpers&#8216; ist, und in der tantrischen Praxis wird es von M\u00e4nnern verwendet, um die Kundalini-Energie zu erwecken und sie in einen erleuchteten Geist zu verwandeln.&#8220;<\/em> ~ Jennifer Peace Rhind, <strong>Parf\u00fcm und Wohlbefinden<\/strong><\/p>\n<p style=\"text-align: center;\"><em>&#8222;Ein Duft, der sich nach dem Universum ausstreckt, in den geheiligten Raum zwischen Himmel und Erde, um mit der g\u00f6ttlichen Gegenwart in Kontakt zu treten. Sandelholz bringt unsere Weisheit in einen meditativen Zustand und bringt uns zur Ruhe, so dass wir den Chorgesang der universellen Seele h\u00f6ren und uns daran erfreuen k\u00f6nnen.<\/em> ~ Valerie Ann Worwood, <strong>Aromatherapie f\u00fcr die Seele.<\/strong><\/p>\n<p>&nbsp;<\/p>\n<p><img fetchpriority=\"high\" decoding=\"async\" class=\"size-medium wp-image-68103 aligncenter\" src=\"https:\/\/dutchhealthstore.com\/wp-content\/uploads\/2018\/02\/Living-Libations-Organic-Logo-800x89.png\" alt=\"Living Libations - Organic Logo\" width=\"800\" height=\"89\" srcset=\"https:\/\/dutchhealthstore.com\/wp-content\/uploads\/2018\/02\/Living-Libations-Organic-Logo-800x89.png 800w, https:\/\/dutchhealthstore.com\/wp-content\/uploads\/2018\/02\/Living-Libations-Organic-Logo-510x57.png 510w, https:\/\/dutchhealthstore.com\/wp-content\/uploads\/2018\/02\/Living-Libations-Organic-Logo-768x85.png 768w, https:\/\/dutchhealthstore.com\/wp-content\/uploads\/2018\/02\/Living-Libations-Organic-Logo.png 1400w\" sizes=\"(max-width: 800px) 100vw, 800px\" \/><\/p>\n","protected":false},"excerpt":{"rendered":"<p><strong>Sandelholz\u00f6l<\/strong> ist ein beliebtes Parf\u00fcm, K\u00f6rper\u00f6l und Haarpflegemittel f\u00fcr Frauen auf der ganzen Welt. Es ist auch ein starkes antibakterielles und antivirales Mittel. Harnwegsinfektionen, Tripper, Halsverstopfung, Pilzinfektionen und sogar das Herpesvirus k\u00f6nnen der Kraft des Sandelholzes nicht das Wasser reichen. Seeleute verwendeten Sandelholz, um den Ausbruch von Kr\u00e4tze einzud\u00e4mmen, und es wurde traditionell verwendet, um \u00fcberhitzte und dehydrierte Menschen zu k\u00fchlen und zu s\u00e4ttigen.<\/p>\n","protected":false},"featured_media":337329,"comment_status":"open","ping_status":"closed","template":"","meta":[],"product_brand":[],"product_cat":[1546,6737,1508,1493,1210,511,6736],"product_tag":[1547],"class_list":{"0":"post-123341","1":"product","2":"type-product","3":"status-publish","4":"has-post-thumbnail","6":"product_cat-essential-oils-living-libations-de","7":"product_cat-essential-oils-de-2","8":"product_cat-aetherische-oele-living-libations","9":"product_cat-living-libations-deutschland","10":"product_cat-marken","11":"product_cat-produkte","12":"product_cat-wellness-de","13":"product_tag-essential-oil-de","14":"pa_brand-livinglibations-de","15":"pa_essential-oils-product-type-essential-oils-de","16":"pa_size-5-ml-de","17":"pa_size-15-ml-de-2","18":"pa_size-30-ml-de","20":"first","21":"instock","22":"taxable","23":"shipping-taxable","24":"purchasable","25":"product-type-variable"},"bundled_by":[],"bundle_stock_status":"instock","bundle_stock_quantity":null,"bundle_virtual":false,"bundle_layout":"","bundle_add_to_cart_form_location":"","bundle_editable_in_cart":false,"bundle_sold_individually_context":"","bundle_item_grouping":"","bundle_min_size":"","bundle_max_size":"","bundle_price":[],"bundled_items":[],"bundle_sell_ids":[],"atum_controlled":true,"out_stock_date":null,"out_stock_threshold":null,"inheritable":true,"stock_on_hold":0,"sold_today":0,"sales_last_days":1,"out_stock_days":0,"lost_sales":0,"update_date":"2026-04-07T06:57:36","atum_locations":[],"atum_stock_status":"instock","restock_status":false,"low_stock_amount":"","sales_update_date":"2026-04-07T06:57:36","calc_backorders":null,"group_of_quantity":0,"min_quantity":0,"max_quantity":"","exclude_order_quantity_value_rules":"no","exclude_category_quantity_rules":"no","combine_variations":"no","yoast_head":"<!-- This site is optimized with the Yoast SEO Premium plugin v26.5 (Yoast SEO v26.5) - https:\/\/yoast.com\/wordpress\/plugins\/seo\/ -->\n<title>Sandalwood Essential Oil | Living Libations<\/title>\n<meta name=\"description\" content=\"Sandelholz\u00f6l ist ein beliebtes Parf\u00fcm, K\u00f6rper\u00f6l und Haarbehandlung f\u00fcr Frauen auf der ganzen Welt. Es ist auch ein starkes antibakterielles und antivirales Mittel.\" \/>\n<meta name=\"robots\" content=\"index, follow, max-snippet:-1, max-image-preview:large, max-video-preview:-1\" \/>\n<link rel=\"canonical\" href=\"https:\/\/dutchhealthstore.com\/de\/product\/sandalwood-essential-oil\/\" \/>\n<meta property=\"og:locale\" content=\"de_DE\" \/>\n<meta property=\"og:type\" content=\"article\" \/>\n<meta property=\"og:title\" content=\"Sandalwood Essential Oil - Dutch Health Store\" \/>\n<meta property=\"og:description\" content=\"Sandelholz\u00f6l ist ein beliebtes Parf\u00fcm, K\u00f6rper\u00f6l und Haarbehandlung f\u00fcr Frauen auf der ganzen Welt. Es ist auch ein starkes antibakterielles und antivirales Mittel.\" \/>\n<meta property=\"og:url\" content=\"https:\/\/dutchhealthstore.com\/de\/product\/sandalwood-essential-oil\/\" \/>\n<meta property=\"og:site_name\" content=\"Dutch Health Store\" \/>\n<meta property=\"article:publisher\" content=\"https:\/\/www.instagram.com\/dutchhealthstore\/\" \/>\n<meta property=\"article:modified_time\" content=\"2026-03-23T09:30:20+00:00\" \/>\n<meta property=\"og:image\" content=\"https:\/\/dutchhealthstore.com\/wp-content\/uploads\/2018\/02\/Living-Libations-Sandalwood-Essential-Oil-Round.jpg\" \/>\n\t<meta property=\"og:image:width\" content=\"500\" \/>\n\t<meta property=\"og:image:height\" content=\"500\" \/>\n\t<meta property=\"og:image:type\" content=\"image\/jpeg\" \/>\n<meta name=\"twitter:card\" content=\"summary_large_image\" \/>\n<meta name=\"twitter:label1\" content=\"Verf\u00fcgbarkeit\" \/>\n\t<meta name=\"twitter:data1\" content=\"Auf Lager\" \/>\n<script type=\"application\/ld+json\" class=\"yoast-schema-graph\">{\"@context\":\"https:\/\/schema.org\",\"@graph\":[{\"@type\":\"WebPage\",\"@id\":\"https:\/\/dutchhealthstore.com\/de\/product\/sandalwood-essential-oil\/\",\"url\":\"https:\/\/dutchhealthstore.com\/de\/product\/sandalwood-essential-oil\/\",\"name\":\"Sandalwood Essential Oil | Living Libations\",\"isPartOf\":{\"@id\":\"https:\/\/dutchhealthstore.com\/de\/#website\"},\"primaryImageOfPage\":{\"@id\":\"https:\/\/dutchhealthstore.com\/de\/product\/sandalwood-essential-oil\/#primaryimage\"},\"image\":{\"@id\":\"https:\/\/dutchhealthstore.com\/de\/product\/sandalwood-essential-oil\/#primaryimage\"},\"thumbnailUrl\":\"https:\/\/dutchhealthstore.com\/wp-content\/uploads\/2018\/02\/Sandalwood-Essential-\u2013-530x530-1.jpg\",\"datePublished\":\"2018-02-10T18:48:13+00:00\",\"dateModified\":\"2026-03-23T09:30:20+00:00\",\"description\":\"Sandelholz\u00f6l ist ein beliebtes Parf\u00fcm, K\u00f6rper\u00f6l und Haarbehandlung f\u00fcr Frauen auf der ganzen Welt. Es ist auch ein starkes antibakterielles und antivirales Mittel.\",\"breadcrumb\":{\"@id\":\"https:\/\/dutchhealthstore.com\/de\/product\/sandalwood-essential-oil\/#breadcrumb\"},\"inLanguage\":\"de\",\"potentialAction\":[{\"@type\":\"ReadAction\",\"target\":[\"https:\/\/dutchhealthstore.com\/de\/product\/sandalwood-essential-oil\/\"]}]},{\"@type\":\"ImageObject\",\"inLanguage\":\"de\",\"@id\":\"https:\/\/dutchhealthstore.com\/de\/product\/sandalwood-essential-oil\/#primaryimage\",\"url\":\"https:\/\/dutchhealthstore.com\/wp-content\/uploads\/2018\/02\/Sandalwood-Essential-\u2013-530x530-1.jpg\",\"contentUrl\":\"https:\/\/dutchhealthstore.com\/wp-content\/uploads\/2018\/02\/Sandalwood-Essential-\u2013-530x530-1.jpg\",\"width\":530,\"height\":530},{\"@type\":\"BreadcrumbList\",\"@id\":\"https:\/\/dutchhealthstore.com\/de\/product\/sandalwood-essential-oil\/#breadcrumb\",\"itemListElement\":[{\"@type\":\"ListItem\",\"position\":1,\"name\":\"Home\",\"item\":\"https:\/\/dutchhealthstore.com\/de\/\"},{\"@type\":\"ListItem\",\"position\":2,\"name\":\"Shop\",\"item\":\"https:\/\/dutchhealthstore.com\/de\/shop-2\/\"},{\"@type\":\"ListItem\",\"position\":3,\"name\":\"Sandalwood Essential Oil\"}]},{\"@type\":\"WebSite\",\"@id\":\"https:\/\/dutchhealthstore.com\/de\/#website\",\"url\":\"https:\/\/dutchhealthstore.com\/de\/\",\"name\":\"Dutch Health Store\",\"description\":\"Enhance Your Beauty with Organic &amp; Natural Skincare\",\"publisher\":{\"@id\":\"https:\/\/dutchhealthstore.com\/de\/#organization\"},\"potentialAction\":[{\"@type\":\"SearchAction\",\"target\":{\"@type\":\"EntryPoint\",\"urlTemplate\":\"https:\/\/dutchhealthstore.com\/de\/?s={search_term_string}\"},\"query-input\":{\"@type\":\"PropertyValueSpecification\",\"valueRequired\":true,\"valueName\":\"search_term_string\"}}],\"inLanguage\":\"de\"},{\"@type\":\"Organization\",\"@id\":\"https:\/\/dutchhealthstore.com\/de\/#organization\",\"name\":\"Dutch Health Store\",\"url\":\"https:\/\/dutchhealthstore.com\/de\/\",\"logo\":{\"@type\":\"ImageObject\",\"inLanguage\":\"de\",\"@id\":\"https:\/\/dutchhealthstore.com\/de\/#\/schema\/logo\/image\/\",\"url\":\"https:\/\/dutchhealthstore.com\/wp-content\/uploads\/2020\/08\/logo-dutchhealthstore-jpg-e1599484957574.jpg\",\"contentUrl\":\"https:\/\/dutchhealthstore.com\/wp-content\/uploads\/2020\/08\/logo-dutchhealthstore-jpg-e1599484957574.jpg\",\"width\":400,\"height\":62,\"caption\":\"Dutch Health Store\"},\"image\":{\"@id\":\"https:\/\/dutchhealthstore.com\/de\/#\/schema\/logo\/image\/\"},\"sameAs\":[\"https:\/\/www.instagram.com\/dutchhealthstore\/\",\"https:\/\/www.facebook.com\/dutchhealthstore\"]}]}<\/script>\n<meta property=\"product:brand\" content=\"Living Libations\" \/>\n<meta property=\"og:availability\" content=\"instock\" \/>\n<meta property=\"product:availability\" content=\"instock\" \/>\n<meta property=\"product:condition\" content=\"new\" \/>\n<!-- \/ Yoast SEO Premium plugin. -->","yoast_head_json":{"title":"Sandalwood Essential Oil | Living Libations","description":"Sandelholz\u00f6l ist ein beliebtes Parf\u00fcm, K\u00f6rper\u00f6l und Haarbehandlung f\u00fcr Frauen auf der ganzen Welt. Es ist auch ein starkes antibakterielles und antivirales Mittel.","robots":{"index":"index","follow":"follow","max-snippet":"max-snippet:-1","max-image-preview":"max-image-preview:large","max-video-preview":"max-video-preview:-1"},"canonical":"https:\/\/dutchhealthstore.com\/de\/product\/sandalwood-essential-oil\/","og_locale":"de_DE","og_type":"article","og_title":"Sandalwood Essential Oil - Dutch Health Store","og_description":"Sandelholz\u00f6l ist ein beliebtes Parf\u00fcm, K\u00f6rper\u00f6l und Haarbehandlung f\u00fcr Frauen auf der ganzen Welt. Es ist auch ein starkes antibakterielles und antivirales Mittel.","og_url":"https:\/\/dutchhealthstore.com\/de\/product\/sandalwood-essential-oil\/","og_site_name":"Dutch Health Store","article_publisher":"https:\/\/www.instagram.com\/dutchhealthstore\/","article_modified_time":"2026-03-23T09:30:20+00:00","og_image":[{"width":500,"height":500,"url":"https:\/\/dutchhealthstore.com\/wp-content\/uploads\/2018\/02\/Living-Libations-Sandalwood-Essential-Oil-Round.jpg","type":"image\/jpeg"}],"twitter_card":"summary_large_image","twitter_misc":{"Verf\u00fcgbarkeit":"Auf Lager"},"schema":{"@context":"https:\/\/schema.org","@graph":[{"@type":"WebPage","@id":"https:\/\/dutchhealthstore.com\/de\/product\/sandalwood-essential-oil\/","url":"https:\/\/dutchhealthstore.com\/de\/product\/sandalwood-essential-oil\/","name":"Sandalwood Essential Oil | Living Libations","isPartOf":{"@id":"https:\/\/dutchhealthstore.com\/de\/#website"},"primaryImageOfPage":{"@id":"https:\/\/dutchhealthstore.com\/de\/product\/sandalwood-essential-oil\/#primaryimage"},"image":{"@id":"https:\/\/dutchhealthstore.com\/de\/product\/sandalwood-essential-oil\/#primaryimage"},"thumbnailUrl":"https:\/\/dutchhealthstore.com\/wp-content\/uploads\/2018\/02\/Sandalwood-Essential-\u2013-530x530-1.jpg","datePublished":"2018-02-10T18:48:13+00:00","dateModified":"2026-03-23T09:30:20+00:00","description":"Sandelholz\u00f6l ist ein beliebtes Parf\u00fcm, K\u00f6rper\u00f6l und Haarbehandlung f\u00fcr Frauen auf der ganzen Welt. Es ist auch ein starkes antibakterielles und antivirales Mittel.","breadcrumb":{"@id":"https:\/\/dutchhealthstore.com\/de\/product\/sandalwood-essential-oil\/#breadcrumb"},"inLanguage":"de","potentialAction":[{"@type":"ReadAction","target":["https:\/\/dutchhealthstore.com\/de\/product\/sandalwood-essential-oil\/"]}]},{"@type":"ImageObject","inLanguage":"de","@id":"https:\/\/dutchhealthstore.com\/de\/product\/sandalwood-essential-oil\/#primaryimage","url":"https:\/\/dutchhealthstore.com\/wp-content\/uploads\/2018\/02\/Sandalwood-Essential-\u2013-530x530-1.jpg","contentUrl":"https:\/\/dutchhealthstore.com\/wp-content\/uploads\/2018\/02\/Sandalwood-Essential-\u2013-530x530-1.jpg","width":530,"height":530},{"@type":"BreadcrumbList","@id":"https:\/\/dutchhealthstore.com\/de\/product\/sandalwood-essential-oil\/#breadcrumb","itemListElement":[{"@type":"ListItem","position":1,"name":"Home","item":"https:\/\/dutchhealthstore.com\/de\/"},{"@type":"ListItem","position":2,"name":"Shop","item":"https:\/\/dutchhealthstore.com\/de\/shop-2\/"},{"@type":"ListItem","position":3,"name":"Sandalwood Essential Oil"}]},{"@type":"WebSite","@id":"https:\/\/dutchhealthstore.com\/de\/#website","url":"https:\/\/dutchhealthstore.com\/de\/","name":"Dutch Health Store","description":"Enhance Your Beauty with Organic &amp; Natural Skincare","publisher":{"@id":"https:\/\/dutchhealthstore.com\/de\/#organization"},"potentialAction":[{"@type":"SearchAction","target":{"@type":"EntryPoint","urlTemplate":"https:\/\/dutchhealthstore.com\/de\/?s={search_term_string}"},"query-input":{"@type":"PropertyValueSpecification","valueRequired":true,"valueName":"search_term_string"}}],"inLanguage":"de"},{"@type":"Organization","@id":"https:\/\/dutchhealthstore.com\/de\/#organization","name":"Dutch Health Store","url":"https:\/\/dutchhealthstore.com\/de\/","logo":{"@type":"ImageObject","inLanguage":"de","@id":"https:\/\/dutchhealthstore.com\/de\/#\/schema\/logo\/image\/","url":"https:\/\/dutchhealthstore.com\/wp-content\/uploads\/2020\/08\/logo-dutchhealthstore-jpg-e1599484957574.jpg","contentUrl":"https:\/\/dutchhealthstore.com\/wp-content\/uploads\/2020\/08\/logo-dutchhealthstore-jpg-e1599484957574.jpg","width":400,"height":62,"caption":"Dutch Health Store"},"image":{"@id":"https:\/\/dutchhealthstore.com\/de\/#\/schema\/logo\/image\/"},"sameAs":["https:\/\/www.instagram.com\/dutchhealthstore\/","https:\/\/www.facebook.com\/dutchhealthstore"]}]},"product_brand":"Living Libations","og_availability":"instock","product_availability":"instock","product_condition":"new"},"_links":{"self":[{"href":"https:\/\/dutchhealthstore.com\/de\/wp-json\/wp\/v2\/product\/123341","targetHints":{"allow":["GET"]}}],"collection":[{"href":"https:\/\/dutchhealthstore.com\/de\/wp-json\/wp\/v2\/product"}],"about":[{"href":"https:\/\/dutchhealthstore.com\/de\/wp-json\/wp\/v2\/types\/product"}],"replies":[{"embeddable":true,"href":"https:\/\/dutchhealthstore.com\/de\/wp-json\/wp\/v2\/comments?post=123341"}],"wp:featuredmedia":[{"embeddable":true,"href":"https:\/\/dutchhealthstore.com\/de\/wp-json\/wp\/v2\/media\/337329"}],"wp:attachment":[{"href":"https:\/\/dutchhealthstore.com\/de\/wp-json\/wp\/v2\/media?parent=123341"}],"wp:term":[{"taxonomy":"product_brand","embeddable":true,"href":"https:\/\/dutchhealthstore.com\/de\/wp-json\/wp\/v2\/product_brand?post=123341"},{"taxonomy":"product_cat","embeddable":true,"href":"https:\/\/dutchhealthstore.com\/de\/wp-json\/wp\/v2\/product_cat?post=123341"},{"taxonomy":"product_tag","embeddable":true,"href":"https:\/\/dutchhealthstore.com\/de\/wp-json\/wp\/v2\/product_tag?post=123341"}],"curies":[{"name":"wp","href":"https:\/\/api.w.org\/{rel}","templated":true}]}}