{"id":123193,"date":"2018-02-10T18:18:59","date_gmt":"2018-02-10T17:18:59","guid":{"rendered":"https:\/\/dutchhealthstore.com\/product\/rosewood-essential-oil\/"},"modified":"2024-04-03T14:55:49","modified_gmt":"2024-04-03T14:55:49","slug":"rosewood-essential-oil","status":"publish","type":"product","link":"https:\/\/dutchhealthstore.com\/de\/product\/rosewood-essential-oil\/","title":{"rendered":"Rosewood Essential Oil"},"content":{"rendered":"<p style=\"font-weight: 400;\"><b><strong><img decoding=\"async\" class=\"size-full wp-image-69549 alignright\" src=\"https:\/\/dutchhealthstore.com\/wp-content\/uploads\/2019\/08\/NEW-Living-Libations-Logo.jpg\" alt=\"NEW - Living Libations - Logo\" width=\"175\" height=\"82\">Botanischer Name:<\/strong><\/b> <i><em>Aniba rosaeodora<br \/>\n<\/em><\/i><b><strong>Botanische Familie: <\/strong><\/b><i><em>Lauraceae<br \/>\n<\/em><\/i><b><strong>Extraktionsmethode:<\/strong><\/b> Dampf-destilliert<br \/>\n<span style=\"font-weight: 400;\"><b><strong>Teil der Pflanze Destilliert:<\/strong><\/b><\/span><span style=\"font-weight: 400;\">Zweige<br \/>\n<\/span><b><strong>Herkunftsland:<\/strong><\/b> Brasilien<br \/>\n<b><strong>Anbaumethode: <\/strong><\/b>\u00d6ko-Zertifikat<b> <\/b>und aus ethischer Wildsammlung<\/p>\n<h3 style=\"font-weight: 400;\"><strong>Beschreibung des Duftes<\/strong><\/h3>\n<p style=\"font-weight: 400;\">S\u00fc\u00dfer, zart rosiger, blumiger Duft mit weichen, holzigen Untert\u00f6nen<\/p>\n<h3 style=\"font-weight: 400;\"><strong>Passt gut zu<\/strong><\/h3>\n<p style=\"font-weight: 400;\">Bergamotte, Lavendel, Ylang, Geranie, Weihrauch, Palmarosa, Sandelholz, Neroli, Rose otto, Zitrone, Grapefruit, s\u00fc\u00dfer Thymian, Vanille, Zimt, Flieder, Gardenie, Strohblume und Majoran.<\/p>\n<h3 style=\"font-weight: 400;\"><strong>Verwendet<\/strong><\/h3>\n<p style=\"font-weight: 400;\">Perfekt f\u00fcr leichte und sch\u00f6ne Fr\u00fchlingsd\u00fcfte. Als Zusatz zu Hautpflegeseren, K\u00f6rper\u00f6len f\u00fcr die Massage und B\u00e4dern vor dem Schlafengehen. Diffundieren oder inhalieren Sie den erhellenden Luxus, der beruhigt und tr\u00f6stet, wenn Sie am Ende des Tages ersch\u00f6pft sind.<\/p>\n<p style=\"font-weight: 400;\">Die sanften rosigen Farbt\u00f6ne des Rosenholzes entstehen durch eine einzigartige Kombination der hautfreundlichen Monoterpenalkohole <i><em>Linalool<\/em><\/i> und <i><em>Geraniol<\/em><\/i> (die auch in den \u00e4therischen \u00d6len von Geranien und Rosen vorkommen). Diese sanfte Anti-Pilz-Essenz hat auch tonisierende Eigenschaften, die Stress lindern, die Nerven beruhigen und Spannungen abbauen.<\/p>\n<p style=\"font-weight: 400;\">Das Auff\u00fcllen von Rosenholz ist in Hautseren absolut n\u00fctzlich. Um die Vorteile zu nutzen, verwenden Sie die Tropfen in B\u00e4dern, Massage\u00f6len und hautpflegenden Salben. Kombiniert mit Strohblumen-, Rosen-, Lavendel- und Hagebutten\u00f6l ergibt sich eine faszinierende Mischung, die die Haut mit geschmeidiger Gl\u00e4tte singen l\u00e4sst und alle Teints ausgleicht.<\/p>\n<p><strong>Gr\u00f6\u00dfe: 5 ml, 15 ml und 30 ml<\/strong><\/p>\n<h3>Bio-Zutaten<\/h3>\n<p>\u00c4therisches \u00d6l aus 100% Rosenholz (Aniba rosaeodora).<\/p>\n<p style=\"font-weight: 400; text-align: center;\"><em>&#8222;Emotionale Eigenschaften: Rosenholz f\u00f6rdert Ruhe und konstruktive emotionale Arbeit&#8220;.<\/em><br \/>\n\u223c Keville and Green, <i><em>Aromatherapy: <strong>A Complete Guide to the Healing Art<\/strong><\/em><\/i><\/p>\n<p style=\"font-weight: 400; text-align: center;\"><em>&#8222;Rosenholz: Das \u00e4therische \u00d6l hat einen weichen, milden, s\u00fc\u00dfen, holzigen Geruch mit rosigen Noten; ein racemisches Gemisch aus d- und l-Linalool dominiert (85%), mit a-Terpineol (3-5%) und einem cis- und trans-Linalool-Oxid (3%); aufgrund dieser Bestandteile soll es nozizeptive, entz\u00fcndungshemmende, antioxidative, antimikrobielle und anxiolytische Wirkungen haben.&#8220;<\/em><br \/>\n\u223c Jennifer Peace Rhind<em>, <\/em><strong>Aromatherapeutic Blending<\/strong><\/p>\n<p><img fetchpriority=\"high\" decoding=\"async\" class=\"aligncenter size-full wp-image-31577\" src=\"https:\/\/dutchhealthstore.com\/wp-content\/uploads\/2018\/03\/organic_big.png\" alt=\"Organic and Natural - Living Libations\" width=\"623\" height=\"103\" srcset=\"https:\/\/dutchhealthstore.com\/wp-content\/uploads\/2018\/03\/organic_big.png 623w, https:\/\/dutchhealthstore.com\/wp-content\/uploads\/2018\/03\/organic_big-510x84.png 510w, https:\/\/dutchhealthstore.com\/wp-content\/uploads\/2018\/03\/organic_big-600x99.png 600w, https:\/\/dutchhealthstore.com\/wp-content\/uploads\/2018\/03\/organic_big-350x58.png 350w\" sizes=\"(max-width: 623px) 100vw, 623px\" \/><\/p>\n","protected":false},"excerpt":{"rendered":"<p>Das verj\u00fcngende <b>Rosewood essential oil<\/b> von Living Libations ist ein belebendes Aroma, das aus den Zweigen des tropischen Immergr\u00fcns destilliert wird.<br \/>\nDiese sch\u00f6ne Holzessenz mit ihrem seltenen rosigen Aroma ist auch als Bois de Rose bekannt.<br \/>\nUnsere Rosenholz-Essenz ist sehr reich an nat\u00fcrlichem Linalool, was sie zu einem optimalen \u00d6l f\u00fcr beruhigende Hautpflegepr\u00e4parate, perfekt in der Parf\u00fcmerie und hervorragend zur Steigerung von Emotionen macht.<\/p>\n","protected":false},"featured_media":114128,"comment_status":"open","ping_status":"closed","template":"","meta":[],"product_brand":[],"product_cat":[1508,1546,6737,1493,1210,511,6736],"product_tag":[1547],"class_list":{"0":"post-123193","1":"product","2":"type-product","3":"status-publish","4":"has-post-thumbnail","6":"product_cat-aetherische-oele-living-libations","7":"product_cat-essential-oils-living-libations-de","8":"product_cat-essential-oils-de-2","9":"product_cat-living-libations-deutschland","10":"product_cat-marken","11":"product_cat-produkte","12":"product_cat-wellness-de","13":"product_tag-essential-oil-de","14":"pa_brand-livinglibations-de","15":"pa_essential-oils-product-type-essential-oils-de","16":"pa_size-15-ml-de-2","17":"pa_size-30-ml-de","18":"pa_size-5-ml-de","20":"first","21":"instock","22":"taxable","23":"shipping-taxable","24":"purchasable","25":"product-type-variable"},"bundled_by":[],"bundle_stock_status":"instock","bundle_stock_quantity":null,"bundle_virtual":false,"bundle_layout":"","bundle_add_to_cart_form_location":"","bundle_editable_in_cart":false,"bundle_sold_individually_context":"","bundle_item_grouping":"","bundle_min_size":"","bundle_max_size":"","bundle_price":[],"bundled_items":[],"bundle_sell_ids":[],"atum_controlled":true,"out_stock_date":"2021-03-12 22:57:24","out_stock_threshold":null,"inheritable":true,"stock_on_hold":0,"sold_today":0,"sales_last_days":0,"out_stock_days":1878,"lost_sales":0,"update_date":"2026-05-04T00:16:53","atum_locations":[],"atum_stock_status":"instock","restock_status":false,"low_stock_amount":"","sales_update_date":"2026-05-04T00:16:53","calc_backorders":null,"group_of_quantity":0,"min_quantity":0,"max_quantity":"","exclude_order_quantity_value_rules":"no","exclude_category_quantity_rules":"no","combine_variations":"no","yoast_head":"<!-- This site is optimized with the Yoast SEO Premium plugin v26.5 (Yoast SEO v26.5) - https:\/\/yoast.com\/wordpress\/plugins\/seo\/ -->\n<title>Rosewood Essential Oil - Living Libations<\/title>\n<meta name=\"description\" content=\"Rosenholz-Essenz ist reich an nat\u00fcrlichem Linalool, was es zu einem optimalen \u00d6l f\u00fcr beruhigende Hautpflegepr\u00e4parate macht, das sich perfekt f\u00fcr die Parf\u00fcmerie eignet.\" \/>\n<meta name=\"robots\" content=\"index, follow, max-snippet:-1, max-image-preview:large, max-video-preview:-1\" \/>\n<link rel=\"canonical\" href=\"https:\/\/dutchhealthstore.com\/de\/product\/rosewood-essential-oil\/\" \/>\n<meta property=\"og:locale\" content=\"de_DE\" \/>\n<meta property=\"og:type\" content=\"article\" \/>\n<meta property=\"og:title\" content=\"Rosewood Essential Oil - Dutch Health Store\" \/>\n<meta property=\"og:description\" content=\"Rosenholz-Essenz ist reich an nat\u00fcrlichem Linalool, was es zu einem optimalen \u00d6l f\u00fcr beruhigende Hautpflegepr\u00e4parate macht, das sich perfekt f\u00fcr die Parf\u00fcmerie eignet.\" \/>\n<meta property=\"og:url\" content=\"https:\/\/dutchhealthstore.com\/de\/product\/rosewood-essential-oil\/\" \/>\n<meta property=\"og:site_name\" content=\"Dutch Health Store\" \/>\n<meta property=\"article:publisher\" content=\"https:\/\/www.instagram.com\/dutchhealthstore\/\" \/>\n<meta property=\"article:modified_time\" content=\"2024-04-03T14:55:49+00:00\" \/>\n<meta property=\"og:image\" content=\"https:\/\/dutchhealthstore.com\/wp-content\/uploads\/2018\/02\/Living-Libations-Rosewood-Essential-Oil-e1594904110152.jpg\" \/>\n\t<meta property=\"og:image:width\" content=\"500\" \/>\n\t<meta property=\"og:image:height\" content=\"500\" \/>\n\t<meta property=\"og:image:type\" content=\"image\/jpeg\" \/>\n<meta name=\"twitter:card\" content=\"summary_large_image\" \/>\n<meta name=\"twitter:label1\" content=\"Verf\u00fcgbarkeit\" \/>\n\t<meta name=\"twitter:data1\" content=\"Auf Lager\" \/>\n<script type=\"application\/ld+json\" class=\"yoast-schema-graph\">{\"@context\":\"https:\/\/schema.org\",\"@graph\":[{\"@type\":\"WebPage\",\"@id\":\"https:\/\/dutchhealthstore.com\/de\/product\/rosewood-essential-oil\/\",\"url\":\"https:\/\/dutchhealthstore.com\/de\/product\/rosewood-essential-oil\/\",\"name\":\"Rosewood Essential Oil - Living Libations\",\"isPartOf\":{\"@id\":\"https:\/\/dutchhealthstore.com\/de\/#website\"},\"primaryImageOfPage\":{\"@id\":\"https:\/\/dutchhealthstore.com\/de\/product\/rosewood-essential-oil\/#primaryimage\"},\"image\":{\"@id\":\"https:\/\/dutchhealthstore.com\/de\/product\/rosewood-essential-oil\/#primaryimage\"},\"thumbnailUrl\":\"https:\/\/dutchhealthstore.com\/wp-content\/uploads\/2018\/02\/Living-Libations-Rosewood-Essential-Oil-e1594904110152.jpg\",\"datePublished\":\"2018-02-10T17:18:59+00:00\",\"dateModified\":\"2024-04-03T14:55:49+00:00\",\"description\":\"Rosenholz-Essenz ist reich an nat\u00fcrlichem Linalool, was es zu einem optimalen \u00d6l f\u00fcr beruhigende Hautpflegepr\u00e4parate macht, das sich perfekt f\u00fcr die Parf\u00fcmerie eignet.\",\"breadcrumb\":{\"@id\":\"https:\/\/dutchhealthstore.com\/de\/product\/rosewood-essential-oil\/#breadcrumb\"},\"inLanguage\":\"de\",\"potentialAction\":[{\"@type\":\"ReadAction\",\"target\":[\"https:\/\/dutchhealthstore.com\/de\/product\/rosewood-essential-oil\/\"]}]},{\"@type\":\"ImageObject\",\"inLanguage\":\"de\",\"@id\":\"https:\/\/dutchhealthstore.com\/de\/product\/rosewood-essential-oil\/#primaryimage\",\"url\":\"https:\/\/dutchhealthstore.com\/wp-content\/uploads\/2018\/02\/Living-Libations-Rosewood-Essential-Oil-e1594904110152.jpg\",\"contentUrl\":\"https:\/\/dutchhealthstore.com\/wp-content\/uploads\/2018\/02\/Living-Libations-Rosewood-Essential-Oil-e1594904110152.jpg\",\"width\":500,\"height\":500,\"caption\":\"Living Libations Rosewood Essential Oil\"},{\"@type\":\"BreadcrumbList\",\"@id\":\"https:\/\/dutchhealthstore.com\/de\/product\/rosewood-essential-oil\/#breadcrumb\",\"itemListElement\":[{\"@type\":\"ListItem\",\"position\":1,\"name\":\"Home\",\"item\":\"https:\/\/dutchhealthstore.com\/de\/\"},{\"@type\":\"ListItem\",\"position\":2,\"name\":\"Shop\",\"item\":\"https:\/\/dutchhealthstore.com\/de\/shop-2\/\"},{\"@type\":\"ListItem\",\"position\":3,\"name\":\"Rosewood Essential Oil\"}]},{\"@type\":\"WebSite\",\"@id\":\"https:\/\/dutchhealthstore.com\/de\/#website\",\"url\":\"https:\/\/dutchhealthstore.com\/de\/\",\"name\":\"Dutch Health Store\",\"description\":\"Enhance Your Beauty with Organic &amp; Natural Skincare\",\"publisher\":{\"@id\":\"https:\/\/dutchhealthstore.com\/de\/#organization\"},\"potentialAction\":[{\"@type\":\"SearchAction\",\"target\":{\"@type\":\"EntryPoint\",\"urlTemplate\":\"https:\/\/dutchhealthstore.com\/de\/?s={search_term_string}\"},\"query-input\":{\"@type\":\"PropertyValueSpecification\",\"valueRequired\":true,\"valueName\":\"search_term_string\"}}],\"inLanguage\":\"de\"},{\"@type\":\"Organization\",\"@id\":\"https:\/\/dutchhealthstore.com\/de\/#organization\",\"name\":\"Dutch Health Store\",\"url\":\"https:\/\/dutchhealthstore.com\/de\/\",\"logo\":{\"@type\":\"ImageObject\",\"inLanguage\":\"de\",\"@id\":\"https:\/\/dutchhealthstore.com\/de\/#\/schema\/logo\/image\/\",\"url\":\"https:\/\/dutchhealthstore.com\/wp-content\/uploads\/2020\/08\/logo-dutchhealthstore-jpg-e1599484957574.jpg\",\"contentUrl\":\"https:\/\/dutchhealthstore.com\/wp-content\/uploads\/2020\/08\/logo-dutchhealthstore-jpg-e1599484957574.jpg\",\"width\":400,\"height\":62,\"caption\":\"Dutch Health Store\"},\"image\":{\"@id\":\"https:\/\/dutchhealthstore.com\/de\/#\/schema\/logo\/image\/\"},\"sameAs\":[\"https:\/\/www.instagram.com\/dutchhealthstore\/\",\"https:\/\/www.facebook.com\/dutchhealthstore\"]}]}<\/script>\n<meta property=\"product:brand\" content=\"Living Libations\" \/>\n<meta property=\"og:availability\" content=\"instock\" \/>\n<meta property=\"product:availability\" content=\"instock\" \/>\n<meta property=\"product:condition\" content=\"new\" \/>\n<!-- \/ Yoast SEO Premium plugin. -->","yoast_head_json":{"title":"Rosewood Essential Oil - Living Libations","description":"Rosenholz-Essenz ist reich an nat\u00fcrlichem Linalool, was es zu einem optimalen \u00d6l f\u00fcr beruhigende Hautpflegepr\u00e4parate macht, das sich perfekt f\u00fcr die Parf\u00fcmerie eignet.","robots":{"index":"index","follow":"follow","max-snippet":"max-snippet:-1","max-image-preview":"max-image-preview:large","max-video-preview":"max-video-preview:-1"},"canonical":"https:\/\/dutchhealthstore.com\/de\/product\/rosewood-essential-oil\/","og_locale":"de_DE","og_type":"article","og_title":"Rosewood Essential Oil - Dutch Health Store","og_description":"Rosenholz-Essenz ist reich an nat\u00fcrlichem Linalool, was es zu einem optimalen \u00d6l f\u00fcr beruhigende Hautpflegepr\u00e4parate macht, das sich perfekt f\u00fcr die Parf\u00fcmerie eignet.","og_url":"https:\/\/dutchhealthstore.com\/de\/product\/rosewood-essential-oil\/","og_site_name":"Dutch Health Store","article_publisher":"https:\/\/www.instagram.com\/dutchhealthstore\/","article_modified_time":"2024-04-03T14:55:49+00:00","og_image":[{"width":500,"height":500,"url":"https:\/\/dutchhealthstore.com\/wp-content\/uploads\/2018\/02\/Living-Libations-Rosewood-Essential-Oil-e1594904110152.jpg","type":"image\/jpeg"}],"twitter_card":"summary_large_image","twitter_misc":{"Verf\u00fcgbarkeit":"Auf Lager"},"schema":{"@context":"https:\/\/schema.org","@graph":[{"@type":"WebPage","@id":"https:\/\/dutchhealthstore.com\/de\/product\/rosewood-essential-oil\/","url":"https:\/\/dutchhealthstore.com\/de\/product\/rosewood-essential-oil\/","name":"Rosewood Essential Oil - Living Libations","isPartOf":{"@id":"https:\/\/dutchhealthstore.com\/de\/#website"},"primaryImageOfPage":{"@id":"https:\/\/dutchhealthstore.com\/de\/product\/rosewood-essential-oil\/#primaryimage"},"image":{"@id":"https:\/\/dutchhealthstore.com\/de\/product\/rosewood-essential-oil\/#primaryimage"},"thumbnailUrl":"https:\/\/dutchhealthstore.com\/wp-content\/uploads\/2018\/02\/Living-Libations-Rosewood-Essential-Oil-e1594904110152.jpg","datePublished":"2018-02-10T17:18:59+00:00","dateModified":"2024-04-03T14:55:49+00:00","description":"Rosenholz-Essenz ist reich an nat\u00fcrlichem Linalool, was es zu einem optimalen \u00d6l f\u00fcr beruhigende Hautpflegepr\u00e4parate macht, das sich perfekt f\u00fcr die Parf\u00fcmerie eignet.","breadcrumb":{"@id":"https:\/\/dutchhealthstore.com\/de\/product\/rosewood-essential-oil\/#breadcrumb"},"inLanguage":"de","potentialAction":[{"@type":"ReadAction","target":["https:\/\/dutchhealthstore.com\/de\/product\/rosewood-essential-oil\/"]}]},{"@type":"ImageObject","inLanguage":"de","@id":"https:\/\/dutchhealthstore.com\/de\/product\/rosewood-essential-oil\/#primaryimage","url":"https:\/\/dutchhealthstore.com\/wp-content\/uploads\/2018\/02\/Living-Libations-Rosewood-Essential-Oil-e1594904110152.jpg","contentUrl":"https:\/\/dutchhealthstore.com\/wp-content\/uploads\/2018\/02\/Living-Libations-Rosewood-Essential-Oil-e1594904110152.jpg","width":500,"height":500,"caption":"Living Libations Rosewood Essential Oil"},{"@type":"BreadcrumbList","@id":"https:\/\/dutchhealthstore.com\/de\/product\/rosewood-essential-oil\/#breadcrumb","itemListElement":[{"@type":"ListItem","position":1,"name":"Home","item":"https:\/\/dutchhealthstore.com\/de\/"},{"@type":"ListItem","position":2,"name":"Shop","item":"https:\/\/dutchhealthstore.com\/de\/shop-2\/"},{"@type":"ListItem","position":3,"name":"Rosewood Essential Oil"}]},{"@type":"WebSite","@id":"https:\/\/dutchhealthstore.com\/de\/#website","url":"https:\/\/dutchhealthstore.com\/de\/","name":"Dutch Health Store","description":"Enhance Your Beauty with Organic &amp; Natural Skincare","publisher":{"@id":"https:\/\/dutchhealthstore.com\/de\/#organization"},"potentialAction":[{"@type":"SearchAction","target":{"@type":"EntryPoint","urlTemplate":"https:\/\/dutchhealthstore.com\/de\/?s={search_term_string}"},"query-input":{"@type":"PropertyValueSpecification","valueRequired":true,"valueName":"search_term_string"}}],"inLanguage":"de"},{"@type":"Organization","@id":"https:\/\/dutchhealthstore.com\/de\/#organization","name":"Dutch Health Store","url":"https:\/\/dutchhealthstore.com\/de\/","logo":{"@type":"ImageObject","inLanguage":"de","@id":"https:\/\/dutchhealthstore.com\/de\/#\/schema\/logo\/image\/","url":"https:\/\/dutchhealthstore.com\/wp-content\/uploads\/2020\/08\/logo-dutchhealthstore-jpg-e1599484957574.jpg","contentUrl":"https:\/\/dutchhealthstore.com\/wp-content\/uploads\/2020\/08\/logo-dutchhealthstore-jpg-e1599484957574.jpg","width":400,"height":62,"caption":"Dutch Health Store"},"image":{"@id":"https:\/\/dutchhealthstore.com\/de\/#\/schema\/logo\/image\/"},"sameAs":["https:\/\/www.instagram.com\/dutchhealthstore\/","https:\/\/www.facebook.com\/dutchhealthstore"]}]},"product_brand":"Living Libations","og_availability":"instock","product_availability":"instock","product_condition":"new"},"_links":{"self":[{"href":"https:\/\/dutchhealthstore.com\/de\/wp-json\/wp\/v2\/product\/123193","targetHints":{"allow":["GET"]}}],"collection":[{"href":"https:\/\/dutchhealthstore.com\/de\/wp-json\/wp\/v2\/product"}],"about":[{"href":"https:\/\/dutchhealthstore.com\/de\/wp-json\/wp\/v2\/types\/product"}],"replies":[{"embeddable":true,"href":"https:\/\/dutchhealthstore.com\/de\/wp-json\/wp\/v2\/comments?post=123193"}],"wp:featuredmedia":[{"embeddable":true,"href":"https:\/\/dutchhealthstore.com\/de\/wp-json\/wp\/v2\/media\/114128"}],"wp:attachment":[{"href":"https:\/\/dutchhealthstore.com\/de\/wp-json\/wp\/v2\/media?parent=123193"}],"wp:term":[{"taxonomy":"product_brand","embeddable":true,"href":"https:\/\/dutchhealthstore.com\/de\/wp-json\/wp\/v2\/product_brand?post=123193"},{"taxonomy":"product_cat","embeddable":true,"href":"https:\/\/dutchhealthstore.com\/de\/wp-json\/wp\/v2\/product_cat?post=123193"},{"taxonomy":"product_tag","embeddable":true,"href":"https:\/\/dutchhealthstore.com\/de\/wp-json\/wp\/v2\/product_tag?post=123193"}],"curies":[{"name":"wp","href":"https:\/\/api.w.org\/{rel}","templated":true}]}}