{"id":123186,"date":"2018-02-10T21:01:15","date_gmt":"2018-02-10T20:01:15","guid":{"rendered":"https:\/\/dutchhealthstore.com\/product\/roses-over-vetiver-essential-oil\/"},"modified":"2025-12-23T09:30:29","modified_gmt":"2025-12-23T08:30:29","slug":"roses-over-vetiver-essential-oil","status":"publish","type":"product","link":"https:\/\/dutchhealthstore.com\/de\/product\/roses-over-vetiver-essential-oil\/","title":{"rendered":"Roses Over Vetiver Essential Oil"},"content":{"rendered":"<p><img decoding=\"async\" class=\"alignright size-full wp-image-37041\" src=\"https:\/\/dutchhealthstore.com\/wp-content\/uploads\/2018\/04\/Living_Libations-1.png\" alt=\"Organic &amp; Natural Beautyproducts - Living Libations\" width=\"175\" height=\"82\">Unsere bezaubernde Co-Destillation von Rosenbl\u00fcten und Vetiverwurzeln ist die Vereinigung zweier uralter Essenzen zu einem erdig-\u00e4therischen Elixier, das einen schwebenden Geist anspricht, w\u00e4hrend es gleichzeitig verwurzelt und erdgebunden ist. Die schurkischen Wurzeln von Vetiver schwelgen in der K\u00f6nigsw\u00fcrde der Rose. Zusammen ergeben diese beiden Extrakte einen vollmundigen, sinnlichen, erdig-blumigen Duft, der ein starkes Parf\u00fcm der Pr\u00e4senz ist.<\/p>\n<p><strong>Botanischer Name:<\/strong> Rosa damascena und Vetiveria zizanioides<br \/>\n<strong>Botanische Familie:<\/strong> Rosaceae und Poaceae<br \/>\n<strong>Inhaltsstoffe:<\/strong> \u00c4therisches \u00d6l von Rose Otto und Vetiver<br \/>\n<strong>Extraktionsverfahren:<\/strong> Dampfdestilliert<br \/>\n<strong>Teil der Pflanze Destilliert:<\/strong> Bl\u00fcten\/Wurzeln<br \/>\n<strong>Herkunftsland:<\/strong> Indien<br \/>\n<strong>Anbaumethode:<\/strong> Bio<br \/>\n<strong>Zusammensetzung:<\/strong> 100% Rosa damascena und Pelargonium graveolens<br \/>\n<strong>Konsistenz:<\/strong> Dickfl\u00fcssig<\/p>\n<a href=\"https:\/\/dutchhealthstore.com\/wp-content\/uploads\/2019\/04\/ESSENTIAL-OIL-ANALYSIS-Roses-Over-Vetiver-Essential-Oil-Living-Libations.pdf\" class=\"button primary is-primary is-small\"  >\n\t\t<span>ANALYSE DER \u00c4THERISCHEN \u00d6LE &gt;<\/span>\n\t<\/a>\n\n<h3>Beschreibung des Duftes<\/h3>\n<p>Rosige Wellen versinken in der duftenden Erde mit einem Hauch von blumigem Tabak.<\/p>\n<h3>In Living Libations<\/h3>\n<p>Das geheime Land des Parfums.<\/p>\n<h3><span style=\"font-family: Helvetica;\">Gut mischbar mit<\/span><\/h3>\n<p>Sandelholz, Jasmin, Grapefruit, Palmarosa, Wei\u00dftanne, Spikenard und Lavendel.<\/p>\n<h3>Verwendet<\/h3>\n<p>Pur als Deodorant, Parf\u00fcm und Haarsalbe anwenden. Zum Einmassieren in die Haut verd\u00fcnnen. In B\u00e4der geben und zur Meditation verbreiten.<\/p>\n<p><strong>Gr\u00f6\u00dfe: 5 ml und 15 ml<\/strong><\/p>\n<h3>Organic Ingredients<\/h3>\n<p>\u00c4therisches \u00d6l aus 100% Rosen und Vetiver (Rosa damascena und Vetiveria zizanioides).<\/p>\n<p style=\"text-align: center;\"><em>&#8222;I know a bank where the wild thyme blows, Where oxlips and the nodding violet grows, <\/em><br \/>\n<em>Quite over canopied with luscious woodbine, With sweet musk-roses, and with eglantine: <\/em><br \/>\n<em>There sleeps Titania sometime of the night, Lulled in these flowers with dances and delight.&#8220;<\/em><br \/>\n\u223c William Shakespeare, <strong>Midsummers Night Dream<\/strong><\/p>\n<p>&nbsp;<\/p>\n<p style=\"text-align: center;\"><em>&#8222;Als ich das erste Mal den Duft Rose Anonyme und Vetiver Fatal von Atelier Cologne gerochen habe, war ich begeistert, <\/em><br \/>\n<em>Ich habe mich sofort in die reinen, rauchigen Rosen verliebt und das Vetiver auf meinem Schreibtisch liegen lassen. <\/em><br \/>\n<em>Vielleicht sehnte ich mich an diesem Tag nach mehr Extravaganz und mehr Glamour, den Rose Anonyme reichlich lieferte. <\/em><br \/>\n<em>Der Duft auf meiner Haut war hell, aber stimmungsvoll, rustikal, aber raffiniert. <\/em><br \/>\n<em>Es roch nach aufgeschnittenen Orangen, feuchter Erde und abgefallenen Bl\u00e4ttern &#8211; eine kleine Vignette des Sp\u00e4tsommers.&#8220;<\/em><br \/>\n\u223c Victoria Frolova, <strong>Bois de Jasmin<\/strong><\/p>\n<p>&nbsp;<\/p>\n<p><img fetchpriority=\"high\" decoding=\"async\" class=\"aligncenter size-full wp-image-31577\" src=\"https:\/\/dutchhealthstore.com\/wp-content\/uploads\/2018\/03\/organic_big.png\" alt=\"Organic and Natural - Living Libations\" width=\"623\" height=\"103\" srcset=\"https:\/\/dutchhealthstore.com\/wp-content\/uploads\/2018\/03\/organic_big.png 623w, https:\/\/dutchhealthstore.com\/wp-content\/uploads\/2018\/03\/organic_big-510x84.png 510w, https:\/\/dutchhealthstore.com\/wp-content\/uploads\/2018\/03\/organic_big-600x99.png 600w, https:\/\/dutchhealthstore.com\/wp-content\/uploads\/2018\/03\/organic_big-350x58.png 350w\" sizes=\"(max-width: 623px) 100vw, 623px\" \/><\/p>\n","protected":false},"excerpt":{"rendered":"<p>Resplendent <strong>Roses Over Vetiver Essential Oil<\/strong> ist eine choreografierte Co-Destillation von hinrei\u00dfendem Rosen-Otto mit den Wurzeln des verehrten Vetiver.<\/p>\n<p>Das Ergebnis ist ein tanzendes, doppelt destilliertes Elixier von gro\u00dfer Sch\u00f6nheit, das ein \u00e4therisches Aroma von Himmel und Erde verstr\u00f6mt. Die Rose Otto, die f\u00fcr die Hautpflege hervorragend geeignet ist und die Emotionen anregt, verbindet sich mit der geerdeten Anmut von Vetiver und dem r\u00fcckfettenden Nektar f\u00fcr K\u00f6rper und Gesicht.<br \/>\nMit dem vollmundigen, erdigen Duft von Vetiver, belebt durch die \u00c4therizit\u00e4t von Rose Otto, Roses over Vetiver vespers ein Duft, der beruhigt und verf\u00fchrt.<\/p>\n","protected":false},"featured_media":55112,"comment_status":"open","ping_status":"closed","template":"","meta":[],"product_brand":[],"product_cat":[6737,1508,1546,1493,1210,511,6736],"product_tag":[1547],"class_list":{"0":"post-123186","1":"product","2":"type-product","3":"status-publish","4":"has-post-thumbnail","6":"product_cat-essential-oils-de-2","7":"product_cat-aetherische-oele-living-libations","8":"product_cat-essential-oils-living-libations-de","9":"product_cat-living-libations-deutschland","10":"product_cat-marken","11":"product_cat-produkte","12":"product_cat-wellness-de","13":"product_tag-essential-oil-de","14":"pa_brand-livinglibations-de","15":"pa_essential-oils-product-type-essential-oils-de","16":"pa_size-5-ml-de","17":"pa_size-15-ml-de-2","19":"first","20":"instock","21":"taxable","22":"shipping-taxable","23":"purchasable","24":"product-type-variable"},"bundled_by":[],"bundle_stock_status":"instock","bundle_stock_quantity":null,"bundle_virtual":false,"bundle_layout":"","bundle_add_to_cart_form_location":"","bundle_editable_in_cart":false,"bundle_sold_individually_context":"","bundle_item_grouping":"","bundle_min_size":"","bundle_max_size":"","bundle_price":[],"bundled_items":[],"bundle_sell_ids":[],"atum_controlled":true,"out_stock_date":null,"out_stock_threshold":null,"inheritable":true,"stock_on_hold":0,"sold_today":0,"sales_last_days":0,"out_stock_days":0,"lost_sales":0,"update_date":"2026-04-04T01:46:02","atum_locations":[],"atum_stock_status":"instock","restock_status":false,"low_stock_amount":"","sales_update_date":"2026-04-04T01:46:01","calc_backorders":null,"group_of_quantity":0,"min_quantity":0,"max_quantity":"","exclude_order_quantity_value_rules":"no","exclude_category_quantity_rules":"no","combine_variations":"no","yoast_head":"<!-- This site is optimized with the Yoast SEO Premium plugin v26.5 (Yoast SEO v26.5) - https:\/\/yoast.com\/wordpress\/plugins\/seo\/ -->\n<title>Roses Over Vetiver Essential Oil | Living Libations<\/title>\n<meta name=\"description\" content=\"Unser Roses Over Vetiver Essential Oil ist sowohl beruhigend als auch erhebend und vereint die st\u00e4rksten medizinischen Eigenschaften von Rose Otto und Vetiver.\" \/>\n<meta name=\"robots\" content=\"index, follow, max-snippet:-1, max-image-preview:large, max-video-preview:-1\" \/>\n<link rel=\"canonical\" href=\"https:\/\/dutchhealthstore.com\/de\/product\/roses-over-vetiver-essential-oil\/\" \/>\n<meta property=\"og:locale\" content=\"de_DE\" \/>\n<meta property=\"og:type\" content=\"article\" \/>\n<meta property=\"og:title\" content=\"Roses Over Vetiver Essential Oil - Dutch Health Store\" \/>\n<meta property=\"og:description\" content=\"Unser Roses Over Vetiver Essential Oil ist sowohl beruhigend als auch erhebend und vereint die st\u00e4rksten medizinischen Eigenschaften von Rose Otto und Vetiver.\" \/>\n<meta property=\"og:url\" content=\"https:\/\/dutchhealthstore.com\/de\/product\/roses-over-vetiver-essential-oil\/\" \/>\n<meta property=\"og:site_name\" content=\"Dutch Health Store\" \/>\n<meta property=\"article:publisher\" content=\"https:\/\/www.instagram.com\/dutchhealthstore\/\" \/>\n<meta property=\"article:modified_time\" content=\"2025-12-23T08:30:29+00:00\" \/>\n<meta property=\"og:image\" content=\"https:\/\/dutchhealthstore.com\/wp-content\/uploads\/2018\/02\/Roses-Over-Vetiver-Essential-Oil-Living-Libations.jpg\" \/>\n\t<meta property=\"og:image:width\" content=\"1200\" \/>\n\t<meta property=\"og:image:height\" content=\"1200\" \/>\n\t<meta property=\"og:image:type\" content=\"image\/jpeg\" \/>\n<meta name=\"twitter:card\" content=\"summary_large_image\" \/>\n<meta name=\"twitter:label1\" content=\"Verf\u00fcgbarkeit\" \/>\n\t<meta name=\"twitter:data1\" content=\"Auf Lager\" \/>\n<script type=\"application\/ld+json\" class=\"yoast-schema-graph\">{\"@context\":\"https:\/\/schema.org\",\"@graph\":[{\"@type\":\"WebPage\",\"@id\":\"https:\/\/dutchhealthstore.com\/de\/product\/roses-over-vetiver-essential-oil\/\",\"url\":\"https:\/\/dutchhealthstore.com\/de\/product\/roses-over-vetiver-essential-oil\/\",\"name\":\"Roses Over Vetiver Essential Oil | Living Libations\",\"isPartOf\":{\"@id\":\"https:\/\/dutchhealthstore.com\/de\/#website\"},\"primaryImageOfPage\":{\"@id\":\"https:\/\/dutchhealthstore.com\/de\/product\/roses-over-vetiver-essential-oil\/#primaryimage\"},\"image\":{\"@id\":\"https:\/\/dutchhealthstore.com\/de\/product\/roses-over-vetiver-essential-oil\/#primaryimage\"},\"thumbnailUrl\":\"https:\/\/dutchhealthstore.com\/wp-content\/uploads\/2018\/02\/Roses-Over-Vetiver-Essential-Oil-Living-Libations.jpg\",\"datePublished\":\"2018-02-10T20:01:15+00:00\",\"dateModified\":\"2025-12-23T08:30:29+00:00\",\"description\":\"Unser Roses Over Vetiver Essential Oil ist sowohl beruhigend als auch erhebend und vereint die st\u00e4rksten medizinischen Eigenschaften von Rose Otto und Vetiver.\",\"breadcrumb\":{\"@id\":\"https:\/\/dutchhealthstore.com\/de\/product\/roses-over-vetiver-essential-oil\/#breadcrumb\"},\"inLanguage\":\"de\",\"potentialAction\":[{\"@type\":\"ReadAction\",\"target\":[\"https:\/\/dutchhealthstore.com\/de\/product\/roses-over-vetiver-essential-oil\/\"]}]},{\"@type\":\"ImageObject\",\"inLanguage\":\"de\",\"@id\":\"https:\/\/dutchhealthstore.com\/de\/product\/roses-over-vetiver-essential-oil\/#primaryimage\",\"url\":\"https:\/\/dutchhealthstore.com\/wp-content\/uploads\/2018\/02\/Roses-Over-Vetiver-Essential-Oil-Living-Libations.jpg\",\"contentUrl\":\"https:\/\/dutchhealthstore.com\/wp-content\/uploads\/2018\/02\/Roses-Over-Vetiver-Essential-Oil-Living-Libations.jpg\",\"width\":1200,\"height\":1200,\"caption\":\"Roses Over Vetiver Essential Oil - Living Libations\"},{\"@type\":\"BreadcrumbList\",\"@id\":\"https:\/\/dutchhealthstore.com\/de\/product\/roses-over-vetiver-essential-oil\/#breadcrumb\",\"itemListElement\":[{\"@type\":\"ListItem\",\"position\":1,\"name\":\"Home\",\"item\":\"https:\/\/dutchhealthstore.com\/de\/\"},{\"@type\":\"ListItem\",\"position\":2,\"name\":\"Shop\",\"item\":\"https:\/\/dutchhealthstore.com\/de\/shop-2\/\"},{\"@type\":\"ListItem\",\"position\":3,\"name\":\"Roses Over Vetiver Essential Oil\"}]},{\"@type\":\"WebSite\",\"@id\":\"https:\/\/dutchhealthstore.com\/de\/#website\",\"url\":\"https:\/\/dutchhealthstore.com\/de\/\",\"name\":\"Dutch Health Store\",\"description\":\"Enhance Your Beauty with Organic &amp; Natural Skincare\",\"publisher\":{\"@id\":\"https:\/\/dutchhealthstore.com\/de\/#organization\"},\"potentialAction\":[{\"@type\":\"SearchAction\",\"target\":{\"@type\":\"EntryPoint\",\"urlTemplate\":\"https:\/\/dutchhealthstore.com\/de\/?s={search_term_string}\"},\"query-input\":{\"@type\":\"PropertyValueSpecification\",\"valueRequired\":true,\"valueName\":\"search_term_string\"}}],\"inLanguage\":\"de\"},{\"@type\":\"Organization\",\"@id\":\"https:\/\/dutchhealthstore.com\/de\/#organization\",\"name\":\"Dutch Health Store\",\"url\":\"https:\/\/dutchhealthstore.com\/de\/\",\"logo\":{\"@type\":\"ImageObject\",\"inLanguage\":\"de\",\"@id\":\"https:\/\/dutchhealthstore.com\/de\/#\/schema\/logo\/image\/\",\"url\":\"https:\/\/dutchhealthstore.com\/wp-content\/uploads\/2020\/08\/logo-dutchhealthstore-jpg-e1599484957574.jpg\",\"contentUrl\":\"https:\/\/dutchhealthstore.com\/wp-content\/uploads\/2020\/08\/logo-dutchhealthstore-jpg-e1599484957574.jpg\",\"width\":400,\"height\":62,\"caption\":\"Dutch Health Store\"},\"image\":{\"@id\":\"https:\/\/dutchhealthstore.com\/de\/#\/schema\/logo\/image\/\"},\"sameAs\":[\"https:\/\/www.instagram.com\/dutchhealthstore\/\",\"https:\/\/www.facebook.com\/dutchhealthstore\"]}]}<\/script>\n<meta property=\"product:brand\" content=\"Living Libations\" \/>\n<meta property=\"og:availability\" content=\"instock\" \/>\n<meta property=\"product:availability\" content=\"instock\" \/>\n<meta property=\"product:condition\" content=\"new\" \/>\n<!-- \/ Yoast SEO Premium plugin. -->","yoast_head_json":{"title":"Roses Over Vetiver Essential Oil | Living Libations","description":"Unser Roses Over Vetiver Essential Oil ist sowohl beruhigend als auch erhebend und vereint die st\u00e4rksten medizinischen Eigenschaften von Rose Otto und Vetiver.","robots":{"index":"index","follow":"follow","max-snippet":"max-snippet:-1","max-image-preview":"max-image-preview:large","max-video-preview":"max-video-preview:-1"},"canonical":"https:\/\/dutchhealthstore.com\/de\/product\/roses-over-vetiver-essential-oil\/","og_locale":"de_DE","og_type":"article","og_title":"Roses Over Vetiver Essential Oil - Dutch Health Store","og_description":"Unser Roses Over Vetiver Essential Oil ist sowohl beruhigend als auch erhebend und vereint die st\u00e4rksten medizinischen Eigenschaften von Rose Otto und Vetiver.","og_url":"https:\/\/dutchhealthstore.com\/de\/product\/roses-over-vetiver-essential-oil\/","og_site_name":"Dutch Health Store","article_publisher":"https:\/\/www.instagram.com\/dutchhealthstore\/","article_modified_time":"2025-12-23T08:30:29+00:00","og_image":[{"width":1200,"height":1200,"url":"https:\/\/dutchhealthstore.com\/wp-content\/uploads\/2018\/02\/Roses-Over-Vetiver-Essential-Oil-Living-Libations.jpg","type":"image\/jpeg"}],"twitter_card":"summary_large_image","twitter_misc":{"Verf\u00fcgbarkeit":"Auf Lager"},"schema":{"@context":"https:\/\/schema.org","@graph":[{"@type":"WebPage","@id":"https:\/\/dutchhealthstore.com\/de\/product\/roses-over-vetiver-essential-oil\/","url":"https:\/\/dutchhealthstore.com\/de\/product\/roses-over-vetiver-essential-oil\/","name":"Roses Over Vetiver Essential Oil | Living Libations","isPartOf":{"@id":"https:\/\/dutchhealthstore.com\/de\/#website"},"primaryImageOfPage":{"@id":"https:\/\/dutchhealthstore.com\/de\/product\/roses-over-vetiver-essential-oil\/#primaryimage"},"image":{"@id":"https:\/\/dutchhealthstore.com\/de\/product\/roses-over-vetiver-essential-oil\/#primaryimage"},"thumbnailUrl":"https:\/\/dutchhealthstore.com\/wp-content\/uploads\/2018\/02\/Roses-Over-Vetiver-Essential-Oil-Living-Libations.jpg","datePublished":"2018-02-10T20:01:15+00:00","dateModified":"2025-12-23T08:30:29+00:00","description":"Unser Roses Over Vetiver Essential Oil ist sowohl beruhigend als auch erhebend und vereint die st\u00e4rksten medizinischen Eigenschaften von Rose Otto und Vetiver.","breadcrumb":{"@id":"https:\/\/dutchhealthstore.com\/de\/product\/roses-over-vetiver-essential-oil\/#breadcrumb"},"inLanguage":"de","potentialAction":[{"@type":"ReadAction","target":["https:\/\/dutchhealthstore.com\/de\/product\/roses-over-vetiver-essential-oil\/"]}]},{"@type":"ImageObject","inLanguage":"de","@id":"https:\/\/dutchhealthstore.com\/de\/product\/roses-over-vetiver-essential-oil\/#primaryimage","url":"https:\/\/dutchhealthstore.com\/wp-content\/uploads\/2018\/02\/Roses-Over-Vetiver-Essential-Oil-Living-Libations.jpg","contentUrl":"https:\/\/dutchhealthstore.com\/wp-content\/uploads\/2018\/02\/Roses-Over-Vetiver-Essential-Oil-Living-Libations.jpg","width":1200,"height":1200,"caption":"Roses Over Vetiver Essential Oil - Living Libations"},{"@type":"BreadcrumbList","@id":"https:\/\/dutchhealthstore.com\/de\/product\/roses-over-vetiver-essential-oil\/#breadcrumb","itemListElement":[{"@type":"ListItem","position":1,"name":"Home","item":"https:\/\/dutchhealthstore.com\/de\/"},{"@type":"ListItem","position":2,"name":"Shop","item":"https:\/\/dutchhealthstore.com\/de\/shop-2\/"},{"@type":"ListItem","position":3,"name":"Roses Over Vetiver Essential Oil"}]},{"@type":"WebSite","@id":"https:\/\/dutchhealthstore.com\/de\/#website","url":"https:\/\/dutchhealthstore.com\/de\/","name":"Dutch Health Store","description":"Enhance Your Beauty with Organic &amp; Natural Skincare","publisher":{"@id":"https:\/\/dutchhealthstore.com\/de\/#organization"},"potentialAction":[{"@type":"SearchAction","target":{"@type":"EntryPoint","urlTemplate":"https:\/\/dutchhealthstore.com\/de\/?s={search_term_string}"},"query-input":{"@type":"PropertyValueSpecification","valueRequired":true,"valueName":"search_term_string"}}],"inLanguage":"de"},{"@type":"Organization","@id":"https:\/\/dutchhealthstore.com\/de\/#organization","name":"Dutch Health Store","url":"https:\/\/dutchhealthstore.com\/de\/","logo":{"@type":"ImageObject","inLanguage":"de","@id":"https:\/\/dutchhealthstore.com\/de\/#\/schema\/logo\/image\/","url":"https:\/\/dutchhealthstore.com\/wp-content\/uploads\/2020\/08\/logo-dutchhealthstore-jpg-e1599484957574.jpg","contentUrl":"https:\/\/dutchhealthstore.com\/wp-content\/uploads\/2020\/08\/logo-dutchhealthstore-jpg-e1599484957574.jpg","width":400,"height":62,"caption":"Dutch Health Store"},"image":{"@id":"https:\/\/dutchhealthstore.com\/de\/#\/schema\/logo\/image\/"},"sameAs":["https:\/\/www.instagram.com\/dutchhealthstore\/","https:\/\/www.facebook.com\/dutchhealthstore"]}]},"product_brand":"Living Libations","og_availability":"instock","product_availability":"instock","product_condition":"new"},"_links":{"self":[{"href":"https:\/\/dutchhealthstore.com\/de\/wp-json\/wp\/v2\/product\/123186","targetHints":{"allow":["GET"]}}],"collection":[{"href":"https:\/\/dutchhealthstore.com\/de\/wp-json\/wp\/v2\/product"}],"about":[{"href":"https:\/\/dutchhealthstore.com\/de\/wp-json\/wp\/v2\/types\/product"}],"replies":[{"embeddable":true,"href":"https:\/\/dutchhealthstore.com\/de\/wp-json\/wp\/v2\/comments?post=123186"}],"wp:featuredmedia":[{"embeddable":true,"href":"https:\/\/dutchhealthstore.com\/de\/wp-json\/wp\/v2\/media\/55112"}],"wp:attachment":[{"href":"https:\/\/dutchhealthstore.com\/de\/wp-json\/wp\/v2\/media?parent=123186"}],"wp:term":[{"taxonomy":"product_brand","embeddable":true,"href":"https:\/\/dutchhealthstore.com\/de\/wp-json\/wp\/v2\/product_brand?post=123186"},{"taxonomy":"product_cat","embeddable":true,"href":"https:\/\/dutchhealthstore.com\/de\/wp-json\/wp\/v2\/product_cat?post=123186"},{"taxonomy":"product_tag","embeddable":true,"href":"https:\/\/dutchhealthstore.com\/de\/wp-json\/wp\/v2\/product_tag?post=123186"}],"curies":[{"name":"wp","href":"https:\/\/api.w.org\/{rel}","templated":true}]}}