{"id":123166,"date":"2018-02-10T21:55:40","date_gmt":"2018-02-10T20:55:40","guid":{"rendered":"https:\/\/dutchhealthstore.com\/product\/rosemary-essential-oil\/"},"modified":"2026-01-05T19:01:23","modified_gmt":"2026-01-05T18:01:23","slug":"rosemary-essential-oil","status":"publish","type":"product","link":"https:\/\/dutchhealthstore.com\/de\/product\/rosemary-essential-oil\/","title":{"rendered":"Rosemary Essential Oil"},"content":{"rendered":"<p><img decoding=\"async\" class=\"alignright size-full wp-image-37041\" src=\"https:\/\/dutchhealthstore.com\/wp-content\/uploads\/2018\/04\/Living_Libations-1.png\" alt=\"Organic &amp; Natural Beautyproducts - Living Libations\" width=\"175\" height=\"82\"><\/p>\n<p style=\"text-align: left;\" align=\"center\"><strong>Botanischer Name:<\/strong> Rosmarinus officinalis<br \/>\n<strong>Botanische Familie:<\/strong> Lamiaceae<br \/>\n<strong>Extraktionsverfahren:<\/strong> Dampfdestilliert<br \/>\n<strong>Teil der Pflanze Destilliert:<\/strong> Kraut<br \/>\n<strong>Herkunftsland:<\/strong> Frankreich<br \/>\n<strong>Anbaumethode:<\/strong> Bio<br \/>\n<strong>Zusammensetzung:<\/strong> 100% Rosmarinus officinalis<br \/>\n<strong>Konsistenz:<\/strong> D\u00fcnn<\/p>\n<h3 style=\"text-align: left;\" align=\"center\">Beschreibung des Duftes<\/h3>\n<p style=\"text-align: left;\" align=\"center\">Klar und hell, mit einladenden Noten von s\u00fc\u00dfer Minze und Kampfer.<\/p>\n<h3 style=\"text-align: left;\" align=\"center\">In Living Libations<\/h3>\n<p style=\"text-align: left;\" align=\"center\">Seabuckthorn Shampoo, Scalp Tonic, Illume, Deep Breathing, Verve Tonic, und Breathing Balm.<\/p>\n<h3 style=\"text-align: left;\" align=\"center\">Gut mischbar mit<\/h3>\n<p style=\"text-align: left;\" align=\"center\">Weihrauch, Pfefferminze, Fichte, Salbei, Majoran, Vetiver, Patchouli, Zitrone, Grapefruit, Tanne, Kiefer, Gr\u00f6nlandmoos, Mutterkraut und Inula.<\/p>\n<a href=\"https:\/\/dutchhealthstore.com\/wp-content\/uploads\/2018\/02\/ANALYSIS-Rosemary-Essential-Oil-Living-Libations.pdf\" class=\"button primary is-primary is-small\"  >\n\t\t<span>ANALYSE DER \u00c4THERISCHEN \u00d6LE &gt;<\/span>\n\t<\/a>\n\n<h3 style=\"text-align: left;\" align=\"center\">Verwendet<\/h3>\n<p style=\"text-align: left;\" align=\"center\">Ein Genuss in unseren Salzpfeifen, B\u00e4dern und Diffusoren. Pur als Aknewaschung und Spot-on-Serum verwenden. Ausgezeichnetes Haartonikum. Es entfernt Schuppen, beruhigt trockene Kopfhaut und st\u00e4rkt die Haarstr\u00e4hnen und verleiht ihnen Glanz. Massieren Sie Kopfhaut und Haare mit Jojoba oder einem Best Skin Ever. Inhalieren Sie bei Meditationen und wissenschaftlicher Konzentration, stimulieren Sie den Geist und erh\u00f6hen Sie Fokus und Bewusstsein.<\/p>\n<h3 style=\"text-align: left;\" align=\"center\">Inhaltsstoffe<\/h3>\n<p style=\"text-align: left;\" align=\"center\">Voller bioaktiver Verbindungen aus Carnosins\u00e4ure, Kampfer und Rosmaridiphenol.<\/p>\n<p>Unser Rosemary Essential Oil aus den Hochebenen enth\u00e4lt mehr Kampfer und Cineol als Rosmarin, der auf Meeresh\u00f6he w\u00e4chst. Dieser erfrischende Rosmarin wird traditionell verwendet, um das Aussehen der Haut zu verbessern, das Ged\u00e4chtnis zu st\u00e4rken, trockene Schuppen von der Kopfhaut zu entfernen und dem Haar Glanz zu verleihen. Rosmarin eignet sich besonders f\u00fcr die Pflege von Haut, Haar und Nagelhaut mit seinen tonisierenden, reinigenden, verj\u00fcngenden, akneabwaschenden und hautbelebenden Eigenschaften.<\/p>\n<p>Das belebende Aroma von Rosmarin wirkt kl\u00e4rend auf Atem und K\u00f6rper und ist geistig erholsam, indem es hilft, die Konzentration zu steigern und Verwirrung zu lindern. Dar\u00fcber hinaus l\u00f6st Rosmarin Stagnation und belebt die Emotionen, um aus der Apathie zu neuem Selbstvertrauen und neuer Motivation zu gelangen.<\/p>\n<h3>Organic Ingredients<\/h3>\n<p>100% Rosmarin (Rosmarinus officinalis) \u00e4therisches \u00d6l.<\/p>\n<p style=\"text-align: center;\"><em>&#8222;In der Aromatherapie ist Rosmarin ein Problem\u00f6l. Kaum ein anderes \u00d6l wird so routinem\u00e4\u00dfig gepanscht und verd\u00fcnnt&#8230;. <\/em><br \/>\n<em>Qualit\u00e4t kann nur von Herstellern geboten werden, die das \u00d6l ausschlie\u00dflich f\u00fcr den Aromatherapiemarkt herstellen und deren \u00d6le einen angemessenen Preis erzielen.&#8220;<\/em><br \/>\n~Kurt Schnaubelt, Ph.D., <strong>Advanced Aromatherapy<\/strong><\/p>\n<p style=\"text-align: center;\"><em>&#8222;In der Aromatherapie wird das \u00d6l als Tonikum f\u00fcr die Nerven, das Herz und den Kreislauf verwendet&#8230;<br \/>\nEs hat einen erfrischenden, belebenden Duft, der eine belebende, erhebende Wirkung auf den Geist hat und hilft, Verwirrung zu vertreiben und dem Geist Klarheit zu geben&#8230;<br \/>\nRudolf Steiner war der Meinung, dass Rosmarin das <span style=\"font-size: 14.4px;\">Lebenszentrum<\/span> des Menschen st\u00e4rkt und die Aktivit\u00e4t des gesamten Stoffwechsels erh\u00f6ht.&#8220;<\/em><br \/>\n~Julia Lawless, <strong>Aromatherapy and the Mind<\/strong><\/p>\n<p style=\"text-align: center;\"><em>&#8222;Rosmarin\u00f6l stimuliert die Haarfollikel und die Durchblutung der Kopfhaut und kann daher auch bei vorzeitigem Haarausfall hilfreich sein. <\/em><br \/>\n<em>Das \u00d6l ist n\u00fctzlich bei der Bek\u00e4mpfung von Schuppen, der F\u00f6rderung des Haarwachstums und der Bek\u00e4mpfung von fettigem Haar. <\/em><br \/>\n<em>Rosmarin\u00f6l wird auch in Shampoos verwendet, da es bekannt daf\u00fcr ist, dass es dem Haar eine schwarze Farbe verleiht.<\/em><br \/>\n~K. V. Peter, <strong>Handbook of Herbs and Spices<\/strong><\/p>\n<p style=\"text-align: center;\"><em>&#8222;Da ist Rosmarin, der ist f\u00fcr die Erinnerung, bete du Liebe, erinnere dich.&#8220;<\/em><br \/>\n~William Shakespeare, <strong>Hamlet<\/strong><\/p>\n<p><img fetchpriority=\"high\" decoding=\"async\" class=\"size-medium wp-image-68103 aligncenter\" src=\"https:\/\/dutchhealthstore.com\/wp-content\/uploads\/2018\/02\/Living-Libations-Organic-Logo-800x89.png\" alt=\"Living Libations - Organic Logo\" width=\"800\" height=\"89\" srcset=\"https:\/\/dutchhealthstore.com\/wp-content\/uploads\/2018\/02\/Living-Libations-Organic-Logo-800x89.png 800w, https:\/\/dutchhealthstore.com\/wp-content\/uploads\/2018\/02\/Living-Libations-Organic-Logo-510x57.png 510w, https:\/\/dutchhealthstore.com\/wp-content\/uploads\/2018\/02\/Living-Libations-Organic-Logo-768x85.png 768w, https:\/\/dutchhealthstore.com\/wp-content\/uploads\/2018\/02\/Living-Libations-Organic-Logo.png 1400w\" sizes=\"(max-width: 800px) 100vw, 800px\" \/><\/p>\n","protected":false},"excerpt":{"rendered":"<div class=\"product attribute overview\">\n<div class=\"value\">\n<p>Rousing <strong>Rosemary Essential Oil<\/strong> ist ein krautiges Belebungs-Tonikum mit einem erfrischenden, durchdringenden Aroma.<br \/>\nStellen Sie sich Rosmarin als den temperamentvollen Freund vor, der die Tr\u00e4gheit aus ihrer Stagnation herausholt und die Energie- und Hautsysteme mit neuer Frische aufbl\u00fchen l\u00e4sst.<\/p>\n<\/div>\n<\/div>\n","protected":false},"featured_media":49132,"comment_status":"open","ping_status":"closed","template":"","meta":[],"product_brand":[],"product_cat":[1546,6737,1508,1493,1210,511,6736],"product_tag":[1547],"class_list":{"0":"post-123166","1":"product","2":"type-product","3":"status-publish","4":"has-post-thumbnail","6":"product_cat-essential-oils-living-libations-de","7":"product_cat-essential-oils-de-2","8":"product_cat-aetherische-oele-living-libations","9":"product_cat-living-libations-deutschland","10":"product_cat-marken","11":"product_cat-produkte","12":"product_cat-wellness-de","13":"product_tag-essential-oil-de","14":"pa_brand-livinglibations-de","15":"pa_essential-oils-product-type-essential-oils-de","16":"pa_size-5-ml-de","17":"pa_size-15-ml-de-2","19":"first","20":"instock","21":"taxable","22":"shipping-taxable","23":"purchasable","24":"product-type-variable"},"bundled_by":[],"bundle_stock_status":"instock","bundle_stock_quantity":null,"bundle_virtual":false,"bundle_layout":"","bundle_add_to_cart_form_location":"","bundle_editable_in_cart":false,"bundle_sold_individually_context":"","bundle_item_grouping":"","bundle_min_size":"","bundle_max_size":"","bundle_price":[],"bundled_items":[],"bundle_sell_ids":[],"atum_controlled":true,"out_stock_date":null,"out_stock_threshold":null,"inheritable":true,"stock_on_hold":0,"sold_today":0,"sales_last_days":0,"out_stock_days":0,"lost_sales":0,"update_date":"2026-04-09T01:48:56","atum_locations":[],"atum_stock_status":"instock","restock_status":false,"low_stock_amount":"","sales_update_date":"2026-04-09T01:48:56","calc_backorders":null,"group_of_quantity":0,"min_quantity":0,"max_quantity":"","exclude_order_quantity_value_rules":"no","exclude_category_quantity_rules":"no","combine_variations":"no","yoast_head":"<!-- This site is optimized with the Yoast SEO Premium plugin v26.5 (Yoast SEO v26.5) - https:\/\/yoast.com\/wordpress\/plugins\/seo\/ -->\n<title>Rosemary Essential Oil | Living Libations<\/title>\n<meta name=\"description\" content=\"Rosemary Essential Oil ist ein krautiges Belebungs-Tonikum mit einem erfrischenden, durchdringenden Aroma.\" \/>\n<meta name=\"robots\" content=\"index, follow, max-snippet:-1, max-image-preview:large, max-video-preview:-1\" \/>\n<link rel=\"canonical\" href=\"https:\/\/dutchhealthstore.com\/de\/product\/rosemary-essential-oil\/\" \/>\n<meta property=\"og:locale\" content=\"de_DE\" \/>\n<meta property=\"og:type\" content=\"article\" \/>\n<meta property=\"og:title\" content=\"Rosemary Essential Oil - Dutch Health Store\" \/>\n<meta property=\"og:description\" content=\"Rosemary Essential Oil ist ein krautiges Belebungs-Tonikum mit einem erfrischenden, durchdringenden Aroma.\" \/>\n<meta property=\"og:url\" content=\"https:\/\/dutchhealthstore.com\/de\/product\/rosemary-essential-oil\/\" \/>\n<meta property=\"og:site_name\" content=\"Dutch Health Store\" \/>\n<meta property=\"article:publisher\" content=\"https:\/\/www.instagram.com\/dutchhealthstore\/\" \/>\n<meta property=\"article:modified_time\" content=\"2026-01-05T18:01:23+00:00\" \/>\n<meta property=\"og:image\" content=\"https:\/\/dutchhealthstore.com\/wp-content\/uploads\/2018\/02\/Living-Libations-Rosemary-Essential-Oil-e1598271682290.jpg\" \/>\n\t<meta property=\"og:image:width\" content=\"500\" \/>\n\t<meta property=\"og:image:height\" content=\"500\" \/>\n\t<meta property=\"og:image:type\" content=\"image\/jpeg\" \/>\n<meta name=\"twitter:card\" content=\"summary_large_image\" \/>\n<meta name=\"twitter:label1\" content=\"Verf\u00fcgbarkeit\" \/>\n\t<meta name=\"twitter:data1\" content=\"Auf Lager\" \/>\n<script type=\"application\/ld+json\" class=\"yoast-schema-graph\">{\"@context\":\"https:\/\/schema.org\",\"@graph\":[{\"@type\":\"WebPage\",\"@id\":\"https:\/\/dutchhealthstore.com\/de\/product\/rosemary-essential-oil\/\",\"url\":\"https:\/\/dutchhealthstore.com\/de\/product\/rosemary-essential-oil\/\",\"name\":\"Rosemary Essential Oil | Living Libations\",\"isPartOf\":{\"@id\":\"https:\/\/dutchhealthstore.com\/de\/#website\"},\"primaryImageOfPage\":{\"@id\":\"https:\/\/dutchhealthstore.com\/de\/product\/rosemary-essential-oil\/#primaryimage\"},\"image\":{\"@id\":\"https:\/\/dutchhealthstore.com\/de\/product\/rosemary-essential-oil\/#primaryimage\"},\"thumbnailUrl\":\"https:\/\/dutchhealthstore.com\/wp-content\/uploads\/2018\/02\/Living-Libations-Rosemary-Essential-Oil-e1598271682290.jpg\",\"datePublished\":\"2018-02-10T20:55:40+00:00\",\"dateModified\":\"2026-01-05T18:01:23+00:00\",\"description\":\"Rosemary Essential Oil ist ein krautiges Belebungs-Tonikum mit einem erfrischenden, durchdringenden Aroma.\",\"breadcrumb\":{\"@id\":\"https:\/\/dutchhealthstore.com\/de\/product\/rosemary-essential-oil\/#breadcrumb\"},\"inLanguage\":\"de\",\"potentialAction\":[{\"@type\":\"ReadAction\",\"target\":[\"https:\/\/dutchhealthstore.com\/de\/product\/rosemary-essential-oil\/\"]}]},{\"@type\":\"ImageObject\",\"inLanguage\":\"de\",\"@id\":\"https:\/\/dutchhealthstore.com\/de\/product\/rosemary-essential-oil\/#primaryimage\",\"url\":\"https:\/\/dutchhealthstore.com\/wp-content\/uploads\/2018\/02\/Living-Libations-Rosemary-Essential-Oil-e1598271682290.jpg\",\"contentUrl\":\"https:\/\/dutchhealthstore.com\/wp-content\/uploads\/2018\/02\/Living-Libations-Rosemary-Essential-Oil-e1598271682290.jpg\",\"width\":500,\"height\":500,\"caption\":\"Living Libations - Rosemary Essential Oil\"},{\"@type\":\"BreadcrumbList\",\"@id\":\"https:\/\/dutchhealthstore.com\/de\/product\/rosemary-essential-oil\/#breadcrumb\",\"itemListElement\":[{\"@type\":\"ListItem\",\"position\":1,\"name\":\"Home\",\"item\":\"https:\/\/dutchhealthstore.com\/de\/\"},{\"@type\":\"ListItem\",\"position\":2,\"name\":\"Shop\",\"item\":\"https:\/\/dutchhealthstore.com\/de\/shop-2\/\"},{\"@type\":\"ListItem\",\"position\":3,\"name\":\"Rosemary Essential Oil\"}]},{\"@type\":\"WebSite\",\"@id\":\"https:\/\/dutchhealthstore.com\/de\/#website\",\"url\":\"https:\/\/dutchhealthstore.com\/de\/\",\"name\":\"Dutch Health Store\",\"description\":\"Enhance Your Beauty with Organic &amp; Natural Skincare\",\"publisher\":{\"@id\":\"https:\/\/dutchhealthstore.com\/de\/#organization\"},\"potentialAction\":[{\"@type\":\"SearchAction\",\"target\":{\"@type\":\"EntryPoint\",\"urlTemplate\":\"https:\/\/dutchhealthstore.com\/de\/?s={search_term_string}\"},\"query-input\":{\"@type\":\"PropertyValueSpecification\",\"valueRequired\":true,\"valueName\":\"search_term_string\"}}],\"inLanguage\":\"de\"},{\"@type\":\"Organization\",\"@id\":\"https:\/\/dutchhealthstore.com\/de\/#organization\",\"name\":\"Dutch Health Store\",\"url\":\"https:\/\/dutchhealthstore.com\/de\/\",\"logo\":{\"@type\":\"ImageObject\",\"inLanguage\":\"de\",\"@id\":\"https:\/\/dutchhealthstore.com\/de\/#\/schema\/logo\/image\/\",\"url\":\"https:\/\/dutchhealthstore.com\/wp-content\/uploads\/2020\/08\/logo-dutchhealthstore-jpg-e1599484957574.jpg\",\"contentUrl\":\"https:\/\/dutchhealthstore.com\/wp-content\/uploads\/2020\/08\/logo-dutchhealthstore-jpg-e1599484957574.jpg\",\"width\":400,\"height\":62,\"caption\":\"Dutch Health Store\"},\"image\":{\"@id\":\"https:\/\/dutchhealthstore.com\/de\/#\/schema\/logo\/image\/\"},\"sameAs\":[\"https:\/\/www.instagram.com\/dutchhealthstore\/\",\"https:\/\/www.facebook.com\/dutchhealthstore\"]}]}<\/script>\n<meta property=\"product:brand\" content=\"Living Libations\" \/>\n<meta property=\"og:availability\" content=\"instock\" \/>\n<meta property=\"product:availability\" content=\"instock\" \/>\n<meta property=\"product:condition\" content=\"new\" \/>\n<!-- \/ Yoast SEO Premium plugin. -->","yoast_head_json":{"title":"Rosemary Essential Oil | Living Libations","description":"Rosemary Essential Oil ist ein krautiges Belebungs-Tonikum mit einem erfrischenden, durchdringenden Aroma.","robots":{"index":"index","follow":"follow","max-snippet":"max-snippet:-1","max-image-preview":"max-image-preview:large","max-video-preview":"max-video-preview:-1"},"canonical":"https:\/\/dutchhealthstore.com\/de\/product\/rosemary-essential-oil\/","og_locale":"de_DE","og_type":"article","og_title":"Rosemary Essential Oil - Dutch Health Store","og_description":"Rosemary Essential Oil ist ein krautiges Belebungs-Tonikum mit einem erfrischenden, durchdringenden Aroma.","og_url":"https:\/\/dutchhealthstore.com\/de\/product\/rosemary-essential-oil\/","og_site_name":"Dutch Health Store","article_publisher":"https:\/\/www.instagram.com\/dutchhealthstore\/","article_modified_time":"2026-01-05T18:01:23+00:00","og_image":[{"width":500,"height":500,"url":"https:\/\/dutchhealthstore.com\/wp-content\/uploads\/2018\/02\/Living-Libations-Rosemary-Essential-Oil-e1598271682290.jpg","type":"image\/jpeg"}],"twitter_card":"summary_large_image","twitter_misc":{"Verf\u00fcgbarkeit":"Auf Lager"},"schema":{"@context":"https:\/\/schema.org","@graph":[{"@type":"WebPage","@id":"https:\/\/dutchhealthstore.com\/de\/product\/rosemary-essential-oil\/","url":"https:\/\/dutchhealthstore.com\/de\/product\/rosemary-essential-oil\/","name":"Rosemary Essential Oil | Living Libations","isPartOf":{"@id":"https:\/\/dutchhealthstore.com\/de\/#website"},"primaryImageOfPage":{"@id":"https:\/\/dutchhealthstore.com\/de\/product\/rosemary-essential-oil\/#primaryimage"},"image":{"@id":"https:\/\/dutchhealthstore.com\/de\/product\/rosemary-essential-oil\/#primaryimage"},"thumbnailUrl":"https:\/\/dutchhealthstore.com\/wp-content\/uploads\/2018\/02\/Living-Libations-Rosemary-Essential-Oil-e1598271682290.jpg","datePublished":"2018-02-10T20:55:40+00:00","dateModified":"2026-01-05T18:01:23+00:00","description":"Rosemary Essential Oil ist ein krautiges Belebungs-Tonikum mit einem erfrischenden, durchdringenden Aroma.","breadcrumb":{"@id":"https:\/\/dutchhealthstore.com\/de\/product\/rosemary-essential-oil\/#breadcrumb"},"inLanguage":"de","potentialAction":[{"@type":"ReadAction","target":["https:\/\/dutchhealthstore.com\/de\/product\/rosemary-essential-oil\/"]}]},{"@type":"ImageObject","inLanguage":"de","@id":"https:\/\/dutchhealthstore.com\/de\/product\/rosemary-essential-oil\/#primaryimage","url":"https:\/\/dutchhealthstore.com\/wp-content\/uploads\/2018\/02\/Living-Libations-Rosemary-Essential-Oil-e1598271682290.jpg","contentUrl":"https:\/\/dutchhealthstore.com\/wp-content\/uploads\/2018\/02\/Living-Libations-Rosemary-Essential-Oil-e1598271682290.jpg","width":500,"height":500,"caption":"Living Libations - Rosemary Essential Oil"},{"@type":"BreadcrumbList","@id":"https:\/\/dutchhealthstore.com\/de\/product\/rosemary-essential-oil\/#breadcrumb","itemListElement":[{"@type":"ListItem","position":1,"name":"Home","item":"https:\/\/dutchhealthstore.com\/de\/"},{"@type":"ListItem","position":2,"name":"Shop","item":"https:\/\/dutchhealthstore.com\/de\/shop-2\/"},{"@type":"ListItem","position":3,"name":"Rosemary Essential Oil"}]},{"@type":"WebSite","@id":"https:\/\/dutchhealthstore.com\/de\/#website","url":"https:\/\/dutchhealthstore.com\/de\/","name":"Dutch Health Store","description":"Enhance Your Beauty with Organic &amp; Natural Skincare","publisher":{"@id":"https:\/\/dutchhealthstore.com\/de\/#organization"},"potentialAction":[{"@type":"SearchAction","target":{"@type":"EntryPoint","urlTemplate":"https:\/\/dutchhealthstore.com\/de\/?s={search_term_string}"},"query-input":{"@type":"PropertyValueSpecification","valueRequired":true,"valueName":"search_term_string"}}],"inLanguage":"de"},{"@type":"Organization","@id":"https:\/\/dutchhealthstore.com\/de\/#organization","name":"Dutch Health Store","url":"https:\/\/dutchhealthstore.com\/de\/","logo":{"@type":"ImageObject","inLanguage":"de","@id":"https:\/\/dutchhealthstore.com\/de\/#\/schema\/logo\/image\/","url":"https:\/\/dutchhealthstore.com\/wp-content\/uploads\/2020\/08\/logo-dutchhealthstore-jpg-e1599484957574.jpg","contentUrl":"https:\/\/dutchhealthstore.com\/wp-content\/uploads\/2020\/08\/logo-dutchhealthstore-jpg-e1599484957574.jpg","width":400,"height":62,"caption":"Dutch Health Store"},"image":{"@id":"https:\/\/dutchhealthstore.com\/de\/#\/schema\/logo\/image\/"},"sameAs":["https:\/\/www.instagram.com\/dutchhealthstore\/","https:\/\/www.facebook.com\/dutchhealthstore"]}]},"product_brand":"Living Libations","og_availability":"instock","product_availability":"instock","product_condition":"new"},"_links":{"self":[{"href":"https:\/\/dutchhealthstore.com\/de\/wp-json\/wp\/v2\/product\/123166","targetHints":{"allow":["GET"]}}],"collection":[{"href":"https:\/\/dutchhealthstore.com\/de\/wp-json\/wp\/v2\/product"}],"about":[{"href":"https:\/\/dutchhealthstore.com\/de\/wp-json\/wp\/v2\/types\/product"}],"replies":[{"embeddable":true,"href":"https:\/\/dutchhealthstore.com\/de\/wp-json\/wp\/v2\/comments?post=123166"}],"wp:featuredmedia":[{"embeddable":true,"href":"https:\/\/dutchhealthstore.com\/de\/wp-json\/wp\/v2\/media\/49132"}],"wp:attachment":[{"href":"https:\/\/dutchhealthstore.com\/de\/wp-json\/wp\/v2\/media?parent=123166"}],"wp:term":[{"taxonomy":"product_brand","embeddable":true,"href":"https:\/\/dutchhealthstore.com\/de\/wp-json\/wp\/v2\/product_brand?post=123166"},{"taxonomy":"product_cat","embeddable":true,"href":"https:\/\/dutchhealthstore.com\/de\/wp-json\/wp\/v2\/product_cat?post=123166"},{"taxonomy":"product_tag","embeddable":true,"href":"https:\/\/dutchhealthstore.com\/de\/wp-json\/wp\/v2\/product_tag?post=123166"}],"curies":[{"name":"wp","href":"https:\/\/api.w.org\/{rel}","templated":true}]}}