{"id":123141,"date":"2018-06-16T08:22:23","date_gmt":"2018-06-16T08:22:23","guid":{"rendered":"https:\/\/dutchhealthstore.com\/product\/rose-de-mai-absolute\/"},"modified":"2024-08-26T12:25:08","modified_gmt":"2024-08-26T10:25:08","slug":"rose-de-mai-absolute","status":"publish","type":"product","link":"https:\/\/dutchhealthstore.com\/de\/product\/rose-de-mai-absolute\/","title":{"rendered":"Rose De Mai Absolute"},"content":{"rendered":"<p><img decoding=\"async\" class=\"alignright size-full wp-image-37041\" src=\"https:\/\/dutchhealthstore.com\/wp-content\/uploads\/2018\/04\/Living_Libations-1.png\" alt=\"Organic &amp; Natural Beautyproducts - Living Libations\" width=\"175\" height=\"82\"><\/p>\n<p><strong>Botanischer Name: <\/strong>Rosa centifolia<br \/>\n<strong>Botanische Familie: <\/strong>Rosaceae <strong><br \/>\nExtraktionsverfahren:<\/strong> Absolutes <strong><br \/>\nDestillierter Teil der Pflanze:<\/strong> Bl\u00fcten<br \/>\n<strong>Herkunftsland:<\/strong> \u00c4gypten<br \/>\n<strong>Anbaumethode:<\/strong> Bio<br \/>\n<strong>Zusammensetzung:<\/strong> 100% Rosa centifolia<br \/>\n<strong>Konsistenz:<\/strong> Mittlere Viskosit\u00e4t<\/p>\n<h3>Produkt-Analysen<\/h3>\n<p>Bitte klicken Sie auf den unten stehenden Link, um das Produktanalysezertifikat zu lesen.<\/p>\n<p><a href=\"https:\/\/dutchhealthstore.com\/wp-content\/uploads\/2019\/05\/ANALYSIS-Rose-De-Mai-Absolute-Living-Libations.pdf\" rel=\"noopener\"><img decoding=\"async\" class=\"wp-image-56302 size-full alignnone\" src=\"https:\/\/dutchhealthstore.com\/wp-content\/uploads\/2019\/05\/logo-pdf-navi-organics.jpg\" alt=\"logo pdf navi organics\" width=\"100\" height=\"104\"><\/a><\/p>\n<h3>Beschreibung des Duftes<\/h3>\n<p>Eine Rose mit einem anderen Namen w\u00fcrde nicht so s\u00fc\u00df duften! Ein sanftes, s\u00fc\u00dfes Bouquet aus honigartigen Bl\u00fcten und spritzigem Gr\u00fcn mit einer atemberaubenden Ausdauer.<\/p>\n<h3>In Living Libations<\/h3>\n<p>Roses Shining Everywhere Perfume<\/p>\n<h3>Gut mischbar mit<\/h3>\n<p>Rose Otto, Ylang, Weihrauch, Sandelholz, Patchouli, Bergamotte, Mandarine, Petitgrain, Neroli, Vanille, Zitrone, Limette, Zistrose, Immortelle, Spikenard, Eichenmoos, Nelke, Honigwabe, Tuberose, Geranie und Lavendel.<strong><br \/>\n<\/strong><\/p>\n<h3>Verwendet<\/h3>\n<p>Die perfekten Bl\u00fctenbl\u00e4tter zur Herstellung kostbarer Parf\u00fcms. K\u00f6stlich diffundierend. Amour\u00f6se Aromatherapie-Mischungen. Herzenserweiternde Meditationen und spirituelle Begr\u00fc\u00dfungen.<\/p>\n<p>Rose de Mai entfaltet fr\u00f6hlich ein Bl\u00fctenblatt nach dem anderen, um der Nase duftende Freuden zu bereiten. Dieses sch\u00f6ne Bouquet salbt den Tag mit den aromatischen Gaben der Rose de Mai, einem Rosenabsolut, das vor allem in der Parf\u00fcmerie und Aromatherapie verwendet wird. <em>Rosa centifolia<\/em> ist reich an s\u00fc\u00dfen Noten von Amber, gr\u00fcnem Honig und einem k\u00f6niglichen Rosenbouquet und verstr\u00f6mt in jedem einzelnen Dufttropfen ein Jahrtausende altes, rosiges Wunder. Die Rosenessenz wird seit der Antike verwendet, um Gef\u00fchle der Liebe und des Gl\u00fccks zu wecken, die Stimmung zu heben, das Herz zu \u00f6ffnen und sowohl die m\u00e4nnliche als auch die weibliche Essenz zu st\u00e4rken.<\/p>\n<p>Destilliert aus den weichen, samtigen Bl\u00fctenbl\u00e4ttern der Kohlrose, birgt Rose de Mai Absolute in seinem \u00d6l eine \u00fcber 12.000 Jahre alte Geschichte. Die Verwendung der Rose als fr\u00f6hliche und verliebte Essenz sowie als Parf\u00fcm geht auf 10.000 v. Chr. zur\u00fcck, als die alten V\u00f6lker Bilder der Blume in H\u00f6hlenw\u00e4nde ritzten. Jahrhunderte sp\u00e4ter lobte Plinius die Tugenden der Rose und z\u00e4hlte zweiunddrei\u00dfig Parf\u00fcmmittel mit Rose auf, und Homer beschreibt in seiner Ilias die Vorz\u00fcge dieser duftenden Blume f\u00fcr die Salbung des Leichnams vor dem Begr\u00e4bnis. Noch sp\u00e4ter bot die Blume den Arabern ihre ersten \u00d6ltropfen an. Im 17. Jahrhundert brachten die T\u00fcrken das Rosen\u00f6l nach Europa, wo es sich seither zu einem der begehrtesten D\u00fcfte der Welt entwickelt hat.<\/p>\n<p>Rose de Mai Absolute wird vor allem in der Parf\u00fcmerie, in der Aromatherapie und zur Salbung bei heiligen Zeremonien verwendet. Salben Sie die Rose de Mai und lassen Sie Ihre Freude heraus und spielen.<\/p>\n<p><strong>Gr\u00f6\u00dfe: 5 ml<\/strong><\/p>\n<h3>Bio-Zutaten<\/h3>\n<p>100% Rose de mai (Rosa centifolia) absolut.<\/p>\n<p style=\"text-align: center;\"><em>&#8222;Rose de Mai Absolute wird h\u00e4ufig f\u00fcr blumige Basen, Chypre und orientalische D\u00fcfte verwendet, aber auch zur Abrundung&#8230; Verwendung mit Jasmin, Cassia, Mimose, Orangenbl\u00fcte&#8230; Sie k\u00f6nnen es auch verwenden, um Bergamotte, Muskatellersalbei, Geranie, Sandelholz, Guajakholz und Patchouli zu modifizieren.&#8220;<\/em><br \/>\n~ Richard Alan Miller and Iona Miller,<strong> Perfumes<\/strong><\/p>\n<p style=\"text-align: center;\"><em>&#8222;Ich habe einmal in einem Buch gelesen, dass eine Rose unter jedem anderen Namen genauso gut duften w\u00fcrde, aber ich habe es nie glauben k\u00f6nnen. Ich glaube nicht, dass eine Rose so sch\u00f6n sein W\u00dcRDE, wenn sie Distel oder Stinkkohl hie\u00dfe.<\/em><br \/>\n~ L.M. Montgomery, <strong>Anne of Green Gables<\/strong><\/p>\n<p style=\"text-align: center;\"><em>&#8222;Aber jetzt glich ihr Geist in seiner Potenz einer winzigen Menge Rosen\u00f6l in einer von Hephzibahs riesigen, eisenbeschlagenen Truhen, die ihren Duft \u00fcber die verschiedenen Leinen- und Spitzenartikel, T\u00fccher, M\u00fctzen, Str\u00fcmpfe, gefaltete Kleider, Handschuhe und was sonst noch darin aufbewahrt wurde, verbreitete. So wie jeder Gegenstand in der gro\u00dfen Truhe durch den Rosenduft s\u00fc\u00dfer wurde, so erhielten alle Gedanken und Gef\u00fchle von Hephzibah und Clifford, so <span style=\"font-size: 14.4px;\">d\u00fcster<\/span> sie auch erscheinen mochten, durch Phoebes Vermischung mit ihnen ein subtiles Attribut des Gl\u00fccks.&#8220;<\/em><br \/>\n~ Nathaniel Hawthorne, <strong>The House of the Seven Gables<\/strong><\/p>\n<p>&nbsp;<\/p>\n<p>&nbsp;<\/p>\n<p>&nbsp;<\/p>\n","protected":false},"excerpt":{"rendered":"<p>Strahlende <strong>Rose de Mai Absolute<\/strong> s\u00e4ttigt die Sinne mit den alten Wundern der Rose. Dieses marokkanische Rosen\u00f6l ist der duftende Bl\u00fctentraum eines jeden Aromatherapeuten, mit einem Hauch von s\u00fc\u00dfem Honig, bernsteinfarbenem Gr\u00fcn und dem unbestreitbaren, uralten Duft der rosigen Bl\u00fcte von Mutter Natur: frische, aromatische Rose.<\/p>\n","protected":false},"featured_media":114103,"comment_status":"open","ping_status":"closed","template":"","meta":[],"product_brand":[],"product_cat":[1551,6737,1508,1493,1210,511,6736],"product_tag":[1547],"class_list":{"0":"post-123141","1":"product","2":"type-product","3":"status-publish","4":"has-post-thumbnail","6":"product_cat-absolute-essenz-living-libations","7":"product_cat-essential-oils-de-2","8":"product_cat-aetherische-oele-living-libations","9":"product_cat-living-libations-deutschland","10":"product_cat-marken","11":"product_cat-produkte","12":"product_cat-wellness-de","13":"product_tag-essential-oil-de","14":"pa_brand-livinglibations-de","15":"pa_essential-oils-product-type-absolute-essences-de","16":"pa_essential-oils-product-type-essential-oils-de","17":"pa_size-5-ml-de","19":"first","20":"instock","21":"taxable","22":"shipping-taxable","23":"purchasable","24":"product-type-simple"},"bundled_by":[],"bundle_stock_status":"instock","bundle_stock_quantity":3,"bundle_virtual":false,"bundle_layout":"","bundle_add_to_cart_form_location":"","bundle_editable_in_cart":false,"bundle_sold_individually_context":"","bundle_item_grouping":"","bundle_min_size":"","bundle_max_size":"","bundle_price":[],"bundled_items":[],"bundle_sell_ids":[],"atum_controlled":true,"out_stock_date":null,"out_stock_threshold":null,"inheritable":false,"stock_on_hold":0,"sold_today":0,"sales_last_days":0,"out_stock_days":0,"lost_sales":0,"update_date":"2026-04-09T11:36:42","atum_locations":[],"atum_stock_status":"instock","restock_status":false,"low_stock_amount":0,"sales_update_date":"2026-04-09T11:36:42","calc_backorders":null,"group_of_quantity":0,"min_quantity":0,"max_quantity":"","exclude_order_quantity_value_rules":"no","exclude_category_quantity_rules":"no","combine_variations":"no","yoast_head":"<!-- This site is optimized with the Yoast SEO Premium plugin v26.5 (Yoast SEO v26.5) - https:\/\/yoast.com\/wordpress\/plugins\/seo\/ -->\n<title>Rose De Mai Absolute | Organic &amp; Natural | Living Libations<\/title>\n<meta name=\"description\" content=\"Living Libations Rose de Mai Absolute s\u00e4ttigt die Sinne mit den alten Wundern der Rose. Dieses marokkanische Rosen\u00f6l ist der duftende Bl\u00fctentraum eines jeden Aromatherapeuten.\" \/>\n<meta name=\"robots\" content=\"index, follow, max-snippet:-1, max-image-preview:large, max-video-preview:-1\" \/>\n<link rel=\"canonical\" href=\"https:\/\/dutchhealthstore.com\/de\/product\/rose-de-mai-absolute\/\" \/>\n<meta property=\"og:locale\" content=\"de_DE\" \/>\n<meta property=\"og:type\" content=\"article\" \/>\n<meta property=\"og:title\" content=\"Rose De Mai Absolute - Dutch Health Store\" \/>\n<meta property=\"og:description\" content=\"Living Libations Rose de Mai Absolute s\u00e4ttigt die Sinne mit den alten Wundern der Rose. Dieses marokkanische Rosen\u00f6l ist der duftende Bl\u00fctentraum eines jeden Aromatherapeuten.\" \/>\n<meta property=\"og:url\" content=\"https:\/\/dutchhealthstore.com\/de\/product\/rose-de-mai-absolute\/\" \/>\n<meta property=\"og:site_name\" content=\"Dutch Health Store\" \/>\n<meta property=\"article:publisher\" content=\"https:\/\/www.instagram.com\/dutchhealthstore\/\" \/>\n<meta property=\"article:modified_time\" content=\"2024-08-26T10:25:08+00:00\" \/>\n<meta property=\"og:image\" content=\"https:\/\/dutchhealthstore.com\/wp-content\/uploads\/2018\/06\/Living-Libations-Rose-de-Mai-Absolute-1-e1594901237847.jpg\" \/>\n\t<meta property=\"og:image:width\" content=\"500\" \/>\n\t<meta property=\"og:image:height\" content=\"500\" \/>\n\t<meta property=\"og:image:type\" content=\"image\/jpeg\" \/>\n<meta name=\"twitter:card\" content=\"summary_large_image\" \/>\n<meta name=\"twitter:label1\" content=\"Preis\" \/>\n\t<meta name=\"twitter:data1\" content=\"&euro;110,00\" \/>\n\t<meta name=\"twitter:label2\" content=\"Verf\u00fcgbarkeit\" \/>\n\t<meta name=\"twitter:data2\" content=\"Auf Lager\" \/>\n<script type=\"application\/ld+json\" class=\"yoast-schema-graph\">{\"@context\":\"https:\/\/schema.org\",\"@graph\":[{\"@type\":\"WebPage\",\"@id\":\"https:\/\/dutchhealthstore.com\/de\/product\/rose-de-mai-absolute\/\",\"url\":\"https:\/\/dutchhealthstore.com\/de\/product\/rose-de-mai-absolute\/\",\"name\":\"Rose De Mai Absolute | Organic & Natural | Living Libations\",\"isPartOf\":{\"@id\":\"https:\/\/dutchhealthstore.com\/de\/#website\"},\"primaryImageOfPage\":{\"@id\":\"https:\/\/dutchhealthstore.com\/de\/product\/rose-de-mai-absolute\/#primaryimage\"},\"image\":{\"@id\":\"https:\/\/dutchhealthstore.com\/de\/product\/rose-de-mai-absolute\/#primaryimage\"},\"thumbnailUrl\":\"https:\/\/dutchhealthstore.com\/wp-content\/uploads\/2018\/06\/Living-Libations-Rose-de-Mai-Absolute-1-e1594901237847.jpg\",\"datePublished\":\"2018-06-16T08:22:23+00:00\",\"dateModified\":\"2024-08-26T10:25:08+00:00\",\"description\":\"Living Libations Rose de Mai Absolute s\u00e4ttigt die Sinne mit den alten Wundern der Rose. Dieses marokkanische Rosen\u00f6l ist der duftende Bl\u00fctentraum eines jeden Aromatherapeuten.\",\"breadcrumb\":{\"@id\":\"https:\/\/dutchhealthstore.com\/de\/product\/rose-de-mai-absolute\/#breadcrumb\"},\"inLanguage\":\"de\",\"potentialAction\":[{\"@type\":\"ReadAction\",\"target\":[\"https:\/\/dutchhealthstore.com\/de\/product\/rose-de-mai-absolute\/\"]}]},{\"@type\":\"ImageObject\",\"inLanguage\":\"de\",\"@id\":\"https:\/\/dutchhealthstore.com\/de\/product\/rose-de-mai-absolute\/#primaryimage\",\"url\":\"https:\/\/dutchhealthstore.com\/wp-content\/uploads\/2018\/06\/Living-Libations-Rose-de-Mai-Absolute-1-e1594901237847.jpg\",\"contentUrl\":\"https:\/\/dutchhealthstore.com\/wp-content\/uploads\/2018\/06\/Living-Libations-Rose-de-Mai-Absolute-1-e1594901237847.jpg\",\"width\":500,\"height\":500,\"caption\":\"Living Libations Rose De Mai Absolute\"},{\"@type\":\"BreadcrumbList\",\"@id\":\"https:\/\/dutchhealthstore.com\/de\/product\/rose-de-mai-absolute\/#breadcrumb\",\"itemListElement\":[{\"@type\":\"ListItem\",\"position\":1,\"name\":\"Home\",\"item\":\"https:\/\/dutchhealthstore.com\/de\/\"},{\"@type\":\"ListItem\",\"position\":2,\"name\":\"Shop\",\"item\":\"https:\/\/dutchhealthstore.com\/de\/shop-2\/\"},{\"@type\":\"ListItem\",\"position\":3,\"name\":\"Rose De Mai Absolute\"}]},{\"@type\":\"WebSite\",\"@id\":\"https:\/\/dutchhealthstore.com\/de\/#website\",\"url\":\"https:\/\/dutchhealthstore.com\/de\/\",\"name\":\"Dutch Health Store\",\"description\":\"Enhance Your Beauty with Organic &amp; Natural Skincare\",\"publisher\":{\"@id\":\"https:\/\/dutchhealthstore.com\/de\/#organization\"},\"potentialAction\":[{\"@type\":\"SearchAction\",\"target\":{\"@type\":\"EntryPoint\",\"urlTemplate\":\"https:\/\/dutchhealthstore.com\/de\/?s={search_term_string}\"},\"query-input\":{\"@type\":\"PropertyValueSpecification\",\"valueRequired\":true,\"valueName\":\"search_term_string\"}}],\"inLanguage\":\"de\"},{\"@type\":\"Organization\",\"@id\":\"https:\/\/dutchhealthstore.com\/de\/#organization\",\"name\":\"Dutch Health Store\",\"url\":\"https:\/\/dutchhealthstore.com\/de\/\",\"logo\":{\"@type\":\"ImageObject\",\"inLanguage\":\"de\",\"@id\":\"https:\/\/dutchhealthstore.com\/de\/#\/schema\/logo\/image\/\",\"url\":\"https:\/\/dutchhealthstore.com\/wp-content\/uploads\/2020\/08\/logo-dutchhealthstore-jpg-e1599484957574.jpg\",\"contentUrl\":\"https:\/\/dutchhealthstore.com\/wp-content\/uploads\/2020\/08\/logo-dutchhealthstore-jpg-e1599484957574.jpg\",\"width\":400,\"height\":62,\"caption\":\"Dutch Health Store\"},\"image\":{\"@id\":\"https:\/\/dutchhealthstore.com\/de\/#\/schema\/logo\/image\/\"},\"sameAs\":[\"https:\/\/www.instagram.com\/dutchhealthstore\/\",\"https:\/\/www.facebook.com\/dutchhealthstore\"]}]}<\/script>\n<meta property=\"product:brand\" content=\"Living Libations\" \/>\n<meta property=\"product:price:amount\" content=\"110.00\" \/>\n<meta property=\"product:price:currency\" content=\"EUR\" \/>\n<meta property=\"og:availability\" content=\"instock\" \/>\n<meta property=\"product:availability\" content=\"instock\" \/>\n<meta property=\"product:condition\" content=\"new\" \/>\n<!-- \/ Yoast SEO Premium plugin. -->","yoast_head_json":{"title":"Rose De Mai Absolute | Organic & Natural | Living Libations","description":"Living Libations Rose de Mai Absolute s\u00e4ttigt die Sinne mit den alten Wundern der Rose. Dieses marokkanische Rosen\u00f6l ist der duftende Bl\u00fctentraum eines jeden Aromatherapeuten.","robots":{"index":"index","follow":"follow","max-snippet":"max-snippet:-1","max-image-preview":"max-image-preview:large","max-video-preview":"max-video-preview:-1"},"canonical":"https:\/\/dutchhealthstore.com\/de\/product\/rose-de-mai-absolute\/","og_locale":"de_DE","og_type":"article","og_title":"Rose De Mai Absolute - Dutch Health Store","og_description":"Living Libations Rose de Mai Absolute s\u00e4ttigt die Sinne mit den alten Wundern der Rose. Dieses marokkanische Rosen\u00f6l ist der duftende Bl\u00fctentraum eines jeden Aromatherapeuten.","og_url":"https:\/\/dutchhealthstore.com\/de\/product\/rose-de-mai-absolute\/","og_site_name":"Dutch Health Store","article_publisher":"https:\/\/www.instagram.com\/dutchhealthstore\/","article_modified_time":"2024-08-26T10:25:08+00:00","og_image":[{"width":500,"height":500,"url":"https:\/\/dutchhealthstore.com\/wp-content\/uploads\/2018\/06\/Living-Libations-Rose-de-Mai-Absolute-1-e1594901237847.jpg","type":"image\/jpeg"}],"twitter_card":"summary_large_image","twitter_misc":{"Preis":"&euro;110,00","Verf\u00fcgbarkeit":"Auf Lager"},"schema":{"@context":"https:\/\/schema.org","@graph":[{"@type":"WebPage","@id":"https:\/\/dutchhealthstore.com\/de\/product\/rose-de-mai-absolute\/","url":"https:\/\/dutchhealthstore.com\/de\/product\/rose-de-mai-absolute\/","name":"Rose De Mai Absolute | Organic & Natural | Living Libations","isPartOf":{"@id":"https:\/\/dutchhealthstore.com\/de\/#website"},"primaryImageOfPage":{"@id":"https:\/\/dutchhealthstore.com\/de\/product\/rose-de-mai-absolute\/#primaryimage"},"image":{"@id":"https:\/\/dutchhealthstore.com\/de\/product\/rose-de-mai-absolute\/#primaryimage"},"thumbnailUrl":"https:\/\/dutchhealthstore.com\/wp-content\/uploads\/2018\/06\/Living-Libations-Rose-de-Mai-Absolute-1-e1594901237847.jpg","datePublished":"2018-06-16T08:22:23+00:00","dateModified":"2024-08-26T10:25:08+00:00","description":"Living Libations Rose de Mai Absolute s\u00e4ttigt die Sinne mit den alten Wundern der Rose. Dieses marokkanische Rosen\u00f6l ist der duftende Bl\u00fctentraum eines jeden Aromatherapeuten.","breadcrumb":{"@id":"https:\/\/dutchhealthstore.com\/de\/product\/rose-de-mai-absolute\/#breadcrumb"},"inLanguage":"de","potentialAction":[{"@type":"ReadAction","target":["https:\/\/dutchhealthstore.com\/de\/product\/rose-de-mai-absolute\/"]}]},{"@type":"ImageObject","inLanguage":"de","@id":"https:\/\/dutchhealthstore.com\/de\/product\/rose-de-mai-absolute\/#primaryimage","url":"https:\/\/dutchhealthstore.com\/wp-content\/uploads\/2018\/06\/Living-Libations-Rose-de-Mai-Absolute-1-e1594901237847.jpg","contentUrl":"https:\/\/dutchhealthstore.com\/wp-content\/uploads\/2018\/06\/Living-Libations-Rose-de-Mai-Absolute-1-e1594901237847.jpg","width":500,"height":500,"caption":"Living Libations Rose De Mai Absolute"},{"@type":"BreadcrumbList","@id":"https:\/\/dutchhealthstore.com\/de\/product\/rose-de-mai-absolute\/#breadcrumb","itemListElement":[{"@type":"ListItem","position":1,"name":"Home","item":"https:\/\/dutchhealthstore.com\/de\/"},{"@type":"ListItem","position":2,"name":"Shop","item":"https:\/\/dutchhealthstore.com\/de\/shop-2\/"},{"@type":"ListItem","position":3,"name":"Rose De Mai Absolute"}]},{"@type":"WebSite","@id":"https:\/\/dutchhealthstore.com\/de\/#website","url":"https:\/\/dutchhealthstore.com\/de\/","name":"Dutch Health Store","description":"Enhance Your Beauty with Organic &amp; Natural Skincare","publisher":{"@id":"https:\/\/dutchhealthstore.com\/de\/#organization"},"potentialAction":[{"@type":"SearchAction","target":{"@type":"EntryPoint","urlTemplate":"https:\/\/dutchhealthstore.com\/de\/?s={search_term_string}"},"query-input":{"@type":"PropertyValueSpecification","valueRequired":true,"valueName":"search_term_string"}}],"inLanguage":"de"},{"@type":"Organization","@id":"https:\/\/dutchhealthstore.com\/de\/#organization","name":"Dutch Health Store","url":"https:\/\/dutchhealthstore.com\/de\/","logo":{"@type":"ImageObject","inLanguage":"de","@id":"https:\/\/dutchhealthstore.com\/de\/#\/schema\/logo\/image\/","url":"https:\/\/dutchhealthstore.com\/wp-content\/uploads\/2020\/08\/logo-dutchhealthstore-jpg-e1599484957574.jpg","contentUrl":"https:\/\/dutchhealthstore.com\/wp-content\/uploads\/2020\/08\/logo-dutchhealthstore-jpg-e1599484957574.jpg","width":400,"height":62,"caption":"Dutch Health Store"},"image":{"@id":"https:\/\/dutchhealthstore.com\/de\/#\/schema\/logo\/image\/"},"sameAs":["https:\/\/www.instagram.com\/dutchhealthstore\/","https:\/\/www.facebook.com\/dutchhealthstore"]}]},"product_brand":"Living Libations","product_price_amount":"110.00","product_price_currency":"EUR","og_availability":"instock","product_availability":"instock","product_condition":"new"},"_links":{"self":[{"href":"https:\/\/dutchhealthstore.com\/de\/wp-json\/wp\/v2\/product\/123141","targetHints":{"allow":["GET"]}}],"collection":[{"href":"https:\/\/dutchhealthstore.com\/de\/wp-json\/wp\/v2\/product"}],"about":[{"href":"https:\/\/dutchhealthstore.com\/de\/wp-json\/wp\/v2\/types\/product"}],"replies":[{"embeddable":true,"href":"https:\/\/dutchhealthstore.com\/de\/wp-json\/wp\/v2\/comments?post=123141"}],"wp:featuredmedia":[{"embeddable":true,"href":"https:\/\/dutchhealthstore.com\/de\/wp-json\/wp\/v2\/media\/114103"}],"wp:attachment":[{"href":"https:\/\/dutchhealthstore.com\/de\/wp-json\/wp\/v2\/media?parent=123141"}],"wp:term":[{"taxonomy":"product_brand","embeddable":true,"href":"https:\/\/dutchhealthstore.com\/de\/wp-json\/wp\/v2\/product_brand?post=123141"},{"taxonomy":"product_cat","embeddable":true,"href":"https:\/\/dutchhealthstore.com\/de\/wp-json\/wp\/v2\/product_cat?post=123141"},{"taxonomy":"product_tag","embeddable":true,"href":"https:\/\/dutchhealthstore.com\/de\/wp-json\/wp\/v2\/product_tag?post=123141"}],"curies":[{"name":"wp","href":"https:\/\/api.w.org\/{rel}","templated":true}]}}