{"id":122966,"date":"2018-06-12T06:26:13","date_gmt":"2018-06-12T04:26:13","guid":{"rendered":"https:\/\/dutchhealthstore.com\/product\/rose-otto-essential-oil\/"},"modified":"2025-10-28T11:07:47","modified_gmt":"2025-10-28T10:07:47","slug":"rose-otto-essential-oil","status":"publish","type":"product","link":"https:\/\/dutchhealthstore.com\/de\/product\/rose-otto-essential-oil\/","title":{"rendered":"Rose Otto Essential Oil"},"content":{"rendered":"<p><img decoding=\"async\" class=\"alignright size-full wp-image-37041\" src=\"https:\/\/dutchhealthstore.com\/wp-content\/uploads\/2018\/04\/Living_Libations-1.png\" alt=\"Organic &amp; Natural Beautyproducts - Living Libations\" width=\"175\" height=\"82\" \/><\/p>\n<p><strong>Botanical Name: <\/strong>Rosa damascena<br \/>\n<strong>Botanical Family:<\/strong> Rosaceae<br \/>\n<strong>Extraction Method:<\/strong> Steam distilled<br \/>\n<strong>Part of Plant Distilled:<\/strong> Flowers<br \/>\n<strong>Country of Origin:<\/strong> Bulgaria<br \/>\n<strong>Cultivation Method:<\/strong> Organic<br \/>\n<strong>Composition:<\/strong> 100% Rosa damascena<br \/>\n<strong>Consistency:<\/strong> Thin to medium (The precious petal waxes of this exquisite oil will solidify in cool temperatures. This is also an indicator of purity).<\/p>\n<a href=\"https:\/\/dutchhealthstore.kinsta.cloud\/wp-content\/uploads\/2018\/06\/ANALYSIS-Rose-Otto-Essential-Oil-2-Living-Libations-1.pdf\" class=\"button primary is-primary is-small\"  >\n\t\t<span>ANALYSE DER \u00c4THERISCHEN \u00d6LE &gt;<\/span>\n\t<\/a>\n\n<h3>Scent Description<\/h3>\n<p>Richly floral, intensely sweet, and tremendously uplifting.<\/p>\n<h3>In Living Libations<\/h3>\n<p>Happy Gum Drops, Rose Best Skin Ever, Rose Glow Serum, Rose Glow Cr\u00e8me, Rose Poetic Pits, Roses Shining Everywhere Petal Perfume, Ozonated Happy Gum Gel, Maiden Fern Blushing Balm, Open Sky Eye Serum, Rose Glow Lover Lips, Ruby Juice Lover Lips, Everybody Loves the Sunshine, Rose Renewal, and Rosewater Complexion Tonic. (Can you tell we just love rose otto for skin care?)<\/p>\n<h3>Blends well with<\/h3>\n<p>Frankincense, Grapefruit, Palo Santo, Douglas fir, Myrrh, Ylang, Spikenard, Vanilla, Cape Chamomile, Silver Fir, Bergamot, Marjoram, and Lavender.<\/p>\n<h3>Uses<\/h3>\n<p>Sublime for skincare, superlative for softening the appearance of scars, fine lines, spots, and skin texture. Amorous in love potions. Be a bathing beauty with one drop in languid bath. Decadent in diffusion. Regal in perfume. Boosts immune.<\/p>\n<p>Regal <strong>Rose Otto Essential Oil<\/strong> is a steam distilled divination from the Valley of Roses in Bulgaria and has been an integral ingredient in skincare preparations for centuries, including in many of our Living Libations. Beyond its angelic aroma and ethereal vibrations, Rose Otto is the most precious, sought-after, and beneficially potent oil of any rose variety. Divine grace for beauty and face, radiant rose revives every filament of our being with its elegant essence.<\/p>\n<p>It takes sixty roses to make one drop of Rose Otto Essential Oil! The &#8218;otto&#8216; in Rose Otto, refers to it being a steam distillation. This is the only type of Rose essence one wants to use in skincare. All other Rose oils are absolutes and those are best for perfumes and blends. Soothing to the heart and smoothing to the appearance of fine lines, scars and skin tone, it is a key ally in skin rejuvenation, inviting balance to body and face. The most restorative and superlative for skincare, rose otto adds resiliency to complexions.<\/p>\n<h3>Organic Ingredients<\/h3>\n<p>100% rose otto (Rosa damascena) essential oil.<\/p>\n<p style=\"text-align: center;\"><em>&#8222;I ask the rose, where did you get such skin?<\/em><br \/>\n<em>She laughs. How could she answer?<\/em><br \/>\n<em>She is drunk, but not enough to say secrets<\/em><br \/>\n<em>Wander with drunks if you want to know what they have been hiding.&#8220;<\/em><br \/>\n\u223c Rumi<\/p>\n<p style=\"text-align: center;\"><em>&#8222;If its replenishing and ritual uses throughout history are any indication, the amazing wealth<\/em><br \/>\n<em>of its diverse compounds never fail to interface with the psychosomatic network of man and woman&#8230;<\/em><br \/>\n<em>Quality: Only the true Rosa Damascena from Bulgaria is convincingly sublime in every single year.&#8220;<\/em><br \/>\n\u223c Kurt Schnaubelt, <strong>Advanced Aromatherapy<\/strong><\/p>\n<p style=\"text-align: center;\"><em>&#8222;This is one of the oldest (and most expensive) of the essential oils; roughly 4,400 pounds of rose blossoms<\/em><br \/>\n<em>are needed to produce a single pound of essential oil. [It is] widely used in perfumery and cosmetics<\/em><br \/>\n<em>both to improve the fragrance bouquet and for the soothing properties to mind and skin.&#8220;<\/em><br \/>\n\u223c Robert S. McDaniel, Katherine J. McDaniel, <strong>Soap Maker&#8217;s Workshop: The Art and Craft of Natural Handmade Soap<\/strong><\/p>\n<p>&nbsp;<\/p>\n<p><img fetchpriority=\"high\" decoding=\"async\" class=\"aligncenter size-full wp-image-31577\" src=\"https:\/\/dutchhealthstore.com\/wp-content\/uploads\/2018\/03\/organic_big.png\" alt=\"Organic and Natural - Living Libations\" width=\"623\" height=\"103\" srcset=\"https:\/\/dutchhealthstore.com\/wp-content\/uploads\/2018\/03\/organic_big.png 623w, https:\/\/dutchhealthstore.com\/wp-content\/uploads\/2018\/03\/organic_big-510x84.png 510w, https:\/\/dutchhealthstore.com\/wp-content\/uploads\/2018\/03\/organic_big-600x99.png 600w, https:\/\/dutchhealthstore.com\/wp-content\/uploads\/2018\/03\/organic_big-350x58.png 350w\" sizes=\"(max-width: 623px) 100vw, 623px\" \/><\/p>\n","protected":false},"excerpt":{"rendered":"<p>Die K\u00f6nigin Rosa damascene verw\u00f6hnt uns mit dem hinrei\u00dfenden <strong>Rose Otto Essential Oil<\/strong>, einem Geschenk aus herrlichen und gro\u00dfz\u00fcgigen Molek\u00fclen, um die Hautpflege zu meistern und die innere Sch\u00f6nheit zu entfachen. Diese exquisite Essenz darf nicht untersch\u00e4tzt werden: Ihr \u00fcppiges, rosiges Aroma war eine der ersten Blumen, die durch Wasserdampfdestillation f\u00fcr alle Arten von Sch\u00f6nheits- und K\u00f6rperpflegemitteln eingefangen wurde.<br \/>\nDie alten Griechen umg\u00fcrteten sich mit Rosen-Otto als botanischem Schutzschild, w\u00e4hrend arabische Scheichs die Bl\u00fctenbl\u00e4tter in Schutzgl\u00e4sern aufbewahrten, um ihre kostbaren Rosensalben zu versiegeln. Dichter, Schriftsteller und Mystiker haben die herzerw\u00e4rmende Wirkung von Rose Otto gepriesen, die das Herz f\u00fcr die Liebe zum Leben \u00f6ffnet.<\/p>\n","protected":false},"featured_media":114107,"comment_status":"open","ping_status":"closed","template":"","meta":[],"product_brand":[],"product_cat":[6737,1508,1546,1493,1210,511,6736],"product_tag":[1547],"class_list":{"0":"post-122966","1":"product","2":"type-product","3":"status-publish","4":"has-post-thumbnail","6":"product_cat-essential-oils-de-2","7":"product_cat-aetherische-oele-living-libations","8":"product_cat-essential-oils-living-libations-de","9":"product_cat-living-libations-deutschland","10":"product_cat-marken","11":"product_cat-produkte","12":"product_cat-wellness-de","13":"product_tag-essential-oil-de","14":"pa_brand-livinglibations-de","15":"pa_essential-oils-product-type-essential-oils-de","16":"pa_size-2-5-ml-de","18":"first","19":"instock","20":"taxable","21":"shipping-taxable","22":"purchasable","23":"product-type-variable"},"bundled_by":[],"bundle_stock_status":"instock","bundle_stock_quantity":null,"bundle_virtual":false,"bundle_layout":"","bundle_add_to_cart_form_location":"","bundle_editable_in_cart":false,"bundle_sold_individually_context":"","bundle_item_grouping":"","bundle_min_size":"","bundle_max_size":"","bundle_price":[],"bundled_items":[],"bundle_sell_ids":[],"atum_controlled":true,"out_stock_date":null,"out_stock_threshold":null,"inheritable":true,"stock_on_hold":0,"sold_today":0,"sales_last_days":0,"out_stock_days":0,"lost_sales":0,"update_date":"2026-04-09T07:02:19","atum_locations":[],"atum_stock_status":"instock","restock_status":false,"low_stock_amount":"","sales_update_date":"2026-04-09T07:02:19","calc_backorders":null,"group_of_quantity":0,"min_quantity":0,"max_quantity":"","exclude_order_quantity_value_rules":"no","exclude_category_quantity_rules":"no","combine_variations":"no","yoast_head":"<!-- This site is optimized with the Yoast SEO Premium plugin v26.5 (Yoast SEO v26.5) - https:\/\/yoast.com\/wordpress\/plugins\/seo\/ -->\n<title>Rose Otto Essential Oil | Living Libations<\/title>\n<meta name=\"description\" content=\"Die K\u00f6nigin Rosa damascene verw\u00f6hnt uns mit der bezaubernden Rose Otto, einem Geschenk von herrlichen und gro\u00dfz\u00fcgigen Molek\u00fclen, um die Hautpflege zu meistern und die innere Sch\u00f6nheit zu entfachen.\" \/>\n<meta name=\"robots\" content=\"index, follow, max-snippet:-1, max-image-preview:large, max-video-preview:-1\" \/>\n<link rel=\"canonical\" href=\"https:\/\/dutchhealthstore.com\/de\/product\/rose-otto-essential-oil\/\" \/>\n<meta property=\"og:locale\" content=\"de_DE\" \/>\n<meta property=\"og:type\" content=\"article\" \/>\n<meta property=\"og:title\" content=\"Rose Otto Essential Oil - Dutch Health Store\" \/>\n<meta property=\"og:description\" content=\"Die K\u00f6nigin Rosa damascene verw\u00f6hnt uns mit der bezaubernden Rose Otto, einem Geschenk von herrlichen und gro\u00dfz\u00fcgigen Molek\u00fclen, um die Hautpflege zu meistern und die innere Sch\u00f6nheit zu entfachen.\" \/>\n<meta property=\"og:url\" content=\"https:\/\/dutchhealthstore.com\/de\/product\/rose-otto-essential-oil\/\" \/>\n<meta property=\"og:site_name\" content=\"Dutch Health Store\" \/>\n<meta property=\"article:publisher\" content=\"https:\/\/www.instagram.com\/dutchhealthstore\/\" \/>\n<meta property=\"article:modified_time\" content=\"2025-10-28T10:07:47+00:00\" \/>\n<meta property=\"og:image\" content=\"https:\/\/dutchhealthstore.com\/wp-content\/uploads\/2018\/06\/Living-Libations-Rose-Otto-Essential-Oil-1-e1594901911712.jpg\" \/>\n\t<meta property=\"og:image:width\" content=\"500\" \/>\n\t<meta property=\"og:image:height\" content=\"500\" \/>\n\t<meta property=\"og:image:type\" content=\"image\/jpeg\" \/>\n<meta name=\"twitter:card\" content=\"summary_large_image\" \/>\n<meta name=\"twitter:label1\" content=\"Verf\u00fcgbarkeit\" \/>\n\t<meta name=\"twitter:data1\" content=\"Auf Lager\" \/>\n<script type=\"application\/ld+json\" class=\"yoast-schema-graph\">{\"@context\":\"https:\/\/schema.org\",\"@graph\":[{\"@type\":\"WebPage\",\"@id\":\"https:\/\/dutchhealthstore.com\/de\/product\/rose-otto-essential-oil\/\",\"url\":\"https:\/\/dutchhealthstore.com\/de\/product\/rose-otto-essential-oil\/\",\"name\":\"Rose Otto Essential Oil | Living Libations\",\"isPartOf\":{\"@id\":\"https:\/\/dutchhealthstore.com\/de\/#website\"},\"primaryImageOfPage\":{\"@id\":\"https:\/\/dutchhealthstore.com\/de\/product\/rose-otto-essential-oil\/#primaryimage\"},\"image\":{\"@id\":\"https:\/\/dutchhealthstore.com\/de\/product\/rose-otto-essential-oil\/#primaryimage\"},\"thumbnailUrl\":\"https:\/\/dutchhealthstore.com\/wp-content\/uploads\/2018\/06\/Living-Libations-Rose-Otto-Essential-Oil-1-e1594901911712.jpg\",\"datePublished\":\"2018-06-12T04:26:13+00:00\",\"dateModified\":\"2025-10-28T10:07:47+00:00\",\"description\":\"Die K\u00f6nigin Rosa damascene verw\u00f6hnt uns mit der bezaubernden Rose Otto, einem Geschenk von herrlichen und gro\u00dfz\u00fcgigen Molek\u00fclen, um die Hautpflege zu meistern und die innere Sch\u00f6nheit zu entfachen.\",\"breadcrumb\":{\"@id\":\"https:\/\/dutchhealthstore.com\/de\/product\/rose-otto-essential-oil\/#breadcrumb\"},\"inLanguage\":\"de\",\"potentialAction\":[{\"@type\":\"ReadAction\",\"target\":[\"https:\/\/dutchhealthstore.com\/de\/product\/rose-otto-essential-oil\/\"]}]},{\"@type\":\"ImageObject\",\"inLanguage\":\"de\",\"@id\":\"https:\/\/dutchhealthstore.com\/de\/product\/rose-otto-essential-oil\/#primaryimage\",\"url\":\"https:\/\/dutchhealthstore.com\/wp-content\/uploads\/2018\/06\/Living-Libations-Rose-Otto-Essential-Oil-1-e1594901911712.jpg\",\"contentUrl\":\"https:\/\/dutchhealthstore.com\/wp-content\/uploads\/2018\/06\/Living-Libations-Rose-Otto-Essential-Oil-1-e1594901911712.jpg\",\"width\":500,\"height\":500,\"caption\":\"Living Libations Rose Otto Essential Oil\"},{\"@type\":\"BreadcrumbList\",\"@id\":\"https:\/\/dutchhealthstore.com\/de\/product\/rose-otto-essential-oil\/#breadcrumb\",\"itemListElement\":[{\"@type\":\"ListItem\",\"position\":1,\"name\":\"Home\",\"item\":\"https:\/\/dutchhealthstore.com\/de\/\"},{\"@type\":\"ListItem\",\"position\":2,\"name\":\"Shop\",\"item\":\"https:\/\/dutchhealthstore.com\/de\/shop-2\/\"},{\"@type\":\"ListItem\",\"position\":3,\"name\":\"Rose Otto Essential Oil\"}]},{\"@type\":\"WebSite\",\"@id\":\"https:\/\/dutchhealthstore.com\/de\/#website\",\"url\":\"https:\/\/dutchhealthstore.com\/de\/\",\"name\":\"Dutch Health Store\",\"description\":\"Enhance Your Beauty with Organic &amp; Natural Skincare\",\"publisher\":{\"@id\":\"https:\/\/dutchhealthstore.com\/de\/#organization\"},\"potentialAction\":[{\"@type\":\"SearchAction\",\"target\":{\"@type\":\"EntryPoint\",\"urlTemplate\":\"https:\/\/dutchhealthstore.com\/de\/?s={search_term_string}\"},\"query-input\":{\"@type\":\"PropertyValueSpecification\",\"valueRequired\":true,\"valueName\":\"search_term_string\"}}],\"inLanguage\":\"de\"},{\"@type\":\"Organization\",\"@id\":\"https:\/\/dutchhealthstore.com\/de\/#organization\",\"name\":\"Dutch Health Store\",\"url\":\"https:\/\/dutchhealthstore.com\/de\/\",\"logo\":{\"@type\":\"ImageObject\",\"inLanguage\":\"de\",\"@id\":\"https:\/\/dutchhealthstore.com\/de\/#\/schema\/logo\/image\/\",\"url\":\"https:\/\/dutchhealthstore.com\/wp-content\/uploads\/2020\/08\/logo-dutchhealthstore-jpg-e1599484957574.jpg\",\"contentUrl\":\"https:\/\/dutchhealthstore.com\/wp-content\/uploads\/2020\/08\/logo-dutchhealthstore-jpg-e1599484957574.jpg\",\"width\":400,\"height\":62,\"caption\":\"Dutch Health Store\"},\"image\":{\"@id\":\"https:\/\/dutchhealthstore.com\/de\/#\/schema\/logo\/image\/\"},\"sameAs\":[\"https:\/\/www.instagram.com\/dutchhealthstore\/\",\"https:\/\/www.facebook.com\/dutchhealthstore\"]}]}<\/script>\n<meta property=\"product:brand\" content=\"Living Libations\" \/>\n<meta property=\"og:availability\" content=\"instock\" \/>\n<meta property=\"product:availability\" content=\"instock\" \/>\n<meta property=\"product:condition\" content=\"new\" \/>\n<!-- \/ Yoast SEO Premium plugin. -->","yoast_head_json":{"title":"Rose Otto Essential Oil | Living Libations","description":"Die K\u00f6nigin Rosa damascene verw\u00f6hnt uns mit der bezaubernden Rose Otto, einem Geschenk von herrlichen und gro\u00dfz\u00fcgigen Molek\u00fclen, um die Hautpflege zu meistern und die innere Sch\u00f6nheit zu entfachen.","robots":{"index":"index","follow":"follow","max-snippet":"max-snippet:-1","max-image-preview":"max-image-preview:large","max-video-preview":"max-video-preview:-1"},"canonical":"https:\/\/dutchhealthstore.com\/de\/product\/rose-otto-essential-oil\/","og_locale":"de_DE","og_type":"article","og_title":"Rose Otto Essential Oil - Dutch Health Store","og_description":"Die K\u00f6nigin Rosa damascene verw\u00f6hnt uns mit der bezaubernden Rose Otto, einem Geschenk von herrlichen und gro\u00dfz\u00fcgigen Molek\u00fclen, um die Hautpflege zu meistern und die innere Sch\u00f6nheit zu entfachen.","og_url":"https:\/\/dutchhealthstore.com\/de\/product\/rose-otto-essential-oil\/","og_site_name":"Dutch Health Store","article_publisher":"https:\/\/www.instagram.com\/dutchhealthstore\/","article_modified_time":"2025-10-28T10:07:47+00:00","og_image":[{"width":500,"height":500,"url":"https:\/\/dutchhealthstore.com\/wp-content\/uploads\/2018\/06\/Living-Libations-Rose-Otto-Essential-Oil-1-e1594901911712.jpg","type":"image\/jpeg"}],"twitter_card":"summary_large_image","twitter_misc":{"Verf\u00fcgbarkeit":"Auf Lager"},"schema":{"@context":"https:\/\/schema.org","@graph":[{"@type":"WebPage","@id":"https:\/\/dutchhealthstore.com\/de\/product\/rose-otto-essential-oil\/","url":"https:\/\/dutchhealthstore.com\/de\/product\/rose-otto-essential-oil\/","name":"Rose Otto Essential Oil | Living Libations","isPartOf":{"@id":"https:\/\/dutchhealthstore.com\/de\/#website"},"primaryImageOfPage":{"@id":"https:\/\/dutchhealthstore.com\/de\/product\/rose-otto-essential-oil\/#primaryimage"},"image":{"@id":"https:\/\/dutchhealthstore.com\/de\/product\/rose-otto-essential-oil\/#primaryimage"},"thumbnailUrl":"https:\/\/dutchhealthstore.com\/wp-content\/uploads\/2018\/06\/Living-Libations-Rose-Otto-Essential-Oil-1-e1594901911712.jpg","datePublished":"2018-06-12T04:26:13+00:00","dateModified":"2025-10-28T10:07:47+00:00","description":"Die K\u00f6nigin Rosa damascene verw\u00f6hnt uns mit der bezaubernden Rose Otto, einem Geschenk von herrlichen und gro\u00dfz\u00fcgigen Molek\u00fclen, um die Hautpflege zu meistern und die innere Sch\u00f6nheit zu entfachen.","breadcrumb":{"@id":"https:\/\/dutchhealthstore.com\/de\/product\/rose-otto-essential-oil\/#breadcrumb"},"inLanguage":"de","potentialAction":[{"@type":"ReadAction","target":["https:\/\/dutchhealthstore.com\/de\/product\/rose-otto-essential-oil\/"]}]},{"@type":"ImageObject","inLanguage":"de","@id":"https:\/\/dutchhealthstore.com\/de\/product\/rose-otto-essential-oil\/#primaryimage","url":"https:\/\/dutchhealthstore.com\/wp-content\/uploads\/2018\/06\/Living-Libations-Rose-Otto-Essential-Oil-1-e1594901911712.jpg","contentUrl":"https:\/\/dutchhealthstore.com\/wp-content\/uploads\/2018\/06\/Living-Libations-Rose-Otto-Essential-Oil-1-e1594901911712.jpg","width":500,"height":500,"caption":"Living Libations Rose Otto Essential Oil"},{"@type":"BreadcrumbList","@id":"https:\/\/dutchhealthstore.com\/de\/product\/rose-otto-essential-oil\/#breadcrumb","itemListElement":[{"@type":"ListItem","position":1,"name":"Home","item":"https:\/\/dutchhealthstore.com\/de\/"},{"@type":"ListItem","position":2,"name":"Shop","item":"https:\/\/dutchhealthstore.com\/de\/shop-2\/"},{"@type":"ListItem","position":3,"name":"Rose Otto Essential Oil"}]},{"@type":"WebSite","@id":"https:\/\/dutchhealthstore.com\/de\/#website","url":"https:\/\/dutchhealthstore.com\/de\/","name":"Dutch Health Store","description":"Enhance Your Beauty with Organic &amp; Natural Skincare","publisher":{"@id":"https:\/\/dutchhealthstore.com\/de\/#organization"},"potentialAction":[{"@type":"SearchAction","target":{"@type":"EntryPoint","urlTemplate":"https:\/\/dutchhealthstore.com\/de\/?s={search_term_string}"},"query-input":{"@type":"PropertyValueSpecification","valueRequired":true,"valueName":"search_term_string"}}],"inLanguage":"de"},{"@type":"Organization","@id":"https:\/\/dutchhealthstore.com\/de\/#organization","name":"Dutch Health Store","url":"https:\/\/dutchhealthstore.com\/de\/","logo":{"@type":"ImageObject","inLanguage":"de","@id":"https:\/\/dutchhealthstore.com\/de\/#\/schema\/logo\/image\/","url":"https:\/\/dutchhealthstore.com\/wp-content\/uploads\/2020\/08\/logo-dutchhealthstore-jpg-e1599484957574.jpg","contentUrl":"https:\/\/dutchhealthstore.com\/wp-content\/uploads\/2020\/08\/logo-dutchhealthstore-jpg-e1599484957574.jpg","width":400,"height":62,"caption":"Dutch Health Store"},"image":{"@id":"https:\/\/dutchhealthstore.com\/de\/#\/schema\/logo\/image\/"},"sameAs":["https:\/\/www.instagram.com\/dutchhealthstore\/","https:\/\/www.facebook.com\/dutchhealthstore"]}]},"product_brand":"Living Libations","og_availability":"instock","product_availability":"instock","product_condition":"new"},"_links":{"self":[{"href":"https:\/\/dutchhealthstore.com\/de\/wp-json\/wp\/v2\/product\/122966","targetHints":{"allow":["GET"]}}],"collection":[{"href":"https:\/\/dutchhealthstore.com\/de\/wp-json\/wp\/v2\/product"}],"about":[{"href":"https:\/\/dutchhealthstore.com\/de\/wp-json\/wp\/v2\/types\/product"}],"replies":[{"embeddable":true,"href":"https:\/\/dutchhealthstore.com\/de\/wp-json\/wp\/v2\/comments?post=122966"}],"wp:featuredmedia":[{"embeddable":true,"href":"https:\/\/dutchhealthstore.com\/de\/wp-json\/wp\/v2\/media\/114107"}],"wp:attachment":[{"href":"https:\/\/dutchhealthstore.com\/de\/wp-json\/wp\/v2\/media?parent=122966"}],"wp:term":[{"taxonomy":"product_brand","embeddable":true,"href":"https:\/\/dutchhealthstore.com\/de\/wp-json\/wp\/v2\/product_brand?post=122966"},{"taxonomy":"product_cat","embeddable":true,"href":"https:\/\/dutchhealthstore.com\/de\/wp-json\/wp\/v2\/product_cat?post=122966"},{"taxonomy":"product_tag","embeddable":true,"href":"https:\/\/dutchhealthstore.com\/de\/wp-json\/wp\/v2\/product_tag?post=122966"}],"curies":[{"name":"wp","href":"https:\/\/api.w.org\/{rel}","templated":true}]}}