{"id":122955,"date":"2020-06-16T06:34:19","date_gmt":"2020-06-16T04:34:19","guid":{"rendered":"https:\/\/dutchhealthstore.com\/product\/rose-otto-white-essential-oil\/"},"modified":"2025-10-11T16:19:43","modified_gmt":"2025-10-11T14:19:43","slug":"rose-otto-white-essential-oil","status":"publish","type":"product","link":"https:\/\/dutchhealthstore.com\/de\/product\/rose-otto-white-essential-oil\/","title":{"rendered":"Rose Otto, White Essential Oil"},"content":{"rendered":"<p><img decoding=\"async\" class=\"size-full wp-image-69549 alignright\" src=\"https:\/\/dutchhealthstore.com\/wp-content\/uploads\/2019\/08\/NEW-Living-Libations-Logo.jpg\" alt=\"NEW - Living Libations - Logo\" width=\"175\" height=\"82\"><strong>Botanischer Name:<\/strong> Rosa alba<br \/>\n<strong>Botanische Familie:<\/strong> Rosaceae<br \/>\n<strong>Extraktionsverfahren:<\/strong> Dampfdestilliert<br \/>\n<strong>Teil der Pflanze Destilliert:<\/strong> Bl\u00fctenbl\u00e4tter<br \/>\n<strong>Herkunftsland:<\/strong> Bulgarien<br \/>\n<strong>Anbaumethode:<\/strong> Bio<br \/>\n<strong>Zusammensetzung:<\/strong> 100% Rosa alba<br \/>\n<strong>Konsistenz:<\/strong> D\u00fcnn, kann aber bei k\u00e4lteren Temperaturen vor\u00fcbergehend fest werden.<\/p>\n<h3>Beschreibung des Duftes<\/h3>\n<p>Ein reines, transzendentes Bouquet von Rosenknospen, die in der bulgarischen Brise schwingen. Ausgewogen, frisch und unversch\u00e4mt engelhaft.<\/p>\n<h3>Gut mischbar mit<\/h3>\n<p>Ylang, Zitrone, Rose Absolute, Geranie, Neroli, Nelke, Bornia, Sandelholz, Palo Santo, Weihrauch, Vetiver, Spikenard, Vanille, Bergamotte und Limette.<\/p>\n<h3>Verwendet<\/h3>\n<p>Hautpflegeserum der Spitzenklasse, das das Erscheinungsbild von Narben, Flecken, feinen Linien und den Hautton mildert. Reinigt die Haut und das Haar. Salbung f\u00fcr heilige Zeremonien. Erleichtern Sie eine tiefere Meditation. Segne den K\u00f6rper mit seinem heiligen Blumenduft. \u00d6ffnen Sie das Herz.<\/p>\n<h3>Profi-Tipp<\/h3>\n<p>Sollte er sich verfestigen, halten Sie ihn einfach in der Handfl\u00e4che, bis er wieder seine normale Konsistenz erreicht hat.<\/p>\n<a href=\"https:\/\/dutchhealthstore.com\/wp-content\/uploads\/2020\/06\/ANALYSIS-Rose-Otto-White-Essential-Oil-Living-Libations-1.pdf\" class=\"button primary is-primary is-small\"  >\n\t\t<span>ANALYSE DER \u00c4THERISCHEN \u00d6LE &gt;<\/span>\n\t<\/a>\n\n<p style=\"text-align: center;\"><em>K\u00f6nnen Sie einen anderen Markt wie diesen finden?<\/em><br \/>\n<em>Wo, mit deiner einen Rose<\/em><br \/>\n<em>Sie Hunderte von Roseng\u00e4rten kaufen k\u00f6nnen?<\/em><br \/>\n~ Rumi<\/p>\n<p>Dieses hinrei\u00dfend seltene und \u00e4u\u00dferst wertvolle \u00d6l wird aus biologisch angebauten bulgarischen wei\u00dfen Rosen gewonnen und bietet eine F\u00fclle von aromatherapeutischen, spirituellen und hautpflegerischen Vorteilen. Monat f\u00fcr Monat z\u00e4rtliche Pflege tr\u00e4gt die blumigen Fr\u00fcchte der liebevollen Arbeit. White Rose Otto Essential Oil bl\u00fcht mit blumigen Ranken aus s\u00fc\u00dfen, kl\u00e4renden Noten fl\u00fcsterwei\u00dfer Rosenknospen auf.<\/p>\n<p>Der Anbau von Wei\u00dfen Rosen aus biologischem Anbau erfordert viel Zeit, Ressourcen und Geduld und erfordert w\u00e4hrend des gesamten Anbauprozesses eine sorgf\u00e4ltige und engagierte Betreuung. Unsere Brennerei besch\u00e4ftigt 300 Rosenpfleger, die sich ausschlie\u00dflich der Pflege und Erhaltung der Wei\u00dfen Rosen widmen. Vor der Destillation wird jede Rosenpflanze monatelang sorgf\u00e4ltig gepflegt, damit jede Knospe bl\u00fchen und gedeihen kann. Die Liebe, Sorgfalt und Aufmerksamkeit, die jedem kostbaren Bl\u00fctenblatt gewidmet wird, ist vom ersten Einatmen dieser reinen Anmut in der Flasche an offensichtlich.<\/p>\n<p>White Rose Otto wird stark mit dem heiligen Weiblichen, Gef\u00fchlen der Liebe und k\u00f6niglicher Entspannung symbolisiert. Es ist auch ein hervorragendes Hauttonikum, Deodorant und ein amour\u00f6ses Aroma.<\/p>\n<p><strong>Gr\u00f6\u00dfe: 2,5 ml und 5 ml<\/strong><\/p>\n<h3>Bio-Zutaten<\/h3>\n<p>100% \u00e4therisches \u00d6l der wei\u00dfen Rose (Rosa alba).<\/p>\n<p style=\"text-align: center;\"><em>&#8222;Der Atem der Rose otto ist wie der Fl\u00fcgelschlag eines Engels. Er wirkt mit einem Licht, das viel heller ist als die Sonne, mit einer Frequenz, die man nicht messen kann und die doch \u00fcberall ist, und die wir sp\u00fcren k\u00f6nnen, wenn wir nur innehalten und an der Rose riechen.&#8220;<br \/>\n<\/em><em>~ Valerie Ann Worwood, <strong>Aromatherapy for the Soul<\/strong><\/em><\/p>\n<p style=\"text-align: center;\"><em>&#8222;Pablo wandte sich ab. Ihr Name war Rosa Alba. Rosa Sonnenaufgang. Wundersch\u00f6n. Er f\u00fchlte sich wieder wie ein Narr.&#8220;<\/em><br \/>\n~ Krystyna Rodriguez, <strong>Chabochi<\/strong><\/p>\n<p>&nbsp;<\/p>\n<p><img fetchpriority=\"high\" decoding=\"async\" class=\"size-medium wp-image-68103 aligncenter\" src=\"https:\/\/dutchhealthstore.com\/wp-content\/uploads\/2018\/02\/Living-Libations-Organic-Logo-800x89.png\" alt=\"Living Libations - Organic Logo\" width=\"800\" height=\"89\" srcset=\"https:\/\/dutchhealthstore.com\/wp-content\/uploads\/2018\/02\/Living-Libations-Organic-Logo-800x89.png 800w, https:\/\/dutchhealthstore.com\/wp-content\/uploads\/2018\/02\/Living-Libations-Organic-Logo-510x57.png 510w, https:\/\/dutchhealthstore.com\/wp-content\/uploads\/2018\/02\/Living-Libations-Organic-Logo-768x85.png 768w, https:\/\/dutchhealthstore.com\/wp-content\/uploads\/2018\/02\/Living-Libations-Organic-Logo.png 1400w\" sizes=\"(max-width: 800px) 100vw, 800px\" \/><\/p>\n","protected":false},"excerpt":{"rendered":"<p>Warmherziges <strong>White Rose Otto Essential Oil<\/strong> wird aus besonders seltenen, zeitlos gesch\u00e4tzten, wei\u00dfen bulgarischen Rosenknospen dampfdestilliert.<br \/>\nDas daraus resultierende \u00d6l, ein 100 % reines \u00e4therisches \u00d6l der Rosa alba, f\u00e4ngt die Sch\u00f6nheit und Kraft der pudrigen wei\u00dfen Rose ein, ein fl\u00fcsterweicher, \u00e4therischer Ausdruck von Sch\u00f6nheit. Daher ist diese Essenz besonders f\u00fcr die Hautpflege geeignet und stellt eine elegante Erg\u00e4nzung zu unserer Kollektion von Rosen\u00f6len dar.<\/p>\n","protected":false},"featured_media":107252,"comment_status":"open","ping_status":"closed","template":"","meta":[],"product_brand":[],"product_cat":[1508,1546,6737,1493,1210,6736],"product_tag":[1547],"class_list":{"0":"post-122955","1":"product","2":"type-product","3":"status-publish","4":"has-post-thumbnail","6":"product_cat-aetherische-oele-living-libations","7":"product_cat-essential-oils-living-libations-de","8":"product_cat-essential-oils-de-2","9":"product_cat-living-libations-deutschland","10":"product_cat-marken","11":"product_cat-wellness-de","12":"product_tag-essential-oil-de","13":"pa_brand-livinglibations-de","14":"pa_essential-oils-product-type-essential-oils-de","15":"pa_size-2-5-ml-de","16":"pa_size-5-ml-de","18":"first","19":"instock","20":"taxable","21":"shipping-taxable","22":"purchasable","23":"product-type-simple"},"bundled_by":[],"bundle_stock_status":"instock","bundle_stock_quantity":3,"bundle_virtual":false,"bundle_layout":"","bundle_add_to_cart_form_location":"","bundle_editable_in_cart":false,"bundle_sold_individually_context":"","bundle_item_grouping":"","bundle_min_size":"","bundle_max_size":"","bundle_price":[],"bundled_items":[],"bundle_sell_ids":[],"atum_controlled":true,"out_stock_date":null,"out_stock_threshold":null,"inheritable":false,"stock_on_hold":0,"sold_today":0,"sales_last_days":0,"out_stock_days":0,"lost_sales":0,"update_date":"2026-04-30T11:56:28","atum_locations":[],"atum_stock_status":"instock","restock_status":false,"low_stock_amount":"","sales_update_date":"2026-04-30T11:56:28","calc_backorders":null,"group_of_quantity":0,"min_quantity":0,"max_quantity":"","exclude_order_quantity_value_rules":"no","exclude_category_quantity_rules":"no","combine_variations":"no","yoast_head":"<!-- This site is optimized with the Yoast SEO Premium plugin v26.5 (Yoast SEO v26.5) - https:\/\/yoast.com\/wordpress\/plugins\/seo\/ -->\n<title>Rose Otto, White Essential Oil | Living Libations<\/title>\n<meta name=\"description\" content=\"Warmherziges White Rose Otto Essential Oil wird aus besonders seltenen, zeitlos gesch\u00e4tzten, wei\u00dfen bulgarischen Rosenknospen dampfdestilliert.\" \/>\n<meta name=\"robots\" content=\"index, follow, max-snippet:-1, max-image-preview:large, max-video-preview:-1\" \/>\n<link rel=\"canonical\" href=\"https:\/\/dutchhealthstore.com\/de\/product\/rose-otto-white-essential-oil\/\" \/>\n<meta property=\"og:locale\" content=\"de_DE\" \/>\n<meta property=\"og:type\" content=\"article\" \/>\n<meta property=\"og:title\" content=\"Rose Otto, White Essential Oil - Dutch Health Store\" \/>\n<meta property=\"og:description\" content=\"Warmherziges White Rose Otto Essential Oil wird aus besonders seltenen, zeitlos gesch\u00e4tzten, wei\u00dfen bulgarischen Rosenknospen dampfdestilliert.\" \/>\n<meta property=\"og:url\" content=\"https:\/\/dutchhealthstore.com\/de\/product\/rose-otto-white-essential-oil\/\" \/>\n<meta property=\"og:site_name\" content=\"Dutch Health Store\" \/>\n<meta property=\"article:publisher\" content=\"https:\/\/www.instagram.com\/dutchhealthstore\/\" \/>\n<meta property=\"article:modified_time\" content=\"2025-10-11T14:19:43+00:00\" \/>\n<meta property=\"og:image\" content=\"https:\/\/dutchhealthstore.com\/wp-content\/uploads\/2020\/06\/Living-Libations-Rose-Otto-White-essential-oil-e1592288320373.jpg\" \/>\n\t<meta property=\"og:image:width\" content=\"500\" \/>\n\t<meta property=\"og:image:height\" content=\"500\" \/>\n\t<meta property=\"og:image:type\" content=\"image\/jpeg\" \/>\n<meta name=\"twitter:card\" content=\"summary_large_image\" \/>\n<meta name=\"twitter:label1\" content=\"Preis\" \/>\n\t<meta name=\"twitter:data1\" content=\"&euro;135,00\" \/>\n\t<meta name=\"twitter:label2\" content=\"Verf\u00fcgbarkeit\" \/>\n\t<meta name=\"twitter:data2\" content=\"Auf Lager\" \/>\n<script type=\"application\/ld+json\" class=\"yoast-schema-graph\">{\"@context\":\"https:\/\/schema.org\",\"@graph\":[{\"@type\":\"WebPage\",\"@id\":\"https:\/\/dutchhealthstore.com\/de\/product\/rose-otto-white-essential-oil\/\",\"url\":\"https:\/\/dutchhealthstore.com\/de\/product\/rose-otto-white-essential-oil\/\",\"name\":\"Rose Otto, White Essential Oil | Living Libations\",\"isPartOf\":{\"@id\":\"https:\/\/dutchhealthstore.com\/de\/#website\"},\"primaryImageOfPage\":{\"@id\":\"https:\/\/dutchhealthstore.com\/de\/product\/rose-otto-white-essential-oil\/#primaryimage\"},\"image\":{\"@id\":\"https:\/\/dutchhealthstore.com\/de\/product\/rose-otto-white-essential-oil\/#primaryimage\"},\"thumbnailUrl\":\"https:\/\/dutchhealthstore.com\/wp-content\/uploads\/2020\/06\/Living-Libations-Rose-Otto-White-essential-oil-e1592288320373.jpg\",\"datePublished\":\"2020-06-16T04:34:19+00:00\",\"dateModified\":\"2025-10-11T14:19:43+00:00\",\"description\":\"Warmherziges White Rose Otto Essential Oil wird aus besonders seltenen, zeitlos gesch\u00e4tzten, wei\u00dfen bulgarischen Rosenknospen dampfdestilliert.\",\"breadcrumb\":{\"@id\":\"https:\/\/dutchhealthstore.com\/de\/product\/rose-otto-white-essential-oil\/#breadcrumb\"},\"inLanguage\":\"de\",\"potentialAction\":[{\"@type\":\"ReadAction\",\"target\":[\"https:\/\/dutchhealthstore.com\/de\/product\/rose-otto-white-essential-oil\/\"]}]},{\"@type\":\"ImageObject\",\"inLanguage\":\"de\",\"@id\":\"https:\/\/dutchhealthstore.com\/de\/product\/rose-otto-white-essential-oil\/#primaryimage\",\"url\":\"https:\/\/dutchhealthstore.com\/wp-content\/uploads\/2020\/06\/Living-Libations-Rose-Otto-White-essential-oil-e1592288320373.jpg\",\"contentUrl\":\"https:\/\/dutchhealthstore.com\/wp-content\/uploads\/2020\/06\/Living-Libations-Rose-Otto-White-essential-oil-e1592288320373.jpg\",\"width\":500,\"height\":500,\"caption\":\"Living Libations Rose Otto, White essential oil\"},{\"@type\":\"BreadcrumbList\",\"@id\":\"https:\/\/dutchhealthstore.com\/de\/product\/rose-otto-white-essential-oil\/#breadcrumb\",\"itemListElement\":[{\"@type\":\"ListItem\",\"position\":1,\"name\":\"Home\",\"item\":\"https:\/\/dutchhealthstore.com\/de\/\"},{\"@type\":\"ListItem\",\"position\":2,\"name\":\"Shop\",\"item\":\"https:\/\/dutchhealthstore.com\/de\/shop-2\/\"},{\"@type\":\"ListItem\",\"position\":3,\"name\":\"Rose Otto, White Essential Oil\"}]},{\"@type\":\"WebSite\",\"@id\":\"https:\/\/dutchhealthstore.com\/de\/#website\",\"url\":\"https:\/\/dutchhealthstore.com\/de\/\",\"name\":\"Dutch Health Store\",\"description\":\"Enhance Your Beauty with Organic &amp; Natural Skincare\",\"publisher\":{\"@id\":\"https:\/\/dutchhealthstore.com\/de\/#organization\"},\"potentialAction\":[{\"@type\":\"SearchAction\",\"target\":{\"@type\":\"EntryPoint\",\"urlTemplate\":\"https:\/\/dutchhealthstore.com\/de\/?s={search_term_string}\"},\"query-input\":{\"@type\":\"PropertyValueSpecification\",\"valueRequired\":true,\"valueName\":\"search_term_string\"}}],\"inLanguage\":\"de\"},{\"@type\":\"Organization\",\"@id\":\"https:\/\/dutchhealthstore.com\/de\/#organization\",\"name\":\"Dutch Health Store\",\"url\":\"https:\/\/dutchhealthstore.com\/de\/\",\"logo\":{\"@type\":\"ImageObject\",\"inLanguage\":\"de\",\"@id\":\"https:\/\/dutchhealthstore.com\/de\/#\/schema\/logo\/image\/\",\"url\":\"https:\/\/dutchhealthstore.com\/wp-content\/uploads\/2020\/08\/logo-dutchhealthstore-jpg-e1599484957574.jpg\",\"contentUrl\":\"https:\/\/dutchhealthstore.com\/wp-content\/uploads\/2020\/08\/logo-dutchhealthstore-jpg-e1599484957574.jpg\",\"width\":400,\"height\":62,\"caption\":\"Dutch Health Store\"},\"image\":{\"@id\":\"https:\/\/dutchhealthstore.com\/de\/#\/schema\/logo\/image\/\"},\"sameAs\":[\"https:\/\/www.instagram.com\/dutchhealthstore\/\",\"https:\/\/www.facebook.com\/dutchhealthstore\"]}]}<\/script>\n<meta property=\"product:brand\" content=\"Living Libations\" \/>\n<meta property=\"product:price:amount\" content=\"135.00\" \/>\n<meta property=\"product:price:currency\" content=\"EUR\" \/>\n<meta property=\"og:availability\" content=\"instock\" \/>\n<meta property=\"product:availability\" content=\"instock\" \/>\n<meta property=\"product:condition\" content=\"new\" \/>\n<!-- \/ Yoast SEO Premium plugin. -->","yoast_head_json":{"title":"Rose Otto, White Essential Oil | Living Libations","description":"Warmherziges White Rose Otto Essential Oil wird aus besonders seltenen, zeitlos gesch\u00e4tzten, wei\u00dfen bulgarischen Rosenknospen dampfdestilliert.","robots":{"index":"index","follow":"follow","max-snippet":"max-snippet:-1","max-image-preview":"max-image-preview:large","max-video-preview":"max-video-preview:-1"},"canonical":"https:\/\/dutchhealthstore.com\/de\/product\/rose-otto-white-essential-oil\/","og_locale":"de_DE","og_type":"article","og_title":"Rose Otto, White Essential Oil - Dutch Health Store","og_description":"Warmherziges White Rose Otto Essential Oil wird aus besonders seltenen, zeitlos gesch\u00e4tzten, wei\u00dfen bulgarischen Rosenknospen dampfdestilliert.","og_url":"https:\/\/dutchhealthstore.com\/de\/product\/rose-otto-white-essential-oil\/","og_site_name":"Dutch Health Store","article_publisher":"https:\/\/www.instagram.com\/dutchhealthstore\/","article_modified_time":"2025-10-11T14:19:43+00:00","og_image":[{"width":500,"height":500,"url":"https:\/\/dutchhealthstore.com\/wp-content\/uploads\/2020\/06\/Living-Libations-Rose-Otto-White-essential-oil-e1592288320373.jpg","type":"image\/jpeg"}],"twitter_card":"summary_large_image","twitter_misc":{"Preis":"&euro;135,00","Verf\u00fcgbarkeit":"Auf Lager"},"schema":{"@context":"https:\/\/schema.org","@graph":[{"@type":"WebPage","@id":"https:\/\/dutchhealthstore.com\/de\/product\/rose-otto-white-essential-oil\/","url":"https:\/\/dutchhealthstore.com\/de\/product\/rose-otto-white-essential-oil\/","name":"Rose Otto, White Essential Oil | Living Libations","isPartOf":{"@id":"https:\/\/dutchhealthstore.com\/de\/#website"},"primaryImageOfPage":{"@id":"https:\/\/dutchhealthstore.com\/de\/product\/rose-otto-white-essential-oil\/#primaryimage"},"image":{"@id":"https:\/\/dutchhealthstore.com\/de\/product\/rose-otto-white-essential-oil\/#primaryimage"},"thumbnailUrl":"https:\/\/dutchhealthstore.com\/wp-content\/uploads\/2020\/06\/Living-Libations-Rose-Otto-White-essential-oil-e1592288320373.jpg","datePublished":"2020-06-16T04:34:19+00:00","dateModified":"2025-10-11T14:19:43+00:00","description":"Warmherziges White Rose Otto Essential Oil wird aus besonders seltenen, zeitlos gesch\u00e4tzten, wei\u00dfen bulgarischen Rosenknospen dampfdestilliert.","breadcrumb":{"@id":"https:\/\/dutchhealthstore.com\/de\/product\/rose-otto-white-essential-oil\/#breadcrumb"},"inLanguage":"de","potentialAction":[{"@type":"ReadAction","target":["https:\/\/dutchhealthstore.com\/de\/product\/rose-otto-white-essential-oil\/"]}]},{"@type":"ImageObject","inLanguage":"de","@id":"https:\/\/dutchhealthstore.com\/de\/product\/rose-otto-white-essential-oil\/#primaryimage","url":"https:\/\/dutchhealthstore.com\/wp-content\/uploads\/2020\/06\/Living-Libations-Rose-Otto-White-essential-oil-e1592288320373.jpg","contentUrl":"https:\/\/dutchhealthstore.com\/wp-content\/uploads\/2020\/06\/Living-Libations-Rose-Otto-White-essential-oil-e1592288320373.jpg","width":500,"height":500,"caption":"Living Libations Rose Otto, White essential oil"},{"@type":"BreadcrumbList","@id":"https:\/\/dutchhealthstore.com\/de\/product\/rose-otto-white-essential-oil\/#breadcrumb","itemListElement":[{"@type":"ListItem","position":1,"name":"Home","item":"https:\/\/dutchhealthstore.com\/de\/"},{"@type":"ListItem","position":2,"name":"Shop","item":"https:\/\/dutchhealthstore.com\/de\/shop-2\/"},{"@type":"ListItem","position":3,"name":"Rose Otto, White Essential Oil"}]},{"@type":"WebSite","@id":"https:\/\/dutchhealthstore.com\/de\/#website","url":"https:\/\/dutchhealthstore.com\/de\/","name":"Dutch Health Store","description":"Enhance Your Beauty with Organic &amp; Natural Skincare","publisher":{"@id":"https:\/\/dutchhealthstore.com\/de\/#organization"},"potentialAction":[{"@type":"SearchAction","target":{"@type":"EntryPoint","urlTemplate":"https:\/\/dutchhealthstore.com\/de\/?s={search_term_string}"},"query-input":{"@type":"PropertyValueSpecification","valueRequired":true,"valueName":"search_term_string"}}],"inLanguage":"de"},{"@type":"Organization","@id":"https:\/\/dutchhealthstore.com\/de\/#organization","name":"Dutch Health Store","url":"https:\/\/dutchhealthstore.com\/de\/","logo":{"@type":"ImageObject","inLanguage":"de","@id":"https:\/\/dutchhealthstore.com\/de\/#\/schema\/logo\/image\/","url":"https:\/\/dutchhealthstore.com\/wp-content\/uploads\/2020\/08\/logo-dutchhealthstore-jpg-e1599484957574.jpg","contentUrl":"https:\/\/dutchhealthstore.com\/wp-content\/uploads\/2020\/08\/logo-dutchhealthstore-jpg-e1599484957574.jpg","width":400,"height":62,"caption":"Dutch Health Store"},"image":{"@id":"https:\/\/dutchhealthstore.com\/de\/#\/schema\/logo\/image\/"},"sameAs":["https:\/\/www.instagram.com\/dutchhealthstore\/","https:\/\/www.facebook.com\/dutchhealthstore"]}]},"product_brand":"Living Libations","product_price_amount":"135.00","product_price_currency":"EUR","og_availability":"instock","product_availability":"instock","product_condition":"new"},"_links":{"self":[{"href":"https:\/\/dutchhealthstore.com\/de\/wp-json\/wp\/v2\/product\/122955","targetHints":{"allow":["GET"]}}],"collection":[{"href":"https:\/\/dutchhealthstore.com\/de\/wp-json\/wp\/v2\/product"}],"about":[{"href":"https:\/\/dutchhealthstore.com\/de\/wp-json\/wp\/v2\/types\/product"}],"replies":[{"embeddable":true,"href":"https:\/\/dutchhealthstore.com\/de\/wp-json\/wp\/v2\/comments?post=122955"}],"wp:featuredmedia":[{"embeddable":true,"href":"https:\/\/dutchhealthstore.com\/de\/wp-json\/wp\/v2\/media\/107252"}],"wp:attachment":[{"href":"https:\/\/dutchhealthstore.com\/de\/wp-json\/wp\/v2\/media?parent=122955"}],"wp:term":[{"taxonomy":"product_brand","embeddable":true,"href":"https:\/\/dutchhealthstore.com\/de\/wp-json\/wp\/v2\/product_brand?post=122955"},{"taxonomy":"product_cat","embeddable":true,"href":"https:\/\/dutchhealthstore.com\/de\/wp-json\/wp\/v2\/product_cat?post=122955"},{"taxonomy":"product_tag","embeddable":true,"href":"https:\/\/dutchhealthstore.com\/de\/wp-json\/wp\/v2\/product_tag?post=122955"}],"curies":[{"name":"wp","href":"https:\/\/api.w.org\/{rel}","templated":true}]}}