{"id":122941,"date":"2018-06-12T02:41:39","date_gmt":"2018-06-12T00:41:39","guid":{"rendered":"https:\/\/dutchhealthstore.com\/product\/rose-attar-essential-oil\/"},"modified":"2025-05-15T22:34:31","modified_gmt":"2025-05-15T20:34:31","slug":"rose-attar-essential-oil","status":"publish","type":"product","link":"https:\/\/dutchhealthstore.com\/de\/product\/rose-attar-essential-oil\/","title":{"rendered":"Rose Attar Essential Oil"},"content":{"rendered":"<p><strong><img decoding=\"async\" class=\"size-full wp-image-69549 alignright\" src=\"https:\/\/dutchhealthstore.com\/wp-content\/uploads\/2019\/08\/NEW-Living-Libations-Logo.jpg\" alt=\"NEW - Living Libations - Logo\" width=\"175\" height=\"82\">Botanischer Name:<\/strong> Rosa damascena<br \/>\n<strong>Botanische Familie:<\/strong> Rosaceae<br \/>\n<strong>Zutaten:<\/strong> Rose Attar + \u00c4therisches Sandelholz\u00f6l<br \/>\n<strong>Extraktionsverfahren:<\/strong> Co-destilliert<br \/>\n<strong>Teil der Pflanze Destilliert:<\/strong> Bl\u00fcten<br \/>\n<strong>Herkunftsland:<\/strong> Indien<br \/>\n<strong>Anbaumethode:<\/strong> Bio<br \/>\n<strong>Zusammensetzung:<\/strong> 100% Rosa damascena, gemeinsam destilliert mit Santalum album<br \/>\n<strong>Konsistenz:<\/strong> Dickfl\u00fcssig<\/p>\n<h3>Beschreibung des Duftes<\/h3>\n<p>Tiefe, s\u00fc\u00dfe, blumige Kopfnoten mit d\u00fcsteren, honigartigen Untert\u00f6nen.<\/p>\n<h3>Gut mischbar mit<\/h3>\n<p>Jasmin, Vetiver, Ylang, Nelke, Neroli, Vanille und Geranie.<\/p>\n<h3>Verwendet<\/h3>\n<p>Regenerierend f\u00fcr Haut und Seele. Sinnlicher Liebestrank. G\u00f6ttlich als Deodorant. Eine badende Sch\u00f6nheit. Die Perfektion der Parf\u00fcmerie.<\/p>\n<p>Nachdem der Monsunregen den Himmel \u00fcber dem Himalaya geleert hat, werden die Rosenbl\u00fcten gepfl\u00fcckt, um in der alten Kunst der Herstellung von Rosen-Attar destilliert zu werden. Unser Rose Attar Essential Oil wird aus Damaszener Rosenbl\u00fcten zusammen mit edlem Sandelholz destilliert. Rose Attar ist eine au\u00dfergew\u00f6hnliche Kombination aus der erhabenen Sinnlichkeit von Sandelholz und der pr\u00e4chtigen K\u00f6niglichkeit der Rose.<\/p>\n<p>Dieses dynamische Duo ist ein au\u00dfergew\u00f6hnlich sinnliches Serum, ein wirksamer Achselzauber, ein Linderer f\u00fcr trockene Haut, ein Gl\u00e4tter f\u00fcr feine Linien und Akne, ein perfektes, leidenschaftliches Parf\u00fcm und ein Vermittler von Vergebung. Als emotionaler und k\u00f6rperlicher Harmonisierer tr\u00f6stet der Duft von Rose Attar in Zeiten der Trauer und bringt Emotionen ins Gleichgewicht, die unertr\u00e4glich erscheinen. Die beruhigenden und k\u00fchlenden Eigenschaften sind daf\u00fcr bekannt, dass sie Verspannungen abbauen, schwere Gedanken erleichtern und eine allgemeine Essenz von Reinheit und Sinnlichkeit vermitteln.<\/p>\n<p>Rose Attar ist eine seltene Essenz, die Sie in den sanften Luxus der botanischen F\u00fclle der Erde einh\u00fcllt.<\/p>\n<p><strong>Gr\u00f6\u00dfe: 5 ml<\/strong><\/p>\n<h3>Bio-Zutaten<\/h3>\n<p>100% Rosa damascena, gemeinsam destilliert mit Santalum album<\/p>\n<p style=\"text-align: center;\"><em>&#8222;Es war Juni und die Welt duftete nach Rosen. Der Sonnenschein lag wie gepudertes Gold \u00fcber den grasbewachsenen H\u00fcgeln.&#8220;<\/em><br \/>\n~ Maud Hart Lovelace<\/p>\n<p style=\"text-align: center;\"><em>&#8222;Zur Hochzeit von Shah Jahan und seiner Braut, zu deren Ehren der Shah sp\u00e4ter das Taj Mahal erbauen lie\u00df, schwammen Rosenbl\u00fcten auf dem Rosenwasser in den Kan\u00e4len der Shalimar-G\u00e4rten. Die Legende besagt, dass seine Frau, als sie die auf dem Wasser schwimmenden Rosen\u00f6lpartikel bemerkte, diese f\u00fcr ihr Parf\u00fcm einsammeln lie\u00df.&#8220;<\/em><br \/>\n~ Roberta Wilson, <strong>Aromatherapy: Essential Oils for Vibrant Health and Beauty<\/strong><\/p>\n<p>&nbsp;<\/p>\n<p><img fetchpriority=\"high\" decoding=\"async\" class=\"size-medium wp-image-68103 aligncenter\" src=\"https:\/\/dutchhealthstore.com\/wp-content\/uploads\/2018\/02\/Living-Libations-Organic-Logo-800x89.png\" alt=\"Living Libations - Organic Logo\" width=\"800\" height=\"89\" srcset=\"https:\/\/dutchhealthstore.com\/wp-content\/uploads\/2018\/02\/Living-Libations-Organic-Logo-800x89.png 800w, https:\/\/dutchhealthstore.com\/wp-content\/uploads\/2018\/02\/Living-Libations-Organic-Logo-510x57.png 510w, https:\/\/dutchhealthstore.com\/wp-content\/uploads\/2018\/02\/Living-Libations-Organic-Logo-768x85.png 768w, https:\/\/dutchhealthstore.com\/wp-content\/uploads\/2018\/02\/Living-Libations-Organic-Logo.png 1400w\" sizes=\"(max-width: 800px) 100vw, 800px\" \/><\/p>\n","protected":false},"excerpt":{"rendered":"<p><span style=\"font-size: 14.4px;\">Das biologische<strong> Rose Attar Essential Oil<\/strong> von Living Libations w\u00fcrde unter jedem anderen Namen genauso gut duften! Rosen-Attar ist so sanft, dass es direkt auf die Handgelenke, den Nacken und die Achselh\u00f6hlen aufgetragen werden kann, um ein numinoses Naturparf\u00fcm zu schaffen.<br \/>\nDas Auftragen von Rosen-Attar auf den K\u00f6rper und die Chakren kann den Geist beruhigen, das Denken neu ausrichten und die Grundlage f\u00fcr eine achtsame Meditation schaffen. Ein paar Tropfen in der Badewanne und mit Jojoba nach dem Bad aufgetragen, werden Sie mit den Ritualen der K\u00f6nige schm\u00fccken.<\/span><\/p>\n","protected":false},"featured_media":114090,"comment_status":"open","ping_status":"closed","template":"","meta":[],"product_brand":[],"product_cat":[1508,1546,6737,1493,1210,511,6736],"product_tag":[1547],"class_list":{"0":"post-122941","1":"product","2":"type-product","3":"status-publish","4":"has-post-thumbnail","6":"product_cat-aetherische-oele-living-libations","7":"product_cat-essential-oils-living-libations-de","8":"product_cat-essential-oils-de-2","9":"product_cat-living-libations-deutschland","10":"product_cat-marken","11":"product_cat-produkte","12":"product_cat-wellness-de","13":"product_tag-essential-oil-de","14":"pa_brand-livinglibations-de","15":"pa_essential-oils-product-type-essential-oils-de","16":"pa_size-2-5-ml-de","18":"first","19":"instock","20":"taxable","21":"shipping-taxable","22":"purchasable","23":"product-type-simple"},"bundled_by":[],"bundle_stock_status":"instock","bundle_stock_quantity":3,"bundle_virtual":false,"bundle_layout":"","bundle_add_to_cart_form_location":"","bundle_editable_in_cart":false,"bundle_sold_individually_context":"","bundle_item_grouping":"","bundle_min_size":"","bundle_max_size":"","bundle_price":[],"bundled_items":[],"bundle_sell_ids":[],"atum_controlled":true,"out_stock_date":null,"out_stock_threshold":null,"inheritable":false,"stock_on_hold":0,"sold_today":0,"sales_last_days":0,"out_stock_days":10,"lost_sales":0,"update_date":"2026-04-16T06:40:44","atum_locations":[],"atum_stock_status":"instock","restock_status":false,"low_stock_amount":"","sales_update_date":"2026-04-16T06:40:44","calc_backorders":null,"group_of_quantity":0,"min_quantity":0,"max_quantity":"","exclude_order_quantity_value_rules":"no","exclude_category_quantity_rules":"no","combine_variations":"no","yoast_head":"<!-- This site is optimized with the Yoast SEO Premium plugin v26.5 (Yoast SEO v26.5) - https:\/\/yoast.com\/wordpress\/plugins\/seo\/ -->\n<title>Rose Attar Essential Oil | Living Libations<\/title>\n<meta name=\"description\" content=\"Rosen-Attar ist so sanft, dass es direkt auf die Handgelenke, den Nacken und die Achselh\u00f6hlen aufgetragen werden kann, um ein numinoses Naturparf\u00fcm zu schaffen.\" \/>\n<meta name=\"robots\" content=\"index, follow, max-snippet:-1, max-image-preview:large, max-video-preview:-1\" \/>\n<link rel=\"canonical\" href=\"https:\/\/dutchhealthstore.com\/de\/product\/rose-attar-essential-oil\/\" \/>\n<meta property=\"og:locale\" content=\"de_DE\" \/>\n<meta property=\"og:type\" content=\"article\" \/>\n<meta property=\"og:title\" content=\"Rose Attar Essential Oil - Dutch Health Store\" \/>\n<meta property=\"og:description\" content=\"Rosen-Attar ist so sanft, dass es direkt auf die Handgelenke, den Nacken und die Achselh\u00f6hlen aufgetragen werden kann, um ein numinoses Naturparf\u00fcm zu schaffen.\" \/>\n<meta property=\"og:url\" content=\"https:\/\/dutchhealthstore.com\/de\/product\/rose-attar-essential-oil\/\" \/>\n<meta property=\"og:site_name\" content=\"Dutch Health Store\" \/>\n<meta property=\"article:publisher\" content=\"https:\/\/www.instagram.com\/dutchhealthstore\/\" \/>\n<meta property=\"article:modified_time\" content=\"2025-05-15T20:34:31+00:00\" \/>\n<meta property=\"og:image\" content=\"https:\/\/dutchhealthstore.com\/wp-content\/uploads\/2018\/06\/Living-Libations-Rose-Attar-Essential-Oil-e1594898817226.png\" \/>\n\t<meta property=\"og:image:width\" content=\"500\" \/>\n\t<meta property=\"og:image:height\" content=\"500\" \/>\n\t<meta property=\"og:image:type\" content=\"image\/jpeg\" \/>\n<meta name=\"twitter:card\" content=\"summary_large_image\" \/>\n<meta name=\"twitter:label1\" content=\"Preis\" \/>\n\t<meta name=\"twitter:data1\" content=\"&euro;50,00\" \/>\n\t<meta name=\"twitter:label2\" content=\"Verf\u00fcgbarkeit\" \/>\n\t<meta name=\"twitter:data2\" content=\"Auf Lager\" \/>\n<script type=\"application\/ld+json\" class=\"yoast-schema-graph\">{\"@context\":\"https:\/\/schema.org\",\"@graph\":[{\"@type\":\"WebPage\",\"@id\":\"https:\/\/dutchhealthstore.com\/de\/product\/rose-attar-essential-oil\/\",\"url\":\"https:\/\/dutchhealthstore.com\/de\/product\/rose-attar-essential-oil\/\",\"name\":\"Rose Attar Essential Oil | Living Libations\",\"isPartOf\":{\"@id\":\"https:\/\/dutchhealthstore.com\/de\/#website\"},\"primaryImageOfPage\":{\"@id\":\"https:\/\/dutchhealthstore.com\/de\/product\/rose-attar-essential-oil\/#primaryimage\"},\"image\":{\"@id\":\"https:\/\/dutchhealthstore.com\/de\/product\/rose-attar-essential-oil\/#primaryimage\"},\"thumbnailUrl\":\"https:\/\/dutchhealthstore.com\/wp-content\/uploads\/2018\/06\/Living-Libations-Rose-Attar-Essential-Oil-e1594898817226.png\",\"datePublished\":\"2018-06-12T00:41:39+00:00\",\"dateModified\":\"2025-05-15T20:34:31+00:00\",\"description\":\"Rosen-Attar ist so sanft, dass es direkt auf die Handgelenke, den Nacken und die Achselh\u00f6hlen aufgetragen werden kann, um ein numinoses Naturparf\u00fcm zu schaffen.\",\"breadcrumb\":{\"@id\":\"https:\/\/dutchhealthstore.com\/de\/product\/rose-attar-essential-oil\/#breadcrumb\"},\"inLanguage\":\"de\",\"potentialAction\":[{\"@type\":\"ReadAction\",\"target\":[\"https:\/\/dutchhealthstore.com\/de\/product\/rose-attar-essential-oil\/\"]}]},{\"@type\":\"ImageObject\",\"inLanguage\":\"de\",\"@id\":\"https:\/\/dutchhealthstore.com\/de\/product\/rose-attar-essential-oil\/#primaryimage\",\"url\":\"https:\/\/dutchhealthstore.com\/wp-content\/uploads\/2018\/06\/Living-Libations-Rose-Attar-Essential-Oil-e1594898817226.png\",\"contentUrl\":\"https:\/\/dutchhealthstore.com\/wp-content\/uploads\/2018\/06\/Living-Libations-Rose-Attar-Essential-Oil-e1594898817226.png\",\"width\":500,\"height\":500,\"caption\":\"Living Libations Rose Attar Essential Oil\"},{\"@type\":\"BreadcrumbList\",\"@id\":\"https:\/\/dutchhealthstore.com\/de\/product\/rose-attar-essential-oil\/#breadcrumb\",\"itemListElement\":[{\"@type\":\"ListItem\",\"position\":1,\"name\":\"Home\",\"item\":\"https:\/\/dutchhealthstore.com\/de\/\"},{\"@type\":\"ListItem\",\"position\":2,\"name\":\"Shop\",\"item\":\"https:\/\/dutchhealthstore.com\/de\/shop-2\/\"},{\"@type\":\"ListItem\",\"position\":3,\"name\":\"Rose Attar Essential Oil\"}]},{\"@type\":\"WebSite\",\"@id\":\"https:\/\/dutchhealthstore.com\/de\/#website\",\"url\":\"https:\/\/dutchhealthstore.com\/de\/\",\"name\":\"Dutch Health Store\",\"description\":\"Enhance Your Beauty with Organic &amp; Natural Skincare\",\"publisher\":{\"@id\":\"https:\/\/dutchhealthstore.com\/de\/#organization\"},\"potentialAction\":[{\"@type\":\"SearchAction\",\"target\":{\"@type\":\"EntryPoint\",\"urlTemplate\":\"https:\/\/dutchhealthstore.com\/de\/?s={search_term_string}\"},\"query-input\":{\"@type\":\"PropertyValueSpecification\",\"valueRequired\":true,\"valueName\":\"search_term_string\"}}],\"inLanguage\":\"de\"},{\"@type\":\"Organization\",\"@id\":\"https:\/\/dutchhealthstore.com\/de\/#organization\",\"name\":\"Dutch Health Store\",\"url\":\"https:\/\/dutchhealthstore.com\/de\/\",\"logo\":{\"@type\":\"ImageObject\",\"inLanguage\":\"de\",\"@id\":\"https:\/\/dutchhealthstore.com\/de\/#\/schema\/logo\/image\/\",\"url\":\"https:\/\/dutchhealthstore.com\/wp-content\/uploads\/2020\/08\/logo-dutchhealthstore-jpg-e1599484957574.jpg\",\"contentUrl\":\"https:\/\/dutchhealthstore.com\/wp-content\/uploads\/2020\/08\/logo-dutchhealthstore-jpg-e1599484957574.jpg\",\"width\":400,\"height\":62,\"caption\":\"Dutch Health Store\"},\"image\":{\"@id\":\"https:\/\/dutchhealthstore.com\/de\/#\/schema\/logo\/image\/\"},\"sameAs\":[\"https:\/\/www.instagram.com\/dutchhealthstore\/\",\"https:\/\/www.facebook.com\/dutchhealthstore\"]}]}<\/script>\n<meta property=\"product:brand\" content=\"Living Libations\" \/>\n<meta property=\"product:price:amount\" content=\"50.00\" \/>\n<meta property=\"product:price:currency\" content=\"EUR\" \/>\n<meta property=\"og:availability\" content=\"instock\" \/>\n<meta property=\"product:availability\" content=\"instock\" \/>\n<meta property=\"product:condition\" content=\"new\" \/>\n<!-- \/ Yoast SEO Premium plugin. -->","yoast_head_json":{"title":"Rose Attar Essential Oil | Living Libations","description":"Rosen-Attar ist so sanft, dass es direkt auf die Handgelenke, den Nacken und die Achselh\u00f6hlen aufgetragen werden kann, um ein numinoses Naturparf\u00fcm zu schaffen.","robots":{"index":"index","follow":"follow","max-snippet":"max-snippet:-1","max-image-preview":"max-image-preview:large","max-video-preview":"max-video-preview:-1"},"canonical":"https:\/\/dutchhealthstore.com\/de\/product\/rose-attar-essential-oil\/","og_locale":"de_DE","og_type":"article","og_title":"Rose Attar Essential Oil - Dutch Health Store","og_description":"Rosen-Attar ist so sanft, dass es direkt auf die Handgelenke, den Nacken und die Achselh\u00f6hlen aufgetragen werden kann, um ein numinoses Naturparf\u00fcm zu schaffen.","og_url":"https:\/\/dutchhealthstore.com\/de\/product\/rose-attar-essential-oil\/","og_site_name":"Dutch Health Store","article_publisher":"https:\/\/www.instagram.com\/dutchhealthstore\/","article_modified_time":"2025-05-15T20:34:31+00:00","og_image":[{"width":500,"height":500,"url":"https:\/\/dutchhealthstore.com\/wp-content\/uploads\/2018\/06\/Living-Libations-Rose-Attar-Essential-Oil-e1594898817226.png","type":"image\/jpeg"}],"twitter_card":"summary_large_image","twitter_misc":{"Preis":"&euro;50,00","Verf\u00fcgbarkeit":"Auf Lager"},"schema":{"@context":"https:\/\/schema.org","@graph":[{"@type":"WebPage","@id":"https:\/\/dutchhealthstore.com\/de\/product\/rose-attar-essential-oil\/","url":"https:\/\/dutchhealthstore.com\/de\/product\/rose-attar-essential-oil\/","name":"Rose Attar Essential Oil | Living Libations","isPartOf":{"@id":"https:\/\/dutchhealthstore.com\/de\/#website"},"primaryImageOfPage":{"@id":"https:\/\/dutchhealthstore.com\/de\/product\/rose-attar-essential-oil\/#primaryimage"},"image":{"@id":"https:\/\/dutchhealthstore.com\/de\/product\/rose-attar-essential-oil\/#primaryimage"},"thumbnailUrl":"https:\/\/dutchhealthstore.com\/wp-content\/uploads\/2018\/06\/Living-Libations-Rose-Attar-Essential-Oil-e1594898817226.png","datePublished":"2018-06-12T00:41:39+00:00","dateModified":"2025-05-15T20:34:31+00:00","description":"Rosen-Attar ist so sanft, dass es direkt auf die Handgelenke, den Nacken und die Achselh\u00f6hlen aufgetragen werden kann, um ein numinoses Naturparf\u00fcm zu schaffen.","breadcrumb":{"@id":"https:\/\/dutchhealthstore.com\/de\/product\/rose-attar-essential-oil\/#breadcrumb"},"inLanguage":"de","potentialAction":[{"@type":"ReadAction","target":["https:\/\/dutchhealthstore.com\/de\/product\/rose-attar-essential-oil\/"]}]},{"@type":"ImageObject","inLanguage":"de","@id":"https:\/\/dutchhealthstore.com\/de\/product\/rose-attar-essential-oil\/#primaryimage","url":"https:\/\/dutchhealthstore.com\/wp-content\/uploads\/2018\/06\/Living-Libations-Rose-Attar-Essential-Oil-e1594898817226.png","contentUrl":"https:\/\/dutchhealthstore.com\/wp-content\/uploads\/2018\/06\/Living-Libations-Rose-Attar-Essential-Oil-e1594898817226.png","width":500,"height":500,"caption":"Living Libations Rose Attar Essential Oil"},{"@type":"BreadcrumbList","@id":"https:\/\/dutchhealthstore.com\/de\/product\/rose-attar-essential-oil\/#breadcrumb","itemListElement":[{"@type":"ListItem","position":1,"name":"Home","item":"https:\/\/dutchhealthstore.com\/de\/"},{"@type":"ListItem","position":2,"name":"Shop","item":"https:\/\/dutchhealthstore.com\/de\/shop-2\/"},{"@type":"ListItem","position":3,"name":"Rose Attar Essential Oil"}]},{"@type":"WebSite","@id":"https:\/\/dutchhealthstore.com\/de\/#website","url":"https:\/\/dutchhealthstore.com\/de\/","name":"Dutch Health Store","description":"Enhance Your Beauty with Organic &amp; Natural Skincare","publisher":{"@id":"https:\/\/dutchhealthstore.com\/de\/#organization"},"potentialAction":[{"@type":"SearchAction","target":{"@type":"EntryPoint","urlTemplate":"https:\/\/dutchhealthstore.com\/de\/?s={search_term_string}"},"query-input":{"@type":"PropertyValueSpecification","valueRequired":true,"valueName":"search_term_string"}}],"inLanguage":"de"},{"@type":"Organization","@id":"https:\/\/dutchhealthstore.com\/de\/#organization","name":"Dutch Health Store","url":"https:\/\/dutchhealthstore.com\/de\/","logo":{"@type":"ImageObject","inLanguage":"de","@id":"https:\/\/dutchhealthstore.com\/de\/#\/schema\/logo\/image\/","url":"https:\/\/dutchhealthstore.com\/wp-content\/uploads\/2020\/08\/logo-dutchhealthstore-jpg-e1599484957574.jpg","contentUrl":"https:\/\/dutchhealthstore.com\/wp-content\/uploads\/2020\/08\/logo-dutchhealthstore-jpg-e1599484957574.jpg","width":400,"height":62,"caption":"Dutch Health Store"},"image":{"@id":"https:\/\/dutchhealthstore.com\/de\/#\/schema\/logo\/image\/"},"sameAs":["https:\/\/www.instagram.com\/dutchhealthstore\/","https:\/\/www.facebook.com\/dutchhealthstore"]}]},"product_brand":"Living Libations","product_price_amount":"50.00","product_price_currency":"EUR","og_availability":"instock","product_availability":"instock","product_condition":"new"},"_links":{"self":[{"href":"https:\/\/dutchhealthstore.com\/de\/wp-json\/wp\/v2\/product\/122941","targetHints":{"allow":["GET"]}}],"collection":[{"href":"https:\/\/dutchhealthstore.com\/de\/wp-json\/wp\/v2\/product"}],"about":[{"href":"https:\/\/dutchhealthstore.com\/de\/wp-json\/wp\/v2\/types\/product"}],"replies":[{"embeddable":true,"href":"https:\/\/dutchhealthstore.com\/de\/wp-json\/wp\/v2\/comments?post=122941"}],"wp:featuredmedia":[{"embeddable":true,"href":"https:\/\/dutchhealthstore.com\/de\/wp-json\/wp\/v2\/media\/114090"}],"wp:attachment":[{"href":"https:\/\/dutchhealthstore.com\/de\/wp-json\/wp\/v2\/media?parent=122941"}],"wp:term":[{"taxonomy":"product_brand","embeddable":true,"href":"https:\/\/dutchhealthstore.com\/de\/wp-json\/wp\/v2\/product_brand?post=122941"},{"taxonomy":"product_cat","embeddable":true,"href":"https:\/\/dutchhealthstore.com\/de\/wp-json\/wp\/v2\/product_cat?post=122941"},{"taxonomy":"product_tag","embeddable":true,"href":"https:\/\/dutchhealthstore.com\/de\/wp-json\/wp\/v2\/product_tag?post=122941"}],"curies":[{"name":"wp","href":"https:\/\/api.w.org\/{rel}","templated":true}]}}