{"id":122899,"date":"2018-02-10T21:20:38","date_gmt":"2018-02-10T19:20:38","guid":{"rendered":"https:\/\/dutchhealthstore.com\/product\/rock-rose-essential-oil\/"},"modified":"2025-05-15T22:34:43","modified_gmt":"2025-05-15T20:34:43","slug":"rock-rose-essential-oil","status":"publish","type":"product","link":"https:\/\/dutchhealthstore.com\/de\/product\/rock-rose-essential-oil\/","title":{"rendered":"Rock Rose Essential Oil"},"content":{"rendered":"<p><strong><img decoding=\"async\" class=\"alignright size-full wp-image-37041\" src=\"https:\/\/dutchhealthstore.com\/wp-content\/uploads\/2018\/04\/Living_Libations-1.png\" alt=\"Organic &amp; Natural Beautyproducts - Living Libations\" width=\"175\" height=\"82\"><\/strong><\/p>\n<p><strong>Botanischer Name: <\/strong>Cistus ladanifer<br \/>\n<strong>Botanische Familie:<\/strong> Cistaceae<br \/>\n<strong>Extraktionsverfahren:<\/strong> Dampfdestilliert<br \/>\n<strong>Teil der Pflanze Destilliert:<\/strong> Bl\u00fcten<br \/>\n<strong>Herkunftsland:<\/strong> Spanien<br \/>\n<strong>Anbaumethode:<\/strong> Wildwachsend<br \/>\n<strong>Zusammensetzung:<\/strong> 100% Zistrose (Cistus ladanifer)<br \/>\n<strong>Konsistenz:<\/strong> Mittlere Viskosit\u00e4t<\/p>\n<a href=\"https:\/\/dutchhealthstore.com\/wp-content\/uploads\/2019\/04\/ANALYSIS-Rock-Rose-Essential-Oil-Living-Libations.pdf\" class=\"button primary is-primary is-small\"  >\n\t\t<span>ANALYSE &gt;<\/span>\n\t<\/a>\n\n<h3>Beschreibung des Duftes<\/h3>\n<p>S\u00fc\u00dflich-krautig, warm, strahlender Geschmack.<\/p>\n<h3>In Living Libations<\/h3>\n<p>All Season Serum<\/p>\n<h3>Gut mischbar mit<\/h3>\n<p>Blutorange, Grapefruit, Jasmin, Rose Otto, Strohblume und Weihrauch.<\/p>\n<h3>Verwendet<\/h3>\n<p>Hauttonikum, Narbenentferner und Feuchtigkeitsspender der Extraklasse. Kluge und trockene Haut wird die feuchtigkeitsspendenden Eigenschaften dieser alten Essenz zu sch\u00e4tzen wissen. Ein Superheld, der das Erscheinungsbild von Narben, Flecken und der Hauttextur mildert. Kostbar in Parf\u00fcms.<\/p>\n<p>Rockrose Essential Oil wird durch Wasserdampfdestillation aus den Bl\u00fcten der in Griechenland und Spanien beheimateten Zistrosenpflanze gewonnen. Sein warmer, bernsteinfarbener Duft mischt sich wunderbar mit anderen Zitrus\u00f6len sowie mit Blumen- und Bernsteinessenzen, die den Geist in Tr\u00e4ume versetzen.<\/p>\n<p>Seine Affinit\u00e4t zur Hautpflege wurde schon von den alten \u00c4gyptern erkannt, die es in Sch\u00f6nheitscremes mischten. Aufgrund seiner austrocknenden, antiseptischen und zellverj\u00fcngenden Eigenschaften war er ein wichtiger Bestandteil von Salben und Salben gegen Hautunreinheiten. Reife, vernarbte, verstopfte und sonnenverw\u00f6hnte Haut wird die tonisierenden, verj\u00fcngenden und feuchtigkeitsspendenden Eigenschaften des \u00d6ls zu sch\u00e4tzen wissen. Dr. Kurt Schnaubelt schreibt in Advanced Aromatherapy \u00fcber diese Kr\u00e4uteressenz: &#8222;Das Zistrosen\u00f6l wird in hei\u00dfen, sonnenverw\u00f6hnten Regionen gewonnen. Es wird in der Aromamedizin wegen seiner adstringierenden und straffenden Eigenschaften verwendet&#8220;.<\/p>\n<p>Das einzigartige Aroma des Rockrose Essential Oil vermittelt eine Ausstrahlung, die Ihre Seele tief ber\u00fchrt. Das warme, balsamische Aroma dieser Blume stammt aus der Zeit des antiken Griechenlands, wo Hirten ihre Schafe zielstrebig durch pr\u00e4chtige Steinrosenhaine trieben. W\u00e4hrend sich viele Tiere von Natur aus zu den Pflanzen hingezogen f\u00fchlen, die \u00e4therische \u00d6le produzieren, hatten die griechischen Hirten eine andere Absicht: Sobald sich das Zistrosenharz auf dem Fell der Schafe gesammelt hatte, wurde es extrahiert und auf dem Markt zu exorbitant hohen Preisen verkauft.<\/p>\n<p><strong>Gr\u00f6\u00dfe: 5 ml, 15 ml und 30 ml<\/strong><\/p>\n<h3>Bio-Zutaten<\/h3>\n<p>100% \u00e4therisches \u00d6l der Zistrose (Cistus ladanifer).<\/p>\n<p style=\"text-align: center;\"><em>&#8222;Die Zistrose wird <span style=\"font-size: 14.4px;\">bevorzugt<\/span> zur Behandlung von Patienten eingesetzt, die sich, meist nach einem traumatischen Ereignis, kalt, leer oder gef\u00fchllos f\u00fchlen&#8230; Die Zistrose hilft bei der Mediation und Zentrierung sowie dabei, spirituelle Erfahrungen zu visualisieren und ins Bewusstsein zu bringen.&#8220;<\/em><br \/>\n~ Suzanne Fischer-Rizzi, <strong>Complete Aromatherapy Handbook<\/strong><\/p>\n<p>&nbsp;<\/p>\n<p><img fetchpriority=\"high\" decoding=\"async\" class=\"aligncenter size-full wp-image-31577\" src=\"https:\/\/dutchhealthstore.com\/wp-content\/uploads\/2018\/03\/organic_big.png\" alt=\"Organic and Natural - Living Libations\" width=\"623\" height=\"103\" srcset=\"https:\/\/dutchhealthstore.com\/wp-content\/uploads\/2018\/03\/organic_big.png 623w, https:\/\/dutchhealthstore.com\/wp-content\/uploads\/2018\/03\/organic_big-510x84.png 510w, https:\/\/dutchhealthstore.com\/wp-content\/uploads\/2018\/03\/organic_big-600x99.png 600w, https:\/\/dutchhealthstore.com\/wp-content\/uploads\/2018\/03\/organic_big-350x58.png 350w\" sizes=\"(max-width: 623px) 100vw, 623px\" \/><\/p>\n","protected":false},"excerpt":{"rendered":"<p><strong>Rock Rose Essential Oil<\/strong> ist weder ein Stein noch eine Rose; es ist eine mediterrane Wildblume, die wilden Rosen \u00e4hnelt. Bei der Zistrose handelt es sich wahrscheinlich um die Rose von Scharon, die im Hohelied Salomons erw\u00e4hnt wird, und sie ist in Spanien und Ostindien nach wie vor wegen ihres exquisiten Bernsteinaromas, das sich perfekt f\u00fcr Parf\u00fcms eignet, sehr begehrt. Dieses Elixier aus \u00e4therischen \u00d6len erweckt die Sinne mit seinem warmen, balsamischen, krautig-amberigen Duft und verstr\u00f6mt ein Aroma, das Ihren Geist tief ber\u00fchrt.<\/p>\n","protected":false},"featured_media":55529,"comment_status":"closed","ping_status":"closed","template":"","meta":[],"product_brand":[],"product_cat":[6737,1508,1546,1493,1210,511,6736],"product_tag":[1547],"class_list":{"0":"post-122899","1":"product","2":"type-product","3":"status-publish","4":"has-post-thumbnail","6":"product_cat-essential-oils-de-2","7":"product_cat-aetherische-oele-living-libations","8":"product_cat-essential-oils-living-libations-de","9":"product_cat-living-libations-deutschland","10":"product_cat-marken","11":"product_cat-produkte","12":"product_cat-wellness-de","13":"product_tag-essential-oil-de","14":"pa_brand-livinglibations-de","15":"pa_essential-oils-product-type-essential-oils-de","16":"pa_size-15-ml-de-2","17":"pa_size-30-ml-de","18":"pa_size-5-ml-de","20":"first","21":"instock","22":"taxable","23":"shipping-taxable","24":"purchasable","25":"product-type-variable"},"bundled_by":[],"bundle_stock_status":"instock","bundle_stock_quantity":null,"bundle_virtual":false,"bundle_layout":"","bundle_add_to_cart_form_location":"","bundle_editable_in_cart":false,"bundle_sold_individually_context":"","bundle_item_grouping":"","bundle_min_size":"","bundle_max_size":"","bundle_price":[],"bundled_items":[],"bundle_sell_ids":[],"atum_controlled":true,"out_stock_date":null,"out_stock_threshold":null,"inheritable":true,"stock_on_hold":0,"sold_today":0,"sales_last_days":0,"out_stock_days":0,"lost_sales":0,"update_date":"2026-05-02T00:15:09","atum_locations":[],"atum_stock_status":"instock","restock_status":false,"low_stock_amount":"","sales_update_date":"2026-05-02T00:15:09","calc_backorders":null,"group_of_quantity":0,"min_quantity":0,"max_quantity":"","exclude_order_quantity_value_rules":"no","exclude_category_quantity_rules":"no","combine_variations":"no","yoast_head":"<!-- This site is optimized with the Yoast SEO Premium plugin v26.5 (Yoast SEO v26.5) - https:\/\/yoast.com\/wordpress\/plugins\/seo\/ -->\n<title>Rock Rose Essential Oil | Living Libations<\/title>\n<meta name=\"description\" content=\"Rock Rose Essential Oil ist weder ein Stein noch eine Rose; es ist eine mediterrane Wildblume, die wilden Rosen \u00e4hnelt.\" \/>\n<meta name=\"robots\" content=\"index, follow, max-snippet:-1, max-image-preview:large, max-video-preview:-1\" \/>\n<link rel=\"canonical\" href=\"https:\/\/dutchhealthstore.com\/de\/product\/rock-rose-essential-oil\/\" \/>\n<meta property=\"og:locale\" content=\"de_DE\" \/>\n<meta property=\"og:type\" content=\"article\" \/>\n<meta property=\"og:title\" content=\"Rock Rose Essential Oil - Dutch Health Store\" \/>\n<meta property=\"og:description\" content=\"Rock Rose Essential Oil ist weder ein Stein noch eine Rose; es ist eine mediterrane Wildblume, die wilden Rosen \u00e4hnelt.\" \/>\n<meta property=\"og:url\" content=\"https:\/\/dutchhealthstore.com\/de\/product\/rock-rose-essential-oil\/\" \/>\n<meta property=\"og:site_name\" content=\"Dutch Health Store\" \/>\n<meta property=\"article:publisher\" content=\"https:\/\/www.instagram.com\/dutchhealthstore\/\" \/>\n<meta property=\"article:modified_time\" content=\"2025-05-15T20:34:43+00:00\" \/>\n<meta property=\"og:image\" content=\"https:\/\/dutchhealthstore.com\/wp-content\/uploads\/2018\/02\/Rock-Rose-Essential-Oil-Living-Libations.jpg\" \/>\n\t<meta property=\"og:image:width\" content=\"1200\" \/>\n\t<meta property=\"og:image:height\" content=\"1200\" \/>\n\t<meta property=\"og:image:type\" content=\"image\/jpeg\" \/>\n<meta name=\"twitter:card\" content=\"summary_large_image\" \/>\n<meta name=\"twitter:label1\" content=\"Verf\u00fcgbarkeit\" \/>\n\t<meta name=\"twitter:data1\" content=\"Auf Lager\" \/>\n<script type=\"application\/ld+json\" class=\"yoast-schema-graph\">{\"@context\":\"https:\/\/schema.org\",\"@graph\":[{\"@type\":\"WebPage\",\"@id\":\"https:\/\/dutchhealthstore.com\/de\/product\/rock-rose-essential-oil\/\",\"url\":\"https:\/\/dutchhealthstore.com\/de\/product\/rock-rose-essential-oil\/\",\"name\":\"Rock Rose Essential Oil | Living Libations\",\"isPartOf\":{\"@id\":\"https:\/\/dutchhealthstore.com\/de\/#website\"},\"primaryImageOfPage\":{\"@id\":\"https:\/\/dutchhealthstore.com\/de\/product\/rock-rose-essential-oil\/#primaryimage\"},\"image\":{\"@id\":\"https:\/\/dutchhealthstore.com\/de\/product\/rock-rose-essential-oil\/#primaryimage\"},\"thumbnailUrl\":\"https:\/\/dutchhealthstore.com\/wp-content\/uploads\/2018\/02\/Rock-Rose-Essential-Oil-Living-Libations.jpg\",\"datePublished\":\"2018-02-10T19:20:38+00:00\",\"dateModified\":\"2025-05-15T20:34:43+00:00\",\"description\":\"Rock Rose Essential Oil ist weder ein Stein noch eine Rose; es ist eine mediterrane Wildblume, die wilden Rosen \u00e4hnelt.\",\"breadcrumb\":{\"@id\":\"https:\/\/dutchhealthstore.com\/de\/product\/rock-rose-essential-oil\/#breadcrumb\"},\"inLanguage\":\"de\",\"potentialAction\":[{\"@type\":\"ReadAction\",\"target\":[\"https:\/\/dutchhealthstore.com\/de\/product\/rock-rose-essential-oil\/\"]}]},{\"@type\":\"ImageObject\",\"inLanguage\":\"de\",\"@id\":\"https:\/\/dutchhealthstore.com\/de\/product\/rock-rose-essential-oil\/#primaryimage\",\"url\":\"https:\/\/dutchhealthstore.com\/wp-content\/uploads\/2018\/02\/Rock-Rose-Essential-Oil-Living-Libations.jpg\",\"contentUrl\":\"https:\/\/dutchhealthstore.com\/wp-content\/uploads\/2018\/02\/Rock-Rose-Essential-Oil-Living-Libations.jpg\",\"width\":1200,\"height\":1200,\"caption\":\"Rock Rose Essential Oil - Living Libations\"},{\"@type\":\"BreadcrumbList\",\"@id\":\"https:\/\/dutchhealthstore.com\/de\/product\/rock-rose-essential-oil\/#breadcrumb\",\"itemListElement\":[{\"@type\":\"ListItem\",\"position\":1,\"name\":\"Home\",\"item\":\"https:\/\/dutchhealthstore.com\/de\/\"},{\"@type\":\"ListItem\",\"position\":2,\"name\":\"Shop\",\"item\":\"https:\/\/dutchhealthstore.com\/de\/shop-2\/\"},{\"@type\":\"ListItem\",\"position\":3,\"name\":\"Rock Rose Essential Oil\"}]},{\"@type\":\"WebSite\",\"@id\":\"https:\/\/dutchhealthstore.com\/de\/#website\",\"url\":\"https:\/\/dutchhealthstore.com\/de\/\",\"name\":\"Dutch Health Store\",\"description\":\"Enhance Your Beauty with Organic &amp; Natural Skincare\",\"publisher\":{\"@id\":\"https:\/\/dutchhealthstore.com\/de\/#organization\"},\"potentialAction\":[{\"@type\":\"SearchAction\",\"target\":{\"@type\":\"EntryPoint\",\"urlTemplate\":\"https:\/\/dutchhealthstore.com\/de\/?s={search_term_string}\"},\"query-input\":{\"@type\":\"PropertyValueSpecification\",\"valueRequired\":true,\"valueName\":\"search_term_string\"}}],\"inLanguage\":\"de\"},{\"@type\":\"Organization\",\"@id\":\"https:\/\/dutchhealthstore.com\/de\/#organization\",\"name\":\"Dutch Health Store\",\"url\":\"https:\/\/dutchhealthstore.com\/de\/\",\"logo\":{\"@type\":\"ImageObject\",\"inLanguage\":\"de\",\"@id\":\"https:\/\/dutchhealthstore.com\/de\/#\/schema\/logo\/image\/\",\"url\":\"https:\/\/dutchhealthstore.com\/wp-content\/uploads\/2020\/08\/logo-dutchhealthstore-jpg-e1599484957574.jpg\",\"contentUrl\":\"https:\/\/dutchhealthstore.com\/wp-content\/uploads\/2020\/08\/logo-dutchhealthstore-jpg-e1599484957574.jpg\",\"width\":400,\"height\":62,\"caption\":\"Dutch Health Store\"},\"image\":{\"@id\":\"https:\/\/dutchhealthstore.com\/de\/#\/schema\/logo\/image\/\"},\"sameAs\":[\"https:\/\/www.instagram.com\/dutchhealthstore\/\",\"https:\/\/www.facebook.com\/dutchhealthstore\"]}]}<\/script>\n<meta property=\"product:brand\" content=\"Living Libations\" \/>\n<meta property=\"og:availability\" content=\"instock\" \/>\n<meta property=\"product:availability\" content=\"instock\" \/>\n<meta property=\"product:condition\" content=\"new\" \/>\n<!-- \/ Yoast SEO Premium plugin. -->","yoast_head_json":{"title":"Rock Rose Essential Oil | Living Libations","description":"Rock Rose Essential Oil ist weder ein Stein noch eine Rose; es ist eine mediterrane Wildblume, die wilden Rosen \u00e4hnelt.","robots":{"index":"index","follow":"follow","max-snippet":"max-snippet:-1","max-image-preview":"max-image-preview:large","max-video-preview":"max-video-preview:-1"},"canonical":"https:\/\/dutchhealthstore.com\/de\/product\/rock-rose-essential-oil\/","og_locale":"de_DE","og_type":"article","og_title":"Rock Rose Essential Oil - Dutch Health Store","og_description":"Rock Rose Essential Oil ist weder ein Stein noch eine Rose; es ist eine mediterrane Wildblume, die wilden Rosen \u00e4hnelt.","og_url":"https:\/\/dutchhealthstore.com\/de\/product\/rock-rose-essential-oil\/","og_site_name":"Dutch Health Store","article_publisher":"https:\/\/www.instagram.com\/dutchhealthstore\/","article_modified_time":"2025-05-15T20:34:43+00:00","og_image":[{"width":1200,"height":1200,"url":"https:\/\/dutchhealthstore.com\/wp-content\/uploads\/2018\/02\/Rock-Rose-Essential-Oil-Living-Libations.jpg","type":"image\/jpeg"}],"twitter_card":"summary_large_image","twitter_misc":{"Verf\u00fcgbarkeit":"Auf Lager"},"schema":{"@context":"https:\/\/schema.org","@graph":[{"@type":"WebPage","@id":"https:\/\/dutchhealthstore.com\/de\/product\/rock-rose-essential-oil\/","url":"https:\/\/dutchhealthstore.com\/de\/product\/rock-rose-essential-oil\/","name":"Rock Rose Essential Oil | Living Libations","isPartOf":{"@id":"https:\/\/dutchhealthstore.com\/de\/#website"},"primaryImageOfPage":{"@id":"https:\/\/dutchhealthstore.com\/de\/product\/rock-rose-essential-oil\/#primaryimage"},"image":{"@id":"https:\/\/dutchhealthstore.com\/de\/product\/rock-rose-essential-oil\/#primaryimage"},"thumbnailUrl":"https:\/\/dutchhealthstore.com\/wp-content\/uploads\/2018\/02\/Rock-Rose-Essential-Oil-Living-Libations.jpg","datePublished":"2018-02-10T19:20:38+00:00","dateModified":"2025-05-15T20:34:43+00:00","description":"Rock Rose Essential Oil ist weder ein Stein noch eine Rose; es ist eine mediterrane Wildblume, die wilden Rosen \u00e4hnelt.","breadcrumb":{"@id":"https:\/\/dutchhealthstore.com\/de\/product\/rock-rose-essential-oil\/#breadcrumb"},"inLanguage":"de","potentialAction":[{"@type":"ReadAction","target":["https:\/\/dutchhealthstore.com\/de\/product\/rock-rose-essential-oil\/"]}]},{"@type":"ImageObject","inLanguage":"de","@id":"https:\/\/dutchhealthstore.com\/de\/product\/rock-rose-essential-oil\/#primaryimage","url":"https:\/\/dutchhealthstore.com\/wp-content\/uploads\/2018\/02\/Rock-Rose-Essential-Oil-Living-Libations.jpg","contentUrl":"https:\/\/dutchhealthstore.com\/wp-content\/uploads\/2018\/02\/Rock-Rose-Essential-Oil-Living-Libations.jpg","width":1200,"height":1200,"caption":"Rock Rose Essential Oil - Living Libations"},{"@type":"BreadcrumbList","@id":"https:\/\/dutchhealthstore.com\/de\/product\/rock-rose-essential-oil\/#breadcrumb","itemListElement":[{"@type":"ListItem","position":1,"name":"Home","item":"https:\/\/dutchhealthstore.com\/de\/"},{"@type":"ListItem","position":2,"name":"Shop","item":"https:\/\/dutchhealthstore.com\/de\/shop-2\/"},{"@type":"ListItem","position":3,"name":"Rock Rose Essential Oil"}]},{"@type":"WebSite","@id":"https:\/\/dutchhealthstore.com\/de\/#website","url":"https:\/\/dutchhealthstore.com\/de\/","name":"Dutch Health Store","description":"Enhance Your Beauty with Organic &amp; Natural Skincare","publisher":{"@id":"https:\/\/dutchhealthstore.com\/de\/#organization"},"potentialAction":[{"@type":"SearchAction","target":{"@type":"EntryPoint","urlTemplate":"https:\/\/dutchhealthstore.com\/de\/?s={search_term_string}"},"query-input":{"@type":"PropertyValueSpecification","valueRequired":true,"valueName":"search_term_string"}}],"inLanguage":"de"},{"@type":"Organization","@id":"https:\/\/dutchhealthstore.com\/de\/#organization","name":"Dutch Health Store","url":"https:\/\/dutchhealthstore.com\/de\/","logo":{"@type":"ImageObject","inLanguage":"de","@id":"https:\/\/dutchhealthstore.com\/de\/#\/schema\/logo\/image\/","url":"https:\/\/dutchhealthstore.com\/wp-content\/uploads\/2020\/08\/logo-dutchhealthstore-jpg-e1599484957574.jpg","contentUrl":"https:\/\/dutchhealthstore.com\/wp-content\/uploads\/2020\/08\/logo-dutchhealthstore-jpg-e1599484957574.jpg","width":400,"height":62,"caption":"Dutch Health Store"},"image":{"@id":"https:\/\/dutchhealthstore.com\/de\/#\/schema\/logo\/image\/"},"sameAs":["https:\/\/www.instagram.com\/dutchhealthstore\/","https:\/\/www.facebook.com\/dutchhealthstore"]}]},"product_brand":"Living Libations","og_availability":"instock","product_availability":"instock","product_condition":"new"},"_links":{"self":[{"href":"https:\/\/dutchhealthstore.com\/de\/wp-json\/wp\/v2\/product\/122899","targetHints":{"allow":["GET"]}}],"collection":[{"href":"https:\/\/dutchhealthstore.com\/de\/wp-json\/wp\/v2\/product"}],"about":[{"href":"https:\/\/dutchhealthstore.com\/de\/wp-json\/wp\/v2\/types\/product"}],"replies":[{"embeddable":true,"href":"https:\/\/dutchhealthstore.com\/de\/wp-json\/wp\/v2\/comments?post=122899"}],"wp:featuredmedia":[{"embeddable":true,"href":"https:\/\/dutchhealthstore.com\/de\/wp-json\/wp\/v2\/media\/55529"}],"wp:attachment":[{"href":"https:\/\/dutchhealthstore.com\/de\/wp-json\/wp\/v2\/media?parent=122899"}],"wp:term":[{"taxonomy":"product_brand","embeddable":true,"href":"https:\/\/dutchhealthstore.com\/de\/wp-json\/wp\/v2\/product_brand?post=122899"},{"taxonomy":"product_cat","embeddable":true,"href":"https:\/\/dutchhealthstore.com\/de\/wp-json\/wp\/v2\/product_cat?post=122899"},{"taxonomy":"product_tag","embeddable":true,"href":"https:\/\/dutchhealthstore.com\/de\/wp-json\/wp\/v2\/product_tag?post=122899"}],"curies":[{"name":"wp","href":"https:\/\/api.w.org\/{rel}","templated":true}]}}