{"id":122862,"date":"2018-02-10T17:55:16","date_gmt":"2018-02-10T16:55:16","guid":{"rendered":"https:\/\/dutchhealthstore.com\/product\/red-raspberry-seed-oil-lavender\/"},"modified":"2026-01-22T10:42:29","modified_gmt":"2026-01-22T09:42:29","slug":"red-raspberry-seed-oil-lavender","status":"publish","type":"product","link":"https:\/\/dutchhealthstore.com\/de\/product\/red-raspberry-seed-oil-lavender\/","title":{"rendered":"Red Raspberry Seed Carrier Oil"},"content":{"rendered":"<p><strong><img decoding=\"async\" class=\"size-full wp-image-69549 alignright\" src=\"https:\/\/dutchhealthstore.com\/wp-content\/uploads\/2019\/08\/NEW-Living-Libations-Logo.jpg\" alt=\"NEW - Living Libations - Logo\" width=\"175\" height=\"82\">Botanischer Name:<\/strong> Rubus idaeus<br \/>\n<strong>Botanische Familie:<\/strong> Rosaceae<br \/>\n<strong>Extraktionsverfahren:<\/strong> Kalt gepresst<br \/>\n<strong>Teil der Pflanze Destilliert:<\/strong> Saatgut<br \/>\n<strong>Herkunftsland:<\/strong> Vereinigte Staaten<br \/>\n<strong>Anbaumethode:<\/strong> Bio<br \/>\n<strong>Zusammensetzung:<\/strong> 95% Rubus idaeus + 5% Lavandula angustifolia<br \/>\n<strong>Konsistenz:<\/strong> Mittel<\/p>\n<h3>Beschreibung des Duftes<\/h3>\n<p>Leicht und lieblich mit einem fr\u00f6hlichen Hauch von Lavendel<\/p>\n<h3>In Living Libations<\/h3>\n<p>Everybody Loves the Sunshine<\/p>\n<h3>Gut mischbar mit<\/h3>\n<p>Rose Otto, Weihrauch, Lavendel, s\u00fc\u00dfer Thymian, Palmarosa, Myrrhe, Fragonia, Neroli und Muskatellersalbei<\/p>\n<h3>Verwendet<\/h3>\n<p>Spendet der Haut Feuchtigkeit. Wir verwenden dieses \u00d6l in unseren &#8222;Everybody Loves the Sunshine&#8220;-Rezepturen, weil es einen leichten Baldachin bietet, wenn man die Tage in der Sonne genie\u00dft. Es wirkt \u00e4u\u00dferst beruhigend auf die Haut und mildert unter anderem das Erscheinungsbild von Unebenheiten, Narben, R\u00f6tungen und Hautunreinheiten.<\/p>\n<h3>Inhaltsstoffe<\/h3>\n<p>Essentielle Fetts\u00e4uren (Linol-, Alpha-Linolen- und \u00d6ls\u00e4ure), Vitamin A, Carotinoide, Tocopherole und Tocotrienole.<\/p>\n<p>Laut einer Laborstudie von David Oomah k\u00f6nnte rohes Red Raspberry Seed Oil als pflanzliches Breitbandmittel zur Harmonisierung von Sonne und Haut verwendet werden. Obwohl pflanzliche \u00d6le die Eigenschaft haben, unsere Haut mit den Sonnenstrahlen zu harmonisieren, sollten Sie immer testen, was f\u00fcr Ihre Haut und die Zeit, die Sie in der Sonne verbringen, am besten geeignet ist, da Haut und Melaninwerte unterschiedlich sind.<\/p>\n<p><strong>Gr\u00f6\u00dfe: 15 ml und 30 ml<\/strong><\/p>\n<h3>Organic Ingredients<\/h3>\n<p>95% Rubus idaeus + 5% Lavandula angustifolia Tr\u00e4ger\u00f6l.<\/p>\n<p><img fetchpriority=\"high\" decoding=\"async\" class=\"size-medium wp-image-68103 aligncenter\" src=\"https:\/\/dutchhealthstore.com\/wp-content\/uploads\/2018\/02\/Living-Libations-Organic-Logo-800x89.png\" alt=\"Living Libations - Organic Logo\" width=\"800\" height=\"89\" srcset=\"https:\/\/dutchhealthstore.com\/wp-content\/uploads\/2018\/02\/Living-Libations-Organic-Logo-800x89.png 800w, https:\/\/dutchhealthstore.com\/wp-content\/uploads\/2018\/02\/Living-Libations-Organic-Logo-510x57.png 510w, https:\/\/dutchhealthstore.com\/wp-content\/uploads\/2018\/02\/Living-Libations-Organic-Logo-768x85.png 768w, https:\/\/dutchhealthstore.com\/wp-content\/uploads\/2018\/02\/Living-Libations-Organic-Logo.png 1400w\" sizes=\"(max-width: 800px) 100vw, 800px\" \/><\/p>\n","protected":false},"excerpt":{"rendered":"<p>Ravishing<strong> Red Raspberry Seed Oil<\/strong> ist ein angenehmer Sonnenschirm, der die Haut mit feuchtigkeitsspendender Magie segnet. Es ist wunderbar f\u00fcr den Au\u00dfenbereich geeignet, vor allem f\u00fcr das Spielen in der Mittagspause. Wir haben einen Hauch von \u00e4therischem Lavendel\u00f6l hinzugef\u00fcgt, um Stabilit\u00e4t und Frische zu erhalten.<\/p>\n","protected":false},"featured_media":114054,"comment_status":"open","ping_status":"closed","template":"","meta":[],"product_brand":[],"product_cat":[6737,1508,1493,1210,511,2022,6736],"product_tag":[8912,1547],"class_list":{"0":"post-122862","1":"product","2":"type-product","3":"status-publish","4":"has-post-thumbnail","6":"product_cat-essential-oils-de-2","7":"product_cat-aetherische-oele-living-libations","8":"product_cat-living-libations-deutschland","9":"product_cat-marken","10":"product_cat-produkte","11":"product_cat-tragerol","12":"product_cat-wellness-de","13":"product_tag-carrier-oil-de","14":"product_tag-essential-oil-de","15":"pa_brand-livinglibations-de","16":"pa_essential-oils-product-type-carrier-oils-de","17":"pa_essential-oils-product-type-essential-oils-de","18":"pa_size-15-ml-de-2","19":"pa_size-30-ml-de","21":"first","22":"instock","23":"taxable","24":"shipping-taxable","25":"purchasable","26":"product-type-variable"},"bundled_by":[],"bundle_stock_status":"instock","bundle_stock_quantity":null,"bundle_virtual":false,"bundle_layout":"","bundle_add_to_cart_form_location":"","bundle_editable_in_cart":false,"bundle_sold_individually_context":"","bundle_item_grouping":"","bundle_min_size":"","bundle_max_size":"","bundle_price":[],"bundled_items":[],"bundle_sell_ids":[],"atum_controlled":true,"out_stock_date":null,"out_stock_threshold":null,"inheritable":true,"stock_on_hold":0,"sold_today":0,"sales_last_days":0,"out_stock_days":0,"lost_sales":0,"update_date":"2026-04-19T00:05:41","atum_locations":[],"atum_stock_status":"instock","restock_status":false,"low_stock_amount":"","sales_update_date":"2026-04-19T00:05:41","calc_backorders":null,"group_of_quantity":0,"min_quantity":0,"max_quantity":"","exclude_order_quantity_value_rules":"no","exclude_category_quantity_rules":"no","combine_variations":"no","yoast_head":"<!-- This site is optimized with the Yoast SEO Premium plugin v26.5 (Yoast SEO v26.5) - https:\/\/yoast.com\/wordpress\/plugins\/seo\/ -->\n<title>Red Raspberry Seed Carrier Oil | Living Libations<\/title>\n<meta name=\"description\" content=\"Es ist wunderbar f\u00fcr den Au\u00dfenbereich geeignet, vor allem f\u00fcr das Spielen in der Mittagspause. Wir haben einen Hauch von \u00e4therischem Lavendel\u00f6l hinzugef\u00fcgt, um Stabilit\u00e4t und Frische zu erhalten.\" \/>\n<meta name=\"robots\" content=\"index, follow, max-snippet:-1, max-image-preview:large, max-video-preview:-1\" \/>\n<link rel=\"canonical\" href=\"https:\/\/dutchhealthstore.com\/de\/product\/red-raspberry-seed-oil-lavender\/\" \/>\n<meta property=\"og:locale\" content=\"de_DE\" \/>\n<meta property=\"og:type\" content=\"article\" \/>\n<meta property=\"og:title\" content=\"Red Raspberry Seed Carrier Oil - Dutch Health Store\" \/>\n<meta property=\"og:description\" content=\"Es ist wunderbar f\u00fcr den Au\u00dfenbereich geeignet, vor allem f\u00fcr das Spielen in der Mittagspause. Wir haben einen Hauch von \u00e4therischem Lavendel\u00f6l hinzugef\u00fcgt, um Stabilit\u00e4t und Frische zu erhalten.\" \/>\n<meta property=\"og:url\" content=\"https:\/\/dutchhealthstore.com\/de\/product\/red-raspberry-seed-oil-lavender\/\" \/>\n<meta property=\"og:site_name\" content=\"Dutch Health Store\" \/>\n<meta property=\"article:publisher\" content=\"https:\/\/www.instagram.com\/dutchhealthstore\/\" \/>\n<meta property=\"article:modified_time\" content=\"2026-01-22T09:42:29+00:00\" \/>\n<meta property=\"og:image\" content=\"https:\/\/dutchhealthstore.com\/wp-content\/uploads\/2018\/02\/Living-Libations-Red-Raspberry-Seed-Carrier-Oil-e1594893373574.jpg\" \/>\n\t<meta property=\"og:image:width\" content=\"500\" \/>\n\t<meta property=\"og:image:height\" content=\"500\" \/>\n\t<meta property=\"og:image:type\" content=\"image\/jpeg\" \/>\n<meta name=\"twitter:card\" content=\"summary_large_image\" \/>\n<meta name=\"twitter:label1\" content=\"Verf\u00fcgbarkeit\" \/>\n\t<meta name=\"twitter:data1\" content=\"Auf Lager\" \/>\n<script type=\"application\/ld+json\" class=\"yoast-schema-graph\">{\"@context\":\"https:\/\/schema.org\",\"@graph\":[{\"@type\":\"WebPage\",\"@id\":\"https:\/\/dutchhealthstore.com\/de\/product\/red-raspberry-seed-oil-lavender\/\",\"url\":\"https:\/\/dutchhealthstore.com\/de\/product\/red-raspberry-seed-oil-lavender\/\",\"name\":\"Red Raspberry Seed Carrier Oil | Living Libations\",\"isPartOf\":{\"@id\":\"https:\/\/dutchhealthstore.com\/de\/#website\"},\"primaryImageOfPage\":{\"@id\":\"https:\/\/dutchhealthstore.com\/de\/product\/red-raspberry-seed-oil-lavender\/#primaryimage\"},\"image\":{\"@id\":\"https:\/\/dutchhealthstore.com\/de\/product\/red-raspberry-seed-oil-lavender\/#primaryimage\"},\"thumbnailUrl\":\"https:\/\/dutchhealthstore.com\/wp-content\/uploads\/2018\/02\/Living-Libations-Red-Raspberry-Seed-Carrier-Oil-e1594893373574.jpg\",\"datePublished\":\"2018-02-10T16:55:16+00:00\",\"dateModified\":\"2026-01-22T09:42:29+00:00\",\"description\":\"Es ist wunderbar f\u00fcr den Au\u00dfenbereich geeignet, vor allem f\u00fcr das Spielen in der Mittagspause. Wir haben einen Hauch von \u00e4therischem Lavendel\u00f6l hinzugef\u00fcgt, um Stabilit\u00e4t und Frische zu erhalten.\",\"breadcrumb\":{\"@id\":\"https:\/\/dutchhealthstore.com\/de\/product\/red-raspberry-seed-oil-lavender\/#breadcrumb\"},\"inLanguage\":\"de\",\"potentialAction\":[{\"@type\":\"ReadAction\",\"target\":[\"https:\/\/dutchhealthstore.com\/de\/product\/red-raspberry-seed-oil-lavender\/\"]}]},{\"@type\":\"ImageObject\",\"inLanguage\":\"de\",\"@id\":\"https:\/\/dutchhealthstore.com\/de\/product\/red-raspberry-seed-oil-lavender\/#primaryimage\",\"url\":\"https:\/\/dutchhealthstore.com\/wp-content\/uploads\/2018\/02\/Living-Libations-Red-Raspberry-Seed-Carrier-Oil-e1594893373574.jpg\",\"contentUrl\":\"https:\/\/dutchhealthstore.com\/wp-content\/uploads\/2018\/02\/Living-Libations-Red-Raspberry-Seed-Carrier-Oil-e1594893373574.jpg\",\"width\":500,\"height\":500,\"caption\":\"Living Libations Red Raspberry Seed Carrier Oil\"},{\"@type\":\"BreadcrumbList\",\"@id\":\"https:\/\/dutchhealthstore.com\/de\/product\/red-raspberry-seed-oil-lavender\/#breadcrumb\",\"itemListElement\":[{\"@type\":\"ListItem\",\"position\":1,\"name\":\"Home\",\"item\":\"https:\/\/dutchhealthstore.com\/de\/\"},{\"@type\":\"ListItem\",\"position\":2,\"name\":\"Shop\",\"item\":\"https:\/\/dutchhealthstore.com\/de\/shop-2\/\"},{\"@type\":\"ListItem\",\"position\":3,\"name\":\"Red Raspberry Seed Carrier Oil\"}]},{\"@type\":\"WebSite\",\"@id\":\"https:\/\/dutchhealthstore.com\/de\/#website\",\"url\":\"https:\/\/dutchhealthstore.com\/de\/\",\"name\":\"Dutch Health Store\",\"description\":\"Enhance Your Beauty with Organic &amp; Natural Skincare\",\"publisher\":{\"@id\":\"https:\/\/dutchhealthstore.com\/de\/#organization\"},\"potentialAction\":[{\"@type\":\"SearchAction\",\"target\":{\"@type\":\"EntryPoint\",\"urlTemplate\":\"https:\/\/dutchhealthstore.com\/de\/?s={search_term_string}\"},\"query-input\":{\"@type\":\"PropertyValueSpecification\",\"valueRequired\":true,\"valueName\":\"search_term_string\"}}],\"inLanguage\":\"de\"},{\"@type\":\"Organization\",\"@id\":\"https:\/\/dutchhealthstore.com\/de\/#organization\",\"name\":\"Dutch Health Store\",\"url\":\"https:\/\/dutchhealthstore.com\/de\/\",\"logo\":{\"@type\":\"ImageObject\",\"inLanguage\":\"de\",\"@id\":\"https:\/\/dutchhealthstore.com\/de\/#\/schema\/logo\/image\/\",\"url\":\"https:\/\/dutchhealthstore.com\/wp-content\/uploads\/2020\/08\/logo-dutchhealthstore-jpg-e1599484957574.jpg\",\"contentUrl\":\"https:\/\/dutchhealthstore.com\/wp-content\/uploads\/2020\/08\/logo-dutchhealthstore-jpg-e1599484957574.jpg\",\"width\":400,\"height\":62,\"caption\":\"Dutch Health Store\"},\"image\":{\"@id\":\"https:\/\/dutchhealthstore.com\/de\/#\/schema\/logo\/image\/\"},\"sameAs\":[\"https:\/\/www.instagram.com\/dutchhealthstore\/\",\"https:\/\/www.facebook.com\/dutchhealthstore\"]}]}<\/script>\n<meta property=\"product:brand\" content=\"Living Libations\" \/>\n<meta property=\"og:availability\" content=\"instock\" \/>\n<meta property=\"product:availability\" content=\"instock\" \/>\n<meta property=\"product:condition\" content=\"new\" \/>\n<!-- \/ Yoast SEO Premium plugin. -->","yoast_head_json":{"title":"Red Raspberry Seed Carrier Oil | Living Libations","description":"Es ist wunderbar f\u00fcr den Au\u00dfenbereich geeignet, vor allem f\u00fcr das Spielen in der Mittagspause. Wir haben einen Hauch von \u00e4therischem Lavendel\u00f6l hinzugef\u00fcgt, um Stabilit\u00e4t und Frische zu erhalten.","robots":{"index":"index","follow":"follow","max-snippet":"max-snippet:-1","max-image-preview":"max-image-preview:large","max-video-preview":"max-video-preview:-1"},"canonical":"https:\/\/dutchhealthstore.com\/de\/product\/red-raspberry-seed-oil-lavender\/","og_locale":"de_DE","og_type":"article","og_title":"Red Raspberry Seed Carrier Oil - Dutch Health Store","og_description":"Es ist wunderbar f\u00fcr den Au\u00dfenbereich geeignet, vor allem f\u00fcr das Spielen in der Mittagspause. Wir haben einen Hauch von \u00e4therischem Lavendel\u00f6l hinzugef\u00fcgt, um Stabilit\u00e4t und Frische zu erhalten.","og_url":"https:\/\/dutchhealthstore.com\/de\/product\/red-raspberry-seed-oil-lavender\/","og_site_name":"Dutch Health Store","article_publisher":"https:\/\/www.instagram.com\/dutchhealthstore\/","article_modified_time":"2026-01-22T09:42:29+00:00","og_image":[{"width":500,"height":500,"url":"https:\/\/dutchhealthstore.com\/wp-content\/uploads\/2018\/02\/Living-Libations-Red-Raspberry-Seed-Carrier-Oil-e1594893373574.jpg","type":"image\/jpeg"}],"twitter_card":"summary_large_image","twitter_misc":{"Verf\u00fcgbarkeit":"Auf Lager"},"schema":{"@context":"https:\/\/schema.org","@graph":[{"@type":"WebPage","@id":"https:\/\/dutchhealthstore.com\/de\/product\/red-raspberry-seed-oil-lavender\/","url":"https:\/\/dutchhealthstore.com\/de\/product\/red-raspberry-seed-oil-lavender\/","name":"Red Raspberry Seed Carrier Oil | Living Libations","isPartOf":{"@id":"https:\/\/dutchhealthstore.com\/de\/#website"},"primaryImageOfPage":{"@id":"https:\/\/dutchhealthstore.com\/de\/product\/red-raspberry-seed-oil-lavender\/#primaryimage"},"image":{"@id":"https:\/\/dutchhealthstore.com\/de\/product\/red-raspberry-seed-oil-lavender\/#primaryimage"},"thumbnailUrl":"https:\/\/dutchhealthstore.com\/wp-content\/uploads\/2018\/02\/Living-Libations-Red-Raspberry-Seed-Carrier-Oil-e1594893373574.jpg","datePublished":"2018-02-10T16:55:16+00:00","dateModified":"2026-01-22T09:42:29+00:00","description":"Es ist wunderbar f\u00fcr den Au\u00dfenbereich geeignet, vor allem f\u00fcr das Spielen in der Mittagspause. Wir haben einen Hauch von \u00e4therischem Lavendel\u00f6l hinzugef\u00fcgt, um Stabilit\u00e4t und Frische zu erhalten.","breadcrumb":{"@id":"https:\/\/dutchhealthstore.com\/de\/product\/red-raspberry-seed-oil-lavender\/#breadcrumb"},"inLanguage":"de","potentialAction":[{"@type":"ReadAction","target":["https:\/\/dutchhealthstore.com\/de\/product\/red-raspberry-seed-oil-lavender\/"]}]},{"@type":"ImageObject","inLanguage":"de","@id":"https:\/\/dutchhealthstore.com\/de\/product\/red-raspberry-seed-oil-lavender\/#primaryimage","url":"https:\/\/dutchhealthstore.com\/wp-content\/uploads\/2018\/02\/Living-Libations-Red-Raspberry-Seed-Carrier-Oil-e1594893373574.jpg","contentUrl":"https:\/\/dutchhealthstore.com\/wp-content\/uploads\/2018\/02\/Living-Libations-Red-Raspberry-Seed-Carrier-Oil-e1594893373574.jpg","width":500,"height":500,"caption":"Living Libations Red Raspberry Seed Carrier Oil"},{"@type":"BreadcrumbList","@id":"https:\/\/dutchhealthstore.com\/de\/product\/red-raspberry-seed-oil-lavender\/#breadcrumb","itemListElement":[{"@type":"ListItem","position":1,"name":"Home","item":"https:\/\/dutchhealthstore.com\/de\/"},{"@type":"ListItem","position":2,"name":"Shop","item":"https:\/\/dutchhealthstore.com\/de\/shop-2\/"},{"@type":"ListItem","position":3,"name":"Red Raspberry Seed Carrier Oil"}]},{"@type":"WebSite","@id":"https:\/\/dutchhealthstore.com\/de\/#website","url":"https:\/\/dutchhealthstore.com\/de\/","name":"Dutch Health Store","description":"Enhance Your Beauty with Organic &amp; Natural Skincare","publisher":{"@id":"https:\/\/dutchhealthstore.com\/de\/#organization"},"potentialAction":[{"@type":"SearchAction","target":{"@type":"EntryPoint","urlTemplate":"https:\/\/dutchhealthstore.com\/de\/?s={search_term_string}"},"query-input":{"@type":"PropertyValueSpecification","valueRequired":true,"valueName":"search_term_string"}}],"inLanguage":"de"},{"@type":"Organization","@id":"https:\/\/dutchhealthstore.com\/de\/#organization","name":"Dutch Health Store","url":"https:\/\/dutchhealthstore.com\/de\/","logo":{"@type":"ImageObject","inLanguage":"de","@id":"https:\/\/dutchhealthstore.com\/de\/#\/schema\/logo\/image\/","url":"https:\/\/dutchhealthstore.com\/wp-content\/uploads\/2020\/08\/logo-dutchhealthstore-jpg-e1599484957574.jpg","contentUrl":"https:\/\/dutchhealthstore.com\/wp-content\/uploads\/2020\/08\/logo-dutchhealthstore-jpg-e1599484957574.jpg","width":400,"height":62,"caption":"Dutch Health Store"},"image":{"@id":"https:\/\/dutchhealthstore.com\/de\/#\/schema\/logo\/image\/"},"sameAs":["https:\/\/www.instagram.com\/dutchhealthstore\/","https:\/\/www.facebook.com\/dutchhealthstore"]}]},"product_brand":"Living Libations","og_availability":"instock","product_availability":"instock","product_condition":"new"},"_links":{"self":[{"href":"https:\/\/dutchhealthstore.com\/de\/wp-json\/wp\/v2\/product\/122862","targetHints":{"allow":["GET"]}}],"collection":[{"href":"https:\/\/dutchhealthstore.com\/de\/wp-json\/wp\/v2\/product"}],"about":[{"href":"https:\/\/dutchhealthstore.com\/de\/wp-json\/wp\/v2\/types\/product"}],"replies":[{"embeddable":true,"href":"https:\/\/dutchhealthstore.com\/de\/wp-json\/wp\/v2\/comments?post=122862"}],"wp:featuredmedia":[{"embeddable":true,"href":"https:\/\/dutchhealthstore.com\/de\/wp-json\/wp\/v2\/media\/114054"}],"wp:attachment":[{"href":"https:\/\/dutchhealthstore.com\/de\/wp-json\/wp\/v2\/media?parent=122862"}],"wp:term":[{"taxonomy":"product_brand","embeddable":true,"href":"https:\/\/dutchhealthstore.com\/de\/wp-json\/wp\/v2\/product_brand?post=122862"},{"taxonomy":"product_cat","embeddable":true,"href":"https:\/\/dutchhealthstore.com\/de\/wp-json\/wp\/v2\/product_cat?post=122862"},{"taxonomy":"product_tag","embeddable":true,"href":"https:\/\/dutchhealthstore.com\/de\/wp-json\/wp\/v2\/product_tag?post=122862"}],"curies":[{"name":"wp","href":"https:\/\/api.w.org\/{rel}","templated":true}]}}