{"id":122847,"date":"2018-02-10T20:59:04","date_gmt":"2018-02-10T19:59:04","guid":{"rendered":"https:\/\/dutchhealthstore.com\/product\/red-champa-absolute\/"},"modified":"2024-08-26T13:51:25","modified_gmt":"2024-08-26T11:51:25","slug":"red-champa-absolute","status":"publish","type":"product","link":"https:\/\/dutchhealthstore.com\/de\/product\/red-champa-absolute\/","title":{"rendered":"Red Champa Absolute"},"content":{"rendered":"<p><strong><img decoding=\"async\" class=\"size-full wp-image-69549 alignright\" src=\"https:\/\/dutchhealthstore.kinsta.cloud\/wp-content\/uploads\/2019\/08\/NEW-Living-Libations-Logo.jpg\" alt=\"NEW - Living Libations - Logo\" width=\"175\" height=\"82\">Botanischer Name:<\/strong> Michelia champaca<br \/>\n<strong>Botanische Familie:<\/strong> Magnoliaceae<br \/>\n<strong>Extraktionsverfahren:<\/strong> Absolute<br \/>\n<strong>Teil der Pflanze Destilliert:<\/strong> Bl\u00fcten<br \/>\n<strong>Herkunftsland:<\/strong> Indien<br \/>\n<strong>Anbaumethode:<\/strong> Wildwachsend<br \/>\n<strong>Zusammensetzung:<\/strong> Michelia champaca<br \/>\n<strong>Konsistenz:<\/strong> Mittlere Viskosit\u00e4t<\/p>\n<h3>Beschreibung des Duftes<\/h3>\n<p>Verwandlungsf\u00e4hige, verlockende Noten von Aprikose, Beeren, frischer Melone und ein blumig-heuiges Bouquet, das an dichte, schwer duftende Bl\u00fcten erinnert.<\/p>\n<h3>Gut mischbar mit<\/h3>\n<p>Jasmin, Neroli, Rose, Vetiver, Patchouli, Spikenard, Gardenie, Vanille, Zitrone, Bergamotte und Grapefruit.<\/p>\n<h3>Verwendet<\/h3>\n<p>Ich liebe Einreibemittel. Parf\u00fcmerie. Diffundieren oder baden Sie darin, um Ihre Emotionen zu heben. Salben Sie Handgelenke und Pulspunkte f\u00fcr ein einfaches, schw\u00fcles Parf\u00fcm, das andere in Ohnmacht fallen l\u00e4sst.<\/p>\n<h3>Inhaltsstoffe<\/h3>\n<p>Enth\u00e4lt Linalool, Beta-Caryophyllen, Methyleugenol und Beta-Elemen.<\/p>\n<p>&nbsp;<\/p>\n<p>Diese k\u00fchnen, sch\u00f6nen Bl\u00fcten sind die wichtigste Zutat f\u00fcr einige der teuersten Parf\u00fcms und exquisiten Elixiere der Welt. Indische, philippinische und indonesische Frauen tragen traditionell die Bl\u00fcten dieser duftenden Pflanze als Teil ihrer Sch\u00f6nheitspflege. Champa Absolute ist ein aromatisches Meisterwerk, das sich durch eine luxuri\u00f6se Tiefe des Bouquets auszeichnet.<\/p>\n<p>In Indien werden rote Champak-Bl\u00fcten in T\u00fcr\u00f6ffnungen, auf Simsen und an Hauseing\u00e4ngen aufgestellt, damit jeder, der daran vorbeigeht, von ihrem fabelhaften Blumenduft ergriffen wird. In Indien gilt das \u00d6l der Champa-Knospen als heilig und war ein wichtiger Bestandteil von Joy, der Duftkreation des Modegiganten Jean Patou aus den 1930er Jahren. Die Verwendung von roten Champagnerbl\u00fcten in diesem ber\u00fchmten Parf\u00fcm machte es zum teuersten und elegantesten Parf\u00fcm der Welt zu jener Zeit.<\/p>\n<p>Die k\u00fchne, blumige Fantasie des \u00d6ls Red Champa (auch bekannt als Champaca und Champak) wird seit Jahrtausenden verwendet, um Frauen zu schm\u00fccken, die auf ihre Liebhaber warten. Das bezaubernde, schw\u00fcle Bl\u00fctenbouquet aus Melone und buttrigem Moschus macht ihn zu einem seltenen Angebot. Die Michelia champaka, eine Verwandte der Magnoliengew\u00e4chse, hat herrlich duftende gelbe, wei\u00dfe und rot-orangefarbene Bl\u00fcten, die sich im mystischen indischen Fr\u00fchling aus gl\u00e4nzend gr\u00fcnen Bl\u00e4ttern entwickeln. Die Essenz wird haupts\u00e4chlich zur Herstellung romantischer Parf\u00fcms verwendet, die als Aphrodisiakum f\u00fcr die Liebe dienen. Dieses k\u00fchne Absolute umh\u00fcllt Sie mit einem verf\u00fchrerischen, transformativen Duft von reinem, kraftvollem Verf\u00fchrungsserum.<\/p>\n<p>In spiritueller und emotionaler Hinsicht ist Red Champa Absolute ein wunderbarer Begleiter bei der Meditation und in Zeiten der Trauer. Er soll die Stimmung heben und ein Gef\u00fchl der Freude und Euphorie hervorrufen. Die F\u00e4higkeit dieses \u00d6ls, den Atem zu vertiefen und unsere Empf\u00e4nglichkeit zu erweitern, kann die Tiefe Ihrer Meditationspraxis und den entspannten Zustand der Gl\u00fcckseligkeit noch verst\u00e4rken.<\/p>\n<p style=\"text-align: center;\"><em>&#8222;Die Champaca ist auf den Philippinen und in Indonesien heimisch. Nach traditionellem Brauch tragen die Frauen die Bl\u00fcten im Haar oder hinter den Ohren, wo sie sich \u00f6ffnen und ihren Duft abgeben. Champaca-Bl\u00fcten werden auch f\u00fcr Girlanden verwendet und schwimmen in Wasser, um R\u00e4ume zu beduften. Das Absolue ist ein hellgelbes, r\u00f6tliches \u00d6l mit einem intensiven, blumigen Duft, das verwendet wird, um Jasmin-Akkorde zu verst\u00e4rken.<\/em><br \/>\n~ Jennifer Peace Rhind, <strong>Essential Oils: A Handbook for Aromatherapy Practice<\/strong><\/p>\n<p>&nbsp;<\/p>\n<p><img fetchpriority=\"high\" decoding=\"async\" class=\"size-medium wp-image-68103 aligncenter\" src=\"https:\/\/dutchhealthstore.kinsta.cloud\/wp-content\/uploads\/2018\/02\/Living-Libations-Organic-Logo-800x89.png\" alt=\"Living Libations - Organic Logo\" width=\"800\" height=\"89\" srcset=\"https:\/\/dutchhealthstore.com\/wp-content\/uploads\/2018\/02\/Living-Libations-Organic-Logo-800x89.png 800w, https:\/\/dutchhealthstore.com\/wp-content\/uploads\/2018\/02\/Living-Libations-Organic-Logo-510x57.png 510w, https:\/\/dutchhealthstore.com\/wp-content\/uploads\/2018\/02\/Living-Libations-Organic-Logo-768x85.png 768w, https:\/\/dutchhealthstore.com\/wp-content\/uploads\/2018\/02\/Living-Libations-Organic-Logo.png 1400w\" sizes=\"(max-width: 800px) 100vw, 800px\" \/><\/p>\n","protected":false},"excerpt":{"rendered":"<p><span style=\"font-size: 14.4px;\"><strong>Red Champa Absolute<\/strong> ist der Inbegriff von weiblicher Sch\u00f6nheit und Anmut. Red Champak, wie es auch genannt wird, wird vor allem in Parf\u00fcms verwendet, weil es einen unvergleichlichen Duft hat und die G\u00f6ttin in sich zum Vorschein bringt.<br \/>\nDas himmlische Aroma soll die Liebenden in eine geheimnisvolle Leidenschaft entf\u00fchren, die aus den Bl\u00fcten der wilden indischen Champa-Blume entsteht.<\/span><\/p>\n","protected":false},"featured_media":114046,"comment_status":"open","ping_status":"closed","template":"","meta":[],"product_brand":[],"product_cat":[1551,1508,6737,1493,1210,511,6736],"product_tag":[1547],"class_list":{"0":"post-122847","1":"product","2":"type-product","3":"status-publish","4":"has-post-thumbnail","6":"product_cat-absolute-essenz-living-libations","7":"product_cat-aetherische-oele-living-libations","8":"product_cat-essential-oils-de-2","9":"product_cat-living-libations-deutschland","10":"product_cat-marken","11":"product_cat-produkte","12":"product_cat-wellness-de","13":"product_tag-essential-oil-de","14":"pa_brand-livinglibations-de","15":"pa_essential-oils-product-type-absolute-essences-de","16":"pa_essential-oils-product-type-essential-oils-de","17":"pa_size-2-5-ml-de","18":"pa_size-5-ml-1-4-jojoba-de","20":"first","21":"instock","22":"taxable","23":"shipping-taxable","24":"purchasable","25":"product-type-variable"},"bundled_by":[],"bundle_stock_status":"instock","bundle_stock_quantity":null,"bundle_virtual":false,"bundle_layout":"","bundle_add_to_cart_form_location":"","bundle_editable_in_cart":false,"bundle_sold_individually_context":"","bundle_item_grouping":"","bundle_min_size":"","bundle_max_size":"","bundle_price":[],"bundled_items":[],"bundle_sell_ids":[],"atum_controlled":true,"out_stock_date":null,"out_stock_threshold":null,"inheritable":true,"stock_on_hold":0,"sold_today":0,"sales_last_days":0,"out_stock_days":0,"lost_sales":0,"update_date":"2026-04-08T01:46:44","atum_locations":[],"atum_stock_status":"instock","restock_status":false,"low_stock_amount":"","sales_update_date":"2026-04-08T01:46:44","calc_backorders":null,"group_of_quantity":0,"min_quantity":0,"max_quantity":"","exclude_order_quantity_value_rules":"no","exclude_category_quantity_rules":"no","combine_variations":"no","yoast_head":"<!-- This site is optimized with the Yoast SEO Premium plugin v26.5 (Yoast SEO v26.5) - https:\/\/yoast.com\/wordpress\/plugins\/seo\/ -->\n<title>Red Champa Absolute | Living Libations<\/title>\n<meta name=\"description\" content=\"Red Champak, wie es auch genannt wird, wird vor allem in Parf\u00fcms verwendet, weil es einen unvergleichlichen Duft hat und die G\u00f6ttin in sich zum Vorschein bringt.\" \/>\n<meta name=\"robots\" content=\"index, follow, max-snippet:-1, max-image-preview:large, max-video-preview:-1\" \/>\n<link rel=\"canonical\" href=\"https:\/\/dutchhealthstore.com\/de\/product\/red-champa-absolute\/\" \/>\n<meta property=\"og:locale\" content=\"de_DE\" \/>\n<meta property=\"og:type\" content=\"article\" \/>\n<meta property=\"og:title\" content=\"Red Champa Absolute - Dutch Health Store\" \/>\n<meta property=\"og:description\" content=\"Red Champak, wie es auch genannt wird, wird vor allem in Parf\u00fcms verwendet, weil es einen unvergleichlichen Duft hat und die G\u00f6ttin in sich zum Vorschein bringt.\" \/>\n<meta property=\"og:url\" content=\"https:\/\/dutchhealthstore.com\/de\/product\/red-champa-absolute\/\" \/>\n<meta property=\"og:site_name\" content=\"Dutch Health Store\" \/>\n<meta property=\"article:publisher\" content=\"https:\/\/www.instagram.com\/dutchhealthstore\/\" \/>\n<meta property=\"article:modified_time\" content=\"2024-08-26T11:51:25+00:00\" \/>\n<meta property=\"og:image\" content=\"https:\/\/dutchhealthstore.com\/wp-content\/uploads\/2018\/02\/Living-LIbations-Red-Champa-Absolute-e1594892950986.png\" \/>\n\t<meta property=\"og:image:width\" content=\"500\" \/>\n\t<meta property=\"og:image:height\" content=\"499\" \/>\n\t<meta property=\"og:image:type\" content=\"image\/jpeg\" \/>\n<meta name=\"twitter:card\" content=\"summary_large_image\" \/>\n<meta name=\"twitter:label1\" content=\"Verf\u00fcgbarkeit\" \/>\n\t<meta name=\"twitter:data1\" content=\"Auf Lager\" \/>\n<script type=\"application\/ld+json\" class=\"yoast-schema-graph\">{\"@context\":\"https:\/\/schema.org\",\"@graph\":[{\"@type\":\"WebPage\",\"@id\":\"https:\/\/dutchhealthstore.com\/de\/product\/red-champa-absolute\/\",\"url\":\"https:\/\/dutchhealthstore.com\/de\/product\/red-champa-absolute\/\",\"name\":\"Red Champa Absolute | Living Libations\",\"isPartOf\":{\"@id\":\"https:\/\/dutchhealthstore.com\/de\/#website\"},\"primaryImageOfPage\":{\"@id\":\"https:\/\/dutchhealthstore.com\/de\/product\/red-champa-absolute\/#primaryimage\"},\"image\":{\"@id\":\"https:\/\/dutchhealthstore.com\/de\/product\/red-champa-absolute\/#primaryimage\"},\"thumbnailUrl\":\"https:\/\/dutchhealthstore.com\/wp-content\/uploads\/2018\/02\/Living-LIbations-Red-Champa-Absolute-e1594892950986.png\",\"datePublished\":\"2018-02-10T19:59:04+00:00\",\"dateModified\":\"2024-08-26T11:51:25+00:00\",\"description\":\"Red Champak, wie es auch genannt wird, wird vor allem in Parf\u00fcms verwendet, weil es einen unvergleichlichen Duft hat und die G\u00f6ttin in sich zum Vorschein bringt.\",\"breadcrumb\":{\"@id\":\"https:\/\/dutchhealthstore.com\/de\/product\/red-champa-absolute\/#breadcrumb\"},\"inLanguage\":\"de\",\"potentialAction\":[{\"@type\":\"ReadAction\",\"target\":[\"https:\/\/dutchhealthstore.com\/de\/product\/red-champa-absolute\/\"]}]},{\"@type\":\"ImageObject\",\"inLanguage\":\"de\",\"@id\":\"https:\/\/dutchhealthstore.com\/de\/product\/red-champa-absolute\/#primaryimage\",\"url\":\"https:\/\/dutchhealthstore.com\/wp-content\/uploads\/2018\/02\/Living-LIbations-Red-Champa-Absolute-e1594892950986.png\",\"contentUrl\":\"https:\/\/dutchhealthstore.com\/wp-content\/uploads\/2018\/02\/Living-LIbations-Red-Champa-Absolute-e1594892950986.png\",\"width\":500,\"height\":499,\"caption\":\"Living LIbations Red Champa Absolute\"},{\"@type\":\"BreadcrumbList\",\"@id\":\"https:\/\/dutchhealthstore.com\/de\/product\/red-champa-absolute\/#breadcrumb\",\"itemListElement\":[{\"@type\":\"ListItem\",\"position\":1,\"name\":\"Home\",\"item\":\"https:\/\/dutchhealthstore.com\/de\/\"},{\"@type\":\"ListItem\",\"position\":2,\"name\":\"Shop\",\"item\":\"https:\/\/dutchhealthstore.com\/de\/shop-2\/\"},{\"@type\":\"ListItem\",\"position\":3,\"name\":\"Red Champa Absolute\"}]},{\"@type\":\"WebSite\",\"@id\":\"https:\/\/dutchhealthstore.com\/de\/#website\",\"url\":\"https:\/\/dutchhealthstore.com\/de\/\",\"name\":\"Dutch Health Store\",\"description\":\"Enhance Your Beauty with Organic &amp; Natural Skincare\",\"publisher\":{\"@id\":\"https:\/\/dutchhealthstore.com\/de\/#organization\"},\"potentialAction\":[{\"@type\":\"SearchAction\",\"target\":{\"@type\":\"EntryPoint\",\"urlTemplate\":\"https:\/\/dutchhealthstore.com\/de\/?s={search_term_string}\"},\"query-input\":{\"@type\":\"PropertyValueSpecification\",\"valueRequired\":true,\"valueName\":\"search_term_string\"}}],\"inLanguage\":\"de\"},{\"@type\":\"Organization\",\"@id\":\"https:\/\/dutchhealthstore.com\/de\/#organization\",\"name\":\"Dutch Health Store\",\"url\":\"https:\/\/dutchhealthstore.com\/de\/\",\"logo\":{\"@type\":\"ImageObject\",\"inLanguage\":\"de\",\"@id\":\"https:\/\/dutchhealthstore.com\/de\/#\/schema\/logo\/image\/\",\"url\":\"https:\/\/dutchhealthstore.com\/wp-content\/uploads\/2020\/08\/logo-dutchhealthstore-jpg-e1599484957574.jpg\",\"contentUrl\":\"https:\/\/dutchhealthstore.com\/wp-content\/uploads\/2020\/08\/logo-dutchhealthstore-jpg-e1599484957574.jpg\",\"width\":400,\"height\":62,\"caption\":\"Dutch Health Store\"},\"image\":{\"@id\":\"https:\/\/dutchhealthstore.com\/de\/#\/schema\/logo\/image\/\"},\"sameAs\":[\"https:\/\/www.instagram.com\/dutchhealthstore\/\",\"https:\/\/www.facebook.com\/dutchhealthstore\"]}]}<\/script>\n<meta property=\"product:brand\" content=\"Living Libations\" \/>\n<meta property=\"og:availability\" content=\"instock\" \/>\n<meta property=\"product:availability\" content=\"instock\" \/>\n<meta property=\"product:condition\" content=\"new\" \/>\n<!-- \/ Yoast SEO Premium plugin. -->","yoast_head_json":{"title":"Red Champa Absolute | Living Libations","description":"Red Champak, wie es auch genannt wird, wird vor allem in Parf\u00fcms verwendet, weil es einen unvergleichlichen Duft hat und die G\u00f6ttin in sich zum Vorschein bringt.","robots":{"index":"index","follow":"follow","max-snippet":"max-snippet:-1","max-image-preview":"max-image-preview:large","max-video-preview":"max-video-preview:-1"},"canonical":"https:\/\/dutchhealthstore.com\/de\/product\/red-champa-absolute\/","og_locale":"de_DE","og_type":"article","og_title":"Red Champa Absolute - Dutch Health Store","og_description":"Red Champak, wie es auch genannt wird, wird vor allem in Parf\u00fcms verwendet, weil es einen unvergleichlichen Duft hat und die G\u00f6ttin in sich zum Vorschein bringt.","og_url":"https:\/\/dutchhealthstore.com\/de\/product\/red-champa-absolute\/","og_site_name":"Dutch Health Store","article_publisher":"https:\/\/www.instagram.com\/dutchhealthstore\/","article_modified_time":"2024-08-26T11:51:25+00:00","og_image":[{"width":500,"height":499,"url":"https:\/\/dutchhealthstore.com\/wp-content\/uploads\/2018\/02\/Living-LIbations-Red-Champa-Absolute-e1594892950986.png","type":"image\/jpeg"}],"twitter_card":"summary_large_image","twitter_misc":{"Verf\u00fcgbarkeit":"Auf Lager"},"schema":{"@context":"https:\/\/schema.org","@graph":[{"@type":"WebPage","@id":"https:\/\/dutchhealthstore.com\/de\/product\/red-champa-absolute\/","url":"https:\/\/dutchhealthstore.com\/de\/product\/red-champa-absolute\/","name":"Red Champa Absolute | Living Libations","isPartOf":{"@id":"https:\/\/dutchhealthstore.com\/de\/#website"},"primaryImageOfPage":{"@id":"https:\/\/dutchhealthstore.com\/de\/product\/red-champa-absolute\/#primaryimage"},"image":{"@id":"https:\/\/dutchhealthstore.com\/de\/product\/red-champa-absolute\/#primaryimage"},"thumbnailUrl":"https:\/\/dutchhealthstore.com\/wp-content\/uploads\/2018\/02\/Living-LIbations-Red-Champa-Absolute-e1594892950986.png","datePublished":"2018-02-10T19:59:04+00:00","dateModified":"2024-08-26T11:51:25+00:00","description":"Red Champak, wie es auch genannt wird, wird vor allem in Parf\u00fcms verwendet, weil es einen unvergleichlichen Duft hat und die G\u00f6ttin in sich zum Vorschein bringt.","breadcrumb":{"@id":"https:\/\/dutchhealthstore.com\/de\/product\/red-champa-absolute\/#breadcrumb"},"inLanguage":"de","potentialAction":[{"@type":"ReadAction","target":["https:\/\/dutchhealthstore.com\/de\/product\/red-champa-absolute\/"]}]},{"@type":"ImageObject","inLanguage":"de","@id":"https:\/\/dutchhealthstore.com\/de\/product\/red-champa-absolute\/#primaryimage","url":"https:\/\/dutchhealthstore.com\/wp-content\/uploads\/2018\/02\/Living-LIbations-Red-Champa-Absolute-e1594892950986.png","contentUrl":"https:\/\/dutchhealthstore.com\/wp-content\/uploads\/2018\/02\/Living-LIbations-Red-Champa-Absolute-e1594892950986.png","width":500,"height":499,"caption":"Living LIbations Red Champa Absolute"},{"@type":"BreadcrumbList","@id":"https:\/\/dutchhealthstore.com\/de\/product\/red-champa-absolute\/#breadcrumb","itemListElement":[{"@type":"ListItem","position":1,"name":"Home","item":"https:\/\/dutchhealthstore.com\/de\/"},{"@type":"ListItem","position":2,"name":"Shop","item":"https:\/\/dutchhealthstore.com\/de\/shop-2\/"},{"@type":"ListItem","position":3,"name":"Red Champa Absolute"}]},{"@type":"WebSite","@id":"https:\/\/dutchhealthstore.com\/de\/#website","url":"https:\/\/dutchhealthstore.com\/de\/","name":"Dutch Health Store","description":"Enhance Your Beauty with Organic &amp; Natural Skincare","publisher":{"@id":"https:\/\/dutchhealthstore.com\/de\/#organization"},"potentialAction":[{"@type":"SearchAction","target":{"@type":"EntryPoint","urlTemplate":"https:\/\/dutchhealthstore.com\/de\/?s={search_term_string}"},"query-input":{"@type":"PropertyValueSpecification","valueRequired":true,"valueName":"search_term_string"}}],"inLanguage":"de"},{"@type":"Organization","@id":"https:\/\/dutchhealthstore.com\/de\/#organization","name":"Dutch Health Store","url":"https:\/\/dutchhealthstore.com\/de\/","logo":{"@type":"ImageObject","inLanguage":"de","@id":"https:\/\/dutchhealthstore.com\/de\/#\/schema\/logo\/image\/","url":"https:\/\/dutchhealthstore.com\/wp-content\/uploads\/2020\/08\/logo-dutchhealthstore-jpg-e1599484957574.jpg","contentUrl":"https:\/\/dutchhealthstore.com\/wp-content\/uploads\/2020\/08\/logo-dutchhealthstore-jpg-e1599484957574.jpg","width":400,"height":62,"caption":"Dutch Health Store"},"image":{"@id":"https:\/\/dutchhealthstore.com\/de\/#\/schema\/logo\/image\/"},"sameAs":["https:\/\/www.instagram.com\/dutchhealthstore\/","https:\/\/www.facebook.com\/dutchhealthstore"]}]},"product_brand":"Living Libations","og_availability":"instock","product_availability":"instock","product_condition":"new"},"_links":{"self":[{"href":"https:\/\/dutchhealthstore.com\/de\/wp-json\/wp\/v2\/product\/122847","targetHints":{"allow":["GET"]}}],"collection":[{"href":"https:\/\/dutchhealthstore.com\/de\/wp-json\/wp\/v2\/product"}],"about":[{"href":"https:\/\/dutchhealthstore.com\/de\/wp-json\/wp\/v2\/types\/product"}],"replies":[{"embeddable":true,"href":"https:\/\/dutchhealthstore.com\/de\/wp-json\/wp\/v2\/comments?post=122847"}],"wp:featuredmedia":[{"embeddable":true,"href":"https:\/\/dutchhealthstore.com\/de\/wp-json\/wp\/v2\/media\/114046"}],"wp:attachment":[{"href":"https:\/\/dutchhealthstore.com\/de\/wp-json\/wp\/v2\/media?parent=122847"}],"wp:term":[{"taxonomy":"product_brand","embeddable":true,"href":"https:\/\/dutchhealthstore.com\/de\/wp-json\/wp\/v2\/product_brand?post=122847"},{"taxonomy":"product_cat","embeddable":true,"href":"https:\/\/dutchhealthstore.com\/de\/wp-json\/wp\/v2\/product_cat?post=122847"},{"taxonomy":"product_tag","embeddable":true,"href":"https:\/\/dutchhealthstore.com\/de\/wp-json\/wp\/v2\/product_tag?post=122847"}],"curies":[{"name":"wp","href":"https:\/\/api.w.org\/{rel}","templated":true}]}}