{"id":122733,"date":"2018-07-31T19:05:33","date_gmt":"2018-07-31T17:05:33","guid":{"rendered":"https:\/\/dutchhealthstore.com\/product\/pumpkin-seed-carrier-oil\/"},"modified":"2025-10-28T11:07:51","modified_gmt":"2025-10-28T10:07:51","slug":"pumpkin-seed-carrier-oil","status":"publish","type":"product","link":"https:\/\/dutchhealthstore.com\/de\/product\/pumpkin-seed-carrier-oil\/","title":{"rendered":"Pumpkin Seed Carrier Oil"},"content":{"rendered":"<p style=\"font-weight: 400;\"><b><strong><img decoding=\"async\" class=\"size-full wp-image-37041 alignright\" src=\"https:\/\/dutchhealthstore.com\/wp-content\/uploads\/2018\/04\/Living_Libations-1.png\" alt=\"Organic &amp; Natural Beautyproducts - Living Libations\" width=\"175\" height=\"82\"><\/strong><\/b><\/p>\n<p><strong>Botanischer Name:<\/strong> Cucurbita pepo<br \/>\n<strong>Botanische Familie:<\/strong> Oleaceae<br \/>\n<strong>Extraktionsverfahren:<\/strong> Kalt gepresst<br \/>\n<strong>Teil der Pflanze Destilliert:<\/strong> Saatgut<br \/>\n<strong>Herkunftsland:<\/strong> Syrien<br \/>\n<strong>Anbaumethode:<\/strong> Bio<br \/>\n<strong>Zusammensetzung:<\/strong> 100% Cucurbita pepo<\/p>\n<h3>Beschreibung des Duftes<\/h3>\n<p>Erhabene, subtile, fr\u00fchlingshafte Gr\u00fcnt\u00f6ne umh\u00fcllen ein \u00e4therisch-amethystiges Aroma.<\/p>\n<h3>In Living Libations<\/h3>\n<p>Crowning Glory Hair Oil<\/p>\n<h3>Gut mischbar mit<\/h3>\n<p>Jojoba, Granatapfeltr\u00e4ger, Nachtkerzentr\u00e4ger, Tamanu-Tr\u00e4ger, Bergamotte, Sandelholz, Weihrauch, Rosmarin, Thymian, Oregano, Zitrone, Lavendel und Majoran.<\/p>\n<h3>Verwendet<\/h3>\n<p>K\u00f6stlich in Mischungen f\u00fcr K\u00f6rper, Gesicht und Haar. Kann auch in Salatdressings aufgenommen und genossen werden.<\/p>\n<h3>Inhaltsstoffe<\/h3>\n<p>Er ist reich an essenziellen Omega-3- und Omega-6-Fetts\u00e4uren und Phytosterinen. Alle acht Arten von Vitamin E und verschiedene Carotinoide, einschlie\u00dflich Beta-Carotin.<\/p>\n<p><strong>Gr\u00f6\u00dfe: 15 ml und 30 ml<\/strong><\/p>\n<h3>Bio-Zutaten<\/h3>\n<p>Tr\u00e4ger\u00f6l aus 100% K\u00fcrbiskernen (Cucurbita pepo).<\/p>\n<p style=\"text-align: center;\"><em>&#8222;Blumen und Fr\u00fcchte sind nur der Anfang.<\/em><br \/>\n<em>In der Saat liegt das Leben und die Zukunft&#8220;.<\/em><br \/>\n~ Marion Zimmer Bradley<\/p>\n<p>&nbsp;<\/p>\n<p><img fetchpriority=\"high\" decoding=\"async\" class=\"aligncenter size-full wp-image-31577\" src=\"https:\/\/dutchhealthstore.com\/wp-content\/uploads\/2018\/03\/organic_big.png\" alt=\"Organic and Natural - Living Libations\" width=\"623\" height=\"103\" srcset=\"https:\/\/dutchhealthstore.com\/wp-content\/uploads\/2018\/03\/organic_big.png 623w, https:\/\/dutchhealthstore.com\/wp-content\/uploads\/2018\/03\/organic_big-510x84.png 510w, https:\/\/dutchhealthstore.com\/wp-content\/uploads\/2018\/03\/organic_big-600x99.png 600w, https:\/\/dutchhealthstore.com\/wp-content\/uploads\/2018\/03\/organic_big-350x58.png 350w\" sizes=\"(max-width: 623px) 100vw, 623px\" \/><\/p>\n","protected":false},"excerpt":{"rendered":"<p>Living Libations <strong>Pumpkin Seed carrier oil<\/strong> ist ein kaltgepresstes \u00d6l aus biologischen K\u00fcrbiskernen, das perfekt aufpolstert und sp\u00fcrbar n\u00e4hrt. Dieses \u00fcppige Lipid hat eine satte, dunkelgr\u00fcne Farbe mit einem Hauch von Rot. Er ist reich an essenziellen Omega-3- und Omega-6-Fetts\u00e4uren und Phytosterinen. Der \u00fcppige K\u00fcrbiskern strotzt vor Antioxidantien aus allen acht Arten von Vitamin E und verschiedenen Carotinoiden, einschlie\u00dflich Beta-Carotin, und zieht in Haut, Haar und Kopfhaut ein.<\/p>\n","protected":false},"featured_media":114031,"comment_status":"open","ping_status":"closed","template":"","meta":[],"product_brand":[],"product_cat":[1508,6737,1493,2022,6736],"product_tag":[8912,1547],"class_list":{"0":"post-122733","1":"product","2":"type-product","3":"status-publish","4":"has-post-thumbnail","6":"product_cat-aetherische-oele-living-libations","7":"product_cat-essential-oils-de-2","8":"product_cat-living-libations-deutschland","9":"product_cat-tragerol","10":"product_cat-wellness-de","11":"product_tag-carrier-oil-de","12":"product_tag-essential-oil-de","13":"pa_brand-livinglibations-de","14":"pa_essential-oils-product-type-carrier-oils-de","15":"pa_essential-oils-product-type-essential-oils-de","16":"pa_size-15-ml-de-2","17":"pa_size-30-ml-de","19":"first","20":"instock","21":"taxable","22":"shipping-taxable","23":"purchasable","24":"product-type-variable"},"bundled_by":[],"bundle_stock_status":"instock","bundle_stock_quantity":null,"bundle_virtual":false,"bundle_layout":"","bundle_add_to_cart_form_location":"","bundle_editable_in_cart":false,"bundle_sold_individually_context":"","bundle_item_grouping":"","bundle_min_size":"","bundle_max_size":"","bundle_price":[],"bundled_items":[],"bundle_sell_ids":[],"atum_controlled":true,"out_stock_date":null,"out_stock_threshold":null,"inheritable":true,"stock_on_hold":0,"sold_today":0,"sales_last_days":0,"out_stock_days":0,"lost_sales":0,"update_date":"2026-04-09T01:48:20","atum_locations":[],"atum_stock_status":"instock","restock_status":false,"low_stock_amount":"","sales_update_date":"2026-04-09T01:48:20","calc_backorders":null,"group_of_quantity":0,"min_quantity":0,"max_quantity":"","exclude_order_quantity_value_rules":"no","exclude_category_quantity_rules":"no","combine_variations":"no","yoast_head":"<!-- This site is optimized with the Yoast SEO Premium plugin v26.5 (Yoast SEO v26.5) - https:\/\/yoast.com\/wordpress\/plugins\/seo\/ -->\n<title>Pumpkin Seed Carrier Oil | Living Libations<\/title>\n<meta name=\"description\" content=\"Living Libations Pumpkin Seed carrier oil ist ein kaltgepresstes \u00d6l aus biologischen K\u00fcrbiskernen, das perfekt aufpolstert und sp\u00fcrbar n\u00e4hrt.\" \/>\n<meta name=\"robots\" content=\"index, follow, max-snippet:-1, max-image-preview:large, max-video-preview:-1\" \/>\n<link rel=\"canonical\" href=\"https:\/\/dutchhealthstore.com\/de\/product\/pumpkin-seed-carrier-oil\/\" \/>\n<meta property=\"og:locale\" content=\"de_DE\" \/>\n<meta property=\"og:type\" content=\"article\" \/>\n<meta property=\"og:title\" content=\"Pumpkin Seed Carrier Oil - Dutch Health Store\" \/>\n<meta property=\"og:description\" content=\"Living Libations Pumpkin Seed carrier oil ist ein kaltgepresstes \u00d6l aus biologischen K\u00fcrbiskernen, das perfekt aufpolstert und sp\u00fcrbar n\u00e4hrt.\" \/>\n<meta property=\"og:url\" content=\"https:\/\/dutchhealthstore.com\/de\/product\/pumpkin-seed-carrier-oil\/\" \/>\n<meta property=\"og:site_name\" content=\"Dutch Health Store\" \/>\n<meta property=\"article:publisher\" content=\"https:\/\/www.instagram.com\/dutchhealthstore\/\" \/>\n<meta property=\"article:modified_time\" content=\"2025-10-28T10:07:51+00:00\" \/>\n<meta property=\"og:image\" content=\"https:\/\/dutchhealthstore.com\/wp-content\/uploads\/2018\/07\/Living-Libations-Pumpkin-Seed-Carrier-Oil-e1594892524969.png\" \/>\n\t<meta property=\"og:image:width\" content=\"500\" \/>\n\t<meta property=\"og:image:height\" content=\"499\" \/>\n\t<meta property=\"og:image:type\" content=\"image\/jpeg\" \/>\n<meta name=\"twitter:card\" content=\"summary_large_image\" \/>\n<meta name=\"twitter:label1\" content=\"Verf\u00fcgbarkeit\" \/>\n\t<meta name=\"twitter:data1\" content=\"Auf Lager\" \/>\n<script type=\"application\/ld+json\" class=\"yoast-schema-graph\">{\"@context\":\"https:\/\/schema.org\",\"@graph\":[{\"@type\":\"WebPage\",\"@id\":\"https:\/\/dutchhealthstore.com\/de\/product\/pumpkin-seed-carrier-oil\/\",\"url\":\"https:\/\/dutchhealthstore.com\/de\/product\/pumpkin-seed-carrier-oil\/\",\"name\":\"Pumpkin Seed Carrier Oil | Living Libations\",\"isPartOf\":{\"@id\":\"https:\/\/dutchhealthstore.com\/de\/#website\"},\"primaryImageOfPage\":{\"@id\":\"https:\/\/dutchhealthstore.com\/de\/product\/pumpkin-seed-carrier-oil\/#primaryimage\"},\"image\":{\"@id\":\"https:\/\/dutchhealthstore.com\/de\/product\/pumpkin-seed-carrier-oil\/#primaryimage\"},\"thumbnailUrl\":\"https:\/\/dutchhealthstore.com\/wp-content\/uploads\/2018\/07\/Living-Libations-Pumpkin-Seed-Carrier-Oil-e1594892524969.png\",\"datePublished\":\"2018-07-31T17:05:33+00:00\",\"dateModified\":\"2025-10-28T10:07:51+00:00\",\"description\":\"Living Libations Pumpkin Seed carrier oil ist ein kaltgepresstes \u00d6l aus biologischen K\u00fcrbiskernen, das perfekt aufpolstert und sp\u00fcrbar n\u00e4hrt.\",\"breadcrumb\":{\"@id\":\"https:\/\/dutchhealthstore.com\/de\/product\/pumpkin-seed-carrier-oil\/#breadcrumb\"},\"inLanguage\":\"de\",\"potentialAction\":[{\"@type\":\"ReadAction\",\"target\":[\"https:\/\/dutchhealthstore.com\/de\/product\/pumpkin-seed-carrier-oil\/\"]}]},{\"@type\":\"ImageObject\",\"inLanguage\":\"de\",\"@id\":\"https:\/\/dutchhealthstore.com\/de\/product\/pumpkin-seed-carrier-oil\/#primaryimage\",\"url\":\"https:\/\/dutchhealthstore.com\/wp-content\/uploads\/2018\/07\/Living-Libations-Pumpkin-Seed-Carrier-Oil-e1594892524969.png\",\"contentUrl\":\"https:\/\/dutchhealthstore.com\/wp-content\/uploads\/2018\/07\/Living-Libations-Pumpkin-Seed-Carrier-Oil-e1594892524969.png\",\"width\":500,\"height\":499,\"caption\":\"Living Libations Pumpkin Seed Carrier Oil\"},{\"@type\":\"BreadcrumbList\",\"@id\":\"https:\/\/dutchhealthstore.com\/de\/product\/pumpkin-seed-carrier-oil\/#breadcrumb\",\"itemListElement\":[{\"@type\":\"ListItem\",\"position\":1,\"name\":\"Home\",\"item\":\"https:\/\/dutchhealthstore.com\/de\/\"},{\"@type\":\"ListItem\",\"position\":2,\"name\":\"Shop\",\"item\":\"https:\/\/dutchhealthstore.com\/de\/shop-2\/\"},{\"@type\":\"ListItem\",\"position\":3,\"name\":\"Pumpkin Seed Carrier Oil\"}]},{\"@type\":\"WebSite\",\"@id\":\"https:\/\/dutchhealthstore.com\/de\/#website\",\"url\":\"https:\/\/dutchhealthstore.com\/de\/\",\"name\":\"Dutch Health Store\",\"description\":\"Enhance Your Beauty with Organic &amp; Natural Skincare\",\"publisher\":{\"@id\":\"https:\/\/dutchhealthstore.com\/de\/#organization\"},\"potentialAction\":[{\"@type\":\"SearchAction\",\"target\":{\"@type\":\"EntryPoint\",\"urlTemplate\":\"https:\/\/dutchhealthstore.com\/de\/?s={search_term_string}\"},\"query-input\":{\"@type\":\"PropertyValueSpecification\",\"valueRequired\":true,\"valueName\":\"search_term_string\"}}],\"inLanguage\":\"de\"},{\"@type\":\"Organization\",\"@id\":\"https:\/\/dutchhealthstore.com\/de\/#organization\",\"name\":\"Dutch Health Store\",\"url\":\"https:\/\/dutchhealthstore.com\/de\/\",\"logo\":{\"@type\":\"ImageObject\",\"inLanguage\":\"de\",\"@id\":\"https:\/\/dutchhealthstore.com\/de\/#\/schema\/logo\/image\/\",\"url\":\"https:\/\/dutchhealthstore.com\/wp-content\/uploads\/2020\/08\/logo-dutchhealthstore-jpg-e1599484957574.jpg\",\"contentUrl\":\"https:\/\/dutchhealthstore.com\/wp-content\/uploads\/2020\/08\/logo-dutchhealthstore-jpg-e1599484957574.jpg\",\"width\":400,\"height\":62,\"caption\":\"Dutch Health Store\"},\"image\":{\"@id\":\"https:\/\/dutchhealthstore.com\/de\/#\/schema\/logo\/image\/\"},\"sameAs\":[\"https:\/\/www.instagram.com\/dutchhealthstore\/\",\"https:\/\/www.facebook.com\/dutchhealthstore\"]}]}<\/script>\n<meta property=\"product:brand\" content=\"Living Libations\" \/>\n<meta property=\"og:availability\" content=\"instock\" \/>\n<meta property=\"product:availability\" content=\"instock\" \/>\n<meta property=\"product:condition\" content=\"new\" \/>\n<!-- \/ Yoast SEO Premium plugin. -->","yoast_head_json":{"title":"Pumpkin Seed Carrier Oil | Living Libations","description":"Living Libations Pumpkin Seed carrier oil ist ein kaltgepresstes \u00d6l aus biologischen K\u00fcrbiskernen, das perfekt aufpolstert und sp\u00fcrbar n\u00e4hrt.","robots":{"index":"index","follow":"follow","max-snippet":"max-snippet:-1","max-image-preview":"max-image-preview:large","max-video-preview":"max-video-preview:-1"},"canonical":"https:\/\/dutchhealthstore.com\/de\/product\/pumpkin-seed-carrier-oil\/","og_locale":"de_DE","og_type":"article","og_title":"Pumpkin Seed Carrier Oil - Dutch Health Store","og_description":"Living Libations Pumpkin Seed carrier oil ist ein kaltgepresstes \u00d6l aus biologischen K\u00fcrbiskernen, das perfekt aufpolstert und sp\u00fcrbar n\u00e4hrt.","og_url":"https:\/\/dutchhealthstore.com\/de\/product\/pumpkin-seed-carrier-oil\/","og_site_name":"Dutch Health Store","article_publisher":"https:\/\/www.instagram.com\/dutchhealthstore\/","article_modified_time":"2025-10-28T10:07:51+00:00","og_image":[{"width":500,"height":499,"url":"https:\/\/dutchhealthstore.com\/wp-content\/uploads\/2018\/07\/Living-Libations-Pumpkin-Seed-Carrier-Oil-e1594892524969.png","type":"image\/jpeg"}],"twitter_card":"summary_large_image","twitter_misc":{"Verf\u00fcgbarkeit":"Auf Lager"},"schema":{"@context":"https:\/\/schema.org","@graph":[{"@type":"WebPage","@id":"https:\/\/dutchhealthstore.com\/de\/product\/pumpkin-seed-carrier-oil\/","url":"https:\/\/dutchhealthstore.com\/de\/product\/pumpkin-seed-carrier-oil\/","name":"Pumpkin Seed Carrier Oil | Living Libations","isPartOf":{"@id":"https:\/\/dutchhealthstore.com\/de\/#website"},"primaryImageOfPage":{"@id":"https:\/\/dutchhealthstore.com\/de\/product\/pumpkin-seed-carrier-oil\/#primaryimage"},"image":{"@id":"https:\/\/dutchhealthstore.com\/de\/product\/pumpkin-seed-carrier-oil\/#primaryimage"},"thumbnailUrl":"https:\/\/dutchhealthstore.com\/wp-content\/uploads\/2018\/07\/Living-Libations-Pumpkin-Seed-Carrier-Oil-e1594892524969.png","datePublished":"2018-07-31T17:05:33+00:00","dateModified":"2025-10-28T10:07:51+00:00","description":"Living Libations Pumpkin Seed carrier oil ist ein kaltgepresstes \u00d6l aus biologischen K\u00fcrbiskernen, das perfekt aufpolstert und sp\u00fcrbar n\u00e4hrt.","breadcrumb":{"@id":"https:\/\/dutchhealthstore.com\/de\/product\/pumpkin-seed-carrier-oil\/#breadcrumb"},"inLanguage":"de","potentialAction":[{"@type":"ReadAction","target":["https:\/\/dutchhealthstore.com\/de\/product\/pumpkin-seed-carrier-oil\/"]}]},{"@type":"ImageObject","inLanguage":"de","@id":"https:\/\/dutchhealthstore.com\/de\/product\/pumpkin-seed-carrier-oil\/#primaryimage","url":"https:\/\/dutchhealthstore.com\/wp-content\/uploads\/2018\/07\/Living-Libations-Pumpkin-Seed-Carrier-Oil-e1594892524969.png","contentUrl":"https:\/\/dutchhealthstore.com\/wp-content\/uploads\/2018\/07\/Living-Libations-Pumpkin-Seed-Carrier-Oil-e1594892524969.png","width":500,"height":499,"caption":"Living Libations Pumpkin Seed Carrier Oil"},{"@type":"BreadcrumbList","@id":"https:\/\/dutchhealthstore.com\/de\/product\/pumpkin-seed-carrier-oil\/#breadcrumb","itemListElement":[{"@type":"ListItem","position":1,"name":"Home","item":"https:\/\/dutchhealthstore.com\/de\/"},{"@type":"ListItem","position":2,"name":"Shop","item":"https:\/\/dutchhealthstore.com\/de\/shop-2\/"},{"@type":"ListItem","position":3,"name":"Pumpkin Seed Carrier Oil"}]},{"@type":"WebSite","@id":"https:\/\/dutchhealthstore.com\/de\/#website","url":"https:\/\/dutchhealthstore.com\/de\/","name":"Dutch Health Store","description":"Enhance Your Beauty with Organic &amp; Natural Skincare","publisher":{"@id":"https:\/\/dutchhealthstore.com\/de\/#organization"},"potentialAction":[{"@type":"SearchAction","target":{"@type":"EntryPoint","urlTemplate":"https:\/\/dutchhealthstore.com\/de\/?s={search_term_string}"},"query-input":{"@type":"PropertyValueSpecification","valueRequired":true,"valueName":"search_term_string"}}],"inLanguage":"de"},{"@type":"Organization","@id":"https:\/\/dutchhealthstore.com\/de\/#organization","name":"Dutch Health Store","url":"https:\/\/dutchhealthstore.com\/de\/","logo":{"@type":"ImageObject","inLanguage":"de","@id":"https:\/\/dutchhealthstore.com\/de\/#\/schema\/logo\/image\/","url":"https:\/\/dutchhealthstore.com\/wp-content\/uploads\/2020\/08\/logo-dutchhealthstore-jpg-e1599484957574.jpg","contentUrl":"https:\/\/dutchhealthstore.com\/wp-content\/uploads\/2020\/08\/logo-dutchhealthstore-jpg-e1599484957574.jpg","width":400,"height":62,"caption":"Dutch Health Store"},"image":{"@id":"https:\/\/dutchhealthstore.com\/de\/#\/schema\/logo\/image\/"},"sameAs":["https:\/\/www.instagram.com\/dutchhealthstore\/","https:\/\/www.facebook.com\/dutchhealthstore"]}]},"product_brand":"Living Libations","og_availability":"instock","product_availability":"instock","product_condition":"new"},"_links":{"self":[{"href":"https:\/\/dutchhealthstore.com\/de\/wp-json\/wp\/v2\/product\/122733","targetHints":{"allow":["GET"]}}],"collection":[{"href":"https:\/\/dutchhealthstore.com\/de\/wp-json\/wp\/v2\/product"}],"about":[{"href":"https:\/\/dutchhealthstore.com\/de\/wp-json\/wp\/v2\/types\/product"}],"replies":[{"embeddable":true,"href":"https:\/\/dutchhealthstore.com\/de\/wp-json\/wp\/v2\/comments?post=122733"}],"wp:featuredmedia":[{"embeddable":true,"href":"https:\/\/dutchhealthstore.com\/de\/wp-json\/wp\/v2\/media\/114031"}],"wp:attachment":[{"href":"https:\/\/dutchhealthstore.com\/de\/wp-json\/wp\/v2\/media?parent=122733"}],"wp:term":[{"taxonomy":"product_brand","embeddable":true,"href":"https:\/\/dutchhealthstore.com\/de\/wp-json\/wp\/v2\/product_brand?post=122733"},{"taxonomy":"product_cat","embeddable":true,"href":"https:\/\/dutchhealthstore.com\/de\/wp-json\/wp\/v2\/product_cat?post=122733"},{"taxonomy":"product_tag","embeddable":true,"href":"https:\/\/dutchhealthstore.com\/de\/wp-json\/wp\/v2\/product_tag?post=122733"}],"curies":[{"name":"wp","href":"https:\/\/api.w.org\/{rel}","templated":true}]}}