{"id":122717,"date":"2018-10-14T20:19:50","date_gmt":"2018-10-14T18:19:50","guid":{"rendered":"https:\/\/dutchhealthstore.com\/product\/prickly-pear-carrier-oil\/"},"modified":"2026-03-31T14:04:21","modified_gmt":"2026-03-31T12:04:21","slug":"prickly-pear-carrier-oil","status":"publish","type":"product","link":"https:\/\/dutchhealthstore.com\/de\/product\/prickly-pear-carrier-oil\/","title":{"rendered":"Prickly Pear Carrier Oil"},"content":{"rendered":"<p><strong><img decoding=\"async\" class=\"size-full wp-image-69549 alignright\" src=\"https:\/\/dutchhealthstore.com\/wp-content\/uploads\/2019\/08\/NEW-Living-Libations-Logo.jpg\" alt=\"NEW - Living Libations - Logo\" width=\"175\" height=\"82\">Botanischer Name:<\/strong> Opuntia ficus indica<br \/>\n<strong>Botanische Familie:<\/strong> Opuntieae<br \/>\n<strong>Extraktionsverfahren:<\/strong> Kalt gepresst<br \/>\n<strong>Teil der Pflanze Destilliert:<\/strong> Saatgut<br \/>\n<strong>Herkunftsland:<\/strong> Marokko<br \/>\n<strong>Anbaumethode:<\/strong> Bio<br \/>\n<strong>Zusammensetzung:<\/strong> 100% Opuntia ficus indica<br \/>\n<strong>Konsistenz:<\/strong> Mittel<\/p>\n<h3>Beschreibung des Duftes<\/h3>\n<p>Mild<\/p>\n<h3>Gut mischbar mit<\/h3>\n<p>Lavendel, Neroli, Myrrhe, Weihrauch, Immortelle, Ylang, Palmarosa, Sandelholz, Bergamotte, S\u00fc\u00dfer Thymian, Myrte, Rose Otto, Zitrone und Zistrose.<\/p>\n<h3>Verwendet<\/h3>\n<p>Feuchtigkeitscreme. Serum f\u00fcr Narben und Kopfhaut. Inhaltsstoffe: Omega-6-Fetts\u00e4uren, Vitamine C und E, Flavonoide und andere starke fettl\u00f6sliche Antioxidantien.<\/p>\n<p>Man braucht eine Million Samen und eine mehrt\u00e4gige Kaltpressung, um 1 Liter (4 Tassen) dieses geruchsneutralen, sehr nachhaltigen \u00d6ls aus Marokko herzustellen. Reich an nat\u00fcrlichen Kaktusbestandteilen, lebenswichtigen Vitaminen C und E, Antioxidantien und sch\u00f6nen mehrfach unges\u00e4ttigten Fetts\u00e4uren, beruhigt Prickly Pear Carrier Oil trockene und gereizte Haut und macht Narben weicher. Sie vern\u00e4ht und beruhigt die Haut, die den Elementen zu sehr ausgesetzt war oder einfach nur die Jahre \u00fcberstanden hat. Sie ist so feuchtigkeitsspendend und erfrischend wie eine Oase in der W\u00fcste und zieht sanft ein, so dass die Haut weich und geschmeidig ist.<\/p>\n<p>Dieses luxuri\u00f6se \u00d6l ist praktisch parf\u00fcmfrei, was es zu einem idealen Produkt f\u00fcr besonders duftempfindliche Menschen und f\u00fcr Parf\u00fcmmixer macht, die lang anhaltende Duftw\u00e4sserchen f\u00fcr Haut und Haar kreieren m\u00f6chten.<\/p>\n<p><strong>Gr\u00f6\u00dfe: 15 ml und 30 ml<\/strong><\/p>\n<h3>Organic Ingredients<\/h3>\n<p>100% Kaktusfeigen\u00f6l (Opuntia ficus indica) Tr\u00e4ger\u00f6l.<\/p>\n<p>&nbsp;<\/p>\n<p><img fetchpriority=\"high\" decoding=\"async\" class=\"size-medium wp-image-68103 aligncenter\" src=\"https:\/\/dutchhealthstore.com\/wp-content\/uploads\/2018\/02\/Living-Libations-Organic-Logo-800x89.png\" alt=\"Living Libations - Organic Logo\" width=\"800\" height=\"89\" srcset=\"https:\/\/dutchhealthstore.com\/wp-content\/uploads\/2018\/02\/Living-Libations-Organic-Logo-800x89.png 800w, https:\/\/dutchhealthstore.com\/wp-content\/uploads\/2018\/02\/Living-Libations-Organic-Logo-510x57.png 510w, https:\/\/dutchhealthstore.com\/wp-content\/uploads\/2018\/02\/Living-Libations-Organic-Logo-768x85.png 768w, https:\/\/dutchhealthstore.com\/wp-content\/uploads\/2018\/02\/Living-Libations-Organic-Logo.png 1400w\" sizes=\"(max-width: 800px) 100vw, 800px\" \/><\/p>\n","protected":false},"excerpt":{"rendered":"<p>Das aufpolsternde und r\u00fcckfettende <strong>Prickly<\/strong> <strong>Pear<\/strong> <strong>Oil<\/strong>, auch bekannt als Barbary-Feigensamen\u00f6l, ist ein begehrtes Tr\u00e4ger\u00f6l, das tief aus der hei\u00dfen W\u00fcste stammt. Es wird seit Jahrhunderten von Berberfrauen und W\u00fcstenv\u00f6lkern verwendet, um ausgetrocknete Haut zu beruhigen, die durch raue W\u00fcstenwinde und eine unbarmherzige Sonne gesch\u00e4digt wurde. Dieses luxuri\u00f6se \u00d6l wird aus den Samen des Feigenkaktus kalt gepresst und ist n\u00e4hrend, feuchtigkeitsspendend und st\u00e4rkend f\u00fcr Haut, die eine Oase braucht.<\/p>\n","protected":false},"featured_media":114025,"comment_status":"open","ping_status":"closed","template":"","meta":[],"product_brand":[],"product_cat":[1508,6737,1493,1210,511,2022,6736],"product_tag":[8912,1547],"class_list":{"0":"post-122717","1":"product","2":"type-product","3":"status-publish","4":"has-post-thumbnail","6":"product_cat-aetherische-oele-living-libations","7":"product_cat-essential-oils-de-2","8":"product_cat-living-libations-deutschland","9":"product_cat-marken","10":"product_cat-produkte","11":"product_cat-tragerol","12":"product_cat-wellness-de","13":"product_tag-carrier-oil-de","14":"product_tag-essential-oil-de","15":"pa_brand-livinglibations-de","16":"pa_essential-oils-product-type-carrier-oils-de","17":"pa_essential-oils-product-type-essential-oils-de","18":"pa_size-15-ml-de-2","19":"pa_size-30-ml-de","21":"first","22":"outofstock","23":"taxable","24":"shipping-taxable","25":"purchasable","26":"product-type-variable"},"bundled_by":[],"bundle_stock_status":"outofstock","bundle_stock_quantity":null,"bundle_virtual":false,"bundle_layout":"","bundle_add_to_cart_form_location":"","bundle_editable_in_cart":false,"bundle_sold_individually_context":"","bundle_item_grouping":"","bundle_min_size":"","bundle_max_size":"","bundle_price":[],"bundled_items":[],"bundle_sell_ids":[],"atum_controlled":true,"out_stock_date":null,"out_stock_threshold":null,"inheritable":true,"stock_on_hold":0,"sold_today":0,"sales_last_days":0,"out_stock_days":0,"lost_sales":0,"update_date":"2026-04-18T00:06:27","atum_locations":[],"atum_stock_status":"outofstock","restock_status":false,"low_stock_amount":"","sales_update_date":"2026-04-18T00:06:27","calc_backorders":null,"group_of_quantity":0,"min_quantity":0,"max_quantity":"","exclude_order_quantity_value_rules":"no","exclude_category_quantity_rules":"no","combine_variations":"no","yoast_head":"<!-- This site is optimized with the Yoast SEO Premium plugin v26.5 (Yoast SEO v26.5) - https:\/\/yoast.com\/wordpress\/plugins\/seo\/ -->\n<title>Prickly Pear Carrier Oil | Living Libations<\/title>\n<meta name=\"description\" content=\"Das aufpolsternde und r\u00fcckfettende Prickly Pear Oil, auch bekannt als Barbary-Feigensamen\u00f6l, ist ein begehrtes Tr\u00e4ger\u00f6l, das tief aus der hei\u00dfen W\u00fcste stammt.\" \/>\n<meta name=\"robots\" content=\"index, follow, max-snippet:-1, max-image-preview:large, max-video-preview:-1\" \/>\n<link rel=\"canonical\" href=\"https:\/\/dutchhealthstore.com\/de\/product\/prickly-pear-carrier-oil\/\" \/>\n<meta property=\"og:locale\" content=\"de_DE\" \/>\n<meta property=\"og:type\" content=\"article\" \/>\n<meta property=\"og:title\" content=\"Prickly Pear Carrier Oil - Dutch Health Store\" \/>\n<meta property=\"og:description\" content=\"Das aufpolsternde und r\u00fcckfettende Prickly Pear Oil, auch bekannt als Barbary-Feigensamen\u00f6l, ist ein begehrtes Tr\u00e4ger\u00f6l, das tief aus der hei\u00dfen W\u00fcste stammt.\" \/>\n<meta property=\"og:url\" content=\"https:\/\/dutchhealthstore.com\/de\/product\/prickly-pear-carrier-oil\/\" \/>\n<meta property=\"og:site_name\" content=\"Dutch Health Store\" \/>\n<meta property=\"article:publisher\" content=\"https:\/\/www.instagram.com\/dutchhealthstore\/\" \/>\n<meta property=\"article:modified_time\" content=\"2026-03-31T12:04:21+00:00\" \/>\n<meta property=\"og:image\" content=\"https:\/\/dutchhealthstore.com\/wp-content\/uploads\/2018\/10\/Living-Libations-Prickly-pear-carrier-oil-e1594891759314.png\" \/>\n\t<meta property=\"og:image:width\" content=\"500\" \/>\n\t<meta property=\"og:image:height\" content=\"500\" \/>\n\t<meta property=\"og:image:type\" content=\"image\/jpeg\" \/>\n<meta name=\"twitter:card\" content=\"summary_large_image\" \/>\n<meta name=\"twitter:label1\" content=\"Verf\u00fcgbarkeit\" \/>\n\t<meta name=\"twitter:data1\" content=\"ausverkauft\" \/>\n<script type=\"application\/ld+json\" class=\"yoast-schema-graph\">{\"@context\":\"https:\/\/schema.org\",\"@graph\":[{\"@type\":\"WebPage\",\"@id\":\"https:\/\/dutchhealthstore.com\/de\/product\/prickly-pear-carrier-oil\/\",\"url\":\"https:\/\/dutchhealthstore.com\/de\/product\/prickly-pear-carrier-oil\/\",\"name\":\"Prickly Pear Carrier Oil | Living Libations\",\"isPartOf\":{\"@id\":\"https:\/\/dutchhealthstore.com\/de\/#website\"},\"primaryImageOfPage\":{\"@id\":\"https:\/\/dutchhealthstore.com\/de\/product\/prickly-pear-carrier-oil\/#primaryimage\"},\"image\":{\"@id\":\"https:\/\/dutchhealthstore.com\/de\/product\/prickly-pear-carrier-oil\/#primaryimage\"},\"thumbnailUrl\":\"https:\/\/dutchhealthstore.com\/wp-content\/uploads\/2018\/10\/Living-Libations-Prickly-pear-carrier-oil-e1594891759314.png\",\"datePublished\":\"2018-10-14T18:19:50+00:00\",\"dateModified\":\"2026-03-31T12:04:21+00:00\",\"description\":\"Das aufpolsternde und r\u00fcckfettende Prickly Pear Oil, auch bekannt als Barbary-Feigensamen\u00f6l, ist ein begehrtes Tr\u00e4ger\u00f6l, das tief aus der hei\u00dfen W\u00fcste stammt.\",\"breadcrumb\":{\"@id\":\"https:\/\/dutchhealthstore.com\/de\/product\/prickly-pear-carrier-oil\/#breadcrumb\"},\"inLanguage\":\"de\",\"potentialAction\":[{\"@type\":\"ReadAction\",\"target\":[\"https:\/\/dutchhealthstore.com\/de\/product\/prickly-pear-carrier-oil\/\"]}]},{\"@type\":\"ImageObject\",\"inLanguage\":\"de\",\"@id\":\"https:\/\/dutchhealthstore.com\/de\/product\/prickly-pear-carrier-oil\/#primaryimage\",\"url\":\"https:\/\/dutchhealthstore.com\/wp-content\/uploads\/2018\/10\/Living-Libations-Prickly-pear-carrier-oil-e1594891759314.png\",\"contentUrl\":\"https:\/\/dutchhealthstore.com\/wp-content\/uploads\/2018\/10\/Living-Libations-Prickly-pear-carrier-oil-e1594891759314.png\",\"width\":500,\"height\":500,\"caption\":\"Living Libations Prickly Pear Carrier Oil\"},{\"@type\":\"BreadcrumbList\",\"@id\":\"https:\/\/dutchhealthstore.com\/de\/product\/prickly-pear-carrier-oil\/#breadcrumb\",\"itemListElement\":[{\"@type\":\"ListItem\",\"position\":1,\"name\":\"Home\",\"item\":\"https:\/\/dutchhealthstore.com\/de\/\"},{\"@type\":\"ListItem\",\"position\":2,\"name\":\"Shop\",\"item\":\"https:\/\/dutchhealthstore.com\/de\/shop-2\/\"},{\"@type\":\"ListItem\",\"position\":3,\"name\":\"Prickly Pear Carrier Oil\"}]},{\"@type\":\"WebSite\",\"@id\":\"https:\/\/dutchhealthstore.com\/de\/#website\",\"url\":\"https:\/\/dutchhealthstore.com\/de\/\",\"name\":\"Dutch Health Store\",\"description\":\"Enhance Your Beauty with Organic &amp; Natural Skincare\",\"publisher\":{\"@id\":\"https:\/\/dutchhealthstore.com\/de\/#organization\"},\"potentialAction\":[{\"@type\":\"SearchAction\",\"target\":{\"@type\":\"EntryPoint\",\"urlTemplate\":\"https:\/\/dutchhealthstore.com\/de\/?s={search_term_string}\"},\"query-input\":{\"@type\":\"PropertyValueSpecification\",\"valueRequired\":true,\"valueName\":\"search_term_string\"}}],\"inLanguage\":\"de\"},{\"@type\":\"Organization\",\"@id\":\"https:\/\/dutchhealthstore.com\/de\/#organization\",\"name\":\"Dutch Health Store\",\"url\":\"https:\/\/dutchhealthstore.com\/de\/\",\"logo\":{\"@type\":\"ImageObject\",\"inLanguage\":\"de\",\"@id\":\"https:\/\/dutchhealthstore.com\/de\/#\/schema\/logo\/image\/\",\"url\":\"https:\/\/dutchhealthstore.com\/wp-content\/uploads\/2020\/08\/logo-dutchhealthstore-jpg-e1599484957574.jpg\",\"contentUrl\":\"https:\/\/dutchhealthstore.com\/wp-content\/uploads\/2020\/08\/logo-dutchhealthstore-jpg-e1599484957574.jpg\",\"width\":400,\"height\":62,\"caption\":\"Dutch Health Store\"},\"image\":{\"@id\":\"https:\/\/dutchhealthstore.com\/de\/#\/schema\/logo\/image\/\"},\"sameAs\":[\"https:\/\/www.instagram.com\/dutchhealthstore\/\",\"https:\/\/www.facebook.com\/dutchhealthstore\"]}]}<\/script>\n<meta property=\"product:brand\" content=\"Living Libations\" \/>\n<meta property=\"og:availability\" content=\"out of stock\" \/>\n<meta property=\"product:availability\" content=\"out of stock\" \/>\n<meta property=\"product:condition\" content=\"new\" \/>\n<!-- \/ Yoast SEO Premium plugin. -->","yoast_head_json":{"title":"Prickly Pear Carrier Oil | Living Libations","description":"Das aufpolsternde und r\u00fcckfettende Prickly Pear Oil, auch bekannt als Barbary-Feigensamen\u00f6l, ist ein begehrtes Tr\u00e4ger\u00f6l, das tief aus der hei\u00dfen W\u00fcste stammt.","robots":{"index":"index","follow":"follow","max-snippet":"max-snippet:-1","max-image-preview":"max-image-preview:large","max-video-preview":"max-video-preview:-1"},"canonical":"https:\/\/dutchhealthstore.com\/de\/product\/prickly-pear-carrier-oil\/","og_locale":"de_DE","og_type":"article","og_title":"Prickly Pear Carrier Oil - Dutch Health Store","og_description":"Das aufpolsternde und r\u00fcckfettende Prickly Pear Oil, auch bekannt als Barbary-Feigensamen\u00f6l, ist ein begehrtes Tr\u00e4ger\u00f6l, das tief aus der hei\u00dfen W\u00fcste stammt.","og_url":"https:\/\/dutchhealthstore.com\/de\/product\/prickly-pear-carrier-oil\/","og_site_name":"Dutch Health Store","article_publisher":"https:\/\/www.instagram.com\/dutchhealthstore\/","article_modified_time":"2026-03-31T12:04:21+00:00","og_image":[{"width":500,"height":500,"url":"https:\/\/dutchhealthstore.com\/wp-content\/uploads\/2018\/10\/Living-Libations-Prickly-pear-carrier-oil-e1594891759314.png","type":"image\/jpeg"}],"twitter_card":"summary_large_image","twitter_misc":{"Verf\u00fcgbarkeit":"ausverkauft"},"schema":{"@context":"https:\/\/schema.org","@graph":[{"@type":"WebPage","@id":"https:\/\/dutchhealthstore.com\/de\/product\/prickly-pear-carrier-oil\/","url":"https:\/\/dutchhealthstore.com\/de\/product\/prickly-pear-carrier-oil\/","name":"Prickly Pear Carrier Oil | Living Libations","isPartOf":{"@id":"https:\/\/dutchhealthstore.com\/de\/#website"},"primaryImageOfPage":{"@id":"https:\/\/dutchhealthstore.com\/de\/product\/prickly-pear-carrier-oil\/#primaryimage"},"image":{"@id":"https:\/\/dutchhealthstore.com\/de\/product\/prickly-pear-carrier-oil\/#primaryimage"},"thumbnailUrl":"https:\/\/dutchhealthstore.com\/wp-content\/uploads\/2018\/10\/Living-Libations-Prickly-pear-carrier-oil-e1594891759314.png","datePublished":"2018-10-14T18:19:50+00:00","dateModified":"2026-03-31T12:04:21+00:00","description":"Das aufpolsternde und r\u00fcckfettende Prickly Pear Oil, auch bekannt als Barbary-Feigensamen\u00f6l, ist ein begehrtes Tr\u00e4ger\u00f6l, das tief aus der hei\u00dfen W\u00fcste stammt.","breadcrumb":{"@id":"https:\/\/dutchhealthstore.com\/de\/product\/prickly-pear-carrier-oil\/#breadcrumb"},"inLanguage":"de","potentialAction":[{"@type":"ReadAction","target":["https:\/\/dutchhealthstore.com\/de\/product\/prickly-pear-carrier-oil\/"]}]},{"@type":"ImageObject","inLanguage":"de","@id":"https:\/\/dutchhealthstore.com\/de\/product\/prickly-pear-carrier-oil\/#primaryimage","url":"https:\/\/dutchhealthstore.com\/wp-content\/uploads\/2018\/10\/Living-Libations-Prickly-pear-carrier-oil-e1594891759314.png","contentUrl":"https:\/\/dutchhealthstore.com\/wp-content\/uploads\/2018\/10\/Living-Libations-Prickly-pear-carrier-oil-e1594891759314.png","width":500,"height":500,"caption":"Living Libations Prickly Pear Carrier Oil"},{"@type":"BreadcrumbList","@id":"https:\/\/dutchhealthstore.com\/de\/product\/prickly-pear-carrier-oil\/#breadcrumb","itemListElement":[{"@type":"ListItem","position":1,"name":"Home","item":"https:\/\/dutchhealthstore.com\/de\/"},{"@type":"ListItem","position":2,"name":"Shop","item":"https:\/\/dutchhealthstore.com\/de\/shop-2\/"},{"@type":"ListItem","position":3,"name":"Prickly Pear Carrier Oil"}]},{"@type":"WebSite","@id":"https:\/\/dutchhealthstore.com\/de\/#website","url":"https:\/\/dutchhealthstore.com\/de\/","name":"Dutch Health Store","description":"Enhance Your Beauty with Organic &amp; Natural Skincare","publisher":{"@id":"https:\/\/dutchhealthstore.com\/de\/#organization"},"potentialAction":[{"@type":"SearchAction","target":{"@type":"EntryPoint","urlTemplate":"https:\/\/dutchhealthstore.com\/de\/?s={search_term_string}"},"query-input":{"@type":"PropertyValueSpecification","valueRequired":true,"valueName":"search_term_string"}}],"inLanguage":"de"},{"@type":"Organization","@id":"https:\/\/dutchhealthstore.com\/de\/#organization","name":"Dutch Health Store","url":"https:\/\/dutchhealthstore.com\/de\/","logo":{"@type":"ImageObject","inLanguage":"de","@id":"https:\/\/dutchhealthstore.com\/de\/#\/schema\/logo\/image\/","url":"https:\/\/dutchhealthstore.com\/wp-content\/uploads\/2020\/08\/logo-dutchhealthstore-jpg-e1599484957574.jpg","contentUrl":"https:\/\/dutchhealthstore.com\/wp-content\/uploads\/2020\/08\/logo-dutchhealthstore-jpg-e1599484957574.jpg","width":400,"height":62,"caption":"Dutch Health Store"},"image":{"@id":"https:\/\/dutchhealthstore.com\/de\/#\/schema\/logo\/image\/"},"sameAs":["https:\/\/www.instagram.com\/dutchhealthstore\/","https:\/\/www.facebook.com\/dutchhealthstore"]}]},"product_brand":"Living Libations","og_availability":"out of stock","product_availability":"out of stock","product_condition":"new"},"_links":{"self":[{"href":"https:\/\/dutchhealthstore.com\/de\/wp-json\/wp\/v2\/product\/122717","targetHints":{"allow":["GET"]}}],"collection":[{"href":"https:\/\/dutchhealthstore.com\/de\/wp-json\/wp\/v2\/product"}],"about":[{"href":"https:\/\/dutchhealthstore.com\/de\/wp-json\/wp\/v2\/types\/product"}],"replies":[{"embeddable":true,"href":"https:\/\/dutchhealthstore.com\/de\/wp-json\/wp\/v2\/comments?post=122717"}],"wp:featuredmedia":[{"embeddable":true,"href":"https:\/\/dutchhealthstore.com\/de\/wp-json\/wp\/v2\/media\/114025"}],"wp:attachment":[{"href":"https:\/\/dutchhealthstore.com\/de\/wp-json\/wp\/v2\/media?parent=122717"}],"wp:term":[{"taxonomy":"product_brand","embeddable":true,"href":"https:\/\/dutchhealthstore.com\/de\/wp-json\/wp\/v2\/product_brand?post=122717"},{"taxonomy":"product_cat","embeddable":true,"href":"https:\/\/dutchhealthstore.com\/de\/wp-json\/wp\/v2\/product_cat?post=122717"},{"taxonomy":"product_tag","embeddable":true,"href":"https:\/\/dutchhealthstore.com\/de\/wp-json\/wp\/v2\/product_tag?post=122717"}],"curies":[{"name":"wp","href":"https:\/\/api.w.org\/{rel}","templated":true}]}}