{"id":122701,"date":"2020-07-07T13:51:53","date_gmt":"2020-07-07T11:51:53","guid":{"rendered":"https:\/\/dutchhealthstore.com\/product\/poplar-bud-absolute\/"},"modified":"2025-09-23T15:28:46","modified_gmt":"2025-09-23T13:28:46","slug":"poplar-bud-absolute","status":"publish","type":"product","link":"https:\/\/dutchhealthstore.com\/de\/product\/poplar-bud-absolute\/","title":{"rendered":"Poplar Bud Absolute"},"content":{"rendered":"<p><strong><img decoding=\"async\" class=\"size-full wp-image-69549 alignright\" src=\"https:\/\/dutchhealthstore.com\/wp-content\/uploads\/2019\/08\/NEW-Living-Libations-Logo.jpg\" alt=\"NEW - Living Libations - Logo\" width=\"175\" height=\"82\">Botanischer Name:<\/strong> Populus nigra<br \/>\n<strong>Botanische Familie:<\/strong> Salicaceae<br \/>\n<strong>Extraktionsverfahren:<\/strong> Absolute<br \/>\n<strong>Teil der Pflanze Destilliert:<\/strong> Knospen<br \/>\n<strong>Herkunftsland:<\/strong> Frankreich<br \/>\n<strong>Anbaumethode:<\/strong> Wildwachsend<br \/>\n<strong>Zusammensetzung:<\/strong> 50% Populus nigra + 50% biologisch-biodynamischer Alkohol<br \/>\n<strong>Konsistenz:<\/strong> Dickfl\u00fcssig, aber mit dem Alkohol gie\u00dfbar.<\/p>\n<h3>Beschreibung des Duftes<\/h3>\n<p>S\u00fc\u00df und w\u00fcrzig, reichhaltig und balsamisch, mit einem komplexen Bouquet von Leder, Vanille, Honig, Aprikosen, Bernstein und frisch gem\u00e4htem Heu.<\/p>\n<h3>Gut mischbar mit<\/h3>\n<p>Jasmin, Majoran, Lavendel, Heu, Vanille, Tuberose, Palmarosa, Wei\u00dftanne, Vetiver, Patchouli, Sandelholz, Limette, Zitrone, Palo Santo, Orriswurzel und Zimt.<\/p>\n<a href=\"https:\/\/dutchhealthstore.com\/wp-content\/uploads\/2020\/07\/ANALYSIS-Poplar-Bud-Absolute-Living-Libations-3.pdf\" class=\"button primary is-primary is-small\"  >\n\t\t<span>ANALYSE DER \u00c4THERISCHEN \u00d6LE &gt;<\/span>\n\t<\/a>\n\n<h3>Verwendet<\/h3>\n<p>Dieses dichte Absolue ist am besten in verd\u00fcnnter Form zu erleben; abgef\u00fcllt in 50%igem Bio-Alkohol ist es bereit f\u00fcr die Verwendung in exquisiten Parf\u00fcms, fesselnden K\u00f6lnisch Wasser und Aromatherapie-Mischungen.<\/p>\n<h3>Inhaltsstoffe<\/h3>\n<p>Enth\u00e4lt Salicin, ein Wiegenlied f\u00fcr die Haut.<\/p>\n<p>Pappelknospen produzieren von Natur aus eine klebrige Substanz namens Salicin. Bei der Destillation wird diese Substanz in das \u00d6l eingebracht. In der Antike wurden die Pappelknospen in hei\u00dfem Wasser aufgegossen, um einen entspannenden Tee zuzubereiten, und in \u00d6l eingeweicht, um einen beruhigenden Balsam herzustellen.<\/p>\n<p>Der Duft von Poplar Bud Absolute, seine Komplexit\u00e4t und Z\u00e4higkeit machen ihn zu einer vielseitigen Wahl f\u00fcr Mischungen. Er kann als subtile Basisnote, als Mittelnote oder als Fixativ verwendet werden. Der w\u00fcrzige, balsamische Charakter der Pappelknospe macht diese Essenz perfekt f\u00fcr Blumen- und Balsamico-Bouquets, Wald- und Gr\u00e4serparf\u00fcms oder zum Hinzuf\u00fcgen von subtilen Frucht- und Ledernuancen zu jeder Mischung.<\/p>\n<p>Spirituell gesehen wird das Poplar Bud Absolute mit der Freiheit des wilden Windes assoziiert, denn auf diese Weise werden die Pappelsamen verbreitet. Diese wilde, windige Essenz verleiht diesem \u00d6l ewige Freiheit und die Sehnsucht, durch offene Ebenen zu streifen und f\u00fcr immer in tiefen W\u00e4ldern zu rascheln.<\/p>\n<p><strong>Gr\u00f6\u00dfe: 5 ml<\/strong><\/p>\n<h3>Bio-Zutaten<\/h3>\n<p>50 % Populus nigra + 50 % biologischer, biodynamischer Alkohol.<\/p>\n<p style=\"text-align: center;\"><em>&#8222;Die Sonne schien warm, das Gras, wo immer es nicht weggekratzt worden war, lebte auf und wurde gr\u00fcn, nicht nur auf den schmalen Rasenstreifen auf den Boulevards, sondern auch zwischen den Pflastersteinen, und die Birken, die Pappeln und die wilden Kirschb\u00e4ume entfalteten ihre klebrigen, duftenden Bl\u00e4tter, und die schwellenden Knospen platzten an den Lindenb\u00e4umen.&#8220;<\/em><br \/>\n~ Leo Tolstoy, <strong>Resurrection<\/strong><\/p>\n<p style=\"text-align: center;\"><em>&#8222;Ich flehe &#8211; gibt es &#8211; gibt es Balsam in Gilead?&#8220;<\/em><br \/>\n~ Edgar Allen Poe, <strong>The Raven<\/strong><\/p>\n<p><img fetchpriority=\"high\" decoding=\"async\" class=\"size-medium wp-image-68103 aligncenter\" src=\"https:\/\/dutchhealthstore.com\/wp-content\/uploads\/2018\/02\/Living-Libations-Organic-Logo-800x89.png\" alt=\"Living Libations - Organic Logo\" width=\"800\" height=\"89\" srcset=\"https:\/\/dutchhealthstore.com\/wp-content\/uploads\/2018\/02\/Living-Libations-Organic-Logo-800x89.png 800w, https:\/\/dutchhealthstore.com\/wp-content\/uploads\/2018\/02\/Living-Libations-Organic-Logo-510x57.png 510w, https:\/\/dutchhealthstore.com\/wp-content\/uploads\/2018\/02\/Living-Libations-Organic-Logo-768x85.png 768w, https:\/\/dutchhealthstore.com\/wp-content\/uploads\/2018\/02\/Living-Libations-Organic-Logo.png 1400w\" sizes=\"(max-width: 800px) 100vw, 800px\" \/><\/p>\n","protected":false},"excerpt":{"rendered":"<p>Angenehmes <strong>Poplar Bud Absolute<\/strong> ist ein Prinzip der Naturparf\u00fcmerie.<br \/>\nGefangen aus den harzigen Bl\u00fcten der Pappel.<br \/>\nDie Knospen, die auch als Balsam von Gilead bekannt sind, werden seit biblischen Zeiten verwendet, um Verspannungen zu l\u00f6sen und die Muskeln zu massieren.<br \/>\nDie Knospen der Pappel verstr\u00f6men einen karamellartigen, bernsteinfarbenen Duft, der das Herz erw\u00e4rmt und die Sinne erfreut.<br \/>\nIn der Naturparf\u00fcmerie wird dieses aromatische Absolue als s\u00fc\u00dfe, balsamische, honigartige Mittelnote in Blumen- und Amberstr\u00e4u\u00dfen verwendet.<\/p>\n","protected":false},"featured_media":111914,"comment_status":"open","ping_status":"closed","template":"","meta":[],"product_brand":[],"product_cat":[1508,1546,6737,1493,1210,6736],"product_tag":[1547],"class_list":{"0":"post-122701","1":"product","2":"type-product","3":"status-publish","4":"has-post-thumbnail","6":"product_cat-aetherische-oele-living-libations","7":"product_cat-essential-oils-living-libations-de","8":"product_cat-essential-oils-de-2","9":"product_cat-living-libations-deutschland","10":"product_cat-marken","11":"product_cat-wellness-de","12":"product_tag-essential-oil-de","13":"pa_brand-livinglibations-de","14":"pa_essential-oils-product-type-essential-oils-de","15":"pa_size-5-ml-de","17":"first","18":"instock","19":"taxable","20":"shipping-taxable","21":"purchasable","22":"product-type-simple"},"bundled_by":[],"bundle_stock_status":"instock","bundle_stock_quantity":3,"bundle_virtual":false,"bundle_layout":"","bundle_add_to_cart_form_location":"","bundle_editable_in_cart":false,"bundle_sold_individually_context":"","bundle_item_grouping":"","bundle_min_size":"","bundle_max_size":"","bundle_price":[],"bundled_items":[],"bundle_sell_ids":[],"atum_controlled":true,"out_stock_date":null,"out_stock_threshold":null,"inheritable":false,"stock_on_hold":2,"sold_today":0,"sales_last_days":0,"out_stock_days":0,"lost_sales":0,"update_date":"2026-04-17T11:16:36","atum_locations":[],"atum_stock_status":"instock","restock_status":false,"low_stock_amount":"","sales_update_date":"2026-04-17T11:16:36","calc_backorders":null,"group_of_quantity":0,"min_quantity":0,"max_quantity":"","exclude_order_quantity_value_rules":"no","exclude_category_quantity_rules":"no","combine_variations":"no","yoast_head":"<!-- This site is optimized with the Yoast SEO Premium plugin v26.5 (Yoast SEO v26.5) - https:\/\/yoast.com\/wordpress\/plugins\/seo\/ -->\n<title>Poplar Bud Absolute | Living Libations<\/title>\n<meta name=\"description\" content=\"Die Knospen, die auch als Balsam von Gilead bekannt sind, werden seit biblischen Zeiten verwendet, um Verspannungen zu l\u00f6sen und die Muskeln zu massieren.\" \/>\n<meta name=\"robots\" content=\"index, follow, max-snippet:-1, max-image-preview:large, max-video-preview:-1\" \/>\n<link rel=\"canonical\" href=\"https:\/\/dutchhealthstore.com\/de\/product\/poplar-bud-absolute\/\" \/>\n<meta property=\"og:locale\" content=\"de_DE\" \/>\n<meta property=\"og:type\" content=\"article\" \/>\n<meta property=\"og:title\" content=\"Poplar Bud Absolute - Dutch Health Store\" \/>\n<meta property=\"og:description\" content=\"Die Knospen, die auch als Balsam von Gilead bekannt sind, werden seit biblischen Zeiten verwendet, um Verspannungen zu l\u00f6sen und die Muskeln zu massieren.\" \/>\n<meta property=\"og:url\" content=\"https:\/\/dutchhealthstore.com\/de\/product\/poplar-bud-absolute\/\" \/>\n<meta property=\"og:site_name\" content=\"Dutch Health Store\" \/>\n<meta property=\"article:publisher\" content=\"https:\/\/www.instagram.com\/dutchhealthstore\/\" \/>\n<meta property=\"article:modified_time\" content=\"2025-09-23T13:28:46+00:00\" \/>\n<meta property=\"og:image\" content=\"https:\/\/dutchhealthstore.com\/wp-content\/uploads\/2020\/07\/Living-Libations-Popluar-Bud-Absolute-e1594129187797.jpg\" \/>\n\t<meta property=\"og:image:width\" content=\"500\" \/>\n\t<meta property=\"og:image:height\" content=\"500\" \/>\n\t<meta property=\"og:image:type\" content=\"image\/jpeg\" \/>\n<meta name=\"twitter:card\" content=\"summary_large_image\" \/>\n<meta name=\"twitter:label1\" content=\"Preis\" \/>\n\t<meta name=\"twitter:data1\" content=\"&euro;25,00\" \/>\n\t<meta name=\"twitter:label2\" content=\"Verf\u00fcgbarkeit\" \/>\n\t<meta name=\"twitter:data2\" content=\"Auf Lager\" \/>\n<script type=\"application\/ld+json\" class=\"yoast-schema-graph\">{\"@context\":\"https:\/\/schema.org\",\"@graph\":[{\"@type\":\"WebPage\",\"@id\":\"https:\/\/dutchhealthstore.com\/de\/product\/poplar-bud-absolute\/\",\"url\":\"https:\/\/dutchhealthstore.com\/de\/product\/poplar-bud-absolute\/\",\"name\":\"Poplar Bud Absolute | Living Libations\",\"isPartOf\":{\"@id\":\"https:\/\/dutchhealthstore.com\/de\/#website\"},\"primaryImageOfPage\":{\"@id\":\"https:\/\/dutchhealthstore.com\/de\/product\/poplar-bud-absolute\/#primaryimage\"},\"image\":{\"@id\":\"https:\/\/dutchhealthstore.com\/de\/product\/poplar-bud-absolute\/#primaryimage\"},\"thumbnailUrl\":\"https:\/\/dutchhealthstore.com\/wp-content\/uploads\/2020\/07\/Living-Libations-Popluar-Bud-Absolute-e1594129187797.jpg\",\"datePublished\":\"2020-07-07T11:51:53+00:00\",\"dateModified\":\"2025-09-23T13:28:46+00:00\",\"description\":\"Die Knospen, die auch als Balsam von Gilead bekannt sind, werden seit biblischen Zeiten verwendet, um Verspannungen zu l\u00f6sen und die Muskeln zu massieren.\",\"breadcrumb\":{\"@id\":\"https:\/\/dutchhealthstore.com\/de\/product\/poplar-bud-absolute\/#breadcrumb\"},\"inLanguage\":\"de\",\"potentialAction\":[{\"@type\":\"ReadAction\",\"target\":[\"https:\/\/dutchhealthstore.com\/de\/product\/poplar-bud-absolute\/\"]}]},{\"@type\":\"ImageObject\",\"inLanguage\":\"de\",\"@id\":\"https:\/\/dutchhealthstore.com\/de\/product\/poplar-bud-absolute\/#primaryimage\",\"url\":\"https:\/\/dutchhealthstore.com\/wp-content\/uploads\/2020\/07\/Living-Libations-Popluar-Bud-Absolute-e1594129187797.jpg\",\"contentUrl\":\"https:\/\/dutchhealthstore.com\/wp-content\/uploads\/2020\/07\/Living-Libations-Popluar-Bud-Absolute-e1594129187797.jpg\",\"width\":500,\"height\":500,\"caption\":\"Living Libations Popluar Bud Absolute\"},{\"@type\":\"BreadcrumbList\",\"@id\":\"https:\/\/dutchhealthstore.com\/de\/product\/poplar-bud-absolute\/#breadcrumb\",\"itemListElement\":[{\"@type\":\"ListItem\",\"position\":1,\"name\":\"Home\",\"item\":\"https:\/\/dutchhealthstore.com\/de\/\"},{\"@type\":\"ListItem\",\"position\":2,\"name\":\"Shop\",\"item\":\"https:\/\/dutchhealthstore.com\/de\/shop-2\/\"},{\"@type\":\"ListItem\",\"position\":3,\"name\":\"Poplar Bud Absolute\"}]},{\"@type\":\"WebSite\",\"@id\":\"https:\/\/dutchhealthstore.com\/de\/#website\",\"url\":\"https:\/\/dutchhealthstore.com\/de\/\",\"name\":\"Dutch Health Store\",\"description\":\"Enhance Your Beauty with Organic &amp; Natural Skincare\",\"publisher\":{\"@id\":\"https:\/\/dutchhealthstore.com\/de\/#organization\"},\"potentialAction\":[{\"@type\":\"SearchAction\",\"target\":{\"@type\":\"EntryPoint\",\"urlTemplate\":\"https:\/\/dutchhealthstore.com\/de\/?s={search_term_string}\"},\"query-input\":{\"@type\":\"PropertyValueSpecification\",\"valueRequired\":true,\"valueName\":\"search_term_string\"}}],\"inLanguage\":\"de\"},{\"@type\":\"Organization\",\"@id\":\"https:\/\/dutchhealthstore.com\/de\/#organization\",\"name\":\"Dutch Health Store\",\"url\":\"https:\/\/dutchhealthstore.com\/de\/\",\"logo\":{\"@type\":\"ImageObject\",\"inLanguage\":\"de\",\"@id\":\"https:\/\/dutchhealthstore.com\/de\/#\/schema\/logo\/image\/\",\"url\":\"https:\/\/dutchhealthstore.com\/wp-content\/uploads\/2020\/08\/logo-dutchhealthstore-jpg-e1599484957574.jpg\",\"contentUrl\":\"https:\/\/dutchhealthstore.com\/wp-content\/uploads\/2020\/08\/logo-dutchhealthstore-jpg-e1599484957574.jpg\",\"width\":400,\"height\":62,\"caption\":\"Dutch Health Store\"},\"image\":{\"@id\":\"https:\/\/dutchhealthstore.com\/de\/#\/schema\/logo\/image\/\"},\"sameAs\":[\"https:\/\/www.instagram.com\/dutchhealthstore\/\",\"https:\/\/www.facebook.com\/dutchhealthstore\"]}]}<\/script>\n<meta property=\"product:brand\" content=\"Living Libations\" \/>\n<meta property=\"product:price:amount\" content=\"25.00\" \/>\n<meta property=\"product:price:currency\" content=\"EUR\" \/>\n<meta property=\"og:availability\" content=\"instock\" \/>\n<meta property=\"product:availability\" content=\"instock\" \/>\n<meta property=\"product:condition\" content=\"new\" \/>\n<!-- \/ Yoast SEO Premium plugin. -->","yoast_head_json":{"title":"Poplar Bud Absolute | Living Libations","description":"Die Knospen, die auch als Balsam von Gilead bekannt sind, werden seit biblischen Zeiten verwendet, um Verspannungen zu l\u00f6sen und die Muskeln zu massieren.","robots":{"index":"index","follow":"follow","max-snippet":"max-snippet:-1","max-image-preview":"max-image-preview:large","max-video-preview":"max-video-preview:-1"},"canonical":"https:\/\/dutchhealthstore.com\/de\/product\/poplar-bud-absolute\/","og_locale":"de_DE","og_type":"article","og_title":"Poplar Bud Absolute - Dutch Health Store","og_description":"Die Knospen, die auch als Balsam von Gilead bekannt sind, werden seit biblischen Zeiten verwendet, um Verspannungen zu l\u00f6sen und die Muskeln zu massieren.","og_url":"https:\/\/dutchhealthstore.com\/de\/product\/poplar-bud-absolute\/","og_site_name":"Dutch Health Store","article_publisher":"https:\/\/www.instagram.com\/dutchhealthstore\/","article_modified_time":"2025-09-23T13:28:46+00:00","og_image":[{"width":500,"height":500,"url":"https:\/\/dutchhealthstore.com\/wp-content\/uploads\/2020\/07\/Living-Libations-Popluar-Bud-Absolute-e1594129187797.jpg","type":"image\/jpeg"}],"twitter_card":"summary_large_image","twitter_misc":{"Preis":"&euro;25,00","Verf\u00fcgbarkeit":"Auf Lager"},"schema":{"@context":"https:\/\/schema.org","@graph":[{"@type":"WebPage","@id":"https:\/\/dutchhealthstore.com\/de\/product\/poplar-bud-absolute\/","url":"https:\/\/dutchhealthstore.com\/de\/product\/poplar-bud-absolute\/","name":"Poplar Bud Absolute | Living Libations","isPartOf":{"@id":"https:\/\/dutchhealthstore.com\/de\/#website"},"primaryImageOfPage":{"@id":"https:\/\/dutchhealthstore.com\/de\/product\/poplar-bud-absolute\/#primaryimage"},"image":{"@id":"https:\/\/dutchhealthstore.com\/de\/product\/poplar-bud-absolute\/#primaryimage"},"thumbnailUrl":"https:\/\/dutchhealthstore.com\/wp-content\/uploads\/2020\/07\/Living-Libations-Popluar-Bud-Absolute-e1594129187797.jpg","datePublished":"2020-07-07T11:51:53+00:00","dateModified":"2025-09-23T13:28:46+00:00","description":"Die Knospen, die auch als Balsam von Gilead bekannt sind, werden seit biblischen Zeiten verwendet, um Verspannungen zu l\u00f6sen und die Muskeln zu massieren.","breadcrumb":{"@id":"https:\/\/dutchhealthstore.com\/de\/product\/poplar-bud-absolute\/#breadcrumb"},"inLanguage":"de","potentialAction":[{"@type":"ReadAction","target":["https:\/\/dutchhealthstore.com\/de\/product\/poplar-bud-absolute\/"]}]},{"@type":"ImageObject","inLanguage":"de","@id":"https:\/\/dutchhealthstore.com\/de\/product\/poplar-bud-absolute\/#primaryimage","url":"https:\/\/dutchhealthstore.com\/wp-content\/uploads\/2020\/07\/Living-Libations-Popluar-Bud-Absolute-e1594129187797.jpg","contentUrl":"https:\/\/dutchhealthstore.com\/wp-content\/uploads\/2020\/07\/Living-Libations-Popluar-Bud-Absolute-e1594129187797.jpg","width":500,"height":500,"caption":"Living Libations Popluar Bud Absolute"},{"@type":"BreadcrumbList","@id":"https:\/\/dutchhealthstore.com\/de\/product\/poplar-bud-absolute\/#breadcrumb","itemListElement":[{"@type":"ListItem","position":1,"name":"Home","item":"https:\/\/dutchhealthstore.com\/de\/"},{"@type":"ListItem","position":2,"name":"Shop","item":"https:\/\/dutchhealthstore.com\/de\/shop-2\/"},{"@type":"ListItem","position":3,"name":"Poplar Bud Absolute"}]},{"@type":"WebSite","@id":"https:\/\/dutchhealthstore.com\/de\/#website","url":"https:\/\/dutchhealthstore.com\/de\/","name":"Dutch Health Store","description":"Enhance Your Beauty with Organic &amp; Natural Skincare","publisher":{"@id":"https:\/\/dutchhealthstore.com\/de\/#organization"},"potentialAction":[{"@type":"SearchAction","target":{"@type":"EntryPoint","urlTemplate":"https:\/\/dutchhealthstore.com\/de\/?s={search_term_string}"},"query-input":{"@type":"PropertyValueSpecification","valueRequired":true,"valueName":"search_term_string"}}],"inLanguage":"de"},{"@type":"Organization","@id":"https:\/\/dutchhealthstore.com\/de\/#organization","name":"Dutch Health Store","url":"https:\/\/dutchhealthstore.com\/de\/","logo":{"@type":"ImageObject","inLanguage":"de","@id":"https:\/\/dutchhealthstore.com\/de\/#\/schema\/logo\/image\/","url":"https:\/\/dutchhealthstore.com\/wp-content\/uploads\/2020\/08\/logo-dutchhealthstore-jpg-e1599484957574.jpg","contentUrl":"https:\/\/dutchhealthstore.com\/wp-content\/uploads\/2020\/08\/logo-dutchhealthstore-jpg-e1599484957574.jpg","width":400,"height":62,"caption":"Dutch Health Store"},"image":{"@id":"https:\/\/dutchhealthstore.com\/de\/#\/schema\/logo\/image\/"},"sameAs":["https:\/\/www.instagram.com\/dutchhealthstore\/","https:\/\/www.facebook.com\/dutchhealthstore"]}]},"product_brand":"Living Libations","product_price_amount":"25.00","product_price_currency":"EUR","og_availability":"instock","product_availability":"instock","product_condition":"new"},"_links":{"self":[{"href":"https:\/\/dutchhealthstore.com\/de\/wp-json\/wp\/v2\/product\/122701","targetHints":{"allow":["GET"]}}],"collection":[{"href":"https:\/\/dutchhealthstore.com\/de\/wp-json\/wp\/v2\/product"}],"about":[{"href":"https:\/\/dutchhealthstore.com\/de\/wp-json\/wp\/v2\/types\/product"}],"replies":[{"embeddable":true,"href":"https:\/\/dutchhealthstore.com\/de\/wp-json\/wp\/v2\/comments?post=122701"}],"wp:featuredmedia":[{"embeddable":true,"href":"https:\/\/dutchhealthstore.com\/de\/wp-json\/wp\/v2\/media\/111914"}],"wp:attachment":[{"href":"https:\/\/dutchhealthstore.com\/de\/wp-json\/wp\/v2\/media?parent=122701"}],"wp:term":[{"taxonomy":"product_brand","embeddable":true,"href":"https:\/\/dutchhealthstore.com\/de\/wp-json\/wp\/v2\/product_brand?post=122701"},{"taxonomy":"product_cat","embeddable":true,"href":"https:\/\/dutchhealthstore.com\/de\/wp-json\/wp\/v2\/product_cat?post=122701"},{"taxonomy":"product_tag","embeddable":true,"href":"https:\/\/dutchhealthstore.com\/de\/wp-json\/wp\/v2\/product_tag?post=122701"}],"curies":[{"name":"wp","href":"https:\/\/api.w.org\/{rel}","templated":true}]}}