{"id":122655,"date":"2018-02-10T20:55:11","date_gmt":"2018-02-10T19:55:11","guid":{"rendered":"https:\/\/dutchhealthstore.com\/product\/pomegranate-lavender\/"},"modified":"2023-01-26T10:19:04","modified_gmt":"2023-01-26T10:19:04","slug":"pomegranate-lavender","status":"publish","type":"product","link":"https:\/\/dutchhealthstore.com\/de\/product\/pomegranate-lavender\/","title":{"rendered":"Pomegranate Carrier Oil"},"content":{"rendered":"<p><img decoding=\"async\" class=\"size-full wp-image-37041 alignright\" src=\"https:\/\/dutchhealthstore.com\/wp-content\/uploads\/2018\/04\/Living_Libations-1.png\" alt=\"Organic &amp; Natural Beautyproducts - Living Libations\" width=\"175\" height=\"82\"><\/p>\n<p><strong>Botanischer Name:<\/strong> Punica granatum<br \/>\n<strong>Botanische Familie:<\/strong> Lythraceae<br \/>\n<strong>Extraktionsverfahren:<\/strong> CO2<br \/>\n<strong>Teil der Pflanze Destilliert:<\/strong> Saatgut<br \/>\n<strong>Herkunftsland:<\/strong> T\u00fcrkei<br \/>\n<strong>Anbaumethode:<\/strong> Bio<br \/>\n<strong>Zusammensetzung:<\/strong> 95% Punica granatum + 5% Lavandula angustifolia<br \/>\n<strong>Konsistenz:<\/strong> Mittel<\/p>\n<h3>Beschreibung des Duftes<\/h3>\n<p>Die \u00fcberraschende Subtilit\u00e4t von Beeren mit fernen Ankl\u00e4ngen von Bitterschokolade und Lavendel.<\/p>\n<h3>Gut mischbar mit<\/h3>\n<p>Lavendel, Weihrauch, Rose Otto, Grapefruit, Ylang, Schafgarbe, Blauer Rainfarn, Kamille, Sanddornbeere, Bergamotte, Strohblume und Zypresse.<\/p>\n<a href=\"https:\/\/dutchhealthstore.com\/wp-content\/uploads\/2018\/02\/ANALYSIS-Pomegranate-Carrier-Oil-Living-Libations.pdf\" class=\"button primary is-primary is-small\"  >\n\t\t<span>PRODUKTANALYSE &gt;<\/span>\n\t<\/a>\n\n<h3>Verwendet<\/h3>\n<p>Sehr feuchtigkeitsspendend; ideal f\u00fcr trockene, ger\u00f6tete Haut. Super saftig f\u00fcr Hautseren, um das Erscheinungsbild von Narben und ungleichm\u00e4\u00dfigem Hautton zu reduzieren. Inhaltsstoffe: Enth\u00e4lt Pflanzensterine, Punicins\u00e4ure, Ellags\u00e4ure, Tocopherole und Squalen.<\/p>\n<p>Pomegranate Carrier Oil ist eine superkritische Extraktion aus den Samen einer der fruchtbarsten Fr\u00fcchte der Natur und enth\u00e4lt eine F\u00fclle von pflanzlichen Eigenschaften. Es wird mit einem Hauch von \u00e4therischem Lavendel\u00f6l kombiniert, um seine Stabilit\u00e4t und seine F\u00e4higkeit, von der Haut sanft aufgenommen zu werden, weiter zu verbessern.<\/p>\n<p><strong>Gr\u00f6\u00dfe: 15 ml und 30 ml<\/strong><\/p>\n<h3>Bio-Zutaten<\/h3>\n<p>95% Punica granatum und 5% Lavandula angustifolia<\/p>\n<p style=\"text-align: center;\"><em>&#8222;Granatapfel gl\u00fchte auf ihren Lippen und der Mittagshimmel in ihren Augen. Ihr Gesicht zu ber\u00fchren war die immer wieder neue Erfahrung, an einem fr\u00fchen Dezembermorgen das Fenster zu \u00f6ffnen und die Hand nach dem ersten wei\u00dfen, k\u00fchlen Pulverschnee auszustrecken, der leise und ohne Ank\u00fcndigung in der Nacht gekommen war.&#8220;<\/em><br \/>\n~ Ray Bradbury, <strong>Dandelion Wine<\/strong><\/p>\n<p><b><img fetchpriority=\"high\" decoding=\"async\" class=\"size-full wp-image-31577 aligncenter\" src=\"https:\/\/dutchhealthstore.com\/wp-content\/uploads\/2018\/03\/organic_big.png\" alt=\"Organic and Natural - Living Libations\" width=\"623\" height=\"103\" srcset=\"https:\/\/dutchhealthstore.com\/wp-content\/uploads\/2018\/03\/organic_big.png 623w, https:\/\/dutchhealthstore.com\/wp-content\/uploads\/2018\/03\/organic_big-510x84.png 510w, https:\/\/dutchhealthstore.com\/wp-content\/uploads\/2018\/03\/organic_big-600x99.png 600w, https:\/\/dutchhealthstore.com\/wp-content\/uploads\/2018\/03\/organic_big-350x58.png 350w\" sizes=\"(max-width: 623px) 100vw, 623px\" \/> <\/b><\/p>\n","protected":false},"excerpt":{"rendered":"<p>Das preisgekr\u00f6nte <strong>Pomegranate Oil<\/strong> ist vollgepackt mit wertvollen N\u00e4hrstoffen und Fetts\u00e4uren, die sich regenerierend auf die Gesichtshaut auswirken.<br \/>\nPomegranate oil ist ein ausgepr\u00e4gter Feuchtigkeitsspender, und wenn es zu Hautpflegemischungen hinzugef\u00fcgt wird, gl\u00e4ttet es die Haut, beruhigt sie und sorgt f\u00fcr einen ebenm\u00e4\u00dfigen Hautton und ein strahlendes Aussehen.<br \/>\nEs wird mit einem Hauch von \u00e4therischem Lavendel\u00f6l kombiniert, um Stabilit\u00e4t und Frische zu bewahren.<\/p>\n","protected":false},"featured_media":114019,"comment_status":"open","ping_status":"closed","template":"","meta":[],"product_brand":[],"product_cat":[6737,1508,1493,1210,511,2022,6736],"product_tag":[8912,1547],"class_list":{"0":"post-122655","1":"product","2":"type-product","3":"status-publish","4":"has-post-thumbnail","6":"product_cat-essential-oils-de-2","7":"product_cat-aetherische-oele-living-libations","8":"product_cat-living-libations-deutschland","9":"product_cat-marken","10":"product_cat-produkte","11":"product_cat-tragerol","12":"product_cat-wellness-de","13":"product_tag-carrier-oil-de","14":"product_tag-essential-oil-de","15":"pa_brand-livinglibations-de","16":"pa_essential-oils-product-type-carrier-oils-de","17":"pa_essential-oils-product-type-essential-oils-de","18":"pa_size-15-ml-de-2","19":"pa_size-30-ml-de","21":"first","22":"instock","23":"taxable","24":"shipping-taxable","25":"purchasable","26":"product-type-variable"},"bundled_by":[],"bundle_stock_status":"instock","bundle_stock_quantity":null,"bundle_virtual":false,"bundle_layout":"","bundle_add_to_cart_form_location":"","bundle_editable_in_cart":false,"bundle_sold_individually_context":"","bundle_item_grouping":"","bundle_min_size":"","bundle_max_size":"","bundle_price":[],"bundled_items":[],"bundle_sell_ids":[],"atum_controlled":true,"out_stock_date":null,"out_stock_threshold":null,"inheritable":true,"stock_on_hold":0,"sold_today":0,"sales_last_days":0,"out_stock_days":0,"lost_sales":0,"update_date":"2026-04-13T00:03:38","atum_locations":[],"atum_stock_status":"instock","restock_status":false,"low_stock_amount":"","sales_update_date":"2026-04-13T00:03:37","calc_backorders":null,"group_of_quantity":0,"min_quantity":0,"max_quantity":"","exclude_order_quantity_value_rules":"no","exclude_category_quantity_rules":"no","combine_variations":"no","yoast_head":"<!-- This site is optimized with the Yoast SEO Premium plugin v26.5 (Yoast SEO v26.5) - https:\/\/yoast.com\/wordpress\/plugins\/seo\/ -->\n<title>Pomegranate Carrier Oil | Living Libations<\/title>\n<meta name=\"description\" content=\"Pomegranate oil ist ein ausgepr\u00e4gter Feuchtigkeitsspender, und wenn es zu Hautpflegemischungen hinzugef\u00fcgt wird, gl\u00e4ttet es die Haut, beruhigt sie und sorgt f\u00fcr einen ebenm\u00e4\u00dfigen Hautton und ein strahlendes Aussehen.\" \/>\n<meta name=\"robots\" content=\"index, follow, max-snippet:-1, max-image-preview:large, max-video-preview:-1\" \/>\n<link rel=\"canonical\" href=\"https:\/\/dutchhealthstore.com\/de\/product\/pomegranate-lavender\/\" \/>\n<meta property=\"og:locale\" content=\"de_DE\" \/>\n<meta property=\"og:type\" content=\"article\" \/>\n<meta property=\"og:title\" content=\"Pomegranate Carrier Oil - Dutch Health Store\" \/>\n<meta property=\"og:description\" content=\"Pomegranate oil ist ein ausgepr\u00e4gter Feuchtigkeitsspender, und wenn es zu Hautpflegemischungen hinzugef\u00fcgt wird, gl\u00e4ttet es die Haut, beruhigt sie und sorgt f\u00fcr einen ebenm\u00e4\u00dfigen Hautton und ein strahlendes Aussehen.\" \/>\n<meta property=\"og:url\" content=\"https:\/\/dutchhealthstore.com\/de\/product\/pomegranate-lavender\/\" \/>\n<meta property=\"og:site_name\" content=\"Dutch Health Store\" \/>\n<meta property=\"article:publisher\" content=\"https:\/\/www.instagram.com\/dutchhealthstore\/\" \/>\n<meta property=\"article:modified_time\" content=\"2023-01-26T10:19:04+00:00\" \/>\n<meta property=\"og:image\" content=\"https:\/\/dutchhealthstore.com\/wp-content\/uploads\/2018\/02\/Living-Libations-Pomegranate-Carrier-Oil-e1594890831391.jpg\" \/>\n\t<meta property=\"og:image:width\" content=\"500\" \/>\n\t<meta property=\"og:image:height\" content=\"500\" \/>\n\t<meta property=\"og:image:type\" content=\"image\/jpeg\" \/>\n<meta name=\"twitter:card\" content=\"summary_large_image\" \/>\n<meta name=\"twitter:label1\" content=\"Verf\u00fcgbarkeit\" \/>\n\t<meta name=\"twitter:data1\" content=\"Auf Lager\" \/>\n<script type=\"application\/ld+json\" class=\"yoast-schema-graph\">{\"@context\":\"https:\/\/schema.org\",\"@graph\":[{\"@type\":\"WebPage\",\"@id\":\"https:\/\/dutchhealthstore.com\/de\/product\/pomegranate-lavender\/\",\"url\":\"https:\/\/dutchhealthstore.com\/de\/product\/pomegranate-lavender\/\",\"name\":\"Pomegranate Carrier Oil | Living Libations\",\"isPartOf\":{\"@id\":\"https:\/\/dutchhealthstore.com\/de\/#website\"},\"primaryImageOfPage\":{\"@id\":\"https:\/\/dutchhealthstore.com\/de\/product\/pomegranate-lavender\/#primaryimage\"},\"image\":{\"@id\":\"https:\/\/dutchhealthstore.com\/de\/product\/pomegranate-lavender\/#primaryimage\"},\"thumbnailUrl\":\"https:\/\/dutchhealthstore.com\/wp-content\/uploads\/2018\/02\/Living-Libations-Pomegranate-Carrier-Oil-e1594890831391.jpg\",\"datePublished\":\"2018-02-10T19:55:11+00:00\",\"dateModified\":\"2023-01-26T10:19:04+00:00\",\"description\":\"Pomegranate oil ist ein ausgepr\u00e4gter Feuchtigkeitsspender, und wenn es zu Hautpflegemischungen hinzugef\u00fcgt wird, gl\u00e4ttet es die Haut, beruhigt sie und sorgt f\u00fcr einen ebenm\u00e4\u00dfigen Hautton und ein strahlendes Aussehen.\",\"breadcrumb\":{\"@id\":\"https:\/\/dutchhealthstore.com\/de\/product\/pomegranate-lavender\/#breadcrumb\"},\"inLanguage\":\"de\",\"potentialAction\":[{\"@type\":\"ReadAction\",\"target\":[\"https:\/\/dutchhealthstore.com\/de\/product\/pomegranate-lavender\/\"]}]},{\"@type\":\"ImageObject\",\"inLanguage\":\"de\",\"@id\":\"https:\/\/dutchhealthstore.com\/de\/product\/pomegranate-lavender\/#primaryimage\",\"url\":\"https:\/\/dutchhealthstore.com\/wp-content\/uploads\/2018\/02\/Living-Libations-Pomegranate-Carrier-Oil-e1594890831391.jpg\",\"contentUrl\":\"https:\/\/dutchhealthstore.com\/wp-content\/uploads\/2018\/02\/Living-Libations-Pomegranate-Carrier-Oil-e1594890831391.jpg\",\"width\":500,\"height\":500,\"caption\":\"Living Libations Pomegranate Carrier Oil\"},{\"@type\":\"BreadcrumbList\",\"@id\":\"https:\/\/dutchhealthstore.com\/de\/product\/pomegranate-lavender\/#breadcrumb\",\"itemListElement\":[{\"@type\":\"ListItem\",\"position\":1,\"name\":\"Home\",\"item\":\"https:\/\/dutchhealthstore.com\/de\/\"},{\"@type\":\"ListItem\",\"position\":2,\"name\":\"Shop\",\"item\":\"https:\/\/dutchhealthstore.com\/de\/shop-2\/\"},{\"@type\":\"ListItem\",\"position\":3,\"name\":\"Pomegranate Carrier Oil\"}]},{\"@type\":\"WebSite\",\"@id\":\"https:\/\/dutchhealthstore.com\/de\/#website\",\"url\":\"https:\/\/dutchhealthstore.com\/de\/\",\"name\":\"Dutch Health Store\",\"description\":\"Enhance Your Beauty with Organic &amp; Natural Skincare\",\"publisher\":{\"@id\":\"https:\/\/dutchhealthstore.com\/de\/#organization\"},\"potentialAction\":[{\"@type\":\"SearchAction\",\"target\":{\"@type\":\"EntryPoint\",\"urlTemplate\":\"https:\/\/dutchhealthstore.com\/de\/?s={search_term_string}\"},\"query-input\":{\"@type\":\"PropertyValueSpecification\",\"valueRequired\":true,\"valueName\":\"search_term_string\"}}],\"inLanguage\":\"de\"},{\"@type\":\"Organization\",\"@id\":\"https:\/\/dutchhealthstore.com\/de\/#organization\",\"name\":\"Dutch Health Store\",\"url\":\"https:\/\/dutchhealthstore.com\/de\/\",\"logo\":{\"@type\":\"ImageObject\",\"inLanguage\":\"de\",\"@id\":\"https:\/\/dutchhealthstore.com\/de\/#\/schema\/logo\/image\/\",\"url\":\"https:\/\/dutchhealthstore.com\/wp-content\/uploads\/2020\/08\/logo-dutchhealthstore-jpg-e1599484957574.jpg\",\"contentUrl\":\"https:\/\/dutchhealthstore.com\/wp-content\/uploads\/2020\/08\/logo-dutchhealthstore-jpg-e1599484957574.jpg\",\"width\":400,\"height\":62,\"caption\":\"Dutch Health Store\"},\"image\":{\"@id\":\"https:\/\/dutchhealthstore.com\/de\/#\/schema\/logo\/image\/\"},\"sameAs\":[\"https:\/\/www.instagram.com\/dutchhealthstore\/\",\"https:\/\/www.facebook.com\/dutchhealthstore\"]}]}<\/script>\n<meta property=\"product:brand\" content=\"Living Libations\" \/>\n<meta property=\"og:availability\" content=\"instock\" \/>\n<meta property=\"product:availability\" content=\"instock\" \/>\n<meta property=\"product:condition\" content=\"new\" \/>\n<!-- \/ Yoast SEO Premium plugin. -->","yoast_head_json":{"title":"Pomegranate Carrier Oil | Living Libations","description":"Pomegranate oil ist ein ausgepr\u00e4gter Feuchtigkeitsspender, und wenn es zu Hautpflegemischungen hinzugef\u00fcgt wird, gl\u00e4ttet es die Haut, beruhigt sie und sorgt f\u00fcr einen ebenm\u00e4\u00dfigen Hautton und ein strahlendes Aussehen.","robots":{"index":"index","follow":"follow","max-snippet":"max-snippet:-1","max-image-preview":"max-image-preview:large","max-video-preview":"max-video-preview:-1"},"canonical":"https:\/\/dutchhealthstore.com\/de\/product\/pomegranate-lavender\/","og_locale":"de_DE","og_type":"article","og_title":"Pomegranate Carrier Oil - Dutch Health Store","og_description":"Pomegranate oil ist ein ausgepr\u00e4gter Feuchtigkeitsspender, und wenn es zu Hautpflegemischungen hinzugef\u00fcgt wird, gl\u00e4ttet es die Haut, beruhigt sie und sorgt f\u00fcr einen ebenm\u00e4\u00dfigen Hautton und ein strahlendes Aussehen.","og_url":"https:\/\/dutchhealthstore.com\/de\/product\/pomegranate-lavender\/","og_site_name":"Dutch Health Store","article_publisher":"https:\/\/www.instagram.com\/dutchhealthstore\/","article_modified_time":"2023-01-26T10:19:04+00:00","og_image":[{"width":500,"height":500,"url":"https:\/\/dutchhealthstore.com\/wp-content\/uploads\/2018\/02\/Living-Libations-Pomegranate-Carrier-Oil-e1594890831391.jpg","type":"image\/jpeg"}],"twitter_card":"summary_large_image","twitter_misc":{"Verf\u00fcgbarkeit":"Auf Lager"},"schema":{"@context":"https:\/\/schema.org","@graph":[{"@type":"WebPage","@id":"https:\/\/dutchhealthstore.com\/de\/product\/pomegranate-lavender\/","url":"https:\/\/dutchhealthstore.com\/de\/product\/pomegranate-lavender\/","name":"Pomegranate Carrier Oil | Living Libations","isPartOf":{"@id":"https:\/\/dutchhealthstore.com\/de\/#website"},"primaryImageOfPage":{"@id":"https:\/\/dutchhealthstore.com\/de\/product\/pomegranate-lavender\/#primaryimage"},"image":{"@id":"https:\/\/dutchhealthstore.com\/de\/product\/pomegranate-lavender\/#primaryimage"},"thumbnailUrl":"https:\/\/dutchhealthstore.com\/wp-content\/uploads\/2018\/02\/Living-Libations-Pomegranate-Carrier-Oil-e1594890831391.jpg","datePublished":"2018-02-10T19:55:11+00:00","dateModified":"2023-01-26T10:19:04+00:00","description":"Pomegranate oil ist ein ausgepr\u00e4gter Feuchtigkeitsspender, und wenn es zu Hautpflegemischungen hinzugef\u00fcgt wird, gl\u00e4ttet es die Haut, beruhigt sie und sorgt f\u00fcr einen ebenm\u00e4\u00dfigen Hautton und ein strahlendes Aussehen.","breadcrumb":{"@id":"https:\/\/dutchhealthstore.com\/de\/product\/pomegranate-lavender\/#breadcrumb"},"inLanguage":"de","potentialAction":[{"@type":"ReadAction","target":["https:\/\/dutchhealthstore.com\/de\/product\/pomegranate-lavender\/"]}]},{"@type":"ImageObject","inLanguage":"de","@id":"https:\/\/dutchhealthstore.com\/de\/product\/pomegranate-lavender\/#primaryimage","url":"https:\/\/dutchhealthstore.com\/wp-content\/uploads\/2018\/02\/Living-Libations-Pomegranate-Carrier-Oil-e1594890831391.jpg","contentUrl":"https:\/\/dutchhealthstore.com\/wp-content\/uploads\/2018\/02\/Living-Libations-Pomegranate-Carrier-Oil-e1594890831391.jpg","width":500,"height":500,"caption":"Living Libations Pomegranate Carrier Oil"},{"@type":"BreadcrumbList","@id":"https:\/\/dutchhealthstore.com\/de\/product\/pomegranate-lavender\/#breadcrumb","itemListElement":[{"@type":"ListItem","position":1,"name":"Home","item":"https:\/\/dutchhealthstore.com\/de\/"},{"@type":"ListItem","position":2,"name":"Shop","item":"https:\/\/dutchhealthstore.com\/de\/shop-2\/"},{"@type":"ListItem","position":3,"name":"Pomegranate Carrier Oil"}]},{"@type":"WebSite","@id":"https:\/\/dutchhealthstore.com\/de\/#website","url":"https:\/\/dutchhealthstore.com\/de\/","name":"Dutch Health Store","description":"Enhance Your Beauty with Organic &amp; Natural Skincare","publisher":{"@id":"https:\/\/dutchhealthstore.com\/de\/#organization"},"potentialAction":[{"@type":"SearchAction","target":{"@type":"EntryPoint","urlTemplate":"https:\/\/dutchhealthstore.com\/de\/?s={search_term_string}"},"query-input":{"@type":"PropertyValueSpecification","valueRequired":true,"valueName":"search_term_string"}}],"inLanguage":"de"},{"@type":"Organization","@id":"https:\/\/dutchhealthstore.com\/de\/#organization","name":"Dutch Health Store","url":"https:\/\/dutchhealthstore.com\/de\/","logo":{"@type":"ImageObject","inLanguage":"de","@id":"https:\/\/dutchhealthstore.com\/de\/#\/schema\/logo\/image\/","url":"https:\/\/dutchhealthstore.com\/wp-content\/uploads\/2020\/08\/logo-dutchhealthstore-jpg-e1599484957574.jpg","contentUrl":"https:\/\/dutchhealthstore.com\/wp-content\/uploads\/2020\/08\/logo-dutchhealthstore-jpg-e1599484957574.jpg","width":400,"height":62,"caption":"Dutch Health Store"},"image":{"@id":"https:\/\/dutchhealthstore.com\/de\/#\/schema\/logo\/image\/"},"sameAs":["https:\/\/www.instagram.com\/dutchhealthstore\/","https:\/\/www.facebook.com\/dutchhealthstore"]}]},"product_brand":"Living Libations","og_availability":"instock","product_availability":"instock","product_condition":"new"},"_links":{"self":[{"href":"https:\/\/dutchhealthstore.com\/de\/wp-json\/wp\/v2\/product\/122655","targetHints":{"allow":["GET"]}}],"collection":[{"href":"https:\/\/dutchhealthstore.com\/de\/wp-json\/wp\/v2\/product"}],"about":[{"href":"https:\/\/dutchhealthstore.com\/de\/wp-json\/wp\/v2\/types\/product"}],"replies":[{"embeddable":true,"href":"https:\/\/dutchhealthstore.com\/de\/wp-json\/wp\/v2\/comments?post=122655"}],"wp:featuredmedia":[{"embeddable":true,"href":"https:\/\/dutchhealthstore.com\/de\/wp-json\/wp\/v2\/media\/114019"}],"wp:attachment":[{"href":"https:\/\/dutchhealthstore.com\/de\/wp-json\/wp\/v2\/media?parent=122655"}],"wp:term":[{"taxonomy":"product_brand","embeddable":true,"href":"https:\/\/dutchhealthstore.com\/de\/wp-json\/wp\/v2\/product_brand?post=122655"},{"taxonomy":"product_cat","embeddable":true,"href":"https:\/\/dutchhealthstore.com\/de\/wp-json\/wp\/v2\/product_cat?post=122655"},{"taxonomy":"product_tag","embeddable":true,"href":"https:\/\/dutchhealthstore.com\/de\/wp-json\/wp\/v2\/product_tag?post=122655"}],"curies":[{"name":"wp","href":"https:\/\/api.w.org\/{rel}","templated":true}]}}