{"id":122596,"date":"2018-02-10T20:18:17","date_gmt":"2018-02-10T19:18:17","guid":{"rendered":"https:\/\/dutchhealthstore.com\/product\/pine-grand-white-essential-oil\/"},"modified":"2026-03-23T10:30:21","modified_gmt":"2026-03-23T09:30:21","slug":"pine-grand-white-essential-oil","status":"publish","type":"product","link":"https:\/\/dutchhealthstore.com\/de\/product\/pine-grand-white-essential-oil\/","title":{"rendered":"Pine, Grand White Essential Oil"},"content":{"rendered":"<p><img decoding=\"async\" class=\"size-full wp-image-69549 alignright\" src=\"https:\/\/dutchhealthstore.com\/wp-content\/uploads\/2019\/08\/NEW-Living-Libations-Logo.jpg\" alt=\"NEW - Living Libations - Logo\" width=\"175\" height=\"82\"><strong>Botanischer Name:<\/strong> Pinus strobus<br \/>\n<strong>Botanische Familie:<\/strong> Pinaceae<br \/>\n<strong>Extraktionsverfahren:<\/strong> Dampfdestilliert<br \/>\n<strong>Teil der Pflanze Destilliert:<\/strong> Nadeln<br \/>\n<strong>Herkunftsland:<\/strong> Kanada<br \/>\n<strong>Anbaumethode:<\/strong> Wild geerntet<br \/>\n<strong>Zusammensetzung:<\/strong> 100% Pinus strobus<br \/>\n<strong>Konsistenz:<\/strong> D\u00fcnne Viskosit\u00e4t<\/p>\n<h3>Beschreibung des Duftes<\/h3>\n<p>Gefrorenes Immergr\u00fcn mit einem Hauch von holzigem, balsamischem Harz.<\/p>\n<h3>Gut mischbar mit<\/h3>\n<p>Zypresse, Wacholder, Weihrauch, Zitrone, Bergamotte, Oregano, Rose Otto, Spikenard, Gr\u00f6nlandmoos, Mutterkraut, Pfefferminze und Lavendel.<\/p>\n<a href=\"https:\/\/dutchhealthstore.com\/wp-content\/uploads\/2018\/02\/ANALYSIS-Pine-Grand-White-Essential-Oil-Living-Libations.pdf\" class=\"button primary is-primary is-small\"  >\n\t\t<span>ANALYSE DER \u00c4THERISCHEN \u00d6LE &gt;<\/span>\n\t<\/a>\n\n<h3>Verwendet<\/h3>\n<p>Hervorragend geeignet f\u00fcr Diffusoren, Salzpfeifen und Mischungen f\u00fcr die Hausreinigung. Kann in Massage\u00f6le und K\u00f6lnischwasser gemischt werden. Gro\u00dfartig in der Haarpflege, um trockene Hautschuppen zu entfernen. Gleicht den Talg in Sch\u00f6nheitsbalsamen aus. Sch\u00f6n auf die Brust, unter die Nase und auf die Stirn gesalbt f\u00fcr achtsame Meditationen.<\/p>\n<p>Diese Kiefer des gro\u00dfen wei\u00dfen Nordens bev\u00f6lkert stolz die kanadischen W\u00e4lder. Unser \u00d6l wird liebevoll aus den unber\u00fchrten, silbergr\u00fcnen Nadeln dieses uralten Baumes gewonnen, der \u00fcber 400 Jahre alt werden kann. Die amerikanischen Ureinwohner der Irokesen, Ojibwa und Chippewa nutzten die Kiefer f\u00fcr eine Vielzahl von Zwecken, darunter Tees aus den Nadeln und die weiche innere Rinde als Nahrung in den kalten Wintermonaten.<\/p>\n<p>Die \u00fcberragende Essenz der Kiefer sch\u00f6pft aus der Kraft der jahrhundertelangen Nutzung durch Menschen, die in Harmonie mit der sie umgebenden Natur lebten. Wenn Sie unser Grand White Pine Essential Oil einatmen, verbinden Sie sich auf der tiefsten Ebene mit der jahrhundertealten Weisheit des Baumes, seiner erholsamen Unterst\u00fctzung und seiner Perfektion in der Gegenwart. Von den amerikanischen Ureinwohnern als &#8222;Baum des Friedens&#8220; verehrt, weitet dieses n\u00e4hrende \u00d6l die Brust, w\u00e4hrend Sie den frischen Duft des belebenden Immergr\u00fcns einatmen.<\/p>\n<p><strong>Gr\u00f6\u00dfe: 5 ml<\/strong><\/p>\n<h3>Bio-Zutaten<\/h3>\n<p>\u00c4therisches \u00d6l der Wei\u00dfkiefer (Pinus strobus), 100%.<\/p>\n<p style=\"text-align: center;\">&#8222;Wie sch\u00f6n ist es, den ganzen Tag in der feinen Brise zu liegen, w\u00e4hrend die Tannennadeln auf einen fallen, um dann abends so hungrig ins Hotel zur\u00fcckzukehren, dass das Abendessen, so gem\u00fctlich es auch sein mag, ein Fest ist und die Speisekarte eine feinere Lekt\u00fcre als die beste Poesie der Welt!&#8220;<br \/>\n~ Will Cather, <strong>1956<\/strong><\/p>\n<p style=\"text-align: center;\"><em>&#8222;Kiefernnadeln werden manchmal verwendet, um harzige Mittelnoten in maskulinen D\u00fcften zu verleihen, gew\u00f6hnlich vom Typ aromatischer Foug\u00e8re&#8220;.<\/em><br \/>\n~ Jennifer Peace Rhind, <strong>Fragrance and Wellbeing<\/strong><\/p>\n<p style=\"text-align: center;\"><em>&#8222;Der hohe Gehalt an Monoterpenkohlenwasserstoffen ist charakteristisch f\u00fcr Nadel\u00f6le&#8220;.<\/em><br \/>\n~ Kurt Schnaubelt, <strong>Advanced Aromatherapy<\/strong><\/p>\n<p style=\"text-align: center;\"><em>&#8222;Dar\u00fcber hinaus ruft der Duft der Kiefer bei vielen Menschen das Bild einer nat\u00fcrlichen Wildnis mit endlosen W\u00e4ldern hervor und ruft damit ein offenes, weites Gef\u00fchl hervor. Das macht es zu einem n\u00fctzlichen \u00d6l bei stressbedingten Beschwerden, besonders wenn sie von Ersch\u00f6pfung und st\u00e4ndiger M\u00fcdigkeit begleitet werden&#8230;&#8220;<\/em><br \/>\n~ Julia Lawless, <strong>Aromatherapy and the Mind<\/strong><\/p>\n<p style=\"text-align: center;\"><em>&#8222;Die Kiefern sehen die Menschheit kommen und gehen, w\u00e4hrend sie weiterleben, unter ihnen, atmen wir ihren kraftvollen Duft ein, der durch unseren Geist schie\u00dft und in einer inneren Explosion des Verst\u00e4ndnisses endet.&#8220;<\/em><br \/>\n~ Valerie Ann Worwood, <strong>Aromatherapy for the Soul<\/strong><\/p>\n<p><img fetchpriority=\"high\" decoding=\"async\" class=\"size-medium wp-image-68103 aligncenter\" src=\"https:\/\/dutchhealthstore.com\/wp-content\/uploads\/2018\/02\/Living-Libations-Organic-Logo-800x89.png\" alt=\"Living Libations - Organic Logo\" width=\"800\" height=\"89\" srcset=\"https:\/\/dutchhealthstore.com\/wp-content\/uploads\/2018\/02\/Living-Libations-Organic-Logo-800x89.png 800w, https:\/\/dutchhealthstore.com\/wp-content\/uploads\/2018\/02\/Living-Libations-Organic-Logo-510x57.png 510w, https:\/\/dutchhealthstore.com\/wp-content\/uploads\/2018\/02\/Living-Libations-Organic-Logo-768x85.png 768w, https:\/\/dutchhealthstore.com\/wp-content\/uploads\/2018\/02\/Living-Libations-Organic-Logo.png 1400w\" sizes=\"(max-width: 800px) 100vw, 800px\" \/><\/p>\n","protected":false},"excerpt":{"rendered":"<p><strong>Echtes Grand White Pine Essential Oil<\/strong> wird aus den Nadeln kanadischer B\u00e4ume in Wildsammlung gewonnen.<br \/>\nDer frische, stechend friedliche Duft der Kiefer eignet sich hervorragend f\u00fcr reinigende B\u00e4der, kr\u00e4ftige Massage\u00f6le, Hausreinigungsmittel und Sch\u00f6nheitsbalsame.<br \/>\nDer scharfe Duft der Kiefer belebt die Sinne und mildert schwere Gedanken.<\/p>\n","protected":false},"featured_media":49209,"comment_status":"open","ping_status":"closed","template":"","meta":[],"product_brand":[],"product_cat":[1508,1546,6737,1493,1210,511,6736],"product_tag":[1547],"class_list":{"0":"post-122596","1":"product","2":"type-product","3":"status-publish","4":"has-post-thumbnail","6":"product_cat-aetherische-oele-living-libations","7":"product_cat-essential-oils-living-libations-de","8":"product_cat-essential-oils-de-2","9":"product_cat-living-libations-deutschland","10":"product_cat-marken","11":"product_cat-produkte","12":"product_cat-wellness-de","13":"product_tag-essential-oil-de","14":"pa_brand-livinglibations-de","15":"pa_essential-oils-product-type-essential-oils-de","16":"pa_size-5-ml-de","17":"pa_size-30-ml-de","19":"first","20":"instock","21":"taxable","22":"shipping-taxable","23":"purchasable","24":"product-type-variable"},"bundled_by":[],"bundle_stock_status":"instock","bundle_stock_quantity":null,"bundle_virtual":false,"bundle_layout":"","bundle_add_to_cart_form_location":"","bundle_editable_in_cart":false,"bundle_sold_individually_context":"","bundle_item_grouping":"","bundle_min_size":"","bundle_max_size":"","bundle_price":[],"bundled_items":[],"bundle_sell_ids":[],"atum_controlled":true,"out_stock_date":null,"out_stock_threshold":null,"inheritable":true,"stock_on_hold":0,"sold_today":0,"sales_last_days":0,"out_stock_days":0,"lost_sales":0,"update_date":"2026-04-10T00:01:37","atum_locations":[],"atum_stock_status":"instock","restock_status":false,"low_stock_amount":"","sales_update_date":"2026-04-10T00:01:37","calc_backorders":null,"group_of_quantity":0,"min_quantity":0,"max_quantity":"","exclude_order_quantity_value_rules":"no","exclude_category_quantity_rules":"no","combine_variations":"no","yoast_head":"<!-- This site is optimized with the Yoast SEO Premium plugin v26.5 (Yoast SEO v26.5) - https:\/\/yoast.com\/wordpress\/plugins\/seo\/ -->\n<title>Pine, Grand White Essential Oil | Living Libations<\/title>\n<meta name=\"description\" content=\"Der frische, stechend friedliche Duft der Kiefer eignet sich hervorragend f\u00fcr reinigende B\u00e4der, kr\u00e4ftige Massage\u00f6le, Hausreinigungsmittel und Sch\u00f6nheitsbalsame.\" \/>\n<meta name=\"robots\" content=\"index, follow, max-snippet:-1, max-image-preview:large, max-video-preview:-1\" \/>\n<link rel=\"canonical\" href=\"https:\/\/dutchhealthstore.com\/de\/product\/pine-grand-white-essential-oil\/\" \/>\n<meta property=\"og:locale\" content=\"de_DE\" \/>\n<meta property=\"og:type\" content=\"article\" \/>\n<meta property=\"og:title\" content=\"Pine, Grand White Essential Oil - Dutch Health Store\" \/>\n<meta property=\"og:description\" content=\"Der frische, stechend friedliche Duft der Kiefer eignet sich hervorragend f\u00fcr reinigende B\u00e4der, kr\u00e4ftige Massage\u00f6le, Hausreinigungsmittel und Sch\u00f6nheitsbalsame.\" \/>\n<meta property=\"og:url\" content=\"https:\/\/dutchhealthstore.com\/de\/product\/pine-grand-white-essential-oil\/\" \/>\n<meta property=\"og:site_name\" content=\"Dutch Health Store\" \/>\n<meta property=\"article:publisher\" content=\"https:\/\/www.instagram.com\/dutchhealthstore\/\" \/>\n<meta property=\"article:modified_time\" content=\"2026-03-23T09:30:21+00:00\" \/>\n<meta property=\"og:image\" content=\"https:\/\/dutchhealthstore.com\/wp-content\/uploads\/2018\/02\/Living-Libations-Pine-Grand-White-Essential-Oil--e1598263785383.jpg\" \/>\n\t<meta property=\"og:image:width\" content=\"500\" \/>\n\t<meta property=\"og:image:height\" content=\"500\" \/>\n\t<meta property=\"og:image:type\" content=\"image\/jpeg\" \/>\n<meta name=\"twitter:card\" content=\"summary_large_image\" \/>\n<meta name=\"twitter:label1\" content=\"Verf\u00fcgbarkeit\" \/>\n\t<meta name=\"twitter:data1\" content=\"Auf Lager\" \/>\n<script type=\"application\/ld+json\" class=\"yoast-schema-graph\">{\"@context\":\"https:\/\/schema.org\",\"@graph\":[{\"@type\":\"WebPage\",\"@id\":\"https:\/\/dutchhealthstore.com\/de\/product\/pine-grand-white-essential-oil\/\",\"url\":\"https:\/\/dutchhealthstore.com\/de\/product\/pine-grand-white-essential-oil\/\",\"name\":\"Pine, Grand White Essential Oil | Living Libations\",\"isPartOf\":{\"@id\":\"https:\/\/dutchhealthstore.com\/de\/#website\"},\"primaryImageOfPage\":{\"@id\":\"https:\/\/dutchhealthstore.com\/de\/product\/pine-grand-white-essential-oil\/#primaryimage\"},\"image\":{\"@id\":\"https:\/\/dutchhealthstore.com\/de\/product\/pine-grand-white-essential-oil\/#primaryimage\"},\"thumbnailUrl\":\"https:\/\/dutchhealthstore.com\/wp-content\/uploads\/2018\/02\/Living-Libations-Pine-Grand-White-Essential-Oil--e1598263785383.jpg\",\"datePublished\":\"2018-02-10T19:18:17+00:00\",\"dateModified\":\"2026-03-23T09:30:21+00:00\",\"description\":\"Der frische, stechend friedliche Duft der Kiefer eignet sich hervorragend f\u00fcr reinigende B\u00e4der, kr\u00e4ftige Massage\u00f6le, Hausreinigungsmittel und Sch\u00f6nheitsbalsame.\",\"breadcrumb\":{\"@id\":\"https:\/\/dutchhealthstore.com\/de\/product\/pine-grand-white-essential-oil\/#breadcrumb\"},\"inLanguage\":\"de\",\"potentialAction\":[{\"@type\":\"ReadAction\",\"target\":[\"https:\/\/dutchhealthstore.com\/de\/product\/pine-grand-white-essential-oil\/\"]}]},{\"@type\":\"ImageObject\",\"inLanguage\":\"de\",\"@id\":\"https:\/\/dutchhealthstore.com\/de\/product\/pine-grand-white-essential-oil\/#primaryimage\",\"url\":\"https:\/\/dutchhealthstore.com\/wp-content\/uploads\/2018\/02\/Living-Libations-Pine-Grand-White-Essential-Oil--e1598263785383.jpg\",\"contentUrl\":\"https:\/\/dutchhealthstore.com\/wp-content\/uploads\/2018\/02\/Living-Libations-Pine-Grand-White-Essential-Oil--e1598263785383.jpg\",\"width\":500,\"height\":500,\"caption\":\"Living Libations - Pine Grand White Essential Oil\"},{\"@type\":\"BreadcrumbList\",\"@id\":\"https:\/\/dutchhealthstore.com\/de\/product\/pine-grand-white-essential-oil\/#breadcrumb\",\"itemListElement\":[{\"@type\":\"ListItem\",\"position\":1,\"name\":\"Home\",\"item\":\"https:\/\/dutchhealthstore.com\/de\/\"},{\"@type\":\"ListItem\",\"position\":2,\"name\":\"Shop\",\"item\":\"https:\/\/dutchhealthstore.com\/de\/shop-2\/\"},{\"@type\":\"ListItem\",\"position\":3,\"name\":\"Pine, Grand White Essential Oil\"}]},{\"@type\":\"WebSite\",\"@id\":\"https:\/\/dutchhealthstore.com\/de\/#website\",\"url\":\"https:\/\/dutchhealthstore.com\/de\/\",\"name\":\"Dutch Health Store\",\"description\":\"Enhance Your Beauty with Organic &amp; Natural Skincare\",\"publisher\":{\"@id\":\"https:\/\/dutchhealthstore.com\/de\/#organization\"},\"potentialAction\":[{\"@type\":\"SearchAction\",\"target\":{\"@type\":\"EntryPoint\",\"urlTemplate\":\"https:\/\/dutchhealthstore.com\/de\/?s={search_term_string}\"},\"query-input\":{\"@type\":\"PropertyValueSpecification\",\"valueRequired\":true,\"valueName\":\"search_term_string\"}}],\"inLanguage\":\"de\"},{\"@type\":\"Organization\",\"@id\":\"https:\/\/dutchhealthstore.com\/de\/#organization\",\"name\":\"Dutch Health Store\",\"url\":\"https:\/\/dutchhealthstore.com\/de\/\",\"logo\":{\"@type\":\"ImageObject\",\"inLanguage\":\"de\",\"@id\":\"https:\/\/dutchhealthstore.com\/de\/#\/schema\/logo\/image\/\",\"url\":\"https:\/\/dutchhealthstore.com\/wp-content\/uploads\/2020\/08\/logo-dutchhealthstore-jpg-e1599484957574.jpg\",\"contentUrl\":\"https:\/\/dutchhealthstore.com\/wp-content\/uploads\/2020\/08\/logo-dutchhealthstore-jpg-e1599484957574.jpg\",\"width\":400,\"height\":62,\"caption\":\"Dutch Health Store\"},\"image\":{\"@id\":\"https:\/\/dutchhealthstore.com\/de\/#\/schema\/logo\/image\/\"},\"sameAs\":[\"https:\/\/www.instagram.com\/dutchhealthstore\/\",\"https:\/\/www.facebook.com\/dutchhealthstore\"]}]}<\/script>\n<meta property=\"product:brand\" content=\"Living Libations\" \/>\n<meta property=\"og:availability\" content=\"instock\" \/>\n<meta property=\"product:availability\" content=\"instock\" \/>\n<meta property=\"product:condition\" content=\"new\" \/>\n<!-- \/ Yoast SEO Premium plugin. -->","yoast_head_json":{"title":"Pine, Grand White Essential Oil | Living Libations","description":"Der frische, stechend friedliche Duft der Kiefer eignet sich hervorragend f\u00fcr reinigende B\u00e4der, kr\u00e4ftige Massage\u00f6le, Hausreinigungsmittel und Sch\u00f6nheitsbalsame.","robots":{"index":"index","follow":"follow","max-snippet":"max-snippet:-1","max-image-preview":"max-image-preview:large","max-video-preview":"max-video-preview:-1"},"canonical":"https:\/\/dutchhealthstore.com\/de\/product\/pine-grand-white-essential-oil\/","og_locale":"de_DE","og_type":"article","og_title":"Pine, Grand White Essential Oil - Dutch Health Store","og_description":"Der frische, stechend friedliche Duft der Kiefer eignet sich hervorragend f\u00fcr reinigende B\u00e4der, kr\u00e4ftige Massage\u00f6le, Hausreinigungsmittel und Sch\u00f6nheitsbalsame.","og_url":"https:\/\/dutchhealthstore.com\/de\/product\/pine-grand-white-essential-oil\/","og_site_name":"Dutch Health Store","article_publisher":"https:\/\/www.instagram.com\/dutchhealthstore\/","article_modified_time":"2026-03-23T09:30:21+00:00","og_image":[{"width":500,"height":500,"url":"https:\/\/dutchhealthstore.com\/wp-content\/uploads\/2018\/02\/Living-Libations-Pine-Grand-White-Essential-Oil--e1598263785383.jpg","type":"image\/jpeg"}],"twitter_card":"summary_large_image","twitter_misc":{"Verf\u00fcgbarkeit":"Auf Lager"},"schema":{"@context":"https:\/\/schema.org","@graph":[{"@type":"WebPage","@id":"https:\/\/dutchhealthstore.com\/de\/product\/pine-grand-white-essential-oil\/","url":"https:\/\/dutchhealthstore.com\/de\/product\/pine-grand-white-essential-oil\/","name":"Pine, Grand White Essential Oil | Living Libations","isPartOf":{"@id":"https:\/\/dutchhealthstore.com\/de\/#website"},"primaryImageOfPage":{"@id":"https:\/\/dutchhealthstore.com\/de\/product\/pine-grand-white-essential-oil\/#primaryimage"},"image":{"@id":"https:\/\/dutchhealthstore.com\/de\/product\/pine-grand-white-essential-oil\/#primaryimage"},"thumbnailUrl":"https:\/\/dutchhealthstore.com\/wp-content\/uploads\/2018\/02\/Living-Libations-Pine-Grand-White-Essential-Oil--e1598263785383.jpg","datePublished":"2018-02-10T19:18:17+00:00","dateModified":"2026-03-23T09:30:21+00:00","description":"Der frische, stechend friedliche Duft der Kiefer eignet sich hervorragend f\u00fcr reinigende B\u00e4der, kr\u00e4ftige Massage\u00f6le, Hausreinigungsmittel und Sch\u00f6nheitsbalsame.","breadcrumb":{"@id":"https:\/\/dutchhealthstore.com\/de\/product\/pine-grand-white-essential-oil\/#breadcrumb"},"inLanguage":"de","potentialAction":[{"@type":"ReadAction","target":["https:\/\/dutchhealthstore.com\/de\/product\/pine-grand-white-essential-oil\/"]}]},{"@type":"ImageObject","inLanguage":"de","@id":"https:\/\/dutchhealthstore.com\/de\/product\/pine-grand-white-essential-oil\/#primaryimage","url":"https:\/\/dutchhealthstore.com\/wp-content\/uploads\/2018\/02\/Living-Libations-Pine-Grand-White-Essential-Oil--e1598263785383.jpg","contentUrl":"https:\/\/dutchhealthstore.com\/wp-content\/uploads\/2018\/02\/Living-Libations-Pine-Grand-White-Essential-Oil--e1598263785383.jpg","width":500,"height":500,"caption":"Living Libations - Pine Grand White Essential Oil"},{"@type":"BreadcrumbList","@id":"https:\/\/dutchhealthstore.com\/de\/product\/pine-grand-white-essential-oil\/#breadcrumb","itemListElement":[{"@type":"ListItem","position":1,"name":"Home","item":"https:\/\/dutchhealthstore.com\/de\/"},{"@type":"ListItem","position":2,"name":"Shop","item":"https:\/\/dutchhealthstore.com\/de\/shop-2\/"},{"@type":"ListItem","position":3,"name":"Pine, Grand White Essential Oil"}]},{"@type":"WebSite","@id":"https:\/\/dutchhealthstore.com\/de\/#website","url":"https:\/\/dutchhealthstore.com\/de\/","name":"Dutch Health Store","description":"Enhance Your Beauty with Organic &amp; Natural Skincare","publisher":{"@id":"https:\/\/dutchhealthstore.com\/de\/#organization"},"potentialAction":[{"@type":"SearchAction","target":{"@type":"EntryPoint","urlTemplate":"https:\/\/dutchhealthstore.com\/de\/?s={search_term_string}"},"query-input":{"@type":"PropertyValueSpecification","valueRequired":true,"valueName":"search_term_string"}}],"inLanguage":"de"},{"@type":"Organization","@id":"https:\/\/dutchhealthstore.com\/de\/#organization","name":"Dutch Health Store","url":"https:\/\/dutchhealthstore.com\/de\/","logo":{"@type":"ImageObject","inLanguage":"de","@id":"https:\/\/dutchhealthstore.com\/de\/#\/schema\/logo\/image\/","url":"https:\/\/dutchhealthstore.com\/wp-content\/uploads\/2020\/08\/logo-dutchhealthstore-jpg-e1599484957574.jpg","contentUrl":"https:\/\/dutchhealthstore.com\/wp-content\/uploads\/2020\/08\/logo-dutchhealthstore-jpg-e1599484957574.jpg","width":400,"height":62,"caption":"Dutch Health Store"},"image":{"@id":"https:\/\/dutchhealthstore.com\/de\/#\/schema\/logo\/image\/"},"sameAs":["https:\/\/www.instagram.com\/dutchhealthstore\/","https:\/\/www.facebook.com\/dutchhealthstore"]}]},"product_brand":"Living Libations","og_availability":"instock","product_availability":"instock","product_condition":"new"},"_links":{"self":[{"href":"https:\/\/dutchhealthstore.com\/de\/wp-json\/wp\/v2\/product\/122596","targetHints":{"allow":["GET"]}}],"collection":[{"href":"https:\/\/dutchhealthstore.com\/de\/wp-json\/wp\/v2\/product"}],"about":[{"href":"https:\/\/dutchhealthstore.com\/de\/wp-json\/wp\/v2\/types\/product"}],"replies":[{"embeddable":true,"href":"https:\/\/dutchhealthstore.com\/de\/wp-json\/wp\/v2\/comments?post=122596"}],"wp:featuredmedia":[{"embeddable":true,"href":"https:\/\/dutchhealthstore.com\/de\/wp-json\/wp\/v2\/media\/49209"}],"wp:attachment":[{"href":"https:\/\/dutchhealthstore.com\/de\/wp-json\/wp\/v2\/media?parent=122596"}],"wp:term":[{"taxonomy":"product_brand","embeddable":true,"href":"https:\/\/dutchhealthstore.com\/de\/wp-json\/wp\/v2\/product_brand?post=122596"},{"taxonomy":"product_cat","embeddable":true,"href":"https:\/\/dutchhealthstore.com\/de\/wp-json\/wp\/v2\/product_cat?post=122596"},{"taxonomy":"product_tag","embeddable":true,"href":"https:\/\/dutchhealthstore.com\/de\/wp-json\/wp\/v2\/product_tag?post=122596"}],"curies":[{"name":"wp","href":"https:\/\/api.w.org\/{rel}","templated":true}]}}