{"id":122568,"date":"2020-06-18T12:12:07","date_gmt":"2020-06-18T10:12:07","guid":{"rendered":"https:\/\/dutchhealthstore.com\/product\/petitgrain-mandarin-essential-oil\/"},"modified":"2024-06-18T11:42:40","modified_gmt":"2024-06-18T09:42:40","slug":"petitgrain-mandarin-essential-oil","status":"publish","type":"product","link":"https:\/\/dutchhealthstore.com\/de\/product\/petitgrain-mandarin-essential-oil\/","title":{"rendered":"Petitgrain, Mandarin Essential Oil"},"content":{"rendered":"<p><img decoding=\"async\" class=\"size-full wp-image-69552 alignright\" src=\"https:\/\/dutchhealthstore.com\/wp-content\/uploads\/2019\/08\/NEW-Living-Libations-Logo.jpg\" alt=\"NEW - Living Libations - Logo\" width=\"175\" height=\"82\" \/><\/p>\n<p><strong>Botanischer Name<\/strong>: Citrus reticulata<br \/>\n<strong>Botanische Familie<\/strong>: Rutaceae<br \/>\n<strong>Extraktionsmethode<\/strong>: Dampf destilliert<br \/>\n<strong>Destillierter Teil der Pflanze<\/strong> : Bl\u00e4tter und Zweige<br \/>\n<strong>Herkunftsland<\/strong>: Italien<br \/>\n<strong>Anbaumethode<\/strong>: biologisch<br \/>\n<strong>Zusammensetzung<\/strong>: 100% Citrus reticulata<br \/>\n<strong>Konsistenz<\/strong>: D\u00fcnne Viskosit\u00e4t<\/p>\n<h3>Beschreibung des Geruchs<\/h3>\n<p>Helle, strahlende Noten von gr\u00fcnen Zitrusfr\u00fcchten, s\u00fc\u00dfen, fruchtigen Blumen, frischen Orangenbl\u00fcten und dem Fl\u00fcstern von Pflaumen.<\/p>\n<h3>Vermischt sich gut mit<\/h3>\n<p>Rose, Ylang, Sandelholz, Douglasie, Wei\u00dftanne, Zitronengras, Bergamotte, Patchouli, Vetiver, Weihrauch, Rosmarin, Inula, Palmarosa, Mandarine, Linde und S\u00fc\u00dfer Thymian.<\/p>\n<h3>Verwenden Sie<\/h3>\n<p>Sommer-Seren vor dem Gesicht. Mildert das Erscheinungsbild von Narben, Dehnungsstreifen und Hauttextur. K\u00f6stlich in der Badewanne. Perfekt f\u00fcr in einem Spray, Parf\u00fcms und K\u00f6lnisch Wasser.<\/p>\n<a href=\"https:\/\/dutchhealthstore.com\/wp-content\/uploads\/2020\/06\/ANALYSIS-Mandarin-Petit-Grain-Essential-Oil-Living-Libations-2.pdf\" class=\"button primary is-primary is-small\"  >\n\t\t<span>ESSENTIAL OIL ANALYSIS &amp;gt;<\/span>\n\t<\/a>\n\n<p>Das italienische \u00e4therische \u00d6l Mandarine Petitgrain hat einen s\u00fc\u00dfen, w\u00fcrzigen Zitrusduft, der von nat\u00fcrlichen Parf\u00fcmeuren dank seiner aufregenden Schichten aus Fr\u00fcchten und Blumen geliebt wird: Gr\u00fcne Kopfnoten tanzen \u00fcber frischen Fr\u00fcchten und Orangenbl\u00fcten mit einem duftenden Fl\u00fcstern, das in der warmen Mittelmeersonne leuchtet. Wie sein Schwester\u00f6l, das aus der Schale der Frucht destilliert wird, ist Mandarin Petitgrain wunderbar entspannend. Dieses \u00d6l, das zu mehr als 50% aus Estern besteht, ist die perfekte, angenehme Wahl, um Unruhe, einen gesch\u00e4ftigen Kopf und Angstzust\u00e4nde zu bek\u00e4mpfen.<\/p>\n<p>Haupts\u00e4chlich in der Parf\u00fcmerie und Aromatherapie verwendet, hat Mandarin Petitgrain viel mit anderen Zitrus-Petitgrains wie Bitter Orange Petitgrain und Petitgrain sur Fleurs gemeinsam. Tats\u00e4chlich gibt es mehrere Petitgrain-\u00d6le, die aus verschiedenen Arten von Zitrusb\u00e4umen destilliert werden, alle mit ihrer eigenen einzigartigen Essenz und dennoch mit subtilen Feinheiten.<\/p>\n<p>Urspr\u00fcnglich wurde das \u00d6l von kleinen Bergamotte-Orangenb\u00e4umen gefangen, als die Frucht noch in den Kinderschuhen steckte. Die kleine Gr\u00f6sse der Orangen ist der Grund, warum der Name &#8222;Petit Grain&#8220; von &#8222;Petit Grain&#8220; oder &#8222;kleines Korn&#8220; in Bezug auf die Gr\u00f6sse der Frucht abgeleitet wurde. Heutzutage werden Petit-Grain-\u00d6le aus den Fr\u00fcchten, Bl\u00e4ttern und Zweigen verschiedener Zitrusb\u00e4ume destilliert.<\/p>\n<p>Die Mandarine Petitgrain ist eine Schl\u00fcsselfigur im aromatischen Arsenal jedes Parf\u00fcmeurs und ist auch eine Wahl der Aromatherapeuten. Dieser s\u00fc\u00dfe Petitgrain aus Zitrusfr\u00fcchten wird in einer Vielzahl verschiedener Parf\u00fcms und Duftmischungen verwendet, aber er gl\u00e4nzt wirklich, wenn er in Blumenbouquets, Neroli-Sch\u00f6nheitsmischungen, erfrischend charismatischen Colognes und in fruchtigen Kr\u00e4uterfoug\u00e8res enthalten ist. Der Duft von Mandarin Petitgrain ist auch eine wunderbare Erg\u00e4nzung zu den von Kiefernholz und Wald inspirierten Mischungen.<\/p>\n<p style=\"text-align: center;\"><em>&#8222;Mandarinen-Petitgrain\u00f6l wird durch Destillation der Bl\u00e4tter, Fr\u00fcchte und Zweige des Mandarinenbaums gewonnen, der in Algerien, Spanien, Frankreich, Sizilien usw. angebaut wird. Es unterscheidet sich von anderen Petitgrain-\u00d6len durch seine grundlegenden stickstoffhaltigen Bestandteile, einschlie\u00dflich Methylanthranilat. Das Handelsprodukt ist ein Total\u00f6l, d.h. zu Beginn der Destillation schwimmen die Fraktionen auf der Wasseroberfl\u00e4che; mit fortschreitender Destillation nehmen die stickstoffhaltigen Bestandteile zu und das \u00d6l wird schwerer und neigt dazu, auf den Boden des Beh\u00e4lters zu sinken. Die vorherrschende Note im Geruch von Mandarinenkern\u00f6l ist zweifellos die von Methylantrealilat, mit einer Andeutung von feinem Thymian&#8220;.<\/em><br \/>\n~ W.A. Pouchers, <strong>Perfumes, Cosmetics and Soaps: Volume I The Raw Materials of Perfumery<\/strong><\/p>\n<p><img fetchpriority=\"high\" decoding=\"async\" class=\"size-medium wp-image-68106 aligncenter\" src=\"https:\/\/dutchhealthstore.com\/wp-content\/uploads\/2018\/02\/Living-Libations-Organic-Logo-800x89.png\" alt=\"Living Libations - Organic Logo\" width=\"800\" height=\"89\" srcset=\"https:\/\/dutchhealthstore.com\/wp-content\/uploads\/2018\/02\/Living-Libations-Organic-Logo-800x89.png 800w, https:\/\/dutchhealthstore.com\/wp-content\/uploads\/2018\/02\/Living-Libations-Organic-Logo-510x57.png 510w, https:\/\/dutchhealthstore.com\/wp-content\/uploads\/2018\/02\/Living-Libations-Organic-Logo-768x85.png 768w, https:\/\/dutchhealthstore.com\/wp-content\/uploads\/2018\/02\/Living-Libations-Organic-Logo.png 1400w\" sizes=\"(max-width: 800px) 100vw, 800px\" \/><\/p>\n","protected":false},"excerpt":{"rendered":"<p><img decoding=\"async\" class=\"\" src=\"https:\/\/dutchhealthstore.com\/wp-content\/uploads\/2019\/08\/Translate-Duits-Automatische-Vertaling.png\" width=\"200\" height=\"20\" \/><\/p>\n<p>Das \u00e4therische \u00d6l der Mandarine Petitgrain strotzt nur so vor frischem, fruchtigem Duft und dem s\u00fc\u00dfen, aufregenden Duft von Blumen. Das aus den Bl\u00e4ttern und dem jungen, kleinfruchtigen Mandarinenbaum destillierte \u00d6l ist entspannend und beruhigend mit einem hohen Anteil an beruhigenden Estern.<\/p>\n","protected":false},"featured_media":107720,"comment_status":"open","ping_status":"closed","template":"","meta":[],"product_brand":[],"product_cat":[6737,1508,1546,1493,1210,6736],"product_tag":[1547],"class_list":{"0":"post-122568","1":"product","2":"type-product","3":"status-publish","4":"has-post-thumbnail","6":"product_cat-essential-oils-de-2","7":"product_cat-aetherische-oele-living-libations","8":"product_cat-essential-oils-living-libations-de","9":"product_cat-living-libations-deutschland","10":"product_cat-marken","11":"product_cat-wellness-de","12":"product_tag-essential-oil-de","13":"pa_brand-livinglibations-de","14":"pa_essential-oils-product-type-essential-oils-de","15":"pa_size-5-ml-de","17":"first","18":"instock","19":"taxable","20":"shipping-taxable","21":"purchasable","22":"product-type-simple"},"bundled_by":[],"bundle_stock_status":"instock","bundle_stock_quantity":3,"bundle_virtual":false,"bundle_layout":"","bundle_add_to_cart_form_location":"","bundle_editable_in_cart":false,"bundle_sold_individually_context":"","bundle_item_grouping":"","bundle_min_size":"","bundle_max_size":"","bundle_price":[],"bundled_items":[],"bundle_sell_ids":[],"atum_controlled":true,"out_stock_date":null,"out_stock_threshold":null,"inheritable":false,"stock_on_hold":0,"sold_today":0,"sales_last_days":0,"out_stock_days":0,"lost_sales":0,"update_date":"2026-04-07T13:48:09","atum_locations":[],"atum_stock_status":"instock","restock_status":false,"low_stock_amount":"","sales_update_date":"2026-04-07T13:48:09","calc_backorders":null,"group_of_quantity":0,"min_quantity":0,"max_quantity":"","exclude_order_quantity_value_rules":"no","exclude_category_quantity_rules":"no","combine_variations":"no","yoast_head":"<!-- This site is optimized with the Yoast SEO Premium plugin v26.5 (Yoast SEO v26.5) - https:\/\/yoast.com\/wordpress\/plugins\/seo\/ -->\n<title>Petitgrain, Mandarin Essential Oil | Living Libations<\/title>\n<meta name=\"description\" content=\"Steam distilled from the leaves and the young, tiny fruits mandarin tree, the resulting oil is relaxing and soothing with high levels of calming esters.\" \/>\n<meta name=\"robots\" content=\"index, follow, max-snippet:-1, max-image-preview:large, max-video-preview:-1\" \/>\n<link rel=\"canonical\" href=\"https:\/\/dutchhealthstore.com\/de\/product\/petitgrain-mandarin-essential-oil\/\" \/>\n<meta property=\"og:locale\" content=\"de_DE\" \/>\n<meta property=\"og:type\" content=\"article\" \/>\n<meta property=\"og:title\" content=\"Petitgrain, Mandarin Essential Oil - Dutch Health Store\" \/>\n<meta property=\"og:description\" content=\"Steam distilled from the leaves and the young, tiny fruits mandarin tree, the resulting oil is relaxing and soothing with high levels of calming esters.\" \/>\n<meta property=\"og:url\" content=\"https:\/\/dutchhealthstore.com\/de\/product\/petitgrain-mandarin-essential-oil\/\" \/>\n<meta property=\"og:site_name\" content=\"Dutch Health Store\" \/>\n<meta property=\"article:publisher\" content=\"https:\/\/www.instagram.com\/dutchhealthstore\/\" \/>\n<meta property=\"article:modified_time\" content=\"2024-06-18T09:42:40+00:00\" \/>\n<meta property=\"og:image\" content=\"https:\/\/dutchhealthstore.com\/wp-content\/uploads\/2020\/06\/Living-Libations-Petitgrain-Mandarin-Essential-Oil-e1592482203271.png\" \/>\n\t<meta property=\"og:image:width\" content=\"500\" \/>\n\t<meta property=\"og:image:height\" content=\"499\" \/>\n\t<meta property=\"og:image:type\" content=\"image\/jpeg\" \/>\n<meta name=\"twitter:card\" content=\"summary_large_image\" \/>\n<meta name=\"twitter:label1\" content=\"Preis\" \/>\n\t<meta name=\"twitter:data1\" content=\"&euro;30,00\" \/>\n\t<meta name=\"twitter:label2\" content=\"Verf\u00fcgbarkeit\" \/>\n\t<meta name=\"twitter:data2\" content=\"Auf Lager\" \/>\n<script type=\"application\/ld+json\" class=\"yoast-schema-graph\">{\"@context\":\"https:\/\/schema.org\",\"@graph\":[{\"@type\":\"WebPage\",\"@id\":\"https:\/\/dutchhealthstore.com\/de\/product\/petitgrain-mandarin-essential-oil\/\",\"url\":\"https:\/\/dutchhealthstore.com\/de\/product\/petitgrain-mandarin-essential-oil\/\",\"name\":\"Petitgrain, Mandarin Essential Oil | Living Libations\",\"isPartOf\":{\"@id\":\"https:\/\/dutchhealthstore.com\/de\/#website\"},\"primaryImageOfPage\":{\"@id\":\"https:\/\/dutchhealthstore.com\/de\/product\/petitgrain-mandarin-essential-oil\/#primaryimage\"},\"image\":{\"@id\":\"https:\/\/dutchhealthstore.com\/de\/product\/petitgrain-mandarin-essential-oil\/#primaryimage\"},\"thumbnailUrl\":\"https:\/\/dutchhealthstore.com\/wp-content\/uploads\/2020\/06\/Living-Libations-Petitgrain-Mandarin-Essential-Oil-e1592482203271.png\",\"datePublished\":\"2020-06-18T10:12:07+00:00\",\"dateModified\":\"2024-06-18T09:42:40+00:00\",\"description\":\"Steam distilled from the leaves and the young, tiny fruits mandarin tree, the resulting oil is relaxing and soothing with high levels of calming esters.\",\"breadcrumb\":{\"@id\":\"https:\/\/dutchhealthstore.com\/de\/product\/petitgrain-mandarin-essential-oil\/#breadcrumb\"},\"inLanguage\":\"de\",\"potentialAction\":[{\"@type\":\"ReadAction\",\"target\":[\"https:\/\/dutchhealthstore.com\/de\/product\/petitgrain-mandarin-essential-oil\/\"]}]},{\"@type\":\"ImageObject\",\"inLanguage\":\"de\",\"@id\":\"https:\/\/dutchhealthstore.com\/de\/product\/petitgrain-mandarin-essential-oil\/#primaryimage\",\"url\":\"https:\/\/dutchhealthstore.com\/wp-content\/uploads\/2020\/06\/Living-Libations-Petitgrain-Mandarin-Essential-Oil-e1592482203271.png\",\"contentUrl\":\"https:\/\/dutchhealthstore.com\/wp-content\/uploads\/2020\/06\/Living-Libations-Petitgrain-Mandarin-Essential-Oil-e1592482203271.png\",\"width\":500,\"height\":499,\"caption\":\"Living Libations Petitgrain Mandarin\"},{\"@type\":\"BreadcrumbList\",\"@id\":\"https:\/\/dutchhealthstore.com\/de\/product\/petitgrain-mandarin-essential-oil\/#breadcrumb\",\"itemListElement\":[{\"@type\":\"ListItem\",\"position\":1,\"name\":\"Home\",\"item\":\"https:\/\/dutchhealthstore.com\/de\/\"},{\"@type\":\"ListItem\",\"position\":2,\"name\":\"Shop\",\"item\":\"https:\/\/dutchhealthstore.com\/de\/shop-2\/\"},{\"@type\":\"ListItem\",\"position\":3,\"name\":\"Petitgrain, Mandarin Essential Oil\"}]},{\"@type\":\"WebSite\",\"@id\":\"https:\/\/dutchhealthstore.com\/de\/#website\",\"url\":\"https:\/\/dutchhealthstore.com\/de\/\",\"name\":\"Dutch Health Store\",\"description\":\"Enhance Your Beauty with Organic &amp; Natural Skincare\",\"publisher\":{\"@id\":\"https:\/\/dutchhealthstore.com\/de\/#organization\"},\"potentialAction\":[{\"@type\":\"SearchAction\",\"target\":{\"@type\":\"EntryPoint\",\"urlTemplate\":\"https:\/\/dutchhealthstore.com\/de\/?s={search_term_string}\"},\"query-input\":{\"@type\":\"PropertyValueSpecification\",\"valueRequired\":true,\"valueName\":\"search_term_string\"}}],\"inLanguage\":\"de\"},{\"@type\":\"Organization\",\"@id\":\"https:\/\/dutchhealthstore.com\/de\/#organization\",\"name\":\"Dutch Health Store\",\"url\":\"https:\/\/dutchhealthstore.com\/de\/\",\"logo\":{\"@type\":\"ImageObject\",\"inLanguage\":\"de\",\"@id\":\"https:\/\/dutchhealthstore.com\/de\/#\/schema\/logo\/image\/\",\"url\":\"https:\/\/dutchhealthstore.com\/wp-content\/uploads\/2020\/08\/logo-dutchhealthstore-jpg-e1599484957574.jpg\",\"contentUrl\":\"https:\/\/dutchhealthstore.com\/wp-content\/uploads\/2020\/08\/logo-dutchhealthstore-jpg-e1599484957574.jpg\",\"width\":400,\"height\":62,\"caption\":\"Dutch Health Store\"},\"image\":{\"@id\":\"https:\/\/dutchhealthstore.com\/de\/#\/schema\/logo\/image\/\"},\"sameAs\":[\"https:\/\/www.instagram.com\/dutchhealthstore\/\",\"https:\/\/www.facebook.com\/dutchhealthstore\"]}]}<\/script>\n<meta property=\"product:brand\" content=\"Living Libations\" \/>\n<meta property=\"product:price:amount\" content=\"30.00\" \/>\n<meta property=\"product:price:currency\" content=\"EUR\" \/>\n<meta property=\"og:availability\" content=\"instock\" \/>\n<meta property=\"product:availability\" content=\"instock\" \/>\n<meta property=\"product:condition\" content=\"new\" \/>\n<!-- \/ Yoast SEO Premium plugin. -->","yoast_head_json":{"title":"Petitgrain, Mandarin Essential Oil | Living Libations","description":"Steam distilled from the leaves and the young, tiny fruits mandarin tree, the resulting oil is relaxing and soothing with high levels of calming esters.","robots":{"index":"index","follow":"follow","max-snippet":"max-snippet:-1","max-image-preview":"max-image-preview:large","max-video-preview":"max-video-preview:-1"},"canonical":"https:\/\/dutchhealthstore.com\/de\/product\/petitgrain-mandarin-essential-oil\/","og_locale":"de_DE","og_type":"article","og_title":"Petitgrain, Mandarin Essential Oil - Dutch Health Store","og_description":"Steam distilled from the leaves and the young, tiny fruits mandarin tree, the resulting oil is relaxing and soothing with high levels of calming esters.","og_url":"https:\/\/dutchhealthstore.com\/de\/product\/petitgrain-mandarin-essential-oil\/","og_site_name":"Dutch Health Store","article_publisher":"https:\/\/www.instagram.com\/dutchhealthstore\/","article_modified_time":"2024-06-18T09:42:40+00:00","og_image":[{"width":500,"height":499,"url":"https:\/\/dutchhealthstore.com\/wp-content\/uploads\/2020\/06\/Living-Libations-Petitgrain-Mandarin-Essential-Oil-e1592482203271.png","type":"image\/jpeg"}],"twitter_card":"summary_large_image","twitter_misc":{"Preis":"&euro;30,00","Verf\u00fcgbarkeit":"Auf Lager"},"schema":{"@context":"https:\/\/schema.org","@graph":[{"@type":"WebPage","@id":"https:\/\/dutchhealthstore.com\/de\/product\/petitgrain-mandarin-essential-oil\/","url":"https:\/\/dutchhealthstore.com\/de\/product\/petitgrain-mandarin-essential-oil\/","name":"Petitgrain, Mandarin Essential Oil | Living Libations","isPartOf":{"@id":"https:\/\/dutchhealthstore.com\/de\/#website"},"primaryImageOfPage":{"@id":"https:\/\/dutchhealthstore.com\/de\/product\/petitgrain-mandarin-essential-oil\/#primaryimage"},"image":{"@id":"https:\/\/dutchhealthstore.com\/de\/product\/petitgrain-mandarin-essential-oil\/#primaryimage"},"thumbnailUrl":"https:\/\/dutchhealthstore.com\/wp-content\/uploads\/2020\/06\/Living-Libations-Petitgrain-Mandarin-Essential-Oil-e1592482203271.png","datePublished":"2020-06-18T10:12:07+00:00","dateModified":"2024-06-18T09:42:40+00:00","description":"Steam distilled from the leaves and the young, tiny fruits mandarin tree, the resulting oil is relaxing and soothing with high levels of calming esters.","breadcrumb":{"@id":"https:\/\/dutchhealthstore.com\/de\/product\/petitgrain-mandarin-essential-oil\/#breadcrumb"},"inLanguage":"de","potentialAction":[{"@type":"ReadAction","target":["https:\/\/dutchhealthstore.com\/de\/product\/petitgrain-mandarin-essential-oil\/"]}]},{"@type":"ImageObject","inLanguage":"de","@id":"https:\/\/dutchhealthstore.com\/de\/product\/petitgrain-mandarin-essential-oil\/#primaryimage","url":"https:\/\/dutchhealthstore.com\/wp-content\/uploads\/2020\/06\/Living-Libations-Petitgrain-Mandarin-Essential-Oil-e1592482203271.png","contentUrl":"https:\/\/dutchhealthstore.com\/wp-content\/uploads\/2020\/06\/Living-Libations-Petitgrain-Mandarin-Essential-Oil-e1592482203271.png","width":500,"height":499,"caption":"Living Libations Petitgrain Mandarin"},{"@type":"BreadcrumbList","@id":"https:\/\/dutchhealthstore.com\/de\/product\/petitgrain-mandarin-essential-oil\/#breadcrumb","itemListElement":[{"@type":"ListItem","position":1,"name":"Home","item":"https:\/\/dutchhealthstore.com\/de\/"},{"@type":"ListItem","position":2,"name":"Shop","item":"https:\/\/dutchhealthstore.com\/de\/shop-2\/"},{"@type":"ListItem","position":3,"name":"Petitgrain, Mandarin Essential Oil"}]},{"@type":"WebSite","@id":"https:\/\/dutchhealthstore.com\/de\/#website","url":"https:\/\/dutchhealthstore.com\/de\/","name":"Dutch Health Store","description":"Enhance Your Beauty with Organic &amp; Natural Skincare","publisher":{"@id":"https:\/\/dutchhealthstore.com\/de\/#organization"},"potentialAction":[{"@type":"SearchAction","target":{"@type":"EntryPoint","urlTemplate":"https:\/\/dutchhealthstore.com\/de\/?s={search_term_string}"},"query-input":{"@type":"PropertyValueSpecification","valueRequired":true,"valueName":"search_term_string"}}],"inLanguage":"de"},{"@type":"Organization","@id":"https:\/\/dutchhealthstore.com\/de\/#organization","name":"Dutch Health Store","url":"https:\/\/dutchhealthstore.com\/de\/","logo":{"@type":"ImageObject","inLanguage":"de","@id":"https:\/\/dutchhealthstore.com\/de\/#\/schema\/logo\/image\/","url":"https:\/\/dutchhealthstore.com\/wp-content\/uploads\/2020\/08\/logo-dutchhealthstore-jpg-e1599484957574.jpg","contentUrl":"https:\/\/dutchhealthstore.com\/wp-content\/uploads\/2020\/08\/logo-dutchhealthstore-jpg-e1599484957574.jpg","width":400,"height":62,"caption":"Dutch Health Store"},"image":{"@id":"https:\/\/dutchhealthstore.com\/de\/#\/schema\/logo\/image\/"},"sameAs":["https:\/\/www.instagram.com\/dutchhealthstore\/","https:\/\/www.facebook.com\/dutchhealthstore"]}]},"product_brand":"Living Libations","product_price_amount":"30.00","product_price_currency":"EUR","og_availability":"instock","product_availability":"instock","product_condition":"new"},"_links":{"self":[{"href":"https:\/\/dutchhealthstore.com\/de\/wp-json\/wp\/v2\/product\/122568","targetHints":{"allow":["GET"]}}],"collection":[{"href":"https:\/\/dutchhealthstore.com\/de\/wp-json\/wp\/v2\/product"}],"about":[{"href":"https:\/\/dutchhealthstore.com\/de\/wp-json\/wp\/v2\/types\/product"}],"replies":[{"embeddable":true,"href":"https:\/\/dutchhealthstore.com\/de\/wp-json\/wp\/v2\/comments?post=122568"}],"wp:featuredmedia":[{"embeddable":true,"href":"https:\/\/dutchhealthstore.com\/de\/wp-json\/wp\/v2\/media\/107720"}],"wp:attachment":[{"href":"https:\/\/dutchhealthstore.com\/de\/wp-json\/wp\/v2\/media?parent=122568"}],"wp:term":[{"taxonomy":"product_brand","embeddable":true,"href":"https:\/\/dutchhealthstore.com\/de\/wp-json\/wp\/v2\/product_brand?post=122568"},{"taxonomy":"product_cat","embeddable":true,"href":"https:\/\/dutchhealthstore.com\/de\/wp-json\/wp\/v2\/product_cat?post=122568"},{"taxonomy":"product_tag","embeddable":true,"href":"https:\/\/dutchhealthstore.com\/de\/wp-json\/wp\/v2\/product_tag?post=122568"}],"curies":[{"name":"wp","href":"https:\/\/api.w.org\/{rel}","templated":true}]}}