{"id":122472,"date":"2020-05-14T14:39:28","date_gmt":"2020-05-14T12:39:28","guid":{"rendered":"https:\/\/dutchhealthstore.com\/product\/osmanthus-absolute\/"},"modified":"2023-02-07T14:54:23","modified_gmt":"2023-02-07T14:54:23","slug":"osmanthus-absolute","status":"publish","type":"product","link":"https:\/\/dutchhealthstore.com\/de\/product\/osmanthus-absolute\/","title":{"rendered":"Osmanthus Absolute"},"content":{"rendered":"<p><img decoding=\"async\" class=\"alignright size-full wp-image-69549\" src=\"https:\/\/dutchhealthstore.com\/wp-content\/uploads\/2019\/08\/NEW-Living-Libations-Logo.jpg\" alt=\"NEW - Living Libations - Logo\" width=\"175\" height=\"82\">Die blumige Oase von <strong>Osmanthus Absolute<\/strong> ist ein fantastisch duftendes Angebot eines immergr\u00fcnen Strauches, der das Vorletzte an duftenden Bl\u00fctenbl\u00e4ttern hervorbringt.<br \/>\nDiese opulente, bernsteinfarbene Fl\u00fcssigkeit enth\u00e4lt einen Duft mit himmlischen Kopfnoten von Honig, s\u00fc\u00dfen Fr\u00fcchten und einer blumigen Fantasiewelt.<\/p>\n<p><strong>Botanischer Name: <\/strong>Osmanthus fragrans<br \/>\n<strong>Botanische Familie:<\/strong> Oleaceae<br \/>\n<strong>Extraktionsverfahren:<\/strong> Absolute<br \/>\n<strong>Teil der Pflanze Destilliert:<\/strong> Bl\u00fcten<br \/>\n<strong>Herkunftsland:<\/strong> S\u00fcdchina<br \/>\n<strong>Anbaumethode: <\/strong>Bio<br \/>\n<strong>Zusammensetzung:<\/strong> Osmanthus fragrans<br \/>\n<strong>Konsistenz:<\/strong> Mittlere Viskosit\u00e4t<\/p>\n<p><a href=\"https:\/\/dutchhealthstore.com\/wp-content\/uploads\/2020\/05\/ANALYSIS-Osmanthus-Absolite-Living-Libations-5.pdf\">Klicken Sie hier f\u00fcr die Produktanalyse<\/a><\/p>\n<h3>Beschreibung des Duftes<\/h3>\n<p>Ein Bl\u00fctenbouquet aus Pfirsich, Aprikose und Pflaume, das in s\u00fc\u00dfen, verf\u00fchrerischen Honig getaucht ist. &#8222;Ein einzigartiges Gleichgewicht von fruchtigen und blumigen Noten&#8220;.<\/p>\n<h3>Gut mischbar mit<\/h3>\n<p>Jasmin, Rose, Champa, Magnolie, Vanille, Vetiver, Ylang, Lavendel, Nelke, Gardenie, Tuberose, Bergamotte, Zitrone und Blutorange.<\/p>\n<h3>Verwendet<\/h3>\n<p>Parf\u00fcmerie. Einatmen, um den Geist zu erheben.<\/p>\n<p>Das aus zarten Bl\u00fctenbl\u00e4ttern destillierte Osmanthus Absolute ist ein z\u00e4hes \u00d6l, das schon mit einem einzigen Tropfen einen kraftvollen und k\u00f6stlichen Duft verstr\u00f6mt. Geben Sie einen einzelnen, schimmernden Tropfen auf Ihr Handgelenk und atmen Sie ein. Nach 15 Minuten hebt der \u00fcppige Duft die Stimmung, indem er gl\u00fcckliche Signale an K\u00f6rper und Seele sendet. Verwenden Sie den Mikroduft als Einzeltropfen und salben Sie Ihr Haar oder mischen Sie ihn mit Sandelholz- oder Jojoba\u00f6l f\u00fcr einen fabelhaften Duft.<\/p>\n<p>Osmanthusbl\u00fcten bl\u00fchen an immergr\u00fcnen Str\u00e4uchern, die f\u00fcr Tee, Parf\u00fcmerie und Aromatherapie angebaut werden. In den Herbstmonaten September und Oktober sammeln die Landwirte die Bl\u00fcten, indem sie die Str\u00e4ucher abklopfen, bis jedes Bl\u00fctenblatt auf den duftenden Boden f\u00e4llt.<\/p>\n<p>Osmanthus Absolute dient als \u00fcppige Note in Parf\u00fcmmischungen oder kann mit nur einem Tropfen als eigenes Parf\u00fcm verwendet werden. Kokosnuss, Jojoba und Sandelholz sind ausgezeichnete Mischungen, um den beruhigenden, tr\u00f6stenden und erhebenden Duft von Osmanthus Absolute hervorzuheben, der Gl\u00fccksgef\u00fchle hervorrufen soll. Traurigkeit, Apathie und Sorgen k\u00f6nnen mit einem einzigen Inhalieren von Osmanthus weggefegt werden, was es zu einer euphorischen Inhalation f\u00fcr Meditation, Yoga und spirituelle Arbeit macht.<\/p>\n<p><strong>Gr\u00f6\u00dfe: 2,5 ml und 15 ml<\/strong><\/p>\n<h3>Bio-Zutaten<\/h3>\n<p>100% Osmanthus (Osmanthus fragrans) absolut.<\/p>\n<p style=\"text-align: center;\"><em>&#8222;Und es kam der Tag, an dem das Risiko, in einer Knospe zu verharren, schmerzhafter war als das Risiko, zu erbl\u00fchen.&#8220; <\/em><br \/>\n~ Ana\u00efs Nin<\/p>\n<p style=\"text-align: center;\"><em>&#8222;S\u00fc\u00dfer Osmanthus ist ein immergr\u00fcner Strauch, der in China und einigen Teilen Japans beheimatet ist&#8230; er ist als kweiha bekannt und geh\u00f6rt zu den zehn traditionellen Blumen Chinas, wo er als sehr sch\u00f6ner Duft gilt.&#8220;<\/em><br \/>\n~ Jennifer Peace Rhind, <strong>Fragrance and Wellbeing<\/strong><\/p>\n<p><img fetchpriority=\"high\" decoding=\"async\" class=\"size-medium wp-image-68103 aligncenter\" src=\"https:\/\/dutchhealthstore.com\/wp-content\/uploads\/2018\/02\/Living-Libations-Organic-Logo-800x89.png\" alt=\"Living Libations - Organic Logo\" width=\"800\" height=\"89\" srcset=\"https:\/\/dutchhealthstore.com\/wp-content\/uploads\/2018\/02\/Living-Libations-Organic-Logo-800x89.png 800w, https:\/\/dutchhealthstore.com\/wp-content\/uploads\/2018\/02\/Living-Libations-Organic-Logo-510x57.png 510w, https:\/\/dutchhealthstore.com\/wp-content\/uploads\/2018\/02\/Living-Libations-Organic-Logo-768x85.png 768w, https:\/\/dutchhealthstore.com\/wp-content\/uploads\/2018\/02\/Living-Libations-Organic-Logo.png 1400w\" sizes=\"(max-width: 800px) 100vw, 800px\" \/><\/p>\n","protected":false},"excerpt":{"rendered":"<p>Die blumige Oase von <strong>Osmanthus Absolute<\/strong> ist ein fantastisch duftendes Angebot eines immergr\u00fcnen Strauches, der das Vorletzte an duftenden Bl\u00fctenbl\u00e4ttern hervorbringt.<br \/>\nDiese opulente, bernsteinfarbene Fl\u00fcssigkeit enth\u00e4lt einen Duft mit himmlischen Kopfnoten von Honig, s\u00fc\u00dfen Fr\u00fcchten und einer blumigen Fantasiewelt.<\/p>\n","protected":false},"featured_media":337445,"comment_status":"open","ping_status":"closed","template":"","meta":[],"product_brand":[],"product_cat":[1551,6737,1508,1493,1210,6736],"product_tag":[8681,21667],"class_list":{"0":"post-122472","1":"product","2":"type-product","3":"status-publish","4":"has-post-thumbnail","6":"product_cat-absolute-essenz-living-libations","7":"product_cat-essential-oils-de-2","8":"product_cat-aetherische-oele-living-libations","9":"product_cat-living-libations-deutschland","10":"product_cat-marken","11":"product_cat-wellness-de","12":"product_tag-absolute-de","13":"product_tag-aroma-de","14":"pa_brand-livinglibations-de","15":"pa_essential-oils-product-type-absolute-essences-de","16":"pa_essential-oils-product-type-essential-oils-de","17":"pa_size-2-5-ml-de","18":"pa_size-5-ml-de","20":"first","21":"instock","22":"taxable","23":"shipping-taxable","24":"purchasable","25":"product-type-variable"},"bundled_by":[],"bundle_stock_status":"instock","bundle_stock_quantity":null,"bundle_virtual":false,"bundle_layout":"","bundle_add_to_cart_form_location":"","bundle_editable_in_cart":false,"bundle_sold_individually_context":"","bundle_item_grouping":"","bundle_min_size":"","bundle_max_size":"","bundle_price":[],"bundled_items":[],"bundle_sell_ids":[],"atum_controlled":true,"out_stock_date":"2020-06-23 14:22:02","out_stock_threshold":null,"inheritable":true,"stock_on_hold":0,"sold_today":0,"sales_last_days":0,"out_stock_days":2120,"lost_sales":0,"update_date":"2026-04-14T00:04:09","atum_locations":[],"atum_stock_status":"instock","restock_status":false,"low_stock_amount":"","sales_update_date":"2026-04-14T00:04:09","calc_backorders":null,"group_of_quantity":0,"min_quantity":0,"max_quantity":"","exclude_order_quantity_value_rules":"no","exclude_category_quantity_rules":"no","combine_variations":"no","yoast_head":"<!-- This site is optimized with the Yoast SEO Premium plugin v26.5 (Yoast SEO v26.5) - https:\/\/yoast.com\/wordpress\/plugins\/seo\/ -->\n<title>Osmanthus Absolute | Living Libations<\/title>\n<meta name=\"description\" content=\"Die blumige Oase von Osmanthus Absolute ist ein fantastisch duftendes Angebot eines immergr\u00fcnen Strauches, der das Vorletzte an duftenden Bl\u00fctenbl\u00e4ttern hervorbringt.\" \/>\n<meta name=\"robots\" content=\"index, follow, max-snippet:-1, max-image-preview:large, max-video-preview:-1\" \/>\n<link rel=\"canonical\" href=\"https:\/\/dutchhealthstore.com\/de\/product\/osmanthus-absolute\/\" \/>\n<meta property=\"og:locale\" content=\"de_DE\" \/>\n<meta property=\"og:type\" content=\"article\" \/>\n<meta property=\"og:title\" content=\"Osmanthus Absolute - Dutch Health Store\" \/>\n<meta property=\"og:description\" content=\"Die blumige Oase von Osmanthus Absolute ist ein fantastisch duftendes Angebot eines immergr\u00fcnen Strauches, der das Vorletzte an duftenden Bl\u00fctenbl\u00e4ttern hervorbringt.\" \/>\n<meta property=\"og:url\" content=\"https:\/\/dutchhealthstore.com\/de\/product\/osmanthus-absolute\/\" \/>\n<meta property=\"og:site_name\" content=\"Dutch Health Store\" \/>\n<meta property=\"article:publisher\" content=\"https:\/\/www.instagram.com\/dutchhealthstore\/\" \/>\n<meta property=\"article:modified_time\" content=\"2023-02-07T14:54:23+00:00\" \/>\n<meta property=\"og:image\" content=\"https:\/\/dutchhealthstore.com\/wp-content\/uploads\/2020\/05\/Osmanthus-Absolute-Living-Libations.-.jpg\" \/>\n\t<meta property=\"og:image:width\" content=\"500\" \/>\n\t<meta property=\"og:image:height\" content=\"500\" \/>\n\t<meta property=\"og:image:type\" content=\"image\/jpeg\" \/>\n<meta name=\"twitter:card\" content=\"summary_large_image\" \/>\n<meta name=\"twitter:label1\" content=\"Verf\u00fcgbarkeit\" \/>\n\t<meta name=\"twitter:data1\" content=\"Auf Lager\" \/>\n<script type=\"application\/ld+json\" class=\"yoast-schema-graph\">{\"@context\":\"https:\/\/schema.org\",\"@graph\":[{\"@type\":\"WebPage\",\"@id\":\"https:\/\/dutchhealthstore.com\/de\/product\/osmanthus-absolute\/\",\"url\":\"https:\/\/dutchhealthstore.com\/de\/product\/osmanthus-absolute\/\",\"name\":\"Osmanthus Absolute | Living Libations\",\"isPartOf\":{\"@id\":\"https:\/\/dutchhealthstore.com\/de\/#website\"},\"primaryImageOfPage\":{\"@id\":\"https:\/\/dutchhealthstore.com\/de\/product\/osmanthus-absolute\/#primaryimage\"},\"image\":{\"@id\":\"https:\/\/dutchhealthstore.com\/de\/product\/osmanthus-absolute\/#primaryimage\"},\"thumbnailUrl\":\"https:\/\/dutchhealthstore.com\/wp-content\/uploads\/2020\/05\/2025-04-15-13_37_15-Osmanthus-Absolute-\u2013-Living-Libations-INT-1.jpg\",\"datePublished\":\"2020-05-14T12:39:28+00:00\",\"dateModified\":\"2023-02-07T14:54:23+00:00\",\"description\":\"Die blumige Oase von Osmanthus Absolute ist ein fantastisch duftendes Angebot eines immergr\u00fcnen Strauches, der das Vorletzte an duftenden Bl\u00fctenbl\u00e4ttern hervorbringt.\",\"breadcrumb\":{\"@id\":\"https:\/\/dutchhealthstore.com\/de\/product\/osmanthus-absolute\/#breadcrumb\"},\"inLanguage\":\"de\",\"potentialAction\":[{\"@type\":\"ReadAction\",\"target\":[\"https:\/\/dutchhealthstore.com\/de\/product\/osmanthus-absolute\/\"]}]},{\"@type\":\"ImageObject\",\"inLanguage\":\"de\",\"@id\":\"https:\/\/dutchhealthstore.com\/de\/product\/osmanthus-absolute\/#primaryimage\",\"url\":\"https:\/\/dutchhealthstore.com\/wp-content\/uploads\/2020\/05\/2025-04-15-13_37_15-Osmanthus-Absolute-\u2013-Living-Libations-INT-1.jpg\",\"contentUrl\":\"https:\/\/dutchhealthstore.com\/wp-content\/uploads\/2020\/05\/2025-04-15-13_37_15-Osmanthus-Absolute-\u2013-Living-Libations-INT-1.jpg\",\"width\":530,\"height\":530},{\"@type\":\"BreadcrumbList\",\"@id\":\"https:\/\/dutchhealthstore.com\/de\/product\/osmanthus-absolute\/#breadcrumb\",\"itemListElement\":[{\"@type\":\"ListItem\",\"position\":1,\"name\":\"Home\",\"item\":\"https:\/\/dutchhealthstore.com\/de\/\"},{\"@type\":\"ListItem\",\"position\":2,\"name\":\"Shop\",\"item\":\"https:\/\/dutchhealthstore.com\/de\/shop-2\/\"},{\"@type\":\"ListItem\",\"position\":3,\"name\":\"Osmanthus Absolute\"}]},{\"@type\":\"WebSite\",\"@id\":\"https:\/\/dutchhealthstore.com\/de\/#website\",\"url\":\"https:\/\/dutchhealthstore.com\/de\/\",\"name\":\"Dutch Health Store\",\"description\":\"Enhance Your Beauty with Organic &amp; Natural Skincare\",\"publisher\":{\"@id\":\"https:\/\/dutchhealthstore.com\/de\/#organization\"},\"potentialAction\":[{\"@type\":\"SearchAction\",\"target\":{\"@type\":\"EntryPoint\",\"urlTemplate\":\"https:\/\/dutchhealthstore.com\/de\/?s={search_term_string}\"},\"query-input\":{\"@type\":\"PropertyValueSpecification\",\"valueRequired\":true,\"valueName\":\"search_term_string\"}}],\"inLanguage\":\"de\"},{\"@type\":\"Organization\",\"@id\":\"https:\/\/dutchhealthstore.com\/de\/#organization\",\"name\":\"Dutch Health Store\",\"url\":\"https:\/\/dutchhealthstore.com\/de\/\",\"logo\":{\"@type\":\"ImageObject\",\"inLanguage\":\"de\",\"@id\":\"https:\/\/dutchhealthstore.com\/de\/#\/schema\/logo\/image\/\",\"url\":\"https:\/\/dutchhealthstore.com\/wp-content\/uploads\/2020\/08\/logo-dutchhealthstore-jpg-e1599484957574.jpg\",\"contentUrl\":\"https:\/\/dutchhealthstore.com\/wp-content\/uploads\/2020\/08\/logo-dutchhealthstore-jpg-e1599484957574.jpg\",\"width\":400,\"height\":62,\"caption\":\"Dutch Health Store\"},\"image\":{\"@id\":\"https:\/\/dutchhealthstore.com\/de\/#\/schema\/logo\/image\/\"},\"sameAs\":[\"https:\/\/www.instagram.com\/dutchhealthstore\/\",\"https:\/\/www.facebook.com\/dutchhealthstore\"]}]}<\/script>\n<meta property=\"product:brand\" content=\"Living Libations\" \/>\n<meta property=\"og:availability\" content=\"instock\" \/>\n<meta property=\"product:availability\" content=\"instock\" \/>\n<meta property=\"product:condition\" content=\"new\" \/>\n<!-- \/ Yoast SEO Premium plugin. -->","yoast_head_json":{"title":"Osmanthus Absolute | Living Libations","description":"Die blumige Oase von Osmanthus Absolute ist ein fantastisch duftendes Angebot eines immergr\u00fcnen Strauches, der das Vorletzte an duftenden Bl\u00fctenbl\u00e4ttern hervorbringt.","robots":{"index":"index","follow":"follow","max-snippet":"max-snippet:-1","max-image-preview":"max-image-preview:large","max-video-preview":"max-video-preview:-1"},"canonical":"https:\/\/dutchhealthstore.com\/de\/product\/osmanthus-absolute\/","og_locale":"de_DE","og_type":"article","og_title":"Osmanthus Absolute - Dutch Health Store","og_description":"Die blumige Oase von Osmanthus Absolute ist ein fantastisch duftendes Angebot eines immergr\u00fcnen Strauches, der das Vorletzte an duftenden Bl\u00fctenbl\u00e4ttern hervorbringt.","og_url":"https:\/\/dutchhealthstore.com\/de\/product\/osmanthus-absolute\/","og_site_name":"Dutch Health Store","article_publisher":"https:\/\/www.instagram.com\/dutchhealthstore\/","article_modified_time":"2023-02-07T14:54:23+00:00","og_image":[{"width":500,"height":500,"url":"https:\/\/dutchhealthstore.com\/wp-content\/uploads\/2020\/05\/Osmanthus-Absolute-Living-Libations.-.jpg","type":"image\/jpeg"}],"twitter_card":"summary_large_image","twitter_misc":{"Verf\u00fcgbarkeit":"Auf Lager"},"schema":{"@context":"https:\/\/schema.org","@graph":[{"@type":"WebPage","@id":"https:\/\/dutchhealthstore.com\/de\/product\/osmanthus-absolute\/","url":"https:\/\/dutchhealthstore.com\/de\/product\/osmanthus-absolute\/","name":"Osmanthus Absolute | Living Libations","isPartOf":{"@id":"https:\/\/dutchhealthstore.com\/de\/#website"},"primaryImageOfPage":{"@id":"https:\/\/dutchhealthstore.com\/de\/product\/osmanthus-absolute\/#primaryimage"},"image":{"@id":"https:\/\/dutchhealthstore.com\/de\/product\/osmanthus-absolute\/#primaryimage"},"thumbnailUrl":"https:\/\/dutchhealthstore.com\/wp-content\/uploads\/2020\/05\/2025-04-15-13_37_15-Osmanthus-Absolute-\u2013-Living-Libations-INT-1.jpg","datePublished":"2020-05-14T12:39:28+00:00","dateModified":"2023-02-07T14:54:23+00:00","description":"Die blumige Oase von Osmanthus Absolute ist ein fantastisch duftendes Angebot eines immergr\u00fcnen Strauches, der das Vorletzte an duftenden Bl\u00fctenbl\u00e4ttern hervorbringt.","breadcrumb":{"@id":"https:\/\/dutchhealthstore.com\/de\/product\/osmanthus-absolute\/#breadcrumb"},"inLanguage":"de","potentialAction":[{"@type":"ReadAction","target":["https:\/\/dutchhealthstore.com\/de\/product\/osmanthus-absolute\/"]}]},{"@type":"ImageObject","inLanguage":"de","@id":"https:\/\/dutchhealthstore.com\/de\/product\/osmanthus-absolute\/#primaryimage","url":"https:\/\/dutchhealthstore.com\/wp-content\/uploads\/2020\/05\/2025-04-15-13_37_15-Osmanthus-Absolute-\u2013-Living-Libations-INT-1.jpg","contentUrl":"https:\/\/dutchhealthstore.com\/wp-content\/uploads\/2020\/05\/2025-04-15-13_37_15-Osmanthus-Absolute-\u2013-Living-Libations-INT-1.jpg","width":530,"height":530},{"@type":"BreadcrumbList","@id":"https:\/\/dutchhealthstore.com\/de\/product\/osmanthus-absolute\/#breadcrumb","itemListElement":[{"@type":"ListItem","position":1,"name":"Home","item":"https:\/\/dutchhealthstore.com\/de\/"},{"@type":"ListItem","position":2,"name":"Shop","item":"https:\/\/dutchhealthstore.com\/de\/shop-2\/"},{"@type":"ListItem","position":3,"name":"Osmanthus Absolute"}]},{"@type":"WebSite","@id":"https:\/\/dutchhealthstore.com\/de\/#website","url":"https:\/\/dutchhealthstore.com\/de\/","name":"Dutch Health Store","description":"Enhance Your Beauty with Organic &amp; Natural Skincare","publisher":{"@id":"https:\/\/dutchhealthstore.com\/de\/#organization"},"potentialAction":[{"@type":"SearchAction","target":{"@type":"EntryPoint","urlTemplate":"https:\/\/dutchhealthstore.com\/de\/?s={search_term_string}"},"query-input":{"@type":"PropertyValueSpecification","valueRequired":true,"valueName":"search_term_string"}}],"inLanguage":"de"},{"@type":"Organization","@id":"https:\/\/dutchhealthstore.com\/de\/#organization","name":"Dutch Health Store","url":"https:\/\/dutchhealthstore.com\/de\/","logo":{"@type":"ImageObject","inLanguage":"de","@id":"https:\/\/dutchhealthstore.com\/de\/#\/schema\/logo\/image\/","url":"https:\/\/dutchhealthstore.com\/wp-content\/uploads\/2020\/08\/logo-dutchhealthstore-jpg-e1599484957574.jpg","contentUrl":"https:\/\/dutchhealthstore.com\/wp-content\/uploads\/2020\/08\/logo-dutchhealthstore-jpg-e1599484957574.jpg","width":400,"height":62,"caption":"Dutch Health Store"},"image":{"@id":"https:\/\/dutchhealthstore.com\/de\/#\/schema\/logo\/image\/"},"sameAs":["https:\/\/www.instagram.com\/dutchhealthstore\/","https:\/\/www.facebook.com\/dutchhealthstore"]}]},"product_brand":"Living Libations","og_availability":"instock","product_availability":"instock","product_condition":"new"},"_links":{"self":[{"href":"https:\/\/dutchhealthstore.com\/de\/wp-json\/wp\/v2\/product\/122472","targetHints":{"allow":["GET"]}}],"collection":[{"href":"https:\/\/dutchhealthstore.com\/de\/wp-json\/wp\/v2\/product"}],"about":[{"href":"https:\/\/dutchhealthstore.com\/de\/wp-json\/wp\/v2\/types\/product"}],"replies":[{"embeddable":true,"href":"https:\/\/dutchhealthstore.com\/de\/wp-json\/wp\/v2\/comments?post=122472"}],"wp:featuredmedia":[{"embeddable":true,"href":"https:\/\/dutchhealthstore.com\/de\/wp-json\/wp\/v2\/media\/337445"}],"wp:attachment":[{"href":"https:\/\/dutchhealthstore.com\/de\/wp-json\/wp\/v2\/media?parent=122472"}],"wp:term":[{"taxonomy":"product_brand","embeddable":true,"href":"https:\/\/dutchhealthstore.com\/de\/wp-json\/wp\/v2\/product_brand?post=122472"},{"taxonomy":"product_cat","embeddable":true,"href":"https:\/\/dutchhealthstore.com\/de\/wp-json\/wp\/v2\/product_cat?post=122472"},{"taxonomy":"product_tag","embeddable":true,"href":"https:\/\/dutchhealthstore.com\/de\/wp-json\/wp\/v2\/product_tag?post=122472"}],"curies":[{"name":"wp","href":"https:\/\/api.w.org\/{rel}","templated":true}]}}