{"id":122461,"date":"2020-06-18T13:38:36","date_gmt":"2020-06-18T11:38:36","guid":{"rendered":"https:\/\/dutchhealthstore.com\/product\/orris-root-essential-oil\/"},"modified":"2026-02-24T15:37:44","modified_gmt":"2026-02-24T14:37:44","slug":"orris-root-essential-oil","status":"publish","type":"product","link":"https:\/\/dutchhealthstore.com\/de\/product\/orris-root-essential-oil\/","title":{"rendered":"Orris Root Essential Oil"},"content":{"rendered":"<p><img decoding=\"async\" class=\"size-full wp-image-69549 alignright\" src=\"https:\/\/dutchhealthstore.com\/wp-content\/uploads\/2019\/08\/NEW-Living-Libations-Logo.jpg\" alt=\"NEW - Living Libations - Logo\" width=\"175\" height=\"82\"><strong>Botanischer Name:<\/strong> Iris germanica var. florentina<br \/>\n<strong>Botanische Familie:<\/strong> Iridaceae<br \/>\n<strong>Extraktionsverfahren:<\/strong> CO2<br \/>\n<strong>Teil der Pflanze Destilliert:<\/strong> Rhizome<br \/>\n<strong>Herkunftsland:<\/strong> Serbien<br \/>\n<strong>Anbaumethode:<\/strong> Bio<br \/>\n<strong>Zusammensetzung:<\/strong> 100% Iris germanica var. florentina<br \/>\n<strong>Konsistenz:<\/strong> Dickfl\u00fcssig<\/p>\n<h3>Beschreibung des Duftes<\/h3>\n<p>Romantische, balsamische Noten von Fr\u00fcchten und Beeren mit wurzeligen Untert\u00f6nen von lebhaftem Veilchen. Der Duft ist so veilchenartig, dass er die Phantasie der Parf\u00fcmeure seit Jahrhunderten befl\u00fcgelt.<\/p>\n<h3>Gut mischbar mit<\/h3>\n<p>Vetiver, Weihrauch, Rose, Jasmin, Ylang, alle Zitrusfr\u00fcchte, Lavendel, Wei\u00dftanne, Melisse, Nelke, Orangenbl\u00fcten-Absolue, Neroli, Majoran, Inula, Sandelholz, Bergamotte, Moschusmalve, Zeder, Geranie und Tuberose.<\/p>\n<h3>Verwendet<\/h3>\n<p>K\u00f6stlich in der Parf\u00fcmerie und in \u00e4therischen \u00d6lmischungen.<\/p>\n<p>Gegr\u00fc\u00dft sei die heilige Iris, deren reiche Wurzeln eine Basisnote aus reichlich duftenden Fr\u00fcchten bieten. Der \u00fcberkritische Extrakt der Orriswurzel wird aus den Rhizomen (Wurzeln) der Iris-Pflanze gewonnen, nachdem er unterirdisch gelagert und mindestens drei Jahre lang gereift ist. W\u00e4hrend die Knospen den charakteristischen, s\u00fc\u00dfen Duft der alten Iris verstr\u00f6men, sind die Wurzeln der Pflanze am reichhaltigsten an aromatischen K\u00f6stlichkeiten. Diese gealterten Rhizome \u00fcbertreffen die Bl\u00fcten im Hinblick auf ihren Eisengehalt, der dem Extrakt sein \u00e4therisches, \u00fcberirdisches Aroma verleiht.<\/p>\n<p>Die Irisblume geht auf die Antike zur\u00fcck, als sie nach der G\u00f6ttin Isis benannt wurde. Isis war eine G\u00f6tterbotin, die oft mit dem Regenbogen in Verbindung gebracht wurde. Wie ihre Schutzpatronin und G\u00f6ttin ist auch die Irisblume regenbogenartig, denn aus ihren Wurzeln entspringt jedes Jahr eine Vielzahl von bunten Bl\u00fcten. Gelbe, rosafarbene, wei\u00dfe und violettblaue Farbt\u00f6ne tauchen aus der Erde auf, w\u00e4hrend Iris sich in Petticoats aus reinen Bl\u00fcten ausdr\u00fcckt. In Frankreich stehen die Bl\u00fctenbl\u00e4tter der Iris f\u00fcr Tapferkeit, Weisheit und Glauben.<\/p>\n<p>Um ein einziges Kilo Orriswurzel-Extrakt im \u00fcberkritischen Zustand herzustellen, werden \u00fcber 30 Kilogramm rohe Orriswurzeln ben\u00f6tigt. Das \u00d6l ist eine au\u00dfergew\u00f6hnliche Basisnote, denn es hat ein traumhaftes, cremiges, karamellartiges Fruchtaroma, das sich hervorragend f\u00fcr die Parf\u00fcmerie, die K\u00fcche, die Naturkosmetik und zur geschmacklichen Aufwertung von Getr\u00e4nken und Lik\u00f6ren eignet.<\/p>\n<p><strong>Gr\u00f6\u00dfe: 2,5 ml, 5 ml und 15 ml<\/strong><\/p>\n<h3>Bio-Zutaten<\/h3>\n<p>100% \u00e4therisches \u00d6l der Iriswurzel (Iris germanica var. florentina).<\/p>\n<p style=\"text-align: center;\"><em>&#8222;Da das Wurzelmaterial nur eine geringe Menge \u00d6l liefert, ist Iris\u00f6l (Orris) teuer. Sein Duft ist wie der von Veilchen &#8211; s\u00fc\u00df, blumig, warm und beruhigend. Sein himmlischer Duft hilft, den Geist ins Gleichgewicht zu bringen, mentale oder emotionale Blockaden aufzul\u00f6sen und innere Verletzungen zu heilen. Es hilft, Kreativit\u00e4t, Intuition und Liebe zu stimulieren. In Parf\u00fcms wird Iris\u00f6l als Fixativ verwendet&#8230; in kostbaren Hautlotionen, da es die Gesichtshaut verw\u00f6hnt und reinigt.&#8220;<\/em><br \/>\n~ Susanne Fischer-Rizzi, <strong>Complete Aromatherapy Handbook<\/strong><\/p>\n<p style=\"text-align: center;\"><em>&#8222;Die Griechen und R\u00f6mer verwendeten Orris in vielen ihrer Parf\u00fcmsalben und mischten es auch in ihre Zubereitungen.<\/em><br \/>\n~ Jill Jessee, <strong>Perfume Album<\/strong><\/p>\n<p style=\"text-align: center;\"><em>&#8222;M\u00fcssen Sie wissen, dass Ihr Bild das &#8222;bessere&#8220; sein wird, bevor Sie den Pinsel in die Hand nehmen und malen? Kann es nicht einfach ein anderes Bild sein? Ein anderer Ausdruck von Sch\u00f6nheit? Muss eine Rose &#8222;besser&#8220; sein als eine Schwertlilie, um ihre Existenz zu rechtfertigen? Ich sage euch: Ihr seid alle Blumen im Garten der G\u00f6tter&#8220;.<\/em><br \/>\n~ Neale Donald Walsh, <strong>Friendship with God: An Uncommon Dialogue<\/strong><\/p>\n<p style=\"text-align: center;\"><em>&#8222;Iris\u00f6l wird aus den Wurzeln (Rhizomen) der blau und violett bl\u00fchenden &#8222;b\u00e4rtigen&#8220; Schwertlilien gewonnen, die vor allem in der Umgebung von Florenz und in Marokko angebaut werden. Der spezielle Anbau in Irisplantagen, die dreij\u00e4hrige Lagerung der Rhizome und das komplizierte Aufbereitungsverfahren machen das Iris\u00f6l zu einer der teuersten Zutaten in der Parf\u00fcmerie. Ein Kilogramm Iris Absolute, das aus der hochwertigen Irisbutter gewonnen wird, kostet 40.000-50.000 Euro.&#8220;<\/em><br \/>\n~ Bernd Schaefer, <strong>Natural Products in the Chemical Industry<\/strong><\/p>\n<p>&nbsp;<\/p>\n<p><img fetchpriority=\"high\" decoding=\"async\" class=\"size-medium wp-image-68103 aligncenter\" src=\"https:\/\/dutchhealthstore.com\/wp-content\/uploads\/2018\/02\/Living-Libations-Organic-Logo-800x89.png\" alt=\"Living Libations - Organic Logo\" width=\"800\" height=\"89\" srcset=\"https:\/\/dutchhealthstore.com\/wp-content\/uploads\/2018\/02\/Living-Libations-Organic-Logo-800x89.png 800w, https:\/\/dutchhealthstore.com\/wp-content\/uploads\/2018\/02\/Living-Libations-Organic-Logo-510x57.png 510w, https:\/\/dutchhealthstore.com\/wp-content\/uploads\/2018\/02\/Living-Libations-Organic-Logo-768x85.png 768w, https:\/\/dutchhealthstore.com\/wp-content\/uploads\/2018\/02\/Living-Libations-Organic-Logo.png 1400w\" sizes=\"(max-width: 800px) 100vw, 800px\" \/><\/p>\n","protected":false},"excerpt":{"rendered":"<p>Orris Root Essential Oil opulentes ist eine dicke und cremige superkritische Extraktion, die ein Aroma von \u00fcppigen, wurzeligen Karamellnoten einf\u00e4ngt, die mit einem Hauch von Veilchen akzentuiert sind. Das aus den Rhizomen der Schwertlilie gewonnene Orris Root Essential Oil vereint die uralte Ehrfurcht vor der k\u00f6niglichen Blume mit dem dekadenten Bouquet ihrer tiefsten und reichhaltigsten Wurzeln.<\/p>\n","protected":false},"featured_media":107753,"comment_status":"open","ping_status":"closed","template":"","meta":[],"product_brand":[],"product_cat":[6737,1508,1546,1493,1210,6736],"product_tag":[1547],"class_list":{"0":"post-122461","1":"product","2":"type-product","3":"status-publish","4":"has-post-thumbnail","6":"product_cat-essential-oils-de-2","7":"product_cat-aetherische-oele-living-libations","8":"product_cat-essential-oils-living-libations-de","9":"product_cat-living-libations-deutschland","10":"product_cat-marken","11":"product_cat-wellness-de","12":"product_tag-essential-oil-de","13":"pa_brand-livinglibations-de","14":"pa_essential-oils-product-type-essential-oils-de","15":"pa_size-15-ml-de-2","16":"pa_size-2-5-ml-de","17":"pa_size-5-ml-de","19":"first","20":"instock","21":"taxable","22":"shipping-taxable","23":"purchasable","24":"product-type-variable"},"bundled_by":[],"bundle_stock_status":"instock","bundle_stock_quantity":null,"bundle_virtual":false,"bundle_layout":"","bundle_add_to_cart_form_location":"","bundle_editable_in_cart":false,"bundle_sold_individually_context":"","bundle_item_grouping":"","bundle_min_size":"","bundle_max_size":"","bundle_price":[],"bundled_items":[],"bundle_sell_ids":[],"atum_controlled":true,"out_stock_date":null,"out_stock_threshold":null,"inheritable":true,"stock_on_hold":1,"sold_today":0,"sales_last_days":0,"out_stock_days":0,"lost_sales":0,"update_date":"2026-04-14T00:04:30","atum_locations":[],"atum_stock_status":"instock","restock_status":false,"low_stock_amount":"","sales_update_date":"2026-04-14T00:04:30","calc_backorders":null,"group_of_quantity":0,"min_quantity":0,"max_quantity":"","exclude_order_quantity_value_rules":"no","exclude_category_quantity_rules":"no","combine_variations":"no","yoast_head":"<!-- This site is optimized with the Yoast SEO Premium plugin v26.5 (Yoast SEO v26.5) - https:\/\/yoast.com\/wordpress\/plugins\/seo\/ -->\n<title>Auf der Suche nach Orris Root Essential Oil? Bestellen Sie Orris Root Essential Oil heute bei Dutch Health Store. Pers\u00f6nlicher Kontakt &amp; schnelle Versand.<\/title>\n<meta name=\"description\" content=\"Opulentes Orris Root Essential Oil ist eine dicke und cremige superkritische Extraktion, die ein Aroma von \u00fcppigen, wurzeligen Karamellnoten einf\u00e4ngt.\" \/>\n<meta name=\"robots\" content=\"index, follow, max-snippet:-1, max-image-preview:large, max-video-preview:-1\" \/>\n<link rel=\"canonical\" href=\"https:\/\/dutchhealthstore.com\/de\/product\/orris-root-essential-oil\/\" \/>\n<meta property=\"og:locale\" content=\"de_DE\" \/>\n<meta property=\"og:type\" content=\"article\" \/>\n<meta property=\"og:title\" content=\"Orris Root Essential Oil - Dutch Health Store\" \/>\n<meta property=\"og:description\" content=\"Opulentes Orris Root Essential Oil ist eine dicke und cremige superkritische Extraktion, die ein Aroma von \u00fcppigen, wurzeligen Karamellnoten einf\u00e4ngt.\" \/>\n<meta property=\"og:url\" content=\"https:\/\/dutchhealthstore.com\/de\/product\/orris-root-essential-oil\/\" \/>\n<meta property=\"og:site_name\" content=\"Dutch Health Store\" \/>\n<meta property=\"article:publisher\" content=\"https:\/\/www.instagram.com\/dutchhealthstore\/\" \/>\n<meta property=\"article:modified_time\" content=\"2026-02-24T14:37:44+00:00\" \/>\n<meta property=\"og:image\" content=\"https:\/\/dutchhealthstore.com\/wp-content\/uploads\/2020\/06\/Living-Libations-Orris-Root-Essential-Oil-e1592486757103.jpg\" \/>\n\t<meta property=\"og:image:width\" content=\"500\" \/>\n\t<meta property=\"og:image:height\" content=\"500\" \/>\n\t<meta property=\"og:image:type\" content=\"image\/jpeg\" \/>\n<meta name=\"twitter:card\" content=\"summary_large_image\" \/>\n<meta name=\"twitter:label1\" content=\"Verf\u00fcgbarkeit\" \/>\n\t<meta name=\"twitter:data1\" content=\"Auf Lager\" \/>\n<script type=\"application\/ld+json\" class=\"yoast-schema-graph\">{\"@context\":\"https:\/\/schema.org\",\"@graph\":[{\"@type\":\"WebPage\",\"@id\":\"https:\/\/dutchhealthstore.com\/de\/product\/orris-root-essential-oil\/\",\"url\":\"https:\/\/dutchhealthstore.com\/de\/product\/orris-root-essential-oil\/\",\"name\":\"Auf der Suche nach Orris Root Essential Oil? Bestellen Sie Orris Root Essential Oil heute bei Dutch Health Store. Pers\u00f6nlicher Kontakt & schnelle Versand.\",\"isPartOf\":{\"@id\":\"https:\/\/dutchhealthstore.com\/de\/#website\"},\"primaryImageOfPage\":{\"@id\":\"https:\/\/dutchhealthstore.com\/de\/product\/orris-root-essential-oil\/#primaryimage\"},\"image\":{\"@id\":\"https:\/\/dutchhealthstore.com\/de\/product\/orris-root-essential-oil\/#primaryimage\"},\"thumbnailUrl\":\"https:\/\/dutchhealthstore.com\/wp-content\/uploads\/2020\/06\/Living-Libations-Orris-Root-Essential-Oil-e1592486757103.jpg\",\"datePublished\":\"2020-06-18T11:38:36+00:00\",\"dateModified\":\"2026-02-24T14:37:44+00:00\",\"description\":\"Opulentes Orris Root Essential Oil ist eine dicke und cremige superkritische Extraktion, die ein Aroma von \u00fcppigen, wurzeligen Karamellnoten einf\u00e4ngt.\",\"breadcrumb\":{\"@id\":\"https:\/\/dutchhealthstore.com\/de\/product\/orris-root-essential-oil\/#breadcrumb\"},\"inLanguage\":\"de\",\"potentialAction\":[{\"@type\":\"ReadAction\",\"target\":[\"https:\/\/dutchhealthstore.com\/de\/product\/orris-root-essential-oil\/\"]}]},{\"@type\":\"ImageObject\",\"inLanguage\":\"de\",\"@id\":\"https:\/\/dutchhealthstore.com\/de\/product\/orris-root-essential-oil\/#primaryimage\",\"url\":\"https:\/\/dutchhealthstore.com\/wp-content\/uploads\/2020\/06\/Living-Libations-Orris-Root-Essential-Oil-e1592486757103.jpg\",\"contentUrl\":\"https:\/\/dutchhealthstore.com\/wp-content\/uploads\/2020\/06\/Living-Libations-Orris-Root-Essential-Oil-e1592486757103.jpg\",\"width\":500,\"height\":500,\"caption\":\"Living Libations Orris Root Essential Oil\"},{\"@type\":\"BreadcrumbList\",\"@id\":\"https:\/\/dutchhealthstore.com\/de\/product\/orris-root-essential-oil\/#breadcrumb\",\"itemListElement\":[{\"@type\":\"ListItem\",\"position\":1,\"name\":\"Home\",\"item\":\"https:\/\/dutchhealthstore.com\/de\/\"},{\"@type\":\"ListItem\",\"position\":2,\"name\":\"Shop\",\"item\":\"https:\/\/dutchhealthstore.com\/de\/shop-2\/\"},{\"@type\":\"ListItem\",\"position\":3,\"name\":\"Orris Root Essential Oil\"}]},{\"@type\":\"WebSite\",\"@id\":\"https:\/\/dutchhealthstore.com\/de\/#website\",\"url\":\"https:\/\/dutchhealthstore.com\/de\/\",\"name\":\"Dutch Health Store\",\"description\":\"Enhance Your Beauty with Organic &amp; Natural Skincare\",\"publisher\":{\"@id\":\"https:\/\/dutchhealthstore.com\/de\/#organization\"},\"potentialAction\":[{\"@type\":\"SearchAction\",\"target\":{\"@type\":\"EntryPoint\",\"urlTemplate\":\"https:\/\/dutchhealthstore.com\/de\/?s={search_term_string}\"},\"query-input\":{\"@type\":\"PropertyValueSpecification\",\"valueRequired\":true,\"valueName\":\"search_term_string\"}}],\"inLanguage\":\"de\"},{\"@type\":\"Organization\",\"@id\":\"https:\/\/dutchhealthstore.com\/de\/#organization\",\"name\":\"Dutch Health Store\",\"url\":\"https:\/\/dutchhealthstore.com\/de\/\",\"logo\":{\"@type\":\"ImageObject\",\"inLanguage\":\"de\",\"@id\":\"https:\/\/dutchhealthstore.com\/de\/#\/schema\/logo\/image\/\",\"url\":\"https:\/\/dutchhealthstore.com\/wp-content\/uploads\/2020\/08\/logo-dutchhealthstore-jpg-e1599484957574.jpg\",\"contentUrl\":\"https:\/\/dutchhealthstore.com\/wp-content\/uploads\/2020\/08\/logo-dutchhealthstore-jpg-e1599484957574.jpg\",\"width\":400,\"height\":62,\"caption\":\"Dutch Health Store\"},\"image\":{\"@id\":\"https:\/\/dutchhealthstore.com\/de\/#\/schema\/logo\/image\/\"},\"sameAs\":[\"https:\/\/www.instagram.com\/dutchhealthstore\/\",\"https:\/\/www.facebook.com\/dutchhealthstore\"]}]}<\/script>\n<meta property=\"product:brand\" content=\"Living Libations\" \/>\n<meta property=\"og:availability\" content=\"instock\" \/>\n<meta property=\"product:availability\" content=\"instock\" \/>\n<meta property=\"product:condition\" content=\"new\" \/>\n<!-- \/ Yoast SEO Premium plugin. -->","yoast_head_json":{"title":"Auf der Suche nach Orris Root Essential Oil? Bestellen Sie Orris Root Essential Oil heute bei Dutch Health Store. Pers\u00f6nlicher Kontakt & schnelle Versand.","description":"Opulentes Orris Root Essential Oil ist eine dicke und cremige superkritische Extraktion, die ein Aroma von \u00fcppigen, wurzeligen Karamellnoten einf\u00e4ngt.","robots":{"index":"index","follow":"follow","max-snippet":"max-snippet:-1","max-image-preview":"max-image-preview:large","max-video-preview":"max-video-preview:-1"},"canonical":"https:\/\/dutchhealthstore.com\/de\/product\/orris-root-essential-oil\/","og_locale":"de_DE","og_type":"article","og_title":"Orris Root Essential Oil - Dutch Health Store","og_description":"Opulentes Orris Root Essential Oil ist eine dicke und cremige superkritische Extraktion, die ein Aroma von \u00fcppigen, wurzeligen Karamellnoten einf\u00e4ngt.","og_url":"https:\/\/dutchhealthstore.com\/de\/product\/orris-root-essential-oil\/","og_site_name":"Dutch Health Store","article_publisher":"https:\/\/www.instagram.com\/dutchhealthstore\/","article_modified_time":"2026-02-24T14:37:44+00:00","og_image":[{"width":500,"height":500,"url":"https:\/\/dutchhealthstore.com\/wp-content\/uploads\/2020\/06\/Living-Libations-Orris-Root-Essential-Oil-e1592486757103.jpg","type":"image\/jpeg"}],"twitter_card":"summary_large_image","twitter_misc":{"Verf\u00fcgbarkeit":"Auf Lager"},"schema":{"@context":"https:\/\/schema.org","@graph":[{"@type":"WebPage","@id":"https:\/\/dutchhealthstore.com\/de\/product\/orris-root-essential-oil\/","url":"https:\/\/dutchhealthstore.com\/de\/product\/orris-root-essential-oil\/","name":"Auf der Suche nach Orris Root Essential Oil? Bestellen Sie Orris Root Essential Oil heute bei Dutch Health Store. Pers\u00f6nlicher Kontakt & schnelle Versand.","isPartOf":{"@id":"https:\/\/dutchhealthstore.com\/de\/#website"},"primaryImageOfPage":{"@id":"https:\/\/dutchhealthstore.com\/de\/product\/orris-root-essential-oil\/#primaryimage"},"image":{"@id":"https:\/\/dutchhealthstore.com\/de\/product\/orris-root-essential-oil\/#primaryimage"},"thumbnailUrl":"https:\/\/dutchhealthstore.com\/wp-content\/uploads\/2020\/06\/Living-Libations-Orris-Root-Essential-Oil-e1592486757103.jpg","datePublished":"2020-06-18T11:38:36+00:00","dateModified":"2026-02-24T14:37:44+00:00","description":"Opulentes Orris Root Essential Oil ist eine dicke und cremige superkritische Extraktion, die ein Aroma von \u00fcppigen, wurzeligen Karamellnoten einf\u00e4ngt.","breadcrumb":{"@id":"https:\/\/dutchhealthstore.com\/de\/product\/orris-root-essential-oil\/#breadcrumb"},"inLanguage":"de","potentialAction":[{"@type":"ReadAction","target":["https:\/\/dutchhealthstore.com\/de\/product\/orris-root-essential-oil\/"]}]},{"@type":"ImageObject","inLanguage":"de","@id":"https:\/\/dutchhealthstore.com\/de\/product\/orris-root-essential-oil\/#primaryimage","url":"https:\/\/dutchhealthstore.com\/wp-content\/uploads\/2020\/06\/Living-Libations-Orris-Root-Essential-Oil-e1592486757103.jpg","contentUrl":"https:\/\/dutchhealthstore.com\/wp-content\/uploads\/2020\/06\/Living-Libations-Orris-Root-Essential-Oil-e1592486757103.jpg","width":500,"height":500,"caption":"Living Libations Orris Root Essential Oil"},{"@type":"BreadcrumbList","@id":"https:\/\/dutchhealthstore.com\/de\/product\/orris-root-essential-oil\/#breadcrumb","itemListElement":[{"@type":"ListItem","position":1,"name":"Home","item":"https:\/\/dutchhealthstore.com\/de\/"},{"@type":"ListItem","position":2,"name":"Shop","item":"https:\/\/dutchhealthstore.com\/de\/shop-2\/"},{"@type":"ListItem","position":3,"name":"Orris Root Essential Oil"}]},{"@type":"WebSite","@id":"https:\/\/dutchhealthstore.com\/de\/#website","url":"https:\/\/dutchhealthstore.com\/de\/","name":"Dutch Health Store","description":"Enhance Your Beauty with Organic &amp; Natural Skincare","publisher":{"@id":"https:\/\/dutchhealthstore.com\/de\/#organization"},"potentialAction":[{"@type":"SearchAction","target":{"@type":"EntryPoint","urlTemplate":"https:\/\/dutchhealthstore.com\/de\/?s={search_term_string}"},"query-input":{"@type":"PropertyValueSpecification","valueRequired":true,"valueName":"search_term_string"}}],"inLanguage":"de"},{"@type":"Organization","@id":"https:\/\/dutchhealthstore.com\/de\/#organization","name":"Dutch Health Store","url":"https:\/\/dutchhealthstore.com\/de\/","logo":{"@type":"ImageObject","inLanguage":"de","@id":"https:\/\/dutchhealthstore.com\/de\/#\/schema\/logo\/image\/","url":"https:\/\/dutchhealthstore.com\/wp-content\/uploads\/2020\/08\/logo-dutchhealthstore-jpg-e1599484957574.jpg","contentUrl":"https:\/\/dutchhealthstore.com\/wp-content\/uploads\/2020\/08\/logo-dutchhealthstore-jpg-e1599484957574.jpg","width":400,"height":62,"caption":"Dutch Health Store"},"image":{"@id":"https:\/\/dutchhealthstore.com\/de\/#\/schema\/logo\/image\/"},"sameAs":["https:\/\/www.instagram.com\/dutchhealthstore\/","https:\/\/www.facebook.com\/dutchhealthstore"]}]},"product_brand":"Living Libations","og_availability":"instock","product_availability":"instock","product_condition":"new"},"_links":{"self":[{"href":"https:\/\/dutchhealthstore.com\/de\/wp-json\/wp\/v2\/product\/122461","targetHints":{"allow":["GET"]}}],"collection":[{"href":"https:\/\/dutchhealthstore.com\/de\/wp-json\/wp\/v2\/product"}],"about":[{"href":"https:\/\/dutchhealthstore.com\/de\/wp-json\/wp\/v2\/types\/product"}],"replies":[{"embeddable":true,"href":"https:\/\/dutchhealthstore.com\/de\/wp-json\/wp\/v2\/comments?post=122461"}],"wp:featuredmedia":[{"embeddable":true,"href":"https:\/\/dutchhealthstore.com\/de\/wp-json\/wp\/v2\/media\/107753"}],"wp:attachment":[{"href":"https:\/\/dutchhealthstore.com\/de\/wp-json\/wp\/v2\/media?parent=122461"}],"wp:term":[{"taxonomy":"product_brand","embeddable":true,"href":"https:\/\/dutchhealthstore.com\/de\/wp-json\/wp\/v2\/product_brand?post=122461"},{"taxonomy":"product_cat","embeddable":true,"href":"https:\/\/dutchhealthstore.com\/de\/wp-json\/wp\/v2\/product_cat?post=122461"},{"taxonomy":"product_tag","embeddable":true,"href":"https:\/\/dutchhealthstore.com\/de\/wp-json\/wp\/v2\/product_tag?post=122461"}],"curies":[{"name":"wp","href":"https:\/\/api.w.org\/{rel}","templated":true}]}}