{"id":121630,"date":"2020-06-27T14:31:43","date_gmt":"2020-06-27T12:31:43","guid":{"rendered":"https:\/\/dutchhealthstore.com\/product\/oakmoss-absolute\/"},"modified":"2025-11-15T11:02:05","modified_gmt":"2025-11-15T10:02:05","slug":"oakmoss-absolute","status":"publish","type":"product","link":"https:\/\/dutchhealthstore.com\/de\/product\/oakmoss-absolute\/","title":{"rendered":"Oakmoss Absolute"},"content":{"rendered":"<h3><img decoding=\"async\" class=\"alignright size-full wp-image-69549\" src=\"https:\/\/dutchhealthstore.com\/wp-content\/uploads\/2019\/08\/NEW-Living-Libations-Logo.jpg\" alt=\"NEW - Living Libations - Logo\" width=\"175\" height=\"82\"><\/h3>\n<p><strong>Botanischer Name:<\/strong> Evernia prunastri<br \/>\n<strong>Botanische Familie:<\/strong> Parmeliaceae<br \/>\n<strong>Extraktionsverfahren:<\/strong> L\u00f6sungsmittel extrahiert<br \/>\n<strong>Teil der Pflanze Destilliert:<\/strong> Flechte<br \/>\n<strong>Herkunftsland:<\/strong> Mazedonien<br \/>\n<strong>Anbaumethode:<\/strong> Wildsammlung<br \/>\n<strong>Zusammensetzung:<\/strong> Dickes<\/p>\n<h3>Beschreibung des Duftes<\/h3>\n<p>Tau, erdig, herrliches Moos mit aromatischen Noten von frischem Waldboden und Kiefer<\/p>\n<h3>Gut mischbar mit<\/h3>\n<p>Vetiver, Vanille, Patchouli, Sandelholz, Spikenard, Orriswurzel, Kakao-Absolue, Wei\u00dftanne, Kiefer, Gr\u00f6nlandmoos, Zitrone, Limette, Wacholder, Zypresse und Blutorange.<\/p>\n<h3>Verwendet<\/h3>\n<p>Parf\u00fcmerie, Meditation, Aromatherapie<\/p>\n<h3>Kontraindikationen<\/h3>\n<p>Nicht empfohlen f\u00fcr Kinder, schwangere Frauen, stillende M\u00fctter, Epileptiker und \u00e4ltere Menschen. Siehe Anmerkung unten.*<\/p>\n<p>Unser Oakmoss Absolute ist ein gr\u00fcnes, erdiges Aroma, das unter den \u00e4therischen \u00d6len absolut einzigartig ist!<br \/>\nDieses z\u00e4hfl\u00fcssige, dunkelgr\u00fcne Absolue wird aus Flechten gewonnen, die sich an der Rinde franz\u00f6sischer Eichen in feuchten W\u00e4ldern festsetzen.<br \/>\nDie Flechte bietet ein frisches, moosiges, aromatisches \u00d6l, das in der Parf\u00fcmerie seit Jahrzehnten ein Grundduft von Chypre-Akkorden und Foug\u00e8re-D\u00fcften ist.<\/p>\n<h3>Bio-Zutaten<\/h3>\n<p><strong>Gr\u00f6\u00dfe: 5 ml (50:50 Alkohol)<\/strong><\/p>\n<p>100% Eichenmoos (Evernia prunastri) absolut.<\/p>\n<p style=\"text-align: center;\"><em>&#8222;Eichenmoos ist eines der besten Fixiermittel und verleiht den Parf\u00fcms eine anhaltende &#8222;holzige&#8220; oder &#8222;erdige&#8220; Note. Es ist unentbehrlich f\u00fcr die Formulierung von Chypre-D\u00fcften, von denen es eine Vielzahl von Variationen gibt, aber Eichenmoos ist zusammen mit Bergamotte in allen enthalten. Eichenmoos ist auch eine ausgezeichnete Basis f\u00fcr Foug\u00e8re-Parf\u00fcms, und in Lavendel ist es absolut unverzichtbar. Bergamotte, Zitrone und Limette verleihen ihm eine bezaubernde Frische, und den blumigen D\u00fcften von Jasmin, Rose und Orangenbl\u00fcte verleiht es ein gewisses Etwas. Ylang Ylang, Koriander und Vanille verleiht es einen gewissen &#8222;Ton&#8220;, w\u00e4hrend es Patchouli, Vetiver und Moschus Tiefe und Stabilit\u00e4t verleiht&#8230; Kein Wunder also, dass Eichenmoos von den Parf\u00fcmeuren so hoch gesch\u00e4tzt wird.&#8220;<\/em><br \/>\n~ Jill Jessee, <strong>Perfume Album<\/strong><\/p>\n<p style=\"text-align: center;\"><em>&#8222;Der Duft ist voll, moosig und etwas teerartig. Es ist ein nat\u00fcrliches Fixiermittel f\u00fcr Parf\u00fcms&#8220;.<\/em><br \/>\n~ Susanne Fischer-Rizzi, <strong>Complete Aromatherapy Handbook<\/strong><\/p>\n<p style=\"text-align: center;\"><em>&#8222;Trotz seiner langen Tradition in der Parf\u00fcmerie, seines einzigartigen und unersetzlichen Geruchs und seines fixierenden Charakters ist die Verwendung von Eichenmoos-Absolue inzwischen stark eingeschr\u00e4nkt, und ein vollst\u00e4ndiges Verbot steht m\u00f6glicherweise unmittelbar bevor. Der Grund daf\u00fcr ist, dass es bei Anwendung auf der Haut zu Sensibilisierung und Kreuzreaktivit\u00e4t f\u00fchren kann. Die Parf\u00fcmhersteller haben jedoch gro\u00dfe Anstrengungen unternommen, um die Eichenmoos-Allergene zu identifizieren und Extrakte herzustellen, die frei von den sch\u00e4dlichen Bestandteilen (wie Atranorin, Chloratronin und H\u00e4matomaten) sind. Inzwischen sind mehrere Verfahren zur Entfernung dieser Stoffe patentiert worden, und alle Extrakte mit reduziertem Gehalt haben bei Tests gute Ergebnisse erzielt.&#8220;<\/em><br \/>\n~ Jennifer Peace Rhind, Fragrance and Wellbeing: <strong>Pflanzliche Aromastoffe und ihr Einfluss auf die Psyche<\/strong><\/p>\n<p style=\"text-align: center;\"><em>&#8222;Es [oakmoss] wurde in \u00e4gyptischen Gr\u00e4bern gefunden. Es war in Parf\u00fcms des sechzehnten Jahrhunderts sehr beliebt und ist auch heute noch ein Fixativ in chypreartigen Parf\u00fcms (benannt nach Zypern, der Heimat dieses Mooses).&#8220;<\/em><br \/>\n~ Keville and Green, <strong>Aromatherapy: A Complete Guide to the Art<\/strong><\/p>\n<p style=\"text-align: center;\"><em>&#8222;Ist es nicht klar, dass die Moosbl\u00e4tter, abgesehen davon<\/em><br \/>\n<em>dass sie keine Zunge haben,<\/em><br \/>\n<em>den ganzen Tag \u00fcber geistliche Geduld belehren k\u00f6nnten,<\/em><br \/>\n<em>wenn sie wollten? Ist es nicht klar, dass<\/em><br \/>\n<em>die schwarzen Eichen entlang des Weges stehen<\/em><br \/>\n<em>als ob sie die zerbrechlichsten Blumen w\u00e4ren?&#8220;<\/em><br \/>\n~ Susan Branch, A Fine Romance: <strong>Falling in Love with the English Countryside<\/strong><\/p>\n<p><strong>*Hinweis:<\/strong> Seit den 1940er Jahren gibt es Beschr\u00e4nkungen f\u00fcr Eichenmoos-Absolue, da es Reizungen und Hautsensibilisierungen verursachen kann. Einige seiner Bestandteile, wie Atranorin, H\u00e4matomate und Chloratronin, k\u00f6nnen bei empfindlicher Haut Ausschl\u00e4ge und Reaktionen hervorrufen.<\/p>\n<p>In einem k\u00fcrzlich erschienenen Bericht zur Untersuchung der Sicherheit von Oakmoss Absolute stellten Joulain und Tabacchi (2009) jedoch zahlreiche Ungereimtheiten und Ungenauigkeiten in der Forschung fest, die zu den aktuellen Bedenken gegen\u00fcber Oakmoss Absolute beigetragen haben.<br \/>\nBei der Untersuchung von Forschungsarbeiten, die zwischen den 1940er und 1970er Jahren durchgef\u00fchrt wurden, stie\u00dfen die Autoren dieses Berichts auf irref\u00fchrende Ver\u00f6ffentlichungen, ungenaue Informationen und unbegr\u00fcndete Schlussfolgerungen, die aus m\u00f6glicherweise fehlerhaften toxikologischen Tests gezogen wurden. W\u00e4hrend die Sicherheit von Oakmoss Absolute f\u00fcr die meisten Hauttypen gew\u00e4hrleistet ist, ist das Potenzial f\u00fcr Sensibilisierung ein komplexes Thema, das von Parf\u00fcmeuren noch immer diskutiert wird.<br \/>\nAus diesem Grund wird empfohlen, Eichenmoos-Absolue auf 0,1 % zu verd\u00fcnnen, um die M\u00f6glichkeit einer Hautsensibilisierung zu vermeiden.<\/p>\n<p><img fetchpriority=\"high\" decoding=\"async\" class=\"size-medium wp-image-68103 aligncenter\" src=\"https:\/\/dutchhealthstore.com\/wp-content\/uploads\/2018\/02\/Living-Libations-Organic-Logo-800x89.png\" alt=\"Living Libations - Organic Logo\" width=\"800\" height=\"89\" srcset=\"https:\/\/dutchhealthstore.com\/wp-content\/uploads\/2018\/02\/Living-Libations-Organic-Logo-800x89.png 800w, https:\/\/dutchhealthstore.com\/wp-content\/uploads\/2018\/02\/Living-Libations-Organic-Logo-510x57.png 510w, https:\/\/dutchhealthstore.com\/wp-content\/uploads\/2018\/02\/Living-Libations-Organic-Logo-768x85.png 768w, https:\/\/dutchhealthstore.com\/wp-content\/uploads\/2018\/02\/Living-Libations-Organic-Logo.png 1400w\" sizes=\"(max-width: 800px) 100vw, 800px\" \/><\/p>\n","protected":false},"excerpt":{"rendered":"<p>Jedes Lebewesen im Wald strahlt eine Essenz aus.<br \/>\nBl\u00fchende Prachtst\u00fccke, hohe B\u00e4ume, duftende Bl\u00e4tter und robuste Wurzeln m\u00f6gen den ganzen Ruhm einheimsen, doch es sind die kleinsten Organismen der Natur, die uns die Schau stehlen.<br \/>\nUnser <strong>Oakmoss Absolute<\/strong> wird aus nat\u00fcrlich wachsenden franz\u00f6sischen Flechten destilliert, einer Kombination aus Pilzen und Algen, die Eichen in einer endlosen Umarmung umh\u00fcllen.<br \/>\nDas Absolue, das aus der Flechte gewonnen wird, bietet eine majest\u00e4tische, moosige Essenz, die in der Parf\u00fcmerie beliebt ist.<\/p>\n","protected":false},"featured_media":113922,"comment_status":"open","ping_status":"closed","template":"","meta":[],"product_brand":[],"product_cat":[1551,1508,6737,1493,1210,6736],"product_tag":[1547],"class_list":{"0":"post-121630","1":"product","2":"type-product","3":"status-publish","4":"has-post-thumbnail","6":"product_cat-absolute-essenz-living-libations","7":"product_cat-aetherische-oele-living-libations","8":"product_cat-essential-oils-de-2","9":"product_cat-living-libations-deutschland","10":"product_cat-marken","11":"product_cat-wellness-de","12":"product_tag-essential-oil-de","13":"pa_brand-livinglibations-de","14":"pa_essential-oils-product-type-absolute-essences-de","15":"pa_essential-oils-product-type-essential-oils-de","16":"pa_size-5-ml-50-50-alcohol-de","18":"first","19":"instock","20":"taxable","21":"shipping-taxable","22":"purchasable","23":"product-type-simple"},"bundled_by":[],"bundle_stock_status":"instock","bundle_stock_quantity":2,"bundle_virtual":false,"bundle_layout":"","bundle_add_to_cart_form_location":"","bundle_editable_in_cart":false,"bundle_sold_individually_context":"","bundle_item_grouping":"","bundle_min_size":"","bundle_max_size":"","bundle_price":[],"bundled_items":[],"bundle_sell_ids":[],"atum_controlled":true,"out_stock_date":null,"out_stock_threshold":null,"inheritable":false,"stock_on_hold":0,"sold_today":0,"sales_last_days":0,"out_stock_days":0,"lost_sales":0,"update_date":"2026-04-16T00:05:15","atum_locations":[],"atum_stock_status":"instock","restock_status":false,"low_stock_amount":"","sales_update_date":"2026-04-16T00:05:15","calc_backorders":null,"group_of_quantity":0,"min_quantity":0,"max_quantity":"","exclude_order_quantity_value_rules":"no","exclude_category_quantity_rules":"no","combine_variations":"no","yoast_head":"<!-- This site is optimized with the Yoast SEO Premium plugin v26.5 (Yoast SEO v26.5) - https:\/\/yoast.com\/wordpress\/plugins\/seo\/ -->\n<title>Oakmoss Absolute | Living Libations<\/title>\n<meta name=\"description\" content=\"Unser Eichenmoos wird aus nat\u00fcrlich wachsenden franz\u00f6sischen Flechten destilliert, einer Kombination aus Pilzen und Algen, die Eichenb\u00e4ume in eine endlose Umarmung h\u00fcllen.\" \/>\n<meta name=\"robots\" content=\"index, follow, max-snippet:-1, max-image-preview:large, max-video-preview:-1\" \/>\n<link rel=\"canonical\" href=\"https:\/\/dutchhealthstore.com\/de\/product\/oakmoss-absolute\/\" \/>\n<meta property=\"og:locale\" content=\"de_DE\" \/>\n<meta property=\"og:type\" content=\"article\" \/>\n<meta property=\"og:title\" content=\"Oakmoss Absolute - Dutch Health Store\" \/>\n<meta property=\"og:description\" content=\"Unser Eichenmoos wird aus nat\u00fcrlich wachsenden franz\u00f6sischen Flechten destilliert, einer Kombination aus Pilzen und Algen, die Eichenb\u00e4ume in eine endlose Umarmung h\u00fcllen.\" \/>\n<meta property=\"og:url\" content=\"https:\/\/dutchhealthstore.com\/de\/product\/oakmoss-absolute\/\" \/>\n<meta property=\"og:site_name\" content=\"Dutch Health Store\" \/>\n<meta property=\"article:publisher\" content=\"https:\/\/www.instagram.com\/dutchhealthstore\/\" \/>\n<meta property=\"article:modified_time\" content=\"2025-11-15T10:02:05+00:00\" \/>\n<meta property=\"og:image\" content=\"https:\/\/dutchhealthstore.com\/wp-content\/uploads\/2020\/06\/Living-Libations-Oakmoss-Absolute-e1594883764434.png\" \/>\n\t<meta property=\"og:image:width\" content=\"500\" \/>\n\t<meta property=\"og:image:height\" content=\"500\" \/>\n\t<meta property=\"og:image:type\" content=\"image\/jpeg\" \/>\n<meta name=\"twitter:card\" content=\"summary_large_image\" \/>\n<meta name=\"twitter:label1\" content=\"Preis\" \/>\n\t<meta name=\"twitter:data1\" content=\"&euro;38,00\" \/>\n\t<meta name=\"twitter:label2\" content=\"Verf\u00fcgbarkeit\" \/>\n\t<meta name=\"twitter:data2\" content=\"Auf Lager\" \/>\n<script type=\"application\/ld+json\" class=\"yoast-schema-graph\">{\"@context\":\"https:\/\/schema.org\",\"@graph\":[{\"@type\":\"WebPage\",\"@id\":\"https:\/\/dutchhealthstore.com\/de\/product\/oakmoss-absolute\/\",\"url\":\"https:\/\/dutchhealthstore.com\/de\/product\/oakmoss-absolute\/\",\"name\":\"Oakmoss Absolute | Living Libations\",\"isPartOf\":{\"@id\":\"https:\/\/dutchhealthstore.com\/de\/#website\"},\"primaryImageOfPage\":{\"@id\":\"https:\/\/dutchhealthstore.com\/de\/product\/oakmoss-absolute\/#primaryimage\"},\"image\":{\"@id\":\"https:\/\/dutchhealthstore.com\/de\/product\/oakmoss-absolute\/#primaryimage\"},\"thumbnailUrl\":\"https:\/\/dutchhealthstore.com\/wp-content\/uploads\/2020\/06\/Living-Libations-Oakmoss-Absolute-e1594883764434.png\",\"datePublished\":\"2020-06-27T12:31:43+00:00\",\"dateModified\":\"2025-11-15T10:02:05+00:00\",\"description\":\"Unser Eichenmoos wird aus nat\u00fcrlich wachsenden franz\u00f6sischen Flechten destilliert, einer Kombination aus Pilzen und Algen, die Eichenb\u00e4ume in eine endlose Umarmung h\u00fcllen.\",\"breadcrumb\":{\"@id\":\"https:\/\/dutchhealthstore.com\/de\/product\/oakmoss-absolute\/#breadcrumb\"},\"inLanguage\":\"de\",\"potentialAction\":[{\"@type\":\"ReadAction\",\"target\":[\"https:\/\/dutchhealthstore.com\/de\/product\/oakmoss-absolute\/\"]}]},{\"@type\":\"ImageObject\",\"inLanguage\":\"de\",\"@id\":\"https:\/\/dutchhealthstore.com\/de\/product\/oakmoss-absolute\/#primaryimage\",\"url\":\"https:\/\/dutchhealthstore.com\/wp-content\/uploads\/2020\/06\/Living-Libations-Oakmoss-Absolute-e1594883764434.png\",\"contentUrl\":\"https:\/\/dutchhealthstore.com\/wp-content\/uploads\/2020\/06\/Living-Libations-Oakmoss-Absolute-e1594883764434.png\",\"width\":500,\"height\":500,\"caption\":\"Living Libations Oakmoss Absolute\"},{\"@type\":\"BreadcrumbList\",\"@id\":\"https:\/\/dutchhealthstore.com\/de\/product\/oakmoss-absolute\/#breadcrumb\",\"itemListElement\":[{\"@type\":\"ListItem\",\"position\":1,\"name\":\"Home\",\"item\":\"https:\/\/dutchhealthstore.com\/de\/\"},{\"@type\":\"ListItem\",\"position\":2,\"name\":\"Shop\",\"item\":\"https:\/\/dutchhealthstore.com\/de\/shop-2\/\"},{\"@type\":\"ListItem\",\"position\":3,\"name\":\"Oakmoss Absolute\"}]},{\"@type\":\"WebSite\",\"@id\":\"https:\/\/dutchhealthstore.com\/de\/#website\",\"url\":\"https:\/\/dutchhealthstore.com\/de\/\",\"name\":\"Dutch Health Store\",\"description\":\"Enhance Your Beauty with Organic &amp; Natural Skincare\",\"publisher\":{\"@id\":\"https:\/\/dutchhealthstore.com\/de\/#organization\"},\"potentialAction\":[{\"@type\":\"SearchAction\",\"target\":{\"@type\":\"EntryPoint\",\"urlTemplate\":\"https:\/\/dutchhealthstore.com\/de\/?s={search_term_string}\"},\"query-input\":{\"@type\":\"PropertyValueSpecification\",\"valueRequired\":true,\"valueName\":\"search_term_string\"}}],\"inLanguage\":\"de\"},{\"@type\":\"Organization\",\"@id\":\"https:\/\/dutchhealthstore.com\/de\/#organization\",\"name\":\"Dutch Health Store\",\"url\":\"https:\/\/dutchhealthstore.com\/de\/\",\"logo\":{\"@type\":\"ImageObject\",\"inLanguage\":\"de\",\"@id\":\"https:\/\/dutchhealthstore.com\/de\/#\/schema\/logo\/image\/\",\"url\":\"https:\/\/dutchhealthstore.com\/wp-content\/uploads\/2020\/08\/logo-dutchhealthstore-jpg-e1599484957574.jpg\",\"contentUrl\":\"https:\/\/dutchhealthstore.com\/wp-content\/uploads\/2020\/08\/logo-dutchhealthstore-jpg-e1599484957574.jpg\",\"width\":400,\"height\":62,\"caption\":\"Dutch Health Store\"},\"image\":{\"@id\":\"https:\/\/dutchhealthstore.com\/de\/#\/schema\/logo\/image\/\"},\"sameAs\":[\"https:\/\/www.instagram.com\/dutchhealthstore\/\",\"https:\/\/www.facebook.com\/dutchhealthstore\"]}]}<\/script>\n<meta property=\"product:brand\" content=\"Living Libations\" \/>\n<meta property=\"product:price:amount\" content=\"38.00\" \/>\n<meta property=\"product:price:currency\" content=\"EUR\" \/>\n<meta property=\"og:availability\" content=\"instock\" \/>\n<meta property=\"product:availability\" content=\"instock\" \/>\n<meta property=\"product:condition\" content=\"new\" \/>\n<!-- \/ Yoast SEO Premium plugin. -->","yoast_head_json":{"title":"Oakmoss Absolute | Living Libations","description":"Unser Eichenmoos wird aus nat\u00fcrlich wachsenden franz\u00f6sischen Flechten destilliert, einer Kombination aus Pilzen und Algen, die Eichenb\u00e4ume in eine endlose Umarmung h\u00fcllen.","robots":{"index":"index","follow":"follow","max-snippet":"max-snippet:-1","max-image-preview":"max-image-preview:large","max-video-preview":"max-video-preview:-1"},"canonical":"https:\/\/dutchhealthstore.com\/de\/product\/oakmoss-absolute\/","og_locale":"de_DE","og_type":"article","og_title":"Oakmoss Absolute - Dutch Health Store","og_description":"Unser Eichenmoos wird aus nat\u00fcrlich wachsenden franz\u00f6sischen Flechten destilliert, einer Kombination aus Pilzen und Algen, die Eichenb\u00e4ume in eine endlose Umarmung h\u00fcllen.","og_url":"https:\/\/dutchhealthstore.com\/de\/product\/oakmoss-absolute\/","og_site_name":"Dutch Health Store","article_publisher":"https:\/\/www.instagram.com\/dutchhealthstore\/","article_modified_time":"2025-11-15T10:02:05+00:00","og_image":[{"width":500,"height":500,"url":"https:\/\/dutchhealthstore.com\/wp-content\/uploads\/2020\/06\/Living-Libations-Oakmoss-Absolute-e1594883764434.png","type":"image\/jpeg"}],"twitter_card":"summary_large_image","twitter_misc":{"Preis":"&euro;38,00","Verf\u00fcgbarkeit":"Auf Lager"},"schema":{"@context":"https:\/\/schema.org","@graph":[{"@type":"WebPage","@id":"https:\/\/dutchhealthstore.com\/de\/product\/oakmoss-absolute\/","url":"https:\/\/dutchhealthstore.com\/de\/product\/oakmoss-absolute\/","name":"Oakmoss Absolute | Living Libations","isPartOf":{"@id":"https:\/\/dutchhealthstore.com\/de\/#website"},"primaryImageOfPage":{"@id":"https:\/\/dutchhealthstore.com\/de\/product\/oakmoss-absolute\/#primaryimage"},"image":{"@id":"https:\/\/dutchhealthstore.com\/de\/product\/oakmoss-absolute\/#primaryimage"},"thumbnailUrl":"https:\/\/dutchhealthstore.com\/wp-content\/uploads\/2020\/06\/Living-Libations-Oakmoss-Absolute-e1594883764434.png","datePublished":"2020-06-27T12:31:43+00:00","dateModified":"2025-11-15T10:02:05+00:00","description":"Unser Eichenmoos wird aus nat\u00fcrlich wachsenden franz\u00f6sischen Flechten destilliert, einer Kombination aus Pilzen und Algen, die Eichenb\u00e4ume in eine endlose Umarmung h\u00fcllen.","breadcrumb":{"@id":"https:\/\/dutchhealthstore.com\/de\/product\/oakmoss-absolute\/#breadcrumb"},"inLanguage":"de","potentialAction":[{"@type":"ReadAction","target":["https:\/\/dutchhealthstore.com\/de\/product\/oakmoss-absolute\/"]}]},{"@type":"ImageObject","inLanguage":"de","@id":"https:\/\/dutchhealthstore.com\/de\/product\/oakmoss-absolute\/#primaryimage","url":"https:\/\/dutchhealthstore.com\/wp-content\/uploads\/2020\/06\/Living-Libations-Oakmoss-Absolute-e1594883764434.png","contentUrl":"https:\/\/dutchhealthstore.com\/wp-content\/uploads\/2020\/06\/Living-Libations-Oakmoss-Absolute-e1594883764434.png","width":500,"height":500,"caption":"Living Libations Oakmoss Absolute"},{"@type":"BreadcrumbList","@id":"https:\/\/dutchhealthstore.com\/de\/product\/oakmoss-absolute\/#breadcrumb","itemListElement":[{"@type":"ListItem","position":1,"name":"Home","item":"https:\/\/dutchhealthstore.com\/de\/"},{"@type":"ListItem","position":2,"name":"Shop","item":"https:\/\/dutchhealthstore.com\/de\/shop-2\/"},{"@type":"ListItem","position":3,"name":"Oakmoss Absolute"}]},{"@type":"WebSite","@id":"https:\/\/dutchhealthstore.com\/de\/#website","url":"https:\/\/dutchhealthstore.com\/de\/","name":"Dutch Health Store","description":"Enhance Your Beauty with Organic &amp; Natural Skincare","publisher":{"@id":"https:\/\/dutchhealthstore.com\/de\/#organization"},"potentialAction":[{"@type":"SearchAction","target":{"@type":"EntryPoint","urlTemplate":"https:\/\/dutchhealthstore.com\/de\/?s={search_term_string}"},"query-input":{"@type":"PropertyValueSpecification","valueRequired":true,"valueName":"search_term_string"}}],"inLanguage":"de"},{"@type":"Organization","@id":"https:\/\/dutchhealthstore.com\/de\/#organization","name":"Dutch Health Store","url":"https:\/\/dutchhealthstore.com\/de\/","logo":{"@type":"ImageObject","inLanguage":"de","@id":"https:\/\/dutchhealthstore.com\/de\/#\/schema\/logo\/image\/","url":"https:\/\/dutchhealthstore.com\/wp-content\/uploads\/2020\/08\/logo-dutchhealthstore-jpg-e1599484957574.jpg","contentUrl":"https:\/\/dutchhealthstore.com\/wp-content\/uploads\/2020\/08\/logo-dutchhealthstore-jpg-e1599484957574.jpg","width":400,"height":62,"caption":"Dutch Health Store"},"image":{"@id":"https:\/\/dutchhealthstore.com\/de\/#\/schema\/logo\/image\/"},"sameAs":["https:\/\/www.instagram.com\/dutchhealthstore\/","https:\/\/www.facebook.com\/dutchhealthstore"]}]},"product_brand":"Living Libations","product_price_amount":"38.00","product_price_currency":"EUR","og_availability":"instock","product_availability":"instock","product_condition":"new"},"_links":{"self":[{"href":"https:\/\/dutchhealthstore.com\/de\/wp-json\/wp\/v2\/product\/121630","targetHints":{"allow":["GET"]}}],"collection":[{"href":"https:\/\/dutchhealthstore.com\/de\/wp-json\/wp\/v2\/product"}],"about":[{"href":"https:\/\/dutchhealthstore.com\/de\/wp-json\/wp\/v2\/types\/product"}],"replies":[{"embeddable":true,"href":"https:\/\/dutchhealthstore.com\/de\/wp-json\/wp\/v2\/comments?post=121630"}],"wp:featuredmedia":[{"embeddable":true,"href":"https:\/\/dutchhealthstore.com\/de\/wp-json\/wp\/v2\/media\/113922"}],"wp:attachment":[{"href":"https:\/\/dutchhealthstore.com\/de\/wp-json\/wp\/v2\/media?parent=121630"}],"wp:term":[{"taxonomy":"product_brand","embeddable":true,"href":"https:\/\/dutchhealthstore.com\/de\/wp-json\/wp\/v2\/product_brand?post=121630"},{"taxonomy":"product_cat","embeddable":true,"href":"https:\/\/dutchhealthstore.com\/de\/wp-json\/wp\/v2\/product_cat?post=121630"},{"taxonomy":"product_tag","embeddable":true,"href":"https:\/\/dutchhealthstore.com\/de\/wp-json\/wp\/v2\/product_tag?post=121630"}],"curies":[{"name":"wp","href":"https:\/\/api.w.org\/{rel}","templated":true}]}}