{"id":121609,"date":"2020-07-16T07:08:33","date_gmt":"2020-07-16T05:08:33","guid":{"rendered":"https:\/\/dutchhealthstore.com\/product\/niaouli-essential-oil\/"},"modified":"2025-08-02T22:49:26","modified_gmt":"2025-08-02T20:49:26","slug":"niaouli-essential-oil","status":"publish","type":"product","link":"https:\/\/dutchhealthstore.com\/de\/product\/niaouli-essential-oil\/","title":{"rendered":"Niaouli Essential Oil"},"content":{"rendered":"<p><strong><img decoding=\"async\" class=\"size-full wp-image-69549 alignright\" src=\"https:\/\/dutchhealthstore.com\/wp-content\/uploads\/2019\/08\/NEW-Living-Libations-Logo.jpg\" alt=\"NEW - Living Libations - Logo\" width=\"175\" height=\"82\">Botanischer Name:<\/strong> Melaleuca quinquenervia<br \/>\n<strong>Botanische Familie:<\/strong> Myrtaceae<br \/>\n<strong>Extraktionsverfahren:<\/strong> Dampfdestilliert<br \/>\n<strong>Teil der Pflanze Destilliert:<\/strong> Bl\u00e4tter<br \/>\n<strong>Herkunftsland:<\/strong> Neus\u00fcdwales<br \/>\n<strong>Anbaumethode:<\/strong> Bio<br \/>\n<strong>Zusammensetzung:<\/strong> 100% Melaleuca quinquenervia<br \/>\n<strong>Konsistenz:<\/strong> D\u00fcnne Viskosit\u00e4t<\/p>\n<h3>Beschreibung des Duftes<\/h3>\n<p>Scharfer Kampfer kniet vor s\u00fc\u00dfer, luftiger Erde, umrahmt von belebenden, krautigen, gr\u00fcnen Noten.<\/p>\n<h3>In Living Libations<\/h3>\n<p>Zippity DewDab<\/p>\n<h3>Gut mischbar mit<\/h3>\n<p>Teebaum, Eukalyptus, Zeder, Blaue Zypresse, Palmarosa, Honigmyrte, Strohblume, Weihrauch, Pfefferminze, Myrrhe, Oregano, Kardamom, Zitrone, Bergamotte und Limette.<\/p>\n<a href=\"https:\/\/dutchhealthstore.com\/wp-content\/uploads\/2020\/07\/ANALYSIS-Niaouli-Essential-Oil-Living-Libations-4-1.pdf\" class=\"button primary is-primary is-small\"  >\n\t\t<span>ANALYSE DER \u00c4THERISCHEN \u00d6LE &gt;<\/span>\n\t<\/a>\n\n<h3>Verwenden Sie<\/h3>\n<p>Reinigungsmittel f\u00fcr Akne; einen Tupfer auf die sauberen Stellen auftragen. Verd\u00fcnnen Sie es zur Verwendung in Massagemischungen f\u00fcr die Muskeln. Einen Klecks in die Badewanne geben. Perfekt f\u00fcr Flugreisen und Hausputz. Reinigt durch Diffusion. Auf die Haut auftragen, um die Poren zu reinigen und die Textur zu verbessern. Er kann als Tee getrunken werden, wie es in den L\u00e4ndern des Nahen Ostens h\u00e4ufig der Fall ist. In westlichen L\u00e4ndern wird Niaouli h\u00e4ufig in Mundpflegeprodukten f\u00fcr einen sauberen, frischen Atem verwendet.<\/p>\n<p>Empfindliche Haut, es ist Zeit zu singen! Niaouli Essential Oil ist ein fantastisches Hauttonikum. Genauso wie Teebaum\u00f6l h\u00e4ufig zu Akne-Tonern hinzugef\u00fcgt wird, bietet Niaouli \u00e4hnliche Vorteile und ist ein Verb\u00fcndeter, der zu Hautreinigungsmitteln gegen Akne hinzugef\u00fcgt werden kann.<\/p>\n<p>Salben Sie zarte Haut und seelische Probleme mit der Energie des Niaouli Essential Oil, dem starken, stillen Cousin des Teebaum\u00f6ls. Wenn Sie Teebaum als etwas herb oder adstringierend empfinden, bietet Niaouli die gleiche Wirkung in einem s\u00fc\u00dferen Duft.<\/p>\n<p>Niaouli wird manchmal auch als f\u00fcnfadriges Paperbark-\u00d6l oder \u00e4therisches MQV-\u00d6l bezeichnet (ein Spitzname, der auf dem lateinischen Namen Melaleuca quinquenervia basiert) und spielt in den Kulturen der Welt seit vielen Jahrhunderten eine wichtige Rolle. Die Menschen in Europa, Afrika, dem Nahen Osten und dem pazifischen Raum wissen seit langem um die reine Pflanzenkraft des Papierrindenbaums, der in Australien, Papua-Neuguinea und Neukaledonien beheimatet ist. Vor allem in Neukaledonien ist das aus diesem bew\u00e4hrten Baum gewonnene \u00d6l in alle Bereiche des Lebens der Einheimischen eingeflossen. Die reichlich vorhandenen Papierrindenb\u00e4ume reinigen die Luft auf nat\u00fcrliche Weise.<\/p>\n<p>Durch seine klaren, kampferartigen Molek\u00fcle eignet sich Niaouli perfekt f\u00fcr die Verwendung in einem Diffusor oder einer Salzpfeife w\u00e4hrend des Studiums oder bei Aufgaben, die \u00e4u\u00dferste Konzentration erfordern.<\/p>\n<p><strong>Gr\u00f6\u00dfe: 5 ml und 15 ml<\/strong><\/p>\n<h3>Bio-Zutaten<\/h3>\n<p>100% \u00e4therisches Niaouli-\u00d6l (Melaleuca quinquenervia).<\/p>\n<p style=\"text-align: center;\"><em>&#8222;Bowles (2003) gibt die Hauptbestandteile von Niaouli aus Madagaskar als 1,8-Cineol mit 41,8%, Viridifloral (ein Sesquiterpenalkohol) mit 18,1% und Limonen mit 5% an&#8230; Eine von Donoyama und Ichiman (2006) durchgef\u00fchrte Studie ergab, dass Niaouli das beste \u00d6l f\u00fcr die &#8222;hygienische Massagepraxis&#8220; ist.<\/em><br \/>\n~ Jennifer Peace Rhind, <strong>Essential Oils: A Handbook for Aromatherapy Practice<\/strong><\/p>\n<p><img fetchpriority=\"high\" decoding=\"async\" class=\"size-medium wp-image-68103 aligncenter\" src=\"https:\/\/dutchhealthstore.com\/wp-content\/uploads\/2018\/02\/Living-Libations-Organic-Logo-800x89.png\" alt=\"Living Libations - Organic Logo\" width=\"800\" height=\"89\" srcset=\"https:\/\/dutchhealthstore.com\/wp-content\/uploads\/2018\/02\/Living-Libations-Organic-Logo-800x89.png 800w, https:\/\/dutchhealthstore.com\/wp-content\/uploads\/2018\/02\/Living-Libations-Organic-Logo-510x57.png 510w, https:\/\/dutchhealthstore.com\/wp-content\/uploads\/2018\/02\/Living-Libations-Organic-Logo-768x85.png 768w, https:\/\/dutchhealthstore.com\/wp-content\/uploads\/2018\/02\/Living-Libations-Organic-Logo.png 1400w\" sizes=\"(max-width: 800px) 100vw, 800px\" \/><\/p>\n","protected":false},"excerpt":{"rendered":"<p>Empfindliche Haut kann sich freuen! <strong>Niaouli Essential Oil<\/strong> ist ein sanftes und doch m\u00e4chtiges \u00d6l, das optimal f\u00fcr empfindliche Haut ist, die einen robusten Verb\u00fcndeten braucht.<br \/>\nNiaouli \u00e4hnelt in seiner Zusammensetzung dem Teebaum\u00f6l und bietet dieselben Vorteile in einer viel sanfteren, krautigen und dezenteren Variante.<\/p>\n","protected":false},"featured_media":120845,"comment_status":"open","ping_status":"closed","template":"","meta":[],"product_brand":[],"product_cat":[6737,1508,1546,1032,1493,1210,511,6736],"product_tag":[1547],"class_list":{"0":"post-121609","1":"product","2":"type-product","3":"status-publish","4":"has-post-thumbnail","6":"product_cat-essential-oils-de-2","7":"product_cat-aetherische-oele-living-libations","8":"product_cat-essential-oils-living-libations-de","9":"product_cat-kategorien","10":"product_cat-living-libations-deutschland","11":"product_cat-marken","12":"product_cat-produkte","13":"product_cat-wellness-de","14":"product_tag-essential-oil-de","15":"pa_brand-livinglibations-de","16":"pa_essential-oils-product-type-essential-oils-de","17":"pa_size-15-ml-de-2","18":"pa_size-5-ml-de","20":"first","21":"instock","22":"taxable","23":"shipping-taxable","24":"purchasable","25":"product-type-variable"},"bundled_by":[],"bundle_stock_status":"instock","bundle_stock_quantity":null,"bundle_virtual":false,"bundle_layout":"","bundle_add_to_cart_form_location":"","bundle_editable_in_cart":false,"bundle_sold_individually_context":"","bundle_item_grouping":"","bundle_min_size":"","bundle_max_size":"","bundle_price":[],"bundled_items":[],"bundle_sell_ids":[],"atum_controlled":true,"out_stock_date":null,"out_stock_threshold":null,"inheritable":true,"stock_on_hold":0,"sold_today":0,"sales_last_days":0,"out_stock_days":0,"lost_sales":0,"update_date":"2026-04-11T00:01:19","atum_locations":[],"atum_stock_status":"instock","restock_status":false,"low_stock_amount":"","sales_update_date":"2026-04-11T00:01:19","calc_backorders":null,"group_of_quantity":0,"min_quantity":0,"max_quantity":"","exclude_order_quantity_value_rules":"no","exclude_category_quantity_rules":"no","combine_variations":"no","yoast_head":"<!-- This site is optimized with the Yoast SEO Premium plugin v26.5 (Yoast SEO v26.5) - https:\/\/yoast.com\/wordpress\/plugins\/seo\/ -->\n<title>Niaouli Essential Oil | Living Libations<\/title>\n<meta name=\"description\" content=\"Empfindliche Haut kann sich freuen! Niaouli Essential Oil ist ein sanftes und doch kraftvolles \u00d6l, das optimal f\u00fcr empfindliche Haut ist, die einen robusten Verb\u00fcndeten braucht.\" \/>\n<meta name=\"robots\" content=\"index, follow, max-snippet:-1, max-image-preview:large, max-video-preview:-1\" \/>\n<link rel=\"canonical\" href=\"https:\/\/dutchhealthstore.com\/de\/product\/niaouli-essential-oil\/\" \/>\n<meta property=\"og:locale\" content=\"de_DE\" \/>\n<meta property=\"og:type\" content=\"article\" \/>\n<meta property=\"og:title\" content=\"Niaouli Essential Oil - Dutch Health Store\" \/>\n<meta property=\"og:description\" content=\"Empfindliche Haut kann sich freuen! Niaouli Essential Oil ist ein sanftes und doch kraftvolles \u00d6l, das optimal f\u00fcr empfindliche Haut ist, die einen robusten Verb\u00fcndeten braucht.\" \/>\n<meta property=\"og:url\" content=\"https:\/\/dutchhealthstore.com\/de\/product\/niaouli-essential-oil\/\" \/>\n<meta property=\"og:site_name\" content=\"Dutch Health Store\" \/>\n<meta property=\"article:publisher\" content=\"https:\/\/www.instagram.com\/dutchhealthstore\/\" \/>\n<meta property=\"article:modified_time\" content=\"2025-08-02T20:49:26+00:00\" \/>\n<meta property=\"og:image\" content=\"https:\/\/dutchhealthstore.com\/wp-content\/uploads\/2020\/07\/Living-Libations-Niaouli-Essential-Oil-Round.jpg\" \/>\n\t<meta property=\"og:image:width\" content=\"300\" \/>\n\t<meta property=\"og:image:height\" content=\"300\" \/>\n\t<meta property=\"og:image:type\" content=\"image\/jpeg\" \/>\n<meta name=\"twitter:card\" content=\"summary_large_image\" \/>\n<meta name=\"twitter:label1\" content=\"Verf\u00fcgbarkeit\" \/>\n\t<meta name=\"twitter:data1\" content=\"Auf Lager\" \/>\n<script type=\"application\/ld+json\" class=\"yoast-schema-graph\">{\"@context\":\"https:\/\/schema.org\",\"@graph\":[{\"@type\":\"WebPage\",\"@id\":\"https:\/\/dutchhealthstore.com\/de\/product\/niaouli-essential-oil\/\",\"url\":\"https:\/\/dutchhealthstore.com\/de\/product\/niaouli-essential-oil\/\",\"name\":\"Niaouli Essential Oil | Living Libations\",\"isPartOf\":{\"@id\":\"https:\/\/dutchhealthstore.com\/de\/#website\"},\"primaryImageOfPage\":{\"@id\":\"https:\/\/dutchhealthstore.com\/de\/product\/niaouli-essential-oil\/#primaryimage\"},\"image\":{\"@id\":\"https:\/\/dutchhealthstore.com\/de\/product\/niaouli-essential-oil\/#primaryimage\"},\"thumbnailUrl\":\"https:\/\/dutchhealthstore.com\/wp-content\/uploads\/2020\/07\/Living-Libations-Niaouli-Essential-Oil-Round.jpg\",\"datePublished\":\"2020-07-16T05:08:33+00:00\",\"dateModified\":\"2025-08-02T20:49:26+00:00\",\"description\":\"Empfindliche Haut kann sich freuen! Niaouli Essential Oil ist ein sanftes und doch kraftvolles \u00d6l, das optimal f\u00fcr empfindliche Haut ist, die einen robusten Verb\u00fcndeten braucht.\",\"breadcrumb\":{\"@id\":\"https:\/\/dutchhealthstore.com\/de\/product\/niaouli-essential-oil\/#breadcrumb\"},\"inLanguage\":\"de\",\"potentialAction\":[{\"@type\":\"ReadAction\",\"target\":[\"https:\/\/dutchhealthstore.com\/de\/product\/niaouli-essential-oil\/\"]}]},{\"@type\":\"ImageObject\",\"inLanguage\":\"de\",\"@id\":\"https:\/\/dutchhealthstore.com\/de\/product\/niaouli-essential-oil\/#primaryimage\",\"url\":\"https:\/\/dutchhealthstore.com\/wp-content\/uploads\/2020\/07\/Living-Libations-Niaouli-Essential-Oil-Round.jpg\",\"contentUrl\":\"https:\/\/dutchhealthstore.com\/wp-content\/uploads\/2020\/07\/Living-Libations-Niaouli-Essential-Oil-Round.jpg\",\"width\":300,\"height\":300,\"caption\":\"Living Libations - Niaouli Essential Oil Round\"},{\"@type\":\"BreadcrumbList\",\"@id\":\"https:\/\/dutchhealthstore.com\/de\/product\/niaouli-essential-oil\/#breadcrumb\",\"itemListElement\":[{\"@type\":\"ListItem\",\"position\":1,\"name\":\"Home\",\"item\":\"https:\/\/dutchhealthstore.com\/de\/\"},{\"@type\":\"ListItem\",\"position\":2,\"name\":\"Shop\",\"item\":\"https:\/\/dutchhealthstore.com\/de\/shop-2\/\"},{\"@type\":\"ListItem\",\"position\":3,\"name\":\"Niaouli Essential Oil\"}]},{\"@type\":\"WebSite\",\"@id\":\"https:\/\/dutchhealthstore.com\/de\/#website\",\"url\":\"https:\/\/dutchhealthstore.com\/de\/\",\"name\":\"Dutch Health Store\",\"description\":\"Enhance Your Beauty with Organic &amp; Natural Skincare\",\"publisher\":{\"@id\":\"https:\/\/dutchhealthstore.com\/de\/#organization\"},\"potentialAction\":[{\"@type\":\"SearchAction\",\"target\":{\"@type\":\"EntryPoint\",\"urlTemplate\":\"https:\/\/dutchhealthstore.com\/de\/?s={search_term_string}\"},\"query-input\":{\"@type\":\"PropertyValueSpecification\",\"valueRequired\":true,\"valueName\":\"search_term_string\"}}],\"inLanguage\":\"de\"},{\"@type\":\"Organization\",\"@id\":\"https:\/\/dutchhealthstore.com\/de\/#organization\",\"name\":\"Dutch Health Store\",\"url\":\"https:\/\/dutchhealthstore.com\/de\/\",\"logo\":{\"@type\":\"ImageObject\",\"inLanguage\":\"de\",\"@id\":\"https:\/\/dutchhealthstore.com\/de\/#\/schema\/logo\/image\/\",\"url\":\"https:\/\/dutchhealthstore.com\/wp-content\/uploads\/2020\/08\/logo-dutchhealthstore-jpg-e1599484957574.jpg\",\"contentUrl\":\"https:\/\/dutchhealthstore.com\/wp-content\/uploads\/2020\/08\/logo-dutchhealthstore-jpg-e1599484957574.jpg\",\"width\":400,\"height\":62,\"caption\":\"Dutch Health Store\"},\"image\":{\"@id\":\"https:\/\/dutchhealthstore.com\/de\/#\/schema\/logo\/image\/\"},\"sameAs\":[\"https:\/\/www.instagram.com\/dutchhealthstore\/\",\"https:\/\/www.facebook.com\/dutchhealthstore\"]}]}<\/script>\n<meta property=\"product:brand\" content=\"Living Libations\" \/>\n<meta property=\"og:availability\" content=\"instock\" \/>\n<meta property=\"product:availability\" content=\"instock\" \/>\n<meta property=\"product:condition\" content=\"new\" \/>\n<!-- \/ Yoast SEO Premium plugin. -->","yoast_head_json":{"title":"Niaouli Essential Oil | Living Libations","description":"Empfindliche Haut kann sich freuen! Niaouli Essential Oil ist ein sanftes und doch kraftvolles \u00d6l, das optimal f\u00fcr empfindliche Haut ist, die einen robusten Verb\u00fcndeten braucht.","robots":{"index":"index","follow":"follow","max-snippet":"max-snippet:-1","max-image-preview":"max-image-preview:large","max-video-preview":"max-video-preview:-1"},"canonical":"https:\/\/dutchhealthstore.com\/de\/product\/niaouli-essential-oil\/","og_locale":"de_DE","og_type":"article","og_title":"Niaouli Essential Oil - Dutch Health Store","og_description":"Empfindliche Haut kann sich freuen! Niaouli Essential Oil ist ein sanftes und doch kraftvolles \u00d6l, das optimal f\u00fcr empfindliche Haut ist, die einen robusten Verb\u00fcndeten braucht.","og_url":"https:\/\/dutchhealthstore.com\/de\/product\/niaouli-essential-oil\/","og_site_name":"Dutch Health Store","article_publisher":"https:\/\/www.instagram.com\/dutchhealthstore\/","article_modified_time":"2025-08-02T20:49:26+00:00","og_image":[{"width":300,"height":300,"url":"https:\/\/dutchhealthstore.com\/wp-content\/uploads\/2020\/07\/Living-Libations-Niaouli-Essential-Oil-Round.jpg","type":"image\/jpeg"}],"twitter_card":"summary_large_image","twitter_misc":{"Verf\u00fcgbarkeit":"Auf Lager"},"schema":{"@context":"https:\/\/schema.org","@graph":[{"@type":"WebPage","@id":"https:\/\/dutchhealthstore.com\/de\/product\/niaouli-essential-oil\/","url":"https:\/\/dutchhealthstore.com\/de\/product\/niaouli-essential-oil\/","name":"Niaouli Essential Oil | Living Libations","isPartOf":{"@id":"https:\/\/dutchhealthstore.com\/de\/#website"},"primaryImageOfPage":{"@id":"https:\/\/dutchhealthstore.com\/de\/product\/niaouli-essential-oil\/#primaryimage"},"image":{"@id":"https:\/\/dutchhealthstore.com\/de\/product\/niaouli-essential-oil\/#primaryimage"},"thumbnailUrl":"https:\/\/dutchhealthstore.com\/wp-content\/uploads\/2020\/07\/Living-Libations-Niaouli-Essential-Oil-Round.jpg","datePublished":"2020-07-16T05:08:33+00:00","dateModified":"2025-08-02T20:49:26+00:00","description":"Empfindliche Haut kann sich freuen! Niaouli Essential Oil ist ein sanftes und doch kraftvolles \u00d6l, das optimal f\u00fcr empfindliche Haut ist, die einen robusten Verb\u00fcndeten braucht.","breadcrumb":{"@id":"https:\/\/dutchhealthstore.com\/de\/product\/niaouli-essential-oil\/#breadcrumb"},"inLanguage":"de","potentialAction":[{"@type":"ReadAction","target":["https:\/\/dutchhealthstore.com\/de\/product\/niaouli-essential-oil\/"]}]},{"@type":"ImageObject","inLanguage":"de","@id":"https:\/\/dutchhealthstore.com\/de\/product\/niaouli-essential-oil\/#primaryimage","url":"https:\/\/dutchhealthstore.com\/wp-content\/uploads\/2020\/07\/Living-Libations-Niaouli-Essential-Oil-Round.jpg","contentUrl":"https:\/\/dutchhealthstore.com\/wp-content\/uploads\/2020\/07\/Living-Libations-Niaouli-Essential-Oil-Round.jpg","width":300,"height":300,"caption":"Living Libations - Niaouli Essential Oil Round"},{"@type":"BreadcrumbList","@id":"https:\/\/dutchhealthstore.com\/de\/product\/niaouli-essential-oil\/#breadcrumb","itemListElement":[{"@type":"ListItem","position":1,"name":"Home","item":"https:\/\/dutchhealthstore.com\/de\/"},{"@type":"ListItem","position":2,"name":"Shop","item":"https:\/\/dutchhealthstore.com\/de\/shop-2\/"},{"@type":"ListItem","position":3,"name":"Niaouli Essential Oil"}]},{"@type":"WebSite","@id":"https:\/\/dutchhealthstore.com\/de\/#website","url":"https:\/\/dutchhealthstore.com\/de\/","name":"Dutch Health Store","description":"Enhance Your Beauty with Organic &amp; Natural Skincare","publisher":{"@id":"https:\/\/dutchhealthstore.com\/de\/#organization"},"potentialAction":[{"@type":"SearchAction","target":{"@type":"EntryPoint","urlTemplate":"https:\/\/dutchhealthstore.com\/de\/?s={search_term_string}"},"query-input":{"@type":"PropertyValueSpecification","valueRequired":true,"valueName":"search_term_string"}}],"inLanguage":"de"},{"@type":"Organization","@id":"https:\/\/dutchhealthstore.com\/de\/#organization","name":"Dutch Health Store","url":"https:\/\/dutchhealthstore.com\/de\/","logo":{"@type":"ImageObject","inLanguage":"de","@id":"https:\/\/dutchhealthstore.com\/de\/#\/schema\/logo\/image\/","url":"https:\/\/dutchhealthstore.com\/wp-content\/uploads\/2020\/08\/logo-dutchhealthstore-jpg-e1599484957574.jpg","contentUrl":"https:\/\/dutchhealthstore.com\/wp-content\/uploads\/2020\/08\/logo-dutchhealthstore-jpg-e1599484957574.jpg","width":400,"height":62,"caption":"Dutch Health Store"},"image":{"@id":"https:\/\/dutchhealthstore.com\/de\/#\/schema\/logo\/image\/"},"sameAs":["https:\/\/www.instagram.com\/dutchhealthstore\/","https:\/\/www.facebook.com\/dutchhealthstore"]}]},"product_brand":"Living Libations","og_availability":"instock","product_availability":"instock","product_condition":"new"},"_links":{"self":[{"href":"https:\/\/dutchhealthstore.com\/de\/wp-json\/wp\/v2\/product\/121609","targetHints":{"allow":["GET"]}}],"collection":[{"href":"https:\/\/dutchhealthstore.com\/de\/wp-json\/wp\/v2\/product"}],"about":[{"href":"https:\/\/dutchhealthstore.com\/de\/wp-json\/wp\/v2\/types\/product"}],"replies":[{"embeddable":true,"href":"https:\/\/dutchhealthstore.com\/de\/wp-json\/wp\/v2\/comments?post=121609"}],"wp:featuredmedia":[{"embeddable":true,"href":"https:\/\/dutchhealthstore.com\/de\/wp-json\/wp\/v2\/media\/120845"}],"wp:attachment":[{"href":"https:\/\/dutchhealthstore.com\/de\/wp-json\/wp\/v2\/media?parent=121609"}],"wp:term":[{"taxonomy":"product_brand","embeddable":true,"href":"https:\/\/dutchhealthstore.com\/de\/wp-json\/wp\/v2\/product_brand?post=121609"},{"taxonomy":"product_cat","embeddable":true,"href":"https:\/\/dutchhealthstore.com\/de\/wp-json\/wp\/v2\/product_cat?post=121609"},{"taxonomy":"product_tag","embeddable":true,"href":"https:\/\/dutchhealthstore.com\/de\/wp-json\/wp\/v2\/product_tag?post=121609"}],"curies":[{"name":"wp","href":"https:\/\/api.w.org\/{rel}","templated":true}]}}