{"id":121594,"date":"2018-11-27T11:14:44","date_gmt":"2018-11-27T10:14:44","guid":{"rendered":"https:\/\/dutchhealthstore.com\/product\/nerolina-essential-oil\/"},"modified":"2023-02-23T10:25:12","modified_gmt":"2023-02-23T10:25:12","slug":"nerolina-essential-oil","status":"publish","type":"product","link":"https:\/\/dutchhealthstore.com\/de\/product\/nerolina-essential-oil\/","title":{"rendered":"Nerolina Essential Oil"},"content":{"rendered":"<p><strong><img decoding=\"async\" class=\"size-full wp-image-69549 alignright\" src=\"https:\/\/dutchhealthstore.com\/wp-content\/uploads\/2019\/08\/NEW-Living-Libations-Logo.jpg\" alt=\"NEW - Living Libations - Logo\" width=\"175\" height=\"82\">Botanischer Name:<\/strong> Melaleuca quinquenervia nerol<br \/>\n<strong>Botanische Familie:<\/strong> Myrtaceae<br \/>\n<strong>Extraktionsverfahren:<\/strong> Dampfdestilliert<br \/>\n<strong>Teil der Pflanze Destilliert:<\/strong> Zweige und Bl\u00e4tter<br \/>\n<strong>Herkunftsland:<\/strong> Neus\u00fcdwales<br \/>\n<strong>Anbaumethode:<\/strong> Wild geerntet<br \/>\n<strong>Zusammensetzung:<\/strong> 100% Melaleuca quinquenervia Nerol<br \/>\n<strong>Konsistenz:<\/strong> D\u00fcnn und ein wenig klebrig<\/p>\n<h3>Beschreibung des Duftes<\/h3>\n<p>s\u00fc\u00df und blumig<\/p>\n<h3>Gut mischbar mit<\/h3>\n<p>Grapefruit, Zitrone, Magnolie, Myrte, Blutorange, Geranie, Rosalina, Zitronenmyrte, Lavendel, Schwarzfichte, Wei\u00dftanne, Wei\u00dftanne, Douglasie, Weihrauch, Ylang, Rose, Neroli, Teebaum, Thymian, Rosmarin, Strohblume, Oregano und Bergamotte.<\/p>\n<a href=\"https:\/\/dutchhealthstore.com\/wp-content\/uploads\/2018\/11\/ANALYSIS-Nerolina-Essential-Oil-Living-Libations.pdf\" class=\"button primary is-primary is-small\"  >\n\t\t<span>ANALYSE DER \u00c4THERISCHEN \u00d6LE &gt;<\/span>\n\t<\/a>\n\n<h3>Verwendet<\/h3>\n<p>Parf\u00fcmerie. Haarpflegeprodukte. Kombiniert mit einem Tr\u00e4gerstoff f\u00fcr ein reichhaltiges Emollient. Ein paar Tropfen in einen Diffusor und die W\u00e4sche geben. Kombiniert mit dem Tea Tree essential oil ergibt sich ein Balsam, der sich hervorragend f\u00fcr Furunkel eignet.<\/p>\n<h3>Inhaltsstoffe<\/h3>\n<p>Hohe Mengen an Alpha-Pinen, Linalool und Nerolidol machen es zu einem lieblichen, blumig duftenden \u00d6l, das reich an Antioxidantien ist.<\/p>\n<p>Nerolina aus dem Land Down Under ist ein s\u00fc\u00df duftendes \u00d6l, das aus den Bl\u00e4ttern und jungen St\u00e4mmen eines australischen immergr\u00fcnen Strauches destilliert wird, der als Paperbark Tea Tree oder Melaleuca quinquenervia bekannt ist. Der Nerolina-Strauch ist stark und widerstandsf\u00e4hig; er ist eine der ersten Pflanzen, die nach einem Waldbrand zur\u00fcckkehren. Er w\u00e4chst wild in tropischen Feuchtgebieten, wird aber von unseren umweltbewussten Destillateuren auf Plantagen biologisch angebaut.<\/p>\n<p>Nerolina geh\u00f6rt zur gleichen botanischen Familie wie Teebaum, und die s\u00fc\u00dfen Blumennoten und der holzige Grundton erinnern an seinen Cousin Niaouli. In Australien und im S\u00fcdpazifik wird das Nerolina Essential Oil oft mit dem Tea Tree Essential Oil kombiniert, um den strengen Duft des Teebaums zu mildern und die Reinigungs- und Erfrischungskraft zu verdoppeln. Es wird auch auf die Kopfhaut von Kindern aufgetragen, um die l\u00e4stigen kleinen Haar- und Kopfhautinvasoren zu vermeiden, die bei Kindern h\u00e4ufig vorkommen.<\/p>\n<p>Die Essenz von Nerolina ist aromatherapeutisch und hauttherapeutisch. Seine zentralen Bestandteile, Alpha-Pinen und Linalool, k\u00f6nnen Sie entlasten, eine entspannte, tiefe Atmung f\u00f6rdern, tr\u00fcbe Stimmungen vertreiben und erhitzte Gem\u00fcter und Haut beruhigen. Nerolidol ist ein sehr hautfreundliches Terpen, das eine glatte, straffe Haut f\u00f6rdert, und deshalb zieht das ganze \u00d6l blitzschnell in die Haut ein.<\/p>\n<p>Nerolina kann pur oder in Kombination mit einem Tr\u00e4ger\u00f6l als luxuri\u00f6ses Hauterweichungsmittel angewendet werden.<\/p>\n<p><strong>Gr\u00f6\u00dfe: 5 ml und 15 ml<\/strong><\/p>\n<h3>Bio-Zutaten<\/h3>\n<p>100% Nerolina (Melaleuca quinquenervia Nerol) \u00e4therisches \u00d6l.<\/p>\n<p><img fetchpriority=\"high\" decoding=\"async\" class=\"size-medium wp-image-68103 aligncenter\" src=\"https:\/\/dutchhealthstore.com\/wp-content\/uploads\/2018\/02\/Living-Libations-Organic-Logo-800x89.png\" alt=\"Living Libations - Organic Logo\" width=\"800\" height=\"89\" srcset=\"https:\/\/dutchhealthstore.com\/wp-content\/uploads\/2018\/02\/Living-Libations-Organic-Logo-800x89.png 800w, https:\/\/dutchhealthstore.com\/wp-content\/uploads\/2018\/02\/Living-Libations-Organic-Logo-510x57.png 510w, https:\/\/dutchhealthstore.com\/wp-content\/uploads\/2018\/02\/Living-Libations-Organic-Logo-768x85.png 768w, https:\/\/dutchhealthstore.com\/wp-content\/uploads\/2018\/02\/Living-Libations-Organic-Logo.png 1400w\" sizes=\"(max-width: 800px) 100vw, 800px\" \/><\/p>\n","protected":false},"excerpt":{"rendered":"<p>Diese immergr\u00fcne Pflanze aus dem Land Down Under lockt Bienen mit ihrem s\u00fc\u00dfen Duft!<br \/>\nDie immergr\u00fcnen Bl\u00e4tter und Zweige von <b>Nerolina<\/b>, dem australischen Paperbark-Teebaum, werden dampfdestilliert, um ein an Antioxidantien und Terpenen reiches \u00d6l freizusetzen, das beim Baden, bei der Haut- und Haarpflege, beim W\u00e4schewaschen und in der Parf\u00fcmerie gute Dienste leistet.<\/p>\n","protected":false},"featured_media":113721,"comment_status":"open","ping_status":"closed","template":"","meta":[],"product_brand":[],"product_cat":[6737,1508,1546,1493,1210,511,6736],"product_tag":[1547],"class_list":{"0":"post-121594","1":"product","2":"type-product","3":"status-publish","4":"has-post-thumbnail","6":"product_cat-essential-oils-de-2","7":"product_cat-aetherische-oele-living-libations","8":"product_cat-essential-oils-living-libations-de","9":"product_cat-living-libations-deutschland","10":"product_cat-marken","11":"product_cat-produkte","12":"product_cat-wellness-de","13":"product_tag-essential-oil-de","14":"pa_brand-livinglibations-de","15":"pa_essential-oils-product-type-essential-oils-de","16":"pa_size-15-ml-de-2","17":"pa_size-5-ml-de","19":"first","20":"instock","21":"taxable","22":"shipping-taxable","23":"purchasable","24":"product-type-variable"},"bundled_by":[],"bundle_stock_status":"instock","bundle_stock_quantity":null,"bundle_virtual":false,"bundle_layout":"","bundle_add_to_cart_form_location":"","bundle_editable_in_cart":false,"bundle_sold_individually_context":"","bundle_item_grouping":"","bundle_min_size":"","bundle_max_size":"","bundle_price":[],"bundled_items":[],"bundle_sell_ids":[],"atum_controlled":true,"out_stock_date":null,"out_stock_threshold":null,"inheritable":true,"stock_on_hold":0,"sold_today":0,"sales_last_days":0,"out_stock_days":0,"lost_sales":0,"update_date":"2026-04-15T00:04:43","atum_locations":[],"atum_stock_status":"instock","restock_status":false,"low_stock_amount":"","sales_update_date":"2026-04-15T00:04:43","calc_backorders":null,"group_of_quantity":0,"min_quantity":0,"max_quantity":"","exclude_order_quantity_value_rules":"no","exclude_category_quantity_rules":"no","combine_variations":"no","yoast_head":"<!-- This site is optimized with the Yoast SEO Premium plugin v26.5 (Yoast SEO v26.5) - https:\/\/yoast.com\/wordpress\/plugins\/seo\/ -->\n<title>Nerolina Essential Oil | Living Libations<\/title>\n<meta name=\"description\" content=\"Diese immergr\u00fcne Pflanze aus dem Land Down Under lockt Bienen mit ihrem s\u00fc\u00dfen Duft!\" \/>\n<meta name=\"robots\" content=\"index, follow, max-snippet:-1, max-image-preview:large, max-video-preview:-1\" \/>\n<link rel=\"canonical\" href=\"https:\/\/dutchhealthstore.com\/de\/product\/nerolina-essential-oil\/\" \/>\n<meta property=\"og:locale\" content=\"de_DE\" \/>\n<meta property=\"og:type\" content=\"article\" \/>\n<meta property=\"og:title\" content=\"Nerolina Essential Oil - Dutch Health Store\" \/>\n<meta property=\"og:description\" content=\"Diese immergr\u00fcne Pflanze aus dem Land Down Under lockt Bienen mit ihrem s\u00fc\u00dfen Duft!\" \/>\n<meta property=\"og:url\" content=\"https:\/\/dutchhealthstore.com\/de\/product\/nerolina-essential-oil\/\" \/>\n<meta property=\"og:site_name\" content=\"Dutch Health Store\" \/>\n<meta property=\"article:publisher\" content=\"https:\/\/www.instagram.com\/dutchhealthstore\/\" \/>\n<meta property=\"article:modified_time\" content=\"2023-02-23T10:25:12+00:00\" \/>\n<meta property=\"og:image\" content=\"https:\/\/dutchhealthstore.com\/wp-content\/uploads\/2018\/11\/Living-Libations-Nerolina-Essential-Oil-e1594735301252.jpg\" \/>\n\t<meta property=\"og:image:width\" content=\"500\" \/>\n\t<meta property=\"og:image:height\" content=\"500\" \/>\n\t<meta property=\"og:image:type\" content=\"image\/jpeg\" \/>\n<meta name=\"twitter:card\" content=\"summary_large_image\" \/>\n<meta name=\"twitter:label1\" content=\"Verf\u00fcgbarkeit\" \/>\n\t<meta name=\"twitter:data1\" content=\"Auf Lager\" \/>\n<script type=\"application\/ld+json\" class=\"yoast-schema-graph\">{\"@context\":\"https:\/\/schema.org\",\"@graph\":[{\"@type\":\"WebPage\",\"@id\":\"https:\/\/dutchhealthstore.com\/de\/product\/nerolina-essential-oil\/\",\"url\":\"https:\/\/dutchhealthstore.com\/de\/product\/nerolina-essential-oil\/\",\"name\":\"Nerolina Essential Oil | Living Libations\",\"isPartOf\":{\"@id\":\"https:\/\/dutchhealthstore.com\/de\/#website\"},\"primaryImageOfPage\":{\"@id\":\"https:\/\/dutchhealthstore.com\/de\/product\/nerolina-essential-oil\/#primaryimage\"},\"image\":{\"@id\":\"https:\/\/dutchhealthstore.com\/de\/product\/nerolina-essential-oil\/#primaryimage\"},\"thumbnailUrl\":\"https:\/\/dutchhealthstore.com\/wp-content\/uploads\/2018\/11\/Living-Libations-Nerolina-Essential-Oil-e1594735301252.jpg\",\"datePublished\":\"2018-11-27T10:14:44+00:00\",\"dateModified\":\"2023-02-23T10:25:12+00:00\",\"description\":\"Diese immergr\u00fcne Pflanze aus dem Land Down Under lockt Bienen mit ihrem s\u00fc\u00dfen Duft!\",\"breadcrumb\":{\"@id\":\"https:\/\/dutchhealthstore.com\/de\/product\/nerolina-essential-oil\/#breadcrumb\"},\"inLanguage\":\"de\",\"potentialAction\":[{\"@type\":\"ReadAction\",\"target\":[\"https:\/\/dutchhealthstore.com\/de\/product\/nerolina-essential-oil\/\"]}]},{\"@type\":\"ImageObject\",\"inLanguage\":\"de\",\"@id\":\"https:\/\/dutchhealthstore.com\/de\/product\/nerolina-essential-oil\/#primaryimage\",\"url\":\"https:\/\/dutchhealthstore.com\/wp-content\/uploads\/2018\/11\/Living-Libations-Nerolina-Essential-Oil-e1594735301252.jpg\",\"contentUrl\":\"https:\/\/dutchhealthstore.com\/wp-content\/uploads\/2018\/11\/Living-Libations-Nerolina-Essential-Oil-e1594735301252.jpg\",\"width\":500,\"height\":500,\"caption\":\"Living Libations Nerolina Essential Oil\"},{\"@type\":\"BreadcrumbList\",\"@id\":\"https:\/\/dutchhealthstore.com\/de\/product\/nerolina-essential-oil\/#breadcrumb\",\"itemListElement\":[{\"@type\":\"ListItem\",\"position\":1,\"name\":\"Home\",\"item\":\"https:\/\/dutchhealthstore.com\/de\/\"},{\"@type\":\"ListItem\",\"position\":2,\"name\":\"Shop\",\"item\":\"https:\/\/dutchhealthstore.com\/de\/shop-2\/\"},{\"@type\":\"ListItem\",\"position\":3,\"name\":\"Nerolina Essential Oil\"}]},{\"@type\":\"WebSite\",\"@id\":\"https:\/\/dutchhealthstore.com\/de\/#website\",\"url\":\"https:\/\/dutchhealthstore.com\/de\/\",\"name\":\"Dutch Health Store\",\"description\":\"Enhance Your Beauty with Organic &amp; Natural Skincare\",\"publisher\":{\"@id\":\"https:\/\/dutchhealthstore.com\/de\/#organization\"},\"potentialAction\":[{\"@type\":\"SearchAction\",\"target\":{\"@type\":\"EntryPoint\",\"urlTemplate\":\"https:\/\/dutchhealthstore.com\/de\/?s={search_term_string}\"},\"query-input\":{\"@type\":\"PropertyValueSpecification\",\"valueRequired\":true,\"valueName\":\"search_term_string\"}}],\"inLanguage\":\"de\"},{\"@type\":\"Organization\",\"@id\":\"https:\/\/dutchhealthstore.com\/de\/#organization\",\"name\":\"Dutch Health Store\",\"url\":\"https:\/\/dutchhealthstore.com\/de\/\",\"logo\":{\"@type\":\"ImageObject\",\"inLanguage\":\"de\",\"@id\":\"https:\/\/dutchhealthstore.com\/de\/#\/schema\/logo\/image\/\",\"url\":\"https:\/\/dutchhealthstore.com\/wp-content\/uploads\/2020\/08\/logo-dutchhealthstore-jpg-e1599484957574.jpg\",\"contentUrl\":\"https:\/\/dutchhealthstore.com\/wp-content\/uploads\/2020\/08\/logo-dutchhealthstore-jpg-e1599484957574.jpg\",\"width\":400,\"height\":62,\"caption\":\"Dutch Health Store\"},\"image\":{\"@id\":\"https:\/\/dutchhealthstore.com\/de\/#\/schema\/logo\/image\/\"},\"sameAs\":[\"https:\/\/www.instagram.com\/dutchhealthstore\/\",\"https:\/\/www.facebook.com\/dutchhealthstore\"]}]}<\/script>\n<meta property=\"product:brand\" content=\"Living Libations\" \/>\n<meta property=\"og:availability\" content=\"instock\" \/>\n<meta property=\"product:availability\" content=\"instock\" \/>\n<meta property=\"product:condition\" content=\"new\" \/>\n<!-- \/ Yoast SEO Premium plugin. -->","yoast_head_json":{"title":"Nerolina Essential Oil | Living Libations","description":"Diese immergr\u00fcne Pflanze aus dem Land Down Under lockt Bienen mit ihrem s\u00fc\u00dfen Duft!","robots":{"index":"index","follow":"follow","max-snippet":"max-snippet:-1","max-image-preview":"max-image-preview:large","max-video-preview":"max-video-preview:-1"},"canonical":"https:\/\/dutchhealthstore.com\/de\/product\/nerolina-essential-oil\/","og_locale":"de_DE","og_type":"article","og_title":"Nerolina Essential Oil - Dutch Health Store","og_description":"Diese immergr\u00fcne Pflanze aus dem Land Down Under lockt Bienen mit ihrem s\u00fc\u00dfen Duft!","og_url":"https:\/\/dutchhealthstore.com\/de\/product\/nerolina-essential-oil\/","og_site_name":"Dutch Health Store","article_publisher":"https:\/\/www.instagram.com\/dutchhealthstore\/","article_modified_time":"2023-02-23T10:25:12+00:00","og_image":[{"width":500,"height":500,"url":"https:\/\/dutchhealthstore.com\/wp-content\/uploads\/2018\/11\/Living-Libations-Nerolina-Essential-Oil-e1594735301252.jpg","type":"image\/jpeg"}],"twitter_card":"summary_large_image","twitter_misc":{"Verf\u00fcgbarkeit":"Auf Lager"},"schema":{"@context":"https:\/\/schema.org","@graph":[{"@type":"WebPage","@id":"https:\/\/dutchhealthstore.com\/de\/product\/nerolina-essential-oil\/","url":"https:\/\/dutchhealthstore.com\/de\/product\/nerolina-essential-oil\/","name":"Nerolina Essential Oil | Living Libations","isPartOf":{"@id":"https:\/\/dutchhealthstore.com\/de\/#website"},"primaryImageOfPage":{"@id":"https:\/\/dutchhealthstore.com\/de\/product\/nerolina-essential-oil\/#primaryimage"},"image":{"@id":"https:\/\/dutchhealthstore.com\/de\/product\/nerolina-essential-oil\/#primaryimage"},"thumbnailUrl":"https:\/\/dutchhealthstore.com\/wp-content\/uploads\/2018\/11\/Living-Libations-Nerolina-Essential-Oil-e1594735301252.jpg","datePublished":"2018-11-27T10:14:44+00:00","dateModified":"2023-02-23T10:25:12+00:00","description":"Diese immergr\u00fcne Pflanze aus dem Land Down Under lockt Bienen mit ihrem s\u00fc\u00dfen Duft!","breadcrumb":{"@id":"https:\/\/dutchhealthstore.com\/de\/product\/nerolina-essential-oil\/#breadcrumb"},"inLanguage":"de","potentialAction":[{"@type":"ReadAction","target":["https:\/\/dutchhealthstore.com\/de\/product\/nerolina-essential-oil\/"]}]},{"@type":"ImageObject","inLanguage":"de","@id":"https:\/\/dutchhealthstore.com\/de\/product\/nerolina-essential-oil\/#primaryimage","url":"https:\/\/dutchhealthstore.com\/wp-content\/uploads\/2018\/11\/Living-Libations-Nerolina-Essential-Oil-e1594735301252.jpg","contentUrl":"https:\/\/dutchhealthstore.com\/wp-content\/uploads\/2018\/11\/Living-Libations-Nerolina-Essential-Oil-e1594735301252.jpg","width":500,"height":500,"caption":"Living Libations Nerolina Essential Oil"},{"@type":"BreadcrumbList","@id":"https:\/\/dutchhealthstore.com\/de\/product\/nerolina-essential-oil\/#breadcrumb","itemListElement":[{"@type":"ListItem","position":1,"name":"Home","item":"https:\/\/dutchhealthstore.com\/de\/"},{"@type":"ListItem","position":2,"name":"Shop","item":"https:\/\/dutchhealthstore.com\/de\/shop-2\/"},{"@type":"ListItem","position":3,"name":"Nerolina Essential Oil"}]},{"@type":"WebSite","@id":"https:\/\/dutchhealthstore.com\/de\/#website","url":"https:\/\/dutchhealthstore.com\/de\/","name":"Dutch Health Store","description":"Enhance Your Beauty with Organic &amp; Natural Skincare","publisher":{"@id":"https:\/\/dutchhealthstore.com\/de\/#organization"},"potentialAction":[{"@type":"SearchAction","target":{"@type":"EntryPoint","urlTemplate":"https:\/\/dutchhealthstore.com\/de\/?s={search_term_string}"},"query-input":{"@type":"PropertyValueSpecification","valueRequired":true,"valueName":"search_term_string"}}],"inLanguage":"de"},{"@type":"Organization","@id":"https:\/\/dutchhealthstore.com\/de\/#organization","name":"Dutch Health Store","url":"https:\/\/dutchhealthstore.com\/de\/","logo":{"@type":"ImageObject","inLanguage":"de","@id":"https:\/\/dutchhealthstore.com\/de\/#\/schema\/logo\/image\/","url":"https:\/\/dutchhealthstore.com\/wp-content\/uploads\/2020\/08\/logo-dutchhealthstore-jpg-e1599484957574.jpg","contentUrl":"https:\/\/dutchhealthstore.com\/wp-content\/uploads\/2020\/08\/logo-dutchhealthstore-jpg-e1599484957574.jpg","width":400,"height":62,"caption":"Dutch Health Store"},"image":{"@id":"https:\/\/dutchhealthstore.com\/de\/#\/schema\/logo\/image\/"},"sameAs":["https:\/\/www.instagram.com\/dutchhealthstore\/","https:\/\/www.facebook.com\/dutchhealthstore"]}]},"product_brand":"Living Libations","og_availability":"instock","product_availability":"instock","product_condition":"new"},"_links":{"self":[{"href":"https:\/\/dutchhealthstore.com\/de\/wp-json\/wp\/v2\/product\/121594","targetHints":{"allow":["GET"]}}],"collection":[{"href":"https:\/\/dutchhealthstore.com\/de\/wp-json\/wp\/v2\/product"}],"about":[{"href":"https:\/\/dutchhealthstore.com\/de\/wp-json\/wp\/v2\/types\/product"}],"replies":[{"embeddable":true,"href":"https:\/\/dutchhealthstore.com\/de\/wp-json\/wp\/v2\/comments?post=121594"}],"wp:featuredmedia":[{"embeddable":true,"href":"https:\/\/dutchhealthstore.com\/de\/wp-json\/wp\/v2\/media\/113721"}],"wp:attachment":[{"href":"https:\/\/dutchhealthstore.com\/de\/wp-json\/wp\/v2\/media?parent=121594"}],"wp:term":[{"taxonomy":"product_brand","embeddable":true,"href":"https:\/\/dutchhealthstore.com\/de\/wp-json\/wp\/v2\/product_brand?post=121594"},{"taxonomy":"product_cat","embeddable":true,"href":"https:\/\/dutchhealthstore.com\/de\/wp-json\/wp\/v2\/product_cat?post=121594"},{"taxonomy":"product_tag","embeddable":true,"href":"https:\/\/dutchhealthstore.com\/de\/wp-json\/wp\/v2\/product_tag?post=121594"}],"curies":[{"name":"wp","href":"https:\/\/api.w.org\/{rel}","templated":true}]}}