{"id":121583,"date":"2018-02-10T19:59:17","date_gmt":"2018-02-10T18:59:17","guid":{"rendered":"https:\/\/dutchhealthstore.com\/product\/neroli-fleurs-sur-petitgrain-essential-oil\/"},"modified":"2025-10-28T10:59:56","modified_gmt":"2025-10-28T09:59:56","slug":"neroli-fleurs-sur-petitgrain-essential-oil","status":"publish","type":"product","link":"https:\/\/dutchhealthstore.com\/de\/product\/neroli-fleurs-sur-petitgrain-essential-oil\/","title":{"rendered":"Neroli Fleurs sur Petitgrain Essential Oil"},"content":{"rendered":"<p><strong><img decoding=\"async\" class=\"size-full wp-image-69549 alignright\" src=\"https:\/\/dutchhealthstore.com\/wp-content\/uploads\/2019\/08\/NEW-Living-Libations-Logo.jpg\" alt=\"NEW - Living Libations - Logo\" width=\"175\" height=\"82\">Botanischer Name:<\/strong> Citrus aurantium var. amara<br \/>\n<strong>Botanische Familie:<\/strong> Rutaceae<br \/>\n<strong>Extraktionsverfahren:<\/strong> Co-destilliert<br \/>\n<strong>Destillierter Teil der Pflanze:<\/strong> Bl\u00fcten, Bl\u00e4tter und zierliche Zitrusfr\u00fcchte<br \/>\n<strong>Herkunftsland:<\/strong> \u00c4gypten<br \/>\n<strong>Anbaumethode:<\/strong> Bio<br \/>\n<strong>Zusammensetzung:<\/strong> 100% Citrus aurantium var. amara<br \/>\n<strong>Konsistenz:<\/strong> D\u00fcnne Viskosit\u00e4t<\/p>\n<h3>Beschreibung des Duftes<\/h3>\n<p>S\u00fc\u00dfe Blumen, zarte, erfrischende Zitrusfr\u00fcchte und ein Hauch von Zedernhonig.<\/p>\n<h3>In Living Libations<\/h3>\n<p>Neroli Best Skin Ever<\/p>\n<h3>Gut mischbar mit<\/h3>\n<p>Jasmin, Ylang, Bergamotte, Grapefruit, Gr\u00f6nlandmoos, Majoran, Lavendel, Weihrauch, Zypresse, Palo Santo, Patchouli, Sandelholz, Spikenard und Zitrone.<\/p>\n<h3>Verwendet<\/h3>\n<p>Inhalieren Sie aus einer Salzpfeife oder beleben Sie eine Umgebung durch Diffusion. Entz\u00fcckend in B\u00e4dern. Verd\u00fcnnt kann es in Seren und K\u00f6rper\u00f6len verwendet werden, um den Hauttonus zu verbessern und das Erscheinungsbild von Dehnungsstreifen, Narben und der Hauttextur zu mildern.<\/p>\n<p>Diese fesselnde Co-Destillation wird speziell f\u00fcr uns aus biologisch gepflegten \u00e4gyptischen Bitterorangenb\u00e4umen hergestellt. Durch die Verschmelzung der himmlischen Wirkungen der Neroli-Bl\u00fcten mit den tonisierenden Komponenten der Petitgrain haben wir ein charismatisches \u00e4therisches \u00d6l geschaffen, das g\u00f6ttlich k\u00f6stlich duftet und preiswerter ist als Neroli allein und weit mehr duftet als nur Petitgrain. Neroli Fleurs sur Petitgrain ist eine einzigartige Essenz mit den synergetischen Vorteilen von Neroli und Petitgrain.<\/p>\n<p><strong>Gr\u00f6\u00dfe: 5 ml<\/strong><\/p>\n<h3>Bio-Zutaten<\/h3>\n<p>100% \u00e4therisches \u00d6l aus Neroli fleur (Citrus aurantium var. amara) sur petitgrain.<\/p>\n<p style=\"text-align: center;\"><em>&#8222;Das \u00e4therische Petitgrain-\u00d6l wird aus den j\u00e4hrlich geschnittenen Bl\u00e4ttern und den winzigen, erst k\u00fcrzlich gebildeten Fr\u00fcchten destilliert, die Petitgrains (kleine K\u00f6rner) genannt werden. Diese Essenz wird in der Parf\u00fcmerie (als unverzichtbarer Bestandteil von Eau de Cologne) und in der Aromatherapie gleicherma\u00dfen gesch\u00e4tzt. Das \u00e4therische Petitgrain-\u00d6l ist ungiftig und kann in Zubereitungen zur Behandlung von Stress und Ungleichgewicht des vegetativen Nervensystems gro\u00dfz\u00fcgig verwendet werden.&#8220;<\/em><br \/>\n~ Kurt Schnaubelt Ph.D., <strong>The Intelligence of Essential Oils<\/strong><\/p>\n<p style=\"text-align: center;\"><em>&#8222;Psychologisch gesehen ist Petitgrain belebend, aufbauend und kl\u00e4rend. Es ist ein ermutigendes Tonikum&#8230;&#8220;<\/em><br \/>\n~ Kate and Peter Damian, <strong>Scent and Psyche<\/strong><\/p>\n<p style=\"text-align: center;\"><em>&#8222;Der Geist der Petitgrain verk\u00f6rpert eine sanfte Kraft, die in schwierigen Zeiten zu positiven L\u00f6sungen und Ergebnissen ermutigt. Er erm\u00f6glicht es uns, nach vorne zu schauen und eine Verbindung zu unserer inneren Wahrheit herzustellen.&#8220;<\/em><br \/>\n~ Valerie Ann Worwood, <strong>Aromatherapy for the Soul<\/strong><\/p>\n<p>&nbsp;<\/p>\n<p><img fetchpriority=\"high\" decoding=\"async\" class=\"size-medium wp-image-68103 aligncenter\" src=\"https:\/\/dutchhealthstore.com\/wp-content\/uploads\/2018\/02\/Living-Libations-Organic-Logo-800x89.png\" alt=\"Living Libations - Organic Logo\" width=\"800\" height=\"89\" srcset=\"https:\/\/dutchhealthstore.com\/wp-content\/uploads\/2018\/02\/Living-Libations-Organic-Logo-800x89.png 800w, https:\/\/dutchhealthstore.com\/wp-content\/uploads\/2018\/02\/Living-Libations-Organic-Logo-510x57.png 510w, https:\/\/dutchhealthstore.com\/wp-content\/uploads\/2018\/02\/Living-Libations-Organic-Logo-768x85.png 768w, https:\/\/dutchhealthstore.com\/wp-content\/uploads\/2018\/02\/Living-Libations-Organic-Logo.png 1400w\" sizes=\"(max-width: 800px) 100vw, 800px\" \/><\/p>\n","protected":false},"excerpt":{"rendered":"<p>Bl\u00e4tter, Orangenbl\u00fcten und Petit Oranges tanzen in einer choreografierten Co-Destillation, die einen super sinnlichen Duft verzaubert, der von einem spritzigen, fr\u00f6hlichen Gr\u00fcn umgarnt wird, das durch das \u00e4therische \u00d6l <strong>Neroli Fleurs sur Petitgrain<\/strong> verk\u00f6rpert wird. Es ist der Traum eines jeden Liebhabers von Zitrusfruchtplantagen.<\/p>\n","protected":false},"featured_media":113715,"comment_status":"open","ping_status":"closed","template":"","meta":[],"product_brand":[],"product_cat":[6737,1508,1546,1493,1210,511,6736],"product_tag":[1547],"class_list":{"0":"post-121583","1":"product","2":"type-product","3":"status-publish","4":"has-post-thumbnail","6":"product_cat-essential-oils-de-2","7":"product_cat-aetherische-oele-living-libations","8":"product_cat-essential-oils-living-libations-de","9":"product_cat-living-libations-deutschland","10":"product_cat-marken","11":"product_cat-produkte","12":"product_cat-wellness-de","13":"product_tag-essential-oil-de","14":"pa_brand-livinglibations-de","15":"pa_essential-oils-product-type-essential-oils-de","16":"pa_size-5-ml-de","18":"first","19":"instock","20":"taxable","21":"shipping-taxable","22":"purchasable","23":"product-type-simple"},"bundled_by":[],"bundle_stock_status":"instock","bundle_stock_quantity":5,"bundle_virtual":false,"bundle_layout":"","bundle_add_to_cart_form_location":"","bundle_editable_in_cart":false,"bundle_sold_individually_context":"","bundle_item_grouping":"","bundle_min_size":"","bundle_max_size":"","bundle_price":[],"bundled_items":[],"bundle_sell_ids":[],"atum_controlled":true,"out_stock_date":null,"out_stock_threshold":null,"inheritable":false,"stock_on_hold":0,"sold_today":0,"sales_last_days":0,"out_stock_days":0,"lost_sales":0,"update_date":"2026-04-10T08:32:30","atum_locations":[],"atum_stock_status":"instock","restock_status":false,"low_stock_amount":"","sales_update_date":"2026-04-10T08:32:30","calc_backorders":null,"group_of_quantity":0,"min_quantity":0,"max_quantity":"","exclude_order_quantity_value_rules":"no","exclude_category_quantity_rules":"no","combine_variations":"no","yoast_head":"<!-- This site is optimized with the Yoast SEO Premium plugin v26.5 (Yoast SEO v26.5) - https:\/\/yoast.com\/wordpress\/plugins\/seo\/ -->\n<title>Neroli Fleurs sur Petitgrain Essential Oil | Living Libations<\/title>\n<meta name=\"description\" content=\"Bl\u00e4tter, Orangenbl\u00fcten und Petit Oranges tanzen in einer choreografierten Co-Destillation, die einen \u00e4u\u00dferst sinnlichen Duft zaubert.\" \/>\n<meta name=\"robots\" content=\"index, follow, max-snippet:-1, max-image-preview:large, max-video-preview:-1\" \/>\n<link rel=\"canonical\" href=\"https:\/\/dutchhealthstore.com\/de\/product\/neroli-fleurs-sur-petitgrain-essential-oil\/\" \/>\n<meta property=\"og:locale\" content=\"de_DE\" \/>\n<meta property=\"og:type\" content=\"article\" \/>\n<meta property=\"og:title\" content=\"Neroli Fleurs sur Petitgrain Essential Oil - Dutch Health Store\" \/>\n<meta property=\"og:description\" content=\"Bl\u00e4tter, Orangenbl\u00fcten und Petit Oranges tanzen in einer choreografierten Co-Destillation, die einen \u00e4u\u00dferst sinnlichen Duft zaubert.\" \/>\n<meta property=\"og:url\" content=\"https:\/\/dutchhealthstore.com\/de\/product\/neroli-fleurs-sur-petitgrain-essential-oil\/\" \/>\n<meta property=\"og:site_name\" content=\"Dutch Health Store\" \/>\n<meta property=\"article:publisher\" content=\"https:\/\/www.instagram.com\/dutchhealthstore\/\" \/>\n<meta property=\"article:modified_time\" content=\"2025-10-28T09:59:56+00:00\" \/>\n<meta property=\"og:image\" content=\"https:\/\/dutchhealthstore.com\/wp-content\/uploads\/2018\/02\/Living-Libations-Neroli-Fleurs-sur-Petitgrain-Essential-Oil-e1594734757405.jpg\" \/>\n\t<meta property=\"og:image:width\" content=\"500\" \/>\n\t<meta property=\"og:image:height\" content=\"500\" \/>\n\t<meta property=\"og:image:type\" content=\"image\/jpeg\" \/>\n<meta name=\"twitter:card\" content=\"summary_large_image\" \/>\n<meta name=\"twitter:label1\" content=\"Preis\" \/>\n\t<meta name=\"twitter:data1\" content=\"&euro;30,00\" \/>\n\t<meta name=\"twitter:label2\" content=\"Verf\u00fcgbarkeit\" \/>\n\t<meta name=\"twitter:data2\" content=\"Auf Lager\" \/>\n<script type=\"application\/ld+json\" class=\"yoast-schema-graph\">{\"@context\":\"https:\/\/schema.org\",\"@graph\":[{\"@type\":\"WebPage\",\"@id\":\"https:\/\/dutchhealthstore.com\/de\/product\/neroli-fleurs-sur-petitgrain-essential-oil\/\",\"url\":\"https:\/\/dutchhealthstore.com\/de\/product\/neroli-fleurs-sur-petitgrain-essential-oil\/\",\"name\":\"Neroli Fleurs sur Petitgrain Essential Oil | Living Libations\",\"isPartOf\":{\"@id\":\"https:\/\/dutchhealthstore.com\/de\/#website\"},\"primaryImageOfPage\":{\"@id\":\"https:\/\/dutchhealthstore.com\/de\/product\/neroli-fleurs-sur-petitgrain-essential-oil\/#primaryimage\"},\"image\":{\"@id\":\"https:\/\/dutchhealthstore.com\/de\/product\/neroli-fleurs-sur-petitgrain-essential-oil\/#primaryimage\"},\"thumbnailUrl\":\"https:\/\/dutchhealthstore.com\/wp-content\/uploads\/2018\/02\/Living-Libations-Neroli-Fleurs-sur-Petitgrain-Essential-Oil-e1594734757405.jpg\",\"datePublished\":\"2018-02-10T18:59:17+00:00\",\"dateModified\":\"2025-10-28T09:59:56+00:00\",\"description\":\"Bl\u00e4tter, Orangenbl\u00fcten und Petit Oranges tanzen in einer choreografierten Co-Destillation, die einen \u00e4u\u00dferst sinnlichen Duft zaubert.\",\"breadcrumb\":{\"@id\":\"https:\/\/dutchhealthstore.com\/de\/product\/neroli-fleurs-sur-petitgrain-essential-oil\/#breadcrumb\"},\"inLanguage\":\"de\",\"potentialAction\":[{\"@type\":\"ReadAction\",\"target\":[\"https:\/\/dutchhealthstore.com\/de\/product\/neroli-fleurs-sur-petitgrain-essential-oil\/\"]}]},{\"@type\":\"ImageObject\",\"inLanguage\":\"de\",\"@id\":\"https:\/\/dutchhealthstore.com\/de\/product\/neroli-fleurs-sur-petitgrain-essential-oil\/#primaryimage\",\"url\":\"https:\/\/dutchhealthstore.com\/wp-content\/uploads\/2018\/02\/Living-Libations-Neroli-Fleurs-sur-Petitgrain-Essential-Oil-e1594734757405.jpg\",\"contentUrl\":\"https:\/\/dutchhealthstore.com\/wp-content\/uploads\/2018\/02\/Living-Libations-Neroli-Fleurs-sur-Petitgrain-Essential-Oil-e1594734757405.jpg\",\"width\":500,\"height\":500,\"caption\":\"Living Libations Neroli Fleurs sur Petitgrain Essential Oil\"},{\"@type\":\"BreadcrumbList\",\"@id\":\"https:\/\/dutchhealthstore.com\/de\/product\/neroli-fleurs-sur-petitgrain-essential-oil\/#breadcrumb\",\"itemListElement\":[{\"@type\":\"ListItem\",\"position\":1,\"name\":\"Home\",\"item\":\"https:\/\/dutchhealthstore.com\/de\/\"},{\"@type\":\"ListItem\",\"position\":2,\"name\":\"Shop\",\"item\":\"https:\/\/dutchhealthstore.com\/de\/shop-2\/\"},{\"@type\":\"ListItem\",\"position\":3,\"name\":\"Neroli Fleurs sur Petitgrain Essential Oil\"}]},{\"@type\":\"WebSite\",\"@id\":\"https:\/\/dutchhealthstore.com\/de\/#website\",\"url\":\"https:\/\/dutchhealthstore.com\/de\/\",\"name\":\"Dutch Health Store\",\"description\":\"Enhance Your Beauty with Organic &amp; Natural Skincare\",\"publisher\":{\"@id\":\"https:\/\/dutchhealthstore.com\/de\/#organization\"},\"potentialAction\":[{\"@type\":\"SearchAction\",\"target\":{\"@type\":\"EntryPoint\",\"urlTemplate\":\"https:\/\/dutchhealthstore.com\/de\/?s={search_term_string}\"},\"query-input\":{\"@type\":\"PropertyValueSpecification\",\"valueRequired\":true,\"valueName\":\"search_term_string\"}}],\"inLanguage\":\"de\"},{\"@type\":\"Organization\",\"@id\":\"https:\/\/dutchhealthstore.com\/de\/#organization\",\"name\":\"Dutch Health Store\",\"url\":\"https:\/\/dutchhealthstore.com\/de\/\",\"logo\":{\"@type\":\"ImageObject\",\"inLanguage\":\"de\",\"@id\":\"https:\/\/dutchhealthstore.com\/de\/#\/schema\/logo\/image\/\",\"url\":\"https:\/\/dutchhealthstore.com\/wp-content\/uploads\/2020\/08\/logo-dutchhealthstore-jpg-e1599484957574.jpg\",\"contentUrl\":\"https:\/\/dutchhealthstore.com\/wp-content\/uploads\/2020\/08\/logo-dutchhealthstore-jpg-e1599484957574.jpg\",\"width\":400,\"height\":62,\"caption\":\"Dutch Health Store\"},\"image\":{\"@id\":\"https:\/\/dutchhealthstore.com\/de\/#\/schema\/logo\/image\/\"},\"sameAs\":[\"https:\/\/www.instagram.com\/dutchhealthstore\/\",\"https:\/\/www.facebook.com\/dutchhealthstore\"]}]}<\/script>\n<meta property=\"product:brand\" content=\"Living Libations\" \/>\n<meta property=\"product:price:amount\" content=\"30.00\" \/>\n<meta property=\"product:price:currency\" content=\"EUR\" \/>\n<meta property=\"og:availability\" content=\"instock\" \/>\n<meta property=\"product:availability\" content=\"instock\" \/>\n<meta property=\"product:condition\" content=\"new\" \/>\n<!-- \/ Yoast SEO Premium plugin. -->","yoast_head_json":{"title":"Neroli Fleurs sur Petitgrain Essential Oil | Living Libations","description":"Bl\u00e4tter, Orangenbl\u00fcten und Petit Oranges tanzen in einer choreografierten Co-Destillation, die einen \u00e4u\u00dferst sinnlichen Duft zaubert.","robots":{"index":"index","follow":"follow","max-snippet":"max-snippet:-1","max-image-preview":"max-image-preview:large","max-video-preview":"max-video-preview:-1"},"canonical":"https:\/\/dutchhealthstore.com\/de\/product\/neroli-fleurs-sur-petitgrain-essential-oil\/","og_locale":"de_DE","og_type":"article","og_title":"Neroli Fleurs sur Petitgrain Essential Oil - Dutch Health Store","og_description":"Bl\u00e4tter, Orangenbl\u00fcten und Petit Oranges tanzen in einer choreografierten Co-Destillation, die einen \u00e4u\u00dferst sinnlichen Duft zaubert.","og_url":"https:\/\/dutchhealthstore.com\/de\/product\/neroli-fleurs-sur-petitgrain-essential-oil\/","og_site_name":"Dutch Health Store","article_publisher":"https:\/\/www.instagram.com\/dutchhealthstore\/","article_modified_time":"2025-10-28T09:59:56+00:00","og_image":[{"width":500,"height":500,"url":"https:\/\/dutchhealthstore.com\/wp-content\/uploads\/2018\/02\/Living-Libations-Neroli-Fleurs-sur-Petitgrain-Essential-Oil-e1594734757405.jpg","type":"image\/jpeg"}],"twitter_card":"summary_large_image","twitter_misc":{"Preis":"&euro;30,00","Verf\u00fcgbarkeit":"Auf Lager"},"schema":{"@context":"https:\/\/schema.org","@graph":[{"@type":"WebPage","@id":"https:\/\/dutchhealthstore.com\/de\/product\/neroli-fleurs-sur-petitgrain-essential-oil\/","url":"https:\/\/dutchhealthstore.com\/de\/product\/neroli-fleurs-sur-petitgrain-essential-oil\/","name":"Neroli Fleurs sur Petitgrain Essential Oil | Living Libations","isPartOf":{"@id":"https:\/\/dutchhealthstore.com\/de\/#website"},"primaryImageOfPage":{"@id":"https:\/\/dutchhealthstore.com\/de\/product\/neroli-fleurs-sur-petitgrain-essential-oil\/#primaryimage"},"image":{"@id":"https:\/\/dutchhealthstore.com\/de\/product\/neroli-fleurs-sur-petitgrain-essential-oil\/#primaryimage"},"thumbnailUrl":"https:\/\/dutchhealthstore.com\/wp-content\/uploads\/2018\/02\/Living-Libations-Neroli-Fleurs-sur-Petitgrain-Essential-Oil-e1594734757405.jpg","datePublished":"2018-02-10T18:59:17+00:00","dateModified":"2025-10-28T09:59:56+00:00","description":"Bl\u00e4tter, Orangenbl\u00fcten und Petit Oranges tanzen in einer choreografierten Co-Destillation, die einen \u00e4u\u00dferst sinnlichen Duft zaubert.","breadcrumb":{"@id":"https:\/\/dutchhealthstore.com\/de\/product\/neroli-fleurs-sur-petitgrain-essential-oil\/#breadcrumb"},"inLanguage":"de","potentialAction":[{"@type":"ReadAction","target":["https:\/\/dutchhealthstore.com\/de\/product\/neroli-fleurs-sur-petitgrain-essential-oil\/"]}]},{"@type":"ImageObject","inLanguage":"de","@id":"https:\/\/dutchhealthstore.com\/de\/product\/neroli-fleurs-sur-petitgrain-essential-oil\/#primaryimage","url":"https:\/\/dutchhealthstore.com\/wp-content\/uploads\/2018\/02\/Living-Libations-Neroli-Fleurs-sur-Petitgrain-Essential-Oil-e1594734757405.jpg","contentUrl":"https:\/\/dutchhealthstore.com\/wp-content\/uploads\/2018\/02\/Living-Libations-Neroli-Fleurs-sur-Petitgrain-Essential-Oil-e1594734757405.jpg","width":500,"height":500,"caption":"Living Libations Neroli Fleurs sur Petitgrain Essential Oil"},{"@type":"BreadcrumbList","@id":"https:\/\/dutchhealthstore.com\/de\/product\/neroli-fleurs-sur-petitgrain-essential-oil\/#breadcrumb","itemListElement":[{"@type":"ListItem","position":1,"name":"Home","item":"https:\/\/dutchhealthstore.com\/de\/"},{"@type":"ListItem","position":2,"name":"Shop","item":"https:\/\/dutchhealthstore.com\/de\/shop-2\/"},{"@type":"ListItem","position":3,"name":"Neroli Fleurs sur Petitgrain Essential Oil"}]},{"@type":"WebSite","@id":"https:\/\/dutchhealthstore.com\/de\/#website","url":"https:\/\/dutchhealthstore.com\/de\/","name":"Dutch Health Store","description":"Enhance Your Beauty with Organic &amp; Natural Skincare","publisher":{"@id":"https:\/\/dutchhealthstore.com\/de\/#organization"},"potentialAction":[{"@type":"SearchAction","target":{"@type":"EntryPoint","urlTemplate":"https:\/\/dutchhealthstore.com\/de\/?s={search_term_string}"},"query-input":{"@type":"PropertyValueSpecification","valueRequired":true,"valueName":"search_term_string"}}],"inLanguage":"de"},{"@type":"Organization","@id":"https:\/\/dutchhealthstore.com\/de\/#organization","name":"Dutch Health Store","url":"https:\/\/dutchhealthstore.com\/de\/","logo":{"@type":"ImageObject","inLanguage":"de","@id":"https:\/\/dutchhealthstore.com\/de\/#\/schema\/logo\/image\/","url":"https:\/\/dutchhealthstore.com\/wp-content\/uploads\/2020\/08\/logo-dutchhealthstore-jpg-e1599484957574.jpg","contentUrl":"https:\/\/dutchhealthstore.com\/wp-content\/uploads\/2020\/08\/logo-dutchhealthstore-jpg-e1599484957574.jpg","width":400,"height":62,"caption":"Dutch Health Store"},"image":{"@id":"https:\/\/dutchhealthstore.com\/de\/#\/schema\/logo\/image\/"},"sameAs":["https:\/\/www.instagram.com\/dutchhealthstore\/","https:\/\/www.facebook.com\/dutchhealthstore"]}]},"product_brand":"Living Libations","product_price_amount":"30.00","product_price_currency":"EUR","og_availability":"instock","product_availability":"instock","product_condition":"new"},"_links":{"self":[{"href":"https:\/\/dutchhealthstore.com\/de\/wp-json\/wp\/v2\/product\/121583","targetHints":{"allow":["GET"]}}],"collection":[{"href":"https:\/\/dutchhealthstore.com\/de\/wp-json\/wp\/v2\/product"}],"about":[{"href":"https:\/\/dutchhealthstore.com\/de\/wp-json\/wp\/v2\/types\/product"}],"replies":[{"embeddable":true,"href":"https:\/\/dutchhealthstore.com\/de\/wp-json\/wp\/v2\/comments?post=121583"}],"wp:featuredmedia":[{"embeddable":true,"href":"https:\/\/dutchhealthstore.com\/de\/wp-json\/wp\/v2\/media\/113715"}],"wp:attachment":[{"href":"https:\/\/dutchhealthstore.com\/de\/wp-json\/wp\/v2\/media?parent=121583"}],"wp:term":[{"taxonomy":"product_brand","embeddable":true,"href":"https:\/\/dutchhealthstore.com\/de\/wp-json\/wp\/v2\/product_brand?post=121583"},{"taxonomy":"product_cat","embeddable":true,"href":"https:\/\/dutchhealthstore.com\/de\/wp-json\/wp\/v2\/product_cat?post=121583"},{"taxonomy":"product_tag","embeddable":true,"href":"https:\/\/dutchhealthstore.com\/de\/wp-json\/wp\/v2\/product_tag?post=121583"}],"curies":[{"name":"wp","href":"https:\/\/api.w.org\/{rel}","templated":true}]}}