{"id":121552,"date":"2018-02-10T20:08:56","date_gmt":"2018-02-10T19:08:56","guid":{"rendered":"https:\/\/dutchhealthstore.com\/product\/neroli-essential-oil\/"},"modified":"2024-11-28T19:14:23","modified_gmt":"2024-11-28T18:14:23","slug":"neroli-essential-oil","status":"publish","type":"product","link":"https:\/\/dutchhealthstore.com\/de\/product\/neroli-essential-oil\/","title":{"rendered":"Neroli Essential Oil"},"content":{"rendered":"<p><img decoding=\"async\" class=\"alignright size-full wp-image-37041\" src=\"https:\/\/dutchhealthstore.com\/wp-content\/uploads\/2018\/04\/Living_Libations-1.png\" alt=\"Organic &amp; Natural Beautyproducts - Living Libations\" width=\"175\" height=\"82\">Neroli Essential Oil ist ein exquisites Angebot ist riesige Str\u00e4nge der Sch\u00f6nheit Telegramme immer jubelt und nie f\u00fcrchtet.<\/p>\n<p>Neroli wurde nach Anne Marie Orsini benannt. Orsini war bis zum Ende des 17. und Anfang des 18. Jahrhunderts die Prinzessin von Nerola in Italien. Die Prinzessin war eine gro\u00dfe Anh\u00e4ngerin des \u00e4therischen Orangenbl\u00fcten\u00f6ls, das sie in ihr Bad gab, um dem Druck des politischen und k\u00f6niglichen Lebens in Italien zu entkommen. Sie liebte den Duft so sehr, dass sie anfing, ihn auf ihre Handschuhe zu spr\u00fchen, bevor sie abends ausging. Bald trug jeder in Italien Handschuhe aus Neroli, und bald darauf bewunderte und erkundigte sich jeder in Europa, wie er an das bezaubernde Neroli\u00f6l von Orsini herankommen k\u00f6nnte.<\/p>\n<p><strong>Botanischer Name:<\/strong> Citrus aurantium<br \/>\n<strong>Botanische Familie:<\/strong> Rutaceae<br \/>\n<strong>Extraktionsverfahren:<\/strong> Dampfdestilliert<br \/>\n<strong>Teil der Pflanze Destilliert:<\/strong> Bl\u00fcten<br \/>\n<strong>Herkunftsland:<\/strong> Tunesien<br \/>\n<strong>Anbaumethode:<\/strong> Bio<br \/>\n<strong>Zusammensetzung:<\/strong> 100% Citrus aurantium<br \/>\n<strong>Konsistenz:<\/strong> D\u00fcnn<\/p>\n<h3>Beschreibung des Duftes<\/h3>\n<p>S\u00fc\u00dfer und \u00e4therischer Blumenduft mit fr\u00f6hlichen Noten von sonnigen Zitrusfr\u00fcchten und Honig.<\/p>\n<h3>In Living Libations<\/h3>\n<p>Neroli Best Skin Ever, Neroli Poetic Pits und Rose Glow Serum.<\/p>\n<h3>Gut mischbar mit<\/h3>\n<p>Bergamotte, Rose, Ylang, Weihrauch, Grapefruit, Orange, Lavendel, Geranie, r\u00f6mische Kamille, Muskatellersalbei und Sandelholz.<\/p>\n<a href=\"https:\/\/dutchhealthstore.com\/wp-content\/uploads\/2018\/02\/ESSENTIAL-OIL-ANALYSIS-Neroli-Essential-Oil-Living-Libations.pdf\" class=\"button primary is-primary is-medium\"  >\n\t\t<span>ANALYSE DER \u00c4THERISCHEN \u00d6LE &gt;&gt;<\/span>\n\t<\/a>\n\n<h3>Verwendet<\/h3>\n<p>Deodorant. Saft der Freude. Tonikum f\u00fcr die Haut. Verzauberer. Badende Sch\u00f6nheit. Weichmacher f\u00fcr das Erscheinungsbild von Narben, Dehnungsstreifen und Haut. Perfekt in Parf\u00fcms und auf Kopfkissen. Transportiert die in der Salzleitung eingeatmete Zeit. G\u00f6ttlich in der Ausbreitung.<\/p>\n<h3>Kontraindikation<\/h3>\n<p>Lichtempfindlich. Stets verd\u00fcnnen und nicht unverd\u00fcnnt anwenden und die Haut anschlie\u00dfend dem Sonnenlicht aussetzen.<\/p>\n<p><strong>Gr\u00f6\u00dfe: 5 ml und 15 ml<\/strong><\/p>\n<h3>Bio-Zutaten<\/h3>\n<p>100% \u00e4therisches Neroli\u00f6l (Citrus aurantium).<\/p>\n<p style=\"text-align: center;\"><em>&#8222;Die bl\u00fchenden Orangenb\u00e4ume, die das sonnige Sevilla schm\u00fccken, weinen s\u00fc\u00dfes Neroli.&#8220;<\/em><br \/>\n\u223c Anonym<\/p>\n<p style=\"text-align: center;\"><em>&#8222;Neroli ist eines der wertvollsten \u00e4therischen \u00d6le, seine Schwingung ist eine der h\u00f6chsten unter ihnen. <\/em><br \/>\n<em>Es k\u00f6nnte sein, dass sie mit Energie aus einer anderen Lichtzeit im Universum in Resonanz steht, <\/em><br \/>\n<em>Vielleicht nimmt sie ihr Licht von einer anderen Sonne im weiten Kosmos. <\/em><br \/>\n<em>Wo auch immer seine subtile und leuchtende Qualit\u00e4t herkommt, sie ist allgegenw\u00e4rtig&#8220;.<\/em><br \/>\n\u223c Valerie Ann Worwood, <strong>Aromatherapy for the Soul<\/strong><\/p>\n<p style=\"text-align: center;\"><em>&#8222;Neroli: Ein Tropfen an einer beliebigen Stelle, z.B. in der Brustbeingegend, beruhigt&#8230;&#8220;<\/em><br \/>\n\u223c Kurt Schnaubelt, <strong>Die Intelligenz der \u00e4therischen \u00d6le<\/strong><\/p>\n<p style=\"text-align: center;\"><em>&#8222;Neroli hat eine beruhigende, unterst\u00fctzende Wirkung auf das Herz&#8220;.<\/em><br \/>\n\u223c Julia Lawless, <strong>Aromatherapy and the Mind<\/strong><\/p>\n<p style=\"text-align: center;\"><em>&#8222;Der Name dieses \u00d6ls soll von einer geliebten Prinzessin aus Nerola in Italien stammen, die alles damit \u00fcbergoss. <\/em><br \/>\n<em>Die Br\u00e4ute schm\u00fcckten sich mit Orangenbl\u00fcten, um ihre Reinheit und Sch\u00f6nheit zu symbolisieren. <\/em><br \/>\n<em>|Neroli wurde vom \u00e4gyptischen Volk f\u00fcr seine gro\u00dfartigen Eigenschaften zur Harmonisierung von Geist, K\u00f6rper und Seele gesch\u00e4tzt. <\/em><br \/>\n<em>Es bringt alles in den Fokus eines einzigen Augenblicks.<\/em><br \/>\n\u223c Alan Higley, <strong>Reference Guide for Essential Oils<\/strong><\/p>\n<p>&nbsp;<\/p>\n<p><img decoding=\"async\" class=\"aligncenter wp-image-31577\" src=\"https:\/\/dutchhealthstore.com\/wp-content\/uploads\/2018\/03\/organic_big.png\" alt=\"Organic and Natural - Living Libations\" width=\"500\" height=\"83\" srcset=\"https:\/\/dutchhealthstore.com\/wp-content\/uploads\/2018\/03\/organic_big.png 623w, https:\/\/dutchhealthstore.com\/wp-content\/uploads\/2018\/03\/organic_big-510x84.png 510w, https:\/\/dutchhealthstore.com\/wp-content\/uploads\/2018\/03\/organic_big-600x99.png 600w, https:\/\/dutchhealthstore.com\/wp-content\/uploads\/2018\/03\/organic_big-350x58.png 350w\" sizes=\"(max-width: 500px) 100vw, 500px\" \/><\/p>\n","protected":false},"excerpt":{"rendered":"<p style=\"text-align: left;\">Numinous <strong>Neroli Essential Oil<\/strong> ist das Gl\u00fcck in einer hypnotischen blumigen Fantasie, die durch Wasserdampfdestillation der wohlwollenden Bl\u00fcten des tunesischen Orangenbaums entstanden ist. Neroli ist nach einer italienischen Prinzessin aus dem 17. Jahrhundert benannt, die daf\u00fcr bekannt war, ihre Kleidung und ihre B\u00e4der mit den Essenzen dieses fr\u00f6hlichen Baumes zu parf\u00fcmieren. Neroli entfaltet sein Wunder im K\u00f6rper, indem es sich an die Nerven schmiegt, ein s\u00fc\u00dfes Lied f\u00fcr die Haut singt und mit der blumigen Fl\u00f6te seines Bl\u00fctendufts andere einl\u00e4dt.<\/p>\n","protected":false},"featured_media":113708,"comment_status":"open","ping_status":"closed","template":"","meta":[],"product_brand":[],"product_cat":[1546,6737,1508,1493,1210,511,6736],"product_tag":[1547],"class_list":{"0":"post-121552","1":"product","2":"type-product","3":"status-publish","4":"has-post-thumbnail","6":"product_cat-essential-oils-living-libations-de","7":"product_cat-essential-oils-de-2","8":"product_cat-aetherische-oele-living-libations","9":"product_cat-living-libations-deutschland","10":"product_cat-marken","11":"product_cat-produkte","12":"product_cat-wellness-de","13":"product_tag-essential-oil-de","14":"pa_brand-livinglibations-de","15":"pa_essential-oils-product-type-essential-oils-de","16":"pa_size-15-ml-de-2","17":"pa_size-5-ml-de","19":"first","20":"instock","21":"taxable","22":"shipping-taxable","23":"purchasable","24":"product-type-variable"},"bundled_by":[],"bundle_stock_status":"instock","bundle_stock_quantity":null,"bundle_virtual":false,"bundle_layout":"","bundle_add_to_cart_form_location":"","bundle_editable_in_cart":false,"bundle_sold_individually_context":"","bundle_item_grouping":"","bundle_min_size":"","bundle_max_size":"","bundle_price":[],"bundled_items":[],"bundle_sell_ids":[],"atum_controlled":true,"out_stock_date":null,"out_stock_threshold":null,"inheritable":true,"stock_on_hold":0,"sold_today":0,"sales_last_days":0,"out_stock_days":0,"lost_sales":0,"update_date":"2026-04-12T00:02:29","atum_locations":[],"atum_stock_status":"instock","restock_status":false,"low_stock_amount":"","sales_update_date":"2026-04-12T00:02:29","calc_backorders":null,"group_of_quantity":0,"min_quantity":0,"max_quantity":"","exclude_order_quantity_value_rules":"no","exclude_category_quantity_rules":"no","combine_variations":"no","yoast_head":"<!-- This site is optimized with the Yoast SEO Premium plugin v26.5 (Yoast SEO v26.5) - https:\/\/yoast.com\/wordpress\/plugins\/seo\/ -->\n<title>Neroli Essential Oil | Living Libations<\/title>\n<meta name=\"description\" content=\"Living Libations Neroli Essential Oil ist ein erhebendes, hypnotisierendes, blumiges \u00d6l, das aus den Bl\u00fcten des tunesischen Orangenbaums dampfdestilliert wird.\" \/>\n<meta name=\"robots\" content=\"index, follow, max-snippet:-1, max-image-preview:large, max-video-preview:-1\" \/>\n<link rel=\"canonical\" href=\"https:\/\/dutchhealthstore.com\/de\/product\/neroli-essential-oil\/\" \/>\n<meta property=\"og:locale\" content=\"de_DE\" \/>\n<meta property=\"og:type\" content=\"article\" \/>\n<meta property=\"og:title\" content=\"Neroli Essential Oil - Dutch Health Store\" \/>\n<meta property=\"og:description\" content=\"Living Libations Neroli Essential Oil ist ein erhebendes, hypnotisierendes, blumiges \u00d6l, das aus den Bl\u00fcten des tunesischen Orangenbaums dampfdestilliert wird.\" \/>\n<meta property=\"og:url\" content=\"https:\/\/dutchhealthstore.com\/de\/product\/neroli-essential-oil\/\" \/>\n<meta property=\"og:site_name\" content=\"Dutch Health Store\" \/>\n<meta property=\"article:publisher\" content=\"https:\/\/www.instagram.com\/dutchhealthstore\/\" \/>\n<meta property=\"article:modified_time\" content=\"2024-11-28T18:14:23+00:00\" \/>\n<meta property=\"og:image\" content=\"https:\/\/dutchhealthstore.com\/wp-content\/uploads\/2018\/02\/Living-Libations-Neroli-Essential-Oil-1-e1594734067524.jpg\" \/>\n\t<meta property=\"og:image:width\" content=\"500\" \/>\n\t<meta property=\"og:image:height\" content=\"500\" \/>\n\t<meta property=\"og:image:type\" content=\"image\/jpeg\" \/>\n<meta name=\"twitter:card\" content=\"summary_large_image\" \/>\n<meta name=\"twitter:label1\" content=\"Verf\u00fcgbarkeit\" \/>\n\t<meta name=\"twitter:data1\" content=\"Auf Lager\" \/>\n<script type=\"application\/ld+json\" class=\"yoast-schema-graph\">{\"@context\":\"https:\/\/schema.org\",\"@graph\":[{\"@type\":\"WebPage\",\"@id\":\"https:\/\/dutchhealthstore.com\/de\/product\/neroli-essential-oil\/\",\"url\":\"https:\/\/dutchhealthstore.com\/de\/product\/neroli-essential-oil\/\",\"name\":\"Neroli Essential Oil | Living Libations\",\"isPartOf\":{\"@id\":\"https:\/\/dutchhealthstore.com\/de\/#website\"},\"primaryImageOfPage\":{\"@id\":\"https:\/\/dutchhealthstore.com\/de\/product\/neroli-essential-oil\/#primaryimage\"},\"image\":{\"@id\":\"https:\/\/dutchhealthstore.com\/de\/product\/neroli-essential-oil\/#primaryimage\"},\"thumbnailUrl\":\"https:\/\/dutchhealthstore.com\/wp-content\/uploads\/2018\/02\/Living-Libations-Neroli-Essential-Oil-1-e1594734067524.jpg\",\"datePublished\":\"2018-02-10T19:08:56+00:00\",\"dateModified\":\"2024-11-28T18:14:23+00:00\",\"description\":\"Living Libations Neroli Essential Oil ist ein erhebendes, hypnotisierendes, blumiges \u00d6l, das aus den Bl\u00fcten des tunesischen Orangenbaums dampfdestilliert wird.\",\"breadcrumb\":{\"@id\":\"https:\/\/dutchhealthstore.com\/de\/product\/neroli-essential-oil\/#breadcrumb\"},\"inLanguage\":\"de\",\"potentialAction\":[{\"@type\":\"ReadAction\",\"target\":[\"https:\/\/dutchhealthstore.com\/de\/product\/neroli-essential-oil\/\"]}]},{\"@type\":\"ImageObject\",\"inLanguage\":\"de\",\"@id\":\"https:\/\/dutchhealthstore.com\/de\/product\/neroli-essential-oil\/#primaryimage\",\"url\":\"https:\/\/dutchhealthstore.com\/wp-content\/uploads\/2018\/02\/Living-Libations-Neroli-Essential-Oil-1-e1594734067524.jpg\",\"contentUrl\":\"https:\/\/dutchhealthstore.com\/wp-content\/uploads\/2018\/02\/Living-Libations-Neroli-Essential-Oil-1-e1594734067524.jpg\",\"width\":500,\"height\":500,\"caption\":\"Living Libations Neroli Essential Oil\"},{\"@type\":\"BreadcrumbList\",\"@id\":\"https:\/\/dutchhealthstore.com\/de\/product\/neroli-essential-oil\/#breadcrumb\",\"itemListElement\":[{\"@type\":\"ListItem\",\"position\":1,\"name\":\"Home\",\"item\":\"https:\/\/dutchhealthstore.com\/de\/\"},{\"@type\":\"ListItem\",\"position\":2,\"name\":\"Shop\",\"item\":\"https:\/\/dutchhealthstore.com\/de\/shop-2\/\"},{\"@type\":\"ListItem\",\"position\":3,\"name\":\"Neroli Essential Oil\"}]},{\"@type\":\"WebSite\",\"@id\":\"https:\/\/dutchhealthstore.com\/de\/#website\",\"url\":\"https:\/\/dutchhealthstore.com\/de\/\",\"name\":\"Dutch Health Store\",\"description\":\"Enhance Your Beauty with Organic &amp; Natural Skincare\",\"publisher\":{\"@id\":\"https:\/\/dutchhealthstore.com\/de\/#organization\"},\"potentialAction\":[{\"@type\":\"SearchAction\",\"target\":{\"@type\":\"EntryPoint\",\"urlTemplate\":\"https:\/\/dutchhealthstore.com\/de\/?s={search_term_string}\"},\"query-input\":{\"@type\":\"PropertyValueSpecification\",\"valueRequired\":true,\"valueName\":\"search_term_string\"}}],\"inLanguage\":\"de\"},{\"@type\":\"Organization\",\"@id\":\"https:\/\/dutchhealthstore.com\/de\/#organization\",\"name\":\"Dutch Health Store\",\"url\":\"https:\/\/dutchhealthstore.com\/de\/\",\"logo\":{\"@type\":\"ImageObject\",\"inLanguage\":\"de\",\"@id\":\"https:\/\/dutchhealthstore.com\/de\/#\/schema\/logo\/image\/\",\"url\":\"https:\/\/dutchhealthstore.com\/wp-content\/uploads\/2020\/08\/logo-dutchhealthstore-jpg-e1599484957574.jpg\",\"contentUrl\":\"https:\/\/dutchhealthstore.com\/wp-content\/uploads\/2020\/08\/logo-dutchhealthstore-jpg-e1599484957574.jpg\",\"width\":400,\"height\":62,\"caption\":\"Dutch Health Store\"},\"image\":{\"@id\":\"https:\/\/dutchhealthstore.com\/de\/#\/schema\/logo\/image\/\"},\"sameAs\":[\"https:\/\/www.instagram.com\/dutchhealthstore\/\",\"https:\/\/www.facebook.com\/dutchhealthstore\"]}]}<\/script>\n<meta property=\"product:brand\" content=\"Living Libations\" \/>\n<meta property=\"og:availability\" content=\"instock\" \/>\n<meta property=\"product:availability\" content=\"instock\" \/>\n<meta property=\"product:condition\" content=\"new\" \/>\n<!-- \/ Yoast SEO Premium plugin. -->","yoast_head_json":{"title":"Neroli Essential Oil | Living Libations","description":"Living Libations Neroli Essential Oil ist ein erhebendes, hypnotisierendes, blumiges \u00d6l, das aus den Bl\u00fcten des tunesischen Orangenbaums dampfdestilliert wird.","robots":{"index":"index","follow":"follow","max-snippet":"max-snippet:-1","max-image-preview":"max-image-preview:large","max-video-preview":"max-video-preview:-1"},"canonical":"https:\/\/dutchhealthstore.com\/de\/product\/neroli-essential-oil\/","og_locale":"de_DE","og_type":"article","og_title":"Neroli Essential Oil - Dutch Health Store","og_description":"Living Libations Neroli Essential Oil ist ein erhebendes, hypnotisierendes, blumiges \u00d6l, das aus den Bl\u00fcten des tunesischen Orangenbaums dampfdestilliert wird.","og_url":"https:\/\/dutchhealthstore.com\/de\/product\/neroli-essential-oil\/","og_site_name":"Dutch Health Store","article_publisher":"https:\/\/www.instagram.com\/dutchhealthstore\/","article_modified_time":"2024-11-28T18:14:23+00:00","og_image":[{"width":500,"height":500,"url":"https:\/\/dutchhealthstore.com\/wp-content\/uploads\/2018\/02\/Living-Libations-Neroli-Essential-Oil-1-e1594734067524.jpg","type":"image\/jpeg"}],"twitter_card":"summary_large_image","twitter_misc":{"Verf\u00fcgbarkeit":"Auf Lager"},"schema":{"@context":"https:\/\/schema.org","@graph":[{"@type":"WebPage","@id":"https:\/\/dutchhealthstore.com\/de\/product\/neroli-essential-oil\/","url":"https:\/\/dutchhealthstore.com\/de\/product\/neroli-essential-oil\/","name":"Neroli Essential Oil | Living Libations","isPartOf":{"@id":"https:\/\/dutchhealthstore.com\/de\/#website"},"primaryImageOfPage":{"@id":"https:\/\/dutchhealthstore.com\/de\/product\/neroli-essential-oil\/#primaryimage"},"image":{"@id":"https:\/\/dutchhealthstore.com\/de\/product\/neroli-essential-oil\/#primaryimage"},"thumbnailUrl":"https:\/\/dutchhealthstore.com\/wp-content\/uploads\/2018\/02\/Living-Libations-Neroli-Essential-Oil-1-e1594734067524.jpg","datePublished":"2018-02-10T19:08:56+00:00","dateModified":"2024-11-28T18:14:23+00:00","description":"Living Libations Neroli Essential Oil ist ein erhebendes, hypnotisierendes, blumiges \u00d6l, das aus den Bl\u00fcten des tunesischen Orangenbaums dampfdestilliert wird.","breadcrumb":{"@id":"https:\/\/dutchhealthstore.com\/de\/product\/neroli-essential-oil\/#breadcrumb"},"inLanguage":"de","potentialAction":[{"@type":"ReadAction","target":["https:\/\/dutchhealthstore.com\/de\/product\/neroli-essential-oil\/"]}]},{"@type":"ImageObject","inLanguage":"de","@id":"https:\/\/dutchhealthstore.com\/de\/product\/neroli-essential-oil\/#primaryimage","url":"https:\/\/dutchhealthstore.com\/wp-content\/uploads\/2018\/02\/Living-Libations-Neroli-Essential-Oil-1-e1594734067524.jpg","contentUrl":"https:\/\/dutchhealthstore.com\/wp-content\/uploads\/2018\/02\/Living-Libations-Neroli-Essential-Oil-1-e1594734067524.jpg","width":500,"height":500,"caption":"Living Libations Neroli Essential Oil"},{"@type":"BreadcrumbList","@id":"https:\/\/dutchhealthstore.com\/de\/product\/neroli-essential-oil\/#breadcrumb","itemListElement":[{"@type":"ListItem","position":1,"name":"Home","item":"https:\/\/dutchhealthstore.com\/de\/"},{"@type":"ListItem","position":2,"name":"Shop","item":"https:\/\/dutchhealthstore.com\/de\/shop-2\/"},{"@type":"ListItem","position":3,"name":"Neroli Essential Oil"}]},{"@type":"WebSite","@id":"https:\/\/dutchhealthstore.com\/de\/#website","url":"https:\/\/dutchhealthstore.com\/de\/","name":"Dutch Health Store","description":"Enhance Your Beauty with Organic &amp; Natural Skincare","publisher":{"@id":"https:\/\/dutchhealthstore.com\/de\/#organization"},"potentialAction":[{"@type":"SearchAction","target":{"@type":"EntryPoint","urlTemplate":"https:\/\/dutchhealthstore.com\/de\/?s={search_term_string}"},"query-input":{"@type":"PropertyValueSpecification","valueRequired":true,"valueName":"search_term_string"}}],"inLanguage":"de"},{"@type":"Organization","@id":"https:\/\/dutchhealthstore.com\/de\/#organization","name":"Dutch Health Store","url":"https:\/\/dutchhealthstore.com\/de\/","logo":{"@type":"ImageObject","inLanguage":"de","@id":"https:\/\/dutchhealthstore.com\/de\/#\/schema\/logo\/image\/","url":"https:\/\/dutchhealthstore.com\/wp-content\/uploads\/2020\/08\/logo-dutchhealthstore-jpg-e1599484957574.jpg","contentUrl":"https:\/\/dutchhealthstore.com\/wp-content\/uploads\/2020\/08\/logo-dutchhealthstore-jpg-e1599484957574.jpg","width":400,"height":62,"caption":"Dutch Health Store"},"image":{"@id":"https:\/\/dutchhealthstore.com\/de\/#\/schema\/logo\/image\/"},"sameAs":["https:\/\/www.instagram.com\/dutchhealthstore\/","https:\/\/www.facebook.com\/dutchhealthstore"]}]},"product_brand":"Living Libations","og_availability":"instock","product_availability":"instock","product_condition":"new"},"_links":{"self":[{"href":"https:\/\/dutchhealthstore.com\/de\/wp-json\/wp\/v2\/product\/121552","targetHints":{"allow":["GET"]}}],"collection":[{"href":"https:\/\/dutchhealthstore.com\/de\/wp-json\/wp\/v2\/product"}],"about":[{"href":"https:\/\/dutchhealthstore.com\/de\/wp-json\/wp\/v2\/types\/product"}],"replies":[{"embeddable":true,"href":"https:\/\/dutchhealthstore.com\/de\/wp-json\/wp\/v2\/comments?post=121552"}],"wp:featuredmedia":[{"embeddable":true,"href":"https:\/\/dutchhealthstore.com\/de\/wp-json\/wp\/v2\/media\/113708"}],"wp:attachment":[{"href":"https:\/\/dutchhealthstore.com\/de\/wp-json\/wp\/v2\/media?parent=121552"}],"wp:term":[{"taxonomy":"product_brand","embeddable":true,"href":"https:\/\/dutchhealthstore.com\/de\/wp-json\/wp\/v2\/product_brand?post=121552"},{"taxonomy":"product_cat","embeddable":true,"href":"https:\/\/dutchhealthstore.com\/de\/wp-json\/wp\/v2\/product_cat?post=121552"},{"taxonomy":"product_tag","embeddable":true,"href":"https:\/\/dutchhealthstore.com\/de\/wp-json\/wp\/v2\/product_tag?post=121552"}],"curies":[{"name":"wp","href":"https:\/\/api.w.org\/{rel}","templated":true}]}}