{"id":121496,"date":"2020-06-23T10:35:29","date_gmt":"2020-06-23T08:35:29","guid":{"rendered":"https:\/\/dutchhealthstore.com\/product\/myrtle-lemon-essential-oil\/"},"modified":"2023-02-28T10:17:52","modified_gmt":"2023-02-28T10:17:52","slug":"myrtle-lemon-essential-oil","status":"publish","type":"product","link":"https:\/\/dutchhealthstore.com\/de\/product\/myrtle-lemon-essential-oil\/","title":{"rendered":"Myrtle, Lemon Essential Oil"},"content":{"rendered":"<h3><img decoding=\"async\" class=\"size-full wp-image-69549 alignright\" src=\"https:\/\/dutchhealthstore.com\/wp-content\/uploads\/2019\/08\/NEW-Living-Libations-Logo.jpg\" alt=\"NEW - Living Libations - Logo\" width=\"175\" height=\"82\"><\/h3>\n<p><strong>Botanischer Name:<\/strong> Backhousia citriodora<br \/>\n<strong>Botanische Familie:<\/strong> Myrtaceae<br \/>\n<strong>Extraktionsverfahren:<\/strong> Dampfdestilliert<br \/>\n<strong>Teil der Pflanze Destilliert:<\/strong> Bl\u00e4tter und junge Zweige<br \/>\n<strong>Herkunftsland:<\/strong> Australien<br \/>\n<strong>Anbaumethode:<\/strong> Bio<br \/>\n<strong>Zusammensetzung:<\/strong> 100% Backhousia citriodora<br \/>\n<strong>Konsistenz:<\/strong> D\u00fcnne Viskosit\u00e4t<\/p>\n<h3>Beschreibung des Duftes<\/h3>\n<p>Lebendiger, zitroniger, quietschsauberer Duft, mehr Zitrone als Zitrone.<\/p>\n<h3>Gut mischbar mit<\/h3>\n<p>Honigmyrte, Fragonia, Bergamotte, Myrte, Weihrauch, Lavendel, Ylang, Geranie, Palmarosa, Thymian, Majoran, Inula, Petitgrain, Pfefferminze und Salbei.<\/p>\n<h3>Verwendet<\/h3>\n<p>Herrlich zu diffundieren und in unserer Salzpfeife zu verwenden, um die Atmung zu beleben. Reinigen Sie die Luft und die R\u00e4ume, indem Sie dieses \u00d6l dem Wischwasser, der Sp\u00fclseife, den Badreinigern und den Arbeitsplattensprays hinzuf\u00fcgen. Genie\u00dfen Sie es in B\u00e4dern, Deodorants und Massagemischungen. Hautseren mit Zitronenmyrte reinigen zu Akne neigende Haut und verstopfte Poren. Sie verleiht Sorbets, Salatdressings, kulinarischen Kreationen aus rohem Kuchen und K\u00f6lnisch Wasser ihre zitronige G\u00fcte.<\/p>\n<h3>Kontraindikationen<\/h3>\n<p>Der hohe Citral-Gehalt des \u00d6ls kann bei manchen Menschen zu einer Sensibilisierung der Haut f\u00fchren &#8211; verd\u00fcnnen Sie es daher vor der Anwendung auf der Haut.<\/p>\n<a href=\"https:\/\/dutchhealthstore.com\/wp-content\/uploads\/2020\/06\/ANALYSIS-Myrtle-Lemon-Essential-Oil-Living-Libations-2.pdf\" class=\"button primary is-primary is-small\"  >\n\t\t<span>ANALYSE DER \u00c4THERISCHEN \u00d6LE &gt;<\/span>\n\t<\/a>\n\n<p>Die Zitronenmyrte ist auch als Zitroneneisenholz oder S\u00fc\u00dfer Eisenkrautbaum bekannt. Sie ist neu im Pantheon der destillierten Essenzen und wird schnell zu einem duftenden Favoriten, da sie ihren wohltuenden Duft aus der Flasche in unser Gehirn schie\u00dft.<\/p>\n<p>Der Grund f\u00fcr die aufmunternde Wirkung des \u00e4therischen Zitronenmyrten\u00f6ls liegt darin, dass es gro\u00dfe Mengen Citral (95%!) sowie Neral und Geranial enth\u00e4lt.<\/p>\n<p><strong>Gr\u00f6\u00dfe: 5 ml<\/strong><\/p>\n<h3>Bio-Zutaten<\/h3>\n<p>100% \u00e4therisches \u00d6l der Zitronenmyrte (Backhousia citriodora).<\/p>\n<p><img fetchpriority=\"high\" decoding=\"async\" class=\"size-medium wp-image-68103 aligncenter\" src=\"https:\/\/dutchhealthstore.com\/wp-content\/uploads\/2018\/02\/Living-Libations-Organic-Logo-800x89.png\" alt=\"Living Libations - Organic Logo\" width=\"800\" height=\"89\" srcset=\"https:\/\/dutchhealthstore.com\/wp-content\/uploads\/2018\/02\/Living-Libations-Organic-Logo-800x89.png 800w, https:\/\/dutchhealthstore.com\/wp-content\/uploads\/2018\/02\/Living-Libations-Organic-Logo-510x57.png 510w, https:\/\/dutchhealthstore.com\/wp-content\/uploads\/2018\/02\/Living-Libations-Organic-Logo-768x85.png 768w, https:\/\/dutchhealthstore.com\/wp-content\/uploads\/2018\/02\/Living-Libations-Organic-Logo.png 1400w\" sizes=\"(max-width: 800px) 100vw, 800px\" \/><\/p>\n","protected":false},"excerpt":{"rendered":"<p>Pikantes <strong>Lemon Myrtle Essential Oil<\/strong> ist spritziger als eine Zitrone. Die Bl\u00e4tter und jungen Zweige der Zitronenmyrte werden in Australien dampfdestilliert. Mit diesem heiteren, kl\u00e4renden \u00d6l kann man viel erreichen. Es eignet sich hervorragend, um stagnierende Luft, tr\u00e4ge Energie und tr\u00e4ge Haut zu kl\u00e4ren.<\/p>\n","protected":false},"featured_media":108592,"comment_status":"open","ping_status":"closed","template":"","meta":[],"product_brand":[],"product_cat":[1508,1546,6737,1493,1210,6736],"product_tag":[1547],"class_list":{"0":"post-121496","1":"product","2":"type-product","3":"status-publish","4":"has-post-thumbnail","6":"product_cat-aetherische-oele-living-libations","7":"product_cat-essential-oils-living-libations-de","8":"product_cat-essential-oils-de-2","9":"product_cat-living-libations-deutschland","10":"product_cat-marken","11":"product_cat-wellness-de","12":"product_tag-essential-oil-de","13":"pa_brand-livinglibations-de","14":"pa_essential-oils-product-type-essential-oils-de","15":"pa_size-5-ml-de","17":"first","18":"instock","19":"taxable","20":"shipping-taxable","21":"purchasable","22":"product-type-simple"},"bundled_by":[],"bundle_stock_status":"instock","bundle_stock_quantity":2,"bundle_virtual":false,"bundle_layout":"","bundle_add_to_cart_form_location":"","bundle_editable_in_cart":false,"bundle_sold_individually_context":"","bundle_item_grouping":"","bundle_min_size":"","bundle_max_size":"","bundle_price":[],"bundled_items":[],"bundle_sell_ids":[],"atum_controlled":true,"out_stock_date":null,"out_stock_threshold":null,"inheritable":false,"stock_on_hold":0,"sold_today":0,"sales_last_days":0,"out_stock_days":0,"lost_sales":0,"update_date":"2026-04-21T00:07:54","atum_locations":[],"atum_stock_status":"instock","restock_status":false,"low_stock_amount":"","sales_update_date":"2026-04-21T00:07:54","calc_backorders":null,"group_of_quantity":0,"min_quantity":0,"max_quantity":"","exclude_order_quantity_value_rules":"no","exclude_category_quantity_rules":"no","combine_variations":"no","yoast_head":"<!-- This site is optimized with the Yoast SEO Premium plugin v26.5 (Yoast SEO v26.5) - https:\/\/yoast.com\/wordpress\/plugins\/seo\/ -->\n<title>Auf der Suche nach Myrtle, Lemon Essential Oil? Bestellen Sie Myrtle, Lemon Essential Oil heute bei Dutch Health Store. Pers\u00f6nlicher Kontakt &amp; schnelle Versand.<\/title>\n<meta name=\"description\" content=\"Mit diesem heiteren, kl\u00e4renden \u00d6l kann man viel erreichen. Es eignet sich hervorragend, um stagnierende Luft, tr\u00e4ge Energie und tr\u00e4ge Haut zu kl\u00e4ren.\" \/>\n<meta name=\"robots\" content=\"index, follow, max-snippet:-1, max-image-preview:large, max-video-preview:-1\" \/>\n<link rel=\"canonical\" href=\"https:\/\/dutchhealthstore.com\/de\/product\/myrtle-lemon-essential-oil\/\" \/>\n<meta property=\"og:locale\" content=\"de_DE\" \/>\n<meta property=\"og:type\" content=\"article\" \/>\n<meta property=\"og:title\" content=\"Myrtle, Lemon Essential Oil - Dutch Health Store\" \/>\n<meta property=\"og:description\" content=\"Mit diesem heiteren, kl\u00e4renden \u00d6l kann man viel erreichen. Es eignet sich hervorragend, um stagnierende Luft, tr\u00e4ge Energie und tr\u00e4ge Haut zu kl\u00e4ren.\" \/>\n<meta property=\"og:url\" content=\"https:\/\/dutchhealthstore.com\/de\/product\/myrtle-lemon-essential-oil\/\" \/>\n<meta property=\"og:site_name\" content=\"Dutch Health Store\" \/>\n<meta property=\"article:publisher\" content=\"https:\/\/www.instagram.com\/dutchhealthstore\/\" \/>\n<meta property=\"article:modified_time\" content=\"2023-02-28T10:17:52+00:00\" \/>\n<meta property=\"og:image\" content=\"https:\/\/dutchhealthstore.com\/wp-content\/uploads\/2020\/06\/living-libations-myrtle-lemon-essential-oil-e1592904280752.jpg\" \/>\n\t<meta property=\"og:image:width\" content=\"500\" \/>\n\t<meta property=\"og:image:height\" content=\"500\" \/>\n\t<meta property=\"og:image:type\" content=\"image\/jpeg\" \/>\n<meta name=\"twitter:card\" content=\"summary_large_image\" \/>\n<meta name=\"twitter:label1\" content=\"Preis\" \/>\n\t<meta name=\"twitter:data1\" content=\"&euro;22,00\" \/>\n\t<meta name=\"twitter:label2\" content=\"Verf\u00fcgbarkeit\" \/>\n\t<meta name=\"twitter:data2\" content=\"Auf Lager\" \/>\n<script type=\"application\/ld+json\" class=\"yoast-schema-graph\">{\"@context\":\"https:\/\/schema.org\",\"@graph\":[{\"@type\":\"WebPage\",\"@id\":\"https:\/\/dutchhealthstore.com\/de\/product\/myrtle-lemon-essential-oil\/\",\"url\":\"https:\/\/dutchhealthstore.com\/de\/product\/myrtle-lemon-essential-oil\/\",\"name\":\"Auf der Suche nach Myrtle, Lemon Essential Oil? Bestellen Sie Myrtle, Lemon Essential Oil heute bei Dutch Health Store. Pers\u00f6nlicher Kontakt & schnelle Versand.\",\"isPartOf\":{\"@id\":\"https:\/\/dutchhealthstore.com\/de\/#website\"},\"primaryImageOfPage\":{\"@id\":\"https:\/\/dutchhealthstore.com\/de\/product\/myrtle-lemon-essential-oil\/#primaryimage\"},\"image\":{\"@id\":\"https:\/\/dutchhealthstore.com\/de\/product\/myrtle-lemon-essential-oil\/#primaryimage\"},\"thumbnailUrl\":\"https:\/\/dutchhealthstore.com\/wp-content\/uploads\/2020\/06\/living-libations-myrtle-lemon-essential-oil-e1592904280752.jpg\",\"datePublished\":\"2020-06-23T08:35:29+00:00\",\"dateModified\":\"2023-02-28T10:17:52+00:00\",\"description\":\"Mit diesem heiteren, kl\u00e4renden \u00d6l kann man viel erreichen. Es eignet sich hervorragend, um stagnierende Luft, tr\u00e4ge Energie und tr\u00e4ge Haut zu kl\u00e4ren.\",\"breadcrumb\":{\"@id\":\"https:\/\/dutchhealthstore.com\/de\/product\/myrtle-lemon-essential-oil\/#breadcrumb\"},\"inLanguage\":\"de\",\"potentialAction\":[{\"@type\":\"ReadAction\",\"target\":[\"https:\/\/dutchhealthstore.com\/de\/product\/myrtle-lemon-essential-oil\/\"]}]},{\"@type\":\"ImageObject\",\"inLanguage\":\"de\",\"@id\":\"https:\/\/dutchhealthstore.com\/de\/product\/myrtle-lemon-essential-oil\/#primaryimage\",\"url\":\"https:\/\/dutchhealthstore.com\/wp-content\/uploads\/2020\/06\/living-libations-myrtle-lemon-essential-oil-e1592904280752.jpg\",\"contentUrl\":\"https:\/\/dutchhealthstore.com\/wp-content\/uploads\/2020\/06\/living-libations-myrtle-lemon-essential-oil-e1592904280752.jpg\",\"width\":500,\"height\":500,\"caption\":\"living libations myrtle lemon essential oil\"},{\"@type\":\"BreadcrumbList\",\"@id\":\"https:\/\/dutchhealthstore.com\/de\/product\/myrtle-lemon-essential-oil\/#breadcrumb\",\"itemListElement\":[{\"@type\":\"ListItem\",\"position\":1,\"name\":\"Home\",\"item\":\"https:\/\/dutchhealthstore.com\/de\/\"},{\"@type\":\"ListItem\",\"position\":2,\"name\":\"Shop\",\"item\":\"https:\/\/dutchhealthstore.com\/de\/shop-2\/\"},{\"@type\":\"ListItem\",\"position\":3,\"name\":\"Myrtle, Lemon Essential Oil\"}]},{\"@type\":\"WebSite\",\"@id\":\"https:\/\/dutchhealthstore.com\/de\/#website\",\"url\":\"https:\/\/dutchhealthstore.com\/de\/\",\"name\":\"Dutch Health Store\",\"description\":\"Enhance Your Beauty with Organic &amp; Natural Skincare\",\"publisher\":{\"@id\":\"https:\/\/dutchhealthstore.com\/de\/#organization\"},\"potentialAction\":[{\"@type\":\"SearchAction\",\"target\":{\"@type\":\"EntryPoint\",\"urlTemplate\":\"https:\/\/dutchhealthstore.com\/de\/?s={search_term_string}\"},\"query-input\":{\"@type\":\"PropertyValueSpecification\",\"valueRequired\":true,\"valueName\":\"search_term_string\"}}],\"inLanguage\":\"de\"},{\"@type\":\"Organization\",\"@id\":\"https:\/\/dutchhealthstore.com\/de\/#organization\",\"name\":\"Dutch Health Store\",\"url\":\"https:\/\/dutchhealthstore.com\/de\/\",\"logo\":{\"@type\":\"ImageObject\",\"inLanguage\":\"de\",\"@id\":\"https:\/\/dutchhealthstore.com\/de\/#\/schema\/logo\/image\/\",\"url\":\"https:\/\/dutchhealthstore.com\/wp-content\/uploads\/2020\/08\/logo-dutchhealthstore-jpg-e1599484957574.jpg\",\"contentUrl\":\"https:\/\/dutchhealthstore.com\/wp-content\/uploads\/2020\/08\/logo-dutchhealthstore-jpg-e1599484957574.jpg\",\"width\":400,\"height\":62,\"caption\":\"Dutch Health Store\"},\"image\":{\"@id\":\"https:\/\/dutchhealthstore.com\/de\/#\/schema\/logo\/image\/\"},\"sameAs\":[\"https:\/\/www.instagram.com\/dutchhealthstore\/\",\"https:\/\/www.facebook.com\/dutchhealthstore\"]}]}<\/script>\n<meta property=\"product:brand\" content=\"Living Libations\" \/>\n<meta property=\"product:price:amount\" content=\"22.00\" \/>\n<meta property=\"product:price:currency\" content=\"EUR\" \/>\n<meta property=\"og:availability\" content=\"instock\" \/>\n<meta property=\"product:availability\" content=\"instock\" \/>\n<meta property=\"product:condition\" content=\"new\" \/>\n<!-- \/ Yoast SEO Premium plugin. -->","yoast_head_json":{"title":"Auf der Suche nach Myrtle, Lemon Essential Oil? Bestellen Sie Myrtle, Lemon Essential Oil heute bei Dutch Health Store. Pers\u00f6nlicher Kontakt & schnelle Versand.","description":"Mit diesem heiteren, kl\u00e4renden \u00d6l kann man viel erreichen. Es eignet sich hervorragend, um stagnierende Luft, tr\u00e4ge Energie und tr\u00e4ge Haut zu kl\u00e4ren.","robots":{"index":"index","follow":"follow","max-snippet":"max-snippet:-1","max-image-preview":"max-image-preview:large","max-video-preview":"max-video-preview:-1"},"canonical":"https:\/\/dutchhealthstore.com\/de\/product\/myrtle-lemon-essential-oil\/","og_locale":"de_DE","og_type":"article","og_title":"Myrtle, Lemon Essential Oil - Dutch Health Store","og_description":"Mit diesem heiteren, kl\u00e4renden \u00d6l kann man viel erreichen. Es eignet sich hervorragend, um stagnierende Luft, tr\u00e4ge Energie und tr\u00e4ge Haut zu kl\u00e4ren.","og_url":"https:\/\/dutchhealthstore.com\/de\/product\/myrtle-lemon-essential-oil\/","og_site_name":"Dutch Health Store","article_publisher":"https:\/\/www.instagram.com\/dutchhealthstore\/","article_modified_time":"2023-02-28T10:17:52+00:00","og_image":[{"width":500,"height":500,"url":"https:\/\/dutchhealthstore.com\/wp-content\/uploads\/2020\/06\/living-libations-myrtle-lemon-essential-oil-e1592904280752.jpg","type":"image\/jpeg"}],"twitter_card":"summary_large_image","twitter_misc":{"Preis":"&euro;22,00","Verf\u00fcgbarkeit":"Auf Lager"},"schema":{"@context":"https:\/\/schema.org","@graph":[{"@type":"WebPage","@id":"https:\/\/dutchhealthstore.com\/de\/product\/myrtle-lemon-essential-oil\/","url":"https:\/\/dutchhealthstore.com\/de\/product\/myrtle-lemon-essential-oil\/","name":"Auf der Suche nach Myrtle, Lemon Essential Oil? Bestellen Sie Myrtle, Lemon Essential Oil heute bei Dutch Health Store. Pers\u00f6nlicher Kontakt & schnelle Versand.","isPartOf":{"@id":"https:\/\/dutchhealthstore.com\/de\/#website"},"primaryImageOfPage":{"@id":"https:\/\/dutchhealthstore.com\/de\/product\/myrtle-lemon-essential-oil\/#primaryimage"},"image":{"@id":"https:\/\/dutchhealthstore.com\/de\/product\/myrtle-lemon-essential-oil\/#primaryimage"},"thumbnailUrl":"https:\/\/dutchhealthstore.com\/wp-content\/uploads\/2020\/06\/living-libations-myrtle-lemon-essential-oil-e1592904280752.jpg","datePublished":"2020-06-23T08:35:29+00:00","dateModified":"2023-02-28T10:17:52+00:00","description":"Mit diesem heiteren, kl\u00e4renden \u00d6l kann man viel erreichen. Es eignet sich hervorragend, um stagnierende Luft, tr\u00e4ge Energie und tr\u00e4ge Haut zu kl\u00e4ren.","breadcrumb":{"@id":"https:\/\/dutchhealthstore.com\/de\/product\/myrtle-lemon-essential-oil\/#breadcrumb"},"inLanguage":"de","potentialAction":[{"@type":"ReadAction","target":["https:\/\/dutchhealthstore.com\/de\/product\/myrtle-lemon-essential-oil\/"]}]},{"@type":"ImageObject","inLanguage":"de","@id":"https:\/\/dutchhealthstore.com\/de\/product\/myrtle-lemon-essential-oil\/#primaryimage","url":"https:\/\/dutchhealthstore.com\/wp-content\/uploads\/2020\/06\/living-libations-myrtle-lemon-essential-oil-e1592904280752.jpg","contentUrl":"https:\/\/dutchhealthstore.com\/wp-content\/uploads\/2020\/06\/living-libations-myrtle-lemon-essential-oil-e1592904280752.jpg","width":500,"height":500,"caption":"living libations myrtle lemon essential oil"},{"@type":"BreadcrumbList","@id":"https:\/\/dutchhealthstore.com\/de\/product\/myrtle-lemon-essential-oil\/#breadcrumb","itemListElement":[{"@type":"ListItem","position":1,"name":"Home","item":"https:\/\/dutchhealthstore.com\/de\/"},{"@type":"ListItem","position":2,"name":"Shop","item":"https:\/\/dutchhealthstore.com\/de\/shop-2\/"},{"@type":"ListItem","position":3,"name":"Myrtle, Lemon Essential Oil"}]},{"@type":"WebSite","@id":"https:\/\/dutchhealthstore.com\/de\/#website","url":"https:\/\/dutchhealthstore.com\/de\/","name":"Dutch Health Store","description":"Enhance Your Beauty with Organic &amp; Natural Skincare","publisher":{"@id":"https:\/\/dutchhealthstore.com\/de\/#organization"},"potentialAction":[{"@type":"SearchAction","target":{"@type":"EntryPoint","urlTemplate":"https:\/\/dutchhealthstore.com\/de\/?s={search_term_string}"},"query-input":{"@type":"PropertyValueSpecification","valueRequired":true,"valueName":"search_term_string"}}],"inLanguage":"de"},{"@type":"Organization","@id":"https:\/\/dutchhealthstore.com\/de\/#organization","name":"Dutch Health Store","url":"https:\/\/dutchhealthstore.com\/de\/","logo":{"@type":"ImageObject","inLanguage":"de","@id":"https:\/\/dutchhealthstore.com\/de\/#\/schema\/logo\/image\/","url":"https:\/\/dutchhealthstore.com\/wp-content\/uploads\/2020\/08\/logo-dutchhealthstore-jpg-e1599484957574.jpg","contentUrl":"https:\/\/dutchhealthstore.com\/wp-content\/uploads\/2020\/08\/logo-dutchhealthstore-jpg-e1599484957574.jpg","width":400,"height":62,"caption":"Dutch Health Store"},"image":{"@id":"https:\/\/dutchhealthstore.com\/de\/#\/schema\/logo\/image\/"},"sameAs":["https:\/\/www.instagram.com\/dutchhealthstore\/","https:\/\/www.facebook.com\/dutchhealthstore"]}]},"product_brand":"Living Libations","product_price_amount":"22.00","product_price_currency":"EUR","og_availability":"instock","product_availability":"instock","product_condition":"new"},"_links":{"self":[{"href":"https:\/\/dutchhealthstore.com\/de\/wp-json\/wp\/v2\/product\/121496","targetHints":{"allow":["GET"]}}],"collection":[{"href":"https:\/\/dutchhealthstore.com\/de\/wp-json\/wp\/v2\/product"}],"about":[{"href":"https:\/\/dutchhealthstore.com\/de\/wp-json\/wp\/v2\/types\/product"}],"replies":[{"embeddable":true,"href":"https:\/\/dutchhealthstore.com\/de\/wp-json\/wp\/v2\/comments?post=121496"}],"wp:featuredmedia":[{"embeddable":true,"href":"https:\/\/dutchhealthstore.com\/de\/wp-json\/wp\/v2\/media\/108592"}],"wp:attachment":[{"href":"https:\/\/dutchhealthstore.com\/de\/wp-json\/wp\/v2\/media?parent=121496"}],"wp:term":[{"taxonomy":"product_brand","embeddable":true,"href":"https:\/\/dutchhealthstore.com\/de\/wp-json\/wp\/v2\/product_brand?post=121496"},{"taxonomy":"product_cat","embeddable":true,"href":"https:\/\/dutchhealthstore.com\/de\/wp-json\/wp\/v2\/product_cat?post=121496"},{"taxonomy":"product_tag","embeddable":true,"href":"https:\/\/dutchhealthstore.com\/de\/wp-json\/wp\/v2\/product_tag?post=121496"}],"curies":[{"name":"wp","href":"https:\/\/api.w.org\/{rel}","templated":true}]}}