{"id":121488,"date":"2020-06-25T06:40:11","date_gmt":"2020-06-25T04:40:11","guid":{"rendered":"https:\/\/dutchhealthstore.com\/product\/myrtle-honey-essential-oil\/"},"modified":"2023-02-23T13:34:40","modified_gmt":"2023-02-23T13:34:40","slug":"myrtle-honey-essential-oil","status":"publish","type":"product","link":"https:\/\/dutchhealthstore.com\/de\/product\/myrtle-honey-essential-oil\/","title":{"rendered":"Myrtle, Honey Essential Oil"},"content":{"rendered":"<p><img decoding=\"async\" class=\"size-full wp-image-69549 alignright\" src=\"https:\/\/dutchhealthstore.com\/wp-content\/uploads\/2019\/08\/NEW-Living-Libations-Logo.jpg\" alt=\"NEW - Living Libations - Logo\" width=\"175\" height=\"82\"><strong>Botanischer Name:<\/strong> Melaleuca teretifolia<br \/>\n<strong>Botanische Familie:<\/strong> Myrtaceae<br \/>\n<strong>Extraktionsverfahren:<\/strong> Dampfdestilliert<br \/>\n<strong>Teil der Pflanze Destilliert:<\/strong> Zweige, Bl\u00e4tter und St\u00e4ngel<br \/>\n<strong>Herkunftsland:<\/strong> Australien<br \/>\n<strong>Anbaumethode:<\/strong> Wildwachsend<br \/>\n<strong>Zusammensetzung:<\/strong> 100% Melaleuca teretifolia<br \/>\n<strong>Konsistenz:<\/strong> D\u00fcnne Viskosit\u00e4t<\/p>\n<h3>Beschreibung des Duftes<\/h3>\n<p>Frische Zitrone, die in einem warmen Honigtraum tanzt; leicht und zart, mit der perfekten Prise zitrusartiger S\u00fc\u00dfe.<\/p>\n<h3>In Living Libations<\/h3>\n<p>Honey Myrtle Deep Conditioning Hair Mask<\/p>\n<h3>Gut mischbar mit<\/h3>\n<p>Myrte, Zitrone, Grapefruit, Bergamotte, Vetiver, Jasmin, Ysop, Eukalyptus, Teebaum, Lavendel und Douglasie.<\/p>\n<h3>Verwendet<\/h3>\n<p>Verteilen Sie den Duft in einem Diffusor oder riechen Sie ihn direkt aus der Flasche, um Vertrauen und Trost zu gewinnen. Als Hautserum lindert es R\u00f6tungen und Hitze. Hervorragend geeignet f\u00fcr Diffusion, Salzpfeifeninhalationen und fr\u00f6hliche Reinigungsprodukte. Als Zusatz zur Haarpflege f\u00fcr gl\u00e4nzende, seidige Str\u00e4hnen.<\/p>\n<a href=\"https:\/\/dutchhealthstore.com\/wp-content\/uploads\/2020\/06\/ANALYSIS-Myrtle-Honey-Essential-Oil-Living-Libations-3.pdf\" class=\"button primary is-primary is-small\"  >\n\t\t<span>ANALYSE DER \u00c4THERISCHEN \u00d6LE &gt;<\/span>\n\t<\/a>\n\n<p>Gl\u00fcckliches Honey Myrtle Essential Oil ist das duftende \u00c4quivalent einer hei\u00dfen Tasse Honig-Zitronen-Tee: belebend und doch beruhigend, erdend und doch erhebend. Es ist ein Leuchtfeuer des energetischen Gleichgewichts und des Wohlbefindens. Das macht durchaus Sinn, denn diese australische Essenz hat den h\u00f6chsten Citralgehalt aller \u00e4therischen \u00d6le.<\/p>\n<p>Dieses s\u00fc\u00dfe \u00d6l st\u00e4rkt auch die Psyche und den Geist. Es ist eine wunderbare Option f\u00fcr alle, die unter Sorgen, Traurigkeit oder einem Fall von &#8222;Blues&#8220; leiden. Der Honigduft f\u00f6rdert auch die ruhige Konzentration. Es ist eine wunderbare Option f\u00fcr Studenten, die Abschlusspr\u00fcfungen ablegen. Honey myrtle Essential Oil l\u00f6st intensive Emotionen auf und bringt den Geist zur\u00fcck in den sich st\u00e4ndig ausdehnenden, ewigen Augenblick.<\/p>\n<p><strong>Gr\u00f6\u00dfe: 5 ml und 15 ml<\/strong><\/p>\n<h3>Bio-Zutaten<\/h3>\n<p>100% \u00e4therisches \u00d6l der Honigmyrte (Melaleuca teretifolia).<\/p>\n<p style=\"text-align: center;\"><em>&#8222;Das \u00e4therische \u00d6l von Melaleuca uncinata kann ein interessantes Ma\u00df an Komplexit\u00e4t aufweisen, und es gibt eine Reihe von \u00d6lchemotypen. Es kann ein cineolreiches \u00d6l ergeben, aber auch andere interessante Komponenten wie Eudesmol, Pinen, Terpinen und p-Cynin enthalten.&#8220;<\/em><br \/>\n~ Cheryll Williams, <strong>Herbal Plants in Australia Volume 2: Gums, Resins, Tannin and Essential Oils<\/strong><\/p>\n<p><img fetchpriority=\"high\" decoding=\"async\" class=\"size-medium wp-image-68103 aligncenter\" src=\"https:\/\/dutchhealthstore.com\/wp-content\/uploads\/2018\/02\/Living-Libations-Organic-Logo-800x89.png\" alt=\"Living Libations - Organic Logo\" width=\"800\" height=\"89\" srcset=\"https:\/\/dutchhealthstore.com\/wp-content\/uploads\/2018\/02\/Living-Libations-Organic-Logo-800x89.png 800w, https:\/\/dutchhealthstore.com\/wp-content\/uploads\/2018\/02\/Living-Libations-Organic-Logo-510x57.png 510w, https:\/\/dutchhealthstore.com\/wp-content\/uploads\/2018\/02\/Living-Libations-Organic-Logo-768x85.png 768w, https:\/\/dutchhealthstore.com\/wp-content\/uploads\/2018\/02\/Living-Libations-Organic-Logo.png 1400w\" sizes=\"(max-width: 800px) 100vw, 800px\" \/><\/p>\n","protected":false},"excerpt":{"rendered":"<p>Harmonisches <strong>Honey Myrtle Essential Oil<\/strong> ist eine spritzige Zitrone, die von beruhigenden, warmen Honignoten eingefangen und geb\u00e4ndigt wird.<br \/>\nDie zitronenfrische Freiheit eines anbrechenden Sommertages k\u00f6nnte einem davonlaufen, w\u00e4re da nicht die beruhigende W\u00e4rme von reinem Honig &#8211; dem glitzernden Namensgeber unseres Honey Myrtle Essential Oil.<br \/>\nVerwenden Sie dieses einzigartige, k\u00f6stlich dynamisch duftende \u00d6l, um die Stimmung zu heben, die Konzentration zu f\u00f6rdern und Ihren Glanz zu verst\u00e4rken.<\/p>\n","protected":false},"featured_media":108928,"comment_status":"open","ping_status":"closed","template":"","meta":[],"product_brand":[],"product_cat":[6737,1508,1546,1493,1210,6736],"product_tag":[1547],"class_list":{"0":"post-121488","1":"product","2":"type-product","3":"status-publish","4":"has-post-thumbnail","6":"product_cat-essential-oils-de-2","7":"product_cat-aetherische-oele-living-libations","8":"product_cat-essential-oils-living-libations-de","9":"product_cat-living-libations-deutschland","10":"product_cat-marken","11":"product_cat-wellness-de","12":"product_tag-essential-oil-de","13":"pa_brand-livinglibations-de","14":"pa_essential-oils-product-type-essential-oils-de","15":"pa_size-15-ml-de-2","16":"pa_size-5-ml-de","18":"first","19":"instock","20":"taxable","21":"shipping-taxable","22":"purchasable","23":"product-type-variable"},"bundled_by":[],"bundle_stock_status":"instock","bundle_stock_quantity":null,"bundle_virtual":false,"bundle_layout":"","bundle_add_to_cart_form_location":"","bundle_editable_in_cart":false,"bundle_sold_individually_context":"","bundle_item_grouping":"","bundle_min_size":"","bundle_max_size":"","bundle_price":[],"bundled_items":[],"bundle_sell_ids":[],"atum_controlled":true,"out_stock_date":"2021-03-04 07:39:19","out_stock_threshold":null,"inheritable":true,"stock_on_hold":0,"sold_today":0,"sales_last_days":0,"out_stock_days":1867,"lost_sales":0,"update_date":"2026-04-15T00:03:34","atum_locations":[],"atum_stock_status":"instock","restock_status":false,"low_stock_amount":"","sales_update_date":"2026-04-15T00:03:34","calc_backorders":null,"group_of_quantity":0,"min_quantity":0,"max_quantity":"","exclude_order_quantity_value_rules":"no","exclude_category_quantity_rules":"no","combine_variations":"no","yoast_head":"<!-- This site is optimized with the Yoast SEO Premium plugin v26.5 (Yoast SEO v26.5) - https:\/\/yoast.com\/wordpress\/plugins\/seo\/ -->\n<title>Myrtle, Honey Essential Oil | Living Libations<\/title>\n<meta name=\"description\" content=\"Harmonisches Honey Myrtle Essential Oil ist eine spritzige Zitrone, die von beruhigenden, warmen Honignoten eingefangen und geb\u00e4ndigt wird.\" \/>\n<meta name=\"robots\" content=\"index, follow, max-snippet:-1, max-image-preview:large, max-video-preview:-1\" \/>\n<link rel=\"canonical\" href=\"https:\/\/dutchhealthstore.com\/de\/product\/myrtle-honey-essential-oil\/\" \/>\n<meta property=\"og:locale\" content=\"de_DE\" \/>\n<meta property=\"og:type\" content=\"article\" \/>\n<meta property=\"og:title\" content=\"Myrtle, Honey Essential Oil - Dutch Health Store\" \/>\n<meta property=\"og:description\" content=\"Harmonisches Honey Myrtle Essential Oil ist eine spritzige Zitrone, die von beruhigenden, warmen Honignoten eingefangen und geb\u00e4ndigt wird.\" \/>\n<meta property=\"og:url\" content=\"https:\/\/dutchhealthstore.com\/de\/product\/myrtle-honey-essential-oil\/\" \/>\n<meta property=\"og:site_name\" content=\"Dutch Health Store\" \/>\n<meta property=\"article:publisher\" content=\"https:\/\/www.instagram.com\/dutchhealthstore\/\" \/>\n<meta property=\"article:modified_time\" content=\"2023-02-23T13:34:40+00:00\" \/>\n<meta property=\"og:image\" content=\"https:\/\/dutchhealthstore.com\/wp-content\/uploads\/2020\/06\/living-libations-Myrtle-Honey-Essential-Oil-e1593066809600.png\" \/>\n\t<meta property=\"og:image:width\" content=\"500\" \/>\n\t<meta property=\"og:image:height\" content=\"500\" \/>\n\t<meta property=\"og:image:type\" content=\"image\/jpeg\" \/>\n<meta name=\"twitter:card\" content=\"summary_large_image\" \/>\n<meta name=\"twitter:label1\" content=\"Verf\u00fcgbarkeit\" \/>\n\t<meta name=\"twitter:data1\" content=\"Auf Lager\" \/>\n<script type=\"application\/ld+json\" class=\"yoast-schema-graph\">{\"@context\":\"https:\/\/schema.org\",\"@graph\":[{\"@type\":\"WebPage\",\"@id\":\"https:\/\/dutchhealthstore.com\/de\/product\/myrtle-honey-essential-oil\/\",\"url\":\"https:\/\/dutchhealthstore.com\/de\/product\/myrtle-honey-essential-oil\/\",\"name\":\"Myrtle, Honey Essential Oil | Living Libations\",\"isPartOf\":{\"@id\":\"https:\/\/dutchhealthstore.com\/de\/#website\"},\"primaryImageOfPage\":{\"@id\":\"https:\/\/dutchhealthstore.com\/de\/product\/myrtle-honey-essential-oil\/#primaryimage\"},\"image\":{\"@id\":\"https:\/\/dutchhealthstore.com\/de\/product\/myrtle-honey-essential-oil\/#primaryimage\"},\"thumbnailUrl\":\"https:\/\/dutchhealthstore.com\/wp-content\/uploads\/2020\/06\/living-libations-Myrtle-Honey-Essential-Oil-e1593066809600.png\",\"datePublished\":\"2020-06-25T04:40:11+00:00\",\"dateModified\":\"2023-02-23T13:34:40+00:00\",\"description\":\"Harmonisches Honey Myrtle Essential Oil ist eine spritzige Zitrone, die von beruhigenden, warmen Honignoten eingefangen und geb\u00e4ndigt wird.\",\"breadcrumb\":{\"@id\":\"https:\/\/dutchhealthstore.com\/de\/product\/myrtle-honey-essential-oil\/#breadcrumb\"},\"inLanguage\":\"de\",\"potentialAction\":[{\"@type\":\"ReadAction\",\"target\":[\"https:\/\/dutchhealthstore.com\/de\/product\/myrtle-honey-essential-oil\/\"]}]},{\"@type\":\"ImageObject\",\"inLanguage\":\"de\",\"@id\":\"https:\/\/dutchhealthstore.com\/de\/product\/myrtle-honey-essential-oil\/#primaryimage\",\"url\":\"https:\/\/dutchhealthstore.com\/wp-content\/uploads\/2020\/06\/living-libations-Myrtle-Honey-Essential-Oil-e1593066809600.png\",\"contentUrl\":\"https:\/\/dutchhealthstore.com\/wp-content\/uploads\/2020\/06\/living-libations-Myrtle-Honey-Essential-Oil-e1593066809600.png\",\"width\":500,\"height\":500,\"caption\":\"living libations Myrtle, Honey Essential Oil\"},{\"@type\":\"BreadcrumbList\",\"@id\":\"https:\/\/dutchhealthstore.com\/de\/product\/myrtle-honey-essential-oil\/#breadcrumb\",\"itemListElement\":[{\"@type\":\"ListItem\",\"position\":1,\"name\":\"Home\",\"item\":\"https:\/\/dutchhealthstore.com\/de\/\"},{\"@type\":\"ListItem\",\"position\":2,\"name\":\"Shop\",\"item\":\"https:\/\/dutchhealthstore.com\/de\/shop-2\/\"},{\"@type\":\"ListItem\",\"position\":3,\"name\":\"Myrtle, Honey Essential Oil\"}]},{\"@type\":\"WebSite\",\"@id\":\"https:\/\/dutchhealthstore.com\/de\/#website\",\"url\":\"https:\/\/dutchhealthstore.com\/de\/\",\"name\":\"Dutch Health Store\",\"description\":\"Enhance Your Beauty with Organic &amp; Natural Skincare\",\"publisher\":{\"@id\":\"https:\/\/dutchhealthstore.com\/de\/#organization\"},\"potentialAction\":[{\"@type\":\"SearchAction\",\"target\":{\"@type\":\"EntryPoint\",\"urlTemplate\":\"https:\/\/dutchhealthstore.com\/de\/?s={search_term_string}\"},\"query-input\":{\"@type\":\"PropertyValueSpecification\",\"valueRequired\":true,\"valueName\":\"search_term_string\"}}],\"inLanguage\":\"de\"},{\"@type\":\"Organization\",\"@id\":\"https:\/\/dutchhealthstore.com\/de\/#organization\",\"name\":\"Dutch Health Store\",\"url\":\"https:\/\/dutchhealthstore.com\/de\/\",\"logo\":{\"@type\":\"ImageObject\",\"inLanguage\":\"de\",\"@id\":\"https:\/\/dutchhealthstore.com\/de\/#\/schema\/logo\/image\/\",\"url\":\"https:\/\/dutchhealthstore.com\/wp-content\/uploads\/2020\/08\/logo-dutchhealthstore-jpg-e1599484957574.jpg\",\"contentUrl\":\"https:\/\/dutchhealthstore.com\/wp-content\/uploads\/2020\/08\/logo-dutchhealthstore-jpg-e1599484957574.jpg\",\"width\":400,\"height\":62,\"caption\":\"Dutch Health Store\"},\"image\":{\"@id\":\"https:\/\/dutchhealthstore.com\/de\/#\/schema\/logo\/image\/\"},\"sameAs\":[\"https:\/\/www.instagram.com\/dutchhealthstore\/\",\"https:\/\/www.facebook.com\/dutchhealthstore\"]}]}<\/script>\n<meta property=\"product:brand\" content=\"Living Libations\" \/>\n<meta property=\"og:availability\" content=\"instock\" \/>\n<meta property=\"product:availability\" content=\"instock\" \/>\n<meta property=\"product:condition\" content=\"new\" \/>\n<!-- \/ Yoast SEO Premium plugin. -->","yoast_head_json":{"title":"Myrtle, Honey Essential Oil | Living Libations","description":"Harmonisches Honey Myrtle Essential Oil ist eine spritzige Zitrone, die von beruhigenden, warmen Honignoten eingefangen und geb\u00e4ndigt wird.","robots":{"index":"index","follow":"follow","max-snippet":"max-snippet:-1","max-image-preview":"max-image-preview:large","max-video-preview":"max-video-preview:-1"},"canonical":"https:\/\/dutchhealthstore.com\/de\/product\/myrtle-honey-essential-oil\/","og_locale":"de_DE","og_type":"article","og_title":"Myrtle, Honey Essential Oil - Dutch Health Store","og_description":"Harmonisches Honey Myrtle Essential Oil ist eine spritzige Zitrone, die von beruhigenden, warmen Honignoten eingefangen und geb\u00e4ndigt wird.","og_url":"https:\/\/dutchhealthstore.com\/de\/product\/myrtle-honey-essential-oil\/","og_site_name":"Dutch Health Store","article_publisher":"https:\/\/www.instagram.com\/dutchhealthstore\/","article_modified_time":"2023-02-23T13:34:40+00:00","og_image":[{"width":500,"height":500,"url":"https:\/\/dutchhealthstore.com\/wp-content\/uploads\/2020\/06\/living-libations-Myrtle-Honey-Essential-Oil-e1593066809600.png","type":"image\/jpeg"}],"twitter_card":"summary_large_image","twitter_misc":{"Verf\u00fcgbarkeit":"Auf Lager"},"schema":{"@context":"https:\/\/schema.org","@graph":[{"@type":"WebPage","@id":"https:\/\/dutchhealthstore.com\/de\/product\/myrtle-honey-essential-oil\/","url":"https:\/\/dutchhealthstore.com\/de\/product\/myrtle-honey-essential-oil\/","name":"Myrtle, Honey Essential Oil | Living Libations","isPartOf":{"@id":"https:\/\/dutchhealthstore.com\/de\/#website"},"primaryImageOfPage":{"@id":"https:\/\/dutchhealthstore.com\/de\/product\/myrtle-honey-essential-oil\/#primaryimage"},"image":{"@id":"https:\/\/dutchhealthstore.com\/de\/product\/myrtle-honey-essential-oil\/#primaryimage"},"thumbnailUrl":"https:\/\/dutchhealthstore.com\/wp-content\/uploads\/2020\/06\/living-libations-Myrtle-Honey-Essential-Oil-e1593066809600.png","datePublished":"2020-06-25T04:40:11+00:00","dateModified":"2023-02-23T13:34:40+00:00","description":"Harmonisches Honey Myrtle Essential Oil ist eine spritzige Zitrone, die von beruhigenden, warmen Honignoten eingefangen und geb\u00e4ndigt wird.","breadcrumb":{"@id":"https:\/\/dutchhealthstore.com\/de\/product\/myrtle-honey-essential-oil\/#breadcrumb"},"inLanguage":"de","potentialAction":[{"@type":"ReadAction","target":["https:\/\/dutchhealthstore.com\/de\/product\/myrtle-honey-essential-oil\/"]}]},{"@type":"ImageObject","inLanguage":"de","@id":"https:\/\/dutchhealthstore.com\/de\/product\/myrtle-honey-essential-oil\/#primaryimage","url":"https:\/\/dutchhealthstore.com\/wp-content\/uploads\/2020\/06\/living-libations-Myrtle-Honey-Essential-Oil-e1593066809600.png","contentUrl":"https:\/\/dutchhealthstore.com\/wp-content\/uploads\/2020\/06\/living-libations-Myrtle-Honey-Essential-Oil-e1593066809600.png","width":500,"height":500,"caption":"living libations Myrtle, Honey Essential Oil"},{"@type":"BreadcrumbList","@id":"https:\/\/dutchhealthstore.com\/de\/product\/myrtle-honey-essential-oil\/#breadcrumb","itemListElement":[{"@type":"ListItem","position":1,"name":"Home","item":"https:\/\/dutchhealthstore.com\/de\/"},{"@type":"ListItem","position":2,"name":"Shop","item":"https:\/\/dutchhealthstore.com\/de\/shop-2\/"},{"@type":"ListItem","position":3,"name":"Myrtle, Honey Essential Oil"}]},{"@type":"WebSite","@id":"https:\/\/dutchhealthstore.com\/de\/#website","url":"https:\/\/dutchhealthstore.com\/de\/","name":"Dutch Health Store","description":"Enhance Your Beauty with Organic &amp; Natural Skincare","publisher":{"@id":"https:\/\/dutchhealthstore.com\/de\/#organization"},"potentialAction":[{"@type":"SearchAction","target":{"@type":"EntryPoint","urlTemplate":"https:\/\/dutchhealthstore.com\/de\/?s={search_term_string}"},"query-input":{"@type":"PropertyValueSpecification","valueRequired":true,"valueName":"search_term_string"}}],"inLanguage":"de"},{"@type":"Organization","@id":"https:\/\/dutchhealthstore.com\/de\/#organization","name":"Dutch Health Store","url":"https:\/\/dutchhealthstore.com\/de\/","logo":{"@type":"ImageObject","inLanguage":"de","@id":"https:\/\/dutchhealthstore.com\/de\/#\/schema\/logo\/image\/","url":"https:\/\/dutchhealthstore.com\/wp-content\/uploads\/2020\/08\/logo-dutchhealthstore-jpg-e1599484957574.jpg","contentUrl":"https:\/\/dutchhealthstore.com\/wp-content\/uploads\/2020\/08\/logo-dutchhealthstore-jpg-e1599484957574.jpg","width":400,"height":62,"caption":"Dutch Health Store"},"image":{"@id":"https:\/\/dutchhealthstore.com\/de\/#\/schema\/logo\/image\/"},"sameAs":["https:\/\/www.instagram.com\/dutchhealthstore\/","https:\/\/www.facebook.com\/dutchhealthstore"]}]},"product_brand":"Living Libations","og_availability":"instock","product_availability":"instock","product_condition":"new"},"_links":{"self":[{"href":"https:\/\/dutchhealthstore.com\/de\/wp-json\/wp\/v2\/product\/121488","targetHints":{"allow":["GET"]}}],"collection":[{"href":"https:\/\/dutchhealthstore.com\/de\/wp-json\/wp\/v2\/product"}],"about":[{"href":"https:\/\/dutchhealthstore.com\/de\/wp-json\/wp\/v2\/types\/product"}],"replies":[{"embeddable":true,"href":"https:\/\/dutchhealthstore.com\/de\/wp-json\/wp\/v2\/comments?post=121488"}],"wp:featuredmedia":[{"embeddable":true,"href":"https:\/\/dutchhealthstore.com\/de\/wp-json\/wp\/v2\/media\/108928"}],"wp:attachment":[{"href":"https:\/\/dutchhealthstore.com\/de\/wp-json\/wp\/v2\/media?parent=121488"}],"wp:term":[{"taxonomy":"product_brand","embeddable":true,"href":"https:\/\/dutchhealthstore.com\/de\/wp-json\/wp\/v2\/product_brand?post=121488"},{"taxonomy":"product_cat","embeddable":true,"href":"https:\/\/dutchhealthstore.com\/de\/wp-json\/wp\/v2\/product_cat?post=121488"},{"taxonomy":"product_tag","embeddable":true,"href":"https:\/\/dutchhealthstore.com\/de\/wp-json\/wp\/v2\/product_tag?post=121488"}],"curies":[{"name":"wp","href":"https:\/\/api.w.org\/{rel}","templated":true}]}}