{"id":121459,"date":"2020-07-14T13:30:53","date_gmt":"2020-07-14T11:30:53","guid":{"rendered":"https:\/\/dutchhealthstore.com\/product\/myrtle-essential-oil\/"},"modified":"2024-12-18T09:45:45","modified_gmt":"2024-12-18T08:45:45","slug":"myrtle-essential-oil","status":"publish","type":"product","link":"https:\/\/dutchhealthstore.com\/de\/product\/myrtle-essential-oil\/","title":{"rendered":"Myrtle Essential Oil"},"content":{"rendered":"<p><strong><img decoding=\"async\" class=\"size-full wp-image-69549 alignright\" src=\"https:\/\/dutchhealthstore.com\/wp-content\/uploads\/2019\/08\/NEW-Living-Libations-Logo.jpg\" alt=\"NEW - Living Libations - Logo\" width=\"175\" height=\"82\"><\/strong><\/p>\n<p>M\u00e4chtige Aphrodite! Die Prachtmyrte ist ein Elixier der G\u00f6tter! Als gr\u00fcnes Tonikum gesalbt, ist es mit seinem Reichtum an hautfreundlichem Linalool optimal f\u00fcr einen strahlenden Teint, Parf\u00fcmgenuss und K\u00f6rperbalance.<\/p>\n<p>Die Myrte wird seit Tausenden von Jahren als Symbol f\u00fcr Liebe, Reinheit und Gro\u00dfz\u00fcgigkeit verwendet. Griechische Soldaten wurden bei ihrer R\u00fcckkehr aus dem Krieg mit Myrtenbl\u00e4ttern geschm\u00fcckt. Die Br\u00e4ute schm\u00fcckten sich mit Girlanden aus Myrte, um ihre Hochzeitsbetten zu segnen und zu heiligen. Im 16. Jahrhundert war es ein wichtiger Bestandteil von Lotionen, Parf\u00fcms und Badezus\u00e4tzen. Auch heute noch tragen viele Br\u00e4ute sie an ihrem Hochzeitstag als Symbol f\u00fcr Reinheit und Hingabe.<\/p>\n<p><strong>Botanischer Name:<\/strong> Myrtus communis<br \/>\n<strong>Botanische Familie:<\/strong> Myrtaceae<br \/>\n<strong>Extraktionsverfahren:<\/strong> Dampfdestilliert<br \/>\n<strong>Teil der Pflanze Destilliert:<\/strong> Bl\u00fchende Spitzen und Zweige<br \/>\n<strong>Herkunftsland:<\/strong> Marokko<br \/>\n<strong>Anbaumethode:<\/strong> Bio<br \/>\n<strong>Zusammensetzung:<\/strong> 100% Myrtus communis<br \/>\n<strong>Konsistenz:<\/strong> D\u00fcnne Viskosit\u00e4t<\/p>\n<h3>Beschreibung des Duftes<\/h3>\n<p>Eine s\u00fc\u00dfe, gr\u00fcne, zartfruchtige Note traut sich endlich, Kampfer zum Tanz aufzufordern.<\/p>\n<h3>Gut mischbar mit<\/h3>\n<p>Weihrauch, Sandelholz, alle Zitrusfr\u00fcchte, Rosmarin, Bergamotte und Thymian.<\/p>\n<h3>Verwendet<\/h3>\n<p>Hauttoner. Diffusor. Meditationsessenz f\u00fcr die Ausrichtung. Ausgezeichnet in Salzpfeifen. Ein Vergn\u00fcgen in den B\u00e4dern. Salben Sie f\u00fcr die Gemeinschaft der Paare und erreichen Sie ausgeglichene Bereiche.<\/p>\n<h3>Inhaltsstoffe<\/h3>\n<p>Enth\u00e4lt Linalool.<\/p>\n<p><strong>Gr\u00f6\u00dfe: 5 ml und 15 ml<\/strong><\/p>\n<h3>Bio-Zutaten<\/h3>\n<p>100% \u00e4therisches \u00d6l der Myrte (Myrtus communis).<\/p>\n<p>Myrtle Essential Oil choreographiert einen zarten Tanz von ausgeglichener Sch\u00f6nheit.<\/p>\n<p style=\"text-align: center;\">&#8222;Die Stadt ist ein einziges langes Gedicht. G\u00e4rten voller Stiefm\u00fctterchen, rosa Petunien, Opiate. Blumengeschm\u00fcckte Schreine, wei\u00dfe Myrten, Bougainvillea und violetter Oleander regen die Sinne an und sorgen f\u00fcr ein k\u00fchles und klares Gef\u00fchl im Inneren.&#8220;<br \/>\n~ Bob Dylan<\/p>\n<p style=\"text-align: center;\">&#8222;In Europa wurde im sechzehnten Jahrhundert eine Hautpflegelotion namens &#8218;Engelswasser&#8216; auf der Grundlage von Myrtenbl\u00e4ttern und -bl\u00fcten hergestellt.<br \/>\n~ Jennifer Peace Rhind, <strong>Fragrance and Wellbeing<\/strong><\/p>\n<p style=\"text-align: center;\">Zufriedenheit spiegelt sich in der Magie der \u00e4therischen \u00d6le wider, denn Myrte unterst\u00fctzt diejenigen, die dunkle Zeiten durchstehen und sich auf hellere Zeiten vorbereiten m\u00fcssen. Das \u00d6l wirkt wie ein Freund bei Lebens\u00fcberg\u00e4ngen. Wie das \u00e4therische \u00d6l der Rose kann dieses \u00d6l, das eine tiefe innere Weisheit in sich tr\u00e4gt, als Begleiter f\u00fcr Sterbende dienen.&#8220;<br \/>\n~ Suzanne Fischer-Rizzi, <strong>The Complete Aromatherapy Handbook<\/strong><\/p>\n<p style=\"text-align: center;\">In der Aromatherapie oder bei der Meditation hilft das myrtle essential oil, Konflikte und Gef\u00fchle der Verwirrung zu l\u00f6sen und ein Gef\u00fchl der Klarheit zu vermitteln.&#8220;<br \/>\n~ Althea Press, <strong>Essential Oils for Beginners: The Guide to Get Started with Essential Oils<\/strong><\/p>\n<p>&nbsp;<\/p>\n<p><img fetchpriority=\"high\" decoding=\"async\" class=\"size-medium wp-image-68103 aligncenter\" src=\"https:\/\/dutchhealthstore.com\/wp-content\/uploads\/2018\/02\/Living-Libations-Organic-Logo-800x89.png\" alt=\"Living Libations - Organic Logo\" width=\"800\" height=\"89\" srcset=\"https:\/\/dutchhealthstore.com\/wp-content\/uploads\/2018\/02\/Living-Libations-Organic-Logo-800x89.png 800w, https:\/\/dutchhealthstore.com\/wp-content\/uploads\/2018\/02\/Living-Libations-Organic-Logo-510x57.png 510w, https:\/\/dutchhealthstore.com\/wp-content\/uploads\/2018\/02\/Living-Libations-Organic-Logo-768x85.png 768w, https:\/\/dutchhealthstore.com\/wp-content\/uploads\/2018\/02\/Living-Libations-Organic-Logo.png 1400w\" sizes=\"(max-width: 800px) 100vw, 800px\" \/><\/p>\n","protected":false},"excerpt":{"rendered":"<p>Wunderbares <strong>Myrtle Essential Oil<\/strong> ist manifestierte Balance. Die Myrte wirkt ausgleichend auf die Yin- und Yang-Energien. Dieser leicht s\u00fc\u00dfliche, zarte Duft verleitete die G\u00f6ttin Aphrodite dazu, die Myrte zu ihrer geliebten, heiligen Pflanze zu machen. Diesem kostbaren \u00d6l wird nachgesagt, dass es die Stimmung hebt, die Haut reinigt, Widerst\u00e4nde l\u00f6st und das gesamte System ins Gleichgewicht bringt.<\/p>\n","protected":false},"featured_media":113697,"comment_status":"open","ping_status":"closed","template":"","meta":[],"product_brand":[],"product_cat":[6737,1508,1546,1493,1210,6736],"product_tag":[1547],"class_list":{"0":"post-121459","1":"product","2":"type-product","3":"status-publish","4":"has-post-thumbnail","6":"product_cat-essential-oils-de-2","7":"product_cat-aetherische-oele-living-libations","8":"product_cat-essential-oils-living-libations-de","9":"product_cat-living-libations-deutschland","10":"product_cat-marken","11":"product_cat-wellness-de","12":"product_tag-essential-oil-de","13":"pa_brand-livinglibations-de","14":"pa_essential-oils-product-type-essential-oils-de","15":"pa_size-15-ml-de-2","16":"pa_size-5-ml-de","18":"first","19":"instock","20":"taxable","21":"shipping-taxable","22":"purchasable","23":"product-type-variable"},"bundled_by":[],"bundle_stock_status":"instock","bundle_stock_quantity":null,"bundle_virtual":false,"bundle_layout":"","bundle_add_to_cart_form_location":"","bundle_editable_in_cart":false,"bundle_sold_individually_context":"","bundle_item_grouping":"","bundle_min_size":"","bundle_max_size":"","bundle_price":[],"bundled_items":[],"bundle_sell_ids":[],"atum_controlled":true,"out_stock_date":null,"out_stock_threshold":null,"inheritable":true,"stock_on_hold":0,"sold_today":0,"sales_last_days":0,"out_stock_days":0,"lost_sales":0,"update_date":"2026-04-17T00:06:16","atum_locations":[],"atum_stock_status":"instock","restock_status":false,"low_stock_amount":"","sales_update_date":"2026-04-17T00:06:16","calc_backorders":null,"group_of_quantity":0,"min_quantity":0,"max_quantity":"","exclude_order_quantity_value_rules":"no","exclude_category_quantity_rules":"no","combine_variations":"no","yoast_head":"<!-- This site is optimized with the Yoast SEO Premium plugin v26.5 (Yoast SEO v26.5) - https:\/\/yoast.com\/wordpress\/plugins\/seo\/ -->\n<title>Myrtle Essential Oil | Living Libations<\/title>\n<meta name=\"description\" content=\"Dieser leicht s\u00fc\u00dfliche, zarte Duft verleitete die G\u00f6ttin Aphrodite dazu, die Myrte zu ihrer geliebten, heiligen Pflanze zu machen.\" \/>\n<meta name=\"robots\" content=\"index, follow, max-snippet:-1, max-image-preview:large, max-video-preview:-1\" \/>\n<link rel=\"canonical\" href=\"https:\/\/dutchhealthstore.com\/de\/product\/myrtle-essential-oil\/\" \/>\n<meta property=\"og:locale\" content=\"de_DE\" \/>\n<meta property=\"og:type\" content=\"article\" \/>\n<meta property=\"og:title\" content=\"Myrtle Essential Oil - Dutch Health Store\" \/>\n<meta property=\"og:description\" content=\"Dieser leicht s\u00fc\u00dfliche, zarte Duft verleitete die G\u00f6ttin Aphrodite dazu, die Myrte zu ihrer geliebten, heiligen Pflanze zu machen.\" \/>\n<meta property=\"og:url\" content=\"https:\/\/dutchhealthstore.com\/de\/product\/myrtle-essential-oil\/\" \/>\n<meta property=\"og:site_name\" content=\"Dutch Health Store\" \/>\n<meta property=\"article:publisher\" content=\"https:\/\/www.instagram.com\/dutchhealthstore\/\" \/>\n<meta property=\"article:modified_time\" content=\"2024-12-18T08:45:45+00:00\" \/>\n<meta property=\"og:image\" content=\"https:\/\/dutchhealthstore.com\/wp-content\/uploads\/2020\/07\/Living-Libations-Myrtle-Essential-Oil-e1594732310297.png\" \/>\n\t<meta property=\"og:image:width\" content=\"500\" \/>\n\t<meta property=\"og:image:height\" content=\"500\" \/>\n\t<meta property=\"og:image:type\" content=\"image\/jpeg\" \/>\n<meta name=\"twitter:card\" content=\"summary_large_image\" \/>\n<meta name=\"twitter:label1\" content=\"Verf\u00fcgbarkeit\" \/>\n\t<meta name=\"twitter:data1\" content=\"Auf Lager\" \/>\n<script type=\"application\/ld+json\" class=\"yoast-schema-graph\">{\"@context\":\"https:\/\/schema.org\",\"@graph\":[{\"@type\":\"WebPage\",\"@id\":\"https:\/\/dutchhealthstore.com\/de\/product\/myrtle-essential-oil\/\",\"url\":\"https:\/\/dutchhealthstore.com\/de\/product\/myrtle-essential-oil\/\",\"name\":\"Myrtle Essential Oil | Living Libations\",\"isPartOf\":{\"@id\":\"https:\/\/dutchhealthstore.com\/de\/#website\"},\"primaryImageOfPage\":{\"@id\":\"https:\/\/dutchhealthstore.com\/de\/product\/myrtle-essential-oil\/#primaryimage\"},\"image\":{\"@id\":\"https:\/\/dutchhealthstore.com\/de\/product\/myrtle-essential-oil\/#primaryimage\"},\"thumbnailUrl\":\"https:\/\/dutchhealthstore.com\/wp-content\/uploads\/2020\/07\/Living-Libations-Myrtle-Essential-Oil-e1594732310297.png\",\"datePublished\":\"2020-07-14T11:30:53+00:00\",\"dateModified\":\"2024-12-18T08:45:45+00:00\",\"description\":\"Dieser leicht s\u00fc\u00dfliche, zarte Duft verleitete die G\u00f6ttin Aphrodite dazu, die Myrte zu ihrer geliebten, heiligen Pflanze zu machen.\",\"breadcrumb\":{\"@id\":\"https:\/\/dutchhealthstore.com\/de\/product\/myrtle-essential-oil\/#breadcrumb\"},\"inLanguage\":\"de\",\"potentialAction\":[{\"@type\":\"ReadAction\",\"target\":[\"https:\/\/dutchhealthstore.com\/de\/product\/myrtle-essential-oil\/\"]}]},{\"@type\":\"ImageObject\",\"inLanguage\":\"de\",\"@id\":\"https:\/\/dutchhealthstore.com\/de\/product\/myrtle-essential-oil\/#primaryimage\",\"url\":\"https:\/\/dutchhealthstore.com\/wp-content\/uploads\/2020\/07\/Living-Libations-Myrtle-Essential-Oil-e1594732310297.png\",\"contentUrl\":\"https:\/\/dutchhealthstore.com\/wp-content\/uploads\/2020\/07\/Living-Libations-Myrtle-Essential-Oil-e1594732310297.png\",\"width\":500,\"height\":500,\"caption\":\"Living Libations Myrtle Essential Oil\"},{\"@type\":\"BreadcrumbList\",\"@id\":\"https:\/\/dutchhealthstore.com\/de\/product\/myrtle-essential-oil\/#breadcrumb\",\"itemListElement\":[{\"@type\":\"ListItem\",\"position\":1,\"name\":\"Home\",\"item\":\"https:\/\/dutchhealthstore.com\/de\/\"},{\"@type\":\"ListItem\",\"position\":2,\"name\":\"Shop\",\"item\":\"https:\/\/dutchhealthstore.com\/de\/shop-2\/\"},{\"@type\":\"ListItem\",\"position\":3,\"name\":\"Myrtle Essential Oil\"}]},{\"@type\":\"WebSite\",\"@id\":\"https:\/\/dutchhealthstore.com\/de\/#website\",\"url\":\"https:\/\/dutchhealthstore.com\/de\/\",\"name\":\"Dutch Health Store\",\"description\":\"Enhance Your Beauty with Organic &amp; Natural Skincare\",\"publisher\":{\"@id\":\"https:\/\/dutchhealthstore.com\/de\/#organization\"},\"potentialAction\":[{\"@type\":\"SearchAction\",\"target\":{\"@type\":\"EntryPoint\",\"urlTemplate\":\"https:\/\/dutchhealthstore.com\/de\/?s={search_term_string}\"},\"query-input\":{\"@type\":\"PropertyValueSpecification\",\"valueRequired\":true,\"valueName\":\"search_term_string\"}}],\"inLanguage\":\"de\"},{\"@type\":\"Organization\",\"@id\":\"https:\/\/dutchhealthstore.com\/de\/#organization\",\"name\":\"Dutch Health Store\",\"url\":\"https:\/\/dutchhealthstore.com\/de\/\",\"logo\":{\"@type\":\"ImageObject\",\"inLanguage\":\"de\",\"@id\":\"https:\/\/dutchhealthstore.com\/de\/#\/schema\/logo\/image\/\",\"url\":\"https:\/\/dutchhealthstore.com\/wp-content\/uploads\/2020\/08\/logo-dutchhealthstore-jpg-e1599484957574.jpg\",\"contentUrl\":\"https:\/\/dutchhealthstore.com\/wp-content\/uploads\/2020\/08\/logo-dutchhealthstore-jpg-e1599484957574.jpg\",\"width\":400,\"height\":62,\"caption\":\"Dutch Health Store\"},\"image\":{\"@id\":\"https:\/\/dutchhealthstore.com\/de\/#\/schema\/logo\/image\/\"},\"sameAs\":[\"https:\/\/www.instagram.com\/dutchhealthstore\/\",\"https:\/\/www.facebook.com\/dutchhealthstore\"]}]}<\/script>\n<meta property=\"product:brand\" content=\"Living Libations\" \/>\n<meta property=\"og:availability\" content=\"instock\" \/>\n<meta property=\"product:availability\" content=\"instock\" \/>\n<meta property=\"product:condition\" content=\"new\" \/>\n<!-- \/ Yoast SEO Premium plugin. -->","yoast_head_json":{"title":"Myrtle Essential Oil | Living Libations","description":"Dieser leicht s\u00fc\u00dfliche, zarte Duft verleitete die G\u00f6ttin Aphrodite dazu, die Myrte zu ihrer geliebten, heiligen Pflanze zu machen.","robots":{"index":"index","follow":"follow","max-snippet":"max-snippet:-1","max-image-preview":"max-image-preview:large","max-video-preview":"max-video-preview:-1"},"canonical":"https:\/\/dutchhealthstore.com\/de\/product\/myrtle-essential-oil\/","og_locale":"de_DE","og_type":"article","og_title":"Myrtle Essential Oil - Dutch Health Store","og_description":"Dieser leicht s\u00fc\u00dfliche, zarte Duft verleitete die G\u00f6ttin Aphrodite dazu, die Myrte zu ihrer geliebten, heiligen Pflanze zu machen.","og_url":"https:\/\/dutchhealthstore.com\/de\/product\/myrtle-essential-oil\/","og_site_name":"Dutch Health Store","article_publisher":"https:\/\/www.instagram.com\/dutchhealthstore\/","article_modified_time":"2024-12-18T08:45:45+00:00","og_image":[{"width":500,"height":500,"url":"https:\/\/dutchhealthstore.com\/wp-content\/uploads\/2020\/07\/Living-Libations-Myrtle-Essential-Oil-e1594732310297.png","type":"image\/jpeg"}],"twitter_card":"summary_large_image","twitter_misc":{"Verf\u00fcgbarkeit":"Auf Lager"},"schema":{"@context":"https:\/\/schema.org","@graph":[{"@type":"WebPage","@id":"https:\/\/dutchhealthstore.com\/de\/product\/myrtle-essential-oil\/","url":"https:\/\/dutchhealthstore.com\/de\/product\/myrtle-essential-oil\/","name":"Myrtle Essential Oil | Living Libations","isPartOf":{"@id":"https:\/\/dutchhealthstore.com\/de\/#website"},"primaryImageOfPage":{"@id":"https:\/\/dutchhealthstore.com\/de\/product\/myrtle-essential-oil\/#primaryimage"},"image":{"@id":"https:\/\/dutchhealthstore.com\/de\/product\/myrtle-essential-oil\/#primaryimage"},"thumbnailUrl":"https:\/\/dutchhealthstore.com\/wp-content\/uploads\/2020\/07\/Living-Libations-Myrtle-Essential-Oil-e1594732310297.png","datePublished":"2020-07-14T11:30:53+00:00","dateModified":"2024-12-18T08:45:45+00:00","description":"Dieser leicht s\u00fc\u00dfliche, zarte Duft verleitete die G\u00f6ttin Aphrodite dazu, die Myrte zu ihrer geliebten, heiligen Pflanze zu machen.","breadcrumb":{"@id":"https:\/\/dutchhealthstore.com\/de\/product\/myrtle-essential-oil\/#breadcrumb"},"inLanguage":"de","potentialAction":[{"@type":"ReadAction","target":["https:\/\/dutchhealthstore.com\/de\/product\/myrtle-essential-oil\/"]}]},{"@type":"ImageObject","inLanguage":"de","@id":"https:\/\/dutchhealthstore.com\/de\/product\/myrtle-essential-oil\/#primaryimage","url":"https:\/\/dutchhealthstore.com\/wp-content\/uploads\/2020\/07\/Living-Libations-Myrtle-Essential-Oil-e1594732310297.png","contentUrl":"https:\/\/dutchhealthstore.com\/wp-content\/uploads\/2020\/07\/Living-Libations-Myrtle-Essential-Oil-e1594732310297.png","width":500,"height":500,"caption":"Living Libations Myrtle Essential Oil"},{"@type":"BreadcrumbList","@id":"https:\/\/dutchhealthstore.com\/de\/product\/myrtle-essential-oil\/#breadcrumb","itemListElement":[{"@type":"ListItem","position":1,"name":"Home","item":"https:\/\/dutchhealthstore.com\/de\/"},{"@type":"ListItem","position":2,"name":"Shop","item":"https:\/\/dutchhealthstore.com\/de\/shop-2\/"},{"@type":"ListItem","position":3,"name":"Myrtle Essential Oil"}]},{"@type":"WebSite","@id":"https:\/\/dutchhealthstore.com\/de\/#website","url":"https:\/\/dutchhealthstore.com\/de\/","name":"Dutch Health Store","description":"Enhance Your Beauty with Organic &amp; Natural Skincare","publisher":{"@id":"https:\/\/dutchhealthstore.com\/de\/#organization"},"potentialAction":[{"@type":"SearchAction","target":{"@type":"EntryPoint","urlTemplate":"https:\/\/dutchhealthstore.com\/de\/?s={search_term_string}"},"query-input":{"@type":"PropertyValueSpecification","valueRequired":true,"valueName":"search_term_string"}}],"inLanguage":"de"},{"@type":"Organization","@id":"https:\/\/dutchhealthstore.com\/de\/#organization","name":"Dutch Health Store","url":"https:\/\/dutchhealthstore.com\/de\/","logo":{"@type":"ImageObject","inLanguage":"de","@id":"https:\/\/dutchhealthstore.com\/de\/#\/schema\/logo\/image\/","url":"https:\/\/dutchhealthstore.com\/wp-content\/uploads\/2020\/08\/logo-dutchhealthstore-jpg-e1599484957574.jpg","contentUrl":"https:\/\/dutchhealthstore.com\/wp-content\/uploads\/2020\/08\/logo-dutchhealthstore-jpg-e1599484957574.jpg","width":400,"height":62,"caption":"Dutch Health Store"},"image":{"@id":"https:\/\/dutchhealthstore.com\/de\/#\/schema\/logo\/image\/"},"sameAs":["https:\/\/www.instagram.com\/dutchhealthstore\/","https:\/\/www.facebook.com\/dutchhealthstore"]}]},"product_brand":"Living Libations","og_availability":"instock","product_availability":"instock","product_condition":"new"},"_links":{"self":[{"href":"https:\/\/dutchhealthstore.com\/de\/wp-json\/wp\/v2\/product\/121459","targetHints":{"allow":["GET"]}}],"collection":[{"href":"https:\/\/dutchhealthstore.com\/de\/wp-json\/wp\/v2\/product"}],"about":[{"href":"https:\/\/dutchhealthstore.com\/de\/wp-json\/wp\/v2\/types\/product"}],"replies":[{"embeddable":true,"href":"https:\/\/dutchhealthstore.com\/de\/wp-json\/wp\/v2\/comments?post=121459"}],"wp:featuredmedia":[{"embeddable":true,"href":"https:\/\/dutchhealthstore.com\/de\/wp-json\/wp\/v2\/media\/113697"}],"wp:attachment":[{"href":"https:\/\/dutchhealthstore.com\/de\/wp-json\/wp\/v2\/media?parent=121459"}],"wp:term":[{"taxonomy":"product_brand","embeddable":true,"href":"https:\/\/dutchhealthstore.com\/de\/wp-json\/wp\/v2\/product_brand?post=121459"},{"taxonomy":"product_cat","embeddable":true,"href":"https:\/\/dutchhealthstore.com\/de\/wp-json\/wp\/v2\/product_cat?post=121459"},{"taxonomy":"product_tag","embeddable":true,"href":"https:\/\/dutchhealthstore.com\/de\/wp-json\/wp\/v2\/product_tag?post=121459"}],"curies":[{"name":"wp","href":"https:\/\/api.w.org\/{rel}","templated":true}]}}