{"id":121366,"date":"2018-02-10T19:55:05","date_gmt":"2018-02-10T18:55:05","guid":{"rendered":"https:\/\/dutchhealthstore.com\/product\/musk-mallow-seed-essential-oil\/"},"modified":"2025-10-28T11:31:27","modified_gmt":"2025-10-28T10:31:27","slug":"musk-mallow-seed-essential-oil","status":"publish","type":"product","link":"https:\/\/dutchhealthstore.com\/de\/product\/musk-mallow-seed-essential-oil\/","title":{"rendered":"Musk Mallow Essential Oil"},"content":{"rendered":"<p><img decoding=\"async\" class=\"size-full wp-image-69549 alignright\" src=\"https:\/\/dutchhealthstore.com\/wp-content\/uploads\/2019\/08\/NEW-Living-Libations-Logo.jpg\" alt=\"NEW - Living Libations - Logo\" width=\"175\" height=\"82\"><\/p>\n<p><strong>Botanischer Name:<\/strong> Hibiskus abelmoschus<br \/>\n<strong>Botanische Familie:<\/strong>Malvaceae<br \/>\n<strong>Extraktionsverfahren:<\/strong> CO2<br \/>\n<strong>Teil der Pflanze Destilliert:<\/strong> Saatgut<br \/>\n<strong>Herkunftsland:<\/strong> Indien<br \/>\n<strong>Anbaumethode:<\/strong> Wildsammlung<br \/>\n<strong>Zusammensetzung:<\/strong> 100% Hibiscus abelmoschus<br \/>\n<strong>Konsistenz:<\/strong> Mittlere Viskosit\u00e4t<\/p>\n<h3>Beschreibung des Duftes<\/h3>\n<p>Reichhaltiger, lebendiger, aromatischer Moschus mit Untert\u00f6nen von s\u00fc\u00dfem Tabak, Amber und einem Hauch nussiger Bl\u00fcten.<\/p>\n<h3>Gut mischbar mit<\/h3>\n<p>Sandelholz, Vetiver, Patchouli, Jasmin, Tuberose, Weihrauch, Grapefruit, schwarze Fichte, Ylang, Kardamom, Rose Otto, Rose Absolute, Zistrose, Bergamotte, Palo Santo, Ingwer, Myrrhe und Spikenard.<\/p>\n<a href=\"https:\/\/dutchhealthstore.com\/wp-content\/uploads\/2018\/02\/ANALYSIS-Musk-Mallow-Essential-Oil-Living-Libations-1.pdf\" class=\"button primary is-primary is-small\"  >\n\t\t<span>ANALYSE DER \u00c4THERISCHEN \u00d6LE &gt;<\/span>\n\t<\/a>\n\n<h3>Verwendet<\/h3>\n<p>Parf\u00fcm und Aromamischungen.<\/p>\n<p>Unser \u00e4therisches Moschusmalven\u00f6l ist ein intensiver, sinnlicher Duft mit Moschus- und Ambernoten. Dieses einzigartige \u00d6l ist f\u00fcr seine geheimnisvolle Energie bekannt. Das aus den scharfen Samen der freundlichen Blume gewonnene Musk Mallow Seed Essential Oil ist das einzige Moschus\u00f6l ohne tierischen Ursprung, das f\u00fcr exotische Naturparf\u00fcmerie erh\u00e4ltlich ist. Sein opulenter und einzigartiger, s\u00fc\u00dflich-erdiger Duft verk\u00fcndet uralte Emanationen, die die Haut ausgleichen und verj\u00fcngen sollen.<\/p>\n<p>Traditionell werden die Samen zum Aromatisieren von Kaffee, zum Parf\u00fcmieren von Haaren und zum Beduften von Kissen verwendet. Eine wirksame Erg\u00e4nzung zu jedem Parf\u00fcm &#8211; nur ein paar Tropfen sorgen f\u00fcr eine aromatisch-verliebte Epiphanie tantrischer Ranken, die tief im K\u00f6rper nachhallen und das perfekte Ambiente f\u00fcr Romantik schaffen.<\/p>\n<p>Wer auf der Suche nach Reinheit ist, wird die bezaubernde Energie des reinen Musk Mallow Essential Oil lieben.<\/p>\n<p><strong>Gr\u00f6\u00dfe: 2,5 ml, 5 ml und 15 ml<\/strong><\/p>\n<h3>Bio-Zutaten<\/h3>\n<p>100% \u00e4therisches \u00d6l der Moschusmalve (Hibiscus abelmoschus).<\/p>\n<p style=\"text-align: center;\"><em>&#8222;Bernstein und Myrrhe, Benzoe und Moschus kondensieren<\/em><br \/>\n<em>zu Transporten des Geistes und der Sinne!&#8220;<\/em><br \/>\n~ Allen Tate, <strong>20. Jahrhundert<\/strong><\/p>\n<p style=\"text-align: center;\"><em>&#8222;Die Samen, die manchmal auch Moschus-, Moschus-, Abelmosk-, Ambrette- oder Bernsteinsamen genannt werden, halten ihren Duft sehr lange und wurden fr\u00fcher von Parf\u00fcmeuren gerne zum Beduften von Handschuhen, Matratzen und Kissen verwendet. Heute werden sie in Beuteln und zur Verf\u00e4lschung von Moschus verwendet. Das \u00d6l wird in den hochwertigen Parfums [like] L&#8217;Egoiste und Heaven verwendet.&#8220;<\/em><br \/>\n~ N. Groom, <strong>New Perfume Handbook<\/strong><\/p>\n<p><img fetchpriority=\"high\" decoding=\"async\" class=\"size-medium wp-image-68103 aligncenter\" src=\"https:\/\/dutchhealthstore.com\/wp-content\/uploads\/2018\/02\/Living-Libations-Organic-Logo-800x89.png\" alt=\"Living Libations - Organic Logo\" width=\"800\" height=\"89\" srcset=\"https:\/\/dutchhealthstore.com\/wp-content\/uploads\/2018\/02\/Living-Libations-Organic-Logo-800x89.png 800w, https:\/\/dutchhealthstore.com\/wp-content\/uploads\/2018\/02\/Living-Libations-Organic-Logo-510x57.png 510w, https:\/\/dutchhealthstore.com\/wp-content\/uploads\/2018\/02\/Living-Libations-Organic-Logo-768x85.png 768w, https:\/\/dutchhealthstore.com\/wp-content\/uploads\/2018\/02\/Living-Libations-Organic-Logo.png 1400w\" sizes=\"(max-width: 800px) 100vw, 800px\" \/><\/p>\n","protected":false},"excerpt":{"rendered":"<p><strong>Musk Mallow Essential Oil<\/strong>, auch bekannt als Ambrette Seed Oil, stammt aus der botanischen Familie der <em>Malvaceae<\/em> und ist eine besondere Erg\u00e4nzung der Living Libations Kollektion.<br \/>\nDieses uralte Elixier stammt aus Indien, wo es durch Wildsammlung und CO2-Extraktion gewonnen wird, um die nat\u00fcrlichen Kr\u00e4fte der Moschusduft-Samen der Pflanze zu erhalten.<br \/>\nDiese besondere Art von Moschus\u00f6l ist die einzige Essenz ihrer Art, die weder synthetisch ist noch aus tierischen Quellen stammt.<br \/>\nIn den m\u00e4rchenhaften Falten seiner reinen Pflanzenkraft liegen die uralten ayurvedischen Geheimnisse des Wohlbefindens.<\/p>\n","protected":false},"featured_media":337397,"comment_status":"open","ping_status":"closed","template":"","meta":[],"product_brand":[],"product_cat":[6737,1508,1546,1493,1210,511,6736],"product_tag":[1547],"class_list":{"0":"post-121366","1":"product","2":"type-product","3":"status-publish","4":"has-post-thumbnail","6":"product_cat-essential-oils-de-2","7":"product_cat-aetherische-oele-living-libations","8":"product_cat-essential-oils-living-libations-de","9":"product_cat-living-libations-deutschland","10":"product_cat-marken","11":"product_cat-produkte","12":"product_cat-wellness-de","13":"product_tag-essential-oil-de","14":"pa_brand-livinglibations-de","15":"pa_essential-oils-product-type-essential-oils-de","16":"pa_size-15-ml-de-2","17":"pa_size-2-5-ml-de","18":"pa_size-5-ml-de","20":"first","21":"instock","22":"taxable","23":"shipping-taxable","24":"purchasable","25":"product-type-variable"},"bundled_by":[],"bundle_stock_status":"instock","bundle_stock_quantity":null,"bundle_virtual":false,"bundle_layout":"","bundle_add_to_cart_form_location":"","bundle_editable_in_cart":false,"bundle_sold_individually_context":"","bundle_item_grouping":"","bundle_min_size":"","bundle_max_size":"","bundle_price":[],"bundled_items":[],"bundle_sell_ids":[],"atum_controlled":true,"out_stock_date":null,"out_stock_threshold":null,"inheritable":true,"stock_on_hold":0,"sold_today":0,"sales_last_days":0,"out_stock_days":0,"lost_sales":0,"update_date":"2026-04-25T00:12:28","atum_locations":[],"atum_stock_status":"instock","restock_status":false,"low_stock_amount":"","sales_update_date":"2026-04-25T00:12:28","calc_backorders":null,"group_of_quantity":0,"min_quantity":0,"max_quantity":"","exclude_order_quantity_value_rules":"no","exclude_category_quantity_rules":"no","combine_variations":"no","yoast_head":"<!-- This site is optimized with the Yoast SEO Premium plugin v26.5 (Yoast SEO v26.5) - https:\/\/yoast.com\/wordpress\/plugins\/seo\/ -->\n<title>Musk Mallow Seed Essential Oil | Living Libations<\/title>\n<meta name=\"description\" content=\"Dieses uralte Elixier stammt aus Indien, wo es durch Wildsammlung und CO2-Extraktion gewonnen wird, um die nat\u00fcrlichen Kr\u00e4fte der Moschusduft-Samen der Pflanze zu erhalten.\" \/>\n<meta name=\"robots\" content=\"index, follow, max-snippet:-1, max-image-preview:large, max-video-preview:-1\" \/>\n<link rel=\"canonical\" href=\"https:\/\/dutchhealthstore.com\/de\/product\/musk-mallow-seed-essential-oil\/\" \/>\n<meta property=\"og:locale\" content=\"de_DE\" \/>\n<meta property=\"og:type\" content=\"article\" \/>\n<meta property=\"og:title\" content=\"Musk Mallow Essential Oil - Dutch Health Store\" \/>\n<meta property=\"og:description\" content=\"Dieses uralte Elixier stammt aus Indien, wo es durch Wildsammlung und CO2-Extraktion gewonnen wird, um die nat\u00fcrlichen Kr\u00e4fte der Moschusduft-Samen der Pflanze zu erhalten.\" \/>\n<meta property=\"og:url\" content=\"https:\/\/dutchhealthstore.com\/de\/product\/musk-mallow-seed-essential-oil\/\" \/>\n<meta property=\"og:site_name\" content=\"Dutch Health Store\" \/>\n<meta property=\"article:publisher\" content=\"https:\/\/www.instagram.com\/dutchhealthstore\/\" \/>\n<meta property=\"article:modified_time\" content=\"2025-10-28T10:31:27+00:00\" \/>\n<meta property=\"og:image\" content=\"https:\/\/dutchhealthstore.com\/wp-content\/uploads\/2018\/02\/Living-Libations-Musk-Mallow-Essential-Oil.jpg\" \/>\n\t<meta property=\"og:image:width\" content=\"500\" \/>\n\t<meta property=\"og:image:height\" content=\"500\" \/>\n\t<meta property=\"og:image:type\" content=\"image\/jpeg\" \/>\n<meta name=\"twitter:card\" content=\"summary_large_image\" \/>\n<meta name=\"twitter:label1\" content=\"Verf\u00fcgbarkeit\" \/>\n\t<meta name=\"twitter:data1\" content=\"Auf Lager\" \/>\n<script type=\"application\/ld+json\" class=\"yoast-schema-graph\">{\"@context\":\"https:\/\/schema.org\",\"@graph\":[{\"@type\":\"WebPage\",\"@id\":\"https:\/\/dutchhealthstore.com\/de\/product\/musk-mallow-seed-essential-oil\/\",\"url\":\"https:\/\/dutchhealthstore.com\/de\/product\/musk-mallow-seed-essential-oil\/\",\"name\":\"Musk Mallow Seed Essential Oil | Living Libations\",\"isPartOf\":{\"@id\":\"https:\/\/dutchhealthstore.com\/de\/#website\"},\"primaryImageOfPage\":{\"@id\":\"https:\/\/dutchhealthstore.com\/de\/product\/musk-mallow-seed-essential-oil\/#primaryimage\"},\"image\":{\"@id\":\"https:\/\/dutchhealthstore.com\/de\/product\/musk-mallow-seed-essential-oil\/#primaryimage\"},\"thumbnailUrl\":\"https:\/\/dutchhealthstore.com\/wp-content\/uploads\/2018\/02\/2025-04-15-13_32_21-Musk-Mallow-Essential-Oil-\u2013-Living-Libations-INT.jpg\",\"datePublished\":\"2018-02-10T18:55:05+00:00\",\"dateModified\":\"2025-10-28T10:31:27+00:00\",\"description\":\"Dieses uralte Elixier stammt aus Indien, wo es durch Wildsammlung und CO2-Extraktion gewonnen wird, um die nat\u00fcrlichen Kr\u00e4fte der Moschusduft-Samen der Pflanze zu erhalten.\",\"breadcrumb\":{\"@id\":\"https:\/\/dutchhealthstore.com\/de\/product\/musk-mallow-seed-essential-oil\/#breadcrumb\"},\"inLanguage\":\"de\",\"potentialAction\":[{\"@type\":\"ReadAction\",\"target\":[\"https:\/\/dutchhealthstore.com\/de\/product\/musk-mallow-seed-essential-oil\/\"]}]},{\"@type\":\"ImageObject\",\"inLanguage\":\"de\",\"@id\":\"https:\/\/dutchhealthstore.com\/de\/product\/musk-mallow-seed-essential-oil\/#primaryimage\",\"url\":\"https:\/\/dutchhealthstore.com\/wp-content\/uploads\/2018\/02\/2025-04-15-13_32_21-Musk-Mallow-Essential-Oil-\u2013-Living-Libations-INT.jpg\",\"contentUrl\":\"https:\/\/dutchhealthstore.com\/wp-content\/uploads\/2018\/02\/2025-04-15-13_32_21-Musk-Mallow-Essential-Oil-\u2013-Living-Libations-INT.jpg\",\"width\":530,\"height\":530},{\"@type\":\"BreadcrumbList\",\"@id\":\"https:\/\/dutchhealthstore.com\/de\/product\/musk-mallow-seed-essential-oil\/#breadcrumb\",\"itemListElement\":[{\"@type\":\"ListItem\",\"position\":1,\"name\":\"Home\",\"item\":\"https:\/\/dutchhealthstore.com\/de\/\"},{\"@type\":\"ListItem\",\"position\":2,\"name\":\"Shop\",\"item\":\"https:\/\/dutchhealthstore.com\/de\/shop-2\/\"},{\"@type\":\"ListItem\",\"position\":3,\"name\":\"Musk Mallow Essential Oil\"}]},{\"@type\":\"WebSite\",\"@id\":\"https:\/\/dutchhealthstore.com\/de\/#website\",\"url\":\"https:\/\/dutchhealthstore.com\/de\/\",\"name\":\"Dutch Health Store\",\"description\":\"Enhance Your Beauty with Organic &amp; Natural Skincare\",\"publisher\":{\"@id\":\"https:\/\/dutchhealthstore.com\/de\/#organization\"},\"potentialAction\":[{\"@type\":\"SearchAction\",\"target\":{\"@type\":\"EntryPoint\",\"urlTemplate\":\"https:\/\/dutchhealthstore.com\/de\/?s={search_term_string}\"},\"query-input\":{\"@type\":\"PropertyValueSpecification\",\"valueRequired\":true,\"valueName\":\"search_term_string\"}}],\"inLanguage\":\"de\"},{\"@type\":\"Organization\",\"@id\":\"https:\/\/dutchhealthstore.com\/de\/#organization\",\"name\":\"Dutch Health Store\",\"url\":\"https:\/\/dutchhealthstore.com\/de\/\",\"logo\":{\"@type\":\"ImageObject\",\"inLanguage\":\"de\",\"@id\":\"https:\/\/dutchhealthstore.com\/de\/#\/schema\/logo\/image\/\",\"url\":\"https:\/\/dutchhealthstore.com\/wp-content\/uploads\/2020\/08\/logo-dutchhealthstore-jpg-e1599484957574.jpg\",\"contentUrl\":\"https:\/\/dutchhealthstore.com\/wp-content\/uploads\/2020\/08\/logo-dutchhealthstore-jpg-e1599484957574.jpg\",\"width\":400,\"height\":62,\"caption\":\"Dutch Health Store\"},\"image\":{\"@id\":\"https:\/\/dutchhealthstore.com\/de\/#\/schema\/logo\/image\/\"},\"sameAs\":[\"https:\/\/www.instagram.com\/dutchhealthstore\/\",\"https:\/\/www.facebook.com\/dutchhealthstore\"]}]}<\/script>\n<meta property=\"product:brand\" content=\"Living Libations\" \/>\n<meta property=\"og:availability\" content=\"instock\" \/>\n<meta property=\"product:availability\" content=\"instock\" \/>\n<meta property=\"product:condition\" content=\"new\" \/>\n<!-- \/ Yoast SEO Premium plugin. -->","yoast_head_json":{"title":"Musk Mallow Seed Essential Oil | Living Libations","description":"Dieses uralte Elixier stammt aus Indien, wo es durch Wildsammlung und CO2-Extraktion gewonnen wird, um die nat\u00fcrlichen Kr\u00e4fte der Moschusduft-Samen der Pflanze zu erhalten.","robots":{"index":"index","follow":"follow","max-snippet":"max-snippet:-1","max-image-preview":"max-image-preview:large","max-video-preview":"max-video-preview:-1"},"canonical":"https:\/\/dutchhealthstore.com\/de\/product\/musk-mallow-seed-essential-oil\/","og_locale":"de_DE","og_type":"article","og_title":"Musk Mallow Essential Oil - Dutch Health Store","og_description":"Dieses uralte Elixier stammt aus Indien, wo es durch Wildsammlung und CO2-Extraktion gewonnen wird, um die nat\u00fcrlichen Kr\u00e4fte der Moschusduft-Samen der Pflanze zu erhalten.","og_url":"https:\/\/dutchhealthstore.com\/de\/product\/musk-mallow-seed-essential-oil\/","og_site_name":"Dutch Health Store","article_publisher":"https:\/\/www.instagram.com\/dutchhealthstore\/","article_modified_time":"2025-10-28T10:31:27+00:00","og_image":[{"width":500,"height":500,"url":"https:\/\/dutchhealthstore.com\/wp-content\/uploads\/2018\/02\/Living-Libations-Musk-Mallow-Essential-Oil.jpg","type":"image\/jpeg"}],"twitter_card":"summary_large_image","twitter_misc":{"Verf\u00fcgbarkeit":"Auf Lager"},"schema":{"@context":"https:\/\/schema.org","@graph":[{"@type":"WebPage","@id":"https:\/\/dutchhealthstore.com\/de\/product\/musk-mallow-seed-essential-oil\/","url":"https:\/\/dutchhealthstore.com\/de\/product\/musk-mallow-seed-essential-oil\/","name":"Musk Mallow Seed Essential Oil | Living Libations","isPartOf":{"@id":"https:\/\/dutchhealthstore.com\/de\/#website"},"primaryImageOfPage":{"@id":"https:\/\/dutchhealthstore.com\/de\/product\/musk-mallow-seed-essential-oil\/#primaryimage"},"image":{"@id":"https:\/\/dutchhealthstore.com\/de\/product\/musk-mallow-seed-essential-oil\/#primaryimage"},"thumbnailUrl":"https:\/\/dutchhealthstore.com\/wp-content\/uploads\/2018\/02\/2025-04-15-13_32_21-Musk-Mallow-Essential-Oil-\u2013-Living-Libations-INT.jpg","datePublished":"2018-02-10T18:55:05+00:00","dateModified":"2025-10-28T10:31:27+00:00","description":"Dieses uralte Elixier stammt aus Indien, wo es durch Wildsammlung und CO2-Extraktion gewonnen wird, um die nat\u00fcrlichen Kr\u00e4fte der Moschusduft-Samen der Pflanze zu erhalten.","breadcrumb":{"@id":"https:\/\/dutchhealthstore.com\/de\/product\/musk-mallow-seed-essential-oil\/#breadcrumb"},"inLanguage":"de","potentialAction":[{"@type":"ReadAction","target":["https:\/\/dutchhealthstore.com\/de\/product\/musk-mallow-seed-essential-oil\/"]}]},{"@type":"ImageObject","inLanguage":"de","@id":"https:\/\/dutchhealthstore.com\/de\/product\/musk-mallow-seed-essential-oil\/#primaryimage","url":"https:\/\/dutchhealthstore.com\/wp-content\/uploads\/2018\/02\/2025-04-15-13_32_21-Musk-Mallow-Essential-Oil-\u2013-Living-Libations-INT.jpg","contentUrl":"https:\/\/dutchhealthstore.com\/wp-content\/uploads\/2018\/02\/2025-04-15-13_32_21-Musk-Mallow-Essential-Oil-\u2013-Living-Libations-INT.jpg","width":530,"height":530},{"@type":"BreadcrumbList","@id":"https:\/\/dutchhealthstore.com\/de\/product\/musk-mallow-seed-essential-oil\/#breadcrumb","itemListElement":[{"@type":"ListItem","position":1,"name":"Home","item":"https:\/\/dutchhealthstore.com\/de\/"},{"@type":"ListItem","position":2,"name":"Shop","item":"https:\/\/dutchhealthstore.com\/de\/shop-2\/"},{"@type":"ListItem","position":3,"name":"Musk Mallow Essential Oil"}]},{"@type":"WebSite","@id":"https:\/\/dutchhealthstore.com\/de\/#website","url":"https:\/\/dutchhealthstore.com\/de\/","name":"Dutch Health Store","description":"Enhance Your Beauty with Organic &amp; Natural Skincare","publisher":{"@id":"https:\/\/dutchhealthstore.com\/de\/#organization"},"potentialAction":[{"@type":"SearchAction","target":{"@type":"EntryPoint","urlTemplate":"https:\/\/dutchhealthstore.com\/de\/?s={search_term_string}"},"query-input":{"@type":"PropertyValueSpecification","valueRequired":true,"valueName":"search_term_string"}}],"inLanguage":"de"},{"@type":"Organization","@id":"https:\/\/dutchhealthstore.com\/de\/#organization","name":"Dutch Health Store","url":"https:\/\/dutchhealthstore.com\/de\/","logo":{"@type":"ImageObject","inLanguage":"de","@id":"https:\/\/dutchhealthstore.com\/de\/#\/schema\/logo\/image\/","url":"https:\/\/dutchhealthstore.com\/wp-content\/uploads\/2020\/08\/logo-dutchhealthstore-jpg-e1599484957574.jpg","contentUrl":"https:\/\/dutchhealthstore.com\/wp-content\/uploads\/2020\/08\/logo-dutchhealthstore-jpg-e1599484957574.jpg","width":400,"height":62,"caption":"Dutch Health Store"},"image":{"@id":"https:\/\/dutchhealthstore.com\/de\/#\/schema\/logo\/image\/"},"sameAs":["https:\/\/www.instagram.com\/dutchhealthstore\/","https:\/\/www.facebook.com\/dutchhealthstore"]}]},"product_brand":"Living Libations","og_availability":"instock","product_availability":"instock","product_condition":"new"},"_links":{"self":[{"href":"https:\/\/dutchhealthstore.com\/de\/wp-json\/wp\/v2\/product\/121366","targetHints":{"allow":["GET"]}}],"collection":[{"href":"https:\/\/dutchhealthstore.com\/de\/wp-json\/wp\/v2\/product"}],"about":[{"href":"https:\/\/dutchhealthstore.com\/de\/wp-json\/wp\/v2\/types\/product"}],"replies":[{"embeddable":true,"href":"https:\/\/dutchhealthstore.com\/de\/wp-json\/wp\/v2\/comments?post=121366"}],"wp:featuredmedia":[{"embeddable":true,"href":"https:\/\/dutchhealthstore.com\/de\/wp-json\/wp\/v2\/media\/337397"}],"wp:attachment":[{"href":"https:\/\/dutchhealthstore.com\/de\/wp-json\/wp\/v2\/media?parent=121366"}],"wp:term":[{"taxonomy":"product_brand","embeddable":true,"href":"https:\/\/dutchhealthstore.com\/de\/wp-json\/wp\/v2\/product_brand?post=121366"},{"taxonomy":"product_cat","embeddable":true,"href":"https:\/\/dutchhealthstore.com\/de\/wp-json\/wp\/v2\/product_cat?post=121366"},{"taxonomy":"product_tag","embeddable":true,"href":"https:\/\/dutchhealthstore.com\/de\/wp-json\/wp\/v2\/product_tag?post=121366"}],"curies":[{"name":"wp","href":"https:\/\/api.w.org\/{rel}","templated":true}]}}