{"id":121336,"date":"2020-07-14T12:47:57","date_gmt":"2020-07-14T10:47:57","guid":{"rendered":"https:\/\/dutchhealthstore.com\/product\/moena-essential-oil\/"},"modified":"2025-04-07T12:09:07","modified_gmt":"2025-04-07T10:09:07","slug":"moena-essential-oil","status":"publish","type":"product","link":"https:\/\/dutchhealthstore.com\/de\/product\/moena-essential-oil\/","title":{"rendered":"Moena Essential Oil"},"content":{"rendered":"<p><strong><img decoding=\"async\" class=\"size-full wp-image-69549 alignright\" src=\"https:\/\/dutchhealthstore.com\/wp-content\/uploads\/2019\/08\/NEW-Living-Libations-Logo.jpg\" alt=\"NEW - Living Libations - Logo\" width=\"175\" height=\"82\">Botanischer Name:<\/strong> Endlicheria metallica<br \/>\n<strong>Botanische Familie:<\/strong> Lauraceae<br \/>\n<strong>Extraktionsverfahren:<\/strong> Dampfdestilliert<br \/>\n<strong>Teil der Pflanze Destilliert:<\/strong> Zweige und Bl\u00e4tter<br \/>\n<strong>Herkunftsland:<\/strong> Peru<br \/>\n<strong>Anbaumethode:<\/strong> Aufforstung<br \/>\n<strong>Zusammensetzung:<\/strong> 100% Endlicheria metallica<br \/>\n<strong>Konsistenz:<\/strong> D\u00fcnn<\/p>\n<h3>Beschreibung des Duftes<\/h3>\n<p>Sanfter, k\u00fchlender Kampfer, umh\u00fcllt von erdigem Gr\u00fcn.<\/p>\n<h3>Gut mischbar mit<\/h3>\n<p>Sandelholz, Weihrauch, Bergamotte, Rose, Palo Santo, Lavendel, Majoran und Rainfarn.<\/p>\n<a href=\"https:\/\/dutchhealthstore.com\/wp-content\/uploads\/2020\/07\/ANALYSIS-Moena-Essential-Oil-Living-Libations-1.pdf\" class=\"button primary is-primary is-small\"  >\n\t\t<span> ANALYSE &gt;<\/span>\n\t<\/a>\n\n<h3>Verwendet<\/h3>\n<p>Ein paar Tropfen auf das Bad; verd\u00fcnnen und zur Massage verwenden. In der Salzpfeife inhalieren oder in einen Diffusor geben.<\/p>\n<p>Dieses seltene \u00e4therische \u00d6l, das in der Region als Moena Alcanforada oder Camphorated Moena bekannt ist, wird von den Eingeborenen des Amazonasgebiets und den Einheimischen von Madre de Dios wegen seiner k\u00fchlenden und beruhigenden Eigenschaften verwendet.<\/p>\n<p>Es gibt viele verschiedene Arten von Moena-B\u00e4umen, die alle aus der botanischen Familie der Lauraceae stammen. Zu dieser Familie geh\u00f6rt auch das brasilianische Rosenholz, das in Peru aufgrund seiner Beliebtheit in der Parf\u00fcmindustrie und seiner Verwendung in Parf\u00fcms wie Chanel No. 5 stark \u00fcberkultiviert wurde.<\/p>\n<p>Bei der Erforschung von Moena als Rosenholz-Alternative stellte unser Destillateur fest, dass Moena dem Rosenholz in Bezug auf Duft und Selbstpflegevorteile sehr \u00e4hnlich ist, aber nicht die gleichen \u00f6kologischen und \u00f6kologischen Gefahren wie Rosenholz birgt. Tats\u00e4chlich hat der bewusste Anbau von Moena-B\u00e4umen in Madre de Dios der lokalen Wirtschaft und der \u00d6kologie geholfen.<\/p>\n<p>Im Jahr 2010 pflanzte unsere Brennerei 500 Moena Alcanforada-B\u00e4ume im Rahmen einer Aufforstungsaktion, die inzwischen die gr\u00f6\u00dfte ihrer Art auf der Welt ist. Dar\u00fcber hinaus arbeiten sie mit der lokalen Gemeinschaft zusammen, um den Bauern beizubringen, wie sie die Baumpflanzung durch Nicht-Holz-Waldprodukte wie die Destillation \u00e4therischer \u00d6le zu Geld machen k\u00f6nnen. Dank dieses Projekts ist es heute rentabler, B\u00e4ume zu pflanzen, als sie zu f\u00e4llen &#8211; eine Tatsache, die sich auf wundersame Weise harmonisierend auf den lokalen Regenwald auswirkt.<\/p>\n<p>Eine einzige Flasche Moena Essential oil unterst\u00fctzt eine gesunde Umwelt und ein gesundes \u00d6kosystem, bewahrt den Regenwald in Peru und bietet den Einheimischen eine nachhaltige M\u00f6glichkeit, durch das Pflanzen von B\u00e4umen und die Destillation von \u00e4therischem \u00d6l Geld zu verdienen.<\/p>\n<p>Es gibt viele Arten von Moena-B\u00e4umen in dieser Familie, und alle werden von den Einheimischen wegen ihres k\u00f6stlichen Dufts und ihres wertvollen Holzes gesch\u00e4tzt. Dazu geh\u00f6ren Zimt, Anis, Avocado und gelbes Moena sowie der k\u00fchlende Kampfer von Moena Alcanforada. Es war diese besondere Art, die unseren Brenner in erster Linie wegen ihrer wohltuenden Wirkung auf die Selbstpflege ansprach. Moena-\u00d6l wird auch verwendet, um Klarheit zu schaffen und Sorgen zu beseitigen.<\/p>\n<p><strong>Gr\u00f6\u00dfe: 5 ml und 15 ml<\/strong><\/p>\n<h3>Bio-Zutaten<\/h3>\n<p>100% \u00e4therisches Moena-\u00d6l (Endlicheria metallica).<\/p>\n<p><img fetchpriority=\"high\" decoding=\"async\" class=\"size-medium wp-image-68103 aligncenter\" src=\"https:\/\/dutchhealthstore.com\/wp-content\/uploads\/2018\/02\/Living-Libations-Organic-Logo-800x89.png\" alt=\"Living Libations - Organic Logo\" width=\"800\" height=\"89\" srcset=\"https:\/\/dutchhealthstore.com\/wp-content\/uploads\/2018\/02\/Living-Libations-Organic-Logo-800x89.png 800w, https:\/\/dutchhealthstore.com\/wp-content\/uploads\/2018\/02\/Living-Libations-Organic-Logo-510x57.png 510w, https:\/\/dutchhealthstore.com\/wp-content\/uploads\/2018\/02\/Living-Libations-Organic-Logo-768x85.png 768w, https:\/\/dutchhealthstore.com\/wp-content\/uploads\/2018\/02\/Living-Libations-Organic-Logo.png 1400w\" sizes=\"(max-width: 800px) 100vw, 800px\" \/><\/p>\n","protected":false},"excerpt":{"rendered":"<p>Living Libations <strong>Moena Essential Oil<\/strong> ist ein \u00e4u\u00dferst seltener Fund aus dem peruanischen Amazonasgebiet.<br \/>\nDieses elegante \u00e4therische \u00d6l, das \u00e4hnlich wie brasilianisches Rosenholz duftet, wird aus B\u00e4umen destilliert, die Teil eines bahnbrechenden Wiederaufforstungsprojekts in Madre de Dios sind.<br \/>\nUnsere Brennerei ist die einzige auf der Welt, die derzeit diese besondere Art des Moena-Baums destilliert, was dieses \u00d6l nicht nur zu einer Neuheit in der Aromatherapie macht, sondern auch zu einem seltenen Fund und kostbaren Pflanzenparf\u00fcm.<\/p>\n","protected":false},"featured_media":337465,"comment_status":"open","ping_status":"closed","template":"","meta":[],"product_brand":[],"product_cat":[6737,1508,1546,1493,1210,6736],"product_tag":[1547],"class_list":{"0":"post-121336","1":"product","2":"type-product","3":"status-publish","4":"has-post-thumbnail","6":"product_cat-essential-oils-de-2","7":"product_cat-aetherische-oele-living-libations","8":"product_cat-essential-oils-living-libations-de","9":"product_cat-living-libations-deutschland","10":"product_cat-marken","11":"product_cat-wellness-de","12":"product_tag-essential-oil-de","13":"pa_brand-livinglibations-de","14":"pa_essential-oils-product-type-essential-oils-de","15":"pa_size-5-ml-de","16":"pa_size-15-ml-de-2","18":"first","19":"instock","20":"taxable","21":"shipping-taxable","22":"purchasable","23":"product-type-variable"},"bundled_by":[],"bundle_stock_status":"instock","bundle_stock_quantity":null,"bundle_virtual":false,"bundle_layout":"","bundle_add_to_cart_form_location":"","bundle_editable_in_cart":false,"bundle_sold_individually_context":"","bundle_item_grouping":"","bundle_min_size":"","bundle_max_size":"","bundle_price":[],"bundled_items":[],"bundle_sell_ids":[],"atum_controlled":true,"out_stock_date":null,"out_stock_threshold":null,"inheritable":true,"stock_on_hold":0,"sold_today":0,"sales_last_days":0,"out_stock_days":0,"lost_sales":0,"update_date":"2026-04-10T09:01:04","atum_locations":[],"atum_stock_status":"instock","restock_status":false,"low_stock_amount":"","sales_update_date":"2026-04-10T09:01:04","calc_backorders":null,"group_of_quantity":0,"min_quantity":0,"max_quantity":"","exclude_order_quantity_value_rules":"no","exclude_category_quantity_rules":"no","combine_variations":"no","yoast_head":"<!-- This site is optimized with the Yoast SEO Premium plugin v26.5 (Yoast SEO v26.5) - https:\/\/yoast.com\/wordpress\/plugins\/seo\/ -->\n<title>Moena Essential Oil | Living Libations<\/title>\n<meta name=\"description\" content=\"Dieses elegante \u00e4therische \u00d6l wird aus B\u00e4umen destilliert, die Teil eines bahnbrechenden Wiederaufforstungsprojekts in Madre de Dios sind.\" \/>\n<meta name=\"robots\" content=\"index, follow, max-snippet:-1, max-image-preview:large, max-video-preview:-1\" \/>\n<link rel=\"canonical\" href=\"https:\/\/dutchhealthstore.com\/de\/product\/moena-essential-oil\/\" \/>\n<meta property=\"og:locale\" content=\"de_DE\" \/>\n<meta property=\"og:type\" content=\"article\" \/>\n<meta property=\"og:title\" content=\"Moena Essential Oil - Dutch Health Store\" \/>\n<meta property=\"og:description\" content=\"Dieses elegante \u00e4therische \u00d6l wird aus B\u00e4umen destilliert, die Teil eines bahnbrechenden Wiederaufforstungsprojekts in Madre de Dios sind.\" \/>\n<meta property=\"og:url\" content=\"https:\/\/dutchhealthstore.com\/de\/product\/moena-essential-oil\/\" \/>\n<meta property=\"og:site_name\" content=\"Dutch Health Store\" \/>\n<meta property=\"article:publisher\" content=\"https:\/\/www.instagram.com\/dutchhealthstore\/\" \/>\n<meta property=\"article:modified_time\" content=\"2025-04-07T10:09:07+00:00\" \/>\n<meta property=\"og:image\" content=\"https:\/\/dutchhealthstore.com\/wp-content\/uploads\/2020\/07\/Living-Libations-Moena-Essential-Oil.jpg\" \/>\n\t<meta property=\"og:image:width\" content=\"500\" \/>\n\t<meta property=\"og:image:height\" content=\"500\" \/>\n\t<meta property=\"og:image:type\" content=\"image\/jpeg\" \/>\n<meta name=\"twitter:card\" content=\"summary_large_image\" \/>\n<meta name=\"twitter:label1\" content=\"Verf\u00fcgbarkeit\" \/>\n\t<meta name=\"twitter:data1\" content=\"Auf Lager\" \/>\n<script type=\"application\/ld+json\" class=\"yoast-schema-graph\">{\"@context\":\"https:\/\/schema.org\",\"@graph\":[{\"@type\":\"WebPage\",\"@id\":\"https:\/\/dutchhealthstore.com\/de\/product\/moena-essential-oil\/\",\"url\":\"https:\/\/dutchhealthstore.com\/de\/product\/moena-essential-oil\/\",\"name\":\"Moena Essential Oil | Living Libations\",\"isPartOf\":{\"@id\":\"https:\/\/dutchhealthstore.com\/de\/#website\"},\"primaryImageOfPage\":{\"@id\":\"https:\/\/dutchhealthstore.com\/de\/product\/moena-essential-oil\/#primaryimage\"},\"image\":{\"@id\":\"https:\/\/dutchhealthstore.com\/de\/product\/moena-essential-oil\/#primaryimage\"},\"thumbnailUrl\":\"https:\/\/dutchhealthstore.com\/wp-content\/uploads\/2020\/07\/2025-04-15-13_43_00-Moena-Essential-Oil-\u2013-Living-Libations-INT.jpg\",\"datePublished\":\"2020-07-14T10:47:57+00:00\",\"dateModified\":\"2025-04-07T10:09:07+00:00\",\"description\":\"Dieses elegante \u00e4therische \u00d6l wird aus B\u00e4umen destilliert, die Teil eines bahnbrechenden Wiederaufforstungsprojekts in Madre de Dios sind.\",\"breadcrumb\":{\"@id\":\"https:\/\/dutchhealthstore.com\/de\/product\/moena-essential-oil\/#breadcrumb\"},\"inLanguage\":\"de\",\"potentialAction\":[{\"@type\":\"ReadAction\",\"target\":[\"https:\/\/dutchhealthstore.com\/de\/product\/moena-essential-oil\/\"]}]},{\"@type\":\"ImageObject\",\"inLanguage\":\"de\",\"@id\":\"https:\/\/dutchhealthstore.com\/de\/product\/moena-essential-oil\/#primaryimage\",\"url\":\"https:\/\/dutchhealthstore.com\/wp-content\/uploads\/2020\/07\/2025-04-15-13_43_00-Moena-Essential-Oil-\u2013-Living-Libations-INT.jpg\",\"contentUrl\":\"https:\/\/dutchhealthstore.com\/wp-content\/uploads\/2020\/07\/2025-04-15-13_43_00-Moena-Essential-Oil-\u2013-Living-Libations-INT.jpg\",\"width\":530,\"height\":530},{\"@type\":\"BreadcrumbList\",\"@id\":\"https:\/\/dutchhealthstore.com\/de\/product\/moena-essential-oil\/#breadcrumb\",\"itemListElement\":[{\"@type\":\"ListItem\",\"position\":1,\"name\":\"Home\",\"item\":\"https:\/\/dutchhealthstore.com\/de\/\"},{\"@type\":\"ListItem\",\"position\":2,\"name\":\"Shop\",\"item\":\"https:\/\/dutchhealthstore.com\/de\/shop-2\/\"},{\"@type\":\"ListItem\",\"position\":3,\"name\":\"Moena Essential Oil\"}]},{\"@type\":\"WebSite\",\"@id\":\"https:\/\/dutchhealthstore.com\/de\/#website\",\"url\":\"https:\/\/dutchhealthstore.com\/de\/\",\"name\":\"Dutch Health Store\",\"description\":\"Enhance Your Beauty with Organic &amp; Natural Skincare\",\"publisher\":{\"@id\":\"https:\/\/dutchhealthstore.com\/de\/#organization\"},\"potentialAction\":[{\"@type\":\"SearchAction\",\"target\":{\"@type\":\"EntryPoint\",\"urlTemplate\":\"https:\/\/dutchhealthstore.com\/de\/?s={search_term_string}\"},\"query-input\":{\"@type\":\"PropertyValueSpecification\",\"valueRequired\":true,\"valueName\":\"search_term_string\"}}],\"inLanguage\":\"de\"},{\"@type\":\"Organization\",\"@id\":\"https:\/\/dutchhealthstore.com\/de\/#organization\",\"name\":\"Dutch Health Store\",\"url\":\"https:\/\/dutchhealthstore.com\/de\/\",\"logo\":{\"@type\":\"ImageObject\",\"inLanguage\":\"de\",\"@id\":\"https:\/\/dutchhealthstore.com\/de\/#\/schema\/logo\/image\/\",\"url\":\"https:\/\/dutchhealthstore.com\/wp-content\/uploads\/2020\/08\/logo-dutchhealthstore-jpg-e1599484957574.jpg\",\"contentUrl\":\"https:\/\/dutchhealthstore.com\/wp-content\/uploads\/2020\/08\/logo-dutchhealthstore-jpg-e1599484957574.jpg\",\"width\":400,\"height\":62,\"caption\":\"Dutch Health Store\"},\"image\":{\"@id\":\"https:\/\/dutchhealthstore.com\/de\/#\/schema\/logo\/image\/\"},\"sameAs\":[\"https:\/\/www.instagram.com\/dutchhealthstore\/\",\"https:\/\/www.facebook.com\/dutchhealthstore\"]}]}<\/script>\n<meta property=\"product:brand\" content=\"Living Libations\" \/>\n<meta property=\"og:availability\" content=\"instock\" \/>\n<meta property=\"product:availability\" content=\"instock\" \/>\n<meta property=\"product:condition\" content=\"new\" \/>\n<!-- \/ Yoast SEO Premium plugin. -->","yoast_head_json":{"title":"Moena Essential Oil | Living Libations","description":"Dieses elegante \u00e4therische \u00d6l wird aus B\u00e4umen destilliert, die Teil eines bahnbrechenden Wiederaufforstungsprojekts in Madre de Dios sind.","robots":{"index":"index","follow":"follow","max-snippet":"max-snippet:-1","max-image-preview":"max-image-preview:large","max-video-preview":"max-video-preview:-1"},"canonical":"https:\/\/dutchhealthstore.com\/de\/product\/moena-essential-oil\/","og_locale":"de_DE","og_type":"article","og_title":"Moena Essential Oil - Dutch Health Store","og_description":"Dieses elegante \u00e4therische \u00d6l wird aus B\u00e4umen destilliert, die Teil eines bahnbrechenden Wiederaufforstungsprojekts in Madre de Dios sind.","og_url":"https:\/\/dutchhealthstore.com\/de\/product\/moena-essential-oil\/","og_site_name":"Dutch Health Store","article_publisher":"https:\/\/www.instagram.com\/dutchhealthstore\/","article_modified_time":"2025-04-07T10:09:07+00:00","og_image":[{"width":500,"height":500,"url":"https:\/\/dutchhealthstore.com\/wp-content\/uploads\/2020\/07\/Living-Libations-Moena-Essential-Oil.jpg","type":"image\/jpeg"}],"twitter_card":"summary_large_image","twitter_misc":{"Verf\u00fcgbarkeit":"Auf Lager"},"schema":{"@context":"https:\/\/schema.org","@graph":[{"@type":"WebPage","@id":"https:\/\/dutchhealthstore.com\/de\/product\/moena-essential-oil\/","url":"https:\/\/dutchhealthstore.com\/de\/product\/moena-essential-oil\/","name":"Moena Essential Oil | Living Libations","isPartOf":{"@id":"https:\/\/dutchhealthstore.com\/de\/#website"},"primaryImageOfPage":{"@id":"https:\/\/dutchhealthstore.com\/de\/product\/moena-essential-oil\/#primaryimage"},"image":{"@id":"https:\/\/dutchhealthstore.com\/de\/product\/moena-essential-oil\/#primaryimage"},"thumbnailUrl":"https:\/\/dutchhealthstore.com\/wp-content\/uploads\/2020\/07\/2025-04-15-13_43_00-Moena-Essential-Oil-\u2013-Living-Libations-INT.jpg","datePublished":"2020-07-14T10:47:57+00:00","dateModified":"2025-04-07T10:09:07+00:00","description":"Dieses elegante \u00e4therische \u00d6l wird aus B\u00e4umen destilliert, die Teil eines bahnbrechenden Wiederaufforstungsprojekts in Madre de Dios sind.","breadcrumb":{"@id":"https:\/\/dutchhealthstore.com\/de\/product\/moena-essential-oil\/#breadcrumb"},"inLanguage":"de","potentialAction":[{"@type":"ReadAction","target":["https:\/\/dutchhealthstore.com\/de\/product\/moena-essential-oil\/"]}]},{"@type":"ImageObject","inLanguage":"de","@id":"https:\/\/dutchhealthstore.com\/de\/product\/moena-essential-oil\/#primaryimage","url":"https:\/\/dutchhealthstore.com\/wp-content\/uploads\/2020\/07\/2025-04-15-13_43_00-Moena-Essential-Oil-\u2013-Living-Libations-INT.jpg","contentUrl":"https:\/\/dutchhealthstore.com\/wp-content\/uploads\/2020\/07\/2025-04-15-13_43_00-Moena-Essential-Oil-\u2013-Living-Libations-INT.jpg","width":530,"height":530},{"@type":"BreadcrumbList","@id":"https:\/\/dutchhealthstore.com\/de\/product\/moena-essential-oil\/#breadcrumb","itemListElement":[{"@type":"ListItem","position":1,"name":"Home","item":"https:\/\/dutchhealthstore.com\/de\/"},{"@type":"ListItem","position":2,"name":"Shop","item":"https:\/\/dutchhealthstore.com\/de\/shop-2\/"},{"@type":"ListItem","position":3,"name":"Moena Essential Oil"}]},{"@type":"WebSite","@id":"https:\/\/dutchhealthstore.com\/de\/#website","url":"https:\/\/dutchhealthstore.com\/de\/","name":"Dutch Health Store","description":"Enhance Your Beauty with Organic &amp; Natural Skincare","publisher":{"@id":"https:\/\/dutchhealthstore.com\/de\/#organization"},"potentialAction":[{"@type":"SearchAction","target":{"@type":"EntryPoint","urlTemplate":"https:\/\/dutchhealthstore.com\/de\/?s={search_term_string}"},"query-input":{"@type":"PropertyValueSpecification","valueRequired":true,"valueName":"search_term_string"}}],"inLanguage":"de"},{"@type":"Organization","@id":"https:\/\/dutchhealthstore.com\/de\/#organization","name":"Dutch Health Store","url":"https:\/\/dutchhealthstore.com\/de\/","logo":{"@type":"ImageObject","inLanguage":"de","@id":"https:\/\/dutchhealthstore.com\/de\/#\/schema\/logo\/image\/","url":"https:\/\/dutchhealthstore.com\/wp-content\/uploads\/2020\/08\/logo-dutchhealthstore-jpg-e1599484957574.jpg","contentUrl":"https:\/\/dutchhealthstore.com\/wp-content\/uploads\/2020\/08\/logo-dutchhealthstore-jpg-e1599484957574.jpg","width":400,"height":62,"caption":"Dutch Health Store"},"image":{"@id":"https:\/\/dutchhealthstore.com\/de\/#\/schema\/logo\/image\/"},"sameAs":["https:\/\/www.instagram.com\/dutchhealthstore\/","https:\/\/www.facebook.com\/dutchhealthstore"]}]},"product_brand":"Living Libations","og_availability":"instock","product_availability":"instock","product_condition":"new"},"_links":{"self":[{"href":"https:\/\/dutchhealthstore.com\/de\/wp-json\/wp\/v2\/product\/121336","targetHints":{"allow":["GET"]}}],"collection":[{"href":"https:\/\/dutchhealthstore.com\/de\/wp-json\/wp\/v2\/product"}],"about":[{"href":"https:\/\/dutchhealthstore.com\/de\/wp-json\/wp\/v2\/types\/product"}],"replies":[{"embeddable":true,"href":"https:\/\/dutchhealthstore.com\/de\/wp-json\/wp\/v2\/comments?post=121336"}],"wp:featuredmedia":[{"embeddable":true,"href":"https:\/\/dutchhealthstore.com\/de\/wp-json\/wp\/v2\/media\/337465"}],"wp:attachment":[{"href":"https:\/\/dutchhealthstore.com\/de\/wp-json\/wp\/v2\/media?parent=121336"}],"wp:term":[{"taxonomy":"product_brand","embeddable":true,"href":"https:\/\/dutchhealthstore.com\/de\/wp-json\/wp\/v2\/product_brand?post=121336"},{"taxonomy":"product_cat","embeddable":true,"href":"https:\/\/dutchhealthstore.com\/de\/wp-json\/wp\/v2\/product_cat?post=121336"},{"taxonomy":"product_tag","embeddable":true,"href":"https:\/\/dutchhealthstore.com\/de\/wp-json\/wp\/v2\/product_tag?post=121336"}],"curies":[{"name":"wp","href":"https:\/\/api.w.org\/{rel}","templated":true}]}}