{"id":121249,"date":"2020-07-14T12:10:56","date_gmt":"2020-07-14T10:10:56","guid":{"rendered":"https:\/\/dutchhealthstore.com\/product\/melissa-essential-oil\/"},"modified":"2025-11-25T13:11:54","modified_gmt":"2025-11-25T12:11:54","slug":"melissa-essential-oil","status":"publish","type":"product","link":"https:\/\/dutchhealthstore.com\/de\/product\/melissa-essential-oil\/","title":{"rendered":"Melissa Essential Oil"},"content":{"rendered":"<p><strong><img decoding=\"async\" class=\"size-full wp-image-69549 alignright\" src=\"https:\/\/dutchhealthstore.com\/wp-content\/uploads\/2019\/08\/NEW-Living-Libations-Logo.jpg\" alt=\"NEW - Living Libations - Logo\" width=\"175\" height=\"82\">Botanischer Name:<\/strong> Melissa officinalis<br \/>\n<strong>Botanische Familie:<\/strong> Lamiaceae<br \/>\n<strong>Extraktionsverfahren:<\/strong> Dampfdestilliert<br \/>\n<strong>Teil der Pflanze Destilliert:<\/strong> Bl\u00fcten<br \/>\n<strong>Herkunftsland:<\/strong> Bulgarien<br \/>\n<strong>Anbaumethode:<\/strong> Bio<br \/>\n<strong>Zusammensetzung:<\/strong> 100% Melissa officinalis<br \/>\n<strong>Konsistenz:<\/strong> D\u00fcnnfl\u00fcssig bis mittelviskos<\/p>\n<h3>Beschreibung des Duftes<\/h3>\n<p>Mild, s\u00fc\u00df und zitronig frisch, wie ein bescheidener Obstgartenspaziergang an einem schw\u00fclen Sommernachmittag.<\/p>\n<h3>Gut mischbar mit<\/h3>\n<p>Neroli, Rose Otto, Geranium, Ylang, Zitronenverbene, Jasmin, Bergamotte, Douglasie, Weihrauch, Zitrone, Palo Santo, Gr\u00f6nlandmoos, Blutorange, Wacholder, Zypresse und Rosmarin.<\/p>\n<a href=\"https:\/\/dutchhealthstore.com\/wp-content\/uploads\/2020\/07\/ANALYSIS-Melissa-Essential-Oil-Living-Libations.pdf\" class=\"button primary is-primary is-small\"  >\n\t\t<span>ANALYSE &gt;<\/span>\n\t<\/a>\n\n<h3>Verwendet<\/h3>\n<p>Verd\u00fcnnen und als Hauttonikum verwenden. Erfrischt den Atem bei der Mundpflege. Beruhigend und lindernd in Diffusoren und B\u00e4dern. Entspannt das Erscheinungsbild von R\u00f6tungen und Schwellungen in der Hautpflege.<\/p>\n<p>Zitronenmelisse, Melisse, Heart&#8217;s Delight oder Bienen\u00f6l, egal wie man es nennt, ist ein h\u00f6chst erfreulicher, angenehm duftender Schatz von Essenzen. Melisse wird seit Jahrtausenden als pflanzliches Grundnahrungsmittel f\u00fcr beruhigende Tees, beruhigende Tinkturen und \u00e4therische \u00d6lseren f\u00fcr Haut, Haare und K\u00f6rper verwendet.<\/p>\n<p>In emotionaler und spiritueller Hinsicht bietet das Melissa Essential Oil eine starke Dosis von Positivit\u00e4t und Stabilit\u00e4t.<\/p>\n<p><strong>Gr\u00f6\u00dfe: 5 ml, 5 ml &#8211; (1:4 Jojoba) und 15 ml<\/strong><\/p>\n<h3>Bio-Zutaten<\/h3>\n<p>100% \u00e4therisches \u00d6l der Melisse (Melissa officinalis).<\/p>\n<p style=\"text-align: center;\"><em>&#8222;Echtes Melissen\u00f6l ist in der Praxis das teuerste \u00e4therische \u00d6l auf dem Markt. Seine Ausbeute ist gering und seine Destillation oft schwierig.&#8220;<\/em><br \/>\n~ Kurt Schnaubelt, <strong>Advanced Aromatherapy<\/strong><\/p>\n<p style=\"text-align: center;\"><em>&#8222;In Nordeuropa wurde es von den R\u00f6mern eingef\u00fchrt, die es als Entspannungsmittel verwendeten und ihrem Badewasser beif\u00fcgten&#8230; In Frankreich war Melisse die Zutat des ber\u00fchmten &#8222;Karmeliterwassers&#8220;, einer fr\u00fchen Art von Eau de Cologne, das in Paris von M\u00f6nchen destilliert wurde.&#8220;<\/em><br \/>\n~ Julia Lawless, <strong>Aromatherapy and the Mind<\/strong><\/p>\n<p style=\"text-align: center;\"><em>&#8222;Das teure, wenig ergiebige \u00d6l l\u00e4sst sich nicht leicht destillieren und wird oft mit dem weit weniger teuren Zitronen\u00f6l, Zitronengras, Citronella, Litsea, Zitronen-Katzenminze oder sogar Zitronen-Eukalyptus gepanscht.&#8220;<\/em><br \/>\n~ Keville and Green, <strong>Aromatherapy: A Complete Guide to the Art<\/strong><\/p>\n<p style=\"text-align: center;\"><em>&#8222;Melisse macht den Geist und das Herz fr\u00f6hlich und belebt das Herz, die Ohnmacht und den Schlaf und vertreibt alle l\u00e4stigen Sorgen und Gedanken aus dem Geist.&#8220;<\/em><br \/>\n~ Nicolas Culpeper, <strong>1653, Culpeper&#8217;s Complete Herbal and English Physician<\/strong><\/p>\n<p><img fetchpriority=\"high\" decoding=\"async\" class=\"size-medium wp-image-68103 aligncenter\" src=\"https:\/\/dutchhealthstore.com\/wp-content\/uploads\/2018\/02\/Living-Libations-Organic-Logo-800x89.png\" alt=\"Living Libations - Organic Logo\" width=\"800\" height=\"89\" srcset=\"https:\/\/dutchhealthstore.com\/wp-content\/uploads\/2018\/02\/Living-Libations-Organic-Logo-800x89.png 800w, https:\/\/dutchhealthstore.com\/wp-content\/uploads\/2018\/02\/Living-Libations-Organic-Logo-510x57.png 510w, https:\/\/dutchhealthstore.com\/wp-content\/uploads\/2018\/02\/Living-Libations-Organic-Logo-768x85.png 768w, https:\/\/dutchhealthstore.com\/wp-content\/uploads\/2018\/02\/Living-Libations-Organic-Logo.png 1400w\" sizes=\"(max-width: 800px) 100vw, 800px\" \/><\/p>\n","protected":false},"excerpt":{"rendered":"<p><strong>Melissa Essential Oil<\/strong>, ein altgriechisches Tonikum, das seit jeher f\u00fcr Furore sorgt, wird aus den Bl\u00fcten der Melissa officinalis dampfdestilliert, die von den Honigbienen geliebt wird.<br \/>\nTats\u00e4chlich bedeutet der Name Melissa auf Griechisch &#8222;Honigbiene&#8220;!<br \/>\nEs ist ein recht h\u00e4ufig vorkommendes Gartenkraut, doch das echte \u00e4therische \u00d6l ist selten, da die Ausbeute der Destillation kostbar ist. Jeden Sommer erhalten wir unseren Jahresvorrat an dieser exquisiten, s\u00fc\u00dflich duftenden Essenz.<\/p>\n","protected":false},"featured_media":337405,"comment_status":"open","ping_status":"closed","template":"","meta":[],"product_brand":[],"product_cat":[1508,1546,6737,1493,1210,6736],"product_tag":[1547],"class_list":{"0":"post-121249","1":"product","2":"type-product","3":"status-publish","4":"has-post-thumbnail","6":"product_cat-aetherische-oele-living-libations","7":"product_cat-essential-oils-living-libations-de","8":"product_cat-essential-oils-de-2","9":"product_cat-living-libations-deutschland","10":"product_cat-marken","11":"product_cat-wellness-de","12":"product_tag-essential-oil-de","13":"pa_brand-livinglibations-de","14":"pa_essential-oils-product-type-essential-oils-de","15":"pa_size-15-ml-de-2","16":"pa_size-5-ml-de","17":"pa_size-5-ml-1-4-jojoba-de","19":"first","20":"instock","21":"taxable","22":"shipping-taxable","23":"purchasable","24":"product-type-variable"},"bundled_by":[],"bundle_stock_status":"instock","bundle_stock_quantity":null,"bundle_virtual":false,"bundle_layout":"","bundle_add_to_cart_form_location":"","bundle_editable_in_cart":false,"bundle_sold_individually_context":"","bundle_item_grouping":"","bundle_min_size":"","bundle_max_size":"","bundle_price":[],"bundled_items":[],"bundle_sell_ids":[],"atum_controlled":true,"out_stock_date":null,"out_stock_threshold":null,"inheritable":true,"stock_on_hold":0,"sold_today":0,"sales_last_days":0,"out_stock_days":0,"lost_sales":0,"update_date":"2026-04-17T00:06:01","atum_locations":[],"atum_stock_status":"instock","restock_status":false,"low_stock_amount":"","sales_update_date":"2026-04-17T00:06:01","calc_backorders":null,"group_of_quantity":0,"min_quantity":0,"max_quantity":"","exclude_order_quantity_value_rules":"no","exclude_category_quantity_rules":"no","combine_variations":"no","yoast_head":"<!-- This site is optimized with the Yoast SEO Premium plugin v26.5 (Yoast SEO v26.5) - https:\/\/yoast.com\/wordpress\/plugins\/seo\/ -->\n<title>Melissa Essential Oil | Living Libations<\/title>\n<meta name=\"description\" content=\"Der Name Melissa bedeutet auf Griechisch &quot;Honigbiene&quot;! Es ist ein recht h\u00e4ufig vorkommendes Gartenkraut, doch das echte \u00e4therische \u00d6l ist selten, da die Ausbeute der Destillation kostbar ist.\" \/>\n<meta name=\"robots\" content=\"index, follow, max-snippet:-1, max-image-preview:large, max-video-preview:-1\" \/>\n<link rel=\"canonical\" href=\"https:\/\/dutchhealthstore.com\/de\/product\/melissa-essential-oil\/\" \/>\n<meta property=\"og:locale\" content=\"de_DE\" \/>\n<meta property=\"og:type\" content=\"article\" \/>\n<meta property=\"og:title\" content=\"Melissa Essential Oil - Dutch Health Store\" \/>\n<meta property=\"og:description\" content=\"Der Name Melissa bedeutet auf Griechisch &quot;Honigbiene&quot;! Es ist ein recht h\u00e4ufig vorkommendes Gartenkraut, doch das echte \u00e4therische \u00d6l ist selten, da die Ausbeute der Destillation kostbar ist.\" \/>\n<meta property=\"og:url\" content=\"https:\/\/dutchhealthstore.com\/de\/product\/melissa-essential-oil\/\" \/>\n<meta property=\"og:site_name\" content=\"Dutch Health Store\" \/>\n<meta property=\"article:publisher\" content=\"https:\/\/www.instagram.com\/dutchhealthstore\/\" \/>\n<meta property=\"article:modified_time\" content=\"2025-11-25T12:11:54+00:00\" \/>\n<meta property=\"og:image\" content=\"https:\/\/dutchhealthstore.com\/wp-content\/uploads\/2020\/07\/Living-Libations-Melissa-Essential-Oil-Round.jpg\" \/>\n\t<meta property=\"og:image:width\" content=\"500\" \/>\n\t<meta property=\"og:image:height\" content=\"500\" \/>\n\t<meta property=\"og:image:type\" content=\"image\/jpeg\" \/>\n<meta name=\"twitter:card\" content=\"summary_large_image\" \/>\n<meta name=\"twitter:label1\" content=\"Verf\u00fcgbarkeit\" \/>\n\t<meta name=\"twitter:data1\" content=\"Auf Lager\" \/>\n<script type=\"application\/ld+json\" class=\"yoast-schema-graph\">{\"@context\":\"https:\/\/schema.org\",\"@graph\":[{\"@type\":\"WebPage\",\"@id\":\"https:\/\/dutchhealthstore.com\/de\/product\/melissa-essential-oil\/\",\"url\":\"https:\/\/dutchhealthstore.com\/de\/product\/melissa-essential-oil\/\",\"name\":\"Melissa Essential Oil | Living Libations\",\"isPartOf\":{\"@id\":\"https:\/\/dutchhealthstore.com\/de\/#website\"},\"primaryImageOfPage\":{\"@id\":\"https:\/\/dutchhealthstore.com\/de\/product\/melissa-essential-oil\/#primaryimage\"},\"image\":{\"@id\":\"https:\/\/dutchhealthstore.com\/de\/product\/melissa-essential-oil\/#primaryimage\"},\"thumbnailUrl\":\"https:\/\/dutchhealthstore.com\/wp-content\/uploads\/2020\/07\/2025-04-15-13_34_41-Melissa-Essential-Oil-\u2013-Living-Libations-INT.jpg\",\"datePublished\":\"2020-07-14T10:10:56+00:00\",\"dateModified\":\"2025-11-25T12:11:54+00:00\",\"description\":\"Der Name Melissa bedeutet auf Griechisch \\\"Honigbiene\\\"! Es ist ein recht h\u00e4ufig vorkommendes Gartenkraut, doch das echte \u00e4therische \u00d6l ist selten, da die Ausbeute der Destillation kostbar ist.\",\"breadcrumb\":{\"@id\":\"https:\/\/dutchhealthstore.com\/de\/product\/melissa-essential-oil\/#breadcrumb\"},\"inLanguage\":\"de\",\"potentialAction\":[{\"@type\":\"ReadAction\",\"target\":[\"https:\/\/dutchhealthstore.com\/de\/product\/melissa-essential-oil\/\"]}]},{\"@type\":\"ImageObject\",\"inLanguage\":\"de\",\"@id\":\"https:\/\/dutchhealthstore.com\/de\/product\/melissa-essential-oil\/#primaryimage\",\"url\":\"https:\/\/dutchhealthstore.com\/wp-content\/uploads\/2020\/07\/2025-04-15-13_34_41-Melissa-Essential-Oil-\u2013-Living-Libations-INT.jpg\",\"contentUrl\":\"https:\/\/dutchhealthstore.com\/wp-content\/uploads\/2020\/07\/2025-04-15-13_34_41-Melissa-Essential-Oil-\u2013-Living-Libations-INT.jpg\",\"width\":530,\"height\":530},{\"@type\":\"BreadcrumbList\",\"@id\":\"https:\/\/dutchhealthstore.com\/de\/product\/melissa-essential-oil\/#breadcrumb\",\"itemListElement\":[{\"@type\":\"ListItem\",\"position\":1,\"name\":\"Home\",\"item\":\"https:\/\/dutchhealthstore.com\/de\/\"},{\"@type\":\"ListItem\",\"position\":2,\"name\":\"Shop\",\"item\":\"https:\/\/dutchhealthstore.com\/de\/shop-2\/\"},{\"@type\":\"ListItem\",\"position\":3,\"name\":\"Melissa Essential Oil\"}]},{\"@type\":\"WebSite\",\"@id\":\"https:\/\/dutchhealthstore.com\/de\/#website\",\"url\":\"https:\/\/dutchhealthstore.com\/de\/\",\"name\":\"Dutch Health Store\",\"description\":\"Enhance Your Beauty with Organic &amp; Natural Skincare\",\"publisher\":{\"@id\":\"https:\/\/dutchhealthstore.com\/de\/#organization\"},\"potentialAction\":[{\"@type\":\"SearchAction\",\"target\":{\"@type\":\"EntryPoint\",\"urlTemplate\":\"https:\/\/dutchhealthstore.com\/de\/?s={search_term_string}\"},\"query-input\":{\"@type\":\"PropertyValueSpecification\",\"valueRequired\":true,\"valueName\":\"search_term_string\"}}],\"inLanguage\":\"de\"},{\"@type\":\"Organization\",\"@id\":\"https:\/\/dutchhealthstore.com\/de\/#organization\",\"name\":\"Dutch Health Store\",\"url\":\"https:\/\/dutchhealthstore.com\/de\/\",\"logo\":{\"@type\":\"ImageObject\",\"inLanguage\":\"de\",\"@id\":\"https:\/\/dutchhealthstore.com\/de\/#\/schema\/logo\/image\/\",\"url\":\"https:\/\/dutchhealthstore.com\/wp-content\/uploads\/2020\/08\/logo-dutchhealthstore-jpg-e1599484957574.jpg\",\"contentUrl\":\"https:\/\/dutchhealthstore.com\/wp-content\/uploads\/2020\/08\/logo-dutchhealthstore-jpg-e1599484957574.jpg\",\"width\":400,\"height\":62,\"caption\":\"Dutch Health Store\"},\"image\":{\"@id\":\"https:\/\/dutchhealthstore.com\/de\/#\/schema\/logo\/image\/\"},\"sameAs\":[\"https:\/\/www.instagram.com\/dutchhealthstore\/\",\"https:\/\/www.facebook.com\/dutchhealthstore\"]}]}<\/script>\n<meta property=\"product:brand\" content=\"Living Libations\" \/>\n<meta property=\"og:availability\" content=\"instock\" \/>\n<meta property=\"product:availability\" content=\"instock\" \/>\n<meta property=\"product:condition\" content=\"new\" \/>\n<!-- \/ Yoast SEO Premium plugin. -->","yoast_head_json":{"title":"Melissa Essential Oil | Living Libations","description":"Der Name Melissa bedeutet auf Griechisch \"Honigbiene\"! Es ist ein recht h\u00e4ufig vorkommendes Gartenkraut, doch das echte \u00e4therische \u00d6l ist selten, da die Ausbeute der Destillation kostbar ist.","robots":{"index":"index","follow":"follow","max-snippet":"max-snippet:-1","max-image-preview":"max-image-preview:large","max-video-preview":"max-video-preview:-1"},"canonical":"https:\/\/dutchhealthstore.com\/de\/product\/melissa-essential-oil\/","og_locale":"de_DE","og_type":"article","og_title":"Melissa Essential Oil - Dutch Health Store","og_description":"Der Name Melissa bedeutet auf Griechisch \"Honigbiene\"! Es ist ein recht h\u00e4ufig vorkommendes Gartenkraut, doch das echte \u00e4therische \u00d6l ist selten, da die Ausbeute der Destillation kostbar ist.","og_url":"https:\/\/dutchhealthstore.com\/de\/product\/melissa-essential-oil\/","og_site_name":"Dutch Health Store","article_publisher":"https:\/\/www.instagram.com\/dutchhealthstore\/","article_modified_time":"2025-11-25T12:11:54+00:00","og_image":[{"width":500,"height":500,"url":"https:\/\/dutchhealthstore.com\/wp-content\/uploads\/2020\/07\/Living-Libations-Melissa-Essential-Oil-Round.jpg","type":"image\/jpeg"}],"twitter_card":"summary_large_image","twitter_misc":{"Verf\u00fcgbarkeit":"Auf Lager"},"schema":{"@context":"https:\/\/schema.org","@graph":[{"@type":"WebPage","@id":"https:\/\/dutchhealthstore.com\/de\/product\/melissa-essential-oil\/","url":"https:\/\/dutchhealthstore.com\/de\/product\/melissa-essential-oil\/","name":"Melissa Essential Oil | Living Libations","isPartOf":{"@id":"https:\/\/dutchhealthstore.com\/de\/#website"},"primaryImageOfPage":{"@id":"https:\/\/dutchhealthstore.com\/de\/product\/melissa-essential-oil\/#primaryimage"},"image":{"@id":"https:\/\/dutchhealthstore.com\/de\/product\/melissa-essential-oil\/#primaryimage"},"thumbnailUrl":"https:\/\/dutchhealthstore.com\/wp-content\/uploads\/2020\/07\/2025-04-15-13_34_41-Melissa-Essential-Oil-\u2013-Living-Libations-INT.jpg","datePublished":"2020-07-14T10:10:56+00:00","dateModified":"2025-11-25T12:11:54+00:00","description":"Der Name Melissa bedeutet auf Griechisch \"Honigbiene\"! Es ist ein recht h\u00e4ufig vorkommendes Gartenkraut, doch das echte \u00e4therische \u00d6l ist selten, da die Ausbeute der Destillation kostbar ist.","breadcrumb":{"@id":"https:\/\/dutchhealthstore.com\/de\/product\/melissa-essential-oil\/#breadcrumb"},"inLanguage":"de","potentialAction":[{"@type":"ReadAction","target":["https:\/\/dutchhealthstore.com\/de\/product\/melissa-essential-oil\/"]}]},{"@type":"ImageObject","inLanguage":"de","@id":"https:\/\/dutchhealthstore.com\/de\/product\/melissa-essential-oil\/#primaryimage","url":"https:\/\/dutchhealthstore.com\/wp-content\/uploads\/2020\/07\/2025-04-15-13_34_41-Melissa-Essential-Oil-\u2013-Living-Libations-INT.jpg","contentUrl":"https:\/\/dutchhealthstore.com\/wp-content\/uploads\/2020\/07\/2025-04-15-13_34_41-Melissa-Essential-Oil-\u2013-Living-Libations-INT.jpg","width":530,"height":530},{"@type":"BreadcrumbList","@id":"https:\/\/dutchhealthstore.com\/de\/product\/melissa-essential-oil\/#breadcrumb","itemListElement":[{"@type":"ListItem","position":1,"name":"Home","item":"https:\/\/dutchhealthstore.com\/de\/"},{"@type":"ListItem","position":2,"name":"Shop","item":"https:\/\/dutchhealthstore.com\/de\/shop-2\/"},{"@type":"ListItem","position":3,"name":"Melissa Essential Oil"}]},{"@type":"WebSite","@id":"https:\/\/dutchhealthstore.com\/de\/#website","url":"https:\/\/dutchhealthstore.com\/de\/","name":"Dutch Health Store","description":"Enhance Your Beauty with Organic &amp; Natural Skincare","publisher":{"@id":"https:\/\/dutchhealthstore.com\/de\/#organization"},"potentialAction":[{"@type":"SearchAction","target":{"@type":"EntryPoint","urlTemplate":"https:\/\/dutchhealthstore.com\/de\/?s={search_term_string}"},"query-input":{"@type":"PropertyValueSpecification","valueRequired":true,"valueName":"search_term_string"}}],"inLanguage":"de"},{"@type":"Organization","@id":"https:\/\/dutchhealthstore.com\/de\/#organization","name":"Dutch Health Store","url":"https:\/\/dutchhealthstore.com\/de\/","logo":{"@type":"ImageObject","inLanguage":"de","@id":"https:\/\/dutchhealthstore.com\/de\/#\/schema\/logo\/image\/","url":"https:\/\/dutchhealthstore.com\/wp-content\/uploads\/2020\/08\/logo-dutchhealthstore-jpg-e1599484957574.jpg","contentUrl":"https:\/\/dutchhealthstore.com\/wp-content\/uploads\/2020\/08\/logo-dutchhealthstore-jpg-e1599484957574.jpg","width":400,"height":62,"caption":"Dutch Health Store"},"image":{"@id":"https:\/\/dutchhealthstore.com\/de\/#\/schema\/logo\/image\/"},"sameAs":["https:\/\/www.instagram.com\/dutchhealthstore\/","https:\/\/www.facebook.com\/dutchhealthstore"]}]},"product_brand":"Living Libations","og_availability":"instock","product_availability":"instock","product_condition":"new"},"_links":{"self":[{"href":"https:\/\/dutchhealthstore.com\/de\/wp-json\/wp\/v2\/product\/121249","targetHints":{"allow":["GET"]}}],"collection":[{"href":"https:\/\/dutchhealthstore.com\/de\/wp-json\/wp\/v2\/product"}],"about":[{"href":"https:\/\/dutchhealthstore.com\/de\/wp-json\/wp\/v2\/types\/product"}],"replies":[{"embeddable":true,"href":"https:\/\/dutchhealthstore.com\/de\/wp-json\/wp\/v2\/comments?post=121249"}],"wp:featuredmedia":[{"embeddable":true,"href":"https:\/\/dutchhealthstore.com\/de\/wp-json\/wp\/v2\/media\/337405"}],"wp:attachment":[{"href":"https:\/\/dutchhealthstore.com\/de\/wp-json\/wp\/v2\/media?parent=121249"}],"wp:term":[{"taxonomy":"product_brand","embeddable":true,"href":"https:\/\/dutchhealthstore.com\/de\/wp-json\/wp\/v2\/product_brand?post=121249"},{"taxonomy":"product_cat","embeddable":true,"href":"https:\/\/dutchhealthstore.com\/de\/wp-json\/wp\/v2\/product_cat?post=121249"},{"taxonomy":"product_tag","embeddable":true,"href":"https:\/\/dutchhealthstore.com\/de\/wp-json\/wp\/v2\/product_tag?post=121249"}],"curies":[{"name":"wp","href":"https:\/\/api.w.org\/{rel}","templated":true}]}}