{"id":121177,"date":"2018-02-10T21:32:25","date_gmt":"2018-02-10T21:32:25","guid":{"rendered":"https:\/\/dutchhealthstore.com\/product\/renegade-beauty\/"},"modified":"2024-09-13T10:10:18","modified_gmt":"2024-09-13T08:10:18","slug":"renegade-beauty","status":"publish","type":"product","link":"https:\/\/dutchhealthstore.com\/de\/product\/renegade-beauty\/","title":{"rendered":"Renegade Beauty: Reveal and Revive Your Natural Radiance &#8211; Beauty Secrets, Solutions, and Preparations"},"content":{"rendered":"<h3 class=\"yikes-custom-woo-tab-title yikes-custom-woo-tab-title-product-details\">Einzelheiten zum Produkt<\/h3>\n<p><strong>Autorin:<\/strong> Nadine Artemis<br \/>\n<strong>Vorwort von:<\/strong> <span class=\"ws-nw role-U\">Carrie-Anne Moss<\/span><span class=\"book__text\"><br \/>\n<\/span><b><strong>Taschenbuch:<\/strong><\/b> 448 Seiten<br \/>\n<b><strong>Verlag:<\/strong><\/b> North Atlantic Books (14. Nov. 2017)<br \/>\n<b><strong>Sprache:<\/strong><\/b> Englisch<br \/>\n<b><strong>ISBN-10:<\/strong><\/b> 1583949690<br \/>\n<b><strong>ISBN-13:<\/strong><\/b> 978-1583949696<br \/>\n<b><strong>Produkt-Abmessungen: <\/strong><\/b>15,5 x 2,3 x 23,1 cm<br \/>\n<b><strong>Versandgewicht:<\/strong><\/b> 835 g<\/p>\n<p><img decoding=\"async\" class=\"size-full wp-image-37041 alignright\" src=\"https:\/\/dutchhealthstore.com\/wp-content\/uploads\/2018\/04\/Living_Libations-1.png\" alt=\"Organic &amp; Natural Beautyproducts - Living Libations\" width=\"175\" height=\"82\"><\/p>\n<h3>Lob f\u00fcr Renegade Beauty<\/h3>\n<p>Was ist Sch\u00f6nheit? Wir alle haben das Gef\u00fchl, dass eine Neudefinition angebracht ist, aber die Vorreiter dieses Wandels k\u00f6nnten aus einem \u00fcberraschenden Bereich kommen. Das ist der Schnittpunkt von Wissenschaft und Spiritualit\u00e4t, eine Vorhut des Wandels, die uns von innen heraus verwandelt und uns das Gef\u00fchl gibt, gen\u00e4hrt und ganz zu sein und uns endlich in unserer eigenen Haut wohl zu f\u00fchlen. Renegade Beauty&#8220; ist ein Leitfaden f\u00fcr dieses neue Terrain, komplett mit einer pers\u00f6nlichen Roadmap f\u00fcr Ihre eigene Erfahrung von Sch\u00f6nheit, vom Praktischen bis zum \u00c4therischen. Dieses Buch ist mehr als nur ein Sch\u00f6nheitsbuch, es ist einer der umfassendsten Leitf\u00e4den f\u00fcr das neue Paradigma von Gesundheit und Medizin und enth\u00e4lt wichtige Mythen und evidenzbasierte Tipps f\u00fcr wahre Gesundheit und Wohlbefinden. Als langj\u00e4hriger Fan und Unterst\u00fctzer von Nadines alchemistischen Kreationen erinnert uns dieser Text daran, wie wir genau dorthin gelangen, wo wir am liebsten hinwollen &#8211; nach Hause in das Netz der Wunder, das die nat\u00fcrliche Welt ist. Dieses Buch steht ganz oben auf meiner Liste f\u00fcr erweckte Vitalit\u00e4t und Selbstheilung.<\/p>\n<p><strong>KELLY BROGAN MD<\/strong>, Ganzheitliche Psychiaterin und Autorin des NY Times-Bestsellers &#8222;A Mind of Your Own<\/p>\n<p>Renegade Beauty&#8220; hat mich zu der Erkenntnis gebracht, dass mein K\u00f6rper heilen &#8211; und sch\u00f6ner werden &#8211; wird, wenn ich aufh\u00f6re, seine Kraft mit Chemikalien und Schnellreparaturen kurzzuschlie\u00dfen. Die Sch\u00f6nheitsindustrie ist eine entm\u00fcndigende (und giftige) Industrie. Nadines Art von Wissen ist die Lotion und der Trank, den wir anwenden m\u00fcssen.&#8220;<\/p>\n<p><strong>-DANIELLE LAPORTE<\/strong>, Autorin von The Desire Map und White Hot Truth<\/p>\n<p>&#8222;Nadine Artemis ist meine Mentorin f\u00fcr \u00e4therische \u00d6le, seit ich 19 Jahre alt bin. Sie ist eine begnadete Alchemistin, deren Lehren an vorderster Front der Selbstf\u00fcrsorgebewegung stehen. Ich empfehle ihre Produkte und ihre Lehren eines tiefgreifenden vision\u00e4ren Dienstes allen und jedem.&#8220;<\/p>\n<p>&#8211;<strong>ALANIS MORISSETTE<\/strong><\/p>\n<p>&#8222;Renegade Beauty zeigt auf poetische Weise Nadines Hingabe zur Verherrlichung der wahren Sch\u00f6nheit &#8211; unserer inneren Sch\u00f6nheit &#8211; und erkundet die M\u00f6glichkeiten, wie wir mit den heilenden Gaben und nat\u00fcrlichen Rhythmen der Natur in Einklang kommen k\u00f6nnen. Ein wundersch\u00f6nes und einzigartiges Buch, das weit mehr bietet als die Sch\u00f6nheitsroutine, die man erwarten k\u00f6nnte!&#8220;<\/p>\n<p>&#8211;<strong>ANTHONY WILLIAM<\/strong>, Autor von Medical Medium: Secrets Behind Chronic und Mystery Illness and How to Finally Heal<\/p>\n<p>&#8222;Allein durch die Lekt\u00fcre von Renegade Beauty habe ich mich sch\u00f6ner gef\u00fchlt. Nadines wissenschaftlicher und poetischer Stil entspricht der verschwenderischen F\u00fclle der Natur, die sie anpreist, um sie wiederherzustellen. Ich habe es geliebt, \u00fcber Sch\u00f6nheit aus Nadines Perspektive zu lesen.&#8220;<\/p>\n<p><strong>-CAROL ALT<\/strong>, Gesundheitsf\u00fcrsprecherin, Schauspielerin, Fox News Moderatorin, Supermodel und Autorin von A Healthy You<\/p>\n<p>Die Wahrheit wird Sie frei machen. Wer suchet, der findet&#8230; Das sind universelle Wahrheiten, die sich im Laufe der Zeit bew\u00e4hrt haben. Und diese Tugenden, so scheint es mir, sind der Kern dessen, was diese Worte Renegade Beauty bedeuten.<\/p>\n<p>Das Streben nach Vitalit\u00e4t wird durch tiefes Zuh\u00f6ren gesteuert. Wir verbrauchen unsere jugendlichen Reserven schnell, denn nur wenige von uns haben gelernt, wie man sie wieder auff\u00fcllt. Der Verlust dieser Lebensenergie ist der Schl\u00fcssel daf\u00fcr, ob wir ein inspiriertes Leben f\u00fchren. (Man muss einen langen Atem haben, um das zu verfolgen, was man sich vorzustellen wagt.)<\/p>\n<p>Die Natur war schon immer meine Lehrerin, und so ist es nur logisch, dass ich mich an ihre g\u00f6ttliche Intelligenz als Quelle meiner Heilung, erneuerten Kraft und anhaltenden St\u00e4rke wende. \u00dcberall um uns herum sehen wir, was aus uns werden wird: Alter, Krankheit, Tod&#8230; Die Natur um uns herum ahmt dies nach. Keine Blume bleibt ewig in voller Bl\u00fcte. Das Welken kommt f\u00fcr uns alle. Danke, Nadine, dass du deine Lebensleidenschaft so gro\u00dfz\u00fcgig mit uns geteilt hast. Sie leiten uns und erinnern uns daran, was wir wissen, dass es wahr ist. Man nennt sie nicht umsonst Mutter Natur. Sie ist das, woraus wir gemacht sind. Deshalb ist sie es, die uns heilen kann.<\/p>\n<p>Die Sch\u00f6nheit, die man sucht, IST das Geschenk, das man durch die gelebte Vitalit\u00e4t im Streben nach diesen Wahrheiten erh\u00e4lt.<\/p>\n<p>Bleib durstig &#8211; und lass sie zu Dir \u00fcberlaufen. Es gibt keinen Weg zum Frieden; der Frieden ist der Weg.<\/p>\n<p><strong>-LISA BONET ~ LILAKOI MOON<\/strong><\/p>\n<p>&#8222;Endlich! Die Wahrheit \u00fcber Sch\u00f6nheit und Hautpflege von jemandem, den ich liebe und dem ich vertraue und dessen Buch eine Bibel im B\u00fccherregal meiner drei M\u00e4dchen sein wird.<\/p>\n<p>Ich freue mich sehr, dass dieses Buch einen positiven Einfluss auf k\u00fcnftige Generationen junger M\u00e4dchen und Frauen haben wird, die sich immer fr\u00fcher in ihrem Leben bewusst werden, welche Bedeutung die Gesellschaft dem Aussehen und der Sch\u00f6nheit beimisst. Nadines Wissen und ihre tiefe Weisheit \u00fcber den K\u00f6rper und dar\u00fcber, was WIRKLICH Sch\u00f6nheit schafft, sind offensichtlich und werden f\u00fcr Frauen \u00fcberall eine Erleichterung sein. Und junge Frauen werden mit dem Wissen ausgestattet, was sie vermeiden und was sie annehmen sollten, und das alles mit der poetischen Sch\u00f6nheit, die dem Herzen dieser magischen Frau entspringt.&#8220;<\/p>\n<p><strong>-MUNEEZA AHMED<\/strong>, Medizinische Intuitive, Ern\u00e4hrungsberaterin und Coach f\u00fcr emotionales Wohlbefinden<\/p>\n<p>Taschenbuch: 448 Seiten<br \/>\nVerlag: North Atlantic Books (14. Nov. 2017)<br \/>\nSprache: Englisch<br \/>\nISBN-10: 1583949690<br \/>\nISBN-13: 978-1583949696<br \/>\nProdukt-Abmessungen: 15,5 x 2,3 x 23,1 cm<br \/>\nVersandgewicht: 835 g<\/p>\n<p><img fetchpriority=\"high\" decoding=\"async\" class=\"size-full wp-image-31577 aligncenter\" src=\"https:\/\/dutchhealthstore.com\/wp-content\/uploads\/2018\/03\/organic_big.png\" alt=\"Organic and Natural - Living Libations\" width=\"623\" height=\"103\" srcset=\"https:\/\/dutchhealthstore.com\/wp-content\/uploads\/2018\/03\/organic_big.png 623w, https:\/\/dutchhealthstore.com\/wp-content\/uploads\/2018\/03\/organic_big-510x84.png 510w, https:\/\/dutchhealthstore.com\/wp-content\/uploads\/2018\/03\/organic_big-600x99.png 600w, https:\/\/dutchhealthstore.com\/wp-content\/uploads\/2018\/03\/organic_big-350x58.png 350w\" sizes=\"(max-width: 623px) 100vw, 623px\" \/><\/p>\n","protected":false},"excerpt":{"rendered":"<p><b><strong>\u00dcberdenken Sie die konventionellen Vorstellungen von Sch\u00f6nheit und Wellness, verzichten Sie auf aufwendige Programme und synthetische Produkte, und entdecken Sie Ihre eigene Sch\u00f6nheit.<\/strong><\/b><\/p>\n<p>In diesem unverzichtbaren Leitfaden f\u00fchrt Nadine Artemis die Leserinnen in das Konzept der abtr\u00fcnnigen Sch\u00f6nheit ein &#8211; die Kunst, weniger zu tun und den Elementen und der Lebenskraft der Natur zu erlauben, K\u00f6rper, Haut und Seele zu beleben, damit unsere nat\u00fcrliche Ausstrahlung zum Vorschein kommen kann.<\/p>\n<p>Jeder, der in einer Endlosschleife von neuen Produkten, Gesichtsbehandlungen und Hautarztterminen feststeckt, findet Antworten, wenn Artemis die energetisierenden Elemente Sonne, frische Luft, Wasser, Erde und Pflanzen veranschaulicht.<\/p>\n<p>Dieses Buch ist ein umfassendes Hilfsmittel f\u00fcr alle, die ihre Selbstf\u00fcrsorge vereinfachen, ihre Gesundheit selbst in die Hand nehmen und ihre eigene strahlende Sch\u00f6nheit entdecken wollen.<\/p>\n","protected":false},"featured_media":30550,"comment_status":"open","ping_status":"closed","template":"","meta":[],"product_brand":[],"product_cat":[14735,1032,515,1493,1210,511,1135],"product_tag":[21535,21522,21440],"class_list":{"0":"post-121177","1":"product","2":"type-product","3":"status-publish","4":"has-post-thumbnail","6":"product_cat-hautpflege","7":"product_cat-kategorien","8":"product_cat-korperpflege-de","9":"product_cat-living-libations-deutschland","10":"product_cat-marken","11":"product_cat-produkte","12":"product_cat-zubehoer-hautpflege","13":"product_tag-geist","14":"product_tag-optimale-gesundheit","15":"product_tag-werkzeuge","16":"pa_brand-livinglibations-de","17":"pa_dental-care-product-type-other-tools-de","18":"pa_skincare-type-tools-de","20":"first","21":"instock","22":"taxable","23":"shipping-taxable","24":"purchasable","25":"product-type-simple"},"bundled_by":[],"bundle_stock_status":"instock","bundle_stock_quantity":1,"bundle_virtual":false,"bundle_layout":"","bundle_add_to_cart_form_location":"","bundle_editable_in_cart":false,"bundle_sold_individually_context":"","bundle_item_grouping":"","bundle_min_size":"","bundle_max_size":"","bundle_price":[],"bundled_items":[],"bundle_sell_ids":[104300],"atum_controlled":true,"out_stock_date":null,"out_stock_threshold":null,"inheritable":false,"stock_on_hold":0,"sold_today":0,"sales_last_days":0,"out_stock_days":0,"lost_sales":0,"update_date":"2026-04-07T13:50:55","atum_locations":[],"atum_stock_status":"instock","restock_status":false,"low_stock_amount":0,"sales_update_date":"2026-04-07T13:50:55","calc_backorders":null,"group_of_quantity":0,"min_quantity":0,"max_quantity":"","exclude_order_quantity_value_rules":"no","exclude_category_quantity_rules":"no","combine_variations":"no","yoast_head":"<!-- This site is optimized with the Yoast SEO Premium plugin v26.5 (Yoast SEO v26.5) - https:\/\/yoast.com\/wordpress\/plugins\/seo\/ -->\n<title>Renegade Beauty | Nadine Artemis | Living Libations<\/title>\n<meta name=\"description\" content=\"\u00dcberdenken Sie die konventionellen Vorstellungen von Sch\u00f6nheit und Wellness, verzichten Sie auf aufwendige Programme und synthetische Produkte, und entdecken Sie Ihre eigene Sch\u00f6nheit.\" \/>\n<meta name=\"robots\" content=\"index, follow, max-snippet:-1, max-image-preview:large, max-video-preview:-1\" \/>\n<link rel=\"canonical\" href=\"https:\/\/dutchhealthstore.com\/de\/product\/renegade-beauty\/\" \/>\n<meta property=\"og:locale\" content=\"de_DE\" \/>\n<meta property=\"og:type\" content=\"article\" \/>\n<meta property=\"og:title\" content=\"Renegade Beauty: Reveal and Revive Your Natural Radiance - Beauty Secrets, Solutions, and Preparations - Dutch Health Store\" \/>\n<meta property=\"og:description\" content=\"\u00dcberdenken Sie die konventionellen Vorstellungen von Sch\u00f6nheit und Wellness, verzichten Sie auf aufwendige Programme und synthetische Produkte, und entdecken Sie Ihre eigene Sch\u00f6nheit.\" \/>\n<meta property=\"og:url\" content=\"https:\/\/dutchhealthstore.com\/de\/product\/renegade-beauty\/\" \/>\n<meta property=\"og:site_name\" content=\"Dutch Health Store\" \/>\n<meta property=\"article:publisher\" content=\"https:\/\/www.instagram.com\/dutchhealthstore\/\" \/>\n<meta property=\"article:modified_time\" content=\"2024-09-13T08:10:18+00:00\" \/>\n<meta property=\"og:image\" content=\"https:\/\/dutchhealthstore.com\/wp-content\/uploads\/2018\/02\/Renegade_Beauty_Nadine_Artemis.jpg\" \/>\n\t<meta property=\"og:image:width\" content=\"648\" \/>\n\t<meta property=\"og:image:height\" content=\"648\" \/>\n\t<meta property=\"og:image:type\" content=\"image\/jpeg\" \/>\n<meta name=\"twitter:card\" content=\"summary_large_image\" \/>\n<meta name=\"twitter:label1\" content=\"Preis\" \/>\n\t<meta name=\"twitter:data1\" content=\"&euro;33,00\" \/>\n\t<meta name=\"twitter:label2\" content=\"Verf\u00fcgbarkeit\" \/>\n\t<meta name=\"twitter:data2\" content=\"Auf Lager\" \/>\n<script type=\"application\/ld+json\" class=\"yoast-schema-graph\">{\"@context\":\"https:\/\/schema.org\",\"@graph\":[{\"@type\":\"WebPage\",\"@id\":\"https:\/\/dutchhealthstore.com\/de\/product\/renegade-beauty\/\",\"url\":\"https:\/\/dutchhealthstore.com\/de\/product\/renegade-beauty\/\",\"name\":\"Renegade Beauty | Nadine Artemis | Living Libations\",\"isPartOf\":{\"@id\":\"https:\/\/dutchhealthstore.com\/de\/#website\"},\"primaryImageOfPage\":{\"@id\":\"https:\/\/dutchhealthstore.com\/de\/product\/renegade-beauty\/#primaryimage\"},\"image\":{\"@id\":\"https:\/\/dutchhealthstore.com\/de\/product\/renegade-beauty\/#primaryimage\"},\"thumbnailUrl\":\"https:\/\/dutchhealthstore.com\/wp-content\/uploads\/2018\/02\/Renegade_Beauty_Nadine_Artemis.jpg\",\"datePublished\":\"2018-02-10T21:32:25+00:00\",\"dateModified\":\"2024-09-13T08:10:18+00:00\",\"description\":\"\u00dcberdenken Sie die konventionellen Vorstellungen von Sch\u00f6nheit und Wellness, verzichten Sie auf aufwendige Programme und synthetische Produkte, und entdecken Sie Ihre eigene Sch\u00f6nheit.\",\"breadcrumb\":{\"@id\":\"https:\/\/dutchhealthstore.com\/de\/product\/renegade-beauty\/#breadcrumb\"},\"inLanguage\":\"de\",\"potentialAction\":[{\"@type\":\"ReadAction\",\"target\":[\"https:\/\/dutchhealthstore.com\/de\/product\/renegade-beauty\/\"]}]},{\"@type\":\"ImageObject\",\"inLanguage\":\"de\",\"@id\":\"https:\/\/dutchhealthstore.com\/de\/product\/renegade-beauty\/#primaryimage\",\"url\":\"https:\/\/dutchhealthstore.com\/wp-content\/uploads\/2018\/02\/Renegade_Beauty_Nadine_Artemis.jpg\",\"contentUrl\":\"https:\/\/dutchhealthstore.com\/wp-content\/uploads\/2018\/02\/Renegade_Beauty_Nadine_Artemis.jpg\",\"width\":648,\"height\":648,\"caption\":\"Renegade Beauty - Nadine Artemis | Living Libations\"},{\"@type\":\"BreadcrumbList\",\"@id\":\"https:\/\/dutchhealthstore.com\/de\/product\/renegade-beauty\/#breadcrumb\",\"itemListElement\":[{\"@type\":\"ListItem\",\"position\":1,\"name\":\"Home\",\"item\":\"https:\/\/dutchhealthstore.com\/de\/\"},{\"@type\":\"ListItem\",\"position\":2,\"name\":\"Shop\",\"item\":\"https:\/\/dutchhealthstore.com\/de\/shop-2\/\"},{\"@type\":\"ListItem\",\"position\":3,\"name\":\"Renegade Beauty: Reveal and Revive Your Natural Radiance &#8211; Beauty Secrets, Solutions, and Preparations\"}]},{\"@type\":\"WebSite\",\"@id\":\"https:\/\/dutchhealthstore.com\/de\/#website\",\"url\":\"https:\/\/dutchhealthstore.com\/de\/\",\"name\":\"Dutch Health Store\",\"description\":\"Enhance Your Beauty with Organic &amp; Natural Skincare\",\"publisher\":{\"@id\":\"https:\/\/dutchhealthstore.com\/de\/#organization\"},\"potentialAction\":[{\"@type\":\"SearchAction\",\"target\":{\"@type\":\"EntryPoint\",\"urlTemplate\":\"https:\/\/dutchhealthstore.com\/de\/?s={search_term_string}\"},\"query-input\":{\"@type\":\"PropertyValueSpecification\",\"valueRequired\":true,\"valueName\":\"search_term_string\"}}],\"inLanguage\":\"de\"},{\"@type\":\"Organization\",\"@id\":\"https:\/\/dutchhealthstore.com\/de\/#organization\",\"name\":\"Dutch Health Store\",\"url\":\"https:\/\/dutchhealthstore.com\/de\/\",\"logo\":{\"@type\":\"ImageObject\",\"inLanguage\":\"de\",\"@id\":\"https:\/\/dutchhealthstore.com\/de\/#\/schema\/logo\/image\/\",\"url\":\"https:\/\/dutchhealthstore.com\/wp-content\/uploads\/2020\/08\/logo-dutchhealthstore-jpg-e1599484957574.jpg\",\"contentUrl\":\"https:\/\/dutchhealthstore.com\/wp-content\/uploads\/2020\/08\/logo-dutchhealthstore-jpg-e1599484957574.jpg\",\"width\":400,\"height\":62,\"caption\":\"Dutch Health Store\"},\"image\":{\"@id\":\"https:\/\/dutchhealthstore.com\/de\/#\/schema\/logo\/image\/\"},\"sameAs\":[\"https:\/\/www.instagram.com\/dutchhealthstore\/\",\"https:\/\/www.facebook.com\/dutchhealthstore\"]}]}<\/script>\n<meta property=\"product:brand\" content=\"Living Libations\" \/>\n<meta property=\"product:price:amount\" content=\"33.00\" \/>\n<meta property=\"product:price:currency\" content=\"EUR\" \/>\n<meta property=\"og:availability\" content=\"instock\" \/>\n<meta property=\"product:availability\" content=\"instock\" \/>\n<meta property=\"product:condition\" content=\"new\" \/>\n<!-- \/ Yoast SEO Premium plugin. -->","yoast_head_json":{"title":"Renegade Beauty | Nadine Artemis | Living Libations","description":"\u00dcberdenken Sie die konventionellen Vorstellungen von Sch\u00f6nheit und Wellness, verzichten Sie auf aufwendige Programme und synthetische Produkte, und entdecken Sie Ihre eigene Sch\u00f6nheit.","robots":{"index":"index","follow":"follow","max-snippet":"max-snippet:-1","max-image-preview":"max-image-preview:large","max-video-preview":"max-video-preview:-1"},"canonical":"https:\/\/dutchhealthstore.com\/de\/product\/renegade-beauty\/","og_locale":"de_DE","og_type":"article","og_title":"Renegade Beauty: Reveal and Revive Your Natural Radiance - Beauty Secrets, Solutions, and Preparations - Dutch Health Store","og_description":"\u00dcberdenken Sie die konventionellen Vorstellungen von Sch\u00f6nheit und Wellness, verzichten Sie auf aufwendige Programme und synthetische Produkte, und entdecken Sie Ihre eigene Sch\u00f6nheit.","og_url":"https:\/\/dutchhealthstore.com\/de\/product\/renegade-beauty\/","og_site_name":"Dutch Health Store","article_publisher":"https:\/\/www.instagram.com\/dutchhealthstore\/","article_modified_time":"2024-09-13T08:10:18+00:00","og_image":[{"width":648,"height":648,"url":"https:\/\/dutchhealthstore.com\/wp-content\/uploads\/2018\/02\/Renegade_Beauty_Nadine_Artemis.jpg","type":"image\/jpeg"}],"twitter_card":"summary_large_image","twitter_misc":{"Preis":"&euro;33,00","Verf\u00fcgbarkeit":"Auf Lager"},"schema":{"@context":"https:\/\/schema.org","@graph":[{"@type":"WebPage","@id":"https:\/\/dutchhealthstore.com\/de\/product\/renegade-beauty\/","url":"https:\/\/dutchhealthstore.com\/de\/product\/renegade-beauty\/","name":"Renegade Beauty | Nadine Artemis | Living Libations","isPartOf":{"@id":"https:\/\/dutchhealthstore.com\/de\/#website"},"primaryImageOfPage":{"@id":"https:\/\/dutchhealthstore.com\/de\/product\/renegade-beauty\/#primaryimage"},"image":{"@id":"https:\/\/dutchhealthstore.com\/de\/product\/renegade-beauty\/#primaryimage"},"thumbnailUrl":"https:\/\/dutchhealthstore.com\/wp-content\/uploads\/2018\/02\/Renegade_Beauty_Nadine_Artemis.jpg","datePublished":"2018-02-10T21:32:25+00:00","dateModified":"2024-09-13T08:10:18+00:00","description":"\u00dcberdenken Sie die konventionellen Vorstellungen von Sch\u00f6nheit und Wellness, verzichten Sie auf aufwendige Programme und synthetische Produkte, und entdecken Sie Ihre eigene Sch\u00f6nheit.","breadcrumb":{"@id":"https:\/\/dutchhealthstore.com\/de\/product\/renegade-beauty\/#breadcrumb"},"inLanguage":"de","potentialAction":[{"@type":"ReadAction","target":["https:\/\/dutchhealthstore.com\/de\/product\/renegade-beauty\/"]}]},{"@type":"ImageObject","inLanguage":"de","@id":"https:\/\/dutchhealthstore.com\/de\/product\/renegade-beauty\/#primaryimage","url":"https:\/\/dutchhealthstore.com\/wp-content\/uploads\/2018\/02\/Renegade_Beauty_Nadine_Artemis.jpg","contentUrl":"https:\/\/dutchhealthstore.com\/wp-content\/uploads\/2018\/02\/Renegade_Beauty_Nadine_Artemis.jpg","width":648,"height":648,"caption":"Renegade Beauty - Nadine Artemis | Living Libations"},{"@type":"BreadcrumbList","@id":"https:\/\/dutchhealthstore.com\/de\/product\/renegade-beauty\/#breadcrumb","itemListElement":[{"@type":"ListItem","position":1,"name":"Home","item":"https:\/\/dutchhealthstore.com\/de\/"},{"@type":"ListItem","position":2,"name":"Shop","item":"https:\/\/dutchhealthstore.com\/de\/shop-2\/"},{"@type":"ListItem","position":3,"name":"Renegade Beauty: Reveal and Revive Your Natural Radiance &#8211; Beauty Secrets, Solutions, and Preparations"}]},{"@type":"WebSite","@id":"https:\/\/dutchhealthstore.com\/de\/#website","url":"https:\/\/dutchhealthstore.com\/de\/","name":"Dutch Health Store","description":"Enhance Your Beauty with Organic &amp; Natural Skincare","publisher":{"@id":"https:\/\/dutchhealthstore.com\/de\/#organization"},"potentialAction":[{"@type":"SearchAction","target":{"@type":"EntryPoint","urlTemplate":"https:\/\/dutchhealthstore.com\/de\/?s={search_term_string}"},"query-input":{"@type":"PropertyValueSpecification","valueRequired":true,"valueName":"search_term_string"}}],"inLanguage":"de"},{"@type":"Organization","@id":"https:\/\/dutchhealthstore.com\/de\/#organization","name":"Dutch Health Store","url":"https:\/\/dutchhealthstore.com\/de\/","logo":{"@type":"ImageObject","inLanguage":"de","@id":"https:\/\/dutchhealthstore.com\/de\/#\/schema\/logo\/image\/","url":"https:\/\/dutchhealthstore.com\/wp-content\/uploads\/2020\/08\/logo-dutchhealthstore-jpg-e1599484957574.jpg","contentUrl":"https:\/\/dutchhealthstore.com\/wp-content\/uploads\/2020\/08\/logo-dutchhealthstore-jpg-e1599484957574.jpg","width":400,"height":62,"caption":"Dutch Health Store"},"image":{"@id":"https:\/\/dutchhealthstore.com\/de\/#\/schema\/logo\/image\/"},"sameAs":["https:\/\/www.instagram.com\/dutchhealthstore\/","https:\/\/www.facebook.com\/dutchhealthstore"]}]},"product_brand":"Living Libations","product_price_amount":"33.00","product_price_currency":"EUR","og_availability":"instock","product_availability":"instock","product_condition":"new"},"_links":{"self":[{"href":"https:\/\/dutchhealthstore.com\/de\/wp-json\/wp\/v2\/product\/121177","targetHints":{"allow":["GET"]}}],"collection":[{"href":"https:\/\/dutchhealthstore.com\/de\/wp-json\/wp\/v2\/product"}],"about":[{"href":"https:\/\/dutchhealthstore.com\/de\/wp-json\/wp\/v2\/types\/product"}],"replies":[{"embeddable":true,"href":"https:\/\/dutchhealthstore.com\/de\/wp-json\/wp\/v2\/comments?post=121177"}],"wp:featuredmedia":[{"embeddable":true,"href":"https:\/\/dutchhealthstore.com\/de\/wp-json\/wp\/v2\/media\/30550"}],"wp:attachment":[{"href":"https:\/\/dutchhealthstore.com\/de\/wp-json\/wp\/v2\/media?parent=121177"}],"wp:term":[{"taxonomy":"product_brand","embeddable":true,"href":"https:\/\/dutchhealthstore.com\/de\/wp-json\/wp\/v2\/product_brand?post=121177"},{"taxonomy":"product_cat","embeddable":true,"href":"https:\/\/dutchhealthstore.com\/de\/wp-json\/wp\/v2\/product_cat?post=121177"},{"taxonomy":"product_tag","embeddable":true,"href":"https:\/\/dutchhealthstore.com\/de\/wp-json\/wp\/v2\/product_tag?post=121177"}],"curies":[{"name":"wp","href":"https:\/\/api.w.org\/{rel}","templated":true}]}}