{"id":120551,"date":"2020-06-23T06:44:47","date_gmt":"2020-06-23T04:44:47","guid":{"rendered":"https:\/\/dutchhealthstore.com\/product\/mandarin-essential-oil\/"},"modified":"2025-11-23T13:05:14","modified_gmt":"2025-11-23T12:05:14","slug":"mandarin-essential-oil","status":"publish","type":"product","link":"https:\/\/dutchhealthstore.com\/de\/product\/mandarin-essential-oil\/","title":{"rendered":"Mandarin Essential Oil"},"content":{"rendered":"<p><img decoding=\"async\" class=\"size-full wp-image-69549 alignright\" src=\"https:\/\/dutchhealthstore.com\/wp-content\/uploads\/2019\/08\/NEW-Living-Libations-Logo.jpg\" alt=\"NEW - Living Libations - Logo\" width=\"175\" height=\"82\"><strong>Botanischer Name:<\/strong> Citrus reticulata<br \/>\n<strong>Botanische Familie:<\/strong> Rutaceae<br \/>\n<strong>Extraktionsverfahren:<\/strong> Kalt gepresst<br \/>\n<strong>Teil der Pflanze Destilliert:<\/strong> Schale<br \/>\n<strong>Herkunftsland:<\/strong> Italien<br \/>\n<strong>Anbaumethode:<\/strong> Bio<br \/>\n<strong>Zusammensetzung:<\/strong> 100% Citrus reticulata<br \/>\n<strong>Konsistenz:<\/strong> D\u00fcnne Viskosit\u00e4t<\/p>\n<h3>Beschreibung des Duftes<\/h3>\n<p>S\u00fc\u00dfe, zitrusartige Noten von scharfen Fr\u00fcchten mit bezaubernden Ankl\u00e4ngen an schwache blumige Essenzen.<\/p>\n<h3>Gut mischbar mit<\/h3>\n<p>Lavendel, Fichte, Ylang, Grapefruit, Blutorange, Weihrauch, Nelke und Zimt.<\/p>\n<h3>Verwendet<\/h3>\n<p>Genie\u00dfen Sie es in einem Aromatherapie-Diffusor oder einer Salzpfeife. Entspannende Mischungen f\u00fcr Bett und Bad. Perfekt f\u00fcr Parf\u00fcm- und K\u00f6rper\u00f6lmischungen. Kann helfen, das Erscheinungsbild von Dehnungsstreifen zu verbessern.<\/p>\n<a href=\"https:\/\/dutchhealthstore.com\/wp-content\/uploads\/2020\/06\/ANALYSIS-Mandarin-Essential-Oil-Living-Libations-2.pdf\" class=\"button primary is-primary is-small\"  >\n\t\t<span>ANALYSE DER \u00c4THERISCHEN \u00d6LE &gt;<\/span>\n\t<\/a>\n\n<p>Unser herrliches Mandarin Essential Oil ist ein s\u00fc\u00dfer italienischer Genuss mit tiefen Wurzeln im Fernen Osten. Urspr\u00fcnglich wurden diese saftigen Fr\u00fcchte seit dem 12. Jahrhundert in S\u00fcdchina angebaut und liefern ein \u00d6l, das aus der Schale mit einer scharfen Zitrusessenz hervorquillt.<\/p>\n<p>Im Gegensatz zur anregenden Wirkung der meisten Zitrus\u00f6le hat das Mandarin Essential Oil eine beruhigende Wirkung, die sich perfekt f\u00fcr die Zeit vor dem Schlafengehen eignet. In Frankreich ist es ein beliebter Balsam f\u00fcr unruhige Kinder, wenn sie schlafen. Die Mandarinenessenz kann auch verwendet werden, um Sorgen zu lindern und das Herz zu erfreuen.<\/p>\n<p>Dieses heitere \u00d6l kann das Erscheinungsbild vieler Hautzust\u00e4nde verbessern, einschlie\u00dflich Narben, feine Linien und schlaffe Haut. Das Mandarin Essential Oil ist ein wunderbares Tonikum und eignet sich besonders gut zur Reinigung von Haut mit Akne und zum Ausgleich von \u00fcberm\u00e4\u00dfigem Fett auf der Haut.<\/p>\n<p><strong>Gr\u00f6\u00dfe: 5 ml und 15 ml<\/strong><\/p>\n<h3>Organic Ingredients<\/h3>\n<p>100% \u00e4therisches Mandarinen\u00f6l (Citrus reticulata).<\/p>\n<p style=\"text-align: center;\"><em>&#8222;Die Sanftheit und S\u00fc\u00dfe des Geistes ist in den Armen dieses \u00d6ls versammelt&#8230; Mandarine kann immer dann eingeatmet werden, wenn wir den Drang versp\u00fcren, die Verbindung mit anderen Reichen herzustellen und die Musik der Sph\u00e4ren zu h\u00f6ren.&#8220;<\/em><br \/>\n~ Valerie Ann Worwood, <strong>Aromatherapy for the Soul<\/strong><\/p>\n<p style=\"text-align: center;\"><em>&#8222;Mandarinen\u00f6l ist eine gelblich-orangefarbene, mobile Fl\u00fcssigkeit mit einem blau-violetten Hauch, die einen intensiv s\u00fc\u00dfen, fast blumigen Zitrusduft hat. Es l\u00e4sst sich gut mit anderen Zitrus\u00f6len, insbesondere Neroli, und Gew\u00fcrz\u00f6len wie Muskatnuss, Zimt und Nelke kombinieren.&#8220;<\/em><br \/>\n~Julia Lawless, <strong>The Encyclopedia of Essential Oils<\/strong><\/p>\n<p style=\"text-align: center;\"><em>&#8222;Ich brachte Mandarinen und ger\u00f6stete Kastanien in Papiert\u00fcten ins Zimmer und sch\u00e4lte und a\u00df die kleinen mandarinen\u00e4hnlichen Orangen und warf ihre Schalen und Kerne ins Feuer, wenn ich sie a\u00df, und die ger\u00f6steten Kastanien, wenn ich hungrig war.&#8220;<\/em><br \/>\n~ Ernest Hemingway, <strong>A Moveable Feast<\/strong><\/p>\n<p><img fetchpriority=\"high\" decoding=\"async\" class=\"size-medium wp-image-68103 aligncenter\" src=\"https:\/\/dutchhealthstore.com\/wp-content\/uploads\/2018\/02\/Living-Libations-Organic-Logo-800x89.png\" alt=\"Living Libations - Organic Logo\" width=\"800\" height=\"89\" srcset=\"https:\/\/dutchhealthstore.com\/wp-content\/uploads\/2018\/02\/Living-Libations-Organic-Logo-800x89.png 800w, https:\/\/dutchhealthstore.com\/wp-content\/uploads\/2018\/02\/Living-Libations-Organic-Logo-510x57.png 510w, https:\/\/dutchhealthstore.com\/wp-content\/uploads\/2018\/02\/Living-Libations-Organic-Logo-768x85.png 768w, https:\/\/dutchhealthstore.com\/wp-content\/uploads\/2018\/02\/Living-Libations-Organic-Logo.png 1400w\" sizes=\"(max-width: 800px) 100vw, 800px\" \/><\/p>\n","protected":false},"excerpt":{"rendered":"<p>Wunderbares <strong>Mandarin Essential Oil<\/strong> ist ein italienischer Traum aus spritzigen Zitrusfr\u00fcchten, durchdrungen von den duftenden Bl\u00fcten der Mandarine. Mandarin Essential Oil wird aus der saftigen \u00e4u\u00dferen Schale der Mandarine kalt gepresst, einer s\u00fc\u00dfen Zitrusfrucht, die im fr\u00fchen neunzehnten Jahrhundert nach Europa gebracht wurde.<br \/>\nDieses \u00d6l hat eine gelb-orange Farbe und bietet einen komplexeren Duft mit einem Hauch von sonnigen Blumen.<\/p>\n","protected":false},"featured_media":70489,"comment_status":"open","ping_status":"closed","template":"","meta":[],"product_brand":[],"product_cat":[1508,1546,6737,1493,1210,6736],"product_tag":[1547],"class_list":{"0":"post-120551","1":"product","2":"type-product","3":"status-publish","4":"has-post-thumbnail","6":"product_cat-aetherische-oele-living-libations","7":"product_cat-essential-oils-living-libations-de","8":"product_cat-essential-oils-de-2","9":"product_cat-living-libations-deutschland","10":"product_cat-marken","11":"product_cat-wellness-de","12":"product_tag-essential-oil-de","13":"pa_brand-livinglibations-de","14":"pa_essential-oils-product-type-essential-oils-de","15":"pa_size-15-ml-de-2","16":"pa_size-5-ml-de","18":"first","19":"instock","20":"taxable","21":"shipping-taxable","22":"purchasable","23":"product-type-variable"},"bundled_by":[],"bundle_stock_status":"instock","bundle_stock_quantity":null,"bundle_virtual":false,"bundle_layout":"","bundle_add_to_cart_form_location":"","bundle_editable_in_cart":false,"bundle_sold_individually_context":"","bundle_item_grouping":"","bundle_min_size":"","bundle_max_size":"","bundle_price":[],"bundled_items":[],"bundle_sell_ids":[],"atum_controlled":true,"out_stock_date":null,"out_stock_threshold":null,"inheritable":true,"stock_on_hold":1,"sold_today":0,"sales_last_days":0,"out_stock_days":0,"lost_sales":0,"update_date":"2026-04-14T00:04:28","atum_locations":[],"atum_stock_status":"instock","restock_status":false,"low_stock_amount":"","sales_update_date":"2026-04-14T00:04:28","calc_backorders":null,"group_of_quantity":0,"min_quantity":0,"max_quantity":"","exclude_order_quantity_value_rules":"no","exclude_category_quantity_rules":"no","combine_variations":"no","yoast_head":"<!-- This site is optimized with the Yoast SEO Premium plugin v26.5 (Yoast SEO v26.5) - https:\/\/yoast.com\/wordpress\/plugins\/seo\/ -->\n<title>Mandarin Essential Oil | Living Libations<\/title>\n<meta name=\"description\" content=\"Wunderbares Mandarin Essential Oil ist ein italienischer Traum aus spritzigen Zitrusfr\u00fcchten, durchdrungen von den duftenden Bl\u00fcten der Mandarine.\" \/>\n<meta name=\"robots\" content=\"index, follow, max-snippet:-1, max-image-preview:large, max-video-preview:-1\" \/>\n<link rel=\"canonical\" href=\"https:\/\/dutchhealthstore.com\/de\/product\/mandarin-essential-oil\/\" \/>\n<meta property=\"og:locale\" content=\"de_DE\" \/>\n<meta property=\"og:type\" content=\"article\" \/>\n<meta property=\"og:title\" content=\"Mandarin Essential Oil - Dutch Health Store\" \/>\n<meta property=\"og:description\" content=\"Wunderbares Mandarin Essential Oil ist ein italienischer Traum aus spritzigen Zitrusfr\u00fcchten, durchdrungen von den duftenden Bl\u00fcten der Mandarine.\" \/>\n<meta property=\"og:url\" content=\"https:\/\/dutchhealthstore.com\/de\/product\/mandarin-essential-oil\/\" \/>\n<meta property=\"og:site_name\" content=\"Dutch Health Store\" \/>\n<meta property=\"article:publisher\" content=\"https:\/\/www.instagram.com\/dutchhealthstore\/\" \/>\n<meta property=\"article:modified_time\" content=\"2025-11-23T12:05:14+00:00\" \/>\n<meta property=\"og:image\" content=\"https:\/\/dutchhealthstore.com\/wp-content\/uploads\/2018\/02\/Mandarin-Essential-Oil-living-Libations-e1592894061598.jpg\" \/>\n\t<meta property=\"og:image:width\" content=\"500\" \/>\n\t<meta property=\"og:image:height\" content=\"498\" \/>\n\t<meta property=\"og:image:type\" content=\"image\/jpeg\" \/>\n<meta name=\"twitter:card\" content=\"summary_large_image\" \/>\n<meta name=\"twitter:label1\" content=\"Verf\u00fcgbarkeit\" \/>\n\t<meta name=\"twitter:data1\" content=\"Auf Lager\" \/>\n<script type=\"application\/ld+json\" class=\"yoast-schema-graph\">{\"@context\":\"https:\/\/schema.org\",\"@graph\":[{\"@type\":\"WebPage\",\"@id\":\"https:\/\/dutchhealthstore.com\/de\/product\/mandarin-essential-oil\/\",\"url\":\"https:\/\/dutchhealthstore.com\/de\/product\/mandarin-essential-oil\/\",\"name\":\"Mandarin Essential Oil | Living Libations\",\"isPartOf\":{\"@id\":\"https:\/\/dutchhealthstore.com\/de\/#website\"},\"primaryImageOfPage\":{\"@id\":\"https:\/\/dutchhealthstore.com\/de\/product\/mandarin-essential-oil\/#primaryimage\"},\"image\":{\"@id\":\"https:\/\/dutchhealthstore.com\/de\/product\/mandarin-essential-oil\/#primaryimage\"},\"thumbnailUrl\":\"https:\/\/dutchhealthstore.com\/wp-content\/uploads\/2018\/02\/Mandarin-Essential-Oil-living-Libations-e1592894061598.jpg\",\"datePublished\":\"2020-06-23T04:44:47+00:00\",\"dateModified\":\"2025-11-23T12:05:14+00:00\",\"description\":\"Wunderbares Mandarin Essential Oil ist ein italienischer Traum aus spritzigen Zitrusfr\u00fcchten, durchdrungen von den duftenden Bl\u00fcten der Mandarine.\",\"breadcrumb\":{\"@id\":\"https:\/\/dutchhealthstore.com\/de\/product\/mandarin-essential-oil\/#breadcrumb\"},\"inLanguage\":\"de\",\"potentialAction\":[{\"@type\":\"ReadAction\",\"target\":[\"https:\/\/dutchhealthstore.com\/de\/product\/mandarin-essential-oil\/\"]}]},{\"@type\":\"ImageObject\",\"inLanguage\":\"de\",\"@id\":\"https:\/\/dutchhealthstore.com\/de\/product\/mandarin-essential-oil\/#primaryimage\",\"url\":\"https:\/\/dutchhealthstore.com\/wp-content\/uploads\/2018\/02\/Mandarin-Essential-Oil-living-Libations-e1592894061598.jpg\",\"contentUrl\":\"https:\/\/dutchhealthstore.com\/wp-content\/uploads\/2018\/02\/Mandarin-Essential-Oil-living-Libations-e1592894061598.jpg\",\"width\":500,\"height\":498,\"caption\":\"Mandarin Essential Oil - living Libations\"},{\"@type\":\"BreadcrumbList\",\"@id\":\"https:\/\/dutchhealthstore.com\/de\/product\/mandarin-essential-oil\/#breadcrumb\",\"itemListElement\":[{\"@type\":\"ListItem\",\"position\":1,\"name\":\"Home\",\"item\":\"https:\/\/dutchhealthstore.com\/de\/\"},{\"@type\":\"ListItem\",\"position\":2,\"name\":\"Shop\",\"item\":\"https:\/\/dutchhealthstore.com\/de\/shop-2\/\"},{\"@type\":\"ListItem\",\"position\":3,\"name\":\"Mandarin Essential Oil\"}]},{\"@type\":\"WebSite\",\"@id\":\"https:\/\/dutchhealthstore.com\/de\/#website\",\"url\":\"https:\/\/dutchhealthstore.com\/de\/\",\"name\":\"Dutch Health Store\",\"description\":\"Enhance Your Beauty with Organic &amp; Natural Skincare\",\"publisher\":{\"@id\":\"https:\/\/dutchhealthstore.com\/de\/#organization\"},\"potentialAction\":[{\"@type\":\"SearchAction\",\"target\":{\"@type\":\"EntryPoint\",\"urlTemplate\":\"https:\/\/dutchhealthstore.com\/de\/?s={search_term_string}\"},\"query-input\":{\"@type\":\"PropertyValueSpecification\",\"valueRequired\":true,\"valueName\":\"search_term_string\"}}],\"inLanguage\":\"de\"},{\"@type\":\"Organization\",\"@id\":\"https:\/\/dutchhealthstore.com\/de\/#organization\",\"name\":\"Dutch Health Store\",\"url\":\"https:\/\/dutchhealthstore.com\/de\/\",\"logo\":{\"@type\":\"ImageObject\",\"inLanguage\":\"de\",\"@id\":\"https:\/\/dutchhealthstore.com\/de\/#\/schema\/logo\/image\/\",\"url\":\"https:\/\/dutchhealthstore.com\/wp-content\/uploads\/2020\/08\/logo-dutchhealthstore-jpg-e1599484957574.jpg\",\"contentUrl\":\"https:\/\/dutchhealthstore.com\/wp-content\/uploads\/2020\/08\/logo-dutchhealthstore-jpg-e1599484957574.jpg\",\"width\":400,\"height\":62,\"caption\":\"Dutch Health Store\"},\"image\":{\"@id\":\"https:\/\/dutchhealthstore.com\/de\/#\/schema\/logo\/image\/\"},\"sameAs\":[\"https:\/\/www.instagram.com\/dutchhealthstore\/\",\"https:\/\/www.facebook.com\/dutchhealthstore\"]}]}<\/script>\n<meta property=\"product:brand\" content=\"Living Libations\" \/>\n<meta property=\"og:availability\" content=\"instock\" \/>\n<meta property=\"product:availability\" content=\"instock\" \/>\n<meta property=\"product:condition\" content=\"new\" \/>\n<!-- \/ Yoast SEO Premium plugin. -->","yoast_head_json":{"title":"Mandarin Essential Oil | Living Libations","description":"Wunderbares Mandarin Essential Oil ist ein italienischer Traum aus spritzigen Zitrusfr\u00fcchten, durchdrungen von den duftenden Bl\u00fcten der Mandarine.","robots":{"index":"index","follow":"follow","max-snippet":"max-snippet:-1","max-image-preview":"max-image-preview:large","max-video-preview":"max-video-preview:-1"},"canonical":"https:\/\/dutchhealthstore.com\/de\/product\/mandarin-essential-oil\/","og_locale":"de_DE","og_type":"article","og_title":"Mandarin Essential Oil - Dutch Health Store","og_description":"Wunderbares Mandarin Essential Oil ist ein italienischer Traum aus spritzigen Zitrusfr\u00fcchten, durchdrungen von den duftenden Bl\u00fcten der Mandarine.","og_url":"https:\/\/dutchhealthstore.com\/de\/product\/mandarin-essential-oil\/","og_site_name":"Dutch Health Store","article_publisher":"https:\/\/www.instagram.com\/dutchhealthstore\/","article_modified_time":"2025-11-23T12:05:14+00:00","og_image":[{"width":500,"height":498,"url":"https:\/\/dutchhealthstore.com\/wp-content\/uploads\/2018\/02\/Mandarin-Essential-Oil-living-Libations-e1592894061598.jpg","type":"image\/jpeg"}],"twitter_card":"summary_large_image","twitter_misc":{"Verf\u00fcgbarkeit":"Auf Lager"},"schema":{"@context":"https:\/\/schema.org","@graph":[{"@type":"WebPage","@id":"https:\/\/dutchhealthstore.com\/de\/product\/mandarin-essential-oil\/","url":"https:\/\/dutchhealthstore.com\/de\/product\/mandarin-essential-oil\/","name":"Mandarin Essential Oil | Living Libations","isPartOf":{"@id":"https:\/\/dutchhealthstore.com\/de\/#website"},"primaryImageOfPage":{"@id":"https:\/\/dutchhealthstore.com\/de\/product\/mandarin-essential-oil\/#primaryimage"},"image":{"@id":"https:\/\/dutchhealthstore.com\/de\/product\/mandarin-essential-oil\/#primaryimage"},"thumbnailUrl":"https:\/\/dutchhealthstore.com\/wp-content\/uploads\/2018\/02\/Mandarin-Essential-Oil-living-Libations-e1592894061598.jpg","datePublished":"2020-06-23T04:44:47+00:00","dateModified":"2025-11-23T12:05:14+00:00","description":"Wunderbares Mandarin Essential Oil ist ein italienischer Traum aus spritzigen Zitrusfr\u00fcchten, durchdrungen von den duftenden Bl\u00fcten der Mandarine.","breadcrumb":{"@id":"https:\/\/dutchhealthstore.com\/de\/product\/mandarin-essential-oil\/#breadcrumb"},"inLanguage":"de","potentialAction":[{"@type":"ReadAction","target":["https:\/\/dutchhealthstore.com\/de\/product\/mandarin-essential-oil\/"]}]},{"@type":"ImageObject","inLanguage":"de","@id":"https:\/\/dutchhealthstore.com\/de\/product\/mandarin-essential-oil\/#primaryimage","url":"https:\/\/dutchhealthstore.com\/wp-content\/uploads\/2018\/02\/Mandarin-Essential-Oil-living-Libations-e1592894061598.jpg","contentUrl":"https:\/\/dutchhealthstore.com\/wp-content\/uploads\/2018\/02\/Mandarin-Essential-Oil-living-Libations-e1592894061598.jpg","width":500,"height":498,"caption":"Mandarin Essential Oil - living Libations"},{"@type":"BreadcrumbList","@id":"https:\/\/dutchhealthstore.com\/de\/product\/mandarin-essential-oil\/#breadcrumb","itemListElement":[{"@type":"ListItem","position":1,"name":"Home","item":"https:\/\/dutchhealthstore.com\/de\/"},{"@type":"ListItem","position":2,"name":"Shop","item":"https:\/\/dutchhealthstore.com\/de\/shop-2\/"},{"@type":"ListItem","position":3,"name":"Mandarin Essential Oil"}]},{"@type":"WebSite","@id":"https:\/\/dutchhealthstore.com\/de\/#website","url":"https:\/\/dutchhealthstore.com\/de\/","name":"Dutch Health Store","description":"Enhance Your Beauty with Organic &amp; Natural Skincare","publisher":{"@id":"https:\/\/dutchhealthstore.com\/de\/#organization"},"potentialAction":[{"@type":"SearchAction","target":{"@type":"EntryPoint","urlTemplate":"https:\/\/dutchhealthstore.com\/de\/?s={search_term_string}"},"query-input":{"@type":"PropertyValueSpecification","valueRequired":true,"valueName":"search_term_string"}}],"inLanguage":"de"},{"@type":"Organization","@id":"https:\/\/dutchhealthstore.com\/de\/#organization","name":"Dutch Health Store","url":"https:\/\/dutchhealthstore.com\/de\/","logo":{"@type":"ImageObject","inLanguage":"de","@id":"https:\/\/dutchhealthstore.com\/de\/#\/schema\/logo\/image\/","url":"https:\/\/dutchhealthstore.com\/wp-content\/uploads\/2020\/08\/logo-dutchhealthstore-jpg-e1599484957574.jpg","contentUrl":"https:\/\/dutchhealthstore.com\/wp-content\/uploads\/2020\/08\/logo-dutchhealthstore-jpg-e1599484957574.jpg","width":400,"height":62,"caption":"Dutch Health Store"},"image":{"@id":"https:\/\/dutchhealthstore.com\/de\/#\/schema\/logo\/image\/"},"sameAs":["https:\/\/www.instagram.com\/dutchhealthstore\/","https:\/\/www.facebook.com\/dutchhealthstore"]}]},"product_brand":"Living Libations","og_availability":"instock","product_availability":"instock","product_condition":"new"},"_links":{"self":[{"href":"https:\/\/dutchhealthstore.com\/de\/wp-json\/wp\/v2\/product\/120551","targetHints":{"allow":["GET"]}}],"collection":[{"href":"https:\/\/dutchhealthstore.com\/de\/wp-json\/wp\/v2\/product"}],"about":[{"href":"https:\/\/dutchhealthstore.com\/de\/wp-json\/wp\/v2\/types\/product"}],"replies":[{"embeddable":true,"href":"https:\/\/dutchhealthstore.com\/de\/wp-json\/wp\/v2\/comments?post=120551"}],"wp:featuredmedia":[{"embeddable":true,"href":"https:\/\/dutchhealthstore.com\/de\/wp-json\/wp\/v2\/media\/70489"}],"wp:attachment":[{"href":"https:\/\/dutchhealthstore.com\/de\/wp-json\/wp\/v2\/media?parent=120551"}],"wp:term":[{"taxonomy":"product_brand","embeddable":true,"href":"https:\/\/dutchhealthstore.com\/de\/wp-json\/wp\/v2\/product_brand?post=120551"},{"taxonomy":"product_cat","embeddable":true,"href":"https:\/\/dutchhealthstore.com\/de\/wp-json\/wp\/v2\/product_cat?post=120551"},{"taxonomy":"product_tag","embeddable":true,"href":"https:\/\/dutchhealthstore.com\/de\/wp-json\/wp\/v2\/product_tag?post=120551"}],"curies":[{"name":"wp","href":"https:\/\/api.w.org\/{rel}","templated":true}]}}